{"id":11333,"date":"2023-12-11T13:38:49","date_gmt":"2023-12-11T13:38:49","guid":{"rendered":"https:\/\/cedt.hu\/?page_id=11333\/"},"modified":"2025-04-07T12:58:56","modified_gmt":"2025-04-07T12:58:56","slug":"beyond-front","status":"publish","type":"page","link":"https:\/\/cedthu.rwpstaging.site\/de\/beyond-front\/","title":{"rendered":"BEYOND FRONT@ \u2013 BRIDGING PERIPHERY"},"content":{"rendered":"<div data-elementor-type=\"wp-post\" data-elementor-id=\"11333\" class=\"elementor elementor-11333\" data-elementor-post-type=\"page\">\n\t\t\t\t\t\t<section class=\"elementor-section elementor-top-section elementor-element elementor-element-5c7a38d0 elementor-section-height-min-height elementor-section-items-stretch elementor-section-boxed elementor-section-height-default\" data-id=\"5c7a38d0\" data-element_type=\"section\" data-settings=\"{&quot;background_background&quot;:&quot;classic&quot;}\">\n\t\t\t\t\t\t\t<div class=\"elementor-background-overlay\"><\/div>\n\t\t\t\t\t\t\t<div class=\"elementor-container elementor-column-gap-default\">\n\t\t\t\t\t<div class=\"elementor-column elementor-col-100 elementor-top-column elementor-element elementor-element-5a911ce8\" data-id=\"5a911ce8\" data-element_type=\"column\">\n\t\t\t<div class=\"elementor-widget-wrap elementor-element-populated\">\n\t\t\t\t\t\t<div class=\"elementor-element elementor-element-5514a959 elementor-widget elementor-widget-heading\" data-id=\"5514a959\" data-element_type=\"widget\" data-widget_type=\"heading.default\">\n\t\t\t\t<div class=\"elementor-widget-container\">\n\t\t\t\t\t<h2 class=\"elementor-heading-title elementor-size-default\">Jenseits von Front@<\/h2>\t\t\t\t<\/div>\n\t\t\t\t<\/div>\n\t\t\t\t<div class=\"elementor-element elementor-element-2dfa81df elementor-widget elementor-widget-spacer\" data-id=\"2dfa81df\" data-element_type=\"widget\" data-widget_type=\"spacer.default\">\n\t\t\t\t<div class=\"elementor-widget-container\">\n\t\t\t\t\t\t\t<div class=\"elementor-spacer\">\n\t\t\t<div class=\"elementor-spacer-inner\"><\/div>\n\t\t<\/div>\n\t\t\t\t\t\t<\/div>\n\t\t\t\t<\/div>\n\t\t\t\t\t<\/div>\n\t\t<\/div>\n\t\t\t\t\t<\/div>\n\t\t<\/section>\n\t\t\t\t<section class=\"elementor-section elementor-top-section elementor-element elementor-element-6caa18ee elementor-section-height-min-height elementor-section-items-stretch elementor-reverse-tablet elementor-reverse-mobile elementor-section-boxed elementor-section-height-default\" data-id=\"6caa18ee\" data-element_type=\"section\">\n\t\t\t\t\t\t<div class=\"elementor-container elementor-column-gap-default\">\n\t\t\t\t\t<div class=\"elementor-column elementor-col-50 elementor-top-column elementor-element elementor-element-68ee3596\" data-id=\"68ee3596\" data-element_type=\"column\" data-settings=\"{&quot;background_background&quot;:&quot;classic&quot;}\">\n\t\t\t<div class=\"elementor-widget-wrap elementor-element-populated\">\n\t\t\t\t\t\t<div class=\"elementor-element elementor-element-12ba1644 animated-slow elementor-invisible elementor-widget elementor-widget-image\" data-id=\"12ba1644\" data-element_type=\"widget\" data-settings=\"{&quot;_animation&quot;:&quot;rollIn&quot;}\" data-widget_type=\"image.default\">\n\t\t\t\t<div class=\"elementor-widget-container\">\n\t\t\t\t\t\t\t\t\t\t\t\t\t\t\t<img fetchpriority=\"high\" decoding=\"async\" width=\"1281\" height=\"1281\" src=\"https:\/\/cedthu.rwpstaging.site\/wp-content\/uploads\/2025\/01\/BF.png\" class=\"attachment-full size-full wp-image-14671\" alt=\"\" srcset=\"https:\/\/cedthu.rwpstaging.site\/wp-content\/uploads\/2025\/01\/BF.png 1281w, https:\/\/cedthu.rwpstaging.site\/wp-content\/uploads\/2025\/01\/BF-300x300.png 300w, https:\/\/cedthu.rwpstaging.site\/wp-content\/uploads\/2025\/01\/BF-1024x1024.png 1024w, https:\/\/cedthu.rwpstaging.site\/wp-content\/uploads\/2025\/01\/BF-150x150.png 150w, https:\/\/cedthu.rwpstaging.site\/wp-content\/uploads\/2025\/01\/BF-768x768.png 768w, https:\/\/cedthu.rwpstaging.site\/wp-content\/uploads\/2025\/01\/BF-400x400.png 400w, https:\/\/cedthu.rwpstaging.site\/wp-content\/uploads\/2025\/01\/BF-20x20.png 20w\" sizes=\"(max-width: 1281px) 100vw, 1281px\" \/>\t\t\t\t\t\t\t\t\t\t\t\t\t\t\t<\/div>\n\t\t\t\t<\/div>\n\t\t\t\t\t<\/div>\n\t\t<\/div>\n\t\t\t\t<div class=\"elementor-column elementor-col-50 elementor-top-column elementor-element elementor-element-a0079d1\" data-id=\"a0079d1\" data-element_type=\"column\">\n\t\t\t<div class=\"elementor-widget-wrap elementor-element-populated\">\n\t\t\t\t\t\t<div class=\"elementor-element elementor-element-740270c2 elementor-widget elementor-widget-heading\" data-id=\"740270c2\" data-element_type=\"widget\" data-widget_type=\"heading.default\">\n\t\t\t\t<div class=\"elementor-widget-container\">\n\t\t\t\t\t<h5 class=\"elementor-heading-title elementor-size-default\">\u00dcber das Projekt Bridging Periphery <\/h5>\t\t\t\t<\/div>\n\t\t\t\t<\/div>\n\t\t\t\t<div class=\"elementor-element elementor-element-124c60d4 elementor-widget elementor-widget-text-editor\" data-id=\"124c60d4\" data-element_type=\"widget\" data-widget_type=\"text-editor.default\">\n\t\t\t\t<div class=\"elementor-widget-container\">\n\t\t\t\t\t\t\t\t\t<p><span style=\"font-weight: 400;\">Die Verankerung des zeitgen\u00f6ssischen Tanzes in der mitteleurop\u00e4ischen Region ist unzureichend. Seine Sichtbarkeit ist gering, sein Publikum ist begrenzt und seine soziale Wirkung ist trotz seiner wichtigen Aufgabe marginal. Daher ist es von entscheidender Bedeutung, relevante Instrumente zur Unterst\u00fctzung der im Bereich des zeitgen\u00f6ssischen Tanzes T\u00e4tigen zu schaffen und leichter zug\u00e4nglich zu machen. Um die Nachhaltigkeit des Genres zu gew\u00e4hrleisten, m\u00fcssen die K\u00fcnstler nicht nur in Bezug auf Konzept und Form, sondern auch \u00fcber M\u00e4rkte und Grenzen hinweg Grenzen \u00fcberschreiten.\u00a0<\/span><\/p><p><span style=\"font-weight: 400;\">Beyond Front@: Bridging Periphery (2023-2026) ist ein Gemeinschaftsprojekt, das vom Kulturprogramm Kreatives Europa kofinanziert wird. Das Projekt zielt darauf ab, die zeitgen\u00f6ssische Tanzszene in der mitteleurop\u00e4ischen Region zu st\u00e4rken, indem es Tanzakteure - K\u00fcnstler, Manager, Festivals und Institutionen - miteinander verbindet und unterst\u00fctzt.\u00a0<\/span><\/p><p><span style=\"font-weight: 400;\">Aufbauend auf den Ergebnissen und der Praxis fr\u00fcherer Projekte konzentriert sich die neue Ausgabe von Beyond Front@ auf die Randlage von Tanzakteuren in mitteleurop\u00e4ischen L\u00e4ndern und deckt ein breiteres Partnerschaftsnetzwerk ab. Das dreij\u00e4hrige Projekt bringt sechs Partnerl\u00e4nder (Schweden, Polen, Rum\u00e4nien, Kroatien, Slowenien und Ungarn) zusammen, die sich alle f\u00fcr die Unterst\u00fctzung der lokalen Entwicklung des zeitgen\u00f6ssischen Tanzes einsetzen und entschlossen sind, Hindernisse in ihrem eigenen Umfeld durch eine verst\u00e4rkte gegenseitige Zusammenarbeit zu \u00fcberwinden. Die drei Hauptaktionsbereiche des Projekts Beyond Front@: Bridging Periphery sind Kooperationsstrategien, Kapazit\u00e4tsaufbau und die Entwicklung einer nachhaltigen Kulturproduktion in der Region. Die Hauptpriorit\u00e4ten des Projekts sind die F\u00f6rderung der Ausbildung, die St\u00e4rkung von Synergien und die Verbesserung der regionalen Sichtbarkeit.\u00a0<\/span><\/p>\t\t\t\t\t\t\t\t<\/div>\n\t\t\t\t<\/div>\n\t\t\t\t<div class=\"elementor-element elementor-element-7e9a1641 elementor-mobile-align-center elementor-align-center elementor-widget elementor-widget-button\" data-id=\"7e9a1641\" data-element_type=\"widget\" data-widget_type=\"button.default\">\n\t\t\t\t<div class=\"elementor-widget-container\">\n\t\t\t\t\t\t\t\t\t<div class=\"elementor-button-wrapper\">\n\t\t\t\t\t<a class=\"elementor-button elementor-button-link elementor-size-sm elementor-animation-shrink\" href=\"https:\/\/bridgingperiphery.eu\/\" target=\"_blank\">\n\t\t\t\t\t\t<span class=\"elementor-button-content-wrapper\">\n\t\t\t\t\t\t\t\t\t<span class=\"elementor-button-text\">Website des Projekts Beyond Front@: Bridging Periphery<\/span>\n\t\t\t\t\t<\/span>\n\t\t\t\t\t<\/a>\n\t\t\t\t<\/div>\n\t\t\t\t\t\t\t\t<\/div>\n\t\t\t\t<\/div>\n\t\t\t\t<div class=\"elementor-element elementor-element-680beaf elementor-widget elementor-widget-text-editor\" data-id=\"680beaf\" data-element_type=\"widget\" data-widget_type=\"text-editor.default\">\n\t\t\t\t<div class=\"elementor-widget-container\">\n\t\t\t\t\t\t\t\t\t<p><i><span style=\"font-weight: 400;\">Kofinanziert von der Europ\u00e4ischen Union. Die hierin ge\u00e4u\u00dferten Meinungen und Erkl\u00e4rungen sind die des Autors\/der Autoren und spiegeln nicht unbedingt die offizielle Position der Europ\u00e4ischen Union oder der Europ\u00e4ischen Agentur f\u00fcr Bildung und Kultur (EACEA) wider. Weder die Europ\u00e4ische Union noch die EACEA k\u00f6nnen f\u00fcr sie verantwortlich gemacht werden.<\/span><\/i><\/p>\t\t\t\t\t\t\t\t<\/div>\n\t\t\t\t<\/div>\n\t\t\t\t\t<\/div>\n\t\t<\/div>\n\t\t\t\t\t<\/div>\n\t\t<\/section>\n\t\t\t\t<\/div>","protected":false},"excerpt":{"rendered":"<p>Beyond Front@ Bridging Periphery projektr\u0151l A kort\u00e1rs t\u00e1nc be\u00e1gyazotts\u00e1ga a k\u00f6z\u00e9p-eur\u00f3pai r\u00e9gi\u00f3ban nem megfelel\u0151. L\u00e1that\u00f3s\u00e1ga alacsony, csak korl\u00e1tozott k\u00f6z\u00f6ns\u00e9get \u00e9r el, \u00edgy t\u00e1rsadalmi hat\u00e1sa is margin\u00e1lis, pedig fontos k\u00fcldet\u00e9st t\u00f6lt be. Ez\u00e9rt elengedhetetlen olyan relev\u00e1ns eszk\u00f6z\u00f6k l\u00e9trehoz\u00e1sa \u00e9s hozz\u00e1f\u00e9rhet\u0151bb\u00e9 t\u00e9tele, amelyek t\u00e1mogatj\u00e1k a kort\u00e1rs t\u00e1nc ter\u00fclet\u00e9n tev\u00e9kenyked\u0151ket. A m\u0171faj fenntarthat\u00f3s\u00e1g\u00e1nak biztos\u00edt\u00e1sa \u00e9rdek\u00e9ben a m\u0171v\u00e9szeknek nemcsak [&hellip;]<\/p>","protected":false},"author":7,"featured_media":0,"parent":0,"menu_order":0,"comment_status":"closed","ping_status":"closed","template":"elementor_header_footer","meta":{"footnotes":""},"class_list":["post-11333","page","type-page","status-publish","hentry"],"yoast_head":"<!-- This site is optimized with the Yoast SEO plugin v26.0 - https:\/\/yoast.com\/wordpress\/plugins\/seo\/ -->\n<title>BEYOND FRONT@ \u2013 BRIDGING PERIPHERY - KET<\/title>\n<meta name=\"robots\" content=\"index, follow, max-snippet:-1, max-image-preview:large, max-video-preview:-1\" \/>\n<link rel=\"canonical\" href=\"https:\/\/cedthu.rwpstaging.site\/de\/beyond-front\/\" \/>\n<meta name=\"twitter:card\" content=\"summary_large_image\" \/>\n<meta name=\"twitter:title\" content=\"BEYOND FRONT@ \u2013 BRIDGING PERIPHERY - KET\" \/>\n<meta name=\"twitter:description\" content=\"Beyond Front@ Bridging Periphery projektr\u0151l A kort\u00e1rs t\u00e1nc be\u00e1gyazotts\u00e1ga a k\u00f6z\u00e9p-eur\u00f3pai r\u00e9gi\u00f3ban nem megfelel\u0151. L\u00e1that\u00f3s\u00e1ga alacsony, csak korl\u00e1tozott k\u00f6z\u00f6ns\u00e9get \u00e9r el, \u00edgy t\u00e1rsadalmi hat\u00e1sa is margin\u00e1lis, pedig fontos k\u00fcldet\u00e9st t\u00f6lt be. Ez\u00e9rt elengedhetetlen olyan relev\u00e1ns eszk\u00f6z\u00f6k l\u00e9trehoz\u00e1sa \u00e9s hozz\u00e1f\u00e9rhet\u0151bb\u00e9 t\u00e9tele, amelyek t\u00e1mogatj\u00e1k a kort\u00e1rs t\u00e1nc ter\u00fclet\u00e9n tev\u00e9kenyked\u0151ket. A m\u0171faj fenntarthat\u00f3s\u00e1g\u00e1nak biztos\u00edt\u00e1sa \u00e9rdek\u00e9ben a m\u0171v\u00e9szeknek nemcsak [&hellip;]\" \/>\n<meta name=\"twitter:image\" content=\"https:\/\/cedthu.rwpstaging.site\/wp-content\/uploads\/2025\/01\/BF.png\" \/>\n<meta name=\"twitter:label1\" content=\"Gesch\u00e4tzte Lesezeit\" \/>\n\t<meta name=\"twitter:data1\" content=\"2\u00a0Minuten\" \/>\n<script type=\"application\/ld+json\" class=\"yoast-schema-graph\">{\"@context\":\"https:\/\/schema.org\",\"@graph\":[{\"@type\":\"WebPage\",\"@id\":\"https:\/\/cedthu.rwpstaging.site\/beyond-front\/\",\"url\":\"https:\/\/cedthu.rwpstaging.site\/beyond-front\/\",\"name\":\"BEYOND FRONT@ \u2013 BRIDGING PERIPHERY - KET\",\"isPartOf\":{\"@id\":\"https:\/\/cedthu.rwpstaging.site\/#website\"},\"primaryImageOfPage\":{\"@id\":\"https:\/\/cedthu.rwpstaging.site\/beyond-front\/#primaryimage\"},\"image\":{\"@id\":\"https:\/\/cedthu.rwpstaging.site\/beyond-front\/#primaryimage\"},\"thumbnailUrl\":\"https:\/\/cedthu.rwpstaging.site\/wp-content\/uploads\/2025\/01\/BF.png\",\"datePublished\":\"2023-12-11T13:38:49+00:00\",\"dateModified\":\"2025-04-07T12:58:56+00:00\",\"breadcrumb\":{\"@id\":\"https:\/\/cedthu.rwpstaging.site\/beyond-front\/#breadcrumb\"},\"inLanguage\":\"de\",\"potentialAction\":[{\"@type\":\"ReadAction\",\"target\":[\"https:\/\/cedthu.rwpstaging.site\/beyond-front\/\"]}]},{\"@type\":\"ImageObject\",\"inLanguage\":\"de\",\"@id\":\"https:\/\/cedthu.rwpstaging.site\/beyond-front\/#primaryimage\",\"url\":\"https:\/\/cedthu.rwpstaging.site\/wp-content\/uploads\/2025\/01\/BF.png\",\"contentUrl\":\"https:\/\/cedthu.rwpstaging.site\/wp-content\/uploads\/2025\/01\/BF.png\"},{\"@type\":\"BreadcrumbList\",\"@id\":\"https:\/\/cedthu.rwpstaging.site\/beyond-front\/#breadcrumb\",\"itemListElement\":[{\"@type\":\"ListItem\",\"position\":1,\"name\":\"Home\",\"item\":\"https:\/\/cedthu.rwpstaging.site\/\"},{\"@type\":\"ListItem\",\"position\":2,\"name\":\"BEYOND FRONT@ \u2013 BRIDGING PERIPHERY\"}]},{\"@type\":\"WebSite\",\"@id\":\"https:\/\/cedthu.rwpstaging.site\/#website\",\"url\":\"https:\/\/cedthu.rwpstaging.site\/\",\"name\":\"KET\",\"description\":\"K\u00f6z\u00e9p-Eur\u00f3pa T\u00e1ncsz\u00ednh\u00e1z\",\"publisher\":{\"@id\":\"https:\/\/cedthu.rwpstaging.site\/#organization\"},\"potentialAction\":[{\"@type\":\"SearchAction\",\"target\":{\"@type\":\"EntryPoint\",\"urlTemplate\":\"https:\/\/cedthu.rwpstaging.site\/?s={search_term_string}\"},\"query-input\":{\"@type\":\"PropertyValueSpecification\",\"valueRequired\":true,\"valueName\":\"search_term_string\"}}],\"inLanguage\":\"de\"},{\"@type\":\"Organization\",\"@id\":\"https:\/\/cedthu.rwpstaging.site\/#organization\",\"name\":\"KET\",\"url\":\"https:\/\/cedthu.rwpstaging.site\/\",\"logo\":{\"@type\":\"ImageObject\",\"inLanguage\":\"de\",\"@id\":\"https:\/\/cedthu.rwpstaging.site\/#\/schema\/logo\/image\/\",\"url\":\"https:\/\/cedthu.rwpstaging.site\/wp-content\/uploads\/2024\/03\/cropped-KET-NYomda-logo2.png\",\"contentUrl\":\"https:\/\/cedthu.rwpstaging.site\/wp-content\/uploads\/2024\/03\/cropped-KET-NYomda-logo2.png\",\"width\":300,\"height\":326,\"caption\":\"KET\"},\"image\":{\"@id\":\"https:\/\/cedthu.rwpstaging.site\/#\/schema\/logo\/image\/\"}}]}<\/script>\n<!-- \/ Yoast SEO plugin. -->","yoast_head_json":{"title":"BEYOND FRONT@ \u2013 BRIDGING PERIPHERY - KET","robots":{"index":"index","follow":"follow","max-snippet":"max-snippet:-1","max-image-preview":"max-image-preview:large","max-video-preview":"max-video-preview:-1"},"canonical":"https:\/\/cedthu.rwpstaging.site\/de\/beyond-front\/","twitter_card":"summary_large_image","twitter_title":"BEYOND FRONT@ \u2013 BRIDGING PERIPHERY - KET","twitter_description":"Beyond Front@ Bridging Periphery projektr\u0151l A kort\u00e1rs t\u00e1nc be\u00e1gyazotts\u00e1ga a k\u00f6z\u00e9p-eur\u00f3pai r\u00e9gi\u00f3ban nem megfelel\u0151. L\u00e1that\u00f3s\u00e1ga alacsony, csak korl\u00e1tozott k\u00f6z\u00f6ns\u00e9get \u00e9r el, \u00edgy t\u00e1rsadalmi hat\u00e1sa is margin\u00e1lis, pedig fontos k\u00fcldet\u00e9st t\u00f6lt be. Ez\u00e9rt elengedhetetlen olyan relev\u00e1ns eszk\u00f6z\u00f6k l\u00e9trehoz\u00e1sa \u00e9s hozz\u00e1f\u00e9rhet\u0151bb\u00e9 t\u00e9tele, amelyek t\u00e1mogatj\u00e1k a kort\u00e1rs t\u00e1nc ter\u00fclet\u00e9n tev\u00e9kenyked\u0151ket. A m\u0171faj fenntarthat\u00f3s\u00e1g\u00e1nak biztos\u00edt\u00e1sa \u00e9rdek\u00e9ben a m\u0171v\u00e9szeknek nemcsak [&hellip;]","twitter_image":"https:\/\/cedthu.rwpstaging.site\/wp-content\/uploads\/2025\/01\/BF.png","twitter_misc":{"Gesch\u00e4tzte Lesezeit":"2\u00a0Minuten"},"schema":{"@context":"https:\/\/schema.org","@graph":[{"@type":"WebPage","@id":"https:\/\/cedthu.rwpstaging.site\/beyond-front\/","url":"https:\/\/cedthu.rwpstaging.site\/beyond-front\/","name":"BEYOND FRONT@ \u2013 BRIDGING PERIPHERY - KET","isPartOf":{"@id":"https:\/\/cedthu.rwpstaging.site\/#website"},"primaryImageOfPage":{"@id":"https:\/\/cedthu.rwpstaging.site\/beyond-front\/#primaryimage"},"image":{"@id":"https:\/\/cedthu.rwpstaging.site\/beyond-front\/#primaryimage"},"thumbnailUrl":"https:\/\/cedthu.rwpstaging.site\/wp-content\/uploads\/2025\/01\/BF.png","datePublished":"2023-12-11T13:38:49+00:00","dateModified":"2025-04-07T12:58:56+00:00","breadcrumb":{"@id":"https:\/\/cedthu.rwpstaging.site\/beyond-front\/#breadcrumb"},"inLanguage":"de","potentialAction":[{"@type":"ReadAction","target":["https:\/\/cedthu.rwpstaging.site\/beyond-front\/"]}]},{"@type":"ImageObject","inLanguage":"de","@id":"https:\/\/cedthu.rwpstaging.site\/beyond-front\/#primaryimage","url":"https:\/\/cedthu.rwpstaging.site\/wp-content\/uploads\/2025\/01\/BF.png","contentUrl":"https:\/\/cedthu.rwpstaging.site\/wp-content\/uploads\/2025\/01\/BF.png"},{"@type":"BreadcrumbList","@id":"https:\/\/cedthu.rwpstaging.site\/beyond-front\/#breadcrumb","itemListElement":[{"@type":"ListItem","position":1,"name":"Home","item":"https:\/\/cedthu.rwpstaging.site\/"},{"@type":"ListItem","position":2,"name":"BEYOND FRONT@ \u2013 BRIDGING PERIPHERY"}]},{"@type":"WebSite","@id":"https:\/\/cedthu.rwpstaging.site\/#website","url":"https:\/\/cedthu.rwpstaging.site\/","name":"KET","description":"Tanztheater Mitteleuropa","publisher":{"@id":"https:\/\/cedthu.rwpstaging.site\/#organization"},"potentialAction":[{"@type":"SearchAction","target":{"@type":"EntryPoint","urlTemplate":"https:\/\/cedthu.rwpstaging.site\/?s={search_term_string}"},"query-input":{"@type":"PropertyValueSpecification","valueRequired":true,"valueName":"search_term_string"}}],"inLanguage":"de"},{"@type":"Organization","@id":"https:\/\/cedthu.rwpstaging.site\/#organization","name":"KET","url":"https:\/\/cedthu.rwpstaging.site\/","logo":{"@type":"ImageObject","inLanguage":"de","@id":"https:\/\/cedthu.rwpstaging.site\/#\/schema\/logo\/image\/","url":"https:\/\/cedthu.rwpstaging.site\/wp-content\/uploads\/2024\/03\/cropped-KET-NYomda-logo2.png","contentUrl":"https:\/\/cedthu.rwpstaging.site\/wp-content\/uploads\/2024\/03\/cropped-KET-NYomda-logo2.png","width":300,"height":326,"caption":"KET"},"image":{"@id":"https:\/\/cedthu.rwpstaging.site\/#\/schema\/logo\/image\/"}}]}},"_links":{"self":[{"href":"https:\/\/cedthu.rwpstaging.site\/de\/wp-json\/wp\/v2\/pages\/11333","targetHints":{"allow":["GET"]}}],"collection":[{"href":"https:\/\/cedthu.rwpstaging.site\/de\/wp-json\/wp\/v2\/pages"}],"about":[{"href":"https:\/\/cedthu.rwpstaging.site\/de\/wp-json\/wp\/v2\/types\/page"}],"author":[{"embeddable":true,"href":"https:\/\/cedthu.rwpstaging.site\/de\/wp-json\/wp\/v2\/users\/7"}],"replies":[{"embeddable":true,"href":"https:\/\/cedthu.rwpstaging.site\/de\/wp-json\/wp\/v2\/comments?post=11333"}],"version-history":[{"count":5,"href":"https:\/\/cedthu.rwpstaging.site\/de\/wp-json\/wp\/v2\/pages\/11333\/revisions"}],"predecessor-version":[{"id":16444,"href":"https:\/\/cedthu.rwpstaging.site\/de\/wp-json\/wp\/v2\/pages\/11333\/revisions\/16444"}],"wp:attachment":[{"href":"https:\/\/cedthu.rwpstaging.site\/de\/wp-json\/wp\/v2\/media?parent=11333"}],"curies":[{"name":"wp","href":"https:\/\/api.w.org\/{rel}","templated":true}]}}