{"id":15866,"date":"2025-03-30T13:50:53","date_gmt":"2025-03-30T13:50:53","guid":{"rendered":"https:\/\/cedthu.rwpstaging.site\/?page_id=15866"},"modified":"2025-04-07T12:58:03","modified_gmt":"2025-04-07T12:58:03","slug":"leap","status":"publish","type":"page","link":"https:\/\/cedthu.rwpstaging.site\/de\/leap\/","title":{"rendered":"LEAP"},"content":{"rendered":"<div data-elementor-type=\"wp-page\" data-elementor-id=\"15866\" class=\"elementor elementor-15866\" data-elementor-post-type=\"page\">\n\t\t\t\t\t\t<section class=\"elementor-section elementor-top-section elementor-element elementor-element-85b4346 elementor-section-height-min-height elementor-section-items-stretch elementor-section-boxed elementor-section-height-default\" data-id=\"85b4346\" data-element_type=\"section\" data-settings=\"{&quot;background_background&quot;:&quot;classic&quot;}\">\n\t\t\t\t\t\t\t<div class=\"elementor-background-overlay\"><\/div>\n\t\t\t\t\t\t\t<div class=\"elementor-container elementor-column-gap-default\">\n\t\t\t\t\t<div class=\"elementor-column elementor-col-100 elementor-top-column elementor-element elementor-element-e5621f6\" data-id=\"e5621f6\" data-element_type=\"column\">\n\t\t\t<div class=\"elementor-widget-wrap elementor-element-populated\">\n\t\t\t\t\t\t<div class=\"elementor-element elementor-element-dbd6cb7 elementor-widget elementor-widget-heading\" data-id=\"dbd6cb7\" data-element_type=\"widget\" data-widget_type=\"heading.default\">\n\t\t\t\t<div class=\"elementor-widget-container\">\n\t\t\t\t\t<h2 class=\"elementor-heading-title elementor-size-default\">LEAP<\/h2>\t\t\t\t<\/div>\n\t\t\t\t<\/div>\n\t\t\t\t<div class=\"elementor-element elementor-element-655316b elementor-widget elementor-widget-spacer\" data-id=\"655316b\" data-element_type=\"widget\" data-widget_type=\"spacer.default\">\n\t\t\t\t<div class=\"elementor-widget-container\">\n\t\t\t\t\t\t\t<div class=\"elementor-spacer\">\n\t\t\t<div class=\"elementor-spacer-inner\"><\/div>\n\t\t<\/div>\n\t\t\t\t\t\t<\/div>\n\t\t\t\t<\/div>\n\t\t\t\t\t<\/div>\n\t\t<\/div>\n\t\t\t\t\t<\/div>\n\t\t<\/section>\n\t\t\t\t<section class=\"elementor-section elementor-top-section elementor-element elementor-element-bd07d34 elementor-section-height-min-height elementor-section-items-stretch elementor-reverse-tablet elementor-reverse-mobile elementor-section-boxed elementor-section-height-default\" data-id=\"bd07d34\" data-element_type=\"section\">\n\t\t\t\t\t\t<div class=\"elementor-container elementor-column-gap-default\">\n\t\t\t\t\t<div class=\"elementor-column elementor-col-50 elementor-top-column elementor-element elementor-element-8e0d141\" data-id=\"8e0d141\" data-element_type=\"column\" data-settings=\"{&quot;background_background&quot;:&quot;classic&quot;}\">\n\t\t\t<div class=\"elementor-widget-wrap elementor-element-populated\">\n\t\t\t\t\t\t<div class=\"elementor-element elementor-element-9760d34 animated-slow elementor-invisible elementor-widget elementor-widget-image\" data-id=\"9760d34\" data-element_type=\"widget\" data-settings=\"{&quot;_animation&quot;:&quot;rollIn&quot;}\" data-widget_type=\"image.default\">\n\t\t\t\t<div class=\"elementor-widget-container\">\n\t\t\t\t\t\t\t\t\t\t\t\t\t\t\t<img fetchpriority=\"high\" decoding=\"async\" width=\"2000\" height=\"1414\" src=\"https:\/\/cedthu.rwpstaging.site\/wp-content\/uploads\/2024\/09\/LEAP-kep.png\" class=\"attachment-full size-full wp-image-13115\" alt=\"\" srcset=\"https:\/\/cedthu.rwpstaging.site\/wp-content\/uploads\/2024\/09\/LEAP-kep.png 2000w, https:\/\/cedthu.rwpstaging.site\/wp-content\/uploads\/2024\/09\/LEAP-kep-300x212.png 300w, https:\/\/cedthu.rwpstaging.site\/wp-content\/uploads\/2024\/09\/LEAP-kep-1024x724.png 1024w, https:\/\/cedthu.rwpstaging.site\/wp-content\/uploads\/2024\/09\/LEAP-kep-768x543.png 768w, https:\/\/cedthu.rwpstaging.site\/wp-content\/uploads\/2024\/09\/LEAP-kep-1536x1086.png 1536w, https:\/\/cedthu.rwpstaging.site\/wp-content\/uploads\/2024\/09\/LEAP-kep-400x283.png 400w\" sizes=\"(max-width: 2000px) 100vw, 2000px\" \/>\t\t\t\t\t\t\t\t\t\t\t\t\t\t\t<\/div>\n\t\t\t\t<\/div>\n\t\t\t\t\t<\/div>\n\t\t<\/div>\n\t\t\t\t<div class=\"elementor-column elementor-col-50 elementor-top-column elementor-element elementor-element-2dfff46\" data-id=\"2dfff46\" data-element_type=\"column\">\n\t\t\t<div class=\"elementor-widget-wrap elementor-element-populated\">\n\t\t\t\t\t\t<div class=\"elementor-element elementor-element-64a72fb elementor-widget elementor-widget-heading\" data-id=\"64a72fb\" data-element_type=\"widget\" data-widget_type=\"heading.default\">\n\t\t\t\t<div class=\"elementor-widget-container\">\n\t\t\t\t\t<h5 class=\"elementor-heading-title elementor-size-default\">LEAP (Lernen, ausdr\u00fccken, erreichen, leisten)<\/h5>\t\t\t\t<\/div>\n\t\t\t\t<\/div>\n\t\t\t\t<div class=\"elementor-element elementor-element-3e6fa8e elementor-widget elementor-widget-text-editor\" data-id=\"3e6fa8e\" data-element_type=\"widget\" data-widget_type=\"text-editor.default\">\n\t\t\t\t<div class=\"elementor-widget-container\">\n\t\t\t\t\t\t\t\t\t<p><span style=\"font-weight: 400;\">Wir sind nicht nur im Sommer verf\u00fcgbar, sondern auch w\u00e4hrend der Saison!<\/span><\/p><p><span style=\"font-weight: 400;\">Die K\u00fcnstlerinnen und K\u00fcnstler des Unternehmens wollen mit viel Unterrichtserfahrung und echtem Engagement zur F\u00f6rderung von Bewegung und K\u00f6rperbewusstsein als Kunst und Training zur St\u00e4rkung der psychischen Gesundheit beitragen. LEAP bietet ein breites Spektrum an Bewegungs-, K\u00f6rper- und Geistestrainingstechniken. Die Entwicklung ist f\u00fcr jeden zug\u00e4nglich, vom Laien bis zum Profi, unabh\u00e4ngig von Herkunft und Alter.  F\u00fcr wen ist es geeignet?<\/span><\/p><p><span style=\"font-weight: 400;\">F\u00fcr Unternehmen und kleine Gemeinden als Teambildungsprogramm<\/span><\/p><p><span style=\"font-weight: 400;\">Warum?<\/span><\/p>\t\t\t\t\t\t\t\t<\/div>\n\t\t\t\t<\/div>\n\t\t\t\t<div class=\"elementor-element elementor-element-c310bd8 elementor-icon-list--layout-traditional elementor-list-item-link-full_width elementor-widget elementor-widget-icon-list\" data-id=\"c310bd8\" data-element_type=\"widget\" data-widget_type=\"icon-list.default\">\n\t\t\t\t<div class=\"elementor-widget-container\">\n\t\t\t\t\t\t\t<ul class=\"elementor-icon-list-items\">\n\t\t\t\t\t\t\t<li class=\"elementor-icon-list-item\">\n\t\t\t\t\t\t\t\t\t\t\t<span class=\"elementor-icon-list-icon\">\n\t\t\t\t\t\t\t\t\t\t\t\t\t\t\t\t<i class=\"fa fa-check\" aria-hidden=\"true\"><\/i>\n\t\t\t\t\t\t\t\t\t\t\t\t\t<\/span>\n\t\t\t\t\t\t\t\t\t\t<span class=\"elementor-icon-list-text\">F\u00fcr Lehrer (wir legen besonderen Wert darauf, Lehrern einfache \u00dcbungen zur Verf\u00fcgung zu stellen, die im Unterricht eingesetzt werden k\u00f6nnen)<\/span>\n\t\t\t\t\t\t\t\t\t<\/li>\n\t\t\t\t\t\t\t\t<li class=\"elementor-icon-list-item\">\n\t\t\t\t\t\t\t\t\t\t\t<span class=\"elementor-icon-list-icon\">\n\t\t\t\t\t\t\t\t\t\t\t\t\t\t\t\t<i class=\"fa fa-times\" aria-hidden=\"true\"><\/i>\n\t\t\t\t\t\t\t\t\t\t\t\t\t<\/span>\n\t\t\t\t\t\t\t\t\t\t<span class=\"elementor-icon-list-text\">F\u00fcr Klassen als Bewegungskurs und K\u00f6rperbewusstseinssitzung<\/span>\n\t\t\t\t\t\t\t\t\t<\/li>\n\t\t\t\t\t\t\t\t<li class=\"elementor-icon-list-item\">\n\t\t\t\t\t\t\t\t\t\t\t<span class=\"elementor-icon-list-icon\">\n\t\t\t\t\t\t\t\t\t\t\t\t\t\t\t\t<i class=\"fa fa-dot-circle-o\" aria-hidden=\"true\"><\/i>\n\t\t\t\t\t\t\t\t\t\t\t\t\t<\/span>\n\t\t\t\t\t\t\t\t\t\t<span class=\"elementor-icon-list-text\">F\u00fcr \u00e4ltere Menschen, die ihre Beziehung zu ihrem K\u00f6rper auf aktive, aber sichere Weise leben wollen<\/span>\n\t\t\t\t\t\t\t\t\t<\/li>\n\t\t\t\t\t\t\t\t<li class=\"elementor-icon-list-item\">\n\t\t\t\t\t\t\t\t\t\t\t<span class=\"elementor-icon-list-icon\">\n\t\t\t\t\t\t\t\t\t\t\t\t\t\t\t\t<i class=\"fa fa-check\" aria-hidden=\"true\"><\/i>\n\t\t\t\t\t\t\t\t\t\t\t\t\t<\/span>\n\t\t\t\t\t\t\t\t\t\t<span class=\"elementor-icon-list-text\">F\u00fcr Tanzschulen, junge Menschen, die sich f\u00fcr Tanz interessieren<\/span>\n\t\t\t\t\t\t\t\t\t<\/li>\n\t\t\t\t\t\t<\/ul>\n\t\t\t\t\t\t<\/div>\n\t\t\t\t<\/div>\n\t\t\t\t\t<\/div>\n\t\t<\/div>\n\t\t\t\t\t<\/div>\n\t\t<\/section>\n\t\t\t\t<\/div>","protected":false},"excerpt":{"rendered":"<p>LEAP LEAP (Learn, Express, Achieve, Perform) vagyis Tanulj, fejezd ki, \u00e9rj el, teljes\u00edts Nem csak ny\u00e1ron, de \u00e9vadunk k\u00f6zben is el\u00e9rhet\u0151ek vagyunk!\u00a0\u00a0\u200b A t\u00e1rsulat m\u0171v\u00e9szei gazdag \u00f3raad\u00f3i tapasztalatokkal \u00e9s val\u00f3di odaad\u00e1ssal k\u00edv\u00e1nnak r\u00e9szt v\u00e1llalni a mozg\u00e1s \u00e9s testudat, mint m\u0171v\u00e9szet \u00e9s a ment\u00e1lhigi\u00e9n\u00e9t er\u0151s\u00edt\u0151 k\u00e9pz\u00e9s n\u00e9pszer\u0171s\u00edt\u00e9s\u00e9ben. A LEAP keret\u00e9ben sz\u00e9les spektrum\u00e1t k\u00edn\u00e1lj\u00e1k a mozg\u00e1s, test- [&hellip;]<\/p>","protected":false},"author":12,"featured_media":0,"parent":0,"menu_order":0,"comment_status":"closed","ping_status":"closed","template":"elementor_header_footer","meta":{"footnotes":""},"class_list":["post-15866","page","type-page","status-publish","hentry"],"yoast_head":"<!-- This site is optimized with the Yoast SEO plugin v26.0 - https:\/\/yoast.com\/wordpress\/plugins\/seo\/ -->\n<title>LEAP - KET<\/title>\n<meta name=\"robots\" content=\"index, follow, max-snippet:-1, max-image-preview:large, max-video-preview:-1\" \/>\n<link rel=\"canonical\" href=\"https:\/\/cedthu.rwpstaging.site\/de\/leap\/\" \/>\n<meta name=\"twitter:card\" content=\"summary_large_image\" \/>\n<meta name=\"twitter:title\" content=\"LEAP - KET\" \/>\n<meta name=\"twitter:description\" content=\"LEAP LEAP (Learn, Express, Achieve, Perform) vagyis Tanulj, fejezd ki, \u00e9rj el, teljes\u00edts Nem csak ny\u00e1ron, de \u00e9vadunk k\u00f6zben is el\u00e9rhet\u0151ek vagyunk!\u00a0\u00a0\u200b A t\u00e1rsulat m\u0171v\u00e9szei gazdag \u00f3raad\u00f3i tapasztalatokkal \u00e9s val\u00f3di odaad\u00e1ssal k\u00edv\u00e1nnak r\u00e9szt v\u00e1llalni a mozg\u00e1s \u00e9s testudat, mint m\u0171v\u00e9szet \u00e9s a ment\u00e1lhigi\u00e9n\u00e9t er\u0151s\u00edt\u0151 k\u00e9pz\u00e9s n\u00e9pszer\u0171s\u00edt\u00e9s\u00e9ben. A LEAP keret\u00e9ben sz\u00e9les spektrum\u00e1t k\u00edn\u00e1lj\u00e1k a mozg\u00e1s, test- [&hellip;]\" \/>\n<meta name=\"twitter:image\" content=\"https:\/\/cedthu.rwpstaging.site\/wp-content\/uploads\/2024\/09\/LEAP-kep.png\" \/>\n<meta name=\"twitter:label1\" content=\"Gesch\u00e4tzte Lesezeit\" \/>\n\t<meta name=\"twitter:data1\" content=\"1\u00a0Minute\" \/>\n<script type=\"application\/ld+json\" class=\"yoast-schema-graph\">{\"@context\":\"https:\/\/schema.org\",\"@graph\":[{\"@type\":\"WebPage\",\"@id\":\"https:\/\/cedthu.rwpstaging.site\/leap\/\",\"url\":\"https:\/\/cedthu.rwpstaging.site\/leap\/\",\"name\":\"LEAP - KET\",\"isPartOf\":{\"@id\":\"https:\/\/cedthu.rwpstaging.site\/#website\"},\"primaryImageOfPage\":{\"@id\":\"https:\/\/cedthu.rwpstaging.site\/leap\/#primaryimage\"},\"image\":{\"@id\":\"https:\/\/cedthu.rwpstaging.site\/leap\/#primaryimage\"},\"thumbnailUrl\":\"https:\/\/cedthu.rwpstaging.site\/wp-content\/uploads\/2024\/09\/LEAP-kep.png\",\"datePublished\":\"2025-03-30T13:50:53+00:00\",\"dateModified\":\"2025-04-07T12:58:03+00:00\",\"breadcrumb\":{\"@id\":\"https:\/\/cedthu.rwpstaging.site\/leap\/#breadcrumb\"},\"inLanguage\":\"de\",\"potentialAction\":[{\"@type\":\"ReadAction\",\"target\":[\"https:\/\/cedthu.rwpstaging.site\/leap\/\"]}]},{\"@type\":\"ImageObject\",\"inLanguage\":\"de\",\"@id\":\"https:\/\/cedthu.rwpstaging.site\/leap\/#primaryimage\",\"url\":\"https:\/\/cedthu.rwpstaging.site\/wp-content\/uploads\/2024\/09\/LEAP-kep.png\",\"contentUrl\":\"https:\/\/cedthu.rwpstaging.site\/wp-content\/uploads\/2024\/09\/LEAP-kep.png\"},{\"@type\":\"BreadcrumbList\",\"@id\":\"https:\/\/cedthu.rwpstaging.site\/leap\/#breadcrumb\",\"itemListElement\":[{\"@type\":\"ListItem\",\"position\":1,\"name\":\"Home\",\"item\":\"https:\/\/cedthu.rwpstaging.site\/\"},{\"@type\":\"ListItem\",\"position\":2,\"name\":\"LEAP\"}]},{\"@type\":\"WebSite\",\"@id\":\"https:\/\/cedthu.rwpstaging.site\/#website\",\"url\":\"https:\/\/cedthu.rwpstaging.site\/\",\"name\":\"KET\",\"description\":\"K\u00f6z\u00e9p-Eur\u00f3pa T\u00e1ncsz\u00ednh\u00e1z\",\"publisher\":{\"@id\":\"https:\/\/cedthu.rwpstaging.site\/#organization\"},\"potentialAction\":[{\"@type\":\"SearchAction\",\"target\":{\"@type\":\"EntryPoint\",\"urlTemplate\":\"https:\/\/cedthu.rwpstaging.site\/?s={search_term_string}\"},\"query-input\":{\"@type\":\"PropertyValueSpecification\",\"valueRequired\":true,\"valueName\":\"search_term_string\"}}],\"inLanguage\":\"de\"},{\"@type\":\"Organization\",\"@id\":\"https:\/\/cedthu.rwpstaging.site\/#organization\",\"name\":\"KET\",\"url\":\"https:\/\/cedthu.rwpstaging.site\/\",\"logo\":{\"@type\":\"ImageObject\",\"inLanguage\":\"de\",\"@id\":\"https:\/\/cedthu.rwpstaging.site\/#\/schema\/logo\/image\/\",\"url\":\"https:\/\/cedthu.rwpstaging.site\/wp-content\/uploads\/2024\/03\/cropped-KET-NYomda-logo2.png\",\"contentUrl\":\"https:\/\/cedthu.rwpstaging.site\/wp-content\/uploads\/2024\/03\/cropped-KET-NYomda-logo2.png\",\"width\":300,\"height\":326,\"caption\":\"KET\"},\"image\":{\"@id\":\"https:\/\/cedthu.rwpstaging.site\/#\/schema\/logo\/image\/\"}}]}<\/script>\n<!-- \/ Yoast SEO plugin. -->","yoast_head_json":{"title":"LEAP - KET","robots":{"index":"index","follow":"follow","max-snippet":"max-snippet:-1","max-image-preview":"max-image-preview:large","max-video-preview":"max-video-preview:-1"},"canonical":"https:\/\/cedthu.rwpstaging.site\/de\/leap\/","twitter_card":"summary_large_image","twitter_title":"LEAP - KET","twitter_description":"LEAP LEAP (Learn, Express, Achieve, Perform) vagyis Tanulj, fejezd ki, \u00e9rj el, teljes\u00edts Nem csak ny\u00e1ron, de \u00e9vadunk k\u00f6zben is el\u00e9rhet\u0151ek vagyunk!\u00a0\u00a0\u200b A t\u00e1rsulat m\u0171v\u00e9szei gazdag \u00f3raad\u00f3i tapasztalatokkal \u00e9s val\u00f3di odaad\u00e1ssal k\u00edv\u00e1nnak r\u00e9szt v\u00e1llalni a mozg\u00e1s \u00e9s testudat, mint m\u0171v\u00e9szet \u00e9s a ment\u00e1lhigi\u00e9n\u00e9t er\u0151s\u00edt\u0151 k\u00e9pz\u00e9s n\u00e9pszer\u0171s\u00edt\u00e9s\u00e9ben. A LEAP keret\u00e9ben sz\u00e9les spektrum\u00e1t k\u00edn\u00e1lj\u00e1k a mozg\u00e1s, test- [&hellip;]","twitter_image":"https:\/\/cedthu.rwpstaging.site\/wp-content\/uploads\/2024\/09\/LEAP-kep.png","twitter_misc":{"Gesch\u00e4tzte Lesezeit":"1\u00a0Minute"},"schema":{"@context":"https:\/\/schema.org","@graph":[{"@type":"WebPage","@id":"https:\/\/cedthu.rwpstaging.site\/leap\/","url":"https:\/\/cedthu.rwpstaging.site\/leap\/","name":"LEAP - KET","isPartOf":{"@id":"https:\/\/cedthu.rwpstaging.site\/#website"},"primaryImageOfPage":{"@id":"https:\/\/cedthu.rwpstaging.site\/leap\/#primaryimage"},"image":{"@id":"https:\/\/cedthu.rwpstaging.site\/leap\/#primaryimage"},"thumbnailUrl":"https:\/\/cedthu.rwpstaging.site\/wp-content\/uploads\/2024\/09\/LEAP-kep.png","datePublished":"2025-03-30T13:50:53+00:00","dateModified":"2025-04-07T12:58:03+00:00","breadcrumb":{"@id":"https:\/\/cedthu.rwpstaging.site\/leap\/#breadcrumb"},"inLanguage":"de","potentialAction":[{"@type":"ReadAction","target":["https:\/\/cedthu.rwpstaging.site\/leap\/"]}]},{"@type":"ImageObject","inLanguage":"de","@id":"https:\/\/cedthu.rwpstaging.site\/leap\/#primaryimage","url":"https:\/\/cedthu.rwpstaging.site\/wp-content\/uploads\/2024\/09\/LEAP-kep.png","contentUrl":"https:\/\/cedthu.rwpstaging.site\/wp-content\/uploads\/2024\/09\/LEAP-kep.png"},{"@type":"BreadcrumbList","@id":"https:\/\/cedthu.rwpstaging.site\/leap\/#breadcrumb","itemListElement":[{"@type":"ListItem","position":1,"name":"Home","item":"https:\/\/cedthu.rwpstaging.site\/"},{"@type":"ListItem","position":2,"name":"LEAP"}]},{"@type":"WebSite","@id":"https:\/\/cedthu.rwpstaging.site\/#website","url":"https:\/\/cedthu.rwpstaging.site\/","name":"KET","description":"Tanztheater Mitteleuropa","publisher":{"@id":"https:\/\/cedthu.rwpstaging.site\/#organization"},"potentialAction":[{"@type":"SearchAction","target":{"@type":"EntryPoint","urlTemplate":"https:\/\/cedthu.rwpstaging.site\/?s={search_term_string}"},"query-input":{"@type":"PropertyValueSpecification","valueRequired":true,"valueName":"search_term_string"}}],"inLanguage":"de"},{"@type":"Organization","@id":"https:\/\/cedthu.rwpstaging.site\/#organization","name":"KET","url":"https:\/\/cedthu.rwpstaging.site\/","logo":{"@type":"ImageObject","inLanguage":"de","@id":"https:\/\/cedthu.rwpstaging.site\/#\/schema\/logo\/image\/","url":"https:\/\/cedthu.rwpstaging.site\/wp-content\/uploads\/2024\/03\/cropped-KET-NYomda-logo2.png","contentUrl":"https:\/\/cedthu.rwpstaging.site\/wp-content\/uploads\/2024\/03\/cropped-KET-NYomda-logo2.png","width":300,"height":326,"caption":"KET"},"image":{"@id":"https:\/\/cedthu.rwpstaging.site\/#\/schema\/logo\/image\/"}}]}},"_links":{"self":[{"href":"https:\/\/cedthu.rwpstaging.site\/de\/wp-json\/wp\/v2\/pages\/15866","targetHints":{"allow":["GET"]}}],"collection":[{"href":"https:\/\/cedthu.rwpstaging.site\/de\/wp-json\/wp\/v2\/pages"}],"about":[{"href":"https:\/\/cedthu.rwpstaging.site\/de\/wp-json\/wp\/v2\/types\/page"}],"author":[{"embeddable":true,"href":"https:\/\/cedthu.rwpstaging.site\/de\/wp-json\/wp\/v2\/users\/12"}],"replies":[{"embeddable":true,"href":"https:\/\/cedthu.rwpstaging.site\/de\/wp-json\/wp\/v2\/comments?post=15866"}],"version-history":[{"count":5,"href":"https:\/\/cedthu.rwpstaging.site\/de\/wp-json\/wp\/v2\/pages\/15866\/revisions"}],"predecessor-version":[{"id":16438,"href":"https:\/\/cedthu.rwpstaging.site\/de\/wp-json\/wp\/v2\/pages\/15866\/revisions\/16438"}],"wp:attachment":[{"href":"https:\/\/cedthu.rwpstaging.site\/de\/wp-json\/wp\/v2\/media?parent=15866"}],"curies":[{"name":"wp","href":"https:\/\/api.w.org\/{rel}","templated":true}]}}