{"id":16409,"date":"2025-04-07T12:55:26","date_gmt":"2025-04-07T12:55:26","guid":{"rendered":"https:\/\/cedthu.rwpstaging.site\/?page_id=16409"},"modified":"2025-04-07T12:58:26","modified_gmt":"2025-04-07T12:58:26","slug":"sot7","status":"publish","type":"page","link":"https:\/\/cedthu.rwpstaging.site\/de\/sot7\/","title":{"rendered":"S\u0150T7"},"content":{"rendered":"<div data-elementor-type=\"wp-page\" data-elementor-id=\"16409\" class=\"elementor elementor-16409\" data-elementor-post-type=\"page\">\n\t\t\t\t\t\t<section class=\"elementor-section elementor-top-section elementor-element elementor-element-bef0043 elementor-section-height-min-height elementor-section-items-stretch elementor-section-boxed elementor-section-height-default\" data-id=\"bef0043\" data-element_type=\"section\" data-settings=\"{&quot;background_background&quot;:&quot;classic&quot;}\">\n\t\t\t\t\t\t\t<div class=\"elementor-background-overlay\"><\/div>\n\t\t\t\t\t\t\t<div class=\"elementor-container elementor-column-gap-default\">\n\t\t\t\t\t<div class=\"elementor-column elementor-col-100 elementor-top-column elementor-element elementor-element-883982d\" data-id=\"883982d\" data-element_type=\"column\">\n\t\t\t<div class=\"elementor-widget-wrap elementor-element-populated\">\n\t\t\t\t\t\t<div class=\"elementor-element elementor-element-7c35e49 elementor-widget elementor-widget-heading\" data-id=\"7c35e49\" data-element_type=\"widget\" data-widget_type=\"heading.default\">\n\t\t\t\t<div class=\"elementor-widget-container\">\n\t\t\t\t\t<h2 class=\"elementor-heading-title elementor-size-default\">S\u0150T7<\/h2>\t\t\t\t<\/div>\n\t\t\t\t<\/div>\n\t\t\t\t<div class=\"elementor-element elementor-element-9af8c0d elementor-widget elementor-widget-spacer\" data-id=\"9af8c0d\" data-element_type=\"widget\" data-widget_type=\"spacer.default\">\n\t\t\t\t<div class=\"elementor-widget-container\">\n\t\t\t\t\t\t\t<div class=\"elementor-spacer\">\n\t\t\t<div class=\"elementor-spacer-inner\"><\/div>\n\t\t<\/div>\n\t\t\t\t\t\t<\/div>\n\t\t\t\t<\/div>\n\t\t\t\t\t<\/div>\n\t\t<\/div>\n\t\t\t\t\t<\/div>\n\t\t<\/section>\n\t\t\t\t<section class=\"elementor-section elementor-top-section elementor-element elementor-element-ed5a0b8 elementor-section-height-min-height elementor-section-items-stretch elementor-reverse-tablet elementor-reverse-mobile elementor-section-boxed elementor-section-height-default\" data-id=\"ed5a0b8\" data-element_type=\"section\">\n\t\t\t\t\t\t<div class=\"elementor-container elementor-column-gap-default\">\n\t\t\t\t\t<div class=\"elementor-column elementor-col-50 elementor-top-column elementor-element elementor-element-5b55500\" data-id=\"5b55500\" data-element_type=\"column\" data-settings=\"{&quot;background_background&quot;:&quot;classic&quot;}\">\n\t\t\t<div class=\"elementor-widget-wrap elementor-element-populated\">\n\t\t\t\t\t\t<div class=\"elementor-element elementor-element-322b650 animated-slow elementor-invisible elementor-widget elementor-widget-image\" data-id=\"322b650\" data-element_type=\"widget\" data-settings=\"{&quot;_animation&quot;:&quot;rollIn&quot;}\" data-widget_type=\"image.default\">\n\t\t\t\t<div class=\"elementor-widget-container\">\n\t\t\t\t\t\t\t\t\t\t\t\t\t\t\t<img fetchpriority=\"high\" decoding=\"async\" width=\"720\" height=\"1280\" src=\"https:\/\/cedthu.rwpstaging.site\/wp-content\/uploads\/2023\/08\/S\u0150T7-DCL-9_16.png\" class=\"attachment-full size-full wp-image-10915\" alt=\"\" srcset=\"https:\/\/cedthu.rwpstaging.site\/wp-content\/uploads\/2023\/08\/S\u0150T7-DCL-9_16.png 720w, https:\/\/cedthu.rwpstaging.site\/wp-content\/uploads\/2023\/08\/S\u0150T7-DCL-9_16-169x300.png 169w, https:\/\/cedthu.rwpstaging.site\/wp-content\/uploads\/2023\/08\/S\u0150T7-DCL-9_16-576x1024.png 576w, https:\/\/cedthu.rwpstaging.site\/wp-content\/uploads\/2023\/08\/S\u0150T7-DCL-9_16-225x400.png 225w, https:\/\/cedthu.rwpstaging.site\/wp-content\/uploads\/2023\/08\/S\u0150T7-DCL-9_16-11x20.png 11w\" sizes=\"(max-width: 720px) 100vw, 720px\" \/>\t\t\t\t\t\t\t\t\t\t\t\t\t\t\t<\/div>\n\t\t\t\t<\/div>\n\t\t\t\t\t<\/div>\n\t\t<\/div>\n\t\t\t\t<div class=\"elementor-column elementor-col-50 elementor-top-column elementor-element elementor-element-08f1b8c\" data-id=\"08f1b8c\" data-element_type=\"column\">\n\t\t\t<div class=\"elementor-widget-wrap elementor-element-populated\">\n\t\t\t\t\t\t<div class=\"elementor-element elementor-element-151b825 elementor-widget elementor-widget-heading\" data-id=\"151b825\" data-element_type=\"widget\" data-widget_type=\"heading.default\">\n\t\t\t\t<div class=\"elementor-widget-container\">\n\t\t\t\t\t<h5 class=\"elementor-heading-title elementor-size-default\">Sissi Herbsttanz<\/h5>\t\t\t\t<\/div>\n\t\t\t\t<\/div>\n\t\t\t\t<div class=\"elementor-element elementor-element-5634a49 elementor-widget elementor-widget-text-editor\" data-id=\"5634a49\" data-element_type=\"widget\" data-widget_type=\"text-editor.default\">\n\t\t\t\t<div class=\"elementor-widget-container\">\n\t\t\t\t\t\t\t\t\t<p><span style=\"font-weight: 400;\">Als Hauskompanie des Bethlen T\u00e9ri Theaters wird das S\u0150T7 Festival vom Central European Dance Theatre ausgerichtet. In den ersten Jahren konzentrierte sich das einw\u00f6chige Tanzfestival, das zu Ehren von K\u00f6nigin Elisabeth (im Volksmund Sissi genannt), der Namensgeberin des 7. Budapester Bezirks (Erzs\u00e9betv\u00e1ros), veranstaltet wurde, auf hochkar\u00e4tige Auff\u00fchrungen des ungarischen zeitgen\u00f6ssischen Tanzes und jahrelang auf die Budapester Deb\u00fcts von Tanzkompanien aus dem l\u00e4ndlichen Raum. Das Konzept f\u00fcr 2024 konzentriert sich auf zwei wichtige Themen: die Kernaufgabe der Bethlen, n\u00e4mlich die F\u00f6rderung von Talenten, und die immer wichtiger werdenden internationalen Beziehungen, ohne dabei die Vergangenheit zu vergessen.<\/span><\/p>\t\t\t\t\t\t\t\t<\/div>\n\t\t\t\t<\/div>\n\t\t\t\t<div class=\"elementor-element elementor-element-e913d35 elementor-mobile-align-center elementor-align-center elementor-widget elementor-widget-button\" data-id=\"e913d35\" data-element_type=\"widget\" data-widget_type=\"button.default\">\n\t\t\t\t<div class=\"elementor-widget-container\">\n\t\t\t\t\t\t\t\t\t<div class=\"elementor-button-wrapper\">\n\t\t\t\t\t<a class=\"elementor-button elementor-button-link elementor-size-sm elementor-animation-shrink\" href=\"https:\/\/www.bethlenszinhaz.hu\/sot7\/\" target=\"_blank\">\n\t\t\t\t\t\t<span class=\"elementor-button-content-wrapper\">\n\t\t\t\t\t\t\t\t\t<span class=\"elementor-button-text\">Bethlen T\u00e9ri Theater<\/span>\n\t\t\t\t\t<\/span>\n\t\t\t\t\t<\/a>\n\t\t\t\t<\/div>\n\t\t\t\t\t\t\t\t<\/div>\n\t\t\t\t<\/div>\n\t\t\t\t\t<\/div>\n\t\t<\/div>\n\t\t\t\t\t<\/div>\n\t\t<\/section>\n\t\t\t\t<\/div>","protected":false},"excerpt":{"rendered":"<p>S\u0150T7 Sissi \u0150szi T\u00e1nch\u00e9t A Bethlen T\u00e9ri Sz\u00ednh\u00e1z rezidens t\u00e1rsulatak\u00e9nt, a S\u0150T7 fesztiv\u00e1l h\u00e1zigazd\u00e1ja a K\u00f6z\u00e9p-Eur\u00f3pa T\u00e1ncsz\u00ednh\u00e1z. Budapest, VII. ker\u00fclet (Erzs\u00e9betv\u00e1ros) n\u00e9vad\u00f3ja, Erzs\u00e9bet kir\u00e1lyn\u00e9 \u2013 n\u00e9pszer\u0171 nev\u00e9n Sissi \u2013 neve napja k\u00f6r\u00e9 szervezett egyhetes t\u00e1ncfesztiv\u00e1l m\u0171sora az els\u0151 \u00e9vekben a hazai kort\u00e1rst\u00e1nc\u00e9let n\u00edv\u00f3s el\u0151ad\u00e1sait, majd \u00e9vekig a vid\u00e9ki t\u00e1nct\u00e1rsulatok budapesti bemutatkoz\u00e1sait helyezte el\u0151t\u00e9rbe. A 2024-es [&hellip;]<\/p>","protected":false},"author":1,"featured_media":0,"parent":0,"menu_order":0,"comment_status":"closed","ping_status":"closed","template":"elementor_header_footer","meta":{"footnotes":""},"class_list":["post-16409","page","type-page","status-publish","hentry"],"yoast_head":"<!-- This site is optimized with the Yoast SEO plugin v26.0 - https:\/\/yoast.com\/wordpress\/plugins\/seo\/ -->\n<title>S\u0150T7 - KET<\/title>\n<meta name=\"robots\" content=\"index, follow, max-snippet:-1, max-image-preview:large, max-video-preview:-1\" \/>\n<link rel=\"canonical\" href=\"https:\/\/cedthu.rwpstaging.site\/de\/sot7\/\" \/>\n<meta name=\"twitter:card\" content=\"summary_large_image\" \/>\n<meta name=\"twitter:title\" content=\"S\u0150T7 - KET\" \/>\n<meta name=\"twitter:description\" content=\"S\u0150T7 Sissi \u0150szi T\u00e1nch\u00e9t A Bethlen T\u00e9ri Sz\u00ednh\u00e1z rezidens t\u00e1rsulatak\u00e9nt, a S\u0150T7 fesztiv\u00e1l h\u00e1zigazd\u00e1ja a K\u00f6z\u00e9p-Eur\u00f3pa T\u00e1ncsz\u00ednh\u00e1z. Budapest, VII. ker\u00fclet (Erzs\u00e9betv\u00e1ros) n\u00e9vad\u00f3ja, Erzs\u00e9bet kir\u00e1lyn\u00e9 \u2013 n\u00e9pszer\u0171 nev\u00e9n Sissi \u2013 neve napja k\u00f6r\u00e9 szervezett egyhetes t\u00e1ncfesztiv\u00e1l m\u0171sora az els\u0151 \u00e9vekben a hazai kort\u00e1rst\u00e1nc\u00e9let n\u00edv\u00f3s el\u0151ad\u00e1sait, majd \u00e9vekig a vid\u00e9ki t\u00e1nct\u00e1rsulatok budapesti bemutatkoz\u00e1sait helyezte el\u0151t\u00e9rbe. A 2024-es [&hellip;]\" \/>\n<meta name=\"twitter:label1\" content=\"Gesch\u00e4tzte Lesezeit\" \/>\n\t<meta name=\"twitter:data1\" content=\"1\u00a0Minute\" \/>\n<script type=\"application\/ld+json\" class=\"yoast-schema-graph\">{\"@context\":\"https:\/\/schema.org\",\"@graph\":[{\"@type\":\"WebPage\",\"@id\":\"https:\/\/cedthu.rwpstaging.site\/sot7\/\",\"url\":\"https:\/\/cedthu.rwpstaging.site\/sot7\/\",\"name\":\"S\u0150T7 - KET\",\"isPartOf\":{\"@id\":\"https:\/\/cedthu.rwpstaging.site\/#website\"},\"datePublished\":\"2025-04-07T12:55:26+00:00\",\"dateModified\":\"2025-04-07T12:58:26+00:00\",\"breadcrumb\":{\"@id\":\"https:\/\/cedthu.rwpstaging.site\/sot7\/#breadcrumb\"},\"inLanguage\":\"de\",\"potentialAction\":[{\"@type\":\"ReadAction\",\"target\":[\"https:\/\/cedthu.rwpstaging.site\/sot7\/\"]}]},{\"@type\":\"BreadcrumbList\",\"@id\":\"https:\/\/cedthu.rwpstaging.site\/sot7\/#breadcrumb\",\"itemListElement\":[{\"@type\":\"ListItem\",\"position\":1,\"name\":\"Home\",\"item\":\"https:\/\/cedthu.rwpstaging.site\/\"},{\"@type\":\"ListItem\",\"position\":2,\"name\":\"S\u0150T7\"}]},{\"@type\":\"WebSite\",\"@id\":\"https:\/\/cedthu.rwpstaging.site\/#website\",\"url\":\"https:\/\/cedthu.rwpstaging.site\/\",\"name\":\"KET\",\"description\":\"K\u00f6z\u00e9p-Eur\u00f3pa T\u00e1ncsz\u00ednh\u00e1z\",\"publisher\":{\"@id\":\"https:\/\/cedthu.rwpstaging.site\/#organization\"},\"potentialAction\":[{\"@type\":\"SearchAction\",\"target\":{\"@type\":\"EntryPoint\",\"urlTemplate\":\"https:\/\/cedthu.rwpstaging.site\/?s={search_term_string}\"},\"query-input\":{\"@type\":\"PropertyValueSpecification\",\"valueRequired\":true,\"valueName\":\"search_term_string\"}}],\"inLanguage\":\"de\"},{\"@type\":\"Organization\",\"@id\":\"https:\/\/cedthu.rwpstaging.site\/#organization\",\"name\":\"KET\",\"url\":\"https:\/\/cedthu.rwpstaging.site\/\",\"logo\":{\"@type\":\"ImageObject\",\"inLanguage\":\"de\",\"@id\":\"https:\/\/cedthu.rwpstaging.site\/#\/schema\/logo\/image\/\",\"url\":\"https:\/\/cedthu.rwpstaging.site\/wp-content\/uploads\/2024\/03\/cropped-KET-NYomda-logo2.png\",\"contentUrl\":\"https:\/\/cedthu.rwpstaging.site\/wp-content\/uploads\/2024\/03\/cropped-KET-NYomda-logo2.png\",\"width\":300,\"height\":326,\"caption\":\"KET\"},\"image\":{\"@id\":\"https:\/\/cedthu.rwpstaging.site\/#\/schema\/logo\/image\/\"}}]}<\/script>\n<!-- \/ Yoast SEO plugin. -->","yoast_head_json":{"title":"S\u0150T7 - KET","robots":{"index":"index","follow":"follow","max-snippet":"max-snippet:-1","max-image-preview":"max-image-preview:large","max-video-preview":"max-video-preview:-1"},"canonical":"https:\/\/cedthu.rwpstaging.site\/de\/sot7\/","twitter_card":"summary_large_image","twitter_title":"S\u0150T7 - KET","twitter_description":"S\u0150T7 Sissi \u0150szi T\u00e1nch\u00e9t A Bethlen T\u00e9ri Sz\u00ednh\u00e1z rezidens t\u00e1rsulatak\u00e9nt, a S\u0150T7 fesztiv\u00e1l h\u00e1zigazd\u00e1ja a K\u00f6z\u00e9p-Eur\u00f3pa T\u00e1ncsz\u00ednh\u00e1z. Budapest, VII. ker\u00fclet (Erzs\u00e9betv\u00e1ros) n\u00e9vad\u00f3ja, Erzs\u00e9bet kir\u00e1lyn\u00e9 \u2013 n\u00e9pszer\u0171 nev\u00e9n Sissi \u2013 neve napja k\u00f6r\u00e9 szervezett egyhetes t\u00e1ncfesztiv\u00e1l m\u0171sora az els\u0151 \u00e9vekben a hazai kort\u00e1rst\u00e1nc\u00e9let n\u00edv\u00f3s el\u0151ad\u00e1sait, majd \u00e9vekig a vid\u00e9ki t\u00e1nct\u00e1rsulatok budapesti bemutatkoz\u00e1sait helyezte el\u0151t\u00e9rbe. A 2024-es [&hellip;]","twitter_misc":{"Gesch\u00e4tzte Lesezeit":"1\u00a0Minute"},"schema":{"@context":"https:\/\/schema.org","@graph":[{"@type":"WebPage","@id":"https:\/\/cedthu.rwpstaging.site\/sot7\/","url":"https:\/\/cedthu.rwpstaging.site\/sot7\/","name":"S\u0150T7 - KET","isPartOf":{"@id":"https:\/\/cedthu.rwpstaging.site\/#website"},"datePublished":"2025-04-07T12:55:26+00:00","dateModified":"2025-04-07T12:58:26+00:00","breadcrumb":{"@id":"https:\/\/cedthu.rwpstaging.site\/sot7\/#breadcrumb"},"inLanguage":"de","potentialAction":[{"@type":"ReadAction","target":["https:\/\/cedthu.rwpstaging.site\/sot7\/"]}]},{"@type":"BreadcrumbList","@id":"https:\/\/cedthu.rwpstaging.site\/sot7\/#breadcrumb","itemListElement":[{"@type":"ListItem","position":1,"name":"Home","item":"https:\/\/cedthu.rwpstaging.site\/"},{"@type":"ListItem","position":2,"name":"S\u0150T7"}]},{"@type":"WebSite","@id":"https:\/\/cedthu.rwpstaging.site\/#website","url":"https:\/\/cedthu.rwpstaging.site\/","name":"KET","description":"Tanztheater Mitteleuropa","publisher":{"@id":"https:\/\/cedthu.rwpstaging.site\/#organization"},"potentialAction":[{"@type":"SearchAction","target":{"@type":"EntryPoint","urlTemplate":"https:\/\/cedthu.rwpstaging.site\/?s={search_term_string}"},"query-input":{"@type":"PropertyValueSpecification","valueRequired":true,"valueName":"search_term_string"}}],"inLanguage":"de"},{"@type":"Organization","@id":"https:\/\/cedthu.rwpstaging.site\/#organization","name":"KET","url":"https:\/\/cedthu.rwpstaging.site\/","logo":{"@type":"ImageObject","inLanguage":"de","@id":"https:\/\/cedthu.rwpstaging.site\/#\/schema\/logo\/image\/","url":"https:\/\/cedthu.rwpstaging.site\/wp-content\/uploads\/2024\/03\/cropped-KET-NYomda-logo2.png","contentUrl":"https:\/\/cedthu.rwpstaging.site\/wp-content\/uploads\/2024\/03\/cropped-KET-NYomda-logo2.png","width":300,"height":326,"caption":"KET"},"image":{"@id":"https:\/\/cedthu.rwpstaging.site\/#\/schema\/logo\/image\/"}}]}},"_links":{"self":[{"href":"https:\/\/cedthu.rwpstaging.site\/de\/wp-json\/wp\/v2\/pages\/16409","targetHints":{"allow":["GET"]}}],"collection":[{"href":"https:\/\/cedthu.rwpstaging.site\/de\/wp-json\/wp\/v2\/pages"}],"about":[{"href":"https:\/\/cedthu.rwpstaging.site\/de\/wp-json\/wp\/v2\/types\/page"}],"author":[{"embeddable":true,"href":"https:\/\/cedthu.rwpstaging.site\/de\/wp-json\/wp\/v2\/users\/1"}],"replies":[{"embeddable":true,"href":"https:\/\/cedthu.rwpstaging.site\/de\/wp-json\/wp\/v2\/comments?post=16409"}],"version-history":[{"count":5,"href":"https:\/\/cedthu.rwpstaging.site\/de\/wp-json\/wp\/v2\/pages\/16409\/revisions"}],"predecessor-version":[{"id":16441,"href":"https:\/\/cedthu.rwpstaging.site\/de\/wp-json\/wp\/v2\/pages\/16409\/revisions\/16441"}],"wp:attachment":[{"href":"https:\/\/cedthu.rwpstaging.site\/de\/wp-json\/wp\/v2\/media?parent=16409"}],"curies":[{"name":"wp","href":"https:\/\/api.w.org\/{rel}","templated":true}]}}