{"id":16556,"date":"2025-04-16T08:50:17","date_gmt":"2025-04-16T08:50:17","guid":{"rendered":"https:\/\/cedthu.rwpstaging.site\/?page_id=16556"},"modified":"2025-04-16T08:59:18","modified_gmt":"2025-04-16T08:59:18","slug":"monotanc","status":"publish","type":"page","link":"https:\/\/cedthu.rwpstaging.site\/de\/monotanc\/","title":{"rendered":"Monodance"},"content":{"rendered":"<div data-elementor-type=\"wp-page\" data-elementor-id=\"16556\" class=\"elementor elementor-16556\" data-elementor-post-type=\"page\">\n\t\t\t\t\t\t<section class=\"elementor-section elementor-top-section elementor-element elementor-element-d6db397 elementor-section-height-min-height elementor-section-items-stretch elementor-section-boxed elementor-section-height-default\" data-id=\"d6db397\" data-element_type=\"section\" data-settings=\"{&quot;background_background&quot;:&quot;classic&quot;}\">\n\t\t\t\t\t\t\t<div class=\"elementor-background-overlay\"><\/div>\n\t\t\t\t\t\t\t<div class=\"elementor-container elementor-column-gap-default\">\n\t\t\t\t\t<div class=\"elementor-column elementor-col-100 elementor-top-column elementor-element elementor-element-190e1a2\" data-id=\"190e1a2\" data-element_type=\"column\">\n\t\t\t<div class=\"elementor-widget-wrap elementor-element-populated\">\n\t\t\t\t\t\t<div class=\"elementor-element elementor-element-2c9c810 elementor-widget elementor-widget-spacer\" data-id=\"2c9c810\" data-element_type=\"widget\" data-widget_type=\"spacer.default\">\n\t\t\t\t<div class=\"elementor-widget-container\">\n\t\t\t\t\t\t\t<div class=\"elementor-spacer\">\n\t\t\t<div class=\"elementor-spacer-inner\"><\/div>\n\t\t<\/div>\n\t\t\t\t\t\t<\/div>\n\t\t\t\t<\/div>\n\t\t\t\t\t<\/div>\n\t\t<\/div>\n\t\t\t\t\t<\/div>\n\t\t<\/section>\n\t\t\t\t<section class=\"elementor-section elementor-top-section elementor-element elementor-element-257b1a1 elementor-section-height-min-height elementor-section-items-stretch elementor-reverse-tablet elementor-reverse-mobile elementor-section-boxed elementor-section-height-default\" data-id=\"257b1a1\" data-element_type=\"section\">\n\t\t\t\t\t\t<div class=\"elementor-container elementor-column-gap-default\">\n\t\t\t\t\t<div class=\"elementor-column elementor-col-50 elementor-top-column elementor-element elementor-element-419da6c\" data-id=\"419da6c\" data-element_type=\"column\" data-settings=\"{&quot;background_background&quot;:&quot;classic&quot;}\">\n\t\t\t<div class=\"elementor-widget-wrap elementor-element-populated\">\n\t\t\t\t\t\t<div class=\"elementor-element elementor-element-ee1d771 animated-slow elementor-invisible elementor-widget elementor-widget-image\" data-id=\"ee1d771\" data-element_type=\"widget\" data-settings=\"{&quot;_animation&quot;:&quot;rollIn&quot;}\" data-widget_type=\"image.default\">\n\t\t\t\t<div class=\"elementor-widget-container\">\n\t\t\t\t\t\t\t\t\t\t\t\t\t\t\t<img fetchpriority=\"high\" decoding=\"async\" width=\"1334\" height=\"2000\" src=\"https:\/\/cedthu.rwpstaging.site\/wp-content\/uploads\/2024\/09\/Alma_413.jpg\" class=\"attachment-full size-full wp-image-13563\" alt=\"\" srcset=\"https:\/\/cedthu.rwpstaging.site\/wp-content\/uploads\/2024\/09\/Alma_413.jpg 1334w, https:\/\/cedthu.rwpstaging.site\/wp-content\/uploads\/2024\/09\/Alma_413-200x300.jpg 200w, https:\/\/cedthu.rwpstaging.site\/wp-content\/uploads\/2024\/09\/Alma_413-683x1024.jpg 683w, https:\/\/cedthu.rwpstaging.site\/wp-content\/uploads\/2024\/09\/Alma_413-768x1151.jpg 768w, https:\/\/cedthu.rwpstaging.site\/wp-content\/uploads\/2024\/09\/Alma_413-1025x1536.jpg 1025w, https:\/\/cedthu.rwpstaging.site\/wp-content\/uploads\/2024\/09\/Alma_413-267x400.jpg 267w, https:\/\/cedthu.rwpstaging.site\/wp-content\/uploads\/2024\/09\/Alma_413-13x20.jpg 13w\" sizes=\"(max-width: 1334px) 100vw, 1334px\" \/>\t\t\t\t\t\t\t\t\t\t\t\t\t\t\t<\/div>\n\t\t\t\t<\/div>\n\t\t\t\t\t<\/div>\n\t\t<\/div>\n\t\t\t\t<div class=\"elementor-column elementor-col-50 elementor-top-column elementor-element elementor-element-4cb9b9c\" data-id=\"4cb9b9c\" data-element_type=\"column\">\n\t\t\t<div class=\"elementor-widget-wrap elementor-element-populated\">\n\t\t\t\t\t\t<div class=\"elementor-element elementor-element-8cc38a5 elementor-widget elementor-widget-heading\" data-id=\"8cc38a5\" data-element_type=\"widget\" data-widget_type=\"heading.default\">\n\t\t\t\t<div class=\"elementor-widget-container\">\n\t\t\t\t\t<h5 class=\"elementor-heading-title elementor-size-default\">MONODANCE-FESTIVAL<\/h5>\t\t\t\t<\/div>\n\t\t\t\t<\/div>\n\t\t\t\t<div class=\"elementor-element elementor-element-25c229c elementor-widget elementor-widget-text-editor\" data-id=\"25c229c\" data-element_type=\"widget\" data-widget_type=\"text-editor.default\">\n\t\t\t\t<div class=\"elementor-widget-container\">\n\t\t\t\t\t\t\t\t\t<p><b>Das Festival<\/b><span style=\"font-weight: 400;\"><br \/><\/span><span style=\"font-weight: 400;\">Das 2005 ins Leben gerufene Internationale Monodance-Festival ist ein einzigartiges kulturelles Ereignis in unserem Land. Das Programm des alle zwei Jahre stattfindenden Festivals besteht immer aus einer Auswahl von Tanzauff\u00fchrungen der vergangenen Jahre, die eine Essenz des Monotanzes darstellen, der von den herausragendsten Sch\u00f6pfern und K\u00fcnstlern der ungarischen und internationalen Tanzszene geschaffen wurde.<\/span><\/p><p><b>Der Mono-Tanz<\/b><span style=\"font-weight: 400;\"><br \/><\/span><span style=\"font-weight: 400;\">Das Genre des Monotanzes wurde durch Monodramen inspiriert und von ihnen inspiriert. Darbietungen, die auf den pers\u00f6nlichen Zeugnissen ihrer Sch\u00f6pfer beruhen, geh\u00f6ren zu dieser Kategorie. Monotanz ist jedoch nicht notwendigerweise dasselbe wie Solotanz, daher sind die eingeladenen Auff\u00fchrungen nicht ausschlie\u00dflich Solodarbietungen.<\/span><\/p><p><span style=\"font-weight: 400;\">Mit diesen Worten er\u00f6ffnete der Harangoz\u00f3-Preistr\u00e4ger Istv\u00e1n \u00c9nekes, einer der Initiatoren des Festivals - zusammen mit Csaba Sz\u00f6gi - im Jahr 2005 das Programm:<\/span><\/p><p><span style=\"font-weight: 400;\">\"Zu Beginn des 21. Jahrhunderts wissen wir, dass die Technik fast alles kann. Wenn nicht heute, dann morgen. Ein naiver Mensch, der sich von allem \u00fcberraschen l\u00e4sst. Aber die Sensation der Technik wird morgen schon wieder vorbei sein. Im Wirrwarr der Werte ist einer der sichersten Bezugspunkte seit Jahrtausenden der Ein-Seele-Mensch selbst. Mit seinen geistigen und k\u00f6rperlichen Leistungen, seinem freiwilligen Engagement. Das Monodance Festival wird einige dieser unbestreitbaren geistigen und k\u00f6rperlichen Leistungen pr\u00e4sentieren. Mit Solo - oder fast Solo - Performances von den besten zeitgen\u00f6ssischen Tanzk\u00fcnstlern. Wir wollen, dass das Festival Jahr f\u00fcr Jahr ein Treffen von mutigen Menschen ist, von Menschen, die immer etwas Neues machen wollen, die sich nicht verstecken, sondern ausbrechen wollen.<\/span><\/p>\t\t\t\t\t\t\t\t<\/div>\n\t\t\t\t<\/div>\n\t\t\t\t<div class=\"elementor-element elementor-element-bce89a2 elementor-mobile-align-center elementor-align-center elementor-widget__width-initial elementor-widget elementor-widget-button\" data-id=\"bce89a2\" data-element_type=\"widget\" data-widget_type=\"button.default\">\n\t\t\t\t<div class=\"elementor-widget-container\">\n\t\t\t\t\t\t\t\t\t<div class=\"elementor-button-wrapper\">\n\t\t\t\t\t<a class=\"elementor-button elementor-button-link elementor-size-sm elementor-animation-shrink\" href=\"https:\/\/www.bethlenszinhaz.hu\/monotanc\/\" target=\"_blank\">\n\t\t\t\t\t\t<span class=\"elementor-button-content-wrapper\">\n\t\t\t\t\t\t\t\t\t<span class=\"elementor-button-text\">Ungarn<\/span>\n\t\t\t\t\t<\/span>\n\t\t\t\t\t<\/a>\n\t\t\t\t<\/div>\n\t\t\t\t\t\t\t\t<\/div>\n\t\t\t\t<\/div>\n\t\t\t\t<div class=\"elementor-element elementor-element-359aaca elementor-mobile-align-center elementor-align-center elementor-widget__width-initial elementor-widget elementor-widget-button\" data-id=\"359aaca\" data-element_type=\"widget\" data-widget_type=\"button.default\">\n\t\t\t\t<div class=\"elementor-widget-container\">\n\t\t\t\t\t\t\t\t\t<div class=\"elementor-button-wrapper\">\n\t\t\t\t\t<a class=\"elementor-button elementor-button-link elementor-size-sm elementor-animation-shrink\" href=\"https:\/\/www.kdanceabroad.com\/monotanz-seoul\" target=\"_blank\">\n\t\t\t\t\t\t<span class=\"elementor-button-content-wrapper\">\n\t\t\t\t\t\t\t\t\t<span class=\"elementor-button-text\">Korea<\/span>\n\t\t\t\t\t<\/span>\n\t\t\t\t\t<\/a>\n\t\t\t\t<\/div>\n\t\t\t\t\t\t\t\t<\/div>\n\t\t\t\t<\/div>\n\t\t\t\t<div class=\"elementor-element elementor-element-7709edd elementor-widget elementor-widget-text-editor\" data-id=\"7709edd\" data-element_type=\"widget\" data-widget_type=\"text-editor.default\">\n\t\t\t\t<div class=\"elementor-widget-container\">\n\t\t\t\t\t\t\t\t\t<p><b>Internationalisierung<\/b><span style=\"font-weight: 400;\"><br \/><\/span><span style=\"font-weight: 400;\">Neben renommierten lokalen K\u00fcnstlern traten im Laufe der Jahre auch mehrere weltbekannte K\u00fcnstler auf. Im Jahr 2019 fand das erste Monotanz Festival in Seoul, S\u00fcdkorea, statt, ein weiterer Schritt in Richtung Internationalisierung.<\/span><\/p><p><span style=\"font-weight: 400;\">Seitdem finden die Festivals jedes Jahr abwechselnd in Budapest und Seoul statt. Das Mitteleurop\u00e4ische Tanztheater war bei jeder dieser Veranstaltungen, die auch im Ausland Mangelware sind, vertreten, und das s\u00fcdkoreanische Publikum hat bereits mehrere Soloauff\u00fchrungen von K-Arcok durch die ans\u00e4ssige Kompanie des Bethlen T\u00e9ri Theaters gesehen.<\/span><\/p>\t\t\t\t\t\t\t\t<\/div>\n\t\t\t\t<\/div>\n\t\t\t\t\t<\/div>\n\t\t<\/div>\n\t\t\t\t\t<\/div>\n\t\t<\/section>\n\t\t\t\t<\/div>","protected":false},"excerpt":{"rendered":"<p>MONOT\u00c1NC FESZTIV\u00c1L A fesztiv\u00e1lA 2005-ben indult Nemzetk\u00f6zi Monot\u00e1nc Fesztiv\u00e1l haz\u00e1nk egyed\u00fcl\u00e1ll\u00f3 kultur\u00e1lis esem\u00e9nye. A bienn\u00e1l\u00e9 jelleg\u0171 fesztiv\u00e1l programja mindig az elm\u00falt \u00e9vekben sz\u00fcletett t\u00e1ncm\u0171v\u00e9szeti el\u0151ad\u00e1sokb\u00f3l v\u00e1logat, mintegy esszenci\u00e1j\u00e1t ny\u00fajtva a hazai \u00e9s nemzetk\u00f6zi t\u00e1nc\u00e9let legkiemelked\u0151bb alkot\u00f3i \u00e9s el\u0151ad\u00f3i \u00e1ltal megalkotott monot\u00e1ncoknak. A monot\u00e1ncA monot\u00e1nc m\u0171faji fogalma a monodr\u00e1m\u00e1k ihlet\u00e9s\u00e9re \u00e9s mint\u00e1j\u00e1ra lett megalkotva. Azokat az [&hellip;]<\/p>","protected":false},"author":1,"featured_media":0,"parent":0,"menu_order":0,"comment_status":"closed","ping_status":"closed","template":"elementor_header_footer","meta":{"footnotes":""},"class_list":["post-16556","page","type-page","status-publish","hentry"],"yoast_head":"<!-- This site is optimized with the Yoast SEO plugin v26.0 - https:\/\/yoast.com\/wordpress\/plugins\/seo\/ -->\n<title>Monot\u00e1nc - KET<\/title>\n<meta name=\"robots\" content=\"index, follow, max-snippet:-1, max-image-preview:large, max-video-preview:-1\" \/>\n<link rel=\"canonical\" href=\"https:\/\/cedthu.rwpstaging.site\/de\/monotanc\/\" \/>\n<meta name=\"twitter:card\" content=\"summary_large_image\" \/>\n<meta name=\"twitter:title\" content=\"Monot\u00e1nc - KET\" \/>\n<meta name=\"twitter:description\" content=\"MONOT\u00c1NC FESZTIV\u00c1L A fesztiv\u00e1lA 2005-ben indult Nemzetk\u00f6zi Monot\u00e1nc Fesztiv\u00e1l haz\u00e1nk egyed\u00fcl\u00e1ll\u00f3 kultur\u00e1lis esem\u00e9nye. A bienn\u00e1l\u00e9 jelleg\u0171 fesztiv\u00e1l programja mindig az elm\u00falt \u00e9vekben sz\u00fcletett t\u00e1ncm\u0171v\u00e9szeti el\u0151ad\u00e1sokb\u00f3l v\u00e1logat, mintegy esszenci\u00e1j\u00e1t ny\u00fajtva a hazai \u00e9s nemzetk\u00f6zi t\u00e1nc\u00e9let legkiemelked\u0151bb alkot\u00f3i \u00e9s el\u0151ad\u00f3i \u00e1ltal megalkotott monot\u00e1ncoknak. A monot\u00e1ncA monot\u00e1nc m\u0171faji fogalma a monodr\u00e1m\u00e1k ihlet\u00e9s\u00e9re \u00e9s mint\u00e1j\u00e1ra lett megalkotva. Azokat az [&hellip;]\" \/>\n<meta name=\"twitter:image\" content=\"https:\/\/cedthu.rwpstaging.site\/wp-content\/uploads\/2024\/09\/Alma_413.jpg\" \/>\n<meta name=\"twitter:label1\" content=\"Gesch\u00e4tzte Lesezeit\" \/>\n\t<meta name=\"twitter:data1\" content=\"2\u00a0Minuten\" \/>\n<script type=\"application\/ld+json\" class=\"yoast-schema-graph\">{\"@context\":\"https:\/\/schema.org\",\"@graph\":[{\"@type\":\"WebPage\",\"@id\":\"https:\/\/cedthu.rwpstaging.site\/monotanc\/\",\"url\":\"https:\/\/cedthu.rwpstaging.site\/monotanc\/\",\"name\":\"Monot\u00e1nc - KET\",\"isPartOf\":{\"@id\":\"https:\/\/cedthu.rwpstaging.site\/#website\"},\"primaryImageOfPage\":{\"@id\":\"https:\/\/cedthu.rwpstaging.site\/monotanc\/#primaryimage\"},\"image\":{\"@id\":\"https:\/\/cedthu.rwpstaging.site\/monotanc\/#primaryimage\"},\"thumbnailUrl\":\"https:\/\/cedthu.rwpstaging.site\/wp-content\/uploads\/2024\/09\/Alma_413.jpg\",\"datePublished\":\"2025-04-16T08:50:17+00:00\",\"dateModified\":\"2025-04-16T08:59:18+00:00\",\"breadcrumb\":{\"@id\":\"https:\/\/cedthu.rwpstaging.site\/monotanc\/#breadcrumb\"},\"inLanguage\":\"de\",\"potentialAction\":[{\"@type\":\"ReadAction\",\"target\":[\"https:\/\/cedthu.rwpstaging.site\/monotanc\/\"]}]},{\"@type\":\"ImageObject\",\"inLanguage\":\"de\",\"@id\":\"https:\/\/cedthu.rwpstaging.site\/monotanc\/#primaryimage\",\"url\":\"https:\/\/cedthu.rwpstaging.site\/wp-content\/uploads\/2024\/09\/Alma_413.jpg\",\"contentUrl\":\"https:\/\/cedthu.rwpstaging.site\/wp-content\/uploads\/2024\/09\/Alma_413.jpg\"},{\"@type\":\"BreadcrumbList\",\"@id\":\"https:\/\/cedthu.rwpstaging.site\/monotanc\/#breadcrumb\",\"itemListElement\":[{\"@type\":\"ListItem\",\"position\":1,\"name\":\"Home\",\"item\":\"https:\/\/cedthu.rwpstaging.site\/\"},{\"@type\":\"ListItem\",\"position\":2,\"name\":\"Monot\u00e1nc\"}]},{\"@type\":\"WebSite\",\"@id\":\"https:\/\/cedthu.rwpstaging.site\/#website\",\"url\":\"https:\/\/cedthu.rwpstaging.site\/\",\"name\":\"KET\",\"description\":\"K\u00f6z\u00e9p-Eur\u00f3pa T\u00e1ncsz\u00ednh\u00e1z\",\"publisher\":{\"@id\":\"https:\/\/cedthu.rwpstaging.site\/#organization\"},\"potentialAction\":[{\"@type\":\"SearchAction\",\"target\":{\"@type\":\"EntryPoint\",\"urlTemplate\":\"https:\/\/cedthu.rwpstaging.site\/?s={search_term_string}\"},\"query-input\":{\"@type\":\"PropertyValueSpecification\",\"valueRequired\":true,\"valueName\":\"search_term_string\"}}],\"inLanguage\":\"de\"},{\"@type\":\"Organization\",\"@id\":\"https:\/\/cedthu.rwpstaging.site\/#organization\",\"name\":\"KET\",\"url\":\"https:\/\/cedthu.rwpstaging.site\/\",\"logo\":{\"@type\":\"ImageObject\",\"inLanguage\":\"de\",\"@id\":\"https:\/\/cedthu.rwpstaging.site\/#\/schema\/logo\/image\/\",\"url\":\"https:\/\/cedthu.rwpstaging.site\/wp-content\/uploads\/2024\/03\/cropped-KET-NYomda-logo2.png\",\"contentUrl\":\"https:\/\/cedthu.rwpstaging.site\/wp-content\/uploads\/2024\/03\/cropped-KET-NYomda-logo2.png\",\"width\":300,\"height\":326,\"caption\":\"KET\"},\"image\":{\"@id\":\"https:\/\/cedthu.rwpstaging.site\/#\/schema\/logo\/image\/\"}}]}<\/script>\n<!-- \/ Yoast SEO plugin. -->","yoast_head_json":{"title":"Monot\u00e1nc - KET","robots":{"index":"index","follow":"follow","max-snippet":"max-snippet:-1","max-image-preview":"max-image-preview:large","max-video-preview":"max-video-preview:-1"},"canonical":"https:\/\/cedthu.rwpstaging.site\/de\/monotanc\/","twitter_card":"summary_large_image","twitter_title":"Monot\u00e1nc - KET","twitter_description":"MONOT\u00c1NC FESZTIV\u00c1L A fesztiv\u00e1lA 2005-ben indult Nemzetk\u00f6zi Monot\u00e1nc Fesztiv\u00e1l haz\u00e1nk egyed\u00fcl\u00e1ll\u00f3 kultur\u00e1lis esem\u00e9nye. A bienn\u00e1l\u00e9 jelleg\u0171 fesztiv\u00e1l programja mindig az elm\u00falt \u00e9vekben sz\u00fcletett t\u00e1ncm\u0171v\u00e9szeti el\u0151ad\u00e1sokb\u00f3l v\u00e1logat, mintegy esszenci\u00e1j\u00e1t ny\u00fajtva a hazai \u00e9s nemzetk\u00f6zi t\u00e1nc\u00e9let legkiemelked\u0151bb alkot\u00f3i \u00e9s el\u0151ad\u00f3i \u00e1ltal megalkotott monot\u00e1ncoknak. A monot\u00e1ncA monot\u00e1nc m\u0171faji fogalma a monodr\u00e1m\u00e1k ihlet\u00e9s\u00e9re \u00e9s mint\u00e1j\u00e1ra lett megalkotva. Azokat az [&hellip;]","twitter_image":"https:\/\/cedthu.rwpstaging.site\/wp-content\/uploads\/2024\/09\/Alma_413.jpg","twitter_misc":{"Gesch\u00e4tzte Lesezeit":"2\u00a0Minuten"},"schema":{"@context":"https:\/\/schema.org","@graph":[{"@type":"WebPage","@id":"https:\/\/cedthu.rwpstaging.site\/monotanc\/","url":"https:\/\/cedthu.rwpstaging.site\/monotanc\/","name":"Monot\u00e1nc - KET","isPartOf":{"@id":"https:\/\/cedthu.rwpstaging.site\/#website"},"primaryImageOfPage":{"@id":"https:\/\/cedthu.rwpstaging.site\/monotanc\/#primaryimage"},"image":{"@id":"https:\/\/cedthu.rwpstaging.site\/monotanc\/#primaryimage"},"thumbnailUrl":"https:\/\/cedthu.rwpstaging.site\/wp-content\/uploads\/2024\/09\/Alma_413.jpg","datePublished":"2025-04-16T08:50:17+00:00","dateModified":"2025-04-16T08:59:18+00:00","breadcrumb":{"@id":"https:\/\/cedthu.rwpstaging.site\/monotanc\/#breadcrumb"},"inLanguage":"de","potentialAction":[{"@type":"ReadAction","target":["https:\/\/cedthu.rwpstaging.site\/monotanc\/"]}]},{"@type":"ImageObject","inLanguage":"de","@id":"https:\/\/cedthu.rwpstaging.site\/monotanc\/#primaryimage","url":"https:\/\/cedthu.rwpstaging.site\/wp-content\/uploads\/2024\/09\/Alma_413.jpg","contentUrl":"https:\/\/cedthu.rwpstaging.site\/wp-content\/uploads\/2024\/09\/Alma_413.jpg"},{"@type":"BreadcrumbList","@id":"https:\/\/cedthu.rwpstaging.site\/monotanc\/#breadcrumb","itemListElement":[{"@type":"ListItem","position":1,"name":"Home","item":"https:\/\/cedthu.rwpstaging.site\/"},{"@type":"ListItem","position":2,"name":"Monot\u00e1nc"}]},{"@type":"WebSite","@id":"https:\/\/cedthu.rwpstaging.site\/#website","url":"https:\/\/cedthu.rwpstaging.site\/","name":"KET","description":"Tanztheater Mitteleuropa","publisher":{"@id":"https:\/\/cedthu.rwpstaging.site\/#organization"},"potentialAction":[{"@type":"SearchAction","target":{"@type":"EntryPoint","urlTemplate":"https:\/\/cedthu.rwpstaging.site\/?s={search_term_string}"},"query-input":{"@type":"PropertyValueSpecification","valueRequired":true,"valueName":"search_term_string"}}],"inLanguage":"de"},{"@type":"Organization","@id":"https:\/\/cedthu.rwpstaging.site\/#organization","name":"KET","url":"https:\/\/cedthu.rwpstaging.site\/","logo":{"@type":"ImageObject","inLanguage":"de","@id":"https:\/\/cedthu.rwpstaging.site\/#\/schema\/logo\/image\/","url":"https:\/\/cedthu.rwpstaging.site\/wp-content\/uploads\/2024\/03\/cropped-KET-NYomda-logo2.png","contentUrl":"https:\/\/cedthu.rwpstaging.site\/wp-content\/uploads\/2024\/03\/cropped-KET-NYomda-logo2.png","width":300,"height":326,"caption":"KET"},"image":{"@id":"https:\/\/cedthu.rwpstaging.site\/#\/schema\/logo\/image\/"}}]}},"_links":{"self":[{"href":"https:\/\/cedthu.rwpstaging.site\/de\/wp-json\/wp\/v2\/pages\/16556","targetHints":{"allow":["GET"]}}],"collection":[{"href":"https:\/\/cedthu.rwpstaging.site\/de\/wp-json\/wp\/v2\/pages"}],"about":[{"href":"https:\/\/cedthu.rwpstaging.site\/de\/wp-json\/wp\/v2\/types\/page"}],"author":[{"embeddable":true,"href":"https:\/\/cedthu.rwpstaging.site\/de\/wp-json\/wp\/v2\/users\/1"}],"replies":[{"embeddable":true,"href":"https:\/\/cedthu.rwpstaging.site\/de\/wp-json\/wp\/v2\/comments?post=16556"}],"version-history":[{"count":5,"href":"https:\/\/cedthu.rwpstaging.site\/de\/wp-json\/wp\/v2\/pages\/16556\/revisions"}],"predecessor-version":[{"id":16595,"href":"https:\/\/cedthu.rwpstaging.site\/de\/wp-json\/wp\/v2\/pages\/16556\/revisions\/16595"}],"wp:attachment":[{"href":"https:\/\/cedthu.rwpstaging.site\/de\/wp-json\/wp\/v2\/media?parent=16556"}],"curies":[{"name":"wp","href":"https:\/\/api.w.org\/{rel}","templated":true}]}}