{"id":16956,"date":"2025-05-06T16:29:01","date_gmt":"2025-05-06T16:29:01","guid":{"rendered":"https:\/\/cedthu.rwpstaging.site\/?page_id=16956"},"modified":"2025-05-06T16:43:45","modified_gmt":"2025-05-06T16:43:45","slug":"hirek","status":"publish","type":"page","link":"https:\/\/cedthu.rwpstaging.site\/de\/hirek\/","title":{"rendered":"Hirek"},"content":{"rendered":"<div data-elementor-type=\"wp-page\" data-elementor-id=\"16956\" class=\"elementor elementor-16956\" data-elementor-post-type=\"page\">\n\t\t\t\t\t\t<section class=\"elementor-section elementor-top-section elementor-element elementor-element-702a69c elementor-section-height-min-height elementor-section-items-stretch elementor-section-boxed elementor-section-height-default\" data-id=\"702a69c\" data-element_type=\"section\" data-settings=\"{&quot;background_background&quot;:&quot;classic&quot;}\">\n\t\t\t\t\t\t\t<div class=\"elementor-background-overlay\"><\/div>\n\t\t\t\t\t\t\t<div class=\"elementor-container elementor-column-gap-default\">\n\t\t\t\t\t<div class=\"elementor-column elementor-col-100 elementor-top-column elementor-element elementor-element-eda36eb\" data-id=\"eda36eb\" data-element_type=\"column\">\n\t\t\t<div class=\"elementor-widget-wrap elementor-element-populated\">\n\t\t\t\t\t\t<div class=\"elementor-element elementor-element-ec1b0ae elementor-widget elementor-widget-heading\" data-id=\"ec1b0ae\" data-element_type=\"widget\" data-widget_type=\"heading.default\">\n\t\t\t\t<div class=\"elementor-widget-container\">\n\t\t\t\t\t<h2 class=\"elementor-heading-title elementor-size-default\">Nachrichten<\/h2>\t\t\t\t<\/div>\n\t\t\t\t<\/div>\n\t\t\t\t<div class=\"elementor-element elementor-element-a5ef394 elementor-widget elementor-widget-spacer\" data-id=\"a5ef394\" data-element_type=\"widget\" data-widget_type=\"spacer.default\">\n\t\t\t\t<div class=\"elementor-widget-container\">\n\t\t\t\t\t\t\t<div class=\"elementor-spacer\">\n\t\t\t<div class=\"elementor-spacer-inner\"><\/div>\n\t\t<\/div>\n\t\t\t\t\t\t<\/div>\n\t\t\t\t<\/div>\n\t\t\t\t\t<\/div>\n\t\t<\/div>\n\t\t\t\t\t<\/div>\n\t\t<\/section>\n\t\t\t\t<section class=\"elementor-section elementor-top-section elementor-element elementor-element-a7db818 elementor-section-boxed elementor-section-height-default elementor-section-height-default\" data-id=\"a7db818\" data-element_type=\"section\">\n\t\t\t\t\t\t<div class=\"elementor-container elementor-column-gap-default\">\n\t\t\t\t\t<div class=\"elementor-column elementor-col-100 elementor-top-column elementor-element elementor-element-d9ab5f0\" data-id=\"d9ab5f0\" data-element_type=\"column\">\n\t\t\t<div class=\"elementor-widget-wrap elementor-element-populated\">\n\t\t\t\t\t\t<div class=\"elementor-element elementor-element-548d52d elementor-grid-3 elementor-grid-tablet-2 elementor-grid-mobile-1 elementor-posts--thumbnail-top elementor-widget elementor-widget-posts\" data-id=\"548d52d\" data-element_type=\"widget\" data-settings=\"{&quot;pagination_type&quot;:&quot;prev_next&quot;,&quot;classic_columns&quot;:&quot;3&quot;,&quot;classic_columns_tablet&quot;:&quot;2&quot;,&quot;classic_columns_mobile&quot;:&quot;1&quot;,&quot;classic_row_gap&quot;:{&quot;unit&quot;:&quot;px&quot;,&quot;size&quot;:35,&quot;sizes&quot;:[]},&quot;classic_row_gap_tablet&quot;:{&quot;unit&quot;:&quot;px&quot;,&quot;size&quot;:&quot;&quot;,&quot;sizes&quot;:[]},&quot;classic_row_gap_mobile&quot;:{&quot;unit&quot;:&quot;px&quot;,&quot;size&quot;:&quot;&quot;,&quot;sizes&quot;:[]}}\" data-widget_type=\"posts.classic\">\n\t\t\t\t<div class=\"elementor-widget-container\">\n\t\t\t\t\t\t\t<div class=\"elementor-posts-container elementor-posts elementor-posts--skin-classic elementor-grid\" role=\"list\">\n\t\t\t\t<article class=\"elementor-post elementor-grid-item post-14314 post type-post status-publish format-standard hentry category-hirek\" role=\"listitem\">\n\t\t\t\t<div class=\"elementor-post__text\">\n\t\t\t\t<h5 class=\"elementor-post__title\">\n\t\t\t<a href=\"https:\/\/cedthu.rwpstaging.site\/de\/open-call-bucharest-dance-hack-2025-29th-of-november-31st-of-december-3\/\" >\n\t\t\t\tOffener Aufruf! &gt; Bukarest Dance Hack 2025 &gt; 29. November - 31. Dezember\t\t\t<\/a>\n\t\t<\/h5>\n\t\t\t\t<div class=\"elementor-post__meta-data\">\n\t\t\t\t\t<span class=\"elementor-post-date\">\n\t\t\t2024-12-03\t\t<\/span>\n\t\t\t\t<\/div>\n\t\t\t\t<div class=\"elementor-post__excerpt\">\n\t\t\t<p>K\u00fcnstler, Programmierer, Designer, Musiker, T\u00e4nzer, neue Zirkusartisten, Choreographen, Menschen, die an der Spitze von Kunst und Technologie arbeiten, eine gro\u00dfartige Gelegenheit f\u00fcr transdisziplin\u00e4re Zusammenarbeit<\/p>\n\t\t<\/div>\n\t\t\n\t\t<a class=\"elementor-post__read-more\" href=\"https:\/\/cedthu.rwpstaging.site\/de\/open-call-bucharest-dance-hack-2025-29th-of-november-31st-of-december-3\/\" aria-label=\"Read more about Open call! &gt; Bucharest Dance Hack 2025 &gt; 29th of November &#8211; 31st of December\" tabindex=\"-1\" >\n\t\t\tMehr lesen +\t\t<\/a>\n\n\t\t\t\t<\/div>\n\t\t\t\t<\/article>\n\t\t\t\t<article class=\"elementor-post elementor-grid-item post-14137 post type-post status-publish format-standard hentry category-hirek\" role=\"listitem\">\n\t\t\t\t<div class=\"elementor-post__text\">\n\t\t\t\t<h5 class=\"elementor-post__title\">\n\t\t\t<a href=\"https:\/\/cedthu.rwpstaging.site\/de\/a-jovo-tanca-es-a-hagyomany-ereje-beszelgetes-vaczi-laszloval\/\" >\n\t\t\t\t\"Der Tanz der Zukunft und die Kraft der Tradition\" - Diskussion mit L\u00e1szl\u00f3 V\u00e1czi\u00a0\t\t\t<\/a>\n\t\t<\/h5>\n\t\t\t\t<div class=\"elementor-post__meta-data\">\n\t\t\t\t\t<span class=\"elementor-post-date\">\n\t\t\t2024-11-16\t\t<\/span>\n\t\t\t\t<\/div>\n\t\t\t\t<div class=\"elementor-post__excerpt\">\n\t\t\t<p>Das Bethlen-T\u00e9ri-Theater wird wieder spezielle Tanzprogramme f\u00fcr die Besucher des S\u0150T7-Festivals anbieten. L\u00e1szl\u00f3 V\u00e1czi, der gesch\u00e4ftsf\u00fchrende Direktor des Theaters, erz\u00e4hlte uns, wie das<\/p>\n\t\t<\/div>\n\t\t\n\t\t<a class=\"elementor-post__read-more\" href=\"https:\/\/cedthu.rwpstaging.site\/de\/a-jovo-tanca-es-a-hagyomany-ereje-beszelgetes-vaczi-laszloval\/\" aria-label=\"Read more about \u201eA j\u00f6v\u0151 t\u00e1nca \u00e9s a hagyom\u00e1ny ereje\u201d \u2013 besz\u00e9lget\u00e9s V\u00e1czi L\u00e1szl\u00f3val\u00a0\" tabindex=\"-1\" >\n\t\t\tMehr lesen +\t\t<\/a>\n\n\t\t\t\t<\/div>\n\t\t\t\t<\/article>\n\t\t\t\t<article class=\"elementor-post elementor-grid-item post-14044 post type-post status-publish format-standard hentry category-hirek\" role=\"listitem\">\n\t\t\t\t<div class=\"elementor-post__text\">\n\t\t\t\t<h5 class=\"elementor-post__title\">\n\t\t\t<a href=\"https:\/\/cedthu.rwpstaging.site\/de\/elmelazunk-vagy-megremulunk\/\" >\n\t\t\t\tDenken wir nach oder sind wir ver\u00e4ngstigt?\t\t\t<\/a>\n\t\t<\/h5>\n\t\t\t\t<div class=\"elementor-post__meta-data\">\n\t\t\t\t\t<span class=\"elementor-post-date\">\n\t\t\t2024-11-12\t\t<\/span>\n\t\t\t\t<\/div>\n\t\t\t\t<div class=\"elementor-post__excerpt\">\n\t\t\t<p>WIEDERKEHR ist der Titel einer Performance des in Deutschland ans\u00e4ssigen Totalitarian Body Kollektivs im S\u0150T7. Choreograf Anton Rudakov und Lichttechnikerin Insa Griesing sprechen \u00fcber die kollektive Erfahrung,<\/p>\n\t\t<\/div>\n\t\t\n\t\t<a class=\"elementor-post__read-more\" href=\"https:\/\/cedthu.rwpstaging.site\/de\/elmelazunk-vagy-megremulunk\/\" aria-label=\"Read more about Elm\u00e9l\u00e1zunk vagy megr\u00e9m\u00fcl\u00fcnk?\" tabindex=\"-1\" >\n\t\t\tMehr lesen +\t\t<\/a>\n\n\t\t\t\t<\/div>\n\t\t\t\t<\/article>\n\t\t\t\t<article class=\"elementor-post elementor-grid-item post-13813 post type-post status-publish format-standard hentry category-hirek\" role=\"listitem\">\n\t\t\t\t<div class=\"elementor-post__text\">\n\t\t\t\t<h5 class=\"elementor-post__title\">\n\t\t\t<a href=\"https:\/\/cedthu.rwpstaging.site\/de\/open-callaudition-for-beyond-front-common-creation-performance\/\" >\n\t\t\t\tOPEN CALLAudition f\u00fcr Beyond Front@ Common Creation Performance\t\t\t<\/a>\n\t\t<\/h5>\n\t\t\t\t<div class=\"elementor-post__meta-data\">\n\t\t\t\t\t<span class=\"elementor-post-date\">\n\t\t\t2024-11-01\t\t<\/span>\n\t\t\t\t<\/div>\n\t\t\t\t<div class=\"elementor-post__excerpt\">\n\t\t\t<p>Vitlycke - Centre for Performing Arts und Beyond Front@: Bridging Periphery laden T\u00e4nzerinnen und T\u00e4nzer aus Ungarn, Slowenien, Kroatien, Polen und Rum\u00e4nien ein, an einem neuen zeitgen\u00f6ssischen Tanzprojekt teilzunehmen.<\/p>\n\t\t<\/div>\n\t\t\n\t\t<a class=\"elementor-post__read-more\" href=\"https:\/\/cedthu.rwpstaging.site\/de\/open-callaudition-for-beyond-front-common-creation-performance\/\" aria-label=\"Read more about OPEN CALLAudition for Beyond Front@ Common Creation Performance\" tabindex=\"-1\" >\n\t\t\tMehr lesen +\t\t<\/a>\n\n\t\t\t\t<\/div>\n\t\t\t\t<\/article>\n\t\t\t\t<article class=\"elementor-post elementor-grid-item post-13667 post type-post status-publish format-standard hentry category-hirek\" role=\"listitem\">\n\t\t\t\t<div class=\"elementor-post__text\">\n\t\t\t\t<h5 class=\"elementor-post__title\">\n\t\t\t<a href=\"https:\/\/cedthu.rwpstaging.site\/de\/novemberben-erkezik-a-13-sissi-oszi-tanchet\/\" >\n\t\t\t\tDie XIII. S\u0150T7 kommt im November!\u00a0\t\t\t<\/a>\n\t\t<\/h5>\n\t\t\t\t<div class=\"elementor-post__meta-data\">\n\t\t\t\t\t<span class=\"elementor-post-date\">\n\t\t\t2024-10-31\t\t<\/span>\n\t\t\t\t<\/div>\n\t\t\t\t<div class=\"elementor-post__excerpt\">\n\t\t\t<p>Das Sissi-Herbst-Tanzfestival oder S\u0150T7, das in diesem Jahr am ersten Tag beginnt, verspricht im November ein wahres Tanzvergn\u00fcgen zu werden. Das Tanzfestival pr\u00e4sentiert Auff\u00fchrungen aus f\u00fcnf L\u00e4ndern sowie Malerei und<\/p>\n\t\t<\/div>\n\t\t\n\t\t<a class=\"elementor-post__read-more\" href=\"https:\/\/cedthu.rwpstaging.site\/de\/novemberben-erkezik-a-13-sissi-oszi-tanchet\/\" aria-label=\"Read more about Novemberben \u00e9rkezik a XIII. S\u0150T7!\u00a0\" tabindex=\"-1\" >\n\t\t\tMehr lesen +\t\t<\/a>\n\n\t\t\t\t<\/div>\n\t\t\t\t<\/article>\n\t\t\t\t<article class=\"elementor-post elementor-grid-item post-13638 post type-post status-publish format-standard hentry category-hirek\" role=\"listitem\">\n\t\t\t\t<div class=\"elementor-post__text\">\n\t\t\t\t<h5 class=\"elementor-post__title\">\n\t\t\t<a href=\"https:\/\/cedthu.rwpstaging.site\/de\/milan-tomasik-ez-a-tarsulat-csodalatos-emberekbol-all-ezert-nem-kivanhatok-nekik-mast-mint-a-legjobbakat\/\" >\n\t\t\t\tMilan Tomasik: Dieses Unternehmen besteht aus wunderbaren Menschen ... ich kann ihnen also nur das Beste w\u00fcnschen!\t\t\t<\/a>\n\t\t<\/h5>\n\t\t\t\t<div class=\"elementor-post__meta-data\">\n\t\t\t\t\t<span class=\"elementor-post-date\">\n\t\t\t2024-10-31\t\t<\/span>\n\t\t\t\t<\/div>\n\t\t\t\t<div class=\"elementor-post__excerpt\">\n\t\t\t<p>Milan Tomasik, Choreograf des Krakauer Tanztheaters, bringt im November seine Produktion Treatise nach S\u0150T7. Eine Besonderheit der Auff\u00fchrung ist, dass der Ausgangspunkt des kreativen Prozesses ein<\/p>\n\t\t<\/div>\n\t\t\n\t\t<a class=\"elementor-post__read-more\" href=\"https:\/\/cedthu.rwpstaging.site\/de\/milan-tomasik-ez-a-tarsulat-csodalatos-emberekbol-all-ezert-nem-kivanhatok-nekik-mast-mint-a-legjobbakat\/\" aria-label=\"Read more about Milan Tomasik: Ez a t\u00e1rsulat csod\u00e1latos emberekb\u0151l \u00e1ll .. ez\u00e9rt nem k\u00edv\u00e1nhatok nekik m\u00e1st, mint a legjobbakat!\" tabindex=\"-1\" >\n\t\t\tMehr lesen +\t\t<\/a>\n\n\t\t\t\t<\/div>\n\t\t\t\t<\/article>\n\t\t\t\t<article class=\"elementor-post elementor-grid-item post-13611 post type-post status-publish format-standard hentry category-hirek\" role=\"listitem\">\n\t\t\t\t<div class=\"elementor-post__text\">\n\t\t\t\t<h5 class=\"elementor-post__title\">\n\t\t\t<a href=\"https:\/\/cedthu.rwpstaging.site\/de\/intuicio-es-technologia-eu-dance-hack-a-sissi-oszi-tancheten\/\" >\n\t\t\t\tIntuition und Technologie - EU Dance Hack auf der Sissi Autumn Dance Fair\u00a0\t\t\t<\/a>\n\t\t<\/h5>\n\t\t\t\t<div class=\"elementor-post__meta-data\">\n\t\t\t\t\t<span class=\"elementor-post-date\">\n\t\t\t2024-10-31\t\t<\/span>\n\t\t\t\t<\/div>\n\t\t\t\t<div class=\"elementor-post__excerpt\">\n\t\t\t<p>Wir haben Csilla Gesztelyi Nagy, die Mentorin des EU Dance Hack Budapest, \u00fcber die Bedeutung des internationalen Projekts in Ungarn, die Verflechtung von Tanz und Technologie und die<\/p>\n\t\t<\/div>\n\t\t\n\t\t<a class=\"elementor-post__read-more\" href=\"https:\/\/cedthu.rwpstaging.site\/de\/intuicio-es-technologia-eu-dance-hack-a-sissi-oszi-tancheten\/\" aria-label=\"Read more about Intu\u00edci\u00f3 \u00e9s technol\u00f3gia \u2013 EU Dance Hack a Sissi \u0150szi T\u00e1nch\u00e9ten\u00a0\" tabindex=\"-1\" >\n\t\t\tMehr lesen +\t\t<\/a>\n\n\t\t\t\t<\/div>\n\t\t\t\t<\/article>\n\t\t\t\t<article class=\"elementor-post elementor-grid-item post-13405 post type-post status-publish format-standard hentry category-hirek\" role=\"listitem\">\n\t\t\t\t<div class=\"elementor-post__text\">\n\t\t\t\t<h5 class=\"elementor-post__title\">\n\t\t\t<a href=\"https:\/\/cedthu.rwpstaging.site\/de\/a-technologia-es-a-tanc-osszekapcsolodasa\/\" >\n\t\t\t\tVerkn\u00fcpfung von Technik und Tanz\t\t\t<\/a>\n\t\t<\/h5>\n\t\t\t\t<div class=\"elementor-post__meta-data\">\n\t\t\t\t\t<span class=\"elementor-post-date\">\n\t\t\t2024-10-04\t\t<\/span>\n\t\t\t\t<\/div>\n\t\t\t\t<div class=\"elementor-post__excerpt\">\n\t\t\t<p>Das Zusammentreffen von Tanz und Technologie F\u00fcr Art is Business ist es eine der spannendsten Geschichten, wenn die sich st\u00e4ndig weiterentwickelnde Technologie auf die Kunst trifft. A<\/p>\n\t\t<\/div>\n\t\t\n\t\t<a class=\"elementor-post__read-more\" href=\"https:\/\/cedthu.rwpstaging.site\/de\/a-technologia-es-a-tanc-osszekapcsolodasa\/\" aria-label=\"Read more about A technol\u00f3gia \u00e9s a t\u00e1nc \u00f6sszekapcsol\u00f3d\u00e1sa\" tabindex=\"-1\" >\n\t\t\tMehr lesen +\t\t<\/a>\n\n\t\t\t\t<\/div>\n\t\t\t\t<\/article>\n\t\t\t\t<article class=\"elementor-post elementor-grid-item post-13304 post type-post status-publish format-standard hentry category-hirek\" role=\"listitem\">\n\t\t\t\t<div class=\"elementor-post__text\">\n\t\t\t\t<h5 class=\"elementor-post__title\">\n\t\t\t<a href=\"https:\/\/cedthu.rwpstaging.site\/de\/sajtokozlemeny-13-sissi-oszi-tanchet-2024\/\" >\n\t\t\t\tPressemitteilung - 13. Sissi Herbst Tanzfestival - 2024\t\t\t<\/a>\n\t\t<\/h5>\n\t\t\t\t<div class=\"elementor-post__meta-data\">\n\t\t\t\t\t<span class=\"elementor-post-date\">\n\t\t\t2024-10-01\t\t<\/span>\n\t\t\t\t<\/div>\n\t\t\t\t<div class=\"elementor-post__excerpt\">\n\t\t\t<p>Internationales Festival des zeitgen\u00f6ssischen Tanzes im Bethlen T\u00e9ri Theater 2024 15. bis 22. November 2024 Das Sissi Autumn Dance Festival, oder S\u0150T7, das in diesem Jahr am Tag Null beginnt, verspricht im November einen echten Tanzgenuss.<\/p>\n\t\t<\/div>\n\t\t\n\t\t<a class=\"elementor-post__read-more\" href=\"https:\/\/cedthu.rwpstaging.site\/de\/sajtokozlemeny-13-sissi-oszi-tanchet-2024\/\" aria-label=\"Read more about Sajt\u00f3k\u00f6zlem\u00e9ny &#8211; 13. Sissi \u0150szi T\u00e1nch\u00e9t &#8211; 2024\" tabindex=\"-1\" >\n\t\t\tMehr lesen +\t\t<\/a>\n\n\t\t\t\t<\/div>\n\t\t\t\t<\/article>\n\t\t\t\t<\/div>\n\t\t\n\t\t\t\t<div class=\"e-load-more-anchor\" data-page=\"1\" data-max-page=\"5\" data-next-page=\"https:\/\/cedthu.rwpstaging.site\/de\/wp-json\/wp\/v2\/pages\/16956\/page\/2\/\"><\/div>\n\t\t\t\t<nav class=\"elementor-pagination\" aria-label=\"Pagination\">\n\t\t\t<span class=\"page-numbers prev\">\" vorhergehend<\/span>\n<a class=\"page-numbers next\" href=\"https:\/\/cedthu.rwpstaging.site\/de\/wp-json\/wp\/v2\/pages\/16956\/page\/2\/\">N\u00e4chste \"<\/a>\t\t<\/nav>\n\t\t\t\t\t\t<\/div>\n\t\t\t\t<\/div>\n\t\t\t\t\t<\/div>\n\t\t<\/div>\n\t\t\t\t\t<\/div>\n\t\t<\/section>\n\t\t\t\t<\/div>","protected":false},"excerpt":{"rendered":"<p>Nachrichten<\/p>","protected":false},"author":1,"featured_media":0,"parent":0,"menu_order":0,"comment_status":"closed","ping_status":"closed","template":"elementor_header_footer","meta":{"footnotes":""},"class_list":["post-16956","page","type-page","status-publish","hentry"],"yoast_head":"<!-- This site is optimized with the Yoast SEO plugin v26.0 - https:\/\/yoast.com\/wordpress\/plugins\/seo\/ -->\n<title>Hirek - KET<\/title>\n<meta name=\"robots\" content=\"index, follow, max-snippet:-1, max-image-preview:large, max-video-preview:-1\" \/>\n<link rel=\"canonical\" href=\"https:\/\/cedthu.rwpstaging.site\/de\/hirek\/\" \/>\n<meta name=\"twitter:card\" content=\"summary_large_image\" \/>\n<meta name=\"twitter:title\" content=\"Hirek - KET\" \/>\n<meta name=\"twitter:description\" content=\"H\u00edrek\" \/>\n<meta name=\"twitter:label1\" content=\"Gesch\u00e4tzte Lesezeit\" \/>\n\t<meta name=\"twitter:data1\" content=\"6\u00a0Minuten\" \/>\n<script type=\"application\/ld+json\" class=\"yoast-schema-graph\">{\"@context\":\"https:\/\/schema.org\",\"@graph\":[{\"@type\":\"WebPage\",\"@id\":\"https:\/\/cedthu.rwpstaging.site\/hirek\/\",\"url\":\"https:\/\/cedthu.rwpstaging.site\/hirek\/\",\"name\":\"Hirek - KET\",\"isPartOf\":{\"@id\":\"https:\/\/cedthu.rwpstaging.site\/#website\"},\"datePublished\":\"2025-05-06T16:29:01+00:00\",\"dateModified\":\"2025-05-06T16:43:45+00:00\",\"breadcrumb\":{\"@id\":\"https:\/\/cedthu.rwpstaging.site\/hirek\/#breadcrumb\"},\"inLanguage\":\"de\",\"potentialAction\":[{\"@type\":\"ReadAction\",\"target\":[\"https:\/\/cedthu.rwpstaging.site\/hirek\/\"]}]},{\"@type\":\"BreadcrumbList\",\"@id\":\"https:\/\/cedthu.rwpstaging.site\/hirek\/#breadcrumb\",\"itemListElement\":[{\"@type\":\"ListItem\",\"position\":1,\"name\":\"Home\",\"item\":\"https:\/\/cedthu.rwpstaging.site\/\"},{\"@type\":\"ListItem\",\"position\":2,\"name\":\"Hirek\"}]},{\"@type\":\"WebSite\",\"@id\":\"https:\/\/cedthu.rwpstaging.site\/#website\",\"url\":\"https:\/\/cedthu.rwpstaging.site\/\",\"name\":\"KET\",\"description\":\"K\u00f6z\u00e9p-Eur\u00f3pa T\u00e1ncsz\u00ednh\u00e1z\",\"publisher\":{\"@id\":\"https:\/\/cedthu.rwpstaging.site\/#organization\"},\"potentialAction\":[{\"@type\":\"SearchAction\",\"target\":{\"@type\":\"EntryPoint\",\"urlTemplate\":\"https:\/\/cedthu.rwpstaging.site\/?s={search_term_string}\"},\"query-input\":{\"@type\":\"PropertyValueSpecification\",\"valueRequired\":true,\"valueName\":\"search_term_string\"}}],\"inLanguage\":\"de\"},{\"@type\":\"Organization\",\"@id\":\"https:\/\/cedthu.rwpstaging.site\/#organization\",\"name\":\"KET\",\"url\":\"https:\/\/cedthu.rwpstaging.site\/\",\"logo\":{\"@type\":\"ImageObject\",\"inLanguage\":\"de\",\"@id\":\"https:\/\/cedthu.rwpstaging.site\/#\/schema\/logo\/image\/\",\"url\":\"https:\/\/cedthu.rwpstaging.site\/wp-content\/uploads\/2024\/03\/cropped-KET-NYomda-logo2.png\",\"contentUrl\":\"https:\/\/cedthu.rwpstaging.site\/wp-content\/uploads\/2024\/03\/cropped-KET-NYomda-logo2.png\",\"width\":300,\"height\":326,\"caption\":\"KET\"},\"image\":{\"@id\":\"https:\/\/cedthu.rwpstaging.site\/#\/schema\/logo\/image\/\"}}]}<\/script>\n<!-- \/ Yoast SEO plugin. -->","yoast_head_json":{"title":"Hirek - KET","robots":{"index":"index","follow":"follow","max-snippet":"max-snippet:-1","max-image-preview":"max-image-preview:large","max-video-preview":"max-video-preview:-1"},"canonical":"https:\/\/cedthu.rwpstaging.site\/de\/hirek\/","twitter_card":"summary_large_image","twitter_title":"Hirek - KET","twitter_description":"H\u00edrek","twitter_misc":{"Gesch\u00e4tzte Lesezeit":"6\u00a0Minuten"},"schema":{"@context":"https:\/\/schema.org","@graph":[{"@type":"WebPage","@id":"https:\/\/cedthu.rwpstaging.site\/hirek\/","url":"https:\/\/cedthu.rwpstaging.site\/hirek\/","name":"Hirek - KET","isPartOf":{"@id":"https:\/\/cedthu.rwpstaging.site\/#website"},"datePublished":"2025-05-06T16:29:01+00:00","dateModified":"2025-05-06T16:43:45+00:00","breadcrumb":{"@id":"https:\/\/cedthu.rwpstaging.site\/hirek\/#breadcrumb"},"inLanguage":"de","potentialAction":[{"@type":"ReadAction","target":["https:\/\/cedthu.rwpstaging.site\/hirek\/"]}]},{"@type":"BreadcrumbList","@id":"https:\/\/cedthu.rwpstaging.site\/hirek\/#breadcrumb","itemListElement":[{"@type":"ListItem","position":1,"name":"Home","item":"https:\/\/cedthu.rwpstaging.site\/"},{"@type":"ListItem","position":2,"name":"Hirek"}]},{"@type":"WebSite","@id":"https:\/\/cedthu.rwpstaging.site\/#website","url":"https:\/\/cedthu.rwpstaging.site\/","name":"KET","description":"Tanztheater Mitteleuropa","publisher":{"@id":"https:\/\/cedthu.rwpstaging.site\/#organization"},"potentialAction":[{"@type":"SearchAction","target":{"@type":"EntryPoint","urlTemplate":"https:\/\/cedthu.rwpstaging.site\/?s={search_term_string}"},"query-input":{"@type":"PropertyValueSpecification","valueRequired":true,"valueName":"search_term_string"}}],"inLanguage":"de"},{"@type":"Organization","@id":"https:\/\/cedthu.rwpstaging.site\/#organization","name":"KET","url":"https:\/\/cedthu.rwpstaging.site\/","logo":{"@type":"ImageObject","inLanguage":"de","@id":"https:\/\/cedthu.rwpstaging.site\/#\/schema\/logo\/image\/","url":"https:\/\/cedthu.rwpstaging.site\/wp-content\/uploads\/2024\/03\/cropped-KET-NYomda-logo2.png","contentUrl":"https:\/\/cedthu.rwpstaging.site\/wp-content\/uploads\/2024\/03\/cropped-KET-NYomda-logo2.png","width":300,"height":326,"caption":"KET"},"image":{"@id":"https:\/\/cedthu.rwpstaging.site\/#\/schema\/logo\/image\/"}}]}},"_links":{"self":[{"href":"https:\/\/cedthu.rwpstaging.site\/de\/wp-json\/wp\/v2\/pages\/16956","targetHints":{"allow":["GET"]}}],"collection":[{"href":"https:\/\/cedthu.rwpstaging.site\/de\/wp-json\/wp\/v2\/pages"}],"about":[{"href":"https:\/\/cedthu.rwpstaging.site\/de\/wp-json\/wp\/v2\/types\/page"}],"author":[{"embeddable":true,"href":"https:\/\/cedthu.rwpstaging.site\/de\/wp-json\/wp\/v2\/users\/1"}],"replies":[{"embeddable":true,"href":"https:\/\/cedthu.rwpstaging.site\/de\/wp-json\/wp\/v2\/comments?post=16956"}],"version-history":[{"count":5,"href":"https:\/\/cedthu.rwpstaging.site\/de\/wp-json\/wp\/v2\/pages\/16956\/revisions"}],"predecessor-version":[{"id":17038,"href":"https:\/\/cedthu.rwpstaging.site\/de\/wp-json\/wp\/v2\/pages\/16956\/revisions\/17038"}],"wp:attachment":[{"href":"https:\/\/cedthu.rwpstaging.site\/de\/wp-json\/wp\/v2\/media?parent=16956"}],"curies":[{"name":"wp","href":"https:\/\/api.w.org\/{rel}","templated":true}]}}