{"id":17504,"date":"2025-05-14T18:46:24","date_gmt":"2025-05-14T18:46:24","guid":{"rendered":"https:\/\/cedthu.rwpstaging.site\/?page_id=17504"},"modified":"2025-05-15T13:28:50","modified_gmt":"2025-05-15T13:28:50","slug":"onlife","status":"publish","type":"page","link":"https:\/\/cedthu.rwpstaging.site\/de\/onlife\/","title":{"rendered":"Onlife"},"content":{"rendered":"<div data-elementor-type=\"wp-page\" data-elementor-id=\"17504\" class=\"elementor elementor-17504\" data-elementor-post-type=\"page\">\n\t\t\t\t\t\t<section class=\"elementor-section elementor-top-section elementor-element elementor-element-5b244251 elementor-section-boxed elementor-section-height-default elementor-section-height-default\" data-id=\"5b244251\" data-element_type=\"section\" data-settings=\"{&quot;background_background&quot;:&quot;classic&quot;}\">\n\t\t\t\t\t\t<div class=\"elementor-container elementor-column-gap-default\">\n\t\t\t\t\t<div class=\"elementor-column elementor-col-100 elementor-top-column elementor-element elementor-element-6bafb13c\" data-id=\"6bafb13c\" data-element_type=\"column\">\n\t\t\t<div class=\"elementor-widget-wrap elementor-element-populated\">\n\t\t\t\t\t\t<div class=\"elementor-element elementor-element-6f514406 elementor-widget elementor-widget-image\" data-id=\"6f514406\" data-element_type=\"widget\" data-widget_type=\"image.default\">\n\t\t\t\t<div class=\"elementor-widget-container\">\n\t\t\t\t\t\t\t\t\t\t\t\t\t\t\t<img fetchpriority=\"high\" decoding=\"async\" width=\"828\" height=\"507\" src=\"https:\/\/cedthu.rwpstaging.site\/wp-content\/uploads\/2023\/11\/d\u00e9nes_g\u00e1bor_vasas_erikaFF.jpg\" class=\"attachment-full size-full wp-image-11278\" alt=\"\" srcset=\"https:\/\/cedthu.rwpstaging.site\/wp-content\/uploads\/2023\/11\/d\u00e9nes_g\u00e1bor_vasas_erikaFF.jpg 828w, https:\/\/cedthu.rwpstaging.site\/wp-content\/uploads\/2023\/11\/d\u00e9nes_g\u00e1bor_vasas_erikaFF-300x184.jpg 300w, https:\/\/cedthu.rwpstaging.site\/wp-content\/uploads\/2023\/11\/d\u00e9nes_g\u00e1bor_vasas_erikaFF-768x470.jpg 768w, https:\/\/cedthu.rwpstaging.site\/wp-content\/uploads\/2023\/11\/d\u00e9nes_g\u00e1bor_vasas_erikaFF-400x245.jpg 400w, https:\/\/cedthu.rwpstaging.site\/wp-content\/uploads\/2023\/11\/d\u00e9nes_g\u00e1bor_vasas_erikaFF-20x12.jpg 20w\" sizes=\"(max-width: 828px) 100vw, 828px\" \/>\t\t\t\t\t\t\t\t\t\t\t\t\t\t\t<\/div>\n\t\t\t\t<\/div>\n\t\t\t\t<div class=\"elementor-element elementor-element-2e1b5b15 elementor-widget elementor-widget-text-editor\" data-id=\"2e1b5b15\" data-element_type=\"widget\" data-widget_type=\"text-editor.default\">\n\t\t\t\t<div class=\"elementor-widget-container\">\n\t\t\t\t\t\t\t\t\t<div class=\"x11i5rnm xat24cr x1mh8g0r x1vvkbs xtlvy1s\"><div class=\"x11i5rnm xat24cr x1mh8g0r x1vvkbs xtlvy1s\">Aktuelle und st\u00e4ndig wechselnde Trends und Modewellen bieten den Verbrauchern impulsive Muster, denen sie folgen und die sie nachahmen wollen. Ihnen zu folgen kann jedoch f\u00fcr diejenigen, die mithalten wollen, eine Herausforderung sein.<\/div><div class=\"x11i5rnm xat24cr x1mh8g0r x1vvkbs xtlvy1s\">\u00a0<\/div><div class=\"x11i5rnm xat24cr x1mh8g0r x1vvkbs xtlvy1s\">Um Erfolg, Ansehen und gesellschaftlich anerkannte Verdienste zu erlangen, werden bestimmte Verhaltensweisen, Kleidungsstile und Ausdrucksformen schnell attraktiv, und die virtuelle Welt wird immer mehr zum Raum f\u00fcr deren Ausdruck.<\/div><div class=\"x11i5rnm xat24cr x1mh8g0r x1vvkbs xtlvy1s\">\u00a0<\/div><div class=\"x11i5rnm xat24cr x1mh8g0r x1vvkbs xtlvy1s\">Die Ver\u00f6ffentlichung dessen, was uns widerf\u00e4hrt, ist zu einem gesellschaftlichen Gebot geworden, wobei der vielleicht gr\u00f6\u00dfte Fallstrick die verschiedenen M\u00f6glichkeiten der Korrektur der Realit\u00e4t sind. Perfekt eingestelltes Licht, gro\u00dfartige Gesamtwirkung, makellose Umgebung, festgelegte Positionen und ein beneidenswerter, stets einheitlicher und ausgeglichener Geisteszustand.<\/div><div class=\"x11i5rnm xat24cr x1mh8g0r x1vvkbs xtlvy1s\">\u00a0<\/div><div class=\"x11i5rnm xat24cr x1mh8g0r x1vvkbs xtlvy1s\">Die Kluft zwischen dieser fiktiven, sterilen Welt und der Realit\u00e4t, in der die Menschen nicht makellos sind und ihr Leben aus einer Abfolge von H\u00f6hen und Tiefen besteht, wird immer gr\u00f6\u00dfer. Diese nat\u00fcrliche Amplitude zu leugnen, widerspricht grundlegend der Dynamik der menschlichen Existenz in der realen Welt und erfordert daher eine zunehmende Anstrengung, sie im virtuellen Raum zu verbergen.<\/div><div class=\"x11i5rnm xat24cr x1mh8g0r x1vvkbs xtlvy1s\">\u00a0<\/div><div class=\"x11i5rnm xat24cr x1mh8g0r x1vvkbs xtlvy1s\">Unser Protagonist oszilliert zwischen einer fiktiven virtuellen Welt, die er selbst erschaffen hat, und der ungeschminkten Realit\u00e4t, und mit der Zeit scheint das falsche Profil sein Leben zu \u00fcbernehmen, und seine Identifikation mit ihm wirft die Frage auf, wie er die Souver\u00e4nit\u00e4t seines wahren Selbst, seiner Pers\u00f6nlichkeit, bewahren kann.<\/div><div class=\"x11i5rnm xat24cr x1mh8g0r x1vvkbs xtlvy1s\">\u00a0<\/div><div class=\"x11i5rnm xat24cr x1mh8g0r x1vvkbs xtlvy1s\">In seinem unerbittlichen Streben nach Perfektion muss er mit ansehen, wie sein Online-Avatar ein Eigenleben entwickelt, \u00fcber das er keine Kontrolle mehr hat. Die Dumpfheit und Unvollkommenheit der Realit\u00e4t wird f\u00fcr ihn immer belastender, der Kontrast erzeugt immer mehr innere Konflikte in ihm, die eine Konfrontation mit der Realit\u00e4t unausweichlich machen.<\/div><div class=\"x11i5rnm xat24cr x1mh8g0r x1vvkbs xtlvy1s\">\u00a0<\/div><div class=\"x11i5rnm xat24cr x1mh8g0r x1vvkbs xtlvy1s\">Portr\u00e4t von G\u00e1bor D\u00e9nes<\/div><\/div>\t\t\t\t\t\t\t\t<\/div>\n\t\t\t\t<\/div>\n\t\t\t\t<div class=\"elementor-element elementor-element-22ca5209 elementor-widget elementor-widget-heading\" data-id=\"22ca5209\" data-element_type=\"widget\" data-widget_type=\"heading.default\">\n\t\t\t\t<div class=\"elementor-widget-container\">\n\t\t\t\t\t<h2 class=\"elementor-heading-title elementor-size-default\">Sch\u00f6pfer<\/h2>\t\t\t\t<\/div>\n\t\t\t\t<\/div>\n\t\t\t\t<div class=\"elementor-element elementor-element-3e6abc5a elementor-widget-divider--view-line elementor-widget elementor-widget-divider\" data-id=\"3e6abc5a\" data-element_type=\"widget\" data-widget_type=\"divider.default\">\n\t\t\t\t<div class=\"elementor-widget-container\">\n\t\t\t\t\t\t\t<div class=\"elementor-divider\">\n\t\t\t<span class=\"elementor-divider-separator\">\n\t\t\t\t\t\t<\/span>\n\t\t<\/div>\n\t\t\t\t\t\t<\/div>\n\t\t\t\t<\/div>\n\t\t\t\t<div class=\"elementor-element elementor-element-7fff0cae elementor-widget elementor-widget-text-editor\" data-id=\"7fff0cae\" data-element_type=\"widget\" data-widget_type=\"text-editor.default\">\n\t\t\t\t<div class=\"elementor-widget-container\">\n\t\t\t\t\t\t\t\t\t<div class=\"show-actors\"><div id=\"nested-actors\"><div><div><h3>Tanzk\u00fcnstler<\/h3><ul><li>Sinka L\u00eddia<\/li><\/ul><\/div><div><h3>Techniker<\/h3><ul><li>Merc\u00e9desz Selmeczi<\/li><\/ul><\/div><div><h3>Licht<\/h3><ul><li>Merc\u00e9desz Selmeczi<\/li><\/ul><\/div><div><h3>H\u00e4ngen<\/h3><ul><li>madla<\/li><\/ul><\/div><div><h3>Choreograph<\/h3><ul><li>Erika Vasas<\/li><\/ul><\/div><\/div><\/div><\/div>\t\t\t\t\t\t\t\t<\/div>\n\t\t\t\t<\/div>\n\t\t\t\t<div class=\"elementor-element elementor-element-3dec281 elementor-widget elementor-widget-gallery\" data-id=\"3dec281\" data-element_type=\"widget\" data-settings=\"{&quot;columns&quot;:3,&quot;lazyload&quot;:&quot;yes&quot;,&quot;gallery_layout&quot;:&quot;grid&quot;,&quot;columns_tablet&quot;:2,&quot;columns_mobile&quot;:1,&quot;gap&quot;:{&quot;unit&quot;:&quot;px&quot;,&quot;size&quot;:10,&quot;sizes&quot;:[]},&quot;gap_tablet&quot;:{&quot;unit&quot;:&quot;px&quot;,&quot;size&quot;:10,&quot;sizes&quot;:[]},&quot;gap_mobile&quot;:{&quot;unit&quot;:&quot;px&quot;,&quot;size&quot;:10,&quot;sizes&quot;:[]},&quot;link_to&quot;:&quot;file&quot;,&quot;aspect_ratio&quot;:&quot;3:2&quot;,&quot;overlay_background&quot;:&quot;yes&quot;,&quot;content_hover_animation&quot;:&quot;fade-in&quot;}\" data-widget_type=\"gallery.default\">\n\t\t\t\t<div class=\"elementor-widget-container\">\n\t\t\t\t\t\t\t<div class=\"elementor-gallery__container\">\n\t\t\t\t\t\t\t<a class=\"e-gallery-item elementor-gallery-item elementor-animated-content\" href=\"https:\/\/cedthu.rwpstaging.site\/wp-content\/uploads\/2023\/11\/Onlif420_honlap.jpg\" data-elementor-open-lightbox=\"yes\" data-elementor-lightbox-slideshow=\"3dec281\" data-elementor-lightbox-title=\"Onlif420_honlap\" data-e-action-hash=\"#elementor-action%3Aaction%3Dlightbox%26settings%3DeyJpZCI6MTEzNjYsInVybCI6Imh0dHBzOlwvXC9jZWR0aHUucndwc3RhZ2luZy5zaXRlXC93cC1jb250ZW50XC91cGxvYWRzXC8yMDIzXC8xMVwvT25saWY0MjBfaG9ubGFwLmpwZyIsInNsaWRlc2hvdyI6IjNkZWMyODEifQ%3D%3D\">\n\t\t\t\t\t<div class=\"e-gallery-image elementor-gallery-item__image\" data-thumbnail=\"https:\/\/cedthu.rwpstaging.site\/wp-content\/uploads\/2023\/11\/Onlif420_honlap-300x200.jpg\" data-width=\"300\" data-height=\"200\" aria-label=\"\" role=\"img\" ><\/div>\n\t\t\t\t\t\t\t\t\t\t\t<div class=\"elementor-gallery-item__overlay\"><\/div>\n\t\t\t\t\t\t\t\t\t\t\t\t\t\t<\/a>\n\t\t\t\t\t\t\t<a class=\"e-gallery-item elementor-gallery-item elementor-animated-content\" href=\"https:\/\/cedthu.rwpstaging.site\/wp-content\/uploads\/2023\/11\/Onlif009_honlap.jpg\" data-elementor-open-lightbox=\"yes\" data-elementor-lightbox-slideshow=\"3dec281\" data-elementor-lightbox-title=\"Onlif009_honlap\" data-e-action-hash=\"#elementor-action%3Aaction%3Dlightbox%26settings%3DeyJpZCI6MTEzNjgsInVybCI6Imh0dHBzOlwvXC9jZWR0aHUucndwc3RhZ2luZy5zaXRlXC93cC1jb250ZW50XC91cGxvYWRzXC8yMDIzXC8xMVwvT25saWYwMDlfaG9ubGFwLmpwZyIsInNsaWRlc2hvdyI6IjNkZWMyODEifQ%3D%3D\">\n\t\t\t\t\t<div class=\"e-gallery-image elementor-gallery-item__image\" data-thumbnail=\"https:\/\/cedthu.rwpstaging.site\/wp-content\/uploads\/2023\/11\/Onlif009_honlap-300x200.jpg\" data-width=\"300\" data-height=\"200\" aria-label=\"\" role=\"img\" ><\/div>\n\t\t\t\t\t\t\t\t\t\t\t<div class=\"elementor-gallery-item__overlay\"><\/div>\n\t\t\t\t\t\t\t\t\t\t\t\t\t\t<\/a>\n\t\t\t\t\t\t\t<a class=\"e-gallery-item elementor-gallery-item elementor-animated-content\" href=\"https:\/\/cedthu.rwpstaging.site\/wp-content\/uploads\/2023\/11\/Onlif023_honlap.jpg\" data-elementor-open-lightbox=\"yes\" data-elementor-lightbox-slideshow=\"3dec281\" data-elementor-lightbox-title=\"Onlif023_honlap\" data-e-action-hash=\"#elementor-action%3Aaction%3Dlightbox%26settings%3DeyJpZCI6MTEzNzAsInVybCI6Imh0dHBzOlwvXC9jZWR0aHUucndwc3RhZ2luZy5zaXRlXC93cC1jb250ZW50XC91cGxvYWRzXC8yMDIzXC8xMVwvT25saWYwMjNfaG9ubGFwLmpwZyIsInNsaWRlc2hvdyI6IjNkZWMyODEifQ%3D%3D\">\n\t\t\t\t\t<div class=\"e-gallery-image elementor-gallery-item__image\" data-thumbnail=\"https:\/\/cedthu.rwpstaging.site\/wp-content\/uploads\/2023\/11\/Onlif023_honlap-300x200.jpg\" data-width=\"300\" data-height=\"200\" aria-label=\"\" role=\"img\" ><\/div>\n\t\t\t\t\t\t\t\t\t\t\t<div class=\"elementor-gallery-item__overlay\"><\/div>\n\t\t\t\t\t\t\t\t\t\t\t\t\t\t<\/a>\n\t\t\t\t\t<\/div>\n\t\t\t\t\t<\/div>\n\t\t\t\t<\/div>\n\t\t\t\t<div class=\"elementor-element elementor-element-7a430ae8 elementor-widget elementor-widget-heading\" data-id=\"7a430ae8\" data-element_type=\"widget\" data-widget_type=\"heading.default\">\n\t\t\t\t<div class=\"elementor-widget-container\">\n\t\t\t\t\t<h2 class=\"elementor-heading-title elementor-size-default\">KET - K-Gesichter - Vasas Erika - Onlife<\/h2>\t\t\t\t<\/div>\n\t\t\t\t<\/div>\n\t\t\t\t<div class=\"elementor-element elementor-element-628b09da elementor-widget elementor-widget-video\" data-id=\"628b09da\" data-element_type=\"widget\" data-settings=\"{&quot;youtube_url&quot;:&quot;https:\\\/\\\/youtu.be\\\/szMttgikxsk&quot;,&quot;video_type&quot;:&quot;youtube&quot;,&quot;controls&quot;:&quot;yes&quot;}\" data-widget_type=\"video.default\">\n\t\t\t\t<div class=\"elementor-widget-container\">\n\t\t\t\t\t\t\t<div class=\"elementor-wrapper elementor-open-inline\">\n\t\t\t<div class=\"elementor-video\"><\/div>\t\t<\/div>\n\t\t\t\t\t\t<\/div>\n\t\t\t\t<\/div>\n\t\t\t\t<div class=\"elementor-element elementor-element-4714811b elementor-widget elementor-widget-heading\" data-id=\"4714811b\" data-element_type=\"widget\" data-widget_type=\"heading.default\">\n\t\t\t\t<div class=\"elementor-widget-container\">\n\t\t\t\t\t<h2 class=\"elementor-heading-title elementor-size-default\"><a href=\"https:\/\/cedthu.rwpstaging.site\/wp-content\/uploads\/2023\/11\/RIDER_ONLIFE.pdf\">Ansicht Reiter<\/a><\/h2>\t\t\t\t<\/div>\n\t\t\t\t<\/div>\n\t\t\t\t\t<\/div>\n\t\t<\/div>\n\t\t\t\t\t<\/div>\n\t\t<\/section>\n\t\t\t\t<\/div>","protected":false},"excerpt":{"rendered":"<p>Az aktu\u00e1lis, \u00e9s folyton v\u00e1ltoz\u00f3 trendek \u00e9s divathull\u00e1mok impulz\u00edv mint\u00e1kat k\u00edn\u00e1lnak fogyaszt\u00f3inak, akikben kialakul a v\u00e1gy szapor\u00e1n lek\u00f6vetni, leut\u00e1nozni azokat. Ezek lek\u00f6vet\u00e9se azonban komoly kih\u00edv\u00e1st jelenthet azok sz\u00e1m\u00e1ra, akik l\u00e9p\u00e9st akarnak tartani.\u00a0A sikeress\u00e9g, a k\u00fcl\u00f6nlegess\u00e9g, a t\u00e1rsadalom \u00e1ltal elismert \u00e9rdemek el\u00e9r\u00e9se \u00e9rdek\u00e9ben hamar vonz\u00f3v\u00e1 v\u00e1lnak bizonyos viselked\u00e9sform\u00e1k, \u00f6lt\u00f6zk\u00f6d\u00e9si st\u00edlusok, kifejez\u00e9si m\u00f3dok, melyek megmutatkoz\u00e1s\u00e1nak tere egyre [&hellip;]<\/p>","protected":false},"author":1,"featured_media":0,"parent":0,"menu_order":0,"comment_status":"closed","ping_status":"closed","template":"elementor_header_footer","meta":{"footnotes":""},"class_list":["post-17504","page","type-page","status-publish","hentry"],"yoast_head":"<!-- This site is optimized with the Yoast SEO plugin v26.0 - https:\/\/yoast.com\/wordpress\/plugins\/seo\/ -->\n<title>Onlife - KET<\/title>\n<meta name=\"robots\" content=\"index, follow, max-snippet:-1, max-image-preview:large, max-video-preview:-1\" \/>\n<link rel=\"canonical\" href=\"https:\/\/cedthu.rwpstaging.site\/de\/onlife\/\" \/>\n<meta name=\"twitter:card\" content=\"summary_large_image\" \/>\n<meta name=\"twitter:title\" content=\"Onlife - KET\" \/>\n<meta name=\"twitter:description\" content=\"Az aktu\u00e1lis, \u00e9s folyton v\u00e1ltoz\u00f3 trendek \u00e9s divathull\u00e1mok impulz\u00edv mint\u00e1kat k\u00edn\u00e1lnak fogyaszt\u00f3inak, akikben kialakul a v\u00e1gy szapor\u00e1n lek\u00f6vetni, leut\u00e1nozni azokat. Ezek lek\u00f6vet\u00e9se azonban komoly kih\u00edv\u00e1st jelenthet azok sz\u00e1m\u00e1ra, akik l\u00e9p\u00e9st akarnak tartani.\u00a0A sikeress\u00e9g, a k\u00fcl\u00f6nlegess\u00e9g, a t\u00e1rsadalom \u00e1ltal elismert \u00e9rdemek el\u00e9r\u00e9se \u00e9rdek\u00e9ben hamar vonz\u00f3v\u00e1 v\u00e1lnak bizonyos viselked\u00e9sform\u00e1k, \u00f6lt\u00f6zk\u00f6d\u00e9si st\u00edlusok, kifejez\u00e9si m\u00f3dok, melyek megmutatkoz\u00e1s\u00e1nak tere egyre [&hellip;]\" \/>\n<meta name=\"twitter:label1\" content=\"Gesch\u00e4tzte Lesezeit\" \/>\n\t<meta name=\"twitter:data1\" content=\"2\u00a0Minuten\" \/>\n<script type=\"application\/ld+json\" class=\"yoast-schema-graph\">{\"@context\":\"https:\/\/schema.org\",\"@graph\":[{\"@type\":\"WebPage\",\"@id\":\"https:\/\/cedthu.rwpstaging.site\/onlife\/\",\"url\":\"https:\/\/cedthu.rwpstaging.site\/onlife\/\",\"name\":\"Onlife - KET\",\"isPartOf\":{\"@id\":\"https:\/\/cedthu.rwpstaging.site\/#website\"},\"datePublished\":\"2025-05-14T18:46:24+00:00\",\"dateModified\":\"2025-05-15T13:28:50+00:00\",\"breadcrumb\":{\"@id\":\"https:\/\/cedthu.rwpstaging.site\/onlife\/#breadcrumb\"},\"inLanguage\":\"de\",\"potentialAction\":[{\"@type\":\"ReadAction\",\"target\":[\"https:\/\/cedthu.rwpstaging.site\/onlife\/\"]}]},{\"@type\":\"BreadcrumbList\",\"@id\":\"https:\/\/cedthu.rwpstaging.site\/onlife\/#breadcrumb\",\"itemListElement\":[{\"@type\":\"ListItem\",\"position\":1,\"name\":\"Home\",\"item\":\"https:\/\/cedthu.rwpstaging.site\/\"},{\"@type\":\"ListItem\",\"position\":2,\"name\":\"Onlife\"}]},{\"@type\":\"WebSite\",\"@id\":\"https:\/\/cedthu.rwpstaging.site\/#website\",\"url\":\"https:\/\/cedthu.rwpstaging.site\/\",\"name\":\"KET\",\"description\":\"K\u00f6z\u00e9p-Eur\u00f3pa T\u00e1ncsz\u00ednh\u00e1z\",\"publisher\":{\"@id\":\"https:\/\/cedthu.rwpstaging.site\/#organization\"},\"potentialAction\":[{\"@type\":\"SearchAction\",\"target\":{\"@type\":\"EntryPoint\",\"urlTemplate\":\"https:\/\/cedthu.rwpstaging.site\/?s={search_term_string}\"},\"query-input\":{\"@type\":\"PropertyValueSpecification\",\"valueRequired\":true,\"valueName\":\"search_term_string\"}}],\"inLanguage\":\"de\"},{\"@type\":\"Organization\",\"@id\":\"https:\/\/cedthu.rwpstaging.site\/#organization\",\"name\":\"KET\",\"url\":\"https:\/\/cedthu.rwpstaging.site\/\",\"logo\":{\"@type\":\"ImageObject\",\"inLanguage\":\"de\",\"@id\":\"https:\/\/cedthu.rwpstaging.site\/#\/schema\/logo\/image\/\",\"url\":\"https:\/\/cedthu.rwpstaging.site\/wp-content\/uploads\/2024\/03\/cropped-KET-NYomda-logo2.png\",\"contentUrl\":\"https:\/\/cedthu.rwpstaging.site\/wp-content\/uploads\/2024\/03\/cropped-KET-NYomda-logo2.png\",\"width\":300,\"height\":326,\"caption\":\"KET\"},\"image\":{\"@id\":\"https:\/\/cedthu.rwpstaging.site\/#\/schema\/logo\/image\/\"}}]}<\/script>\n<!-- \/ Yoast SEO plugin. -->","yoast_head_json":{"title":"Onlife - KET","robots":{"index":"index","follow":"follow","max-snippet":"max-snippet:-1","max-image-preview":"max-image-preview:large","max-video-preview":"max-video-preview:-1"},"canonical":"https:\/\/cedthu.rwpstaging.site\/de\/onlife\/","twitter_card":"summary_large_image","twitter_title":"Onlife - KET","twitter_description":"Az aktu\u00e1lis, \u00e9s folyton v\u00e1ltoz\u00f3 trendek \u00e9s divathull\u00e1mok impulz\u00edv mint\u00e1kat k\u00edn\u00e1lnak fogyaszt\u00f3inak, akikben kialakul a v\u00e1gy szapor\u00e1n lek\u00f6vetni, leut\u00e1nozni azokat. Ezek lek\u00f6vet\u00e9se azonban komoly kih\u00edv\u00e1st jelenthet azok sz\u00e1m\u00e1ra, akik l\u00e9p\u00e9st akarnak tartani.\u00a0A sikeress\u00e9g, a k\u00fcl\u00f6nlegess\u00e9g, a t\u00e1rsadalom \u00e1ltal elismert \u00e9rdemek el\u00e9r\u00e9se \u00e9rdek\u00e9ben hamar vonz\u00f3v\u00e1 v\u00e1lnak bizonyos viselked\u00e9sform\u00e1k, \u00f6lt\u00f6zk\u00f6d\u00e9si st\u00edlusok, kifejez\u00e9si m\u00f3dok, melyek megmutatkoz\u00e1s\u00e1nak tere egyre [&hellip;]","twitter_misc":{"Gesch\u00e4tzte Lesezeit":"2\u00a0Minuten"},"schema":{"@context":"https:\/\/schema.org","@graph":[{"@type":"WebPage","@id":"https:\/\/cedthu.rwpstaging.site\/onlife\/","url":"https:\/\/cedthu.rwpstaging.site\/onlife\/","name":"Onlife - KET","isPartOf":{"@id":"https:\/\/cedthu.rwpstaging.site\/#website"},"datePublished":"2025-05-14T18:46:24+00:00","dateModified":"2025-05-15T13:28:50+00:00","breadcrumb":{"@id":"https:\/\/cedthu.rwpstaging.site\/onlife\/#breadcrumb"},"inLanguage":"de","potentialAction":[{"@type":"ReadAction","target":["https:\/\/cedthu.rwpstaging.site\/onlife\/"]}]},{"@type":"BreadcrumbList","@id":"https:\/\/cedthu.rwpstaging.site\/onlife\/#breadcrumb","itemListElement":[{"@type":"ListItem","position":1,"name":"Home","item":"https:\/\/cedthu.rwpstaging.site\/"},{"@type":"ListItem","position":2,"name":"Onlife"}]},{"@type":"WebSite","@id":"https:\/\/cedthu.rwpstaging.site\/#website","url":"https:\/\/cedthu.rwpstaging.site\/","name":"KET","description":"Tanztheater Mitteleuropa","publisher":{"@id":"https:\/\/cedthu.rwpstaging.site\/#organization"},"potentialAction":[{"@type":"SearchAction","target":{"@type":"EntryPoint","urlTemplate":"https:\/\/cedthu.rwpstaging.site\/?s={search_term_string}"},"query-input":{"@type":"PropertyValueSpecification","valueRequired":true,"valueName":"search_term_string"}}],"inLanguage":"de"},{"@type":"Organization","@id":"https:\/\/cedthu.rwpstaging.site\/#organization","name":"KET","url":"https:\/\/cedthu.rwpstaging.site\/","logo":{"@type":"ImageObject","inLanguage":"de","@id":"https:\/\/cedthu.rwpstaging.site\/#\/schema\/logo\/image\/","url":"https:\/\/cedthu.rwpstaging.site\/wp-content\/uploads\/2024\/03\/cropped-KET-NYomda-logo2.png","contentUrl":"https:\/\/cedthu.rwpstaging.site\/wp-content\/uploads\/2024\/03\/cropped-KET-NYomda-logo2.png","width":300,"height":326,"caption":"KET"},"image":{"@id":"https:\/\/cedthu.rwpstaging.site\/#\/schema\/logo\/image\/"}}]}},"_links":{"self":[{"href":"https:\/\/cedthu.rwpstaging.site\/de\/wp-json\/wp\/v2\/pages\/17504","targetHints":{"allow":["GET"]}}],"collection":[{"href":"https:\/\/cedthu.rwpstaging.site\/de\/wp-json\/wp\/v2\/pages"}],"about":[{"href":"https:\/\/cedthu.rwpstaging.site\/de\/wp-json\/wp\/v2\/types\/page"}],"author":[{"embeddable":true,"href":"https:\/\/cedthu.rwpstaging.site\/de\/wp-json\/wp\/v2\/users\/1"}],"replies":[{"embeddable":true,"href":"https:\/\/cedthu.rwpstaging.site\/de\/wp-json\/wp\/v2\/comments?post=17504"}],"version-history":[{"count":5,"href":"https:\/\/cedthu.rwpstaging.site\/de\/wp-json\/wp\/v2\/pages\/17504\/revisions"}],"predecessor-version":[{"id":17812,"href":"https:\/\/cedthu.rwpstaging.site\/de\/wp-json\/wp\/v2\/pages\/17504\/revisions\/17812"}],"wp:attachment":[{"href":"https:\/\/cedthu.rwpstaging.site\/de\/wp-json\/wp\/v2\/media?parent=17504"}],"curies":[{"name":"wp","href":"https:\/\/api.w.org\/{rel}","templated":true}]}}