{"id":17761,"date":"2025-05-15T13:17:22","date_gmt":"2025-05-15T13:17:22","guid":{"rendered":"https:\/\/cedthu.rwpstaging.site\/?page_id=17761"},"modified":"2025-05-15T13:45:50","modified_gmt":"2025-05-15T13:45:50","slug":"effigy-kepmas","status":"publish","type":"page","link":"https:\/\/cedthu.rwpstaging.site\/de\/effigy-kepmas\/","title":{"rendered":"Effigy \/\/ K\u00e9pm\u00e1s"},"content":{"rendered":"<div data-elementor-type=\"wp-page\" data-elementor-id=\"17761\" class=\"elementor elementor-17761\" data-elementor-post-type=\"page\">\n\t\t\t\t\t\t<section class=\"elementor-section elementor-top-section elementor-element elementor-element-33d32722 elementor-section-boxed elementor-section-height-default elementor-section-height-default\" data-id=\"33d32722\" data-element_type=\"section\" data-settings=\"{&quot;background_background&quot;:&quot;classic&quot;}\">\n\t\t\t\t\t\t<div class=\"elementor-container elementor-column-gap-default\">\n\t\t\t\t\t<div class=\"elementor-column elementor-col-100 elementor-top-column elementor-element elementor-element-78df2741\" data-id=\"78df2741\" data-element_type=\"column\">\n\t\t\t<div class=\"elementor-widget-wrap elementor-element-populated\">\n\t\t\t\t\t\t<div class=\"elementor-element elementor-element-1fa68412 elementor-widget elementor-widget-image\" data-id=\"1fa68412\" data-element_type=\"widget\" data-widget_type=\"image.default\">\n\t\t\t\t<div class=\"elementor-widget-container\">\n\t\t\t\t\t\t\t\t\t\t\t\t\t\t\t<img fetchpriority=\"high\" decoding=\"async\" width=\"787\" height=\"525\" src=\"https:\/\/cedthu.rwpstaging.site\/wp-content\/uploads\/2021\/02\/LadjanszkiMarta_Portre_foto_RolandSzabo_5601k_ff_k.jpg\" class=\"attachment-full size-full wp-image-7496\" alt=\"\" srcset=\"https:\/\/cedthu.rwpstaging.site\/wp-content\/uploads\/2021\/02\/LadjanszkiMarta_Portre_foto_RolandSzabo_5601k_ff_k.jpg 787w, https:\/\/cedthu.rwpstaging.site\/wp-content\/uploads\/2021\/02\/LadjanszkiMarta_Portre_foto_RolandSzabo_5601k_ff_k-300x200.jpg 300w, https:\/\/cedthu.rwpstaging.site\/wp-content\/uploads\/2021\/02\/LadjanszkiMarta_Portre_foto_RolandSzabo_5601k_ff_k-768x512.jpg 768w, https:\/\/cedthu.rwpstaging.site\/wp-content\/uploads\/2021\/02\/LadjanszkiMarta_Portre_foto_RolandSzabo_5601k_ff_k-400x267.jpg 400w, https:\/\/cedthu.rwpstaging.site\/wp-content\/uploads\/2021\/02\/LadjanszkiMarta_Portre_foto_RolandSzabo_5601k_ff_k-20x13.jpg 20w\" sizes=\"(max-width: 787px) 100vw, 787px\" \/>\t\t\t\t\t\t\t\t\t\t\t\t\t\t\t<\/div>\n\t\t\t\t<\/div>\n\t\t\t\t<div class=\"elementor-element elementor-element-7f18a9b9 elementor-widget elementor-widget-text-editor\" data-id=\"7f18a9b9\" data-element_type=\"widget\" data-widget_type=\"text-editor.default\">\n\t\t\t\t<div class=\"elementor-widget-container\">\n\t\t\t\t\t\t\t\t\t<div class=\"x11i5rnm xat24cr x1mh8g0r x1vvkbs xtlvy1s\"><p>Effigy, aus der N\u00e4he betrachtet: ein Portr\u00e4t. Ein anderes Bild: anders. Die etymologische Erkl\u00e4rung schwingt bei mir mit, denn auch ich betrachte das Solo, das auf diese Weise entsteht, als ein Simile, da die Person auf der B\u00fchne eine quasi fiktive Person ist. Er ern\u00e4hrt sich von Kriszti\u00e1n und mir und erscheint auf Kriszti\u00e1ns K\u00f6rper, er ist ihm also \u00e4hnlich, aber er ist nicht ein und derselbe. Das Auftauchen des Wortes effigy wurde erstmals 1539 im Englischen dokumentiert, wahrscheinlich durch franz\u00f6sische \u00dcbertragung, aus dem Singular des lateinischen effigies, was Kopie, Abbild, \u00c4hnlichkeit, Portr\u00e4t und Statue bedeutet.<\/p><p>Mir gef\u00e4llt, dass diese Analogie einen biblischen Bezug hat, denn in der Bibel steht, dass Gott den Menschen nach seinem Ebenbild geschaffen hat. Der Maler wiederum nimmt das Bild des Modells und seine eigene Fantasie und malt das Ergebnis. Wie wir, in diesem Solo. Daf\u00fcr spricht auch Kriszti\u00e1ns Hobby, die Malerei, das hei\u00dft, dass ein Maler Bilder malt. Seine Portr\u00e4ts zeigen nicht nur Gesichter, sondern auch Schicksale.<br \/>Wie in unserer Auff\u00fchrung wird die Figur ein individuelles Schicksal haben, das gespielt wird - oder auch nicht - und das von den Zuschauern gelesen wird - oder auch nicht.<\/p><p>Die Verbrennung von Bildnissen ist Teil vieler Rituale zum Wechsel der Jahreszeiten, die in ganz Europa nach lokalen Traditionen durchgef\u00fchrt werden. Die Figuren stellen in der Regel die \"unerw\u00fcnschten\" Kr\u00e4fte des Lebens dar (Winter, das vergangene Jahr, Hexen, Judas), und ihre Verbrennung markiert und feiert den j\u00e4hrlichen Zyklus des Lebens - Tod und Wiedergeburt - die \u00dcberwindung des Winters und die R\u00fcckkehr des Fr\u00fchlings. Die meisten Traditionen finden um Neujahr, am Ende des Karnevals oder in der Woche vor Ostern statt.<\/p><p>Portr\u00e4t von Roland Szab\u00f3<\/p><\/div>\t\t\t\t\t\t\t\t<\/div>\n\t\t\t\t<\/div>\n\t\t\t\t<div class=\"elementor-element elementor-element-5a6a3517 elementor-widget elementor-widget-heading\" data-id=\"5a6a3517\" data-element_type=\"widget\" data-widget_type=\"heading.default\">\n\t\t\t\t<div class=\"elementor-widget-container\">\n\t\t\t\t\t<h2 class=\"elementor-heading-title elementor-size-default\">Sch\u00f6pfer<\/h2>\t\t\t\t<\/div>\n\t\t\t\t<\/div>\n\t\t\t\t<div class=\"elementor-element elementor-element-53e4c329 elementor-widget-divider--view-line elementor-widget elementor-widget-divider\" data-id=\"53e4c329\" data-element_type=\"widget\" data-widget_type=\"divider.default\">\n\t\t\t\t<div class=\"elementor-widget-container\">\n\t\t\t\t\t\t\t<div class=\"elementor-divider\">\n\t\t\t<span class=\"elementor-divider-separator\">\n\t\t\t\t\t\t<\/span>\n\t\t<\/div>\n\t\t\t\t\t\t<\/div>\n\t\t\t\t<\/div>\n\t\t\t\t<div class=\"elementor-element elementor-element-4539ae40 elementor-widget elementor-widget-text-editor\" data-id=\"4539ae40\" data-element_type=\"widget\" data-widget_type=\"text-editor.default\">\n\t\t\t\t<div class=\"elementor-widget-container\">\n\t\t\t\t\t\t\t\t\t<div class=\"show-actors\"><div id=\"nested-actors\"><div><div class=\"show-actors\"><div id=\"nested-actors\"><div><h3>Konzept\/Design<\/h3><ul><li>Marta Ladj\u00e1nszki<\/li><\/ul><\/div><div><h3>Choreographie<\/h3><ul><li>M\u00e1rta Ladj\u00e1nszki und andere K\u00fcnstler\/Darsteller<\/li><\/ul><\/div><div><h3>T\u00e4nzerin<\/h3><ul><li>Kriszti\u00e1n Barna<\/li><\/ul><\/div><div><h3>Komponist\/Darsteller<\/h3><ul><li>Zsolt Varga<\/li><\/ul><\/div><div><h3>Licht<\/h3><ul><li>Zolt\u00e1n Fogarasi<\/li><\/ul><\/div><div><h3>Kost\u00fcm<\/h3><ul><li>Schmetterling<\/li><\/ul><\/div><div><h3>Assistentin<\/h3><ul><li>Ren\u00e1ta Jo\u00f3<\/li><\/ul><\/div><div><h3>Visuelle Hilfe<\/h3><ul><li>Istv\u00e1n Kov\u00e1cs<\/li><\/ul><\/div><div><h3>Besonderen Dank an die T\u00e4nzerinnen und T\u00e4nzer, die an dem Workshop teilgenommen haben, f\u00fcr ihre Gedanken, Bewegungen und ihre inspirierende Pr\u00e4senz:<\/h3><ul><li>Attila D\u00e1niel, T\u00edmea Gy\u00f6rke, Eszter M\u00f3rocz, Zs\u00f3fia Sz\u00e1sz, Fl\u00f3ra Veres<\/li><\/ul><\/div><\/div><\/div><div class=\"show-images\"><div class=\"row no-margin\"><div class=\"col-md-12 no-padding\">\u00a0<\/div><\/div><\/div><\/div><\/div><\/div>\t\t\t\t\t\t\t\t<\/div>\n\t\t\t\t<\/div>\n\t\t\t\t<div class=\"elementor-element elementor-element-60486e7f elementor-widget elementor-widget-gallery\" data-id=\"60486e7f\" data-element_type=\"widget\" data-settings=\"{&quot;columns&quot;:3,&quot;lazyload&quot;:&quot;yes&quot;,&quot;gallery_layout&quot;:&quot;grid&quot;,&quot;columns_tablet&quot;:2,&quot;columns_mobile&quot;:1,&quot;gap&quot;:{&quot;unit&quot;:&quot;px&quot;,&quot;size&quot;:10,&quot;sizes&quot;:[]},&quot;gap_tablet&quot;:{&quot;unit&quot;:&quot;px&quot;,&quot;size&quot;:10,&quot;sizes&quot;:[]},&quot;gap_mobile&quot;:{&quot;unit&quot;:&quot;px&quot;,&quot;size&quot;:10,&quot;sizes&quot;:[]},&quot;link_to&quot;:&quot;file&quot;,&quot;aspect_ratio&quot;:&quot;3:2&quot;,&quot;overlay_background&quot;:&quot;yes&quot;,&quot;content_hover_animation&quot;:&quot;fade-in&quot;}\" data-widget_type=\"gallery.default\">\n\t\t\t\t<div class=\"elementor-widget-container\">\n\t\t\t\t\t\t\t<div class=\"elementor-gallery__container\">\n\t\t\t\t\t\t\t<a class=\"e-gallery-item elementor-gallery-item elementor-animated-content\" href=\"https:\/\/cedthu.rwpstaging.site\/wp-content\/uploads\/2021\/11\/effigy04.jpg\" data-elementor-open-lightbox=\"yes\" data-elementor-lightbox-slideshow=\"60486e7f\" data-elementor-lightbox-title=\"effigy04\" data-e-action-hash=\"#elementor-action%3Aaction%3Dlightbox%26settings%3DeyJpZCI6ODI1OCwidXJsIjoiaHR0cHM6XC9cL2NlZHRodS5yd3BzdGFnaW5nLnNpdGVcL3dwLWNvbnRlbnRcL3VwbG9hZHNcLzIwMjFcLzExXC9lZmZpZ3kwNC5qcGciLCJzbGlkZXNob3ciOiI2MDQ4NmU3ZiJ9\">\n\t\t\t\t\t<div class=\"e-gallery-image elementor-gallery-item__image\" data-thumbnail=\"https:\/\/cedthu.rwpstaging.site\/wp-content\/uploads\/2021\/11\/effigy04-300x200.jpg\" data-width=\"300\" data-height=\"200\" aria-label=\"\" role=\"img\" ><\/div>\n\t\t\t\t\t\t\t\t\t\t\t<div class=\"elementor-gallery-item__overlay\"><\/div>\n\t\t\t\t\t\t\t\t\t\t\t\t\t\t<\/a>\n\t\t\t\t\t\t\t<a class=\"e-gallery-item elementor-gallery-item elementor-animated-content\" href=\"https:\/\/cedthu.rwpstaging.site\/wp-content\/uploads\/2021\/11\/effigy33.jpg\" data-elementor-open-lightbox=\"yes\" data-elementor-lightbox-slideshow=\"60486e7f\" data-elementor-lightbox-title=\"effigy33\" data-e-action-hash=\"#elementor-action%3Aaction%3Dlightbox%26settings%3DeyJpZCI6ODI2MywidXJsIjoiaHR0cHM6XC9cL2NlZHRodS5yd3BzdGFnaW5nLnNpdGVcL3dwLWNvbnRlbnRcL3VwbG9hZHNcLzIwMjFcLzExXC9lZmZpZ3kzMy5qcGciLCJzbGlkZXNob3ciOiI2MDQ4NmU3ZiJ9\">\n\t\t\t\t\t<div class=\"e-gallery-image elementor-gallery-item__image\" data-thumbnail=\"https:\/\/cedthu.rwpstaging.site\/wp-content\/uploads\/2021\/11\/effigy33-300x200.jpg\" data-width=\"300\" data-height=\"200\" aria-label=\"\" role=\"img\" ><\/div>\n\t\t\t\t\t\t\t\t\t\t\t<div class=\"elementor-gallery-item__overlay\"><\/div>\n\t\t\t\t\t\t\t\t\t\t\t\t\t\t<\/a>\n\t\t\t\t\t\t\t<a class=\"e-gallery-item elementor-gallery-item elementor-animated-content\" href=\"https:\/\/cedthu.rwpstaging.site\/wp-content\/uploads\/2021\/11\/effigy09.jpg\" data-elementor-open-lightbox=\"yes\" data-elementor-lightbox-slideshow=\"60486e7f\" data-elementor-lightbox-title=\"effigy09\" data-e-action-hash=\"#elementor-action%3Aaction%3Dlightbox%26settings%3DeyJpZCI6ODI2MCwidXJsIjoiaHR0cHM6XC9cL2NlZHRodS5yd3BzdGFnaW5nLnNpdGVcL3dwLWNvbnRlbnRcL3VwbG9hZHNcLzIwMjFcLzExXC9lZmZpZ3kwOS5qcGciLCJzbGlkZXNob3ciOiI2MDQ4NmU3ZiJ9\">\n\t\t\t\t\t<div class=\"e-gallery-image elementor-gallery-item__image\" data-thumbnail=\"https:\/\/cedthu.rwpstaging.site\/wp-content\/uploads\/2021\/11\/effigy09-300x200.jpg\" data-width=\"300\" data-height=\"200\" aria-label=\"\" role=\"img\" ><\/div>\n\t\t\t\t\t\t\t\t\t\t\t<div class=\"elementor-gallery-item__overlay\"><\/div>\n\t\t\t\t\t\t\t\t\t\t\t\t\t\t<\/a>\n\t\t\t\t\t<\/div>\n\t\t\t\t\t<\/div>\n\t\t\t\t<\/div>\n\t\t\t\t<div class=\"elementor-element elementor-element-37ab0fa1 elementor-widget elementor-widget-heading\" data-id=\"37ab0fa1\" data-element_type=\"widget\" data-widget_type=\"heading.default\">\n\t\t\t\t<div class=\"elementor-widget-container\">\n\t\t\t\t\t<h2 class=\"elementor-heading-title elementor-size-default\">K-Arcok: M\u00e1rta Ladj\u00e1nszki - Effigy \/\/ Bildschirmfoto - Trailer<\/h2>\t\t\t\t<\/div>\n\t\t\t\t<\/div>\n\t\t\t\t<div class=\"elementor-element elementor-element-65da21d5 elementor-widget elementor-widget-video\" data-id=\"65da21d5\" data-element_type=\"widget\" data-settings=\"{&quot;video_type&quot;:&quot;vimeo&quot;}\" data-widget_type=\"video.default\">\n\t\t\t\t<div class=\"elementor-widget-container\">\n\t\t\t\t\t\t\t<div class=\"elementor-wrapper elementor-open-inline\">\n\t\t\t<iframe class=\"elementor-video-iframe\" allowfullscreen allow=\"clipboard-write\" title=\"vimeo Video Player\" src=\"https:\/\/player.vimeo.com\/video\/755950021?color&amp;autopause=0&amp;loop=0&amp;muted=0&amp;title=1&amp;portrait=1&amp;byline=1#t=\" data-no-translation-title=\"\"><\/iframe>\t\t<\/div>\n\t\t\t\t\t\t<\/div>\n\t\t\t\t<\/div>\n\t\t\t\t<div class=\"elementor-element elementor-element-63735c7 elementor-widget elementor-widget-text-editor\" data-id=\"63735c7\" data-element_type=\"widget\" data-widget_type=\"text-editor.default\">\n\t\t\t\t<div class=\"elementor-widget-container\">\n\t\t\t\t\t\t\t\t\t<p><a href=\"https:\/\/vimeo.com\/755950021\">Effigy \/\/ QUESTION trailer<\/a>\u00a0von\u00a0<a href=\"https:\/\/vimeo.com\/user10931535\">MartaLadjanszki<\/a>\u00a0auf\u00a0<a href=\"https:\/\/vimeo.com\/\">Vimeo<\/a>.<\/p>\t\t\t\t\t\t\t\t<\/div>\n\t\t\t\t<\/div>\n\t\t\t\t<div class=\"elementor-element elementor-element-2921bb4 elementor-widget elementor-widget-text-editor\" data-id=\"2921bb4\" data-element_type=\"widget\" data-widget_type=\"text-editor.default\">\n\t\t\t\t<div class=\"elementor-widget-container\">\n\t\t\t\t\t\t\t\t\t<div class=\"pressauthor\">Turbulente Lilla:\u00a0 <a href=\"https:\/\/tanckritika.hu\/kategoriak\/jegyzet\/1686-turbuly-lilla-keringok-a-monotanc-korul\">Kreise um den Mono-Tanz - X INTERNATIONALES MONO-TANZ-FESTIVAL - Teil 2\u00a0 <\/a>(T\u00e1nckritika.hu) - 05\/05\/2022 <span style=\"font-family: -apple-system, BlinkMacSystemFont, 'Segoe UI', Roboto, 'Helvetica Neue', Arial, 'Noto Sans', sans-serif, 'Apple Color Emoji', 'Segoe UI Emoji', 'Segoe UI Symbol', 'Noto Color Emoji';\">...das nun neunteilige K-Arcok ist eine bemerkenswerte Errungenschaft der letzten Jahre im heimischen zeitgen\u00f6ssischen Tanz, mit einer konsequenten, qualitativ hochwertigen Umsetzung einer guten Idee.<\/span><\/div>\t\t\t\t\t\t\t\t<\/div>\n\t\t\t\t<\/div>\n\t\t\t\t\t<\/div>\n\t\t<\/div>\n\t\t\t\t\t<\/div>\n\t\t<\/section>\n\t\t\t\t<\/div>","protected":false},"excerpt":{"rendered":"<p>Effigy, eg\u00e9sz k\u00f6zelr\u0151l n\u00e9zve: k\u00e9pm\u00e1s. Egy m\u00e1sik k\u00e9p: m\u00e1sk\u00e9pp. Visszhangra tal\u00e1l bennem az etimol\u00f3giai sz\u00f3magyar\u00e1zat, mert \u00e9n is \u00fagy gondolok az \u00edgy k\u00e9sz\u00fcl\u0151 sz\u00f3l\u00f3ra, mint egy hasonl\u00f3s\u00e1g, hiszen az, aki a sz\u00ednpadon van egy kv\u00e1zi fikt\u00edv szem\u00e9ly. Kriszti\u00e1nb\u00f3l \u00e9s bel\u0151lem t\u00e1pl\u00e1lkozik \u00e9s Kriszti\u00e1n test\u00e9n jelenik meg, teh\u00e1t hasonl\u00f3 hozz\u00e1, de nem \u0151 egy az egyben. [&hellip;]<\/p>","protected":false},"author":1,"featured_media":0,"parent":0,"menu_order":0,"comment_status":"closed","ping_status":"closed","template":"elementor_header_footer","meta":{"footnotes":""},"class_list":["post-17761","page","type-page","status-publish","hentry"],"yoast_head":"<!-- This site is optimized with the Yoast SEO plugin v26.0 - https:\/\/yoast.com\/wordpress\/plugins\/seo\/ -->\n<title>Effigy \/\/ K\u00e9pm\u00e1s - KET<\/title>\n<meta name=\"robots\" content=\"index, follow, max-snippet:-1, max-image-preview:large, max-video-preview:-1\" \/>\n<link rel=\"canonical\" href=\"https:\/\/cedthu.rwpstaging.site\/de\/effigy-kepmas\/\" \/>\n<meta name=\"twitter:card\" content=\"summary_large_image\" \/>\n<meta name=\"twitter:title\" content=\"Effigy \/\/ K\u00e9pm\u00e1s - KET\" \/>\n<meta name=\"twitter:description\" content=\"Effigy, eg\u00e9sz k\u00f6zelr\u0151l n\u00e9zve: k\u00e9pm\u00e1s. Egy m\u00e1sik k\u00e9p: m\u00e1sk\u00e9pp. Visszhangra tal\u00e1l bennem az etimol\u00f3giai sz\u00f3magyar\u00e1zat, mert \u00e9n is \u00fagy gondolok az \u00edgy k\u00e9sz\u00fcl\u0151 sz\u00f3l\u00f3ra, mint egy hasonl\u00f3s\u00e1g, hiszen az, aki a sz\u00ednpadon van egy kv\u00e1zi fikt\u00edv szem\u00e9ly. Kriszti\u00e1nb\u00f3l \u00e9s bel\u0151lem t\u00e1pl\u00e1lkozik \u00e9s Kriszti\u00e1n test\u00e9n jelenik meg, teh\u00e1t hasonl\u00f3 hozz\u00e1, de nem \u0151 egy az egyben. [&hellip;]\" \/>\n<meta name=\"twitter:image\" content=\"https:\/\/cedthu.rwpstaging.site\/wp-content\/uploads\/2021\/02\/LadjanszkiMarta_Portre_foto_RolandSzabo_5601k_ff_k.jpg\" \/>\n<script type=\"application\/ld+json\" class=\"yoast-schema-graph\">{\"@context\":\"https:\/\/schema.org\",\"@graph\":[{\"@type\":\"WebPage\",\"@id\":\"https:\/\/cedthu.rwpstaging.site\/effigy-kepmas\/\",\"url\":\"https:\/\/cedthu.rwpstaging.site\/effigy-kepmas\/\",\"name\":\"Effigy \/\/ K\u00e9pm\u00e1s - KET\",\"isPartOf\":{\"@id\":\"https:\/\/cedthu.rwpstaging.site\/#website\"},\"primaryImageOfPage\":{\"@id\":\"https:\/\/cedthu.rwpstaging.site\/effigy-kepmas\/#primaryimage\"},\"image\":{\"@id\":\"https:\/\/cedthu.rwpstaging.site\/effigy-kepmas\/#primaryimage\"},\"thumbnailUrl\":\"https:\/\/cedthu.rwpstaging.site\/wp-content\/uploads\/2021\/02\/LadjanszkiMarta_Portre_foto_RolandSzabo_5601k_ff_k.jpg\",\"datePublished\":\"2025-05-15T13:17:22+00:00\",\"dateModified\":\"2025-05-15T13:45:50+00:00\",\"breadcrumb\":{\"@id\":\"https:\/\/cedthu.rwpstaging.site\/effigy-kepmas\/#breadcrumb\"},\"inLanguage\":\"de\",\"potentialAction\":[{\"@type\":\"ReadAction\",\"target\":[\"https:\/\/cedthu.rwpstaging.site\/effigy-kepmas\/\"]}]},{\"@type\":\"ImageObject\",\"inLanguage\":\"de\",\"@id\":\"https:\/\/cedthu.rwpstaging.site\/effigy-kepmas\/#primaryimage\",\"url\":\"https:\/\/cedthu.rwpstaging.site\/wp-content\/uploads\/2021\/02\/LadjanszkiMarta_Portre_foto_RolandSzabo_5601k_ff_k.jpg\",\"contentUrl\":\"https:\/\/cedthu.rwpstaging.site\/wp-content\/uploads\/2021\/02\/LadjanszkiMarta_Portre_foto_RolandSzabo_5601k_ff_k.jpg\"},{\"@type\":\"BreadcrumbList\",\"@id\":\"https:\/\/cedthu.rwpstaging.site\/effigy-kepmas\/#breadcrumb\",\"itemListElement\":[{\"@type\":\"ListItem\",\"position\":1,\"name\":\"Home\",\"item\":\"https:\/\/cedthu.rwpstaging.site\/\"},{\"@type\":\"ListItem\",\"position\":2,\"name\":\"Effigy \/\/ K\u00e9pm\u00e1s\"}]},{\"@type\":\"WebSite\",\"@id\":\"https:\/\/cedthu.rwpstaging.site\/#website\",\"url\":\"https:\/\/cedthu.rwpstaging.site\/\",\"name\":\"KET\",\"description\":\"K\u00f6z\u00e9p-Eur\u00f3pa T\u00e1ncsz\u00ednh\u00e1z\",\"publisher\":{\"@id\":\"https:\/\/cedthu.rwpstaging.site\/#organization\"},\"potentialAction\":[{\"@type\":\"SearchAction\",\"target\":{\"@type\":\"EntryPoint\",\"urlTemplate\":\"https:\/\/cedthu.rwpstaging.site\/?s={search_term_string}\"},\"query-input\":{\"@type\":\"PropertyValueSpecification\",\"valueRequired\":true,\"valueName\":\"search_term_string\"}}],\"inLanguage\":\"de\"},{\"@type\":\"Organization\",\"@id\":\"https:\/\/cedthu.rwpstaging.site\/#organization\",\"name\":\"KET\",\"url\":\"https:\/\/cedthu.rwpstaging.site\/\",\"logo\":{\"@type\":\"ImageObject\",\"inLanguage\":\"de\",\"@id\":\"https:\/\/cedthu.rwpstaging.site\/#\/schema\/logo\/image\/\",\"url\":\"https:\/\/cedthu.rwpstaging.site\/wp-content\/uploads\/2024\/03\/cropped-KET-NYomda-logo2.png\",\"contentUrl\":\"https:\/\/cedthu.rwpstaging.site\/wp-content\/uploads\/2024\/03\/cropped-KET-NYomda-logo2.png\",\"width\":300,\"height\":326,\"caption\":\"KET\"},\"image\":{\"@id\":\"https:\/\/cedthu.rwpstaging.site\/#\/schema\/logo\/image\/\"}}]}<\/script>\n<!-- \/ Yoast SEO plugin. -->","yoast_head_json":{"title":"Effigy \/\/ K\u00e9pm\u00e1s - KET","robots":{"index":"index","follow":"follow","max-snippet":"max-snippet:-1","max-image-preview":"max-image-preview:large","max-video-preview":"max-video-preview:-1"},"canonical":"https:\/\/cedthu.rwpstaging.site\/de\/effigy-kepmas\/","twitter_card":"summary_large_image","twitter_title":"Effigy \/\/ K\u00e9pm\u00e1s - KET","twitter_description":"Effigy, eg\u00e9sz k\u00f6zelr\u0151l n\u00e9zve: k\u00e9pm\u00e1s. Egy m\u00e1sik k\u00e9p: m\u00e1sk\u00e9pp. Visszhangra tal\u00e1l bennem az etimol\u00f3giai sz\u00f3magyar\u00e1zat, mert \u00e9n is \u00fagy gondolok az \u00edgy k\u00e9sz\u00fcl\u0151 sz\u00f3l\u00f3ra, mint egy hasonl\u00f3s\u00e1g, hiszen az, aki a sz\u00ednpadon van egy kv\u00e1zi fikt\u00edv szem\u00e9ly. Kriszti\u00e1nb\u00f3l \u00e9s bel\u0151lem t\u00e1pl\u00e1lkozik \u00e9s Kriszti\u00e1n test\u00e9n jelenik meg, teh\u00e1t hasonl\u00f3 hozz\u00e1, de nem \u0151 egy az egyben. [&hellip;]","twitter_image":"https:\/\/cedthu.rwpstaging.site\/wp-content\/uploads\/2021\/02\/LadjanszkiMarta_Portre_foto_RolandSzabo_5601k_ff_k.jpg","schema":{"@context":"https:\/\/schema.org","@graph":[{"@type":"WebPage","@id":"https:\/\/cedthu.rwpstaging.site\/effigy-kepmas\/","url":"https:\/\/cedthu.rwpstaging.site\/effigy-kepmas\/","name":"Effigy \/\/ K\u00e9pm\u00e1s - KET","isPartOf":{"@id":"https:\/\/cedthu.rwpstaging.site\/#website"},"primaryImageOfPage":{"@id":"https:\/\/cedthu.rwpstaging.site\/effigy-kepmas\/#primaryimage"},"image":{"@id":"https:\/\/cedthu.rwpstaging.site\/effigy-kepmas\/#primaryimage"},"thumbnailUrl":"https:\/\/cedthu.rwpstaging.site\/wp-content\/uploads\/2021\/02\/LadjanszkiMarta_Portre_foto_RolandSzabo_5601k_ff_k.jpg","datePublished":"2025-05-15T13:17:22+00:00","dateModified":"2025-05-15T13:45:50+00:00","breadcrumb":{"@id":"https:\/\/cedthu.rwpstaging.site\/effigy-kepmas\/#breadcrumb"},"inLanguage":"de","potentialAction":[{"@type":"ReadAction","target":["https:\/\/cedthu.rwpstaging.site\/effigy-kepmas\/"]}]},{"@type":"ImageObject","inLanguage":"de","@id":"https:\/\/cedthu.rwpstaging.site\/effigy-kepmas\/#primaryimage","url":"https:\/\/cedthu.rwpstaging.site\/wp-content\/uploads\/2021\/02\/LadjanszkiMarta_Portre_foto_RolandSzabo_5601k_ff_k.jpg","contentUrl":"https:\/\/cedthu.rwpstaging.site\/wp-content\/uploads\/2021\/02\/LadjanszkiMarta_Portre_foto_RolandSzabo_5601k_ff_k.jpg"},{"@type":"BreadcrumbList","@id":"https:\/\/cedthu.rwpstaging.site\/effigy-kepmas\/#breadcrumb","itemListElement":[{"@type":"ListItem","position":1,"name":"Home","item":"https:\/\/cedthu.rwpstaging.site\/"},{"@type":"ListItem","position":2,"name":"Effigy \/\/ K\u00e9pm\u00e1s"}]},{"@type":"WebSite","@id":"https:\/\/cedthu.rwpstaging.site\/#website","url":"https:\/\/cedthu.rwpstaging.site\/","name":"KET","description":"Tanztheater Mitteleuropa","publisher":{"@id":"https:\/\/cedthu.rwpstaging.site\/#organization"},"potentialAction":[{"@type":"SearchAction","target":{"@type":"EntryPoint","urlTemplate":"https:\/\/cedthu.rwpstaging.site\/?s={search_term_string}"},"query-input":{"@type":"PropertyValueSpecification","valueRequired":true,"valueName":"search_term_string"}}],"inLanguage":"de"},{"@type":"Organization","@id":"https:\/\/cedthu.rwpstaging.site\/#organization","name":"KET","url":"https:\/\/cedthu.rwpstaging.site\/","logo":{"@type":"ImageObject","inLanguage":"de","@id":"https:\/\/cedthu.rwpstaging.site\/#\/schema\/logo\/image\/","url":"https:\/\/cedthu.rwpstaging.site\/wp-content\/uploads\/2024\/03\/cropped-KET-NYomda-logo2.png","contentUrl":"https:\/\/cedthu.rwpstaging.site\/wp-content\/uploads\/2024\/03\/cropped-KET-NYomda-logo2.png","width":300,"height":326,"caption":"KET"},"image":{"@id":"https:\/\/cedthu.rwpstaging.site\/#\/schema\/logo\/image\/"}}]}},"_links":{"self":[{"href":"https:\/\/cedthu.rwpstaging.site\/de\/wp-json\/wp\/v2\/pages\/17761","targetHints":{"allow":["GET"]}}],"collection":[{"href":"https:\/\/cedthu.rwpstaging.site\/de\/wp-json\/wp\/v2\/pages"}],"about":[{"href":"https:\/\/cedthu.rwpstaging.site\/de\/wp-json\/wp\/v2\/types\/page"}],"author":[{"embeddable":true,"href":"https:\/\/cedthu.rwpstaging.site\/de\/wp-json\/wp\/v2\/users\/1"}],"replies":[{"embeddable":true,"href":"https:\/\/cedthu.rwpstaging.site\/de\/wp-json\/wp\/v2\/comments?post=17761"}],"version-history":[{"count":5,"href":"https:\/\/cedthu.rwpstaging.site\/de\/wp-json\/wp\/v2\/pages\/17761\/revisions"}],"predecessor-version":[{"id":17956,"href":"https:\/\/cedthu.rwpstaging.site\/de\/wp-json\/wp\/v2\/pages\/17761\/revisions\/17956"}],"wp:attachment":[{"href":"https:\/\/cedthu.rwpstaging.site\/de\/wp-json\/wp\/v2\/media?parent=17761"}],"curies":[{"name":"wp","href":"https:\/\/api.w.org\/{rel}","templated":true}]}}