{"id":17997,"date":"2025-05-15T13:57:49","date_gmt":"2025-05-15T13:57:49","guid":{"rendered":"https:\/\/cedthu.rwpstaging.site\/?page_id=17997"},"modified":"2025-05-15T14:02:04","modified_gmt":"2025-05-15T14:02:04","slug":"metamorfozis","status":"publish","type":"page","link":"https:\/\/cedthu.rwpstaging.site\/de\/metamorfozis\/","title":{"rendered":"Metamorphose"},"content":{"rendered":"<div data-elementor-type=\"wp-page\" data-elementor-id=\"17997\" class=\"elementor elementor-17997\" data-elementor-post-type=\"page\">\n\t\t\t\t\t\t<section class=\"elementor-section elementor-top-section elementor-element elementor-element-25d0775e elementor-section-boxed elementor-section-height-default elementor-section-height-default\" data-id=\"25d0775e\" data-element_type=\"section\" data-settings=\"{&quot;background_background&quot;:&quot;classic&quot;}\">\n\t\t\t\t\t\t<div class=\"elementor-container elementor-column-gap-default\">\n\t\t\t\t\t<div class=\"elementor-column elementor-col-100 elementor-top-column elementor-element elementor-element-574d74e0\" data-id=\"574d74e0\" data-element_type=\"column\">\n\t\t\t<div class=\"elementor-widget-wrap elementor-element-populated\">\n\t\t\t\t\t\t<div class=\"elementor-element elementor-element-3a938fe5 elementor-widget elementor-widget-image\" data-id=\"3a938fe5\" data-element_type=\"widget\" data-widget_type=\"image.default\">\n\t\t\t\t<div class=\"elementor-widget-container\">\n\t\t\t\t\t\t\t\t\t\t\t\t\t\t\t<img fetchpriority=\"high\" decoding=\"async\" width=\"5000\" height=\"3332\" src=\"https:\/\/cedthu.rwpstaging.site\/wp-content\/uploads\/2017\/02\/metam047Dusa-G\u00e1bor.jpg\" class=\"attachment-full size-full wp-image-3077\" alt=\"\" srcset=\"https:\/\/cedthu.rwpstaging.site\/wp-content\/uploads\/2017\/02\/metam047Dusa-G\u00e1bor.jpg 5000w, https:\/\/cedthu.rwpstaging.site\/wp-content\/uploads\/2017\/02\/metam047Dusa-G\u00e1bor-300x200.jpg 300w, https:\/\/cedthu.rwpstaging.site\/wp-content\/uploads\/2017\/02\/metam047Dusa-G\u00e1bor-768x512.jpg 768w, https:\/\/cedthu.rwpstaging.site\/wp-content\/uploads\/2017\/02\/metam047Dusa-G\u00e1bor-1024x682.jpg 1024w, https:\/\/cedthu.rwpstaging.site\/wp-content\/uploads\/2017\/02\/metam047Dusa-G\u00e1bor-400x267.jpg 400w, https:\/\/cedthu.rwpstaging.site\/wp-content\/uploads\/2017\/02\/metam047Dusa-G\u00e1bor-20x13.jpg 20w\" sizes=\"(max-width: 5000px) 100vw, 5000px\" \/>\t\t\t\t\t\t\t\t\t\t\t\t\t\t\t<\/div>\n\t\t\t\t<\/div>\n\t\t\t\t<div class=\"elementor-element elementor-element-7d5c318b elementor-widget elementor-widget-text-editor\" data-id=\"7d5c318b\" data-element_type=\"widget\" data-widget_type=\"text-editor.default\">\n\t\t\t\t<div class=\"elementor-widget-container\">\n\t\t\t\t\t\t\t\t\t<div class=\"x11i5rnm xat24cr x1mh8g0r x1vvkbs xtlvy1s\"><p>Vierte professionelle Pr\u00e4sentation der K-Arcok-Serie<\/p><p>Die Show erforscht die Pers\u00f6nlichkeitsver\u00e4nderungen eines Mannes am Rande des Wahnsinns. Das 30-min\u00fctige Solo ist inspiriert von Horror- und Thrillerfilmen wie Stanley Kubricks The Shining und Lars von Triers Antichrist. Das Solo findet in einem separaten Raum statt, in dem eine Kette von kurzen Episoden einen starken Kontrast zwischen den verschiedenen Realit\u00e4ten der dargestellten Figuren bildet. Ziel des St\u00fccks ist es nicht, ein vollst\u00e4ndiges Verst\u00e4ndnis zu erlangen, sondern Ver\u00e4nderungen durch die \u00dcberschneidung sich \u00fcberschneidender Realit\u00e4ten nachzuzeichnen.<\/p><p>\u00a0<\/p><\/div>\t\t\t\t\t\t\t\t<\/div>\n\t\t\t\t<\/div>\n\t\t\t\t<div class=\"elementor-element elementor-element-243b64e6 elementor-widget elementor-widget-heading\" data-id=\"243b64e6\" data-element_type=\"widget\" data-widget_type=\"heading.default\">\n\t\t\t\t<div class=\"elementor-widget-container\">\n\t\t\t\t\t<h2 class=\"elementor-heading-title elementor-size-default\">Sch\u00f6pfer<\/h2>\t\t\t\t<\/div>\n\t\t\t\t<\/div>\n\t\t\t\t<div class=\"elementor-element elementor-element-49e8587 elementor-widget-divider--view-line elementor-widget elementor-widget-divider\" data-id=\"49e8587\" data-element_type=\"widget\" data-widget_type=\"divider.default\">\n\t\t\t\t<div class=\"elementor-widget-container\">\n\t\t\t\t\t\t\t<div class=\"elementor-divider\">\n\t\t\t<span class=\"elementor-divider-separator\">\n\t\t\t\t\t\t<\/span>\n\t\t<\/div>\n\t\t\t\t\t\t<\/div>\n\t\t\t\t<\/div>\n\t\t\t\t<div class=\"elementor-element elementor-element-32ce3065 elementor-widget elementor-widget-text-editor\" data-id=\"32ce3065\" data-element_type=\"widget\" data-widget_type=\"text-editor.default\">\n\t\t\t\t<div class=\"elementor-widget-container\">\n\t\t\t\t\t\t\t\t\t<div class=\"show-actors\"><div id=\"nested-actors\"><div><div class=\"show-actors\"><div id=\"nested-actors\"><div><div><h3>Choreograph<\/h3><ul><li>G\u00e1bor Hal\u00e1sz<\/li><\/ul><\/div><div><h3>Besonderen Dank an<\/h3><ul><li>Tam\u00e1s Kapit\u00e1ny<\/li><li>L\u00e1szl\u00f3 M\u00e1di<\/li><\/ul><\/div><div><h3>Licht<\/h3><ul><li>Zolt\u00e1n Fogarasi<\/li><\/ul><\/div><div><h3>Kost\u00fcm<\/h3><ul><li>M\u00f3ni B\u00e9res<\/li><\/ul><\/div><div><h3>Berichterstatter<\/h3><ul><li>Adrienn Horv\u00e1th<\/li><\/ul><\/div><\/div><\/div><\/div><\/div><\/div><\/div>\t\t\t\t\t\t\t\t<\/div>\n\t\t\t\t<\/div>\n\t\t\t\t<div class=\"elementor-element elementor-element-594627f7 elementor-widget elementor-widget-gallery\" data-id=\"594627f7\" data-element_type=\"widget\" data-settings=\"{&quot;columns&quot;:3,&quot;lazyload&quot;:&quot;yes&quot;,&quot;gallery_layout&quot;:&quot;grid&quot;,&quot;columns_tablet&quot;:2,&quot;columns_mobile&quot;:1,&quot;gap&quot;:{&quot;unit&quot;:&quot;px&quot;,&quot;size&quot;:10,&quot;sizes&quot;:[]},&quot;gap_tablet&quot;:{&quot;unit&quot;:&quot;px&quot;,&quot;size&quot;:10,&quot;sizes&quot;:[]},&quot;gap_mobile&quot;:{&quot;unit&quot;:&quot;px&quot;,&quot;size&quot;:10,&quot;sizes&quot;:[]},&quot;link_to&quot;:&quot;file&quot;,&quot;aspect_ratio&quot;:&quot;3:2&quot;,&quot;overlay_background&quot;:&quot;yes&quot;,&quot;content_hover_animation&quot;:&quot;fade-in&quot;}\" data-widget_type=\"gallery.default\">\n\t\t\t\t<div class=\"elementor-widget-container\">\n\t\t\t\t\t\t\t<div class=\"elementor-gallery__container\">\n\t\t\t\t\t\t\t<a class=\"e-gallery-item elementor-gallery-item elementor-animated-content\" href=\"https:\/\/cedthu.rwpstaging.site\/wp-content\/uploads\/2017\/02\/pic_80.jpg\" data-elementor-open-lightbox=\"yes\" data-elementor-lightbox-slideshow=\"594627f7\" data-elementor-lightbox-title=\"pic_80\" data-e-action-hash=\"#elementor-action%3Aaction%3Dlightbox%26settings%3DeyJpZCI6MTg0NiwidXJsIjoiaHR0cHM6XC9cL2NlZHRodS5yd3BzdGFnaW5nLnNpdGVcL3dwLWNvbnRlbnRcL3VwbG9hZHNcLzIwMTdcLzAyXC9waWNfODAuanBnIiwic2xpZGVzaG93IjoiNTk0NjI3ZjcifQ%3D%3D\">\n\t\t\t\t\t<div class=\"e-gallery-image elementor-gallery-item__image\" data-thumbnail=\"https:\/\/cedthu.rwpstaging.site\/wp-content\/uploads\/2017\/02\/pic_80-218x300.jpg\" data-width=\"218\" data-height=\"300\" aria-label=\"\" role=\"img\" ><\/div>\n\t\t\t\t\t\t\t\t\t\t\t<div class=\"elementor-gallery-item__overlay\"><\/div>\n\t\t\t\t\t\t\t\t\t\t\t\t\t\t<\/a>\n\t\t\t\t\t\t\t<a class=\"e-gallery-item elementor-gallery-item elementor-animated-content\" href=\"https:\/\/cedthu.rwpstaging.site\/wp-content\/uploads\/2020\/09\/Metamorf\u00f3zis-1-Kov\u00e1cs-Krisztina.jpg\" data-elementor-open-lightbox=\"yes\" data-elementor-lightbox-slideshow=\"594627f7\" data-elementor-lightbox-title=\"Metamorf\u00f3zis 1 (Kov\u00e1cs Krisztina)\" data-e-action-hash=\"#elementor-action%3Aaction%3Dlightbox%26settings%3DeyJpZCI6NzA2MiwidXJsIjoiaHR0cHM6XC9cL2NlZHRodS5yd3BzdGFnaW5nLnNpdGVcL3dwLWNvbnRlbnRcL3VwbG9hZHNcLzIwMjBcLzA5XC9NZXRhbW9yZlx1MDBmM3ppcy0xLUtvdlx1MDBlMWNzLUtyaXN6dGluYS5qcGciLCJzbGlkZXNob3ciOiI1OTQ2MjdmNyJ9\">\n\t\t\t\t\t<div class=\"e-gallery-image elementor-gallery-item__image\" data-thumbnail=\"https:\/\/cedthu.rwpstaging.site\/wp-content\/uploads\/2020\/09\/Metamorf\u00f3zis-1-Kov\u00e1cs-Krisztina-300x200.jpg\" data-width=\"300\" data-height=\"200\" aria-label=\"\" role=\"img\" ><\/div>\n\t\t\t\t\t\t\t\t\t\t\t<div class=\"elementor-gallery-item__overlay\"><\/div>\n\t\t\t\t\t\t\t\t\t\t\t\t\t\t<\/a>\n\t\t\t\t\t\t\t<a class=\"e-gallery-item elementor-gallery-item elementor-animated-content\" href=\"https:\/\/cedthu.rwpstaging.site\/wp-content\/uploads\/2017\/02\/Kov\u00e1cskrisztina_Metamorf\u00f3zis.jpg\" data-elementor-open-lightbox=\"yes\" data-elementor-lightbox-slideshow=\"594627f7\" data-elementor-lightbox-title=\"K-Arcok\" data-elementor-lightbox-description=\"K-Arcok\" data-e-action-hash=\"#elementor-action%3Aaction%3Dlightbox%26settings%3DeyJpZCI6MzA4MCwidXJsIjoiaHR0cHM6XC9cL2NlZHRodS5yd3BzdGFnaW5nLnNpdGVcL3dwLWNvbnRlbnRcL3VwbG9hZHNcLzIwMTdcLzAyXC9Lb3ZcdTAwZTFjc2tyaXN6dGluYV9NZXRhbW9yZlx1MDBmM3ppcy5qcGciLCJzbGlkZXNob3ciOiI1OTQ2MjdmNyJ9\">\n\t\t\t\t\t<div class=\"e-gallery-image elementor-gallery-item__image\" data-thumbnail=\"https:\/\/cedthu.rwpstaging.site\/wp-content\/uploads\/2017\/02\/Kov\u00e1cskrisztina_Metamorf\u00f3zis-200x300.jpg\" data-width=\"200\" data-height=\"300\" aria-label=\"K-Arcok\" role=\"img\" ><\/div>\n\t\t\t\t\t\t\t\t\t\t\t<div class=\"elementor-gallery-item__overlay\"><\/div>\n\t\t\t\t\t\t\t\t\t\t\t\t\t\t<\/a>\n\t\t\t\t\t<\/div>\n\t\t\t\t\t<\/div>\n\t\t\t\t<\/div>\n\t\t\t\t<div class=\"elementor-element elementor-element-4826e64e elementor-widget elementor-widget-heading\" data-id=\"4826e64e\" data-element_type=\"widget\" data-widget_type=\"heading.default\">\n\t\t\t\t<div class=\"elementor-widget-container\">\n\t\t\t\t\t<h2 class=\"elementor-heading-title elementor-size-default\">Metamorphose - Mitteleurop\u00e4isches Tanztheater, N.B.C.Co.- G\u00e1bor Hal\u00e1sz<\/h2>\t\t\t\t<\/div>\n\t\t\t\t<\/div>\n\t\t\t\t<div class=\"elementor-element elementor-element-1b4ed3c2 elementor-widget elementor-widget-video\" data-id=\"1b4ed3c2\" data-element_type=\"widget\" data-settings=\"{&quot;youtube_url&quot;:&quot;https:\\\/\\\/youtu.be\\\/dgjtVWsPMcg&quot;,&quot;video_type&quot;:&quot;youtube&quot;,&quot;controls&quot;:&quot;yes&quot;}\" data-widget_type=\"video.default\">\n\t\t\t\t<div class=\"elementor-widget-container\">\n\t\t\t\t\t\t\t<div class=\"elementor-wrapper elementor-open-inline\">\n\t\t\t<div class=\"elementor-video\"><\/div>\t\t<\/div>\n\t\t\t\t\t\t<\/div>\n\t\t\t\t<\/div>\n\t\t\t\t<div class=\"elementor-element elementor-element-cf096ad elementor-widget elementor-widget-heading\" data-id=\"cf096ad\" data-element_type=\"widget\" data-widget_type=\"heading.default\">\n\t\t\t\t<div class=\"elementor-widget-container\">\n\t\t\t\t\t<h2 class=\"elementor-heading-title elementor-size-default\">Verwandte Pressemitteilungen\n<\/h2>\t\t\t\t<\/div>\n\t\t\t\t<\/div>\n\t\t\t\t<div class=\"elementor-element elementor-element-6cb8beaf elementor-widget-divider--view-line elementor-widget elementor-widget-divider\" data-id=\"6cb8beaf\" data-element_type=\"widget\" data-widget_type=\"divider.default\">\n\t\t\t\t<div class=\"elementor-widget-container\">\n\t\t\t\t\t\t\t<div class=\"elementor-divider\">\n\t\t\t<span class=\"elementor-divider-separator\">\n\t\t\t\t\t\t<\/span>\n\t\t<\/div>\n\t\t\t\t\t\t<\/div>\n\t\t\t\t<\/div>\n\t\t\t\t<div class=\"elementor-element elementor-element-3ac751f7 elementor-widget elementor-widget-text-editor\" data-id=\"3ac751f7\" data-element_type=\"widget\" data-widget_type=\"text-editor.default\">\n\t\t\t\t<div class=\"elementor-widget-container\">\n\t\t\t\t\t\t\t\t\t<div class=\"pressauthor\">Csaba Kutszegi: <a href=\"http:\/\/www.tanckritika.hu\/kategoriak\/jegyzet\/915-kutszegi-csaba-itt-vagyok-ragyogok\">Hier bin ich und gl\u00e4nze...\u00a0 <\/a>(T\u00e1nckritika.hu) <span style=\"font-family: -apple-system, BlinkMacSystemFont, 'Segoe UI', Roboto, 'Helvetica Neue', Arial, 'Noto Sans', sans-serif, 'Apple Color Emoji', 'Segoe UI Emoji', 'Segoe UI Symbol', 'Noto Color Emoji';\">\u00dcbrigens, wenn ich eine Person nennen m\u00fcsste, die <\/span><em style=\"font-family: -apple-system, BlinkMacSystemFont, 'Segoe UI', Roboto, 'Helvetica Neue', Arial, 'Noto Sans', sans-serif, 'Apple Color Emoji', 'Segoe UI Emoji', 'Segoe UI Symbol', 'Noto Color Emoji';\">Metamorphose<\/em><span style=\"font-family: -apple-system, BlinkMacSystemFont, 'Segoe UI', Roboto, 'Helvetica Neue', Arial, 'Noto Sans', sans-serif, 'Apple Color Emoji', 'Segoe UI Emoji', 'Segoe UI Symbol', 'Noto Color Emoji';\">\u00a0Meine Antwort ist klar und eindeutig: Es ist Adrienn Horv\u00e1th. Von der ersten bis zur letzten Minute verleiht sie der Choreografie Bedeutung und Emotionen.<\/span><\/div>\t\t\t\t\t\t\t\t<\/div>\n\t\t\t\t<\/div>\n\t\t\t\t<div class=\"elementor-element elementor-element-3ce72d53 elementor-widget elementor-widget-text-editor\" data-id=\"3ce72d53\" data-element_type=\"widget\" data-widget_type=\"text-editor.default\">\n\t\t\t\t<div class=\"elementor-widget-container\">\n\t\t\t\t\t\t\t\t\t<div class=\"pressauthor\"><div class=\"pressauthor\">\u00c1kos T\u00f6r\u00f6k: <a href=\"https:\/\/7ora7.hu\/2016\/05\/07\/k-arcok_orulet_avagy_tul_a_komfortzonan\">Wahnsinn! oder jenseits Ihrer Komfortzone\u00a0 <\/a>(7h7) <span style=\"font-family: -apple-system, BlinkMacSystemFont, 'Segoe UI', Roboto, 'Helvetica Neue', Arial, 'Noto Sans', sans-serif, 'Apple Color Emoji', 'Segoe UI Emoji', 'Segoe UI Symbol', 'Noto Color Emoji';\">&#8211; 07\/05\/2016 <\/span><span style=\"font-family: -apple-system, BlinkMacSystemFont, 'Segoe UI', Roboto, 'Helvetica Neue', Arial, 'Noto Sans', sans-serif, 'Apple Color Emoji', 'Segoe UI Emoji', 'Segoe UI Symbol', 'Noto Color Emoji';\">Meine gr\u00f6\u00dfte Angst war, wie ich mich in den Zustand versetzen kann, den wir darstellen wollen. G\u00e1bor hat eine Seite von mir angekratzt, die ich bisher nicht zeigen konnte...<\/span><\/div><\/div>\t\t\t\t\t\t\t\t<\/div>\n\t\t\t\t<\/div>\n\t\t\t\t<div class=\"elementor-element elementor-element-5165897 elementor-widget elementor-widget-toggle\" data-id=\"5165897\" data-element_type=\"widget\" data-widget_type=\"toggle.default\">\n\t\t\t\t<div class=\"elementor-widget-container\">\n\t\t\t\t\t\t\t<div class=\"elementor-toggle\">\n\t\t\t\t\t\t\t<div class=\"elementor-toggle-item\">\n\t\t\t\t\t<div id=\"elementor-tab-title-8531\" class=\"elementor-tab-title\" data-tab=\"1\" role=\"button\" aria-controls=\"elementor-tab-content-8531\" aria-expanded=\"false\">\n\t\t\t\t\t\t\t\t\t\t\t\t<span class=\"elementor-toggle-icon elementor-toggle-icon-left\" aria-hidden=\"true\">\n\t\t\t\t\t\t\t\t\t\t\t\t\t\t\t<i class=\"elementor-toggle-icon-closed fa fa-caret-right\"><\/i>\n\t\t\t\t\t\t\t\t<i class=\"elementor-toggle-icon-opened fa fa-caret-up\"><\/i>\n\t\t\t\t\t\t\t\t\t\t\t\t\t<\/span>\n\t\t\t\t\t\t\t\t\t\t\t\t<a class=\"elementor-toggle-title\" tabindex=\"0\">Ansicht Reiter<\/a>\n\t\t\t\t\t<\/div>\n\n\t\t\t\t\t<div id=\"elementor-tab-content-8531\" class=\"elementor-tab-content elementor-clearfix\" data-tab=\"1\" role=\"region\" aria-labelledby=\"elementor-tab-title-8531\"><p><strong>B\u00fchne:\u00a0\u00a0\u00a0\u00a0\u00a0\u00a0\u00a0\u00a0\u00a0\u00a0\u00a0\u00a0\u00a0\u00a0\u00a0\u00a0\u00a0\u00a0\u00a0\u00a0 \u00a0\u00a0\u00a0\u00a0\u00a0\u00a0\u00a0\u00a0\u00a0\u00a0\u00a0\u00a0<\/strong>10m x 13m (B x T)<\/p><p>schwarzer Ballettteppich, 1 Streifen (2m x 10m) wei\u00dfer Teppich, schwarzer Hintergrund in der Mitte 2m offen, schwarze Verkleidung<\/p><p><strong>Verzierung:<\/strong>\u00a0\u00a0\u00a0\u00a0\u00a0\u00a0\u00a0\u00a0\u00a0\u00a0\u00a0\u00a0\u00a0\u00a0\u00a0\u00a0\u00a0\u00a0\u00a0\u00a0\u00a0\u00a0\u00a0\u00a0\u00a0\u00a0\u00a0\u00a0\u00a0\u00a0\u00a0\u00a0\u00a0\u00a0 2m x 2m x 2m kleines Haus, 1 kleiner Tisch, 1 Stuhl<\/p><p><strong>Licht:\u00a0\u00a0\u00a0\u00a0\u00a0\u00a0\u00a0\u00a0\u00a0\u00a0\u00a0\u00a0\u00a0\u00a0\u00a0\u00a0\u00a0\u00a0\u00a0\u00a0\u00a0\u00a0\u00a0\u00a0\u00a0 \u00a0\u00a0\u00a0\u00a0\u00a0\u00a0\u00a0\u00a0\u00a0\u00a0\u00a0\u00a0<\/strong>10 Profillampen (ETC 25-50\u00b0 750W),<\/p><p>10 St\u00fcck 1 KW Pc + Schallwand<\/p><p>1 Gartenl\u00fcfter 500W<\/p><p>1 LED PAR64<\/p><p>6 Stk. kleiner Fu\u00df<\/p><p>3 Stative<\/p><p>Filter: 106 ; 201<\/p><p>schwere Nebelmaschine<\/p><p>Compulite Spark-Leuchtkasten<\/p><p><strong>H\u00e4ngen: \u00a0\u00a0\u00a0\u00a0\u00a0\u00a0\u00a0\u00a0\u00a0\u00a0\u00a0\u00a0\u00a0\u00a0\u00a0\u00a0\u00a0\u00a0\u00a0\u00a0\u00a0\u00a0\u00a0 \u00a0\u00a0\u00a0\u00a0\u00a0\u00a0\u00a0\u00a0\u00a0\u00a0\u00a0\u00a0<\/strong>1 CD-Spieler, 3,5 mm Klinke f\u00fcr Laptop<\/p><p>1 Mischpult<\/p><p>Vorderseite, Monitorlautsprecher<\/p><p><strong>Anzahl der Passagiere:\u00a0 \u00a0 \u00a0 \u00a0 \u00a0 \u00a0 \u00a0 \u00a0 \u00a0 \u00a0 \u00a0 \u00a0<\/strong>1 T\u00e4nzerin<\/p><p>2 Techniker<\/p><p>1 Assistent<\/p><p>1 Choreograph<\/p><p><strong>Lokale Nachfrage:\u00a0\u00a0\u00a0<\/strong>\u00a0\u00a0\u00a0\u00a0\u00a0\u00a0\u00a0\u00a0\u00a0\u00a0\u00a0 \u00a0\u00a0\u00a0\u00a0\u00a0\u00a0\u00a0\u00a0\u00a0\u00a0\u00a0 2 Beleuchtungen<\/p><p>1 Satz Lautsprecher<\/p><p>2 dekorative St\u00fccke<\/p><p><strong>\u00a0<\/strong><strong>B\u00fchnenbau:\u00a0\u00a0\u00a0\u00a0\u00a0\u00a0\u00a0\u00a0\u00a0\u00a0\u00a0<\/strong>\u00a0\u00a0\u00a0\u00a0\u00a0\u00a0\u00a0\u00a0\u00a0\u00a0\u00a0 5 Stunden<\/p><p><strong>Aufl\u00f6sung der Stufe:\u00a0\u00a0\u00a0\u00a0\u00a0\u00a0\u00a0\u00a0\u00a0\u00a0\u00a0\u00a0\u00a0\u00a0\u00a0\u00a0\u00a0\u00a0\u00a0\u00a0\u00a0<\/strong>1 Stunde<\/p><p><strong>Dauer der Auff\u00fchrung: 30 Minuten<\/strong><\/p><\/div>\n\t\t\t\t<\/div>\n\t\t\t\t\t\t\t\t<\/div>\n\t\t\t\t\t\t<\/div>\n\t\t\t\t<\/div>\n\t\t\t\t\t<\/div>\n\t\t<\/div>\n\t\t\t\t\t<\/div>\n\t\t<\/section>\n\t\t\t\t<\/div>","protected":false},"excerpt":{"rendered":"<p>A K-Arcok sorozat negyedik szakmai bemutat\u00f3ja Az el\u0151ad\u00e1s egy az \u0151r\u00fclet hat\u00e1r\u00e1n l\u00e9v\u0151 ember szem\u00e9lyis\u00e9gv\u00e1ltoz\u00e1sait kutatja. A harminc perces sz\u00f3l\u00f3 olyan horror \u00e9s thriller filmekb\u0151l t\u00e1pl\u00e1lkozik, mint Stanley Kubrick Ragyog\u00e1s vagy Lars von Trier Antikrisztus c\u00edm\u0171 filmje. A sz\u00f3l\u00f3 egy k\u00fcl\u00f6n\u00f6st\u00e9rben j\u00e1tsz\u00f3dik, ahol r\u00f6vid epiz\u00f3dok l\u00e1ncolata h\u00faz er\u0151s kontrasztot a megjelen\u00edtett karakter, k\u00fcl\u00f6nb\u00f6z\u0151 realit\u00e1sai k\u00f6z\u00e9. [&hellip;]<\/p>","protected":false},"author":1,"featured_media":0,"parent":0,"menu_order":0,"comment_status":"closed","ping_status":"closed","template":"elementor_header_footer","meta":{"footnotes":""},"class_list":["post-17997","page","type-page","status-publish","hentry"],"yoast_head":"<!-- This site is optimized with the Yoast SEO plugin v26.0 - https:\/\/yoast.com\/wordpress\/plugins\/seo\/ -->\n<title>Metamorf\u00f3zis - KET<\/title>\n<meta name=\"robots\" content=\"index, follow, max-snippet:-1, max-image-preview:large, max-video-preview:-1\" \/>\n<link rel=\"canonical\" href=\"https:\/\/cedthu.rwpstaging.site\/de\/metamorfozis\/\" \/>\n<meta name=\"twitter:card\" content=\"summary_large_image\" \/>\n<meta name=\"twitter:title\" content=\"Metamorf\u00f3zis - KET\" \/>\n<meta name=\"twitter:description\" content=\"A K-Arcok sorozat negyedik szakmai bemutat\u00f3ja Az el\u0151ad\u00e1s egy az \u0151r\u00fclet hat\u00e1r\u00e1n l\u00e9v\u0151 ember szem\u00e9lyis\u00e9gv\u00e1ltoz\u00e1sait kutatja. A harminc perces sz\u00f3l\u00f3 olyan horror \u00e9s thriller filmekb\u0151l t\u00e1pl\u00e1lkozik, mint Stanley Kubrick Ragyog\u00e1s vagy Lars von Trier Antikrisztus c\u00edm\u0171 filmje. A sz\u00f3l\u00f3 egy k\u00fcl\u00f6n\u00f6st\u00e9rben j\u00e1tsz\u00f3dik, ahol r\u00f6vid epiz\u00f3dok l\u00e1ncolata h\u00faz er\u0151s kontrasztot a megjelen\u00edtett karakter, k\u00fcl\u00f6nb\u00f6z\u0151 realit\u00e1sai k\u00f6z\u00e9. [&hellip;]\" \/>\n<meta name=\"twitter:label1\" content=\"Gesch\u00e4tzte Lesezeit\" \/>\n\t<meta name=\"twitter:data1\" content=\"2\u00a0Minuten\" \/>\n<script type=\"application\/ld+json\" class=\"yoast-schema-graph\">{\"@context\":\"https:\/\/schema.org\",\"@graph\":[{\"@type\":\"WebPage\",\"@id\":\"https:\/\/cedthu.rwpstaging.site\/metamorfozis\/\",\"url\":\"https:\/\/cedthu.rwpstaging.site\/metamorfozis\/\",\"name\":\"Metamorf\u00f3zis - KET\",\"isPartOf\":{\"@id\":\"https:\/\/cedthu.rwpstaging.site\/#website\"},\"datePublished\":\"2025-05-15T13:57:49+00:00\",\"dateModified\":\"2025-05-15T14:02:04+00:00\",\"breadcrumb\":{\"@id\":\"https:\/\/cedthu.rwpstaging.site\/metamorfozis\/#breadcrumb\"},\"inLanguage\":\"de\",\"potentialAction\":[{\"@type\":\"ReadAction\",\"target\":[\"https:\/\/cedthu.rwpstaging.site\/metamorfozis\/\"]}]},{\"@type\":\"BreadcrumbList\",\"@id\":\"https:\/\/cedthu.rwpstaging.site\/metamorfozis\/#breadcrumb\",\"itemListElement\":[{\"@type\":\"ListItem\",\"position\":1,\"name\":\"Home\",\"item\":\"https:\/\/cedthu.rwpstaging.site\/\"},{\"@type\":\"ListItem\",\"position\":2,\"name\":\"Metamorf\u00f3zis\"}]},{\"@type\":\"WebSite\",\"@id\":\"https:\/\/cedthu.rwpstaging.site\/#website\",\"url\":\"https:\/\/cedthu.rwpstaging.site\/\",\"name\":\"KET\",\"description\":\"K\u00f6z\u00e9p-Eur\u00f3pa T\u00e1ncsz\u00ednh\u00e1z\",\"publisher\":{\"@id\":\"https:\/\/cedthu.rwpstaging.site\/#organization\"},\"potentialAction\":[{\"@type\":\"SearchAction\",\"target\":{\"@type\":\"EntryPoint\",\"urlTemplate\":\"https:\/\/cedthu.rwpstaging.site\/?s={search_term_string}\"},\"query-input\":{\"@type\":\"PropertyValueSpecification\",\"valueRequired\":true,\"valueName\":\"search_term_string\"}}],\"inLanguage\":\"de\"},{\"@type\":\"Organization\",\"@id\":\"https:\/\/cedthu.rwpstaging.site\/#organization\",\"name\":\"KET\",\"url\":\"https:\/\/cedthu.rwpstaging.site\/\",\"logo\":{\"@type\":\"ImageObject\",\"inLanguage\":\"de\",\"@id\":\"https:\/\/cedthu.rwpstaging.site\/#\/schema\/logo\/image\/\",\"url\":\"https:\/\/cedthu.rwpstaging.site\/wp-content\/uploads\/2024\/03\/cropped-KET-NYomda-logo2.png\",\"contentUrl\":\"https:\/\/cedthu.rwpstaging.site\/wp-content\/uploads\/2024\/03\/cropped-KET-NYomda-logo2.png\",\"width\":300,\"height\":326,\"caption\":\"KET\"},\"image\":{\"@id\":\"https:\/\/cedthu.rwpstaging.site\/#\/schema\/logo\/image\/\"}}]}<\/script>\n<!-- \/ Yoast SEO plugin. -->","yoast_head_json":{"title":"Metamorf\u00f3zis - KET","robots":{"index":"index","follow":"follow","max-snippet":"max-snippet:-1","max-image-preview":"max-image-preview:large","max-video-preview":"max-video-preview:-1"},"canonical":"https:\/\/cedthu.rwpstaging.site\/de\/metamorfozis\/","twitter_card":"summary_large_image","twitter_title":"Metamorf\u00f3zis - KET","twitter_description":"A K-Arcok sorozat negyedik szakmai bemutat\u00f3ja Az el\u0151ad\u00e1s egy az \u0151r\u00fclet hat\u00e1r\u00e1n l\u00e9v\u0151 ember szem\u00e9lyis\u00e9gv\u00e1ltoz\u00e1sait kutatja. A harminc perces sz\u00f3l\u00f3 olyan horror \u00e9s thriller filmekb\u0151l t\u00e1pl\u00e1lkozik, mint Stanley Kubrick Ragyog\u00e1s vagy Lars von Trier Antikrisztus c\u00edm\u0171 filmje. A sz\u00f3l\u00f3 egy k\u00fcl\u00f6n\u00f6st\u00e9rben j\u00e1tsz\u00f3dik, ahol r\u00f6vid epiz\u00f3dok l\u00e1ncolata h\u00faz er\u0151s kontrasztot a megjelen\u00edtett karakter, k\u00fcl\u00f6nb\u00f6z\u0151 realit\u00e1sai k\u00f6z\u00e9. [&hellip;]","twitter_misc":{"Gesch\u00e4tzte Lesezeit":"2\u00a0Minuten"},"schema":{"@context":"https:\/\/schema.org","@graph":[{"@type":"WebPage","@id":"https:\/\/cedthu.rwpstaging.site\/metamorfozis\/","url":"https:\/\/cedthu.rwpstaging.site\/metamorfozis\/","name":"Metamorf\u00f3zis - KET","isPartOf":{"@id":"https:\/\/cedthu.rwpstaging.site\/#website"},"datePublished":"2025-05-15T13:57:49+00:00","dateModified":"2025-05-15T14:02:04+00:00","breadcrumb":{"@id":"https:\/\/cedthu.rwpstaging.site\/metamorfozis\/#breadcrumb"},"inLanguage":"de","potentialAction":[{"@type":"ReadAction","target":["https:\/\/cedthu.rwpstaging.site\/metamorfozis\/"]}]},{"@type":"BreadcrumbList","@id":"https:\/\/cedthu.rwpstaging.site\/metamorfozis\/#breadcrumb","itemListElement":[{"@type":"ListItem","position":1,"name":"Home","item":"https:\/\/cedthu.rwpstaging.site\/"},{"@type":"ListItem","position":2,"name":"Metamorf\u00f3zis"}]},{"@type":"WebSite","@id":"https:\/\/cedthu.rwpstaging.site\/#website","url":"https:\/\/cedthu.rwpstaging.site\/","name":"KET","description":"Tanztheater Mitteleuropa","publisher":{"@id":"https:\/\/cedthu.rwpstaging.site\/#organization"},"potentialAction":[{"@type":"SearchAction","target":{"@type":"EntryPoint","urlTemplate":"https:\/\/cedthu.rwpstaging.site\/?s={search_term_string}"},"query-input":{"@type":"PropertyValueSpecification","valueRequired":true,"valueName":"search_term_string"}}],"inLanguage":"de"},{"@type":"Organization","@id":"https:\/\/cedthu.rwpstaging.site\/#organization","name":"KET","url":"https:\/\/cedthu.rwpstaging.site\/","logo":{"@type":"ImageObject","inLanguage":"de","@id":"https:\/\/cedthu.rwpstaging.site\/#\/schema\/logo\/image\/","url":"https:\/\/cedthu.rwpstaging.site\/wp-content\/uploads\/2024\/03\/cropped-KET-NYomda-logo2.png","contentUrl":"https:\/\/cedthu.rwpstaging.site\/wp-content\/uploads\/2024\/03\/cropped-KET-NYomda-logo2.png","width":300,"height":326,"caption":"KET"},"image":{"@id":"https:\/\/cedthu.rwpstaging.site\/#\/schema\/logo\/image\/"}}]}},"_links":{"self":[{"href":"https:\/\/cedthu.rwpstaging.site\/de\/wp-json\/wp\/v2\/pages\/17997","targetHints":{"allow":["GET"]}}],"collection":[{"href":"https:\/\/cedthu.rwpstaging.site\/de\/wp-json\/wp\/v2\/pages"}],"about":[{"href":"https:\/\/cedthu.rwpstaging.site\/de\/wp-json\/wp\/v2\/types\/page"}],"author":[{"embeddable":true,"href":"https:\/\/cedthu.rwpstaging.site\/de\/wp-json\/wp\/v2\/users\/1"}],"replies":[{"embeddable":true,"href":"https:\/\/cedthu.rwpstaging.site\/de\/wp-json\/wp\/v2\/comments?post=17997"}],"version-history":[{"count":5,"href":"https:\/\/cedthu.rwpstaging.site\/de\/wp-json\/wp\/v2\/pages\/17997\/revisions"}],"predecessor-version":[{"id":18023,"href":"https:\/\/cedthu.rwpstaging.site\/de\/wp-json\/wp\/v2\/pages\/17997\/revisions\/18023"}],"wp:attachment":[{"href":"https:\/\/cedthu.rwpstaging.site\/de\/wp-json\/wp\/v2\/media?parent=17997"}],"curies":[{"name":"wp","href":"https:\/\/api.w.org\/{rel}","templated":true}]}}