{"id":18065,"date":"2025-05-15T14:07:30","date_gmt":"2025-05-15T14:07:30","guid":{"rendered":"https:\/\/cedthu.rwpstaging.site\/?page_id=18065"},"modified":"2025-05-15T14:10:00","modified_gmt":"2025-05-15T14:10:00","slug":"uraim","status":"publish","type":"page","link":"https:\/\/cedthu.rwpstaging.site\/de\/uraim\/","title":{"rendered":"Meine Herren"},"content":{"rendered":"<div data-elementor-type=\"wp-page\" data-elementor-id=\"18065\" class=\"elementor elementor-18065\" data-elementor-post-type=\"page\">\n\t\t\t\t\t\t<section class=\"elementor-section elementor-top-section elementor-element elementor-element-13071b71 elementor-section-boxed elementor-section-height-default elementor-section-height-default\" data-id=\"13071b71\" data-element_type=\"section\" data-settings=\"{&quot;background_background&quot;:&quot;classic&quot;}\">\n\t\t\t\t\t\t<div class=\"elementor-container elementor-column-gap-default\">\n\t\t\t\t\t<div class=\"elementor-column elementor-col-100 elementor-top-column elementor-element elementor-element-6691708f\" data-id=\"6691708f\" data-element_type=\"column\">\n\t\t\t<div class=\"elementor-widget-wrap elementor-element-populated\">\n\t\t\t\t\t\t<div class=\"elementor-element elementor-element-59f10508 elementor-widget elementor-widget-image\" data-id=\"59f10508\" data-element_type=\"widget\" data-widget_type=\"image.default\">\n\t\t\t\t<div class=\"elementor-widget-container\">\n\t\t\t\t\t\t\t\t\t\t\t\t\t\t\t<img fetchpriority=\"high\" decoding=\"async\" width=\"480\" height=\"480\" src=\"https:\/\/cedthu.rwpstaging.site\/wp-content\/uploads\/2017\/02\/foto_1115.jpg\" class=\"attachment-full size-full wp-image-1825\" alt=\"\" srcset=\"https:\/\/cedthu.rwpstaging.site\/wp-content\/uploads\/2017\/02\/foto_1115.jpg 480w, https:\/\/cedthu.rwpstaging.site\/wp-content\/uploads\/2017\/02\/foto_1115-150x150.jpg 150w, https:\/\/cedthu.rwpstaging.site\/wp-content\/uploads\/2017\/02\/foto_1115-300x300.jpg 300w, https:\/\/cedthu.rwpstaging.site\/wp-content\/uploads\/2017\/02\/foto_1115-400x400.jpg 400w, https:\/\/cedthu.rwpstaging.site\/wp-content\/uploads\/2017\/02\/foto_1115-20x20.jpg 20w\" sizes=\"(max-width: 480px) 100vw, 480px\" \/>\t\t\t\t\t\t\t\t\t\t\t\t\t\t\t<\/div>\n\t\t\t\t<\/div>\n\t\t\t\t<div class=\"elementor-element elementor-element-4be13ba0 elementor-widget elementor-widget-text-editor\" data-id=\"4be13ba0\" data-element_type=\"widget\" data-widget_type=\"text-editor.default\">\n\t\t\t\t<div class=\"elementor-widget-container\">\n\t\t\t\t\t\t\t\t\t<div class=\"x11i5rnm xat24cr x1mh8g0r x1vvkbs xtlvy1s\"><div class=\"show-description\"><div class=\"show-description\"><p>Kunst ist eine Nische, um das Illegale zu zeigen, zu diskutieren, zu konfrontieren. Sie ist in der Lage, es von der Realit\u00e4t zu trennen. So wird das Tabu unter dem Namen der Kunst legal. Wie funktioniert die Kontextualisierung? Wie funktioniert das menschliche Gehirn? Wie nutzen wir es?<\/p><p>Auf dem Altar der Kunst sind wir frei, das zu tun, was wir im Leben nicht immer tun k\u00f6nnen. Das Alibi der Kunst ist also die Freiheit. Gleichzeitig bedeutet die Tatsache, dass die Grenzen so relativ sind, auch, dass man seine eigenen Grenzen nicht finden kann. Du k\u00f6nntest dich genauso gut auf der B\u00fchne umbringen, sie schauen zu. Es ist alles eine Frage des Kontextes, das Gehirn extrahiert wesentliche Elemente der Realit\u00e4t aus dem Kontext.<\/p><p>\"Wir begannen die Arbeit mit G\u00e1bor auf mehreren Ebenen. Ich interessiere mich f\u00fcr seine pers\u00f6nliche Vorgeschichte und seine Gef\u00fchle in der Gegenwart, seine Beziehung zum Tanz. Ich interessiere mich f\u00fcr die Erwartungen und stereotypen Eigenschaften des m\u00e4nnlichen Geschlechts, die m\u00e4nnliche Rolle und den Charakter in verschiedenen Lebenssituationen und Tanzstilen. Oder die Verwendung von verbal interpretierbaren Inhalten, die mit dem Thema zusammenh\u00e4ngen - Filmausschnitte, Geschichten, Gedichte, Lieder\".<\/p><p>Die Solo-Serie ist eine Plattform f\u00fcr eine enge Zusammenarbeit zwischen K\u00fcnstler und T\u00e4nzer. Dank des Genres des Solos wird das Portr\u00e4t des K\u00fcnstlers in der B\u00fchnenpr\u00e4senz und Performance des T\u00e4nzers gezeichnet, so dass die gemeinsame Arbeit zweier kreativer Einheiten zu einem Portr\u00e4t eines bestimmten T\u00e4nzers des KET werden kann.<\/p><p>Adrienn H\u00f3ds Hauptprofil ist experimentelle Bewegung, zeitgen\u00f6ssischer Tanz. Sie hat als Choreografin in Theaterauff\u00fchrungen, Spielfilmen (Son of Saul, Twin Hunters), Werbespots und Modeschauen gearbeitet. Neben ihrer kreativen Arbeit unterrichtet sie regelm\u00e4\u00dfig Improvisation an der Budapester Schule f\u00fcr zeitgen\u00f6ssischen Tanz.<br \/>Seine Arbeit befasst sich mit dem sich bewegenden menschlichen K\u00f6rper, der aus seinem kulturellen Kontext herausgel\u00f6st und gew\u00f6hnlich in einem leeren Raum platziert wird. Im Proberaum schafft sie sensible Situationen, die den T\u00e4nzern den Raum und das Vertrauen geben, K\u00f6rperlichkeit zu schaffen. Seine Arbeitsmethode basiert auf der Improvisation, die auf der B\u00fchne in einer streng strukturierten Form pr\u00e4sentiert wird. Sie hat keine Angst, mit dem Unbekannten zu arbeiten.<br \/>Adrienn Beaver wurde 1975 geboren. Sie absolvierte die Budapester Tanzschule (gegr\u00fcndet 1997 von Iv\u00e1n Angelus) und war bis 2010 als T\u00e4nzerin aktiv. Im Jahr 1995 gr\u00fcndete sie die OFF Company, der 2007 HODWORKS folgte. Im selben Jahr erhielt sie ein Stipendium der M\u0171hely Alap\u00edtv\u00e1ny f\u00fcr das Programm \"Research of the Unknown\" und nahm 2008 am ungarisch-amerikanischen Kunstprogramm Meeting Points teil. 2010 erhielt sie ein Stipendium des Trust for Mutual Understanding und 2011 einen Aufenthalt in der Tanzfabrik in Berlin mit Unterst\u00fctzung der Tempus Public Foundation. 2012 ist er Stipendiat des Projekts Jardin d'Europe, 2013 ist er Stipendiat des Traf\u00f3 House of Contemporary Arts, im Herbst 2013 ist er Stipendiat des Headlands Centre for the Arts in San Francisco, 2014 verbringt er zwei Wochen in Philadelphia mit danceUSA\/Philadelphia, mit dem Austauschprogramm der M\u0171hely Foundation. Basse danse wurde 2012 als eine der 20 herausragendsten zeitgen\u00f6ssischen Tanzauff\u00fchrungen des Jahres ausgew\u00e4hlt, Pirkad 2014 und Conditions of Mortality 2015 vom internationalen Netzwerk Aerowaves. Seine Arbeit wurde sieben Mal f\u00fcr den L\u00e1b\u00e1n-Preis nominiert und zweimal ausgezeichnet, 2012 mit Basse danse und 2014 mit Pirkad.<\/p><p><a href=\"http:\/\/www.hodworks.hu\/\">www.hodworks.hu<\/a><\/p><p>F\u00f6rderer: Nationale Kulturstiftung, Bethlen-T\u00e9ri-Theater, S\u00cdN-Kulturzentrum, Stiftung f\u00fcr neue darstellende K\u00fcnste<\/p><\/div><\/div><\/div>\t\t\t\t\t\t\t\t<\/div>\n\t\t\t\t<\/div>\n\t\t\t\t<div class=\"elementor-element elementor-element-58aee2bf elementor-widget elementor-widget-heading\" data-id=\"58aee2bf\" data-element_type=\"widget\" data-widget_type=\"heading.default\">\n\t\t\t\t<div class=\"elementor-widget-container\">\n\t\t\t\t\t<h2 class=\"elementor-heading-title elementor-size-default\">Sch\u00f6pfer<\/h2>\t\t\t\t<\/div>\n\t\t\t\t<\/div>\n\t\t\t\t<div class=\"elementor-element elementor-element-4c988c3 elementor-widget-divider--view-line elementor-widget elementor-widget-divider\" data-id=\"4c988c3\" data-element_type=\"widget\" data-widget_type=\"divider.default\">\n\t\t\t\t<div class=\"elementor-widget-container\">\n\t\t\t\t\t\t\t<div class=\"elementor-divider\">\n\t\t\t<span class=\"elementor-divider-separator\">\n\t\t\t\t\t\t<\/span>\n\t\t<\/div>\n\t\t\t\t\t\t<\/div>\n\t\t\t\t<\/div>\n\t\t\t\t<div class=\"elementor-element elementor-element-6e20f3c9 elementor-widget elementor-widget-text-editor\" data-id=\"6e20f3c9\" data-element_type=\"widget\" data-widget_type=\"text-editor.default\">\n\t\t\t\t<div class=\"elementor-widget-container\">\n\t\t\t\t\t\t\t\t\t<div class=\"show-actors\"><div id=\"nested-actors\"><div class=\"show-actors\"><div id=\"nested-actors\"><div><h3>Mitsch\u00f6pfer und Darsteller<\/h3><ul><li>G\u00e1bor Ivanov<\/li><\/ul><\/div><div><h3>Musik-Editor<\/h3><ul><li>L\u00e1szl\u00f3 M\u00e1di<\/li><\/ul><\/div><div><h3>Besonderen Dank an<\/h3><ul><li>Mariann Hargitai<\/li><li>Csaba Moln\u00e1r<\/li><\/ul><\/div><div><h3>Choreograph<\/h3><ul><li>Adrienn Biber<\/li><\/ul><\/div><\/div><\/div><\/div><\/div>\t\t\t\t\t\t\t\t<\/div>\n\t\t\t\t<\/div>\n\t\t\t\t<div class=\"elementor-element elementor-element-1fb820ae elementor-widget elementor-widget-gallery\" data-id=\"1fb820ae\" data-element_type=\"widget\" data-settings=\"{&quot;columns&quot;:3,&quot;lazyload&quot;:&quot;yes&quot;,&quot;gallery_layout&quot;:&quot;grid&quot;,&quot;columns_tablet&quot;:2,&quot;columns_mobile&quot;:1,&quot;gap&quot;:{&quot;unit&quot;:&quot;px&quot;,&quot;size&quot;:10,&quot;sizes&quot;:[]},&quot;gap_tablet&quot;:{&quot;unit&quot;:&quot;px&quot;,&quot;size&quot;:10,&quot;sizes&quot;:[]},&quot;gap_mobile&quot;:{&quot;unit&quot;:&quot;px&quot;,&quot;size&quot;:10,&quot;sizes&quot;:[]},&quot;link_to&quot;:&quot;file&quot;,&quot;aspect_ratio&quot;:&quot;3:2&quot;,&quot;overlay_background&quot;:&quot;yes&quot;,&quot;content_hover_animation&quot;:&quot;fade-in&quot;}\" data-widget_type=\"gallery.default\">\n\t\t\t\t<div class=\"elementor-widget-container\">\n\t\t\t\t\t\t\t<div class=\"elementor-gallery__container\">\n\t\t\t\t\t\t\t<a class=\"e-gallery-item elementor-gallery-item elementor-animated-content\" href=\"https:\/\/cedthu.rwpstaging.site\/wp-content\/uploads\/2017\/02\/foto_1100.jpg\" data-elementor-open-lightbox=\"yes\" data-elementor-lightbox-slideshow=\"1fb820ae\" data-elementor-lightbox-title=\"foto_1100\" data-elementor-lightbox-description=\"Kenyeres Csilla \/ Csilla Kenyeres \" data-e-action-hash=\"#elementor-action%3Aaction%3Dlightbox%26settings%3DeyJpZCI6MTgxNSwidXJsIjoiaHR0cHM6XC9cL2NlZHRodS5yd3BzdGFnaW5nLnNpdGVcL3dwLWNvbnRlbnRcL3VwbG9hZHNcLzIwMTdcLzAyXC9mb3RvXzExMDAuanBnIiwic2xpZGVzaG93IjoiMWZiODIwYWUifQ%3D%3D\">\n\t\t\t\t\t<div class=\"e-gallery-image elementor-gallery-item__image\" data-thumbnail=\"https:\/\/cedthu.rwpstaging.site\/wp-content\/uploads\/2017\/02\/foto_1100-212x300.jpg\" data-width=\"212\" data-height=\"300\" aria-label=\"\" role=\"img\" ><\/div>\n\t\t\t\t\t\t\t\t\t\t\t<div class=\"elementor-gallery-item__overlay\"><\/div>\n\t\t\t\t\t\t\t\t\t\t\t\t\t\t<\/a>\n\t\t\t\t\t\t\t<a class=\"e-gallery-item elementor-gallery-item elementor-animated-content\" href=\"https:\/\/cedthu.rwpstaging.site\/wp-content\/uploads\/2017\/02\/foto_1101.jpg\" data-elementor-open-lightbox=\"yes\" data-elementor-lightbox-slideshow=\"1fb820ae\" data-elementor-lightbox-title=\"foto_1101\" data-elementor-lightbox-description=\"Kenyeres Csilla \/ Csilla Kenyeres \" data-e-action-hash=\"#elementor-action%3Aaction%3Dlightbox%26settings%3DeyJpZCI6MTgxNiwidXJsIjoiaHR0cHM6XC9cL2NlZHRodS5yd3BzdGFnaW5nLnNpdGVcL3dwLWNvbnRlbnRcL3VwbG9hZHNcLzIwMTdcLzAyXC9mb3RvXzExMDEuanBnIiwic2xpZGVzaG93IjoiMWZiODIwYWUifQ%3D%3D\">\n\t\t\t\t\t<div class=\"e-gallery-image elementor-gallery-item__image\" data-thumbnail=\"https:\/\/cedthu.rwpstaging.site\/wp-content\/uploads\/2017\/02\/foto_1101-300x300.jpg\" data-width=\"300\" data-height=\"300\" aria-label=\"\" role=\"img\" ><\/div>\n\t\t\t\t\t\t\t\t\t\t\t<div class=\"elementor-gallery-item__overlay\"><\/div>\n\t\t\t\t\t\t\t\t\t\t\t\t\t\t<\/a>\n\t\t\t\t\t\t\t<a class=\"e-gallery-item elementor-gallery-item elementor-animated-content\" href=\"https:\/\/cedthu.rwpstaging.site\/wp-content\/uploads\/2017\/02\/foto_1105.jpg\" data-elementor-open-lightbox=\"yes\" data-elementor-lightbox-slideshow=\"1fb820ae\" data-elementor-lightbox-title=\"foto_1105\" data-elementor-lightbox-description=\"Kenyeres Csilla \/ Csilla Kenyeres \" data-e-action-hash=\"#elementor-action%3Aaction%3Dlightbox%26settings%3DeyJpZCI6MTgxNywidXJsIjoiaHR0cHM6XC9cL2NlZHRodS5yd3BzdGFnaW5nLnNpdGVcL3dwLWNvbnRlbnRcL3VwbG9hZHNcLzIwMTdcLzAyXC9mb3RvXzExMDUuanBnIiwic2xpZGVzaG93IjoiMWZiODIwYWUifQ%3D%3D\">\n\t\t\t\t\t<div class=\"e-gallery-image elementor-gallery-item__image\" data-thumbnail=\"https:\/\/cedthu.rwpstaging.site\/wp-content\/uploads\/2017\/02\/foto_1105-208x300.jpg\" data-width=\"208\" data-height=\"300\" aria-label=\"\" role=\"img\" ><\/div>\n\t\t\t\t\t\t\t\t\t\t\t<div class=\"elementor-gallery-item__overlay\"><\/div>\n\t\t\t\t\t\t\t\t\t\t\t\t\t\t<\/a>\n\t\t\t\t\t<\/div>\n\t\t\t\t\t<\/div>\n\t\t\t\t<\/div>\n\t\t\t\t<div class=\"elementor-element elementor-element-62b1e368 elementor-widget elementor-widget-heading\" data-id=\"62b1e368\" data-element_type=\"widget\" data-widget_type=\"heading.default\">\n\t\t\t\t<div class=\"elementor-widget-container\">\n\t\t\t\t\t<h2 class=\"elementor-heading-title elementor-size-default\">Serie K-Arcs: Gentlemen<\/h2>\t\t\t\t<\/div>\n\t\t\t\t<\/div>\n\t\t\t\t<div class=\"elementor-element elementor-element-7ef81b3c elementor-widget elementor-widget-video\" data-id=\"7ef81b3c\" data-element_type=\"widget\" data-settings=\"{&quot;youtube_url&quot;:&quot;https:\\\/\\\/youtu.be\\\/58uI-FqT3Hg&quot;,&quot;video_type&quot;:&quot;youtube&quot;,&quot;controls&quot;:&quot;yes&quot;}\" data-widget_type=\"video.default\">\n\t\t\t\t<div class=\"elementor-widget-container\">\n\t\t\t\t\t\t\t<div class=\"elementor-wrapper elementor-open-inline\">\n\t\t\t<div class=\"elementor-video\"><\/div>\t\t<\/div>\n\t\t\t\t\t\t<\/div>\n\t\t\t\t<\/div>\n\t\t\t\t<div class=\"elementor-element elementor-element-2504cb78 elementor-widget elementor-widget-heading\" data-id=\"2504cb78\" data-element_type=\"widget\" data-widget_type=\"heading.default\">\n\t\t\t\t<div class=\"elementor-widget-container\">\n\t\t\t\t\t<h2 class=\"elementor-heading-title elementor-size-default\">Verwandte Pressemitteilungen<\/h2>\t\t\t\t<\/div>\n\t\t\t\t<\/div>\n\t\t\t\t<div class=\"elementor-element elementor-element-11d7edf8 elementor-widget-divider--view-line elementor-widget elementor-widget-divider\" data-id=\"11d7edf8\" data-element_type=\"widget\" data-widget_type=\"divider.default\">\n\t\t\t\t<div class=\"elementor-widget-container\">\n\t\t\t\t\t\t\t<div class=\"elementor-divider\">\n\t\t\t<span class=\"elementor-divider-separator\">\n\t\t\t\t\t\t<\/span>\n\t\t<\/div>\n\t\t\t\t\t\t<\/div>\n\t\t\t\t<\/div>\n\t\t\t\t<div class=\"elementor-element elementor-element-4f28be5 elementor-widget elementor-widget-toggle\" data-id=\"4f28be5\" data-element_type=\"widget\" data-widget_type=\"toggle.default\">\n\t\t\t\t<div class=\"elementor-widget-container\">\n\t\t\t\t\t\t\t<div class=\"elementor-toggle\">\n\t\t\t\t\t\t\t<div class=\"elementor-toggle-item\">\n\t\t\t\t\t<div id=\"elementor-tab-title-8301\" class=\"elementor-tab-title\" data-tab=\"1\" role=\"button\" aria-controls=\"elementor-tab-content-8301\" aria-expanded=\"false\">\n\t\t\t\t\t\t\t\t\t\t\t\t<span class=\"elementor-toggle-icon elementor-toggle-icon-left\" aria-hidden=\"true\">\n\t\t\t\t\t\t\t\t\t\t\t\t\t\t\t<i class=\"elementor-toggle-icon-closed fa fa-caret-right\"><\/i>\n\t\t\t\t\t\t\t\t<i class=\"elementor-toggle-icon-opened fa fa-caret-up\"><\/i>\n\t\t\t\t\t\t\t\t\t\t\t\t\t<\/span>\n\t\t\t\t\t\t\t\t\t\t\t\t<a class=\"elementor-toggle-title\" tabindex=\"0\">Ansicht Reiter<\/a>\n\t\t\t\t\t<\/div>\n\n\t\t\t\t\t<div id=\"elementor-tab-content-8301\" class=\"elementor-tab-content elementor-clearfix\" data-tab=\"1\" role=\"region\" aria-labelledby=\"elementor-tab-title-8301\"><p><strong>B\u00fchne:\u00a0\u00a0\u00a0\u00a0\u00a0\u00a0\u00a0\u00a0\u00a0\u00a0\u00a0\u00a0\u00a0\u00a0\u00a0\u00a0\u00a0\u00a0\u00a0\u00a0 \u00a0\u00a0\u00a0\u00a0\u00a0\u00a0\u00a0\u00a0\u00a0\u00a0\u00a0\u00a0<\/strong>10m x 10m (B x H)<\/p><p>schwarzer Ballettteppich, schwarzer Hintergrund<\/p><p>Schwarze Kappen<\/p><p><strong>Licht:\u00a0\u00a0\u00a0\u00a0\u00a0\u00a0\u00a0\u00a0\u00a0\u00a0\u00a0\u00a0\u00a0\u00a0\u00a0\u00a0\u00a0\u00a0\u00a0\u00a0\u00a0\u00a0\u00a0\u00a0\u00a0 \u00a0\u00a0\u00a0\u00a0\u00a0\u00a0\u00a0\u00a0\u00a0\u00a0\u00a0\u00a0<\/strong>8 Profillampen (ETC 25-50\u00b0 750W),<\/p><p>16 St\u00fcck 1 KW Pc + Schallwand<\/p><p>4 Fresner + Ablenkplatte<\/p><p>1 PAR64 CP62<\/p><p>1 kleiner Fu\u00df<\/p><p>Nebelmaschine<\/p><p>Compulite Spark-Leuchtkasten<\/p><p><strong>H\u00e4ngen: \u00a0\u00a0\u00a0\u00a0\u00a0\u00a0\u00a0\u00a0\u00a0\u00a0\u00a0\u00a0\u00a0\u00a0\u00a0\u00a0\u00a0\u00a0\u00a0\u00a0\u00a0\u00a0\u00a0 \u00a0\u00a0\u00a0\u00a0\u00a0\u00a0\u00a0\u00a0\u00a0\u00a0\u00a0\u00a0<\/strong>1 CD-Spieler<\/p><p>1 Mischpult<\/p><p>Vorderseite, Monitorlautsprecher<\/p><p><strong>Anzahl der Passagiere:\u00a0\u00a0\u00a0\u00a0\u00a0\u00a0\u00a0\u00a0\u00a0\u00a0\u00a0 \u00a0\u00a0\u00a0\u00a0\u00a0\u00a0\u00a0\u00a0\u00a0\u00a0\u00a0\u00a0<\/strong>1 m\u00e4nnlicher T\u00e4nzer<\/p><p>2 Techniker<\/p><p>1 Assistent<\/p><p>1 Choreograph<\/p><p><strong>Lokale Nachfrage:\u00a0\u00a0\u00a0<\/strong>\u00a0\u00a0\u00a0\u00a0\u00a0\u00a0\u00a0\u00a0\u00a0\u00a0\u00a0 \u00a0\u00a0\u00a0\u00a0\u00a0\u00a0\u00a0\u00a0\u00a0\u00a0\u00a0 2 Beleuchtungen<\/p><p>1 Satz Lautsprecher<\/p><p><strong>Sonstiges: Die Auff\u00fchrung beinhaltet lebende Tiere, kleine Hunde und Kunstblut<\/strong><\/p><p><strong>B\u00fchnenbau:\u00a0\u00a0\u00a0\u00a0\u00a0\u00a0\u00a0\u00a0\u00a0\u00a0\u00a0<\/strong>\u00a0\u00a0\u00a0\u00a0\u00a0\u00a0\u00a0\u00a0\u00a0\u00a0\u00a0 5 Stunden<\/p><p><strong>Aufl\u00f6sung der Stufe:\u00a0\u00a0\u00a0\u00a0\u00a0\u00a0\u00a0\u00a0\u00a0\u00a0\u00a0\u00a0\u00a0\u00a0\u00a0\u00a0\u00a0\u00a0\u00a0\u00a0\u00a0<\/strong>1 Stunde<\/p><p><strong>Dauer der Pr\u00e4sentation:\u00a0\u00a0\u00a0\u00a0\u00a0\u00a0\u00a0\u00a0<\/strong>45 min<\/p><\/div>\n\t\t\t\t<\/div>\n\t\t\t\t\t\t\t\t<\/div>\n\t\t\t\t\t\t<\/div>\n\t\t\t\t<\/div>\n\t\t\t\t\t<\/div>\n\t\t<\/div>\n\t\t\t\t\t<\/div>\n\t\t<\/section>\n\t\t\t\t<\/div>","protected":false},"excerpt":{"rendered":"<p>A m\u0171v\u00e9szet r\u00e9s arra, hogy illeg\u00e1lis dolgokat megmutassunk, megt\u00e1rgyaljunk, hogy szemben\u00e9zz\u00fcnk vele. K\u00e9pes elemelni a val\u00f3s\u00e1gt\u00f3l. \u00cdgy a m\u0171v\u00e9szet neve alatt leg\u00e1liss\u00e1 v\u00e1lik a tabu. Hogyan m\u0171k\u00f6dik a kontextus-teremt\u00e9s? Hogyan m\u0171k\u00f6dik az emberi agy? Hogyan haszn\u00e1ljuk ezt a lehet\u0151s\u00e9get? A m\u0171v\u00e9szet olt\u00e1r\u00e1n szabad, amit az \u00e9letben nem minden esetben tehet\u00fcnk meg. Ez\u00e9rt a m\u0171v\u00e9szet alibij\u00e9ben [&hellip;]<\/p>","protected":false},"author":1,"featured_media":0,"parent":0,"menu_order":0,"comment_status":"closed","ping_status":"closed","template":"elementor_header_footer","meta":{"footnotes":""},"class_list":["post-18065","page","type-page","status-publish","hentry"],"yoast_head":"<!-- This site is optimized with the Yoast SEO plugin v26.0 - https:\/\/yoast.com\/wordpress\/plugins\/seo\/ -->\n<title>Uraim - KET<\/title>\n<meta name=\"robots\" content=\"index, follow, max-snippet:-1, max-image-preview:large, max-video-preview:-1\" \/>\n<link rel=\"canonical\" href=\"https:\/\/cedthu.rwpstaging.site\/de\/uraim\/\" \/>\n<meta name=\"twitter:card\" content=\"summary_large_image\" \/>\n<meta name=\"twitter:title\" content=\"Uraim - KET\" \/>\n<meta name=\"twitter:description\" content=\"A m\u0171v\u00e9szet r\u00e9s arra, hogy illeg\u00e1lis dolgokat megmutassunk, megt\u00e1rgyaljunk, hogy szemben\u00e9zz\u00fcnk vele. K\u00e9pes elemelni a val\u00f3s\u00e1gt\u00f3l. \u00cdgy a m\u0171v\u00e9szet neve alatt leg\u00e1liss\u00e1 v\u00e1lik a tabu. Hogyan m\u0171k\u00f6dik a kontextus-teremt\u00e9s? Hogyan m\u0171k\u00f6dik az emberi agy? Hogyan haszn\u00e1ljuk ezt a lehet\u0151s\u00e9get? A m\u0171v\u00e9szet olt\u00e1r\u00e1n szabad, amit az \u00e9letben nem minden esetben tehet\u00fcnk meg. Ez\u00e9rt a m\u0171v\u00e9szet alibij\u00e9ben [&hellip;]\" \/>\n<meta name=\"twitter:image\" content=\"https:\/\/cedthu.rwpstaging.site\/wp-content\/uploads\/2017\/02\/foto_1115.jpg\" \/>\n<meta name=\"twitter:label1\" content=\"Gesch\u00e4tzte Lesezeit\" \/>\n\t<meta name=\"twitter:data1\" content=\"4\u00a0Minuten\" \/>\n<script type=\"application\/ld+json\" class=\"yoast-schema-graph\">{\"@context\":\"https:\/\/schema.org\",\"@graph\":[{\"@type\":\"WebPage\",\"@id\":\"https:\/\/cedthu.rwpstaging.site\/uraim\/\",\"url\":\"https:\/\/cedthu.rwpstaging.site\/uraim\/\",\"name\":\"Uraim - KET\",\"isPartOf\":{\"@id\":\"https:\/\/cedthu.rwpstaging.site\/#website\"},\"primaryImageOfPage\":{\"@id\":\"https:\/\/cedthu.rwpstaging.site\/uraim\/#primaryimage\"},\"image\":{\"@id\":\"https:\/\/cedthu.rwpstaging.site\/uraim\/#primaryimage\"},\"thumbnailUrl\":\"https:\/\/cedthu.rwpstaging.site\/wp-content\/uploads\/2017\/02\/foto_1115.jpg\",\"datePublished\":\"2025-05-15T14:07:30+00:00\",\"dateModified\":\"2025-05-15T14:10:00+00:00\",\"breadcrumb\":{\"@id\":\"https:\/\/cedthu.rwpstaging.site\/uraim\/#breadcrumb\"},\"inLanguage\":\"de\",\"potentialAction\":[{\"@type\":\"ReadAction\",\"target\":[\"https:\/\/cedthu.rwpstaging.site\/uraim\/\"]}]},{\"@type\":\"ImageObject\",\"inLanguage\":\"de\",\"@id\":\"https:\/\/cedthu.rwpstaging.site\/uraim\/#primaryimage\",\"url\":\"https:\/\/cedthu.rwpstaging.site\/wp-content\/uploads\/2017\/02\/foto_1115.jpg\",\"contentUrl\":\"https:\/\/cedthu.rwpstaging.site\/wp-content\/uploads\/2017\/02\/foto_1115.jpg\"},{\"@type\":\"BreadcrumbList\",\"@id\":\"https:\/\/cedthu.rwpstaging.site\/uraim\/#breadcrumb\",\"itemListElement\":[{\"@type\":\"ListItem\",\"position\":1,\"name\":\"Home\",\"item\":\"https:\/\/cedthu.rwpstaging.site\/\"},{\"@type\":\"ListItem\",\"position\":2,\"name\":\"Uraim\"}]},{\"@type\":\"WebSite\",\"@id\":\"https:\/\/cedthu.rwpstaging.site\/#website\",\"url\":\"https:\/\/cedthu.rwpstaging.site\/\",\"name\":\"KET\",\"description\":\"K\u00f6z\u00e9p-Eur\u00f3pa T\u00e1ncsz\u00ednh\u00e1z\",\"publisher\":{\"@id\":\"https:\/\/cedthu.rwpstaging.site\/#organization\"},\"potentialAction\":[{\"@type\":\"SearchAction\",\"target\":{\"@type\":\"EntryPoint\",\"urlTemplate\":\"https:\/\/cedthu.rwpstaging.site\/?s={search_term_string}\"},\"query-input\":{\"@type\":\"PropertyValueSpecification\",\"valueRequired\":true,\"valueName\":\"search_term_string\"}}],\"inLanguage\":\"de\"},{\"@type\":\"Organization\",\"@id\":\"https:\/\/cedthu.rwpstaging.site\/#organization\",\"name\":\"KET\",\"url\":\"https:\/\/cedthu.rwpstaging.site\/\",\"logo\":{\"@type\":\"ImageObject\",\"inLanguage\":\"de\",\"@id\":\"https:\/\/cedthu.rwpstaging.site\/#\/schema\/logo\/image\/\",\"url\":\"https:\/\/cedthu.rwpstaging.site\/wp-content\/uploads\/2024\/03\/cropped-KET-NYomda-logo2.png\",\"contentUrl\":\"https:\/\/cedthu.rwpstaging.site\/wp-content\/uploads\/2024\/03\/cropped-KET-NYomda-logo2.png\",\"width\":300,\"height\":326,\"caption\":\"KET\"},\"image\":{\"@id\":\"https:\/\/cedthu.rwpstaging.site\/#\/schema\/logo\/image\/\"}}]}<\/script>\n<!-- \/ Yoast SEO plugin. -->","yoast_head_json":{"title":"Uraim - KET","robots":{"index":"index","follow":"follow","max-snippet":"max-snippet:-1","max-image-preview":"max-image-preview:large","max-video-preview":"max-video-preview:-1"},"canonical":"https:\/\/cedthu.rwpstaging.site\/de\/uraim\/","twitter_card":"summary_large_image","twitter_title":"Uraim - KET","twitter_description":"A m\u0171v\u00e9szet r\u00e9s arra, hogy illeg\u00e1lis dolgokat megmutassunk, megt\u00e1rgyaljunk, hogy szemben\u00e9zz\u00fcnk vele. K\u00e9pes elemelni a val\u00f3s\u00e1gt\u00f3l. \u00cdgy a m\u0171v\u00e9szet neve alatt leg\u00e1liss\u00e1 v\u00e1lik a tabu. Hogyan m\u0171k\u00f6dik a kontextus-teremt\u00e9s? Hogyan m\u0171k\u00f6dik az emberi agy? Hogyan haszn\u00e1ljuk ezt a lehet\u0151s\u00e9get? A m\u0171v\u00e9szet olt\u00e1r\u00e1n szabad, amit az \u00e9letben nem minden esetben tehet\u00fcnk meg. Ez\u00e9rt a m\u0171v\u00e9szet alibij\u00e9ben [&hellip;]","twitter_image":"https:\/\/cedthu.rwpstaging.site\/wp-content\/uploads\/2017\/02\/foto_1115.jpg","twitter_misc":{"Gesch\u00e4tzte Lesezeit":"4\u00a0Minuten"},"schema":{"@context":"https:\/\/schema.org","@graph":[{"@type":"WebPage","@id":"https:\/\/cedthu.rwpstaging.site\/uraim\/","url":"https:\/\/cedthu.rwpstaging.site\/uraim\/","name":"Uraim - KET","isPartOf":{"@id":"https:\/\/cedthu.rwpstaging.site\/#website"},"primaryImageOfPage":{"@id":"https:\/\/cedthu.rwpstaging.site\/uraim\/#primaryimage"},"image":{"@id":"https:\/\/cedthu.rwpstaging.site\/uraim\/#primaryimage"},"thumbnailUrl":"https:\/\/cedthu.rwpstaging.site\/wp-content\/uploads\/2017\/02\/foto_1115.jpg","datePublished":"2025-05-15T14:07:30+00:00","dateModified":"2025-05-15T14:10:00+00:00","breadcrumb":{"@id":"https:\/\/cedthu.rwpstaging.site\/uraim\/#breadcrumb"},"inLanguage":"de","potentialAction":[{"@type":"ReadAction","target":["https:\/\/cedthu.rwpstaging.site\/uraim\/"]}]},{"@type":"ImageObject","inLanguage":"de","@id":"https:\/\/cedthu.rwpstaging.site\/uraim\/#primaryimage","url":"https:\/\/cedthu.rwpstaging.site\/wp-content\/uploads\/2017\/02\/foto_1115.jpg","contentUrl":"https:\/\/cedthu.rwpstaging.site\/wp-content\/uploads\/2017\/02\/foto_1115.jpg"},{"@type":"BreadcrumbList","@id":"https:\/\/cedthu.rwpstaging.site\/uraim\/#breadcrumb","itemListElement":[{"@type":"ListItem","position":1,"name":"Home","item":"https:\/\/cedthu.rwpstaging.site\/"},{"@type":"ListItem","position":2,"name":"Uraim"}]},{"@type":"WebSite","@id":"https:\/\/cedthu.rwpstaging.site\/#website","url":"https:\/\/cedthu.rwpstaging.site\/","name":"KET","description":"Tanztheater Mitteleuropa","publisher":{"@id":"https:\/\/cedthu.rwpstaging.site\/#organization"},"potentialAction":[{"@type":"SearchAction","target":{"@type":"EntryPoint","urlTemplate":"https:\/\/cedthu.rwpstaging.site\/?s={search_term_string}"},"query-input":{"@type":"PropertyValueSpecification","valueRequired":true,"valueName":"search_term_string"}}],"inLanguage":"de"},{"@type":"Organization","@id":"https:\/\/cedthu.rwpstaging.site\/#organization","name":"KET","url":"https:\/\/cedthu.rwpstaging.site\/","logo":{"@type":"ImageObject","inLanguage":"de","@id":"https:\/\/cedthu.rwpstaging.site\/#\/schema\/logo\/image\/","url":"https:\/\/cedthu.rwpstaging.site\/wp-content\/uploads\/2024\/03\/cropped-KET-NYomda-logo2.png","contentUrl":"https:\/\/cedthu.rwpstaging.site\/wp-content\/uploads\/2024\/03\/cropped-KET-NYomda-logo2.png","width":300,"height":326,"caption":"KET"},"image":{"@id":"https:\/\/cedthu.rwpstaging.site\/#\/schema\/logo\/image\/"}}]}},"_links":{"self":[{"href":"https:\/\/cedthu.rwpstaging.site\/de\/wp-json\/wp\/v2\/pages\/18065","targetHints":{"allow":["GET"]}}],"collection":[{"href":"https:\/\/cedthu.rwpstaging.site\/de\/wp-json\/wp\/v2\/pages"}],"about":[{"href":"https:\/\/cedthu.rwpstaging.site\/de\/wp-json\/wp\/v2\/types\/page"}],"author":[{"embeddable":true,"href":"https:\/\/cedthu.rwpstaging.site\/de\/wp-json\/wp\/v2\/users\/1"}],"replies":[{"embeddable":true,"href":"https:\/\/cedthu.rwpstaging.site\/de\/wp-json\/wp\/v2\/comments?post=18065"}],"version-history":[{"count":5,"href":"https:\/\/cedthu.rwpstaging.site\/de\/wp-json\/wp\/v2\/pages\/18065\/revisions"}],"predecessor-version":[{"id":18091,"href":"https:\/\/cedthu.rwpstaging.site\/de\/wp-json\/wp\/v2\/pages\/18065\/revisions\/18091"}],"wp:attachment":[{"href":"https:\/\/cedthu.rwpstaging.site\/de\/wp-json\/wp\/v2\/media?parent=18065"}],"curies":[{"name":"wp","href":"https:\/\/api.w.org\/{rel}","templated":true}]}}