{"id":18106,"date":"2025-05-15T14:11:05","date_gmt":"2025-05-15T14:11:05","guid":{"rendered":"https:\/\/cedthu.rwpstaging.site\/?page_id=18106"},"modified":"2025-05-15T14:13:08","modified_gmt":"2025-05-15T14:13:08","slug":"mind1","status":"publish","type":"page","link":"https:\/\/cedthu.rwpstaging.site\/de\/mind1\/","title":{"rendered":"Mind1"},"content":{"rendered":"<div data-elementor-type=\"wp-page\" data-elementor-id=\"18106\" class=\"elementor elementor-18106\" data-elementor-post-type=\"page\">\n\t\t\t\t\t\t<section class=\"elementor-section elementor-top-section elementor-element elementor-element-54aeba9a elementor-section-boxed elementor-section-height-default elementor-section-height-default\" data-id=\"54aeba9a\" data-element_type=\"section\" data-settings=\"{&quot;background_background&quot;:&quot;classic&quot;}\">\n\t\t\t\t\t\t<div class=\"elementor-container elementor-column-gap-default\">\n\t\t\t\t\t<div class=\"elementor-column elementor-col-100 elementor-top-column elementor-element elementor-element-2bfa8bb6\" data-id=\"2bfa8bb6\" data-element_type=\"column\">\n\t\t\t<div class=\"elementor-widget-wrap elementor-element-populated\">\n\t\t\t\t\t\t<div class=\"elementor-element elementor-element-63c47829 elementor-widget elementor-widget-image\" data-id=\"63c47829\" data-element_type=\"widget\" data-widget_type=\"image.default\">\n\t\t\t\t<div class=\"elementor-widget-container\">\n\t\t\t\t\t\t\t\t\t\t\t\t\t\t\t<img fetchpriority=\"high\" decoding=\"async\" width=\"719\" height=\"480\" src=\"https:\/\/cedthu.rwpstaging.site\/wp-content\/uploads\/2017\/02\/foto_1098.jpg\" class=\"attachment-full size-full wp-image-1806\" alt=\"\" srcset=\"https:\/\/cedthu.rwpstaging.site\/wp-content\/uploads\/2017\/02\/foto_1098.jpg 719w, https:\/\/cedthu.rwpstaging.site\/wp-content\/uploads\/2017\/02\/foto_1098-300x200.jpg 300w, https:\/\/cedthu.rwpstaging.site\/wp-content\/uploads\/2017\/02\/foto_1098-400x267.jpg 400w, https:\/\/cedthu.rwpstaging.site\/wp-content\/uploads\/2017\/02\/foto_1098-20x13.jpg 20w\" sizes=\"(max-width: 719px) 100vw, 719px\" \/>\t\t\t\t\t\t\t\t\t\t\t\t\t\t\t<\/div>\n\t\t\t\t<\/div>\n\t\t\t\t<div class=\"elementor-element elementor-element-70d63da elementor-widget elementor-widget-text-editor\" data-id=\"70d63da\" data-element_type=\"widget\" data-widget_type=\"text-editor.default\">\n\t\t\t\t<div class=\"elementor-widget-container\">\n\t\t\t\t\t\t\t\t\t<div class=\"x11i5rnm xat24cr x1mh8g0r x1vvkbs xtlvy1s\"><div class=\"show-description\"><p>Erste Pr\u00e4sentation der K-Arcok-Serie<\/p><p>Die Serie ist eine Plattform f\u00fcr eine enge Zusammenarbeit zwischen Sch\u00f6pfer und K\u00fcnstler. Dank des Solo-Genres wird das Portr\u00e4t des K\u00fcnstlers in der B\u00fchnenpr\u00e4senz und der Performance des T\u00e4nzers gezeichnet, so dass die gemeinsame Arbeit zweier kreativer Einheiten zu einem Portr\u00e4t eines bestimmten T\u00e4nzers des KET werden kann.<\/p><p>Aus der Perspektive des Individuums untersuchen Attila Kun und P\u00e9ter Kov\u00e1cs die f\u00fcr die menschliche Spezies so charakteristische Illusion des sozialen Lebens, die Illusion, unser Schicksal und unsere Umwelt zu gestalten. Sie untersuchen die Vorstellung, dass es \"wichtig\" ist, wie wir handeln, welche Botschaft wir hinterlassen und welche Zeichen wir hinterlassen.<br \/>Wo findet das Individuum als eine von der Natur abgeschnittene Spezies im \"Maskenball\" immer neuer Rollen, Masken, \u00dcberlebensmuster, die sich bis zur Ersch\u00f6pfung wiederholen, die Gemeinschaft mit der l\u00f6senden Kraft des \"Universums\"?<\/p><\/div><\/div>\t\t\t\t\t\t\t\t<\/div>\n\t\t\t\t<\/div>\n\t\t\t\t<div class=\"elementor-element elementor-element-735a80d3 elementor-widget elementor-widget-heading\" data-id=\"735a80d3\" data-element_type=\"widget\" data-widget_type=\"heading.default\">\n\t\t\t\t<div class=\"elementor-widget-container\">\n\t\t\t\t\t<h2 class=\"elementor-heading-title elementor-size-default\">Sch\u00f6pfer<\/h2>\t\t\t\t<\/div>\n\t\t\t\t<\/div>\n\t\t\t\t<div class=\"elementor-element elementor-element-138c29ee elementor-widget-divider--view-line elementor-widget elementor-widget-divider\" data-id=\"138c29ee\" data-element_type=\"widget\" data-widget_type=\"divider.default\">\n\t\t\t\t<div class=\"elementor-widget-container\">\n\t\t\t\t\t\t\t<div class=\"elementor-divider\">\n\t\t\t<span class=\"elementor-divider-separator\">\n\t\t\t\t\t\t<\/span>\n\t\t<\/div>\n\t\t\t\t\t\t<\/div>\n\t\t\t\t<\/div>\n\t\t\t\t<div class=\"elementor-element elementor-element-1a1c2be8 elementor-widget elementor-widget-text-editor\" data-id=\"1a1c2be8\" data-element_type=\"widget\" data-widget_type=\"text-editor.default\">\n\t\t\t\t<div class=\"elementor-widget-container\">\n\t\t\t\t\t\t\t\t\t<div class=\"show-actors\"><div id=\"nested-actors\"><div class=\"show-actors\"><div id=\"nested-actors\"><div class=\"show-actors\"><div id=\"nested-actors\"><div><h3>Tanzk\u00fcnstler<\/h3><ul><li>P\u00e9ter Kov\u00e1cs<\/li><\/ul><\/div><div><h3>Choreograph<\/h3><ul><li>Als Attila<\/li><\/ul><\/div><div><h3>Kost\u00fcm, Stylist<\/h3><ul><li>Emese Kasza<\/li><\/ul><\/div><div><h3>Musik, Musikbearbeitung<\/h3><ul><li>L\u00e1szl\u00f3 M\u00e1di<\/li><\/ul><\/div><\/div><\/div><div class=\"show-images\"><div class=\"row no-margin\"><div class=\"col-md-12 no-padding\">\u00a0<\/div><\/div><\/div><\/div><\/div><\/div><\/div>\t\t\t\t\t\t\t\t<\/div>\n\t\t\t\t<\/div>\n\t\t\t\t<div class=\"elementor-element elementor-element-5097b125 elementor-widget elementor-widget-gallery\" data-id=\"5097b125\" data-element_type=\"widget\" data-settings=\"{&quot;columns&quot;:3,&quot;lazyload&quot;:&quot;yes&quot;,&quot;gallery_layout&quot;:&quot;grid&quot;,&quot;columns_tablet&quot;:2,&quot;columns_mobile&quot;:1,&quot;gap&quot;:{&quot;unit&quot;:&quot;px&quot;,&quot;size&quot;:10,&quot;sizes&quot;:[]},&quot;gap_tablet&quot;:{&quot;unit&quot;:&quot;px&quot;,&quot;size&quot;:10,&quot;sizes&quot;:[]},&quot;gap_mobile&quot;:{&quot;unit&quot;:&quot;px&quot;,&quot;size&quot;:10,&quot;sizes&quot;:[]},&quot;link_to&quot;:&quot;file&quot;,&quot;aspect_ratio&quot;:&quot;3:2&quot;,&quot;overlay_background&quot;:&quot;yes&quot;,&quot;content_hover_animation&quot;:&quot;fade-in&quot;}\" data-widget_type=\"gallery.default\">\n\t\t\t\t<div class=\"elementor-widget-container\">\n\t\t\t\t\t\t\t<div class=\"elementor-gallery__container\">\n\t\t\t\t\t\t\t<a class=\"e-gallery-item elementor-gallery-item elementor-animated-content\" href=\"https:\/\/cedthu.rwpstaging.site\/wp-content\/uploads\/2017\/02\/foto_1090.jpg\" data-elementor-open-lightbox=\"yes\" data-elementor-lightbox-slideshow=\"5097b125\" data-elementor-lightbox-title=\"foto_1090\" data-e-action-hash=\"#elementor-action%3Aaction%3Dlightbox%26settings%3DeyJpZCI6MTc5NywidXJsIjoiaHR0cHM6XC9cL2NlZHRodS5yd3BzdGFnaW5nLnNpdGVcL3dwLWNvbnRlbnRcL3VwbG9hZHNcLzIwMTdcLzAyXC9mb3RvXzEwOTAuanBnIiwic2xpZGVzaG93IjoiNTA5N2IxMjUifQ%3D%3D\">\n\t\t\t\t\t<div class=\"e-gallery-image elementor-gallery-item__image\" data-thumbnail=\"https:\/\/cedthu.rwpstaging.site\/wp-content\/uploads\/2017\/02\/foto_1090-198x300.jpg\" data-width=\"198\" data-height=\"300\" aria-label=\"\" role=\"img\" ><\/div>\n\t\t\t\t\t\t\t\t\t\t\t<div class=\"elementor-gallery-item__overlay\"><\/div>\n\t\t\t\t\t\t\t\t\t\t\t\t\t\t<\/a>\n\t\t\t\t\t\t\t<a class=\"e-gallery-item elementor-gallery-item elementor-animated-content\" href=\"https:\/\/cedthu.rwpstaging.site\/wp-content\/uploads\/2017\/02\/foto_1091.jpg\" data-elementor-open-lightbox=\"yes\" data-elementor-lightbox-slideshow=\"5097b125\" data-elementor-lightbox-title=\"foto_1091\" data-elementor-lightbox-description=\"J\u00f3k\u00fati Gy\u00f6rgy \/ Gy\u00f6rgy J\u00f3k\u00fati \" data-e-action-hash=\"#elementor-action%3Aaction%3Dlightbox%26settings%3DeyJpZCI6MTc5OSwidXJsIjoiaHR0cHM6XC9cL2NlZHRodS5yd3BzdGFnaW5nLnNpdGVcL3dwLWNvbnRlbnRcL3VwbG9hZHNcLzIwMTdcLzAyXC9mb3RvXzEwOTEuanBnIiwic2xpZGVzaG93IjoiNTA5N2IxMjUifQ%3D%3D\">\n\t\t\t\t\t<div class=\"e-gallery-image elementor-gallery-item__image\" data-thumbnail=\"https:\/\/cedthu.rwpstaging.site\/wp-content\/uploads\/2017\/02\/foto_1091-300x200.jpg\" data-width=\"300\" data-height=\"200\" aria-label=\"\" role=\"img\" ><\/div>\n\t\t\t\t\t\t\t\t\t\t\t<div class=\"elementor-gallery-item__overlay\"><\/div>\n\t\t\t\t\t\t\t\t\t\t\t\t\t\t<\/a>\n\t\t\t\t\t\t\t<a class=\"e-gallery-item elementor-gallery-item elementor-animated-content\" href=\"https:\/\/cedthu.rwpstaging.site\/wp-content\/uploads\/2017\/02\/foto_1092.jpg\" data-elementor-open-lightbox=\"yes\" data-elementor-lightbox-slideshow=\"5097b125\" data-elementor-lightbox-title=\"foto_1092\" data-e-action-hash=\"#elementor-action%3Aaction%3Dlightbox%26settings%3DeyJpZCI6MTgwMCwidXJsIjoiaHR0cHM6XC9cL2NlZHRodS5yd3BzdGFnaW5nLnNpdGVcL3dwLWNvbnRlbnRcL3VwbG9hZHNcLzIwMTdcLzAyXC9mb3RvXzEwOTIuanBnIiwic2xpZGVzaG93IjoiNTA5N2IxMjUifQ%3D%3D\">\n\t\t\t\t\t<div class=\"e-gallery-image elementor-gallery-item__image\" data-thumbnail=\"https:\/\/cedthu.rwpstaging.site\/wp-content\/uploads\/2017\/02\/foto_1092-300x200.jpg\" data-width=\"300\" data-height=\"200\" aria-label=\"\" role=\"img\" ><\/div>\n\t\t\t\t\t\t\t\t\t\t\t<div class=\"elementor-gallery-item__overlay\"><\/div>\n\t\t\t\t\t\t\t\t\t\t\t\t\t\t<\/a>\n\t\t\t\t\t<\/div>\n\t\t\t\t\t<\/div>\n\t\t\t\t<\/div>\n\t\t\t\t<div class=\"elementor-element elementor-element-647a557d elementor-widget elementor-widget-heading\" data-id=\"647a557d\" data-element_type=\"widget\" data-widget_type=\"heading.default\">\n\t\t\t\t<div class=\"elementor-widget-container\">\n\t\t\t\t\t<h2 class=\"elementor-heading-title elementor-size-default\">Tanztheater Mitteleuropa: Mind1 - K-Arcok 1<\/h2>\t\t\t\t<\/div>\n\t\t\t\t<\/div>\n\t\t\t\t<div class=\"elementor-element elementor-element-5404e0ed elementor-widget elementor-widget-video\" data-id=\"5404e0ed\" data-element_type=\"widget\" data-settings=\"{&quot;youtube_url&quot;:&quot;https:\\\/\\\/youtu.be\\\/GUy_fKpjOII&quot;,&quot;video_type&quot;:&quot;youtube&quot;,&quot;controls&quot;:&quot;yes&quot;}\" data-widget_type=\"video.default\">\n\t\t\t\t<div class=\"elementor-widget-container\">\n\t\t\t\t\t\t\t<div class=\"elementor-wrapper elementor-open-inline\">\n\t\t\t<div class=\"elementor-video\"><\/div>\t\t<\/div>\n\t\t\t\t\t\t<\/div>\n\t\t\t\t<\/div>\n\t\t\t\t<div class=\"elementor-element elementor-element-26a45ae9 elementor-widget elementor-widget-heading\" data-id=\"26a45ae9\" data-element_type=\"widget\" data-widget_type=\"heading.default\">\n\t\t\t\t<div class=\"elementor-widget-container\">\n\t\t\t\t\t<h2 class=\"elementor-heading-title elementor-size-default\">Verwandte Pressemitteilungen<\/h2>\t\t\t\t<\/div>\n\t\t\t\t<\/div>\n\t\t\t\t<div class=\"elementor-element elementor-element-16c42038 elementor-widget-divider--view-line elementor-widget elementor-widget-divider\" data-id=\"16c42038\" data-element_type=\"widget\" data-widget_type=\"divider.default\">\n\t\t\t\t<div class=\"elementor-widget-container\">\n\t\t\t\t\t\t\t<div class=\"elementor-divider\">\n\t\t\t<span class=\"elementor-divider-separator\">\n\t\t\t\t\t\t<\/span>\n\t\t<\/div>\n\t\t\t\t\t\t<\/div>\n\t\t\t\t<\/div>\n\t\t\t\t<div class=\"elementor-element elementor-element-1c3a5aad elementor-widget elementor-widget-text-editor\" data-id=\"1c3a5aad\" data-element_type=\"widget\" data-widget_type=\"text-editor.default\">\n\t\t\t\t<div class=\"elementor-widget-container\">\n\t\t\t\t\t\t\t\t\t<div class=\"pressauthor\"><div class=\"pressauthor\"><div class=\"pressauthor\">Turbulente Lilla:\u00a0 <a href=\"http:\/\/www.tanckritika.hu\/kategoriak\/kritika\/847-turbuly-lilla-vilagok-vandora\">Wanderer der Welten\u00a0 <\/a>(t\u00e1nckritika.hu) <span style=\"font-family: -apple-system, BlinkMacSystemFont, 'Segoe UI', Roboto, 'Helvetica Neue', Arial, 'Noto Sans', sans-serif, 'Apple Color Emoji', 'Segoe UI Emoji', 'Segoe UI Symbol', 'Noto Color Emoji';\">&#8211; 12\/12\/2015 <\/span><span style=\"font-family: -apple-system, BlinkMacSystemFont, 'Segoe UI', Roboto, 'Helvetica Neue', Arial, 'Noto Sans', sans-serif, 'Apple Color Emoji', 'Segoe UI Emoji', 'Segoe UI Symbol', 'Noto Color Emoji';\">\"Zwei Kulturen, zwei Wertvorstellungen erscheinen in der Choreographie - nicht in der Reihenfolge, in der sie zuerst auftauchen w\u00fcrden, denn sie geht von der Gegenwart aus, von den heute vorherrschenden Werten, und bewegt sich in der Zeit zur\u00fcck zu einer anderen, archaischeren Kultur. Im ersten Teil sehen wir Peter Kov\u00e1cs zun\u00e4chst in einem dunklen Anzug, mit dem R\u00fccken zu uns, und erst wenn er sich umdreht, bemerken wir, dass auch sein Gesicht von einer schwarzen Maske bedeckt ist.<\/span><\/div><div class=\"presslead\"><p>Der vollst\u00e4ndige Artikel\u00a0<a href=\"http:\/\/www.tanckritika.hu\/kategoriak\/kritika\/847-turbuly-lilla-vilagok-vandora\" target=\"_blank\" rel=\"noopener\">hier<\/a>\u00a0lesen.<\/p><\/div><\/div><\/div>\t\t\t\t\t\t\t\t<\/div>\n\t\t\t\t<\/div>\n\t\t\t\t\t<\/div>\n\t\t<\/div>\n\t\t\t\t\t<\/div>\n\t\t<\/section>\n\t\t\t\t<\/div>","protected":false},"excerpt":{"rendered":"<p>K-Arcok sorozat els\u0151 bemutat\u00f3ja A sorozat egy olyan fel\u00fclet, amely lehet\u0151s\u00e9get biztos\u00edt az alkot\u00f3 \u00e9s az el\u0151ad\u00f3 szoros egy\u00fcttm\u0171k\u00f6d\u00e9s\u00e9re. A sz\u00f3l\u00f3 m\u0171faj\u00e1nak k\u00f6sz\u00f6nhet\u0151en a t\u00e1ncos sz\u00ednpadi jelenl\u00e9t\u00e9ben, el\u0151ad\u00e1s\u00e1ban rajzol\u00f3dik meg a m\u0171v\u00e9sz portr\u00e9ja, \u00edgy v\u00e1lhat k\u00e9t alkot\u00f3 entit\u00e1s k\u00f6z\u00f6s munk\u00e1ja egy-egy portr\u00e9v\u00e1 a KET adott t\u00e1ncm\u0171v\u00e9sz\u00e9r\u0151l. Kun Attila \u00e9s Kov\u00e1cs P\u00e9ter az egy\u00e9n perspekt\u00edv\u00e1j\u00e1b\u00f3l vizsg\u00e1lj\u00e1k [&hellip;]<\/p>","protected":false},"author":1,"featured_media":0,"parent":0,"menu_order":0,"comment_status":"closed","ping_status":"closed","template":"elementor_header_footer","meta":{"footnotes":""},"class_list":["post-18106","page","type-page","status-publish","hentry"],"yoast_head":"<!-- This site is optimized with the Yoast SEO plugin v26.0 - https:\/\/yoast.com\/wordpress\/plugins\/seo\/ -->\n<title>Mind1 - KET<\/title>\n<meta name=\"robots\" content=\"index, follow, max-snippet:-1, max-image-preview:large, max-video-preview:-1\" \/>\n<link rel=\"canonical\" href=\"https:\/\/cedthu.rwpstaging.site\/de\/mind1\/\" \/>\n<meta name=\"twitter:card\" content=\"summary_large_image\" \/>\n<meta name=\"twitter:title\" content=\"Mind1 - KET\" \/>\n<meta name=\"twitter:description\" content=\"K-Arcok sorozat els\u0151 bemutat\u00f3ja A sorozat egy olyan fel\u00fclet, amely lehet\u0151s\u00e9get biztos\u00edt az alkot\u00f3 \u00e9s az el\u0151ad\u00f3 szoros egy\u00fcttm\u0171k\u00f6d\u00e9s\u00e9re. A sz\u00f3l\u00f3 m\u0171faj\u00e1nak k\u00f6sz\u00f6nhet\u0151en a t\u00e1ncos sz\u00ednpadi jelenl\u00e9t\u00e9ben, el\u0151ad\u00e1s\u00e1ban rajzol\u00f3dik meg a m\u0171v\u00e9sz portr\u00e9ja, \u00edgy v\u00e1lhat k\u00e9t alkot\u00f3 entit\u00e1s k\u00f6z\u00f6s munk\u00e1ja egy-egy portr\u00e9v\u00e1 a KET adott t\u00e1ncm\u0171v\u00e9sz\u00e9r\u0151l. Kun Attila \u00e9s Kov\u00e1cs P\u00e9ter az egy\u00e9n perspekt\u00edv\u00e1j\u00e1b\u00f3l vizsg\u00e1lj\u00e1k [&hellip;]\" \/>\n<meta name=\"twitter:image\" content=\"https:\/\/cedthu.rwpstaging.site\/wp-content\/uploads\/2017\/02\/foto_1098.jpg\" \/>\n<meta name=\"twitter:label1\" content=\"Gesch\u00e4tzte Lesezeit\" \/>\n\t<meta name=\"twitter:data1\" content=\"2\u00a0Minuten\" \/>\n<script type=\"application\/ld+json\" class=\"yoast-schema-graph\">{\"@context\":\"https:\/\/schema.org\",\"@graph\":[{\"@type\":\"WebPage\",\"@id\":\"https:\/\/cedthu.rwpstaging.site\/mind1\/\",\"url\":\"https:\/\/cedthu.rwpstaging.site\/mind1\/\",\"name\":\"Mind1 - KET\",\"isPartOf\":{\"@id\":\"https:\/\/cedthu.rwpstaging.site\/#website\"},\"primaryImageOfPage\":{\"@id\":\"https:\/\/cedthu.rwpstaging.site\/mind1\/#primaryimage\"},\"image\":{\"@id\":\"https:\/\/cedthu.rwpstaging.site\/mind1\/#primaryimage\"},\"thumbnailUrl\":\"https:\/\/cedthu.rwpstaging.site\/wp-content\/uploads\/2017\/02\/foto_1098.jpg\",\"datePublished\":\"2025-05-15T14:11:05+00:00\",\"dateModified\":\"2025-05-15T14:13:08+00:00\",\"breadcrumb\":{\"@id\":\"https:\/\/cedthu.rwpstaging.site\/mind1\/#breadcrumb\"},\"inLanguage\":\"de\",\"potentialAction\":[{\"@type\":\"ReadAction\",\"target\":[\"https:\/\/cedthu.rwpstaging.site\/mind1\/\"]}]},{\"@type\":\"ImageObject\",\"inLanguage\":\"de\",\"@id\":\"https:\/\/cedthu.rwpstaging.site\/mind1\/#primaryimage\",\"url\":\"https:\/\/cedthu.rwpstaging.site\/wp-content\/uploads\/2017\/02\/foto_1098.jpg\",\"contentUrl\":\"https:\/\/cedthu.rwpstaging.site\/wp-content\/uploads\/2017\/02\/foto_1098.jpg\"},{\"@type\":\"BreadcrumbList\",\"@id\":\"https:\/\/cedthu.rwpstaging.site\/mind1\/#breadcrumb\",\"itemListElement\":[{\"@type\":\"ListItem\",\"position\":1,\"name\":\"Home\",\"item\":\"https:\/\/cedthu.rwpstaging.site\/\"},{\"@type\":\"ListItem\",\"position\":2,\"name\":\"Mind1\"}]},{\"@type\":\"WebSite\",\"@id\":\"https:\/\/cedthu.rwpstaging.site\/#website\",\"url\":\"https:\/\/cedthu.rwpstaging.site\/\",\"name\":\"KET\",\"description\":\"K\u00f6z\u00e9p-Eur\u00f3pa T\u00e1ncsz\u00ednh\u00e1z\",\"publisher\":{\"@id\":\"https:\/\/cedthu.rwpstaging.site\/#organization\"},\"potentialAction\":[{\"@type\":\"SearchAction\",\"target\":{\"@type\":\"EntryPoint\",\"urlTemplate\":\"https:\/\/cedthu.rwpstaging.site\/?s={search_term_string}\"},\"query-input\":{\"@type\":\"PropertyValueSpecification\",\"valueRequired\":true,\"valueName\":\"search_term_string\"}}],\"inLanguage\":\"de\"},{\"@type\":\"Organization\",\"@id\":\"https:\/\/cedthu.rwpstaging.site\/#organization\",\"name\":\"KET\",\"url\":\"https:\/\/cedthu.rwpstaging.site\/\",\"logo\":{\"@type\":\"ImageObject\",\"inLanguage\":\"de\",\"@id\":\"https:\/\/cedthu.rwpstaging.site\/#\/schema\/logo\/image\/\",\"url\":\"https:\/\/cedthu.rwpstaging.site\/wp-content\/uploads\/2024\/03\/cropped-KET-NYomda-logo2.png\",\"contentUrl\":\"https:\/\/cedthu.rwpstaging.site\/wp-content\/uploads\/2024\/03\/cropped-KET-NYomda-logo2.png\",\"width\":300,\"height\":326,\"caption\":\"KET\"},\"image\":{\"@id\":\"https:\/\/cedthu.rwpstaging.site\/#\/schema\/logo\/image\/\"}}]}<\/script>\n<!-- \/ Yoast SEO plugin. -->","yoast_head_json":{"title":"Mind1 - KET","robots":{"index":"index","follow":"follow","max-snippet":"max-snippet:-1","max-image-preview":"max-image-preview:large","max-video-preview":"max-video-preview:-1"},"canonical":"https:\/\/cedthu.rwpstaging.site\/de\/mind1\/","twitter_card":"summary_large_image","twitter_title":"Mind1 - KET","twitter_description":"K-Arcok sorozat els\u0151 bemutat\u00f3ja A sorozat egy olyan fel\u00fclet, amely lehet\u0151s\u00e9get biztos\u00edt az alkot\u00f3 \u00e9s az el\u0151ad\u00f3 szoros egy\u00fcttm\u0171k\u00f6d\u00e9s\u00e9re. A sz\u00f3l\u00f3 m\u0171faj\u00e1nak k\u00f6sz\u00f6nhet\u0151en a t\u00e1ncos sz\u00ednpadi jelenl\u00e9t\u00e9ben, el\u0151ad\u00e1s\u00e1ban rajzol\u00f3dik meg a m\u0171v\u00e9sz portr\u00e9ja, \u00edgy v\u00e1lhat k\u00e9t alkot\u00f3 entit\u00e1s k\u00f6z\u00f6s munk\u00e1ja egy-egy portr\u00e9v\u00e1 a KET adott t\u00e1ncm\u0171v\u00e9sz\u00e9r\u0151l. Kun Attila \u00e9s Kov\u00e1cs P\u00e9ter az egy\u00e9n perspekt\u00edv\u00e1j\u00e1b\u00f3l vizsg\u00e1lj\u00e1k [&hellip;]","twitter_image":"https:\/\/cedthu.rwpstaging.site\/wp-content\/uploads\/2017\/02\/foto_1098.jpg","twitter_misc":{"Gesch\u00e4tzte Lesezeit":"2\u00a0Minuten"},"schema":{"@context":"https:\/\/schema.org","@graph":[{"@type":"WebPage","@id":"https:\/\/cedthu.rwpstaging.site\/mind1\/","url":"https:\/\/cedthu.rwpstaging.site\/mind1\/","name":"Mind1 - KET","isPartOf":{"@id":"https:\/\/cedthu.rwpstaging.site\/#website"},"primaryImageOfPage":{"@id":"https:\/\/cedthu.rwpstaging.site\/mind1\/#primaryimage"},"image":{"@id":"https:\/\/cedthu.rwpstaging.site\/mind1\/#primaryimage"},"thumbnailUrl":"https:\/\/cedthu.rwpstaging.site\/wp-content\/uploads\/2017\/02\/foto_1098.jpg","datePublished":"2025-05-15T14:11:05+00:00","dateModified":"2025-05-15T14:13:08+00:00","breadcrumb":{"@id":"https:\/\/cedthu.rwpstaging.site\/mind1\/#breadcrumb"},"inLanguage":"de","potentialAction":[{"@type":"ReadAction","target":["https:\/\/cedthu.rwpstaging.site\/mind1\/"]}]},{"@type":"ImageObject","inLanguage":"de","@id":"https:\/\/cedthu.rwpstaging.site\/mind1\/#primaryimage","url":"https:\/\/cedthu.rwpstaging.site\/wp-content\/uploads\/2017\/02\/foto_1098.jpg","contentUrl":"https:\/\/cedthu.rwpstaging.site\/wp-content\/uploads\/2017\/02\/foto_1098.jpg"},{"@type":"BreadcrumbList","@id":"https:\/\/cedthu.rwpstaging.site\/mind1\/#breadcrumb","itemListElement":[{"@type":"ListItem","position":1,"name":"Home","item":"https:\/\/cedthu.rwpstaging.site\/"},{"@type":"ListItem","position":2,"name":"Mind1"}]},{"@type":"WebSite","@id":"https:\/\/cedthu.rwpstaging.site\/#website","url":"https:\/\/cedthu.rwpstaging.site\/","name":"KET","description":"Tanztheater Mitteleuropa","publisher":{"@id":"https:\/\/cedthu.rwpstaging.site\/#organization"},"potentialAction":[{"@type":"SearchAction","target":{"@type":"EntryPoint","urlTemplate":"https:\/\/cedthu.rwpstaging.site\/?s={search_term_string}"},"query-input":{"@type":"PropertyValueSpecification","valueRequired":true,"valueName":"search_term_string"}}],"inLanguage":"de"},{"@type":"Organization","@id":"https:\/\/cedthu.rwpstaging.site\/#organization","name":"KET","url":"https:\/\/cedthu.rwpstaging.site\/","logo":{"@type":"ImageObject","inLanguage":"de","@id":"https:\/\/cedthu.rwpstaging.site\/#\/schema\/logo\/image\/","url":"https:\/\/cedthu.rwpstaging.site\/wp-content\/uploads\/2024\/03\/cropped-KET-NYomda-logo2.png","contentUrl":"https:\/\/cedthu.rwpstaging.site\/wp-content\/uploads\/2024\/03\/cropped-KET-NYomda-logo2.png","width":300,"height":326,"caption":"KET"},"image":{"@id":"https:\/\/cedthu.rwpstaging.site\/#\/schema\/logo\/image\/"}}]}},"_links":{"self":[{"href":"https:\/\/cedthu.rwpstaging.site\/de\/wp-json\/wp\/v2\/pages\/18106","targetHints":{"allow":["GET"]}}],"collection":[{"href":"https:\/\/cedthu.rwpstaging.site\/de\/wp-json\/wp\/v2\/pages"}],"about":[{"href":"https:\/\/cedthu.rwpstaging.site\/de\/wp-json\/wp\/v2\/types\/page"}],"author":[{"embeddable":true,"href":"https:\/\/cedthu.rwpstaging.site\/de\/wp-json\/wp\/v2\/users\/1"}],"replies":[{"embeddable":true,"href":"https:\/\/cedthu.rwpstaging.site\/de\/wp-json\/wp\/v2\/comments?post=18106"}],"version-history":[{"count":5,"href":"https:\/\/cedthu.rwpstaging.site\/de\/wp-json\/wp\/v2\/pages\/18106\/revisions"}],"predecessor-version":[{"id":18132,"href":"https:\/\/cedthu.rwpstaging.site\/de\/wp-json\/wp\/v2\/pages\/18106\/revisions\/18132"}],"wp:attachment":[{"href":"https:\/\/cedthu.rwpstaging.site\/de\/wp-json\/wp\/v2\/media?parent=18106"}],"curies":[{"name":"wp","href":"https:\/\/api.w.org\/{rel}","templated":true}]}}