{"id":18208,"date":"2025-05-15T16:33:00","date_gmt":"2025-05-15T16:33:00","guid":{"rendered":"https:\/\/cedthu.rwpstaging.site\/?page_id=18208"},"modified":"2025-05-15T16:35:38","modified_gmt":"2025-05-15T16:35:38","slug":"sweet-disharmony-xxv-ifju-koreografusok-foruma-horvath-acca","status":"publish","type":"page","link":"https:\/\/cedthu.rwpstaging.site\/de\/sweet-disharmony-xxv-ifju-koreografusok-foruma-horvath-acca\/","title":{"rendered":"S\u00fc\u00dfe (Un-)Harmonie - XXV Forum junger Choreographen - HORV\u00c1TH ACCA"},"content":{"rendered":"<div data-elementor-type=\"wp-page\" data-elementor-id=\"18208\" class=\"elementor elementor-18208\" data-elementor-post-type=\"page\">\n\t\t\t\t\t\t<section class=\"elementor-section elementor-top-section elementor-element elementor-element-71e29de2 elementor-section-boxed elementor-section-height-default elementor-section-height-default\" data-id=\"71e29de2\" data-element_type=\"section\" data-settings=\"{&quot;background_background&quot;:&quot;classic&quot;}\">\n\t\t\t\t\t\t<div class=\"elementor-container elementor-column-gap-default\">\n\t\t\t\t\t<div class=\"elementor-column elementor-col-100 elementor-top-column elementor-element elementor-element-301210bb\" data-id=\"301210bb\" data-element_type=\"column\">\n\t\t\t<div class=\"elementor-widget-wrap elementor-element-populated\">\n\t\t\t\t\t\t<div class=\"elementor-element elementor-element-34b09bff elementor-widget elementor-widget-image\" data-id=\"34b09bff\" data-element_type=\"widget\" data-widget_type=\"image.default\">\n\t\t\t\t<div class=\"elementor-widget-container\">\n\t\t\t\t\t\t\t\t\t\t\t\t\t\t\t<img fetchpriority=\"high\" decoding=\"async\" width=\"820\" height=\"1093\" src=\"https:\/\/cedthu.rwpstaging.site\/wp-content\/uploads\/2023\/10\/Horv\u00e1th-Attila-portr\u00e9-kredit-nem-kell-3.jpg\" class=\"attachment-full size-full wp-image-11055\" alt=\"\" srcset=\"https:\/\/cedthu.rwpstaging.site\/wp-content\/uploads\/2023\/10\/Horv\u00e1th-Attila-portr\u00e9-kredit-nem-kell-3.jpg 820w, https:\/\/cedthu.rwpstaging.site\/wp-content\/uploads\/2023\/10\/Horv\u00e1th-Attila-portr\u00e9-kredit-nem-kell-3-225x300.jpg 225w, https:\/\/cedthu.rwpstaging.site\/wp-content\/uploads\/2023\/10\/Horv\u00e1th-Attila-portr\u00e9-kredit-nem-kell-3-768x1024.jpg 768w, https:\/\/cedthu.rwpstaging.site\/wp-content\/uploads\/2023\/10\/Horv\u00e1th-Attila-portr\u00e9-kredit-nem-kell-3-300x400.jpg 300w, https:\/\/cedthu.rwpstaging.site\/wp-content\/uploads\/2023\/10\/Horv\u00e1th-Attila-portr\u00e9-kredit-nem-kell-3-15x20.jpg 15w\" sizes=\"(max-width: 820px) 100vw, 820px\" \/>\t\t\t\t\t\t\t\t\t\t\t\t\t\t\t<\/div>\n\t\t\t\t<\/div>\n\t\t\t\t<div class=\"elementor-element elementor-element-2355ced1 elementor-widget elementor-widget-text-editor\" data-id=\"2355ced1\" data-element_type=\"widget\" data-widget_type=\"text-editor.default\">\n\t\t\t\t<div class=\"elementor-widget-container\">\n\t\t\t\t\t\t\t\t\t<div class=\"x11i5rnm xat24cr x1mh8g0r x1vvkbs xtlvy1s\"><div class=\"show-description\"><p>Thema des Vortrags sind die st\u00e4ndigen Zustandsver\u00e4nderungen innerhalb einer geschlossenen Gemeinschaft und die Unterschiede zwischen Individuen mit unterschiedlichen Temperamenten. Die Gruppe funktioniert zun\u00e4chst wie ein Kult, in dem die Euphorie des Zusammenseins der wichtigste Ritus ist. Die K\u00f6rper sind unpers\u00f6nlich, ohne eigenst\u00e4ndige Gedanken oder Pers\u00f6nlichkeit, aber wie Zellen bilden sie gemeinsam ein gr\u00f6\u00dferes System. Die Ver\u00e4nderung tritt ein, wenn sich die Schwingungsebene eines K\u00f6rpers ver\u00e4ndert und nicht mehr in das bisherige System passt, wodurch die Symbiose gest\u00f6rt wird. Im Zuge dieser Zustandsver\u00e4nderungen wird die Einheit geschw\u00e4cht und die Entfaltung der Pers\u00f6nlichkeit, des Individuums, tritt immer mehr in den Vordergrund.<\/p><p>\u00a0<\/p><\/div><\/div>\t\t\t\t\t\t\t\t<\/div>\n\t\t\t\t<\/div>\n\t\t\t\t<div class=\"elementor-element elementor-element-63bfe309 elementor-widget elementor-widget-heading\" data-id=\"63bfe309\" data-element_type=\"widget\" data-widget_type=\"heading.default\">\n\t\t\t\t<div class=\"elementor-widget-container\">\n\t\t\t\t\t<h2 class=\"elementor-heading-title elementor-size-default\">Sch\u00f6pfer<\/h2>\t\t\t\t<\/div>\n\t\t\t\t<\/div>\n\t\t\t\t<div class=\"elementor-element elementor-element-65ee1b3d elementor-widget-divider--view-line elementor-widget elementor-widget-divider\" data-id=\"65ee1b3d\" data-element_type=\"widget\" data-widget_type=\"divider.default\">\n\t\t\t\t<div class=\"elementor-widget-container\">\n\t\t\t\t\t\t\t<div class=\"elementor-divider\">\n\t\t\t<span class=\"elementor-divider-separator\">\n\t\t\t\t\t\t<\/span>\n\t\t<\/div>\n\t\t\t\t\t\t<\/div>\n\t\t\t\t<\/div>\n\t\t\t\t<div class=\"elementor-element elementor-element-45467bc4 elementor-widget elementor-widget-text-editor\" data-id=\"45467bc4\" data-element_type=\"widget\" data-widget_type=\"text-editor.default\">\n\t\t\t\t<div class=\"elementor-widget-container\">\n\t\t\t\t\t\t\t\t\t<div class=\"show-actors\"><div id=\"nested-actors\"><div class=\"show-actors\"><div id=\"nested-actors\"><div><h3>Tanzk\u00fcnstler<\/h3><ul><li>R\u00e9ka Gyevn\u00e1r<\/li><li>Edmond Kisbakonyi<\/li><li>G\u00e1bor Kindl<\/li><li>Sinka L\u00eddia<\/li><li>Berta Pucsek<\/li><li>Marcell Hov\u00e1n<\/li><li>Gizella No\u00e9mi Nagy<\/li><\/ul><\/div><div><h3>B\u00fchnenbild, Kost\u00fcm<\/h3><ul><li>Attila Horv\u00e1th<\/li><\/ul><\/div><div><h3>Licht<\/h3><ul><li>Merc\u00e9desz Selmeczi<\/li><\/ul><\/div><div><h3>Choreograph<\/h3><ul><li>Attila Horv\u00e1th<\/li><\/ul><\/div><\/div><\/div><\/div><\/div>\t\t\t\t\t\t\t\t<\/div>\n\t\t\t\t<\/div>\n\t\t\t\t<div class=\"elementor-element elementor-element-7ebab54a elementor-widget elementor-widget-gallery\" data-id=\"7ebab54a\" data-element_type=\"widget\" data-settings=\"{&quot;columns&quot;:3,&quot;lazyload&quot;:&quot;yes&quot;,&quot;gallery_layout&quot;:&quot;grid&quot;,&quot;columns_tablet&quot;:2,&quot;columns_mobile&quot;:1,&quot;gap&quot;:{&quot;unit&quot;:&quot;px&quot;,&quot;size&quot;:10,&quot;sizes&quot;:[]},&quot;gap_tablet&quot;:{&quot;unit&quot;:&quot;px&quot;,&quot;size&quot;:10,&quot;sizes&quot;:[]},&quot;gap_mobile&quot;:{&quot;unit&quot;:&quot;px&quot;,&quot;size&quot;:10,&quot;sizes&quot;:[]},&quot;link_to&quot;:&quot;file&quot;,&quot;aspect_ratio&quot;:&quot;3:2&quot;,&quot;overlay_background&quot;:&quot;yes&quot;,&quot;content_hover_animation&quot;:&quot;fade-in&quot;}\" data-widget_type=\"gallery.default\">\n\t\t\t\t<div class=\"elementor-widget-container\">\n\t\t\t\t\t\t\t<div class=\"elementor-gallery__container\">\n\t\t\t\t\t\t\t<a class=\"e-gallery-item elementor-gallery-item elementor-animated-content\" href=\"https:\/\/cedthu.rwpstaging.site\/wp-content\/uploads\/2023\/10\/disH_064.jpg\" data-elementor-open-lightbox=\"yes\" data-elementor-lightbox-slideshow=\"7ebab54a\" data-elementor-lightbox-title=\"disH_064\" data-e-action-hash=\"#elementor-action%3Aaction%3Dlightbox%26settings%3DeyJpZCI6MTE0MzAsInVybCI6Imh0dHBzOlwvXC9jZWR0aHUucndwc3RhZ2luZy5zaXRlXC93cC1jb250ZW50XC91cGxvYWRzXC8yMDIzXC8xMFwvZGlzSF8wNjQuanBnIiwic2xpZGVzaG93IjoiN2ViYWI1NGEifQ%3D%3D\">\n\t\t\t\t\t<div class=\"e-gallery-image elementor-gallery-item__image\" data-thumbnail=\"https:\/\/cedthu.rwpstaging.site\/wp-content\/uploads\/2023\/10\/disH_064-300x200.jpg\" data-width=\"300\" data-height=\"200\" aria-label=\"\" role=\"img\" ><\/div>\n\t\t\t\t\t\t\t\t\t\t\t<div class=\"elementor-gallery-item__overlay\"><\/div>\n\t\t\t\t\t\t\t\t\t\t\t\t\t\t<\/a>\n\t\t\t\t\t\t\t<a class=\"e-gallery-item elementor-gallery-item elementor-animated-content\" href=\"https:\/\/cedthu.rwpstaging.site\/wp-content\/uploads\/2023\/10\/1c36d99e-95eb-4e52-ad80-f27cddabfd88.jpg\" data-elementor-open-lightbox=\"yes\" data-elementor-lightbox-slideshow=\"7ebab54a\" data-elementor-lightbox-title=\"1c36d99e-95eb-4e52-ad80-f27cddabfd88\" data-e-action-hash=\"#elementor-action%3Aaction%3Dlightbox%26settings%3DeyJpZCI6MTE0MzMsInVybCI6Imh0dHBzOlwvXC9jZWR0aHUucndwc3RhZ2luZy5zaXRlXC93cC1jb250ZW50XC91cGxvYWRzXC8yMDIzXC8xMFwvMWMzNmQ5OWUtOTVlYi00ZTUyLWFkODAtZjI3Y2RkYWJmZDg4LmpwZyIsInNsaWRlc2hvdyI6IjdlYmFiNTRhIn0%3D\">\n\t\t\t\t\t<div class=\"e-gallery-image elementor-gallery-item__image\" data-thumbnail=\"https:\/\/cedthu.rwpstaging.site\/wp-content\/uploads\/2023\/10\/1c36d99e-95eb-4e52-ad80-f27cddabfd88-300x200.jpg\" data-width=\"300\" data-height=\"200\" aria-label=\"\" role=\"img\" ><\/div>\n\t\t\t\t\t\t\t\t\t\t\t<div class=\"elementor-gallery-item__overlay\"><\/div>\n\t\t\t\t\t\t\t\t\t\t\t\t\t\t<\/a>\n\t\t\t\t\t\t\t<a class=\"e-gallery-item elementor-gallery-item elementor-animated-content\" href=\"https:\/\/cedthu.rwpstaging.site\/wp-content\/uploads\/2023\/10\/5e92c11b-483b-4d9b-9900-703f9714dfd7.jpg\" data-elementor-open-lightbox=\"yes\" data-elementor-lightbox-slideshow=\"7ebab54a\" data-elementor-lightbox-title=\"5e92c11b-483b-4d9b-9900-703f9714dfd7\" data-e-action-hash=\"#elementor-action%3Aaction%3Dlightbox%26settings%3DeyJpZCI6MTE0MzUsInVybCI6Imh0dHBzOlwvXC9jZWR0aHUucndwc3RhZ2luZy5zaXRlXC93cC1jb250ZW50XC91cGxvYWRzXC8yMDIzXC8xMFwvNWU5MmMxMWItNDgzYi00ZDliLTk5MDAtNzAzZjk3MTRkZmQ3LmpwZyIsInNsaWRlc2hvdyI6IjdlYmFiNTRhIn0%3D\">\n\t\t\t\t\t<div class=\"e-gallery-image elementor-gallery-item__image\" data-thumbnail=\"https:\/\/cedthu.rwpstaging.site\/wp-content\/uploads\/2023\/10\/5e92c11b-483b-4d9b-9900-703f9714dfd7-300x200.jpg\" data-width=\"300\" data-height=\"200\" aria-label=\"\" role=\"img\" ><\/div>\n\t\t\t\t\t\t\t\t\t\t\t<div class=\"elementor-gallery-item__overlay\"><\/div>\n\t\t\t\t\t\t\t\t\t\t\t\t\t\t<\/a>\n\t\t\t\t\t<\/div>\n\t\t\t\t\t<\/div>\n\t\t\t\t<\/div>\n\t\t\t\t\t<\/div>\n\t\t<\/div>\n\t\t\t\t\t<\/div>\n\t\t<\/section>\n\t\t\t\t<\/div>","protected":false},"excerpt":{"rendered":"<p>Az el\u0151ad\u00e1s t\u00e9m\u00e1ja egy z\u00e1rt k\u00f6z\u00f6ss\u00e9gen bel\u00fcli folyamatos \u00e1llapotv\u00e1ltoz\u00e1st \u00e9s a k\u00fcl\u00f6nb\u00f6z\u0151 temperamentum\u00fa egy\u00e9nis\u00e9gek k\u00f6z\u00f6tti k\u00fcl\u00f6nbs\u00e9geket vizsg\u00e1lja. A csoport kezdetben \u00fagy m\u0171k\u00f6dik, mint egy szekta, amelyben az egy\u00fctt rezd\u00fcl\u00e9s euf\u00f3ri\u00e1ja a legfontosabb r\u00edtus. A testek szem\u00e9lytelenek, nem rendelkeznek \u00f6n\u00e1ll\u00f3 gondolattal vagy szem\u00e9lyis\u00e9ggel, hanem mint a sejtek, egy\u00fcttesen alkotnak meg egy nagyobb rendszert. A v\u00e1ltoz\u00e1s akkor [&hellip;]<\/p>","protected":false},"author":1,"featured_media":0,"parent":0,"menu_order":0,"comment_status":"closed","ping_status":"closed","template":"elementor_header_footer","meta":{"footnotes":""},"class_list":["post-18208","page","type-page","status-publish","hentry"],"yoast_head":"<!-- This site is optimized with the Yoast SEO plugin v26.0 - https:\/\/yoast.com\/wordpress\/plugins\/seo\/ -->\n<title>Sweet (dis)harmony \u2013 XXV. Ifj\u00fa Koreogr\u00e1fusok F\u00f3ruma \u2013 HORV\u00c1TH ACCA - KET<\/title>\n<meta name=\"robots\" content=\"index, follow, max-snippet:-1, max-image-preview:large, max-video-preview:-1\" \/>\n<link rel=\"canonical\" href=\"https:\/\/cedthu.rwpstaging.site\/de\/sweet-disharmony-xxv-ifju-koreografusok-foruma-horvath-acca\/\" \/>\n<meta name=\"twitter:card\" content=\"summary_large_image\" \/>\n<meta name=\"twitter:title\" content=\"Sweet (dis)harmony \u2013 XXV. Ifj\u00fa Koreogr\u00e1fusok F\u00f3ruma \u2013 HORV\u00c1TH ACCA - KET\" \/>\n<meta name=\"twitter:description\" content=\"Az el\u0151ad\u00e1s t\u00e9m\u00e1ja egy z\u00e1rt k\u00f6z\u00f6ss\u00e9gen bel\u00fcli folyamatos \u00e1llapotv\u00e1ltoz\u00e1st \u00e9s a k\u00fcl\u00f6nb\u00f6z\u0151 temperamentum\u00fa egy\u00e9nis\u00e9gek k\u00f6z\u00f6tti k\u00fcl\u00f6nbs\u00e9geket vizsg\u00e1lja. A csoport kezdetben \u00fagy m\u0171k\u00f6dik, mint egy szekta, amelyben az egy\u00fctt rezd\u00fcl\u00e9s euf\u00f3ri\u00e1ja a legfontosabb r\u00edtus. A testek szem\u00e9lytelenek, nem rendelkeznek \u00f6n\u00e1ll\u00f3 gondolattal vagy szem\u00e9lyis\u00e9ggel, hanem mint a sejtek, egy\u00fcttesen alkotnak meg egy nagyobb rendszert. A v\u00e1ltoz\u00e1s akkor [&hellip;]\" \/>\n<meta name=\"twitter:label1\" content=\"Gesch\u00e4tzte Lesezeit\" \/>\n\t<meta name=\"twitter:data1\" content=\"1\u00a0Minute\" \/>\n<script type=\"application\/ld+json\" class=\"yoast-schema-graph\">{\"@context\":\"https:\/\/schema.org\",\"@graph\":[{\"@type\":\"WebPage\",\"@id\":\"https:\/\/cedthu.rwpstaging.site\/sweet-disharmony-xxv-ifju-koreografusok-foruma-horvath-acca\/\",\"url\":\"https:\/\/cedthu.rwpstaging.site\/sweet-disharmony-xxv-ifju-koreografusok-foruma-horvath-acca\/\",\"name\":\"Sweet (dis)harmony \u2013 XXV. Ifj\u00fa Koreogr\u00e1fusok F\u00f3ruma \u2013 HORV\u00c1TH ACCA - KET\",\"isPartOf\":{\"@id\":\"https:\/\/cedthu.rwpstaging.site\/#website\"},\"datePublished\":\"2025-05-15T16:33:00+00:00\",\"dateModified\":\"2025-05-15T16:35:38+00:00\",\"breadcrumb\":{\"@id\":\"https:\/\/cedthu.rwpstaging.site\/sweet-disharmony-xxv-ifju-koreografusok-foruma-horvath-acca\/#breadcrumb\"},\"inLanguage\":\"de\",\"potentialAction\":[{\"@type\":\"ReadAction\",\"target\":[\"https:\/\/cedthu.rwpstaging.site\/sweet-disharmony-xxv-ifju-koreografusok-foruma-horvath-acca\/\"]}]},{\"@type\":\"BreadcrumbList\",\"@id\":\"https:\/\/cedthu.rwpstaging.site\/sweet-disharmony-xxv-ifju-koreografusok-foruma-horvath-acca\/#breadcrumb\",\"itemListElement\":[{\"@type\":\"ListItem\",\"position\":1,\"name\":\"Home\",\"item\":\"https:\/\/cedthu.rwpstaging.site\/\"},{\"@type\":\"ListItem\",\"position\":2,\"name\":\"Sweet (dis)harmony \u2013 XXV. Ifj\u00fa Koreogr\u00e1fusok F\u00f3ruma \u2013 HORV\u00c1TH ACCA\"}]},{\"@type\":\"WebSite\",\"@id\":\"https:\/\/cedthu.rwpstaging.site\/#website\",\"url\":\"https:\/\/cedthu.rwpstaging.site\/\",\"name\":\"KET\",\"description\":\"K\u00f6z\u00e9p-Eur\u00f3pa T\u00e1ncsz\u00ednh\u00e1z\",\"publisher\":{\"@id\":\"https:\/\/cedthu.rwpstaging.site\/#organization\"},\"potentialAction\":[{\"@type\":\"SearchAction\",\"target\":{\"@type\":\"EntryPoint\",\"urlTemplate\":\"https:\/\/cedthu.rwpstaging.site\/?s={search_term_string}\"},\"query-input\":{\"@type\":\"PropertyValueSpecification\",\"valueRequired\":true,\"valueName\":\"search_term_string\"}}],\"inLanguage\":\"de\"},{\"@type\":\"Organization\",\"@id\":\"https:\/\/cedthu.rwpstaging.site\/#organization\",\"name\":\"KET\",\"url\":\"https:\/\/cedthu.rwpstaging.site\/\",\"logo\":{\"@type\":\"ImageObject\",\"inLanguage\":\"de\",\"@id\":\"https:\/\/cedthu.rwpstaging.site\/#\/schema\/logo\/image\/\",\"url\":\"https:\/\/cedthu.rwpstaging.site\/wp-content\/uploads\/2024\/03\/cropped-KET-NYomda-logo2.png\",\"contentUrl\":\"https:\/\/cedthu.rwpstaging.site\/wp-content\/uploads\/2024\/03\/cropped-KET-NYomda-logo2.png\",\"width\":300,\"height\":326,\"caption\":\"KET\"},\"image\":{\"@id\":\"https:\/\/cedthu.rwpstaging.site\/#\/schema\/logo\/image\/\"}}]}<\/script>\n<!-- \/ Yoast SEO plugin. -->","yoast_head_json":{"title":"Sweet (dis)harmony \u2013 XXV. Ifj\u00fa Koreogr\u00e1fusok F\u00f3ruma \u2013 HORV\u00c1TH ACCA - KET","robots":{"index":"index","follow":"follow","max-snippet":"max-snippet:-1","max-image-preview":"max-image-preview:large","max-video-preview":"max-video-preview:-1"},"canonical":"https:\/\/cedthu.rwpstaging.site\/de\/sweet-disharmony-xxv-ifju-koreografusok-foruma-horvath-acca\/","twitter_card":"summary_large_image","twitter_title":"Sweet (dis)harmony \u2013 XXV. Ifj\u00fa Koreogr\u00e1fusok F\u00f3ruma \u2013 HORV\u00c1TH ACCA - KET","twitter_description":"Az el\u0151ad\u00e1s t\u00e9m\u00e1ja egy z\u00e1rt k\u00f6z\u00f6ss\u00e9gen bel\u00fcli folyamatos \u00e1llapotv\u00e1ltoz\u00e1st \u00e9s a k\u00fcl\u00f6nb\u00f6z\u0151 temperamentum\u00fa egy\u00e9nis\u00e9gek k\u00f6z\u00f6tti k\u00fcl\u00f6nbs\u00e9geket vizsg\u00e1lja. A csoport kezdetben \u00fagy m\u0171k\u00f6dik, mint egy szekta, amelyben az egy\u00fctt rezd\u00fcl\u00e9s euf\u00f3ri\u00e1ja a legfontosabb r\u00edtus. A testek szem\u00e9lytelenek, nem rendelkeznek \u00f6n\u00e1ll\u00f3 gondolattal vagy szem\u00e9lyis\u00e9ggel, hanem mint a sejtek, egy\u00fcttesen alkotnak meg egy nagyobb rendszert. A v\u00e1ltoz\u00e1s akkor [&hellip;]","twitter_misc":{"Gesch\u00e4tzte Lesezeit":"1\u00a0Minute"},"schema":{"@context":"https:\/\/schema.org","@graph":[{"@type":"WebPage","@id":"https:\/\/cedthu.rwpstaging.site\/sweet-disharmony-xxv-ifju-koreografusok-foruma-horvath-acca\/","url":"https:\/\/cedthu.rwpstaging.site\/sweet-disharmony-xxv-ifju-koreografusok-foruma-horvath-acca\/","name":"Sweet (dis)harmony \u2013 XXV. Ifj\u00fa Koreogr\u00e1fusok F\u00f3ruma \u2013 HORV\u00c1TH ACCA - KET","isPartOf":{"@id":"https:\/\/cedthu.rwpstaging.site\/#website"},"datePublished":"2025-05-15T16:33:00+00:00","dateModified":"2025-05-15T16:35:38+00:00","breadcrumb":{"@id":"https:\/\/cedthu.rwpstaging.site\/sweet-disharmony-xxv-ifju-koreografusok-foruma-horvath-acca\/#breadcrumb"},"inLanguage":"de","potentialAction":[{"@type":"ReadAction","target":["https:\/\/cedthu.rwpstaging.site\/sweet-disharmony-xxv-ifju-koreografusok-foruma-horvath-acca\/"]}]},{"@type":"BreadcrumbList","@id":"https:\/\/cedthu.rwpstaging.site\/sweet-disharmony-xxv-ifju-koreografusok-foruma-horvath-acca\/#breadcrumb","itemListElement":[{"@type":"ListItem","position":1,"name":"Home","item":"https:\/\/cedthu.rwpstaging.site\/"},{"@type":"ListItem","position":2,"name":"Sweet (dis)harmony \u2013 XXV. Ifj\u00fa Koreogr\u00e1fusok F\u00f3ruma \u2013 HORV\u00c1TH ACCA"}]},{"@type":"WebSite","@id":"https:\/\/cedthu.rwpstaging.site\/#website","url":"https:\/\/cedthu.rwpstaging.site\/","name":"KET","description":"Tanztheater Mitteleuropa","publisher":{"@id":"https:\/\/cedthu.rwpstaging.site\/#organization"},"potentialAction":[{"@type":"SearchAction","target":{"@type":"EntryPoint","urlTemplate":"https:\/\/cedthu.rwpstaging.site\/?s={search_term_string}"},"query-input":{"@type":"PropertyValueSpecification","valueRequired":true,"valueName":"search_term_string"}}],"inLanguage":"de"},{"@type":"Organization","@id":"https:\/\/cedthu.rwpstaging.site\/#organization","name":"KET","url":"https:\/\/cedthu.rwpstaging.site\/","logo":{"@type":"ImageObject","inLanguage":"de","@id":"https:\/\/cedthu.rwpstaging.site\/#\/schema\/logo\/image\/","url":"https:\/\/cedthu.rwpstaging.site\/wp-content\/uploads\/2024\/03\/cropped-KET-NYomda-logo2.png","contentUrl":"https:\/\/cedthu.rwpstaging.site\/wp-content\/uploads\/2024\/03\/cropped-KET-NYomda-logo2.png","width":300,"height":326,"caption":"KET"},"image":{"@id":"https:\/\/cedthu.rwpstaging.site\/#\/schema\/logo\/image\/"}}]}},"_links":{"self":[{"href":"https:\/\/cedthu.rwpstaging.site\/de\/wp-json\/wp\/v2\/pages\/18208","targetHints":{"allow":["GET"]}}],"collection":[{"href":"https:\/\/cedthu.rwpstaging.site\/de\/wp-json\/wp\/v2\/pages"}],"about":[{"href":"https:\/\/cedthu.rwpstaging.site\/de\/wp-json\/wp\/v2\/types\/page"}],"author":[{"embeddable":true,"href":"https:\/\/cedthu.rwpstaging.site\/de\/wp-json\/wp\/v2\/users\/1"}],"replies":[{"embeddable":true,"href":"https:\/\/cedthu.rwpstaging.site\/de\/wp-json\/wp\/v2\/comments?post=18208"}],"version-history":[{"count":5,"href":"https:\/\/cedthu.rwpstaging.site\/de\/wp-json\/wp\/v2\/pages\/18208\/revisions"}],"predecessor-version":[{"id":18234,"href":"https:\/\/cedthu.rwpstaging.site\/de\/wp-json\/wp\/v2\/pages\/18208\/revisions\/18234"}],"wp:attachment":[{"href":"https:\/\/cedthu.rwpstaging.site\/de\/wp-json\/wp\/v2\/media?parent=18208"}],"curies":[{"name":"wp","href":"https:\/\/api.w.org\/{rel}","templated":true}]}}