{"id":18273,"date":"2025-05-15T16:45:26","date_gmt":"2025-05-15T16:45:26","guid":{"rendered":"https:\/\/cedthu.rwpstaging.site\/?page_id=18273"},"modified":"2025-05-15T16:47:03","modified_gmt":"2025-05-15T16:47:03","slug":"light-room-ikf","status":"publish","type":"page","link":"https:\/\/cedthu.rwpstaging.site\/de\/light-room-ikf\/","title":{"rendered":"Lichtraum (IKF+)"},"content":{"rendered":"<div data-elementor-type=\"wp-page\" data-elementor-id=\"18273\" class=\"elementor elementor-18273\" data-elementor-post-type=\"page\">\n\t\t\t\t\t\t<section class=\"elementor-section elementor-top-section elementor-element elementor-element-4a2f487e elementor-section-boxed elementor-section-height-default elementor-section-height-default\" data-id=\"4a2f487e\" data-element_type=\"section\" data-settings=\"{&quot;background_background&quot;:&quot;classic&quot;}\">\n\t\t\t\t\t\t<div class=\"elementor-container elementor-column-gap-default\">\n\t\t\t\t\t<div class=\"elementor-column elementor-col-100 elementor-top-column elementor-element elementor-element-763b6de6\" data-id=\"763b6de6\" data-element_type=\"column\">\n\t\t\t<div class=\"elementor-widget-wrap elementor-element-populated\">\n\t\t\t\t\t\t<div class=\"elementor-element elementor-element-3355ffeb elementor-widget elementor-widget-image\" data-id=\"3355ffeb\" data-element_type=\"widget\" data-widget_type=\"image.default\">\n\t\t\t\t<div class=\"elementor-widget-container\">\n\t\t\t\t\t\t\t\t\t\t\t\t\t\t\t<img fetchpriority=\"high\" decoding=\"async\" width=\"639\" height=\"480\" src=\"https:\/\/cedthu.rwpstaging.site\/wp-content\/uploads\/2017\/02\/foto_1143.jpg\" class=\"attachment-full size-full wp-image-1828\" alt=\"\" srcset=\"https:\/\/cedthu.rwpstaging.site\/wp-content\/uploads\/2017\/02\/foto_1143.jpg 639w, https:\/\/cedthu.rwpstaging.site\/wp-content\/uploads\/2017\/02\/foto_1143-300x225.jpg 300w, https:\/\/cedthu.rwpstaging.site\/wp-content\/uploads\/2017\/02\/foto_1143-400x300.jpg 400w, https:\/\/cedthu.rwpstaging.site\/wp-content\/uploads\/2017\/02\/foto_1143-20x15.jpg 20w\" sizes=\"(max-width: 639px) 100vw, 639px\" \/>\t\t\t\t\t\t\t\t\t\t\t\t\t\t\t<\/div>\n\t\t\t\t<\/div>\n\t\t\t\t<div class=\"elementor-element elementor-element-15d7952e elementor-widget elementor-widget-text-editor\" data-id=\"15d7952e\" data-element_type=\"widget\" data-widget_type=\"text-editor.default\">\n\t\t\t\t<div class=\"elementor-widget-container\">\n\t\t\t\t\t\t\t\t\t<div class=\"x11i5rnm xat24cr x1mh8g0r x1vvkbs xtlvy1s\"><div class=\"show-description\"><p>Das Projekt ist inspiriert von der Beziehung des K\u00f6rpers zu Licht und Dunkelheit. Wir untersuchen, wie die Anwesenheit von Dunkelheit das menschliche Verhalten beeinflusst. Wenn wir die physische Umgebung und andere K\u00f6rper nicht sehen und nicht vollst\u00e4ndig wahrnehmen k\u00f6nnen, ver\u00e4ndert sich unsere Perspektive und unser Fokus wird auf eine andere Weise geweckt. Am anderen Ende des Spektrums durchdringen Lichtstrahlen Gewebe, insbesondere Haut und Faszien, und dringen tief in deren Strukturen ein. Wie beim Sonnenlicht im Wasser k\u00f6nnen UV-, sichtbares und infrarotes Licht teilweise von der \u00e4u\u00dferen Oberfl\u00e4che der Haut und der Augen reflektiert und in verschiedene Richtungen (auch nach hinten) gestreut werden, wenn sie durch mikroskopische Partikel und Strukturen wie Fasern in das Gewebe eindringen. Das sichtbare Lichtspektrum wird von Pigmenten und Blut stark absorbiert. Diese kinetischen Eigenschaften, die die Reaktion des Lichts mit der Haut ausmachen - Absorption, Reflexion, Transmission und Streuung - inspirieren zur Schaffung von Tanzstrukturen.<\/p><p>Die moderne Wissenschaft best\u00e4tigt, dass unser K\u00f6rper Licht nicht nur absorbiert, sondern auch in Mengen produziert, die das menschliche Auge nicht wahrnehmen kann - wir leuchten buchst\u00e4blich. Das Wechselspiel zwischen Dunkelheit und Licht lenkt die Aufmerksamkeit des Publikums und organisiert die Dramaturgie der Auff\u00fchrung.<\/p><p>Die Auff\u00fchrung ist Teil des XXIII. Forums junger Choreographen +.<\/p><p><strong>Die Auff\u00fchrung wird von der 10. Theaterolympiade und dem Ministerium f\u00fcr Kultur und Innovation unterst\u00fctzt.<\/strong><\/p><\/div><\/div>\t\t\t\t\t\t\t\t<\/div>\n\t\t\t\t<\/div>\n\t\t\t\t<div class=\"elementor-element elementor-element-44cacfc elementor-widget elementor-widget-heading\" data-id=\"44cacfc\" data-element_type=\"widget\" data-widget_type=\"heading.default\">\n\t\t\t\t<div class=\"elementor-widget-container\">\n\t\t\t\t\t<h2 class=\"elementor-heading-title elementor-size-default\">Sch\u00f6pfer<\/h2>\t\t\t\t<\/div>\n\t\t\t\t<\/div>\n\t\t\t\t<div class=\"elementor-element elementor-element-771a630 elementor-widget-divider--view-line elementor-widget elementor-widget-divider\" data-id=\"771a630\" data-element_type=\"widget\" data-widget_type=\"divider.default\">\n\t\t\t\t<div class=\"elementor-widget-container\">\n\t\t\t\t\t\t\t<div class=\"elementor-divider\">\n\t\t\t<span class=\"elementor-divider-separator\">\n\t\t\t\t\t\t<\/span>\n\t\t<\/div>\n\t\t\t\t\t\t<\/div>\n\t\t\t\t<\/div>\n\t\t\t\t<div class=\"elementor-element elementor-element-47bd78f elementor-widget elementor-widget-text-editor\" data-id=\"47bd78f\" data-element_type=\"widget\" data-widget_type=\"text-editor.default\">\n\t\t\t\t<div class=\"elementor-widget-container\">\n\t\t\t\t\t\t\t\t\t<div class=\"show-actors\"><div id=\"nested-actors\"><div class=\"show-actors\"><div id=\"nested-actors\"><div class=\"show-actors\"><div id=\"nested-actors\"><div><h3>Tanzk\u00fcnstler<\/h3><ul><li>Kriszti\u00e1n Barna<\/li><li>D\u00e1vid Dab\u00f3czi<\/li><li>R\u00e9ka Gyevn\u00e1r<\/li><li>L\u00e9na Horv\u00e1th<\/li><li>G\u00e1bor Kindl<\/li><li>Edmond Kisbakonyi<\/li><li>Mohai Cintia<\/li><li>Sinka L\u00eddia<\/li><\/ul><\/div><div><h3>Licht<\/h3><ul><li>Zolt\u00e1n Fogarasi<\/li><\/ul><\/div><div><h3>Musik<\/h3><ul><li>\u00d6zg\u00fcr Ede<\/li><\/ul><\/div><div><h3>Set\/Kost\u00fcm<\/h3><ul><li>Magda Niedzielska<\/li><\/ul><\/div><div><h3>Dramaturg<\/h3><ul><li>Krist\u00f3f Farkas<\/li><\/ul><\/div><div><h3>Choreograph<\/h3><ul><li>Magda Niedzielska<\/li><\/ul><\/div><\/div><\/div><div class=\"show-images\"><div class=\"row no-margin\"><div class=\"col-md-12 no-padding\"><div class=\"show-gallery-box w-overlay5\"><div class=\"text-uppercase show-title\">\u00a0<\/div><\/div><\/div><\/div><\/div><\/div><\/div><\/div><\/div>\t\t\t\t\t\t\t\t<\/div>\n\t\t\t\t<\/div>\n\t\t\t\t<div class=\"elementor-element elementor-element-75dbbd00 elementor-widget elementor-widget-gallery\" data-id=\"75dbbd00\" data-element_type=\"widget\" data-settings=\"{&quot;columns&quot;:3,&quot;lazyload&quot;:&quot;yes&quot;,&quot;gallery_layout&quot;:&quot;grid&quot;,&quot;columns_tablet&quot;:2,&quot;columns_mobile&quot;:1,&quot;gap&quot;:{&quot;unit&quot;:&quot;px&quot;,&quot;size&quot;:10,&quot;sizes&quot;:[]},&quot;gap_tablet&quot;:{&quot;unit&quot;:&quot;px&quot;,&quot;size&quot;:10,&quot;sizes&quot;:[]},&quot;gap_mobile&quot;:{&quot;unit&quot;:&quot;px&quot;,&quot;size&quot;:10,&quot;sizes&quot;:[]},&quot;link_to&quot;:&quot;file&quot;,&quot;aspect_ratio&quot;:&quot;3:2&quot;,&quot;overlay_background&quot;:&quot;yes&quot;,&quot;content_hover_animation&quot;:&quot;fade-in&quot;}\" data-widget_type=\"gallery.default\">\n\t\t\t\t<div class=\"elementor-widget-container\">\n\t\t\t\t\t\t\t<div class=\"elementor-gallery__container\">\n\t\t\t\t\t\t\t<a class=\"e-gallery-item elementor-gallery-item elementor-animated-content\" href=\"https:\/\/cedthu.rwpstaging.site\/wp-content\/uploads\/2022\/11\/KIM_logo_black_logo_txt_black-copy-2048x1024.jpg\" data-elementor-open-lightbox=\"yes\" data-elementor-lightbox-slideshow=\"75dbbd00\" data-elementor-lightbox-title=\"KIM_logo_black_logo_txt_black-copy-2048x1024\" data-e-action-hash=\"#elementor-action%3Aaction%3Dlightbox%26settings%3DeyJpZCI6MTA5MjMsInVybCI6Imh0dHBzOlwvXC9jZWR0aHUucndwc3RhZ2luZy5zaXRlXC93cC1jb250ZW50XC91cGxvYWRzXC8yMDIyXC8xMVwvS0lNX2xvZ29fYmxhY2tfbG9nb190eHRfYmxhY2stY29weS0yMDQ4eDEwMjQuanBnIiwic2xpZGVzaG93IjoiNzVkYmJkMDAifQ%3D%3D\">\n\t\t\t\t\t<div class=\"e-gallery-image elementor-gallery-item__image\" data-thumbnail=\"https:\/\/cedthu.rwpstaging.site\/wp-content\/uploads\/2022\/11\/KIM_logo_black_logo_txt_black-copy-2048x1024-300x150.jpg\" data-width=\"300\" data-height=\"150\" aria-label=\"\" role=\"img\" ><\/div>\n\t\t\t\t\t\t\t\t\t\t\t<div class=\"elementor-gallery-item__overlay\"><\/div>\n\t\t\t\t\t\t\t\t\t\t\t\t\t\t<\/a>\n\t\t\t\t\t\t\t<a class=\"e-gallery-item elementor-gallery-item elementor-animated-content\" href=\"https:\/\/cedthu.rwpstaging.site\/wp-content\/uploads\/2022\/11\/OLYMTPICS_10_black.png\" data-elementor-open-lightbox=\"yes\" data-elementor-lightbox-slideshow=\"75dbbd00\" data-elementor-lightbox-title=\"OLYMTPICS_10_black\" data-e-action-hash=\"#elementor-action%3Aaction%3Dlightbox%26settings%3DeyJpZCI6MTA5MjEsInVybCI6Imh0dHBzOlwvXC9jZWR0aHUucndwc3RhZ2luZy5zaXRlXC93cC1jb250ZW50XC91cGxvYWRzXC8yMDIyXC8xMVwvT0xZTVRQSUNTXzEwX2JsYWNrLnBuZyIsInNsaWRlc2hvdyI6Ijc1ZGJiZDAwIn0%3D\">\n\t\t\t\t\t<div class=\"e-gallery-image elementor-gallery-item__image\" data-thumbnail=\"https:\/\/cedthu.rwpstaging.site\/wp-content\/uploads\/2022\/11\/OLYMTPICS_10_black-183x300.png\" data-width=\"183\" data-height=\"300\" aria-label=\"\" role=\"img\" ><\/div>\n\t\t\t\t\t\t\t\t\t\t\t<div class=\"elementor-gallery-item__overlay\"><\/div>\n\t\t\t\t\t\t\t\t\t\t\t\t\t\t<\/a>\n\t\t\t\t\t\t\t<a class=\"e-gallery-item elementor-gallery-item elementor-animated-content\" href=\"https:\/\/cedthu.rwpstaging.site\/wp-content\/uploads\/2022\/11\/lroom014.jpg\" data-elementor-open-lightbox=\"yes\" data-elementor-lightbox-slideshow=\"75dbbd00\" data-elementor-lightbox-title=\"lroom014\" data-e-action-hash=\"#elementor-action%3Aaction%3Dlightbox%26settings%3DeyJpZCI6MTAyMDQsInVybCI6Imh0dHBzOlwvXC9jZWR0aHUucndwc3RhZ2luZy5zaXRlXC93cC1jb250ZW50XC91cGxvYWRzXC8yMDIyXC8xMVwvbHJvb20wMTQuanBnIiwic2xpZGVzaG93IjoiNzVkYmJkMDAifQ%3D%3D\">\n\t\t\t\t\t<div class=\"e-gallery-image elementor-gallery-item__image\" data-thumbnail=\"https:\/\/cedthu.rwpstaging.site\/wp-content\/uploads\/2022\/11\/lroom014-300x200.jpg\" data-width=\"300\" data-height=\"200\" aria-label=\"\" role=\"img\" ><\/div>\n\t\t\t\t\t\t\t\t\t\t\t<div class=\"elementor-gallery-item__overlay\"><\/div>\n\t\t\t\t\t\t\t\t\t\t\t\t\t\t<\/a>\n\t\t\t\t\t<\/div>\n\t\t\t\t\t<\/div>\n\t\t\t\t<\/div>\n\t\t\t\t<div class=\"elementor-element elementor-element-60531930 elementor-widget elementor-widget-heading\" data-id=\"60531930\" data-element_type=\"widget\" data-widget_type=\"heading.default\">\n\t\t\t\t<div class=\"elementor-widget-container\">\n\t\t\t\t\t<h2 class=\"elementor-heading-title elementor-size-default\">Magda Niedzielska: Light Room - offizieller Trailer #1<\/h2>\t\t\t\t<\/div>\n\t\t\t\t<\/div>\n\t\t\t\t<div class=\"elementor-element elementor-element-5bac8bf9 elementor-widget elementor-widget-video\" data-id=\"5bac8bf9\" data-element_type=\"widget\" data-settings=\"{&quot;youtube_url&quot;:&quot;https:\\\/\\\/youtu.be\\\/PEC5SIvVTXs&quot;,&quot;video_type&quot;:&quot;youtube&quot;,&quot;controls&quot;:&quot;yes&quot;}\" data-widget_type=\"video.default\">\n\t\t\t\t<div class=\"elementor-widget-container\">\n\t\t\t\t\t\t\t<div class=\"elementor-wrapper elementor-open-inline\">\n\t\t\t<div class=\"elementor-video\"><\/div>\t\t<\/div>\n\t\t\t\t\t\t<\/div>\n\t\t\t\t<\/div>\n\t\t\t\t<div class=\"elementor-element elementor-element-040955b elementor-widget elementor-widget-heading\" data-id=\"040955b\" data-element_type=\"widget\" data-widget_type=\"heading.default\">\n\t\t\t\t<div class=\"elementor-widget-container\">\n\t\t\t\t\t<h2 class=\"elementor-heading-title elementor-size-default\">Magda Niedzielska: Light Room - offizieller Trailer #2<\/h2>\t\t\t\t<\/div>\n\t\t\t\t<\/div>\n\t\t\t\t<div class=\"elementor-element elementor-element-f6bcd24 elementor-widget elementor-widget-video\" data-id=\"f6bcd24\" data-element_type=\"widget\" data-settings=\"{&quot;youtube_url&quot;:&quot;https:\\\/\\\/youtu.be\\\/Xvhu9xX0lZc&quot;,&quot;video_type&quot;:&quot;youtube&quot;,&quot;controls&quot;:&quot;yes&quot;}\" data-widget_type=\"video.default\">\n\t\t\t\t<div class=\"elementor-widget-container\">\n\t\t\t\t\t\t\t<div class=\"elementor-wrapper elementor-open-inline\">\n\t\t\t<div class=\"elementor-video\"><\/div>\t\t<\/div>\n\t\t\t\t\t\t<\/div>\n\t\t\t\t<\/div>\n\t\t\t\t<div class=\"elementor-element elementor-element-3515d785 elementor-widget elementor-widget-heading\" data-id=\"3515d785\" data-element_type=\"widget\" data-widget_type=\"heading.default\">\n\t\t\t\t<div class=\"elementor-widget-container\">\n\t\t\t\t\t<h2 class=\"elementor-heading-title elementor-size-default\">Verwandte Pressemitteilungen<\/h2>\t\t\t\t<\/div>\n\t\t\t\t<\/div>\n\t\t\t\t<div class=\"elementor-element elementor-element-21482064 elementor-widget-divider--view-line elementor-widget elementor-widget-divider\" data-id=\"21482064\" data-element_type=\"widget\" data-widget_type=\"divider.default\">\n\t\t\t\t<div class=\"elementor-widget-container\">\n\t\t\t\t\t\t\t<div class=\"elementor-divider\">\n\t\t\t<span class=\"elementor-divider-separator\">\n\t\t\t\t\t\t<\/span>\n\t\t<\/div>\n\t\t\t\t\t\t<\/div>\n\t\t\t\t<\/div>\n\t\t\t\t<div class=\"elementor-element elementor-element-28a54974 elementor-widget elementor-widget-text-editor\" data-id=\"28a54974\" data-element_type=\"widget\" data-widget_type=\"text-editor.default\">\n\t\t\t\t<div class=\"elementor-widget-container\">\n\t\t\t\t\t\t\t\t\t<div class=\"pressauthor\"><div class=\"pressauthor\">Varga Anik\u00f3:\u00a0<a href=\"http:\/\/szinhaz.net\/2016\/03\/07\/varga-aniko-ket-arc\/\">Zwei Gesichter\u00a0 <\/a>(Theater) <span style=\"font-family: -apple-system, BlinkMacSystemFont, 'Segoe UI', Roboto, 'Helvetica Neue', Arial, 'Noto Sans', sans-serif, 'Apple Color Emoji', 'Segoe UI Emoji', 'Segoe UI Symbol', 'Noto Color Emoji';\">&#8211; 07\/03\/2016 <\/span><span style=\"font-family: -apple-system, BlinkMacSystemFont, 'Segoe UI', Roboto, 'Helvetica Neue', Arial, 'Noto Sans', sans-serif, 'Apple Color Emoji', 'Segoe UI Emoji', 'Segoe UI Symbol', 'Noto Color Emoji';\">Es hat etwas Exotisches, \"Jenseitiges\" an diesem poetischen Bild des starken visuellen Kontrasts, etwas Japanisches in der Art, wie Mariann Hargitai in ihrem Kirschbl\u00fctenkleid ihr Haar am B\u00fchnenrand b\u00fcrstet, sich einen Zopf flechtet und dann der zeitlosen Sonne folgend in die Welt des Solos eintritt.<\/span><\/div><\/div>\t\t\t\t\t\t\t\t<\/div>\n\t\t\t\t<\/div>\n\t\t\t\t\t<\/div>\n\t\t<\/div>\n\t\t\t\t\t<\/div>\n\t\t<\/section>\n\t\t\t\t<\/div>","protected":false},"excerpt":{"rendered":"<p>A projekt ihlet\u0151je a testnek a f\u00e9nyhez \u00e9s a s\u00f6t\u00e9ts\u00e9ghez val\u00f3 viszonya. Azt vizsg\u00e1ljuk, hogy a s\u00f6t\u00e9ts\u00e9g jelenl\u00e9te hogyan befoly\u00e1solja az emberi viselked\u00e9st. Az, hogy nem l\u00e1tjuk, \u00e9s nem l\u00e1tjuk teljesen a fizikai k\u00f6rnyezetet \u00e9s m\u00e1s testeket, megv\u00e1ltoztatja a perspekt\u00edv\u00e1t, \u00e9s m\u00e1s m\u00f3don \u00e9breszti fel f\u00f3kuszunkat. A spektrum m\u00e1sik oldal\u00e1n a f\u00e9nysugarak \u00e1thatolnak a sz\u00f6veteken, [&hellip;]<\/p>","protected":false},"author":1,"featured_media":0,"parent":0,"menu_order":0,"comment_status":"closed","ping_status":"closed","template":"elementor_header_footer","meta":{"footnotes":""},"class_list":["post-18273","page","type-page","status-publish","hentry"],"yoast_head":"<!-- This site is optimized with the Yoast SEO plugin v26.0 - https:\/\/yoast.com\/wordpress\/plugins\/seo\/ -->\n<title>Light Room (IKF+) - KET<\/title>\n<meta name=\"robots\" content=\"index, follow, max-snippet:-1, max-image-preview:large, max-video-preview:-1\" \/>\n<link rel=\"canonical\" href=\"https:\/\/cedthu.rwpstaging.site\/de\/light-room-ikf\/\" \/>\n<meta name=\"twitter:card\" content=\"summary_large_image\" \/>\n<meta name=\"twitter:title\" content=\"Light Room (IKF+) - KET\" \/>\n<meta name=\"twitter:description\" content=\"A projekt ihlet\u0151je a testnek a f\u00e9nyhez \u00e9s a s\u00f6t\u00e9ts\u00e9ghez val\u00f3 viszonya. Azt vizsg\u00e1ljuk, hogy a s\u00f6t\u00e9ts\u00e9g jelenl\u00e9te hogyan befoly\u00e1solja az emberi viselked\u00e9st. Az, hogy nem l\u00e1tjuk, \u00e9s nem l\u00e1tjuk teljesen a fizikai k\u00f6rnyezetet \u00e9s m\u00e1s testeket, megv\u00e1ltoztatja a perspekt\u00edv\u00e1t, \u00e9s m\u00e1s m\u00f3don \u00e9breszti fel f\u00f3kuszunkat. A spektrum m\u00e1sik oldal\u00e1n a f\u00e9nysugarak \u00e1thatolnak a sz\u00f6veteken, [&hellip;]\" \/>\n<meta name=\"twitter:image\" content=\"https:\/\/cedthu.rwpstaging.site\/wp-content\/uploads\/2017\/02\/foto_1143.jpg\" \/>\n<meta name=\"twitter:label1\" content=\"Gesch\u00e4tzte Lesezeit\" \/>\n\t<meta name=\"twitter:data1\" content=\"2\u00a0Minuten\" \/>\n<script type=\"application\/ld+json\" class=\"yoast-schema-graph\">{\"@context\":\"https:\/\/schema.org\",\"@graph\":[{\"@type\":\"WebPage\",\"@id\":\"https:\/\/cedthu.rwpstaging.site\/light-room-ikf\/\",\"url\":\"https:\/\/cedthu.rwpstaging.site\/light-room-ikf\/\",\"name\":\"Light Room (IKF+) - KET\",\"isPartOf\":{\"@id\":\"https:\/\/cedthu.rwpstaging.site\/#website\"},\"primaryImageOfPage\":{\"@id\":\"https:\/\/cedthu.rwpstaging.site\/light-room-ikf\/#primaryimage\"},\"image\":{\"@id\":\"https:\/\/cedthu.rwpstaging.site\/light-room-ikf\/#primaryimage\"},\"thumbnailUrl\":\"https:\/\/cedthu.rwpstaging.site\/wp-content\/uploads\/2017\/02\/foto_1143.jpg\",\"datePublished\":\"2025-05-15T16:45:26+00:00\",\"dateModified\":\"2025-05-15T16:47:03+00:00\",\"breadcrumb\":{\"@id\":\"https:\/\/cedthu.rwpstaging.site\/light-room-ikf\/#breadcrumb\"},\"inLanguage\":\"de\",\"potentialAction\":[{\"@type\":\"ReadAction\",\"target\":[\"https:\/\/cedthu.rwpstaging.site\/light-room-ikf\/\"]}]},{\"@type\":\"ImageObject\",\"inLanguage\":\"de\",\"@id\":\"https:\/\/cedthu.rwpstaging.site\/light-room-ikf\/#primaryimage\",\"url\":\"https:\/\/cedthu.rwpstaging.site\/wp-content\/uploads\/2017\/02\/foto_1143.jpg\",\"contentUrl\":\"https:\/\/cedthu.rwpstaging.site\/wp-content\/uploads\/2017\/02\/foto_1143.jpg\"},{\"@type\":\"BreadcrumbList\",\"@id\":\"https:\/\/cedthu.rwpstaging.site\/light-room-ikf\/#breadcrumb\",\"itemListElement\":[{\"@type\":\"ListItem\",\"position\":1,\"name\":\"Home\",\"item\":\"https:\/\/cedthu.rwpstaging.site\/\"},{\"@type\":\"ListItem\",\"position\":2,\"name\":\"Light Room (IKF+)\"}]},{\"@type\":\"WebSite\",\"@id\":\"https:\/\/cedthu.rwpstaging.site\/#website\",\"url\":\"https:\/\/cedthu.rwpstaging.site\/\",\"name\":\"KET\",\"description\":\"K\u00f6z\u00e9p-Eur\u00f3pa T\u00e1ncsz\u00ednh\u00e1z\",\"publisher\":{\"@id\":\"https:\/\/cedthu.rwpstaging.site\/#organization\"},\"potentialAction\":[{\"@type\":\"SearchAction\",\"target\":{\"@type\":\"EntryPoint\",\"urlTemplate\":\"https:\/\/cedthu.rwpstaging.site\/?s={search_term_string}\"},\"query-input\":{\"@type\":\"PropertyValueSpecification\",\"valueRequired\":true,\"valueName\":\"search_term_string\"}}],\"inLanguage\":\"de\"},{\"@type\":\"Organization\",\"@id\":\"https:\/\/cedthu.rwpstaging.site\/#organization\",\"name\":\"KET\",\"url\":\"https:\/\/cedthu.rwpstaging.site\/\",\"logo\":{\"@type\":\"ImageObject\",\"inLanguage\":\"de\",\"@id\":\"https:\/\/cedthu.rwpstaging.site\/#\/schema\/logo\/image\/\",\"url\":\"https:\/\/cedthu.rwpstaging.site\/wp-content\/uploads\/2024\/03\/cropped-KET-NYomda-logo2.png\",\"contentUrl\":\"https:\/\/cedthu.rwpstaging.site\/wp-content\/uploads\/2024\/03\/cropped-KET-NYomda-logo2.png\",\"width\":300,\"height\":326,\"caption\":\"KET\"},\"image\":{\"@id\":\"https:\/\/cedthu.rwpstaging.site\/#\/schema\/logo\/image\/\"}}]}<\/script>\n<!-- \/ Yoast SEO plugin. -->","yoast_head_json":{"title":"Light Room (IKF+) - KET","robots":{"index":"index","follow":"follow","max-snippet":"max-snippet:-1","max-image-preview":"max-image-preview:large","max-video-preview":"max-video-preview:-1"},"canonical":"https:\/\/cedthu.rwpstaging.site\/de\/light-room-ikf\/","twitter_card":"summary_large_image","twitter_title":"Light Room (IKF+) - KET","twitter_description":"A projekt ihlet\u0151je a testnek a f\u00e9nyhez \u00e9s a s\u00f6t\u00e9ts\u00e9ghez val\u00f3 viszonya. Azt vizsg\u00e1ljuk, hogy a s\u00f6t\u00e9ts\u00e9g jelenl\u00e9te hogyan befoly\u00e1solja az emberi viselked\u00e9st. Az, hogy nem l\u00e1tjuk, \u00e9s nem l\u00e1tjuk teljesen a fizikai k\u00f6rnyezetet \u00e9s m\u00e1s testeket, megv\u00e1ltoztatja a perspekt\u00edv\u00e1t, \u00e9s m\u00e1s m\u00f3don \u00e9breszti fel f\u00f3kuszunkat. A spektrum m\u00e1sik oldal\u00e1n a f\u00e9nysugarak \u00e1thatolnak a sz\u00f6veteken, [&hellip;]","twitter_image":"https:\/\/cedthu.rwpstaging.site\/wp-content\/uploads\/2017\/02\/foto_1143.jpg","twitter_misc":{"Gesch\u00e4tzte Lesezeit":"2\u00a0Minuten"},"schema":{"@context":"https:\/\/schema.org","@graph":[{"@type":"WebPage","@id":"https:\/\/cedthu.rwpstaging.site\/light-room-ikf\/","url":"https:\/\/cedthu.rwpstaging.site\/light-room-ikf\/","name":"Light Room (IKF+) - KET","isPartOf":{"@id":"https:\/\/cedthu.rwpstaging.site\/#website"},"primaryImageOfPage":{"@id":"https:\/\/cedthu.rwpstaging.site\/light-room-ikf\/#primaryimage"},"image":{"@id":"https:\/\/cedthu.rwpstaging.site\/light-room-ikf\/#primaryimage"},"thumbnailUrl":"https:\/\/cedthu.rwpstaging.site\/wp-content\/uploads\/2017\/02\/foto_1143.jpg","datePublished":"2025-05-15T16:45:26+00:00","dateModified":"2025-05-15T16:47:03+00:00","breadcrumb":{"@id":"https:\/\/cedthu.rwpstaging.site\/light-room-ikf\/#breadcrumb"},"inLanguage":"de","potentialAction":[{"@type":"ReadAction","target":["https:\/\/cedthu.rwpstaging.site\/light-room-ikf\/"]}]},{"@type":"ImageObject","inLanguage":"de","@id":"https:\/\/cedthu.rwpstaging.site\/light-room-ikf\/#primaryimage","url":"https:\/\/cedthu.rwpstaging.site\/wp-content\/uploads\/2017\/02\/foto_1143.jpg","contentUrl":"https:\/\/cedthu.rwpstaging.site\/wp-content\/uploads\/2017\/02\/foto_1143.jpg"},{"@type":"BreadcrumbList","@id":"https:\/\/cedthu.rwpstaging.site\/light-room-ikf\/#breadcrumb","itemListElement":[{"@type":"ListItem","position":1,"name":"Home","item":"https:\/\/cedthu.rwpstaging.site\/"},{"@type":"ListItem","position":2,"name":"Light Room (IKF+)"}]},{"@type":"WebSite","@id":"https:\/\/cedthu.rwpstaging.site\/#website","url":"https:\/\/cedthu.rwpstaging.site\/","name":"KET","description":"Tanztheater Mitteleuropa","publisher":{"@id":"https:\/\/cedthu.rwpstaging.site\/#organization"},"potentialAction":[{"@type":"SearchAction","target":{"@type":"EntryPoint","urlTemplate":"https:\/\/cedthu.rwpstaging.site\/?s={search_term_string}"},"query-input":{"@type":"PropertyValueSpecification","valueRequired":true,"valueName":"search_term_string"}}],"inLanguage":"de"},{"@type":"Organization","@id":"https:\/\/cedthu.rwpstaging.site\/#organization","name":"KET","url":"https:\/\/cedthu.rwpstaging.site\/","logo":{"@type":"ImageObject","inLanguage":"de","@id":"https:\/\/cedthu.rwpstaging.site\/#\/schema\/logo\/image\/","url":"https:\/\/cedthu.rwpstaging.site\/wp-content\/uploads\/2024\/03\/cropped-KET-NYomda-logo2.png","contentUrl":"https:\/\/cedthu.rwpstaging.site\/wp-content\/uploads\/2024\/03\/cropped-KET-NYomda-logo2.png","width":300,"height":326,"caption":"KET"},"image":{"@id":"https:\/\/cedthu.rwpstaging.site\/#\/schema\/logo\/image\/"}}]}},"_links":{"self":[{"href":"https:\/\/cedthu.rwpstaging.site\/de\/wp-json\/wp\/v2\/pages\/18273","targetHints":{"allow":["GET"]}}],"collection":[{"href":"https:\/\/cedthu.rwpstaging.site\/de\/wp-json\/wp\/v2\/pages"}],"about":[{"href":"https:\/\/cedthu.rwpstaging.site\/de\/wp-json\/wp\/v2\/types\/page"}],"author":[{"embeddable":true,"href":"https:\/\/cedthu.rwpstaging.site\/de\/wp-json\/wp\/v2\/users\/1"}],"replies":[{"embeddable":true,"href":"https:\/\/cedthu.rwpstaging.site\/de\/wp-json\/wp\/v2\/comments?post=18273"}],"version-history":[{"count":5,"href":"https:\/\/cedthu.rwpstaging.site\/de\/wp-json\/wp\/v2\/pages\/18273\/revisions"}],"predecessor-version":[{"id":18300,"href":"https:\/\/cedthu.rwpstaging.site\/de\/wp-json\/wp\/v2\/pages\/18273\/revisions\/18300"}],"wp:attachment":[{"href":"https:\/\/cedthu.rwpstaging.site\/de\/wp-json\/wp\/v2\/media?parent=18273"}],"curies":[{"name":"wp","href":"https:\/\/api.w.org\/{rel}","templated":true}]}}