{"id":18513,"date":"2025-05-15T17:09:58","date_gmt":"2025-05-15T17:09:58","guid":{"rendered":"https:\/\/cedthu.rwpstaging.site\/?page_id=18513"},"modified":"2025-05-15T17:12:22","modified_gmt":"2025-05-15T17:12:22","slug":"xv-ikf-tehetsegprogram-miko-david","status":"publish","type":"page","link":"https:\/\/cedthu.rwpstaging.site\/de\/xv-ikf-tehetsegprogram-miko-david\/","title":{"rendered":"XV. IKF-Talentprogramm - Mik\u00f3 D\u00e1vid"},"content":{"rendered":"<div data-elementor-type=\"wp-page\" data-elementor-id=\"18513\" class=\"elementor elementor-18513\" data-elementor-post-type=\"page\">\n\t\t\t\t\t\t<section class=\"elementor-section elementor-top-section elementor-element elementor-element-1a8159e6 elementor-section-boxed elementor-section-height-default elementor-section-height-default\" data-id=\"1a8159e6\" data-element_type=\"section\" data-settings=\"{&quot;background_background&quot;:&quot;classic&quot;}\">\n\t\t\t\t\t\t<div class=\"elementor-container elementor-column-gap-default\">\n\t\t\t\t\t<div class=\"elementor-column elementor-col-100 elementor-top-column elementor-element elementor-element-77227982\" data-id=\"77227982\" data-element_type=\"column\">\n\t\t\t<div class=\"elementor-widget-wrap elementor-element-populated\">\n\t\t\t\t\t\t<div class=\"elementor-element elementor-element-3617f9e1 elementor-widget elementor-widget-image\" data-id=\"3617f9e1\" data-element_type=\"widget\" data-widget_type=\"image.default\">\n\t\t\t\t<div class=\"elementor-widget-container\">\n\t\t\t\t\t\t\t\t\t\t\t\t\t\t\t<img fetchpriority=\"high\" decoding=\"async\" width=\"500\" height=\"400\" src=\"https:\/\/cedthu.rwpstaging.site\/wp-content\/uploads\/2020\/05\/Mik\u00f3-D\u00e1vid-Fot\u00f3_-Fedor-Ilka_kicsi-1-500x400.jpg\" class=\"attachment-full size-full wp-image-6837\" alt=\"\" srcset=\"https:\/\/cedthu.rwpstaging.site\/wp-content\/uploads\/2020\/05\/Mik\u00f3-D\u00e1vid-Fot\u00f3_-Fedor-Ilka_kicsi-1-500x400.jpg 500w, https:\/\/cedthu.rwpstaging.site\/wp-content\/uploads\/2020\/05\/Mik\u00f3-D\u00e1vid-Fot\u00f3_-Fedor-Ilka_kicsi-1-500x400-300x240.jpg 300w, https:\/\/cedthu.rwpstaging.site\/wp-content\/uploads\/2020\/05\/Mik\u00f3-D\u00e1vid-Fot\u00f3_-Fedor-Ilka_kicsi-1-500x400-400x320.jpg 400w, https:\/\/cedthu.rwpstaging.site\/wp-content\/uploads\/2020\/05\/Mik\u00f3-D\u00e1vid-Fot\u00f3_-Fedor-Ilka_kicsi-1-500x400-20x16.jpg 20w\" sizes=\"(max-width: 500px) 100vw, 500px\" \/>\t\t\t\t\t\t\t\t\t\t\t\t\t\t\t<\/div>\n\t\t\t\t<\/div>\n\t\t\t\t<div class=\"elementor-element elementor-element-4bc063bc elementor-widget elementor-widget-text-editor\" data-id=\"4bc063bc\" data-element_type=\"widget\" data-widget_type=\"text-editor.default\">\n\t\t\t\t<div class=\"elementor-widget-container\">\n\t\t\t\t\t\t\t\t\t<div class=\"x11i5rnm xat24cr x1mh8g0r x1vvkbs xtlvy1s\"><div class=\"show-description\"><p>Trans<\/p><p>Der Ort ist ein grenzenloser Raum, in dem sich unendliche Prozesse in widerspr\u00fcchlichen Zust\u00e4nden in Wiederholungen verwandeln, die zu sich selbst zur\u00fcckkehren. Die Suche nach der Einheit erfolgt durch das Zusammentreffen verschiedener energetischer Qualit\u00e4ten, die sich im Gebrauch des K\u00f6rpers widerspiegeln. In diesem Ritus sind die K\u00f6rper unpers\u00f6nliche, fein abgestimmte Transceiver, die diese Qualit\u00e4ten zun\u00e4chst getrennt tragen. In ihren Begegnungen und ihren Auswirkungen auf die Gegenwart erschaffen sie gemeinsam ein h\u00f6heres Wesen. Die Schwingung erh\u00f6ht sich, der Zyklus ist endlos, die Nuancen ver\u00e4ndern sich. Der Prozess stellt auch eine innere Reise dar, auf der sich das menschliche Bewusstsein erh\u00f6ht, indem es vielf\u00e4ltiger wird. Er lernt sich selbst durch seine Umgebung kennen.<\/p><p>Unterst\u00fctzt durch das Imre-Zolt\u00e1n-Programm des Nationalen Kulturfonds.<\/p><\/div><\/div>\t\t\t\t\t\t\t\t<\/div>\n\t\t\t\t<\/div>\n\t\t\t\t<div class=\"elementor-element elementor-element-6602ec89 elementor-widget elementor-widget-heading\" data-id=\"6602ec89\" data-element_type=\"widget\" data-widget_type=\"heading.default\">\n\t\t\t\t<div class=\"elementor-widget-container\">\n\t\t\t\t\t<h2 class=\"elementor-heading-title elementor-size-default\">Sch\u00f6pfer<\/h2>\t\t\t\t<\/div>\n\t\t\t\t<\/div>\n\t\t\t\t<div class=\"elementor-element elementor-element-44107c6c elementor-widget-divider--view-line elementor-widget elementor-widget-divider\" data-id=\"44107c6c\" data-element_type=\"widget\" data-widget_type=\"divider.default\">\n\t\t\t\t<div class=\"elementor-widget-container\">\n\t\t\t\t\t\t\t<div class=\"elementor-divider\">\n\t\t\t<span class=\"elementor-divider-separator\">\n\t\t\t\t\t\t<\/span>\n\t\t<\/div>\n\t\t\t\t\t\t<\/div>\n\t\t\t\t<\/div>\n\t\t\t\t<div class=\"elementor-element elementor-element-17c75ae elementor-widget elementor-widget-text-editor\" data-id=\"17c75ae\" data-element_type=\"widget\" data-widget_type=\"text-editor.default\">\n\t\t\t\t<div class=\"elementor-widget-container\">\n\t\t\t\t\t\t\t\t\t<div class=\"show-actors\"><div id=\"nested-actors\"><div class=\"show-actors\"><div id=\"nested-actors\"><div><h3>Choreograph<\/h3><ul><li>David Mik\u00f3<\/li><\/ul><\/div><div><h3>Licht<\/h3><ul><li>Zolt\u00e1n Fogarasi<\/li><\/ul><\/div><div><h3>Berater<\/h3><ul><li>Als Attila<\/li><\/ul><\/div><div><h3>Vortragende<\/h3><ul><li>Bettina Dunai<\/li><li>Csongor F\u00fczesi<\/li><li>Mariann Hargitai<\/li><li>Adrienn Horv\u00e1th<\/li><li>Zsanett Jakab (Viktor-F\u00fcl\u00f6p-Stipendiatin)<\/li><li>L\u00e1szl\u00f3 M\u00e1di<\/li><li>Csaba M\u00e1ty\u00e1s Nagy<\/li><li>Adrienn Nyeste<\/li><\/ul><\/div><\/div><\/div><\/div><\/div>\t\t\t\t\t\t\t\t<\/div>\n\t\t\t\t<\/div>\n\t\t\t\t<div class=\"elementor-element elementor-element-43c2dc64 elementor-widget elementor-widget-heading\" data-id=\"43c2dc64\" data-element_type=\"widget\" data-widget_type=\"heading.default\">\n\t\t\t\t<div class=\"elementor-widget-container\">\n\t\t\t\t\t<h2 class=\"elementor-heading-title elementor-size-default\">XV. IKF-Talentprogramm - Mik\u00f3 D\u00e1vid<\/h2>\t\t\t\t<\/div>\n\t\t\t\t<\/div>\n\t\t\t\t<div class=\"elementor-element elementor-element-7995d86 elementor-widget elementor-widget-gallery\" data-id=\"7995d86\" data-element_type=\"widget\" data-settings=\"{&quot;columns&quot;:3,&quot;lazyload&quot;:&quot;yes&quot;,&quot;gallery_layout&quot;:&quot;grid&quot;,&quot;columns_tablet&quot;:2,&quot;columns_mobile&quot;:1,&quot;gap&quot;:{&quot;unit&quot;:&quot;px&quot;,&quot;size&quot;:10,&quot;sizes&quot;:[]},&quot;gap_tablet&quot;:{&quot;unit&quot;:&quot;px&quot;,&quot;size&quot;:10,&quot;sizes&quot;:[]},&quot;gap_mobile&quot;:{&quot;unit&quot;:&quot;px&quot;,&quot;size&quot;:10,&quot;sizes&quot;:[]},&quot;link_to&quot;:&quot;file&quot;,&quot;aspect_ratio&quot;:&quot;3:2&quot;,&quot;overlay_background&quot;:&quot;yes&quot;,&quot;content_hover_animation&quot;:&quot;fade-in&quot;}\" data-widget_type=\"gallery.default\">\n\t\t\t\t<div class=\"elementor-widget-container\">\n\t\t\t\t\t\t\t<div class=\"elementor-gallery__container\">\n\t\t\t\t\t\t\t<a class=\"e-gallery-item elementor-gallery-item elementor-animated-content\" href=\"https:\/\/cedthu.rwpstaging.site\/wp-content\/uploads\/2020\/05\/Mik\u00f3-D\u00e1vid-Fot\u00f3_-Fedor-Ilka_kicsi-1-500x400.jpg\" data-elementor-open-lightbox=\"yes\" data-elementor-lightbox-slideshow=\"7995d86\" data-elementor-lightbox-title=\"Mik\u00f3-D\u00e1vid-Fot\u00f3_-Fedor-Ilka_kicsi-1-500x400\" data-e-action-hash=\"#elementor-action%3Aaction%3Dlightbox%26settings%3DeyJpZCI6NjgzNywidXJsIjoiaHR0cHM6XC9cL2NlZHRodS5yd3BzdGFnaW5nLnNpdGVcL3dwLWNvbnRlbnRcL3VwbG9hZHNcLzIwMjBcLzA1XC9NaWtcdTAwZjMtRFx1MDBlMXZpZC1Gb3RcdTAwZjNfLUZlZG9yLUlsa2Ffa2ljc2ktMS01MDB4NDAwLmpwZyIsInNsaWRlc2hvdyI6Ijc5OTVkODYifQ%3D%3D\">\n\t\t\t\t\t<div class=\"e-gallery-image elementor-gallery-item__image\" data-thumbnail=\"https:\/\/cedthu.rwpstaging.site\/wp-content\/uploads\/2020\/05\/Mik\u00f3-D\u00e1vid-Fot\u00f3_-Fedor-Ilka_kicsi-1-500x400-300x240.jpg\" data-width=\"300\" data-height=\"240\" aria-label=\"\" role=\"img\" ><\/div>\n\t\t\t\t\t\t\t\t\t\t\t<div class=\"elementor-gallery-item__overlay\"><\/div>\n\t\t\t\t\t\t\t\t\t\t\t\t\t\t<\/a>\n\t\t\t\t\t\t\t<a class=\"e-gallery-item elementor-gallery-item elementor-animated-content\" href=\"https:\/\/cedthu.rwpstaging.site\/wp-content\/uploads\/2018\/05\/ikfmd199.jpg\" data-elementor-open-lightbox=\"yes\" data-elementor-lightbox-slideshow=\"7995d86\" data-elementor-lightbox-title=\"ikfmd199\" data-e-action-hash=\"#elementor-action%3Aaction%3Dlightbox%26settings%3DeyJpZCI6NTE3MywidXJsIjoiaHR0cHM6XC9cL2NlZHRodS5yd3BzdGFnaW5nLnNpdGVcL3dwLWNvbnRlbnRcL3VwbG9hZHNcLzIwMThcLzA1XC9pa2ZtZDE5OS5qcGciLCJzbGlkZXNob3ciOiI3OTk1ZDg2In0%3D\">\n\t\t\t\t\t<div class=\"e-gallery-image elementor-gallery-item__image\" data-thumbnail=\"https:\/\/cedthu.rwpstaging.site\/wp-content\/uploads\/2018\/05\/ikfmd199-300x200.jpg\" data-width=\"300\" data-height=\"200\" aria-label=\"\" role=\"img\" ><\/div>\n\t\t\t\t\t\t\t\t\t\t\t<div class=\"elementor-gallery-item__overlay\"><\/div>\n\t\t\t\t\t\t\t\t\t\t\t\t\t\t<\/a>\n\t\t\t\t\t\t\t<a class=\"e-gallery-item elementor-gallery-item elementor-animated-content\" href=\"https:\/\/cedthu.rwpstaging.site\/wp-content\/uploads\/2018\/05\/ikfmd187.jpg\" data-elementor-open-lightbox=\"yes\" data-elementor-lightbox-slideshow=\"7995d86\" data-elementor-lightbox-title=\"ikfmd187\" data-e-action-hash=\"#elementor-action%3Aaction%3Dlightbox%26settings%3DeyJpZCI6NTE2OSwidXJsIjoiaHR0cHM6XC9cL2NlZHRodS5yd3BzdGFnaW5nLnNpdGVcL3dwLWNvbnRlbnRcL3VwbG9hZHNcLzIwMThcLzA1XC9pa2ZtZDE4Ny5qcGciLCJzbGlkZXNob3ciOiI3OTk1ZDg2In0%3D\">\n\t\t\t\t\t<div class=\"e-gallery-image elementor-gallery-item__image\" data-thumbnail=\"https:\/\/cedthu.rwpstaging.site\/wp-content\/uploads\/2018\/05\/ikfmd187-300x200.jpg\" data-width=\"300\" data-height=\"200\" aria-label=\"\" role=\"img\" ><\/div>\n\t\t\t\t\t\t\t\t\t\t\t<div class=\"elementor-gallery-item__overlay\"><\/div>\n\t\t\t\t\t\t\t\t\t\t\t\t\t\t<\/a>\n\t\t\t\t\t<\/div>\n\t\t\t\t\t<\/div>\n\t\t\t\t<\/div>\n\t\t\t\t<div class=\"elementor-element elementor-element-6b6fb91b elementor-widget elementor-widget-heading\" data-id=\"6b6fb91b\" data-element_type=\"widget\" data-widget_type=\"heading.default\">\n\t\t\t\t<div class=\"elementor-widget-container\">\n\t\t\t\t\t<h2 class=\"elementor-heading-title elementor-size-default\">Verwandte Pressemitteilungen<\/h2>\t\t\t\t<\/div>\n\t\t\t\t<\/div>\n\t\t\t\t<div class=\"elementor-element elementor-element-74c35139 elementor-widget-divider--view-line elementor-widget elementor-widget-divider\" data-id=\"74c35139\" data-element_type=\"widget\" data-widget_type=\"divider.default\">\n\t\t\t\t<div class=\"elementor-widget-container\">\n\t\t\t\t\t\t\t<div class=\"elementor-divider\">\n\t\t\t<span class=\"elementor-divider-separator\">\n\t\t\t\t\t\t<\/span>\n\t\t<\/div>\n\t\t\t\t\t\t<\/div>\n\t\t\t\t<\/div>\n\t\t\t\t<div class=\"elementor-element elementor-element-689ec592 elementor-widget elementor-widget-text-editor\" data-id=\"689ec592\" data-element_type=\"widget\" data-widget_type=\"text-editor.default\">\n\t\t\t\t<div class=\"elementor-widget-container\">\n\t\t\t\t\t\t\t\t\t<div class=\"pressauthor\"><div class=\"pressauthor\"><div class=\"pressauthor\">\u00c1kos T\u00f6r\u00f6k: <a href=\"http:\/\/szinhaz.net\/2018\/07\/05\/torok-akos-hatareseteink\/\">GRENZABTEILUNGEN\u00a0 <\/a>(Theater.net) <span style=\"font-family: -apple-system, BlinkMacSystemFont, 'Segoe UI', Roboto, 'Helvetica Neue', Arial, 'Noto Sans', sans-serif, 'Apple Color Emoji', 'Segoe UI Emoji', 'Segoe UI Symbol', 'Noto Color Emoji';\">&#8211; 05\/07\/2018 <\/span><span style=\"font-family: -apple-system, BlinkMacSystemFont, 'Segoe UI', Roboto, 'Helvetica Neue', Arial, 'Noto Sans', sans-serif, 'Apple Color Emoji', 'Segoe UI Emoji', 'Segoe UI Symbol', 'Noto Color Emoji';\">Das \u00dcberschreiten unserer Grenzen ist immer eine seltsame und herausfordernde Erfahrung. David Mik\u00f3\u00a0<\/span><em style=\"font-family: -apple-system, BlinkMacSystemFont, 'Segoe UI', Roboto, 'Helvetica Neue', Arial, 'Noto Sans', sans-serif, 'Apple Color Emoji', 'Segoe UI Emoji', 'Segoe UI Symbol', 'Noto Color Emoji';\">Trans<\/em><span style=\"font-family: -apple-system, BlinkMacSystemFont, 'Segoe UI', Roboto, 'Helvetica Neue', Arial, 'Noto Sans', sans-serif, 'Apple Color Emoji', 'Segoe UI Emoji', 'Segoe UI Symbol', 'Noto Color Emoji';\">\u00a0und Juh\u00e1sz Kata\u00a0<\/span><em style=\"font-family: -apple-system, BlinkMacSystemFont, 'Segoe UI', Roboto, 'Helvetica Neue', Arial, 'Noto Sans', sans-serif, 'Apple Color Emoji', 'Segoe UI Emoji', 'Segoe UI Symbol', 'Noto Color Emoji';\">Kreuzf\u00f6rmiges Wasser<\/em><span style=\"font-family: -apple-system, BlinkMacSystemFont, 'Segoe UI', Roboto, 'Helvetica Neue', Arial, 'Noto Sans', sans-serif, 'Apple Color Emoji', 'Segoe UI Emoji', 'Segoe UI Symbol', 'Noto Color Emoji';\">\u00a0im Bethlen T\u00e9ri Theater zeigt, wie anders es ist, wenn wir es selbst tun, als wenn es andere tun.<\/span><\/div><\/div><\/div>\t\t\t\t\t\t\t\t<\/div>\n\t\t\t\t<\/div>\n\t\t\t\t<div class=\"elementor-element elementor-element-69fbd16 elementor-widget elementor-widget-text-editor\" data-id=\"69fbd16\" data-element_type=\"widget\" data-widget_type=\"text-editor.default\">\n\t\t\t\t<div class=\"elementor-widget-container\">\n\t\t\t\t\t\t\t\t\t<div class=\"pressauthor\"><div class=\"pressauthor\"><div class=\"pressauthor\">HORECZKY KRISZTINA:\u00a0<a href=\"http:\/\/www.tanckritika.hu\/kategoriak\/kritika\/1298-horeczky-krisztina-helyi-erteken\">LOKALER WERT\u00a0 <\/a>(Tanzkritik) <span style=\"font-family: -apple-system, BlinkMacSystemFont, 'Segoe UI', Roboto, 'Helvetica Neue', Arial, 'Noto Sans', sans-serif, 'Apple Color Emoji', 'Segoe UI Emoji', 'Segoe UI Symbol', 'Noto Color Emoji';\">&#8211; 09\/06\/2018 <\/span><span style=\"font-family: -apple-system, BlinkMacSystemFont, 'Segoe UI', Roboto, 'Helvetica Neue', Arial, 'Noto Sans', sans-serif, 'Apple Color Emoji', 'Segoe UI Emoji', 'Segoe UI Symbol', 'Noto Color Emoji';\">Es ist viel mehr als eine faire Auff\u00fchrung: Es gibt keine zerkauten zeitgen\u00f6ssischen Passagen, keine Affektiertheit...<\/span><\/div><\/div><\/div>\t\t\t\t\t\t\t\t<\/div>\n\t\t\t\t<\/div>\n\t\t\t\t\t<\/div>\n\t\t<\/div>\n\t\t\t\t\t<\/div>\n\t\t<\/section>\n\t\t\t\t<\/div>","protected":false},"excerpt":{"rendered":"<p>Transz A helysz\u00edn egy hat\u00e1rtalan t\u00e9r, melyben v\u00e9gtelen folyamatok transzform\u00e1l\u00f3dnak az \u00f6nmagukba visszat\u00e9r\u0151 repet\u00edci\u00f3k sor\u00e1n egym\u00e1ssal ellent\u00e9tes \u00e1llapotokban. Az egys\u00e9g keres\u00e9se k\u00fcl\u00f6nb\u00f6z\u0151 energia min\u0151s\u00e9gek tal\u00e1lkoz\u00e1s\u00e1val zajlik, melyeket a testhaszn\u00e1lat t\u00fckr\u00f6z. Ebben a r\u00edtusban a testek szem\u00e9lyis\u00e9g n\u00e9lk\u00fcli, finomra hangolt ad\u00f3-vev\u0151k, melyek eleinte k\u00fcl\u00f6n-k\u00fcl\u00f6n hordozz\u00e1k magukban ezeket a min\u0151s\u00e9geket. Tal\u00e1lkoz\u00e1saik \u00e9s a jelenl\u00e9tre gyakorolt hat\u00e1saik sor\u00e1n [&hellip;]<\/p>","protected":false},"author":1,"featured_media":0,"parent":0,"menu_order":0,"comment_status":"closed","ping_status":"closed","template":"elementor_header_footer","meta":{"footnotes":""},"class_list":["post-18513","page","type-page","status-publish","hentry"],"yoast_head":"<!-- This site is optimized with the Yoast SEO plugin v26.0 - https:\/\/yoast.com\/wordpress\/plugins\/seo\/ -->\n<title>XV. IKF Tehets\u00e9gprogram \u2014 Mik\u00f3 D\u00e1vid - KET<\/title>\n<meta name=\"robots\" content=\"index, follow, max-snippet:-1, max-image-preview:large, max-video-preview:-1\" \/>\n<link rel=\"canonical\" href=\"https:\/\/cedthu.rwpstaging.site\/de\/xv-ikf-tehetsegprogram-miko-david\/\" \/>\n<meta name=\"twitter:card\" content=\"summary_large_image\" \/>\n<meta name=\"twitter:title\" content=\"XV. IKF Tehets\u00e9gprogram \u2014 Mik\u00f3 D\u00e1vid - KET\" \/>\n<meta name=\"twitter:description\" content=\"Transz A helysz\u00edn egy hat\u00e1rtalan t\u00e9r, melyben v\u00e9gtelen folyamatok transzform\u00e1l\u00f3dnak az \u00f6nmagukba visszat\u00e9r\u0151 repet\u00edci\u00f3k sor\u00e1n egym\u00e1ssal ellent\u00e9tes \u00e1llapotokban. Az egys\u00e9g keres\u00e9se k\u00fcl\u00f6nb\u00f6z\u0151 energia min\u0151s\u00e9gek tal\u00e1lkoz\u00e1s\u00e1val zajlik, melyeket a testhaszn\u00e1lat t\u00fckr\u00f6z. Ebben a r\u00edtusban a testek szem\u00e9lyis\u00e9g n\u00e9lk\u00fcli, finomra hangolt ad\u00f3-vev\u0151k, melyek eleinte k\u00fcl\u00f6n-k\u00fcl\u00f6n hordozz\u00e1k magukban ezeket a min\u0151s\u00e9geket. Tal\u00e1lkoz\u00e1saik \u00e9s a jelenl\u00e9tre gyakorolt hat\u00e1saik sor\u00e1n [&hellip;]\" \/>\n<meta name=\"twitter:label1\" content=\"Gesch\u00e4tzte Lesezeit\" \/>\n\t<meta name=\"twitter:data1\" content=\"2\u00a0Minuten\" \/>\n<script type=\"application\/ld+json\" class=\"yoast-schema-graph\">{\"@context\":\"https:\/\/schema.org\",\"@graph\":[{\"@type\":\"WebPage\",\"@id\":\"https:\/\/cedthu.rwpstaging.site\/xv-ikf-tehetsegprogram-miko-david\/\",\"url\":\"https:\/\/cedthu.rwpstaging.site\/xv-ikf-tehetsegprogram-miko-david\/\",\"name\":\"XV. IKF Tehets\u00e9gprogram \u2014 Mik\u00f3 D\u00e1vid - KET\",\"isPartOf\":{\"@id\":\"https:\/\/cedthu.rwpstaging.site\/#website\"},\"datePublished\":\"2025-05-15T17:09:58+00:00\",\"dateModified\":\"2025-05-15T17:12:22+00:00\",\"breadcrumb\":{\"@id\":\"https:\/\/cedthu.rwpstaging.site\/xv-ikf-tehetsegprogram-miko-david\/#breadcrumb\"},\"inLanguage\":\"de\",\"potentialAction\":[{\"@type\":\"ReadAction\",\"target\":[\"https:\/\/cedthu.rwpstaging.site\/xv-ikf-tehetsegprogram-miko-david\/\"]}]},{\"@type\":\"BreadcrumbList\",\"@id\":\"https:\/\/cedthu.rwpstaging.site\/xv-ikf-tehetsegprogram-miko-david\/#breadcrumb\",\"itemListElement\":[{\"@type\":\"ListItem\",\"position\":1,\"name\":\"Home\",\"item\":\"https:\/\/cedthu.rwpstaging.site\/\"},{\"@type\":\"ListItem\",\"position\":2,\"name\":\"XV. IKF Tehets\u00e9gprogram \u2014 Mik\u00f3 D\u00e1vid\"}]},{\"@type\":\"WebSite\",\"@id\":\"https:\/\/cedthu.rwpstaging.site\/#website\",\"url\":\"https:\/\/cedthu.rwpstaging.site\/\",\"name\":\"KET\",\"description\":\"K\u00f6z\u00e9p-Eur\u00f3pa T\u00e1ncsz\u00ednh\u00e1z\",\"publisher\":{\"@id\":\"https:\/\/cedthu.rwpstaging.site\/#organization\"},\"potentialAction\":[{\"@type\":\"SearchAction\",\"target\":{\"@type\":\"EntryPoint\",\"urlTemplate\":\"https:\/\/cedthu.rwpstaging.site\/?s={search_term_string}\"},\"query-input\":{\"@type\":\"PropertyValueSpecification\",\"valueRequired\":true,\"valueName\":\"search_term_string\"}}],\"inLanguage\":\"de\"},{\"@type\":\"Organization\",\"@id\":\"https:\/\/cedthu.rwpstaging.site\/#organization\",\"name\":\"KET\",\"url\":\"https:\/\/cedthu.rwpstaging.site\/\",\"logo\":{\"@type\":\"ImageObject\",\"inLanguage\":\"de\",\"@id\":\"https:\/\/cedthu.rwpstaging.site\/#\/schema\/logo\/image\/\",\"url\":\"https:\/\/cedthu.rwpstaging.site\/wp-content\/uploads\/2024\/03\/cropped-KET-NYomda-logo2.png\",\"contentUrl\":\"https:\/\/cedthu.rwpstaging.site\/wp-content\/uploads\/2024\/03\/cropped-KET-NYomda-logo2.png\",\"width\":300,\"height\":326,\"caption\":\"KET\"},\"image\":{\"@id\":\"https:\/\/cedthu.rwpstaging.site\/#\/schema\/logo\/image\/\"}}]}<\/script>\n<!-- \/ Yoast SEO plugin. -->","yoast_head_json":{"title":"XV. IKF Tehets\u00e9gprogram \u2014 Mik\u00f3 D\u00e1vid - KET","robots":{"index":"index","follow":"follow","max-snippet":"max-snippet:-1","max-image-preview":"max-image-preview:large","max-video-preview":"max-video-preview:-1"},"canonical":"https:\/\/cedthu.rwpstaging.site\/de\/xv-ikf-tehetsegprogram-miko-david\/","twitter_card":"summary_large_image","twitter_title":"XV. IKF Tehets\u00e9gprogram \u2014 Mik\u00f3 D\u00e1vid - KET","twitter_description":"Transz A helysz\u00edn egy hat\u00e1rtalan t\u00e9r, melyben v\u00e9gtelen folyamatok transzform\u00e1l\u00f3dnak az \u00f6nmagukba visszat\u00e9r\u0151 repet\u00edci\u00f3k sor\u00e1n egym\u00e1ssal ellent\u00e9tes \u00e1llapotokban. Az egys\u00e9g keres\u00e9se k\u00fcl\u00f6nb\u00f6z\u0151 energia min\u0151s\u00e9gek tal\u00e1lkoz\u00e1s\u00e1val zajlik, melyeket a testhaszn\u00e1lat t\u00fckr\u00f6z. Ebben a r\u00edtusban a testek szem\u00e9lyis\u00e9g n\u00e9lk\u00fcli, finomra hangolt ad\u00f3-vev\u0151k, melyek eleinte k\u00fcl\u00f6n-k\u00fcl\u00f6n hordozz\u00e1k magukban ezeket a min\u0151s\u00e9geket. Tal\u00e1lkoz\u00e1saik \u00e9s a jelenl\u00e9tre gyakorolt hat\u00e1saik sor\u00e1n [&hellip;]","twitter_misc":{"Gesch\u00e4tzte Lesezeit":"2\u00a0Minuten"},"schema":{"@context":"https:\/\/schema.org","@graph":[{"@type":"WebPage","@id":"https:\/\/cedthu.rwpstaging.site\/xv-ikf-tehetsegprogram-miko-david\/","url":"https:\/\/cedthu.rwpstaging.site\/xv-ikf-tehetsegprogram-miko-david\/","name":"XV. IKF Tehets\u00e9gprogram \u2014 Mik\u00f3 D\u00e1vid - KET","isPartOf":{"@id":"https:\/\/cedthu.rwpstaging.site\/#website"},"datePublished":"2025-05-15T17:09:58+00:00","dateModified":"2025-05-15T17:12:22+00:00","breadcrumb":{"@id":"https:\/\/cedthu.rwpstaging.site\/xv-ikf-tehetsegprogram-miko-david\/#breadcrumb"},"inLanguage":"de","potentialAction":[{"@type":"ReadAction","target":["https:\/\/cedthu.rwpstaging.site\/xv-ikf-tehetsegprogram-miko-david\/"]}]},{"@type":"BreadcrumbList","@id":"https:\/\/cedthu.rwpstaging.site\/xv-ikf-tehetsegprogram-miko-david\/#breadcrumb","itemListElement":[{"@type":"ListItem","position":1,"name":"Home","item":"https:\/\/cedthu.rwpstaging.site\/"},{"@type":"ListItem","position":2,"name":"XV. IKF Tehets\u00e9gprogram \u2014 Mik\u00f3 D\u00e1vid"}]},{"@type":"WebSite","@id":"https:\/\/cedthu.rwpstaging.site\/#website","url":"https:\/\/cedthu.rwpstaging.site\/","name":"KET","description":"Tanztheater Mitteleuropa","publisher":{"@id":"https:\/\/cedthu.rwpstaging.site\/#organization"},"potentialAction":[{"@type":"SearchAction","target":{"@type":"EntryPoint","urlTemplate":"https:\/\/cedthu.rwpstaging.site\/?s={search_term_string}"},"query-input":{"@type":"PropertyValueSpecification","valueRequired":true,"valueName":"search_term_string"}}],"inLanguage":"de"},{"@type":"Organization","@id":"https:\/\/cedthu.rwpstaging.site\/#organization","name":"KET","url":"https:\/\/cedthu.rwpstaging.site\/","logo":{"@type":"ImageObject","inLanguage":"de","@id":"https:\/\/cedthu.rwpstaging.site\/#\/schema\/logo\/image\/","url":"https:\/\/cedthu.rwpstaging.site\/wp-content\/uploads\/2024\/03\/cropped-KET-NYomda-logo2.png","contentUrl":"https:\/\/cedthu.rwpstaging.site\/wp-content\/uploads\/2024\/03\/cropped-KET-NYomda-logo2.png","width":300,"height":326,"caption":"KET"},"image":{"@id":"https:\/\/cedthu.rwpstaging.site\/#\/schema\/logo\/image\/"}}]}},"_links":{"self":[{"href":"https:\/\/cedthu.rwpstaging.site\/de\/wp-json\/wp\/v2\/pages\/18513","targetHints":{"allow":["GET"]}}],"collection":[{"href":"https:\/\/cedthu.rwpstaging.site\/de\/wp-json\/wp\/v2\/pages"}],"about":[{"href":"https:\/\/cedthu.rwpstaging.site\/de\/wp-json\/wp\/v2\/types\/page"}],"author":[{"embeddable":true,"href":"https:\/\/cedthu.rwpstaging.site\/de\/wp-json\/wp\/v2\/users\/1"}],"replies":[{"embeddable":true,"href":"https:\/\/cedthu.rwpstaging.site\/de\/wp-json\/wp\/v2\/comments?post=18513"}],"version-history":[{"count":5,"href":"https:\/\/cedthu.rwpstaging.site\/de\/wp-json\/wp\/v2\/pages\/18513\/revisions"}],"predecessor-version":[{"id":18539,"href":"https:\/\/cedthu.rwpstaging.site\/de\/wp-json\/wp\/v2\/pages\/18513\/revisions\/18539"}],"wp:attachment":[{"href":"https:\/\/cedthu.rwpstaging.site\/de\/wp-json\/wp\/v2\/media?parent=18513"}],"curies":[{"name":"wp","href":"https:\/\/api.w.org\/{rel}","templated":true}]}}