{"id":18571,"date":"2025-05-15T17:16:41","date_gmt":"2025-05-15T17:16:41","guid":{"rendered":"https:\/\/cedthu.rwpstaging.site\/?page_id=18571"},"modified":"2025-05-15T17:18:53","modified_gmt":"2025-05-15T17:18:53","slug":"xiii-ikf-tehetsegprogram-szarvas-krisztina","status":"publish","type":"page","link":"https:\/\/cedthu.rwpstaging.site\/de\/xiii-ikf-tehetsegprogram-szarvas-krisztina\/","title":{"rendered":"XIII. IKF-Talentprogramm - Krisztina Szarvas"},"content":{"rendered":"<div data-elementor-type=\"wp-page\" data-elementor-id=\"18571\" class=\"elementor elementor-18571\" data-elementor-post-type=\"page\">\n\t\t\t\t\t\t<section class=\"elementor-section elementor-top-section elementor-element elementor-element-2635894a elementor-section-boxed elementor-section-height-default elementor-section-height-default\" data-id=\"2635894a\" data-element_type=\"section\" data-settings=\"{&quot;background_background&quot;:&quot;classic&quot;}\">\n\t\t\t\t\t\t<div class=\"elementor-container elementor-column-gap-default\">\n\t\t\t\t\t<div class=\"elementor-column elementor-col-100 elementor-top-column elementor-element elementor-element-2d39e22\" data-id=\"2d39e22\" data-element_type=\"column\">\n\t\t\t<div class=\"elementor-widget-wrap elementor-element-populated\">\n\t\t\t\t\t\t<div class=\"elementor-element elementor-element-3db7de57 elementor-widget elementor-widget-image\" data-id=\"3db7de57\" data-element_type=\"widget\" data-widget_type=\"image.default\">\n\t\t\t\t<div class=\"elementor-widget-container\">\n\t\t\t\t\t\t\t\t\t\t\t\t\t\t\t<img fetchpriority=\"high\" decoding=\"async\" width=\"1384\" height=\"2020\" src=\"https:\/\/cedthu.rwpstaging.site\/wp-content\/uploads\/2018\/03\/C83A6399-6715-4DB5-8D62-E8C78413076A-1.jpeg\" class=\"attachment-full size-full wp-image-4309\" alt=\"\" srcset=\"https:\/\/cedthu.rwpstaging.site\/wp-content\/uploads\/2018\/03\/C83A6399-6715-4DB5-8D62-E8C78413076A-1.jpeg 1384w, https:\/\/cedthu.rwpstaging.site\/wp-content\/uploads\/2018\/03\/C83A6399-6715-4DB5-8D62-E8C78413076A-1-206x300.jpeg 206w, https:\/\/cedthu.rwpstaging.site\/wp-content\/uploads\/2018\/03\/C83A6399-6715-4DB5-8D62-E8C78413076A-1-702x1024.jpeg 702w, https:\/\/cedthu.rwpstaging.site\/wp-content\/uploads\/2018\/03\/C83A6399-6715-4DB5-8D62-E8C78413076A-1-768x1121.jpeg 768w, https:\/\/cedthu.rwpstaging.site\/wp-content\/uploads\/2018\/03\/C83A6399-6715-4DB5-8D62-E8C78413076A-1-1052x1536.jpeg 1052w, https:\/\/cedthu.rwpstaging.site\/wp-content\/uploads\/2018\/03\/C83A6399-6715-4DB5-8D62-E8C78413076A-1-274x400.jpeg 274w, https:\/\/cedthu.rwpstaging.site\/wp-content\/uploads\/2018\/03\/C83A6399-6715-4DB5-8D62-E8C78413076A-1-14x20.jpeg 14w\" sizes=\"(max-width: 1384px) 100vw, 1384px\" \/>\t\t\t\t\t\t\t\t\t\t\t\t\t\t\t<\/div>\n\t\t\t\t<\/div>\n\t\t\t\t<div class=\"elementor-element elementor-element-18bef759 elementor-widget elementor-widget-text-editor\" data-id=\"18bef759\" data-element_type=\"widget\" data-widget_type=\"text-editor.default\">\n\t\t\t\t<div class=\"elementor-widget-container\">\n\t\t\t\t\t\t\t\t\t<div class=\"x11i5rnm xat24cr x1mh8g0r x1vvkbs xtlvy1s\"><div class=\"show-description\"><p>Noch eine!<\/p><p>Es ist in unserem Leben schon vorgekommen, dass wir das Gef\u00fchl hatten, an diesem Ort und zu dieser Zeit (in einer Beziehung, im Beruf, in der Psyche) in diesem Moment einer mehr zu sein. Nur einer mehr, als wir sein sollten. Unser ganzes Leben wird von den Dingen der Welt beeinflusst. Man passt sich an die Musik an, die man oft h\u00f6rt, man mag die Farbe, die man bekommt, und man akzeptiert den Habitus, in den man eingeordnet wird. Aber wird das auch so bleiben? Denn das Prinzip der Gew\u00f6hnung an die Flucht hat seit jeher die Verpflichtungen der gesellschaftlich akzeptierten Norm abgel\u00f6st. Als Frau die Entschlossenheit, die Lebensbejahung aufzugreifen und die Weiblichkeit selbst zu leben, ist eine Aufgabe f\u00fcr sich.<\/p><p>Unterst\u00fctzt durch das Imre-Zolt\u00e1n-Programm des Nationalen Kulturfonds.<\/p><\/div><\/div>\t\t\t\t\t\t\t\t<\/div>\n\t\t\t\t<\/div>\n\t\t\t\t<div class=\"elementor-element elementor-element-308c1e1 elementor-widget elementor-widget-heading\" data-id=\"308c1e1\" data-element_type=\"widget\" data-widget_type=\"heading.default\">\n\t\t\t\t<div class=\"elementor-widget-container\">\n\t\t\t\t\t<h2 class=\"elementor-heading-title elementor-size-default\">Sch\u00f6pfer<\/h2>\t\t\t\t<\/div>\n\t\t\t\t<\/div>\n\t\t\t\t<div class=\"elementor-element elementor-element-23200339 elementor-widget-divider--view-line elementor-widget elementor-widget-divider\" data-id=\"23200339\" data-element_type=\"widget\" data-widget_type=\"divider.default\">\n\t\t\t\t<div class=\"elementor-widget-container\">\n\t\t\t\t\t\t\t<div class=\"elementor-divider\">\n\t\t\t<span class=\"elementor-divider-separator\">\n\t\t\t\t\t\t<\/span>\n\t\t<\/div>\n\t\t\t\t\t\t<\/div>\n\t\t\t\t<\/div>\n\t\t\t\t<div class=\"elementor-element elementor-element-1ed443e3 elementor-widget elementor-widget-text-editor\" data-id=\"1ed443e3\" data-element_type=\"widget\" data-widget_type=\"text-editor.default\">\n\t\t\t\t<div class=\"elementor-widget-container\">\n\t\t\t\t\t\t\t\t\t<div class=\"show-actors\"><div id=\"nested-actors\"><div class=\"show-actors\"><div id=\"nested-actors\"><div class=\"show-actors\"><div id=\"nested-actors\"><div><h3>Choreograph<\/h3><ul><li>Krisztina Szarvas<\/li><\/ul><\/div><div><h3>Licht<\/h3><ul><li>Zolt\u00e1n Fogarasi<\/li><\/ul><\/div><div><h3>Berater<\/h3><ul><li>Als Attila<\/li><\/ul><\/div><div><h3>Vortragende<\/h3><ul><li>Mariann Hargitai<\/li><li>L\u00e1szl\u00f3 M\u00e1di<\/li><li>Gerg\u0151 Golubkovics MTE<\/li><li>Stupek Mira MTE<\/li><li>Taba Benjamin MTE<\/li><li>Anna Szilv\u00e1si MTE<\/li><\/ul><\/div><\/div><\/div><div class=\"show-images\"><div class=\"row no-margin\"><div class=\"col-md-12 no-padding\">\u00a0<\/div><\/div><\/div><\/div><\/div><\/div><\/div>\t\t\t\t\t\t\t\t<\/div>\n\t\t\t\t<\/div>\n\t\t\t\t<div class=\"elementor-element elementor-element-b925f51 elementor-widget elementor-widget-heading\" data-id=\"b925f51\" data-element_type=\"widget\" data-widget_type=\"heading.default\">\n\t\t\t\t<div class=\"elementor-widget-container\">\n\t\t\t\t\t<h2 class=\"elementor-heading-title elementor-size-default\">XIII. IKF-Talentprogramm - Krisztina Szarvas<\/h2>\t\t\t\t<\/div>\n\t\t\t\t<\/div>\n\t\t\t\t<div class=\"elementor-element elementor-element-30e0bfe9 elementor-widget elementor-widget-gallery\" data-id=\"30e0bfe9\" data-element_type=\"widget\" data-settings=\"{&quot;columns&quot;:3,&quot;lazyload&quot;:&quot;yes&quot;,&quot;gallery_layout&quot;:&quot;grid&quot;,&quot;columns_tablet&quot;:2,&quot;columns_mobile&quot;:1,&quot;gap&quot;:{&quot;unit&quot;:&quot;px&quot;,&quot;size&quot;:10,&quot;sizes&quot;:[]},&quot;gap_tablet&quot;:{&quot;unit&quot;:&quot;px&quot;,&quot;size&quot;:10,&quot;sizes&quot;:[]},&quot;gap_mobile&quot;:{&quot;unit&quot;:&quot;px&quot;,&quot;size&quot;:10,&quot;sizes&quot;:[]},&quot;link_to&quot;:&quot;file&quot;,&quot;aspect_ratio&quot;:&quot;3:2&quot;,&quot;overlay_background&quot;:&quot;yes&quot;,&quot;content_hover_animation&quot;:&quot;fade-in&quot;}\" data-widget_type=\"gallery.default\">\n\t\t\t\t<div class=\"elementor-widget-container\">\n\t\t\t\t\t\t\t<div class=\"elementor-gallery__container\">\n\t\t\t\t\t\t\t<a class=\"e-gallery-item elementor-gallery-item elementor-animated-content\" href=\"https:\/\/cedthu.rwpstaging.site\/wp-content\/uploads\/2018\/03\/C83A6399-6715-4DB5-8D62-E8C78413076A-1.jpeg\" data-elementor-open-lightbox=\"yes\" data-elementor-lightbox-slideshow=\"30e0bfe9\" data-elementor-lightbox-title=\"C83A6399-6715-4DB5-8D62-E8C78413076A\" data-e-action-hash=\"#elementor-action%3Aaction%3Dlightbox%26settings%3DeyJpZCI6NDMwOSwidXJsIjoiaHR0cHM6XC9cL2NlZHRodS5yd3BzdGFnaW5nLnNpdGVcL3dwLWNvbnRlbnRcL3VwbG9hZHNcLzIwMThcLzAzXC9DODNBNjM5OS02NzE1LTREQjUtOEQ2Mi1FOEM3ODQxMzA3NkEtMS5qcGVnIiwic2xpZGVzaG93IjoiMzBlMGJmZTkifQ%3D%3D\">\n\t\t\t\t\t<div class=\"e-gallery-image elementor-gallery-item__image\" data-thumbnail=\"https:\/\/cedthu.rwpstaging.site\/wp-content\/uploads\/2018\/03\/C83A6399-6715-4DB5-8D62-E8C78413076A-1-206x300.jpeg\" data-width=\"206\" data-height=\"300\" aria-label=\"\" role=\"img\" ><\/div>\n\t\t\t\t\t\t\t\t\t\t\t<div class=\"elementor-gallery-item__overlay\"><\/div>\n\t\t\t\t\t\t\t\t\t\t\t\t\t\t<\/a>\n\t\t\t\t\t\t\t<a class=\"e-gallery-item elementor-gallery-item elementor-animated-content\" href=\"https:\/\/cedthu.rwpstaging.site\/wp-content\/uploads\/2018\/03\/eggy_003_DusaG\u00e1bor.jpg\" data-elementor-open-lightbox=\"yes\" data-elementor-lightbox-slideshow=\"30e0bfe9\" data-elementor-lightbox-title=\"eggy_003_DusaG\u00e1bor\" data-e-action-hash=\"#elementor-action%3Aaction%3Dlightbox%26settings%3DeyJpZCI6NTE4OSwidXJsIjoiaHR0cHM6XC9cL2NlZHRodS5yd3BzdGFnaW5nLnNpdGVcL3dwLWNvbnRlbnRcL3VwbG9hZHNcLzIwMThcLzAzXC9lZ2d5XzAwM19EdXNhR1x1MDBlMWJvci5qcGciLCJzbGlkZXNob3ciOiIzMGUwYmZlOSJ9\">\n\t\t\t\t\t<div class=\"e-gallery-image elementor-gallery-item__image\" data-thumbnail=\"https:\/\/cedthu.rwpstaging.site\/wp-content\/uploads\/2018\/03\/eggy_003_DusaG\u00e1bor-300x200.jpg\" data-width=\"300\" data-height=\"200\" aria-label=\"\" role=\"img\" ><\/div>\n\t\t\t\t\t\t\t\t\t\t\t<div class=\"elementor-gallery-item__overlay\"><\/div>\n\t\t\t\t\t\t\t\t\t\t\t\t\t\t<\/a>\n\t\t\t\t\t\t\t<a class=\"e-gallery-item elementor-gallery-item elementor-animated-content\" href=\"https:\/\/cedthu.rwpstaging.site\/wp-content\/uploads\/2018\/03\/eggy_056.jpg\" data-elementor-open-lightbox=\"yes\" data-elementor-lightbox-slideshow=\"30e0bfe9\" data-elementor-lightbox-title=\"eggy_056\" data-e-action-hash=\"#elementor-action%3Aaction%3Dlightbox%26settings%3DeyJpZCI6NTE5MSwidXJsIjoiaHR0cHM6XC9cL2NlZHRodS5yd3BzdGFnaW5nLnNpdGVcL3dwLWNvbnRlbnRcL3VwbG9hZHNcLzIwMThcLzAzXC9lZ2d5XzA1Ni5qcGciLCJzbGlkZXNob3ciOiIzMGUwYmZlOSJ9\">\n\t\t\t\t\t<div class=\"e-gallery-image elementor-gallery-item__image\" data-thumbnail=\"https:\/\/cedthu.rwpstaging.site\/wp-content\/uploads\/2018\/03\/eggy_056-300x200.jpg\" data-width=\"300\" data-height=\"200\" aria-label=\"\" role=\"img\" ><\/div>\n\t\t\t\t\t\t\t\t\t\t\t<div class=\"elementor-gallery-item__overlay\"><\/div>\n\t\t\t\t\t\t\t\t\t\t\t\t\t\t<\/a>\n\t\t\t\t\t<\/div>\n\t\t\t\t\t<\/div>\n\t\t\t\t<\/div>\n\t\t\t\t<div class=\"elementor-element elementor-element-7914546a elementor-widget elementor-widget-heading\" data-id=\"7914546a\" data-element_type=\"widget\" data-widget_type=\"heading.default\">\n\t\t\t\t<div class=\"elementor-widget-container\">\n\t\t\t\t\t<h2 class=\"elementor-heading-title elementor-size-default\">Verwandte Pressemitteilungen<\/h2>\t\t\t\t<\/div>\n\t\t\t\t<\/div>\n\t\t\t\t<div class=\"elementor-element elementor-element-c35a7d2 elementor-widget-divider--view-line elementor-widget elementor-widget-divider\" data-id=\"c35a7d2\" data-element_type=\"widget\" data-widget_type=\"divider.default\">\n\t\t\t\t<div class=\"elementor-widget-container\">\n\t\t\t\t\t\t\t<div class=\"elementor-divider\">\n\t\t\t<span class=\"elementor-divider-separator\">\n\t\t\t\t\t\t<\/span>\n\t\t<\/div>\n\t\t\t\t\t\t<\/div>\n\t\t\t\t<\/div>\n\t\t\t\t<div class=\"elementor-element elementor-element-2e270723 elementor-widget elementor-widget-text-editor\" data-id=\"2e270723\" data-element_type=\"widget\" data-widget_type=\"text-editor.default\">\n\t\t\t\t<div class=\"elementor-widget-container\">\n\t\t\t\t\t\t\t\t\t<div class=\"pressauthor\"><div class=\"pressauthor\"><div class=\"pressauthor\">MOM S\u00c1ROSI: <a href=\"http:\/\/tanckritika.hu\/kategoriak\/kritika\/1277-sarosi-emoke-droidok-es-farkasok\">DROIDEN UND W\u00d6LFE\u00a0 <\/a>(t\u00e1nckritika.hu) <span style=\"font-family: -apple-system, BlinkMacSystemFont, 'Segoe UI', Roboto, 'Helvetica Neue', Arial, 'Noto Sans', sans-serif, 'Apple Color Emoji', 'Segoe UI Emoji', 'Segoe UI Symbol', 'Noto Color Emoji';\">&#8211; 28\/04\/2018 <\/span><span style=\"font-family: -apple-system, BlinkMacSystemFont, 'Segoe UI', Roboto, 'Helvetica Neue', Arial, 'Noto Sans', sans-serif, 'Apple Color Emoji', 'Segoe UI Emoji', 'Segoe UI Symbol', 'Noto Color Emoji';\">Es macht Spa\u00df, die KETs zu beobachten. Sie sind sch\u00f6n, talentiert und nachdenklich. Ihre St\u00e4rke ist die k\u00fcnstlerische Freiheit der Synchronit\u00e4t von Geist und Auge.<\/span><\/div><\/div><\/div>\t\t\t\t\t\t\t\t<\/div>\n\t\t\t\t<\/div>\n\t\t\t\t\t<\/div>\n\t\t<\/div>\n\t\t\t\t\t<\/div>\n\t\t<\/section>\n\t\t\t\t<\/div>","protected":false},"excerpt":{"rendered":"<p>Eggyel t\u00f6bben! Mindannyiunk \u00e9let\u00e9ben megt\u00f6rt\u00e9nt m\u00e1r, hogy \u00fagy \u00e9rezt\u00fck, hogy az adott helyen \u00e9s id\u0151ben (p\u00e1rkapcsolat, szakmais\u00e1g, ment\u00e1lis s\u00edk) ebben a pillanatban ezen a helyen eggyel t\u00f6bben vagyunk. Pont csak eggyel t\u00f6bben, mint k\u00e9ne. Mindannyiunk \u00e9let\u00e9t befoly\u00e1solj\u00e1k a vil\u00e1g dolgai. Alkalmazkodik a zen\u00e9hez, amit sok\u00e1ig hall, megszereti azt a sz\u00ednt amit r\u00e1h\u00faznak, \u00e9s elfogadja azt [&hellip;]<\/p>","protected":false},"author":1,"featured_media":0,"parent":0,"menu_order":0,"comment_status":"closed","ping_status":"closed","template":"elementor_header_footer","meta":{"footnotes":""},"class_list":["post-18571","page","type-page","status-publish","hentry"],"yoast_head":"<!-- This site is optimized with the Yoast SEO plugin v26.0 - https:\/\/yoast.com\/wordpress\/plugins\/seo\/ -->\n<title>XIII. IKF Tehets\u00e9gprogram \u2014 Szarvas Krisztina - KET<\/title>\n<meta name=\"robots\" content=\"index, follow, max-snippet:-1, max-image-preview:large, max-video-preview:-1\" \/>\n<link rel=\"canonical\" href=\"https:\/\/cedthu.rwpstaging.site\/de\/xiii-ikf-tehetsegprogram-szarvas-krisztina\/\" \/>\n<meta name=\"twitter:card\" content=\"summary_large_image\" \/>\n<meta name=\"twitter:title\" content=\"XIII. IKF Tehets\u00e9gprogram \u2014 Szarvas Krisztina - KET\" \/>\n<meta name=\"twitter:description\" content=\"Eggyel t\u00f6bben! Mindannyiunk \u00e9let\u00e9ben megt\u00f6rt\u00e9nt m\u00e1r, hogy \u00fagy \u00e9rezt\u00fck, hogy az adott helyen \u00e9s id\u0151ben (p\u00e1rkapcsolat, szakmais\u00e1g, ment\u00e1lis s\u00edk) ebben a pillanatban ezen a helyen eggyel t\u00f6bben vagyunk. Pont csak eggyel t\u00f6bben, mint k\u00e9ne. Mindannyiunk \u00e9let\u00e9t befoly\u00e1solj\u00e1k a vil\u00e1g dolgai. Alkalmazkodik a zen\u00e9hez, amit sok\u00e1ig hall, megszereti azt a sz\u00ednt amit r\u00e1h\u00faznak, \u00e9s elfogadja azt [&hellip;]\" \/>\n<meta name=\"twitter:image\" content=\"https:\/\/cedthu.rwpstaging.site\/wp-content\/uploads\/2018\/03\/C83A6399-6715-4DB5-8D62-E8C78413076A-1.jpeg\" \/>\n<meta name=\"twitter:label1\" content=\"Gesch\u00e4tzte Lesezeit\" \/>\n\t<meta name=\"twitter:data1\" content=\"2\u00a0Minuten\" \/>\n<script type=\"application\/ld+json\" class=\"yoast-schema-graph\">{\"@context\":\"https:\/\/schema.org\",\"@graph\":[{\"@type\":\"WebPage\",\"@id\":\"https:\/\/cedthu.rwpstaging.site\/xiii-ikf-tehetsegprogram-szarvas-krisztina\/\",\"url\":\"https:\/\/cedthu.rwpstaging.site\/xiii-ikf-tehetsegprogram-szarvas-krisztina\/\",\"name\":\"XIII. IKF Tehets\u00e9gprogram \u2014 Szarvas Krisztina - KET\",\"isPartOf\":{\"@id\":\"https:\/\/cedthu.rwpstaging.site\/#website\"},\"primaryImageOfPage\":{\"@id\":\"https:\/\/cedthu.rwpstaging.site\/xiii-ikf-tehetsegprogram-szarvas-krisztina\/#primaryimage\"},\"image\":{\"@id\":\"https:\/\/cedthu.rwpstaging.site\/xiii-ikf-tehetsegprogram-szarvas-krisztina\/#primaryimage\"},\"thumbnailUrl\":\"https:\/\/cedthu.rwpstaging.site\/wp-content\/uploads\/2018\/03\/C83A6399-6715-4DB5-8D62-E8C78413076A-1.jpeg\",\"datePublished\":\"2025-05-15T17:16:41+00:00\",\"dateModified\":\"2025-05-15T17:18:53+00:00\",\"breadcrumb\":{\"@id\":\"https:\/\/cedthu.rwpstaging.site\/xiii-ikf-tehetsegprogram-szarvas-krisztina\/#breadcrumb\"},\"inLanguage\":\"de\",\"potentialAction\":[{\"@type\":\"ReadAction\",\"target\":[\"https:\/\/cedthu.rwpstaging.site\/xiii-ikf-tehetsegprogram-szarvas-krisztina\/\"]}]},{\"@type\":\"ImageObject\",\"inLanguage\":\"de\",\"@id\":\"https:\/\/cedthu.rwpstaging.site\/xiii-ikf-tehetsegprogram-szarvas-krisztina\/#primaryimage\",\"url\":\"https:\/\/cedthu.rwpstaging.site\/wp-content\/uploads\/2018\/03\/C83A6399-6715-4DB5-8D62-E8C78413076A-1.jpeg\",\"contentUrl\":\"https:\/\/cedthu.rwpstaging.site\/wp-content\/uploads\/2018\/03\/C83A6399-6715-4DB5-8D62-E8C78413076A-1.jpeg\"},{\"@type\":\"BreadcrumbList\",\"@id\":\"https:\/\/cedthu.rwpstaging.site\/xiii-ikf-tehetsegprogram-szarvas-krisztina\/#breadcrumb\",\"itemListElement\":[{\"@type\":\"ListItem\",\"position\":1,\"name\":\"Home\",\"item\":\"https:\/\/cedthu.rwpstaging.site\/\"},{\"@type\":\"ListItem\",\"position\":2,\"name\":\"XIII. IKF Tehets\u00e9gprogram \u2014 Szarvas Krisztina\"}]},{\"@type\":\"WebSite\",\"@id\":\"https:\/\/cedthu.rwpstaging.site\/#website\",\"url\":\"https:\/\/cedthu.rwpstaging.site\/\",\"name\":\"KET\",\"description\":\"K\u00f6z\u00e9p-Eur\u00f3pa T\u00e1ncsz\u00ednh\u00e1z\",\"publisher\":{\"@id\":\"https:\/\/cedthu.rwpstaging.site\/#organization\"},\"potentialAction\":[{\"@type\":\"SearchAction\",\"target\":{\"@type\":\"EntryPoint\",\"urlTemplate\":\"https:\/\/cedthu.rwpstaging.site\/?s={search_term_string}\"},\"query-input\":{\"@type\":\"PropertyValueSpecification\",\"valueRequired\":true,\"valueName\":\"search_term_string\"}}],\"inLanguage\":\"de\"},{\"@type\":\"Organization\",\"@id\":\"https:\/\/cedthu.rwpstaging.site\/#organization\",\"name\":\"KET\",\"url\":\"https:\/\/cedthu.rwpstaging.site\/\",\"logo\":{\"@type\":\"ImageObject\",\"inLanguage\":\"de\",\"@id\":\"https:\/\/cedthu.rwpstaging.site\/#\/schema\/logo\/image\/\",\"url\":\"https:\/\/cedthu.rwpstaging.site\/wp-content\/uploads\/2024\/03\/cropped-KET-NYomda-logo2.png\",\"contentUrl\":\"https:\/\/cedthu.rwpstaging.site\/wp-content\/uploads\/2024\/03\/cropped-KET-NYomda-logo2.png\",\"width\":300,\"height\":326,\"caption\":\"KET\"},\"image\":{\"@id\":\"https:\/\/cedthu.rwpstaging.site\/#\/schema\/logo\/image\/\"}}]}<\/script>\n<!-- \/ Yoast SEO plugin. -->","yoast_head_json":{"title":"XIII. IKF Tehets\u00e9gprogram \u2014 Szarvas Krisztina - KET","robots":{"index":"index","follow":"follow","max-snippet":"max-snippet:-1","max-image-preview":"max-image-preview:large","max-video-preview":"max-video-preview:-1"},"canonical":"https:\/\/cedthu.rwpstaging.site\/de\/xiii-ikf-tehetsegprogram-szarvas-krisztina\/","twitter_card":"summary_large_image","twitter_title":"XIII. IKF Tehets\u00e9gprogram \u2014 Szarvas Krisztina - KET","twitter_description":"Eggyel t\u00f6bben! Mindannyiunk \u00e9let\u00e9ben megt\u00f6rt\u00e9nt m\u00e1r, hogy \u00fagy \u00e9rezt\u00fck, hogy az adott helyen \u00e9s id\u0151ben (p\u00e1rkapcsolat, szakmais\u00e1g, ment\u00e1lis s\u00edk) ebben a pillanatban ezen a helyen eggyel t\u00f6bben vagyunk. Pont csak eggyel t\u00f6bben, mint k\u00e9ne. Mindannyiunk \u00e9let\u00e9t befoly\u00e1solj\u00e1k a vil\u00e1g dolgai. Alkalmazkodik a zen\u00e9hez, amit sok\u00e1ig hall, megszereti azt a sz\u00ednt amit r\u00e1h\u00faznak, \u00e9s elfogadja azt [&hellip;]","twitter_image":"https:\/\/cedthu.rwpstaging.site\/wp-content\/uploads\/2018\/03\/C83A6399-6715-4DB5-8D62-E8C78413076A-1.jpeg","twitter_misc":{"Gesch\u00e4tzte Lesezeit":"2\u00a0Minuten"},"schema":{"@context":"https:\/\/schema.org","@graph":[{"@type":"WebPage","@id":"https:\/\/cedthu.rwpstaging.site\/xiii-ikf-tehetsegprogram-szarvas-krisztina\/","url":"https:\/\/cedthu.rwpstaging.site\/xiii-ikf-tehetsegprogram-szarvas-krisztina\/","name":"XIII. IKF Tehets\u00e9gprogram \u2014 Szarvas Krisztina - KET","isPartOf":{"@id":"https:\/\/cedthu.rwpstaging.site\/#website"},"primaryImageOfPage":{"@id":"https:\/\/cedthu.rwpstaging.site\/xiii-ikf-tehetsegprogram-szarvas-krisztina\/#primaryimage"},"image":{"@id":"https:\/\/cedthu.rwpstaging.site\/xiii-ikf-tehetsegprogram-szarvas-krisztina\/#primaryimage"},"thumbnailUrl":"https:\/\/cedthu.rwpstaging.site\/wp-content\/uploads\/2018\/03\/C83A6399-6715-4DB5-8D62-E8C78413076A-1.jpeg","datePublished":"2025-05-15T17:16:41+00:00","dateModified":"2025-05-15T17:18:53+00:00","breadcrumb":{"@id":"https:\/\/cedthu.rwpstaging.site\/xiii-ikf-tehetsegprogram-szarvas-krisztina\/#breadcrumb"},"inLanguage":"de","potentialAction":[{"@type":"ReadAction","target":["https:\/\/cedthu.rwpstaging.site\/xiii-ikf-tehetsegprogram-szarvas-krisztina\/"]}]},{"@type":"ImageObject","inLanguage":"de","@id":"https:\/\/cedthu.rwpstaging.site\/xiii-ikf-tehetsegprogram-szarvas-krisztina\/#primaryimage","url":"https:\/\/cedthu.rwpstaging.site\/wp-content\/uploads\/2018\/03\/C83A6399-6715-4DB5-8D62-E8C78413076A-1.jpeg","contentUrl":"https:\/\/cedthu.rwpstaging.site\/wp-content\/uploads\/2018\/03\/C83A6399-6715-4DB5-8D62-E8C78413076A-1.jpeg"},{"@type":"BreadcrumbList","@id":"https:\/\/cedthu.rwpstaging.site\/xiii-ikf-tehetsegprogram-szarvas-krisztina\/#breadcrumb","itemListElement":[{"@type":"ListItem","position":1,"name":"Home","item":"https:\/\/cedthu.rwpstaging.site\/"},{"@type":"ListItem","position":2,"name":"XIII. IKF Tehets\u00e9gprogram \u2014 Szarvas Krisztina"}]},{"@type":"WebSite","@id":"https:\/\/cedthu.rwpstaging.site\/#website","url":"https:\/\/cedthu.rwpstaging.site\/","name":"KET","description":"Tanztheater Mitteleuropa","publisher":{"@id":"https:\/\/cedthu.rwpstaging.site\/#organization"},"potentialAction":[{"@type":"SearchAction","target":{"@type":"EntryPoint","urlTemplate":"https:\/\/cedthu.rwpstaging.site\/?s={search_term_string}"},"query-input":{"@type":"PropertyValueSpecification","valueRequired":true,"valueName":"search_term_string"}}],"inLanguage":"de"},{"@type":"Organization","@id":"https:\/\/cedthu.rwpstaging.site\/#organization","name":"KET","url":"https:\/\/cedthu.rwpstaging.site\/","logo":{"@type":"ImageObject","inLanguage":"de","@id":"https:\/\/cedthu.rwpstaging.site\/#\/schema\/logo\/image\/","url":"https:\/\/cedthu.rwpstaging.site\/wp-content\/uploads\/2024\/03\/cropped-KET-NYomda-logo2.png","contentUrl":"https:\/\/cedthu.rwpstaging.site\/wp-content\/uploads\/2024\/03\/cropped-KET-NYomda-logo2.png","width":300,"height":326,"caption":"KET"},"image":{"@id":"https:\/\/cedthu.rwpstaging.site\/#\/schema\/logo\/image\/"}}]}},"_links":{"self":[{"href":"https:\/\/cedthu.rwpstaging.site\/de\/wp-json\/wp\/v2\/pages\/18571","targetHints":{"allow":["GET"]}}],"collection":[{"href":"https:\/\/cedthu.rwpstaging.site\/de\/wp-json\/wp\/v2\/pages"}],"about":[{"href":"https:\/\/cedthu.rwpstaging.site\/de\/wp-json\/wp\/v2\/types\/page"}],"author":[{"embeddable":true,"href":"https:\/\/cedthu.rwpstaging.site\/de\/wp-json\/wp\/v2\/users\/1"}],"replies":[{"embeddable":true,"href":"https:\/\/cedthu.rwpstaging.site\/de\/wp-json\/wp\/v2\/comments?post=18571"}],"version-history":[{"count":5,"href":"https:\/\/cedthu.rwpstaging.site\/de\/wp-json\/wp\/v2\/pages\/18571\/revisions"}],"predecessor-version":[{"id":18599,"href":"https:\/\/cedthu.rwpstaging.site\/de\/wp-json\/wp\/v2\/pages\/18571\/revisions\/18599"}],"wp:attachment":[{"href":"https:\/\/cedthu.rwpstaging.site\/de\/wp-json\/wp\/v2\/media?parent=18571"}],"curies":[{"name":"wp","href":"https:\/\/api.w.org\/{rel}","templated":true}]}}