{"id":18822,"date":"2025-05-15T17:42:18","date_gmt":"2025-05-15T17:42:18","guid":{"rendered":"https:\/\/cedthu.rwpstaging.site\/?page_id=18822"},"modified":"2025-05-15T17:44:26","modified_gmt":"2025-05-15T17:44:26","slug":"v-ikf-tehetsegprogram-ujszaszi-dorottya","status":"publish","type":"page","link":"https:\/\/cedthu.rwpstaging.site\/de\/v-ikf-tehetsegprogram-ujszaszi-dorottya\/","title":{"rendered":"V. IKF-Talentprogramm - UJSZ\u00c1SZI DOROTTYA"},"content":{"rendered":"<div data-elementor-type=\"wp-page\" data-elementor-id=\"18822\" class=\"elementor elementor-18822\" data-elementor-post-type=\"page\">\n\t\t\t\t\t\t<section class=\"elementor-section elementor-top-section elementor-element elementor-element-bcc1e3f elementor-section-boxed elementor-section-height-default elementor-section-height-default\" data-id=\"bcc1e3f\" data-element_type=\"section\" data-settings=\"{&quot;background_background&quot;:&quot;classic&quot;}\">\n\t\t\t\t\t\t<div class=\"elementor-container elementor-column-gap-default\">\n\t\t\t\t\t<div class=\"elementor-column elementor-col-100 elementor-top-column elementor-element elementor-element-ae0cdbc\" data-id=\"ae0cdbc\" data-element_type=\"column\">\n\t\t\t<div class=\"elementor-widget-wrap elementor-element-populated\">\n\t\t\t\t\t\t<div class=\"elementor-element elementor-element-492739ff elementor-widget elementor-widget-image\" data-id=\"492739ff\" data-element_type=\"widget\" data-widget_type=\"image.default\">\n\t\t\t\t<div class=\"elementor-widget-container\">\n\t\t\t\t\t\t\t\t\t\t\t\t\t\t\t<img fetchpriority=\"high\" decoding=\"async\" width=\"500\" height=\"400\" src=\"https:\/\/cedthu.rwpstaging.site\/wp-content\/uploads\/2020\/05\/\u00dajsz\u00e1szi-Dorottya-500x400.jpg\" class=\"attachment-full size-full wp-image-6833\" alt=\"\" srcset=\"https:\/\/cedthu.rwpstaging.site\/wp-content\/uploads\/2020\/05\/\u00dajsz\u00e1szi-Dorottya-500x400.jpg 500w, https:\/\/cedthu.rwpstaging.site\/wp-content\/uploads\/2020\/05\/\u00dajsz\u00e1szi-Dorottya-500x400-300x240.jpg 300w, https:\/\/cedthu.rwpstaging.site\/wp-content\/uploads\/2020\/05\/\u00dajsz\u00e1szi-Dorottya-500x400-400x320.jpg 400w, https:\/\/cedthu.rwpstaging.site\/wp-content\/uploads\/2020\/05\/\u00dajsz\u00e1szi-Dorottya-500x400-20x16.jpg 20w\" sizes=\"(max-width: 500px) 100vw, 500px\" \/>\t\t\t\t\t\t\t\t\t\t\t\t\t\t\t<\/div>\n\t\t\t\t<\/div>\n\t\t\t\t<div class=\"elementor-element elementor-element-1a9ae3f9 elementor-widget elementor-widget-text-editor\" data-id=\"1a9ae3f9\" data-element_type=\"widget\" data-widget_type=\"text-editor.default\">\n\t\t\t\t<div class=\"elementor-widget-container\">\n\t\t\t\t\t\t\t\t\t<div class=\"x11i5rnm xat24cr x1mh8g0r x1vvkbs xtlvy1s\"><div class=\"show-description\"><p>Dorottya Ujsz\u00e1szi schloss ihr Studium an der Gy\u0151r School of Dance and Fine Arts mit dem Professional N\u00edv\u00f3 Award ab. Sie trat in modernen Abenden des Budapester Tanztheaters, PR-Evolution, Inverse Dance, Badora Company und des Ungarischen Nationalballetts auf. Sie ist Jardin d'Europe und mehrfache Empf\u00e4ngerin des F\u00fcl\u00f6p-Viktor-Stipendiums. Im Ausland tanzte sie mit Hubert Essakow Dance (UK), Quan Bui Ngoch, - T\u00e4nzer bei Les Ballet C de la B - '3art3 Company' (CH). Er ist ein f\u00fchrender Turniert\u00e4nzer in der Rangliste und hat sich seit 2011 mit Leon Rose (UK\/FR) zu einer wichtigen Figur in der internationalen Salsa-Szene entwickelt. Seit 2010 arbeitet er an der Erforschung und Entwicklung von CONSLA, einem Genre aus zeitgen\u00f6ssischem Tanz, Kontaktimprovisation und Salsa.<\/p><p>Dorottya Ujsz\u00e1szi ist die Begr\u00fcnderin eines neuen Tanzstils, consla, der Elemente des Salsa, des zeitgen\u00f6ssischen Tanzes und des Kontakttanzes verbindet und den sie nun mit einer professionellen Kompanie weiterentwickelt.<\/p><p><br \/>Unterst\u00fctzt durch das Imre-Zolt\u00e1n-Programm des Nationalen Kulturfonds.<\/p><\/div><\/div>\t\t\t\t\t\t\t\t<\/div>\n\t\t\t\t<\/div>\n\t\t\t\t<div class=\"elementor-element elementor-element-51915cec elementor-widget elementor-widget-heading\" data-id=\"51915cec\" data-element_type=\"widget\" data-widget_type=\"heading.default\">\n\t\t\t\t<div class=\"elementor-widget-container\">\n\t\t\t\t\t<h2 class=\"elementor-heading-title elementor-size-default\">Sch\u00f6pfer<\/h2>\t\t\t\t<\/div>\n\t\t\t\t<\/div>\n\t\t\t\t<div class=\"elementor-element elementor-element-7df99662 elementor-widget-divider--view-line elementor-widget elementor-widget-divider\" data-id=\"7df99662\" data-element_type=\"widget\" data-widget_type=\"divider.default\">\n\t\t\t\t<div class=\"elementor-widget-container\">\n\t\t\t\t\t\t\t<div class=\"elementor-divider\">\n\t\t\t<span class=\"elementor-divider-separator\">\n\t\t\t\t\t\t<\/span>\n\t\t<\/div>\n\t\t\t\t\t\t<\/div>\n\t\t\t\t<\/div>\n\t\t\t\t<div class=\"elementor-element elementor-element-5164c06a elementor-widget elementor-widget-text-editor\" data-id=\"5164c06a\" data-element_type=\"widget\" data-widget_type=\"text-editor.default\">\n\t\t\t\t<div class=\"elementor-widget-container\">\n\t\t\t\t\t\t\t\t\t<div class=\"show-actors\"><div id=\"nested-actors\"><div class=\"show-actors\"><div id=\"nested-actors\"><div><h3>Choreograph<\/h3><ul><li>Dorottya Ujsz\u00e1szi<\/li><\/ul><\/div><div><h3>Licht<\/h3><ul><li>Zolt\u00e1n Fogarasi<\/li><\/ul><\/div><div><h3>Berater<\/h3><ul><li>Als Attila<\/li><\/ul><\/div><div><h3>Vortragende<\/h3><ul><li>Mariann Hargitai<\/li><li>Adrienn Horv\u00e1th<\/li><li>Zsanett Jakab<\/li><li>N\u00f3ra Palcs\u00f3<\/li><li>G\u00e1bor Ivanov<\/li><li>P\u00e9ter Kov\u00e1cs<\/li><li>L\u00e1szl\u00f3 M\u00e1di<\/li><li>\u00c1d\u00e1m Frigy<\/li><\/ul><\/div><\/div><\/div><\/div><\/div>\t\t\t\t\t\t\t\t<\/div>\n\t\t\t\t<\/div>\n\t\t\t\t<div class=\"elementor-element elementor-element-532f0715 elementor-widget elementor-widget-heading\" data-id=\"532f0715\" data-element_type=\"widget\" data-widget_type=\"heading.default\">\n\t\t\t\t<div class=\"elementor-widget-container\">\n\t\t\t\t\t<h2 class=\"elementor-heading-title elementor-size-default\">L\u00c9PCS\u0150 - Mitteleurop\u00e4isches Tanztheater\n<\/h2>\t\t\t\t<\/div>\n\t\t\t\t<\/div>\n\t\t\t\t<div class=\"elementor-element elementor-element-6557c66e elementor-widget elementor-widget-gallery\" data-id=\"6557c66e\" data-element_type=\"widget\" data-settings=\"{&quot;columns&quot;:3,&quot;lazyload&quot;:&quot;yes&quot;,&quot;gallery_layout&quot;:&quot;grid&quot;,&quot;columns_tablet&quot;:2,&quot;columns_mobile&quot;:1,&quot;gap&quot;:{&quot;unit&quot;:&quot;px&quot;,&quot;size&quot;:10,&quot;sizes&quot;:[]},&quot;gap_tablet&quot;:{&quot;unit&quot;:&quot;px&quot;,&quot;size&quot;:10,&quot;sizes&quot;:[]},&quot;gap_mobile&quot;:{&quot;unit&quot;:&quot;px&quot;,&quot;size&quot;:10,&quot;sizes&quot;:[]},&quot;link_to&quot;:&quot;file&quot;,&quot;aspect_ratio&quot;:&quot;3:2&quot;,&quot;overlay_background&quot;:&quot;yes&quot;,&quot;content_hover_animation&quot;:&quot;fade-in&quot;}\" data-widget_type=\"gallery.default\">\n\t\t\t\t<div class=\"elementor-widget-container\">\n\t\t\t\t\t\t\t<div class=\"elementor-gallery__container\">\n\t\t\t\t\t\t\t<a class=\"e-gallery-item elementor-gallery-item elementor-animated-content\" href=\"https:\/\/cedthu.rwpstaging.site\/wp-content\/uploads\/2017\/02\/bg_62.jpg\" data-elementor-open-lightbox=\"yes\" data-elementor-lightbox-slideshow=\"6557c66e\" data-elementor-lightbox-title=\"One soul two bodies\" data-e-action-hash=\"#elementor-action%3Aaction%3Dlightbox%26settings%3DeyJpZCI6MTg1MywidXJsIjoiaHR0cHM6XC9cL2NlZHRodS5yd3BzdGFnaW5nLnNpdGVcL3dwLWNvbnRlbnRcL3VwbG9hZHNcLzIwMTdcLzAyXC9iZ182Mi5qcGciLCJzbGlkZXNob3ciOiI2NTU3YzY2ZSJ9\">\n\t\t\t\t\t<div class=\"e-gallery-image elementor-gallery-item__image\" data-thumbnail=\"https:\/\/cedthu.rwpstaging.site\/wp-content\/uploads\/2017\/02\/bg_62-300x200.jpg\" data-width=\"300\" data-height=\"200\" aria-label=\"\" role=\"img\" ><\/div>\n\t\t\t\t\t\t\t\t\t\t\t<div class=\"elementor-gallery-item__overlay\"><\/div>\n\t\t\t\t\t\t\t\t\t\t\t\t\t\t<\/a>\n\t\t\t\t\t\t\t<a class=\"e-gallery-item elementor-gallery-item elementor-animated-content\" href=\"https:\/\/cedthu.rwpstaging.site\/wp-content\/uploads\/2017\/02\/pic_62.jpg\" data-elementor-open-lightbox=\"yes\" data-elementor-lightbox-slideshow=\"6557c66e\" data-elementor-lightbox-title=\"pic_62\" data-e-action-hash=\"#elementor-action%3Aaction%3Dlightbox%26settings%3DeyJpZCI6MTg1NCwidXJsIjoiaHR0cHM6XC9cL2NlZHRodS5yd3BzdGFnaW5nLnNpdGVcL3dwLWNvbnRlbnRcL3VwbG9hZHNcLzIwMTdcLzAyXC9waWNfNjIuanBnIiwic2xpZGVzaG93IjoiNjU1N2M2NmUifQ%3D%3D\">\n\t\t\t\t\t<div class=\"e-gallery-image elementor-gallery-item__image\" data-thumbnail=\"https:\/\/cedthu.rwpstaging.site\/wp-content\/uploads\/2017\/02\/pic_62-202x300.jpg\" data-width=\"202\" data-height=\"300\" aria-label=\"\" role=\"img\" ><\/div>\n\t\t\t\t\t\t\t\t\t\t\t<div class=\"elementor-gallery-item__overlay\"><\/div>\n\t\t\t\t\t\t\t\t\t\t\t\t\t\t<\/a>\n\t\t\t\t\t\t\t<a class=\"e-gallery-item elementor-gallery-item elementor-animated-content\" href=\"https:\/\/cedthu.rwpstaging.site\/wp-content\/uploads\/2017\/02\/foto_999.jpg\" data-elementor-open-lightbox=\"yes\" data-elementor-lightbox-slideshow=\"6557c66e\" data-elementor-lightbox-title=\"foto_999\" data-elementor-lightbox-description=\"Dusa G\u00e1bor \/ Dusa G\u00e1bor\" data-e-action-hash=\"#elementor-action%3Aaction%3Dlightbox%26settings%3DeyJpZCI6MTg1NSwidXJsIjoiaHR0cHM6XC9cL2NlZHRodS5yd3BzdGFnaW5nLnNpdGVcL3dwLWNvbnRlbnRcL3VwbG9hZHNcLzIwMTdcLzAyXC9mb3RvXzk5OS5qcGciLCJzbGlkZXNob3ciOiI2NTU3YzY2ZSJ9\">\n\t\t\t\t\t<div class=\"e-gallery-image elementor-gallery-item__image\" data-thumbnail=\"https:\/\/cedthu.rwpstaging.site\/wp-content\/uploads\/2017\/02\/foto_999-300x200.jpg\" data-width=\"300\" data-height=\"200\" aria-label=\"\" role=\"img\" ><\/div>\n\t\t\t\t\t\t\t\t\t\t\t<div class=\"elementor-gallery-item__overlay\"><\/div>\n\t\t\t\t\t\t\t\t\t\t\t\t\t\t<\/a>\n\t\t\t\t\t<\/div>\n\t\t\t\t\t<\/div>\n\t\t\t\t<\/div>\n\t\t\t\t<div class=\"elementor-element elementor-element-417c8f65 elementor-widget elementor-widget-heading\" data-id=\"417c8f65\" data-element_type=\"widget\" data-widget_type=\"heading.default\">\n\t\t\t\t<div class=\"elementor-widget-container\">\n\t\t\t\t\t<h2 class=\"elementor-heading-title elementor-size-default\">Verwandte Pressemitteilungen<\/h2>\t\t\t\t<\/div>\n\t\t\t\t<\/div>\n\t\t\t\t<div class=\"elementor-element elementor-element-3af4835a elementor-widget-divider--view-line elementor-widget elementor-widget-divider\" data-id=\"3af4835a\" data-element_type=\"widget\" data-widget_type=\"divider.default\">\n\t\t\t\t<div class=\"elementor-widget-container\">\n\t\t\t\t\t\t\t<div class=\"elementor-divider\">\n\t\t\t<span class=\"elementor-divider-separator\">\n\t\t\t\t\t\t<\/span>\n\t\t<\/div>\n\t\t\t\t\t\t<\/div>\n\t\t\t\t<\/div>\n\t\t\t\t<div class=\"elementor-element elementor-element-3180fad5 elementor-widget elementor-widget-text-editor\" data-id=\"3180fad5\" data-element_type=\"widget\" data-widget_type=\"text-editor.default\">\n\t\t\t\t<div class=\"elementor-widget-container\">\n\t\t\t\t\t\t\t\t\t<div class=\"pressauthor\"><div class=\"pressauthor\"><div class=\"pressauthor\">Csaba Kutszegi:\u00a0<a href=\"http:\/\/www.tanckritika.hu\/index.php?option=com_content&amp;view=article&amp;id=659:kutszegi-csaba-a-fuegges-fazisaban&amp;catid=5:jegyzet&amp;Itemid=4\">In der Suchtphase\u00a0 <\/a>(t\u00e1nckritika.hu) <span style=\"font-family: -apple-system, BlinkMacSystemFont, 'Segoe UI', Roboto, 'Helvetica Neue', Arial, 'Noto Sans', sans-serif, 'Apple Color Emoji', 'Segoe UI Emoji', 'Segoe UI Symbol', 'Noto Color Emoji';\">&#8211; 03\/10\/2014 <\/span><span style=\"font-family: -apple-system, BlinkMacSystemFont, 'Segoe UI', Roboto, 'Helvetica Neue', Arial, 'Noto Sans', sans-serif, 'Apple Color Emoji', 'Segoe UI Emoji', 'Segoe UI Symbol', 'Noto Color Emoji';\">\"Es ist egal, wer was mit was kreuzt, wichtig ist, dass er zu choreografieren versteht und eine Meinung \u00fcber die Welt hat, die es wert ist, mitgeteilt zu werden (ich wage nicht, diese altmodischen Begriffe \"Botschaft\" zu verwenden). Er kann in r\u00e4umlichen Formen denken, mit Solo- und Gruppenszenen operieren, souver\u00e4n in Stimmung und Bewegung kontrapunktieren und gekonnt mit (oder besser auf) den K\u00f6rpern der T\u00e4nzer spielen: Er dekoriert, bereichert und narrt spektakul\u00e4r die disziplinierten Basics des Gesellschaftstanzes mit Elementen und Gesten des zeitgen\u00f6ssischen Tanzes frei von jeglichen Zw\u00e4ngen. Letzterer wird sogar bespielt: Sinnvoller, beseelter Tanz wird gezeigt, wenn und wo der T\u00e4nzer (aus Professionalit\u00e4t oder Vergn\u00fcgen) aus den vorgeschriebenen Tanzregeln ausbrechen und sie gleichzeitig einhalten will. Denn die Seele will sich erheben, und der K\u00f6rper hat seine Grenzen - vielleicht ist das der Sinn allen Tanzes (und des Lebens, aber wir wollen nicht philosophisch werden...).\"<\/span><\/div><\/div><\/div>\t\t\t\t\t\t\t\t<\/div>\n\t\t\t\t<\/div>\n\t\t\t\t\t<\/div>\n\t\t<\/div>\n\t\t\t\t\t<\/div>\n\t\t<\/section>\n\t\t\t\t<\/div>","protected":false},"excerpt":{"rendered":"<p>Ujsz\u00e1szi Dorottya a Gy\u0151ri T\u00e1nc- \u00e9s K\u00e9pz\u0151m\u0171v\u00e9szeti Iskol\u00e1j\u00e1t szakmai N\u00edv\u00f3-d\u00edjjal v\u00e9gzi. Budapest T\u00e1ncsz\u00ednh\u00e1z, PR-Evolution, Inverse Dance, Badora T\u00e1rsulat, \u00e9s a Magyar Nemzeti Balett modern estjeiben szerepel. Jardin d\u2019Europe \u00e9s t\u00f6bbsz\u00f6r\u00f6s F\u00fcl\u00f6p-Viktor \u00f6szt\u00f6nd\u00edjas. K\u00fclf\u00f6ld\u00f6n Hubert Essakow Dance (UK), Quan Bui Ngoch, \u2013 Les Ballet C de la B t\u00e1ncos\u00e1nak \u2013 \u20183art3 Company\u2019 (CH) darabjaiban t\u00e1ncol. Ranglista [&hellip;]<\/p>","protected":false},"author":1,"featured_media":0,"parent":0,"menu_order":0,"comment_status":"closed","ping_status":"closed","template":"elementor_header_footer","meta":{"footnotes":""},"class_list":["post-18822","page","type-page","status-publish","hentry"],"yoast_head":"<!-- This site is optimized with the Yoast SEO plugin v26.0 - https:\/\/yoast.com\/wordpress\/plugins\/seo\/ -->\n<title>V. IKF Tehets\u00e9gprogram \u2013 UJSZ\u00c1SZI DOROTTYA - KET<\/title>\n<meta name=\"robots\" content=\"index, follow, max-snippet:-1, max-image-preview:large, max-video-preview:-1\" \/>\n<link rel=\"canonical\" href=\"https:\/\/cedthu.rwpstaging.site\/de\/v-ikf-tehetsegprogram-ujszaszi-dorottya\/\" \/>\n<meta name=\"twitter:card\" content=\"summary_large_image\" \/>\n<meta name=\"twitter:title\" content=\"V. IKF Tehets\u00e9gprogram \u2013 UJSZ\u00c1SZI DOROTTYA - KET\" \/>\n<meta name=\"twitter:description\" content=\"Ujsz\u00e1szi Dorottya a Gy\u0151ri T\u00e1nc- \u00e9s K\u00e9pz\u0151m\u0171v\u00e9szeti Iskol\u00e1j\u00e1t szakmai N\u00edv\u00f3-d\u00edjjal v\u00e9gzi. Budapest T\u00e1ncsz\u00ednh\u00e1z, PR-Evolution, Inverse Dance, Badora T\u00e1rsulat, \u00e9s a Magyar Nemzeti Balett modern estjeiben szerepel. Jardin d\u2019Europe \u00e9s t\u00f6bbsz\u00f6r\u00f6s F\u00fcl\u00f6p-Viktor \u00f6szt\u00f6nd\u00edjas. K\u00fclf\u00f6ld\u00f6n Hubert Essakow Dance (UK), Quan Bui Ngoch, \u2013 Les Ballet C de la B t\u00e1ncos\u00e1nak \u2013 \u20183art3 Company\u2019 (CH) darabjaiban t\u00e1ncol. Ranglista [&hellip;]\" \/>\n<meta name=\"twitter:label1\" content=\"Gesch\u00e4tzte Lesezeit\" \/>\n\t<meta name=\"twitter:data1\" content=\"2\u00a0Minuten\" \/>\n<script type=\"application\/ld+json\" class=\"yoast-schema-graph\">{\"@context\":\"https:\/\/schema.org\",\"@graph\":[{\"@type\":\"WebPage\",\"@id\":\"https:\/\/cedthu.rwpstaging.site\/v-ikf-tehetsegprogram-ujszaszi-dorottya\/\",\"url\":\"https:\/\/cedthu.rwpstaging.site\/v-ikf-tehetsegprogram-ujszaszi-dorottya\/\",\"name\":\"V. IKF Tehets\u00e9gprogram \u2013 UJSZ\u00c1SZI DOROTTYA - KET\",\"isPartOf\":{\"@id\":\"https:\/\/cedthu.rwpstaging.site\/#website\"},\"datePublished\":\"2025-05-15T17:42:18+00:00\",\"dateModified\":\"2025-05-15T17:44:26+00:00\",\"breadcrumb\":{\"@id\":\"https:\/\/cedthu.rwpstaging.site\/v-ikf-tehetsegprogram-ujszaszi-dorottya\/#breadcrumb\"},\"inLanguage\":\"de\",\"potentialAction\":[{\"@type\":\"ReadAction\",\"target\":[\"https:\/\/cedthu.rwpstaging.site\/v-ikf-tehetsegprogram-ujszaszi-dorottya\/\"]}]},{\"@type\":\"BreadcrumbList\",\"@id\":\"https:\/\/cedthu.rwpstaging.site\/v-ikf-tehetsegprogram-ujszaszi-dorottya\/#breadcrumb\",\"itemListElement\":[{\"@type\":\"ListItem\",\"position\":1,\"name\":\"Home\",\"item\":\"https:\/\/cedthu.rwpstaging.site\/\"},{\"@type\":\"ListItem\",\"position\":2,\"name\":\"V. IKF Tehets\u00e9gprogram \u2013 UJSZ\u00c1SZI DOROTTYA\"}]},{\"@type\":\"WebSite\",\"@id\":\"https:\/\/cedthu.rwpstaging.site\/#website\",\"url\":\"https:\/\/cedthu.rwpstaging.site\/\",\"name\":\"KET\",\"description\":\"K\u00f6z\u00e9p-Eur\u00f3pa T\u00e1ncsz\u00ednh\u00e1z\",\"publisher\":{\"@id\":\"https:\/\/cedthu.rwpstaging.site\/#organization\"},\"potentialAction\":[{\"@type\":\"SearchAction\",\"target\":{\"@type\":\"EntryPoint\",\"urlTemplate\":\"https:\/\/cedthu.rwpstaging.site\/?s={search_term_string}\"},\"query-input\":{\"@type\":\"PropertyValueSpecification\",\"valueRequired\":true,\"valueName\":\"search_term_string\"}}],\"inLanguage\":\"de\"},{\"@type\":\"Organization\",\"@id\":\"https:\/\/cedthu.rwpstaging.site\/#organization\",\"name\":\"KET\",\"url\":\"https:\/\/cedthu.rwpstaging.site\/\",\"logo\":{\"@type\":\"ImageObject\",\"inLanguage\":\"de\",\"@id\":\"https:\/\/cedthu.rwpstaging.site\/#\/schema\/logo\/image\/\",\"url\":\"https:\/\/cedthu.rwpstaging.site\/wp-content\/uploads\/2024\/03\/cropped-KET-NYomda-logo2.png\",\"contentUrl\":\"https:\/\/cedthu.rwpstaging.site\/wp-content\/uploads\/2024\/03\/cropped-KET-NYomda-logo2.png\",\"width\":300,\"height\":326,\"caption\":\"KET\"},\"image\":{\"@id\":\"https:\/\/cedthu.rwpstaging.site\/#\/schema\/logo\/image\/\"}}]}<\/script>\n<!-- \/ Yoast SEO plugin. -->","yoast_head_json":{"title":"V. IKF Tehets\u00e9gprogram \u2013 UJSZ\u00c1SZI DOROTTYA - KET","robots":{"index":"index","follow":"follow","max-snippet":"max-snippet:-1","max-image-preview":"max-image-preview:large","max-video-preview":"max-video-preview:-1"},"canonical":"https:\/\/cedthu.rwpstaging.site\/de\/v-ikf-tehetsegprogram-ujszaszi-dorottya\/","twitter_card":"summary_large_image","twitter_title":"V. IKF Tehets\u00e9gprogram \u2013 UJSZ\u00c1SZI DOROTTYA - KET","twitter_description":"Ujsz\u00e1szi Dorottya a Gy\u0151ri T\u00e1nc- \u00e9s K\u00e9pz\u0151m\u0171v\u00e9szeti Iskol\u00e1j\u00e1t szakmai N\u00edv\u00f3-d\u00edjjal v\u00e9gzi. Budapest T\u00e1ncsz\u00ednh\u00e1z, PR-Evolution, Inverse Dance, Badora T\u00e1rsulat, \u00e9s a Magyar Nemzeti Balett modern estjeiben szerepel. Jardin d\u2019Europe \u00e9s t\u00f6bbsz\u00f6r\u00f6s F\u00fcl\u00f6p-Viktor \u00f6szt\u00f6nd\u00edjas. K\u00fclf\u00f6ld\u00f6n Hubert Essakow Dance (UK), Quan Bui Ngoch, \u2013 Les Ballet C de la B t\u00e1ncos\u00e1nak \u2013 \u20183art3 Company\u2019 (CH) darabjaiban t\u00e1ncol. Ranglista [&hellip;]","twitter_misc":{"Gesch\u00e4tzte Lesezeit":"2\u00a0Minuten"},"schema":{"@context":"https:\/\/schema.org","@graph":[{"@type":"WebPage","@id":"https:\/\/cedthu.rwpstaging.site\/v-ikf-tehetsegprogram-ujszaszi-dorottya\/","url":"https:\/\/cedthu.rwpstaging.site\/v-ikf-tehetsegprogram-ujszaszi-dorottya\/","name":"V. IKF Tehets\u00e9gprogram \u2013 UJSZ\u00c1SZI DOROTTYA - KET","isPartOf":{"@id":"https:\/\/cedthu.rwpstaging.site\/#website"},"datePublished":"2025-05-15T17:42:18+00:00","dateModified":"2025-05-15T17:44:26+00:00","breadcrumb":{"@id":"https:\/\/cedthu.rwpstaging.site\/v-ikf-tehetsegprogram-ujszaszi-dorottya\/#breadcrumb"},"inLanguage":"de","potentialAction":[{"@type":"ReadAction","target":["https:\/\/cedthu.rwpstaging.site\/v-ikf-tehetsegprogram-ujszaszi-dorottya\/"]}]},{"@type":"BreadcrumbList","@id":"https:\/\/cedthu.rwpstaging.site\/v-ikf-tehetsegprogram-ujszaszi-dorottya\/#breadcrumb","itemListElement":[{"@type":"ListItem","position":1,"name":"Home","item":"https:\/\/cedthu.rwpstaging.site\/"},{"@type":"ListItem","position":2,"name":"V. IKF Tehets\u00e9gprogram \u2013 UJSZ\u00c1SZI DOROTTYA"}]},{"@type":"WebSite","@id":"https:\/\/cedthu.rwpstaging.site\/#website","url":"https:\/\/cedthu.rwpstaging.site\/","name":"KET","description":"Tanztheater Mitteleuropa","publisher":{"@id":"https:\/\/cedthu.rwpstaging.site\/#organization"},"potentialAction":[{"@type":"SearchAction","target":{"@type":"EntryPoint","urlTemplate":"https:\/\/cedthu.rwpstaging.site\/?s={search_term_string}"},"query-input":{"@type":"PropertyValueSpecification","valueRequired":true,"valueName":"search_term_string"}}],"inLanguage":"de"},{"@type":"Organization","@id":"https:\/\/cedthu.rwpstaging.site\/#organization","name":"KET","url":"https:\/\/cedthu.rwpstaging.site\/","logo":{"@type":"ImageObject","inLanguage":"de","@id":"https:\/\/cedthu.rwpstaging.site\/#\/schema\/logo\/image\/","url":"https:\/\/cedthu.rwpstaging.site\/wp-content\/uploads\/2024\/03\/cropped-KET-NYomda-logo2.png","contentUrl":"https:\/\/cedthu.rwpstaging.site\/wp-content\/uploads\/2024\/03\/cropped-KET-NYomda-logo2.png","width":300,"height":326,"caption":"KET"},"image":{"@id":"https:\/\/cedthu.rwpstaging.site\/#\/schema\/logo\/image\/"}}]}},"_links":{"self":[{"href":"https:\/\/cedthu.rwpstaging.site\/de\/wp-json\/wp\/v2\/pages\/18822","targetHints":{"allow":["GET"]}}],"collection":[{"href":"https:\/\/cedthu.rwpstaging.site\/de\/wp-json\/wp\/v2\/pages"}],"about":[{"href":"https:\/\/cedthu.rwpstaging.site\/de\/wp-json\/wp\/v2\/types\/page"}],"author":[{"embeddable":true,"href":"https:\/\/cedthu.rwpstaging.site\/de\/wp-json\/wp\/v2\/users\/1"}],"replies":[{"embeddable":true,"href":"https:\/\/cedthu.rwpstaging.site\/de\/wp-json\/wp\/v2\/comments?post=18822"}],"version-history":[{"count":5,"href":"https:\/\/cedthu.rwpstaging.site\/de\/wp-json\/wp\/v2\/pages\/18822\/revisions"}],"predecessor-version":[{"id":18849,"href":"https:\/\/cedthu.rwpstaging.site\/de\/wp-json\/wp\/v2\/pages\/18822\/revisions\/18849"}],"wp:attachment":[{"href":"https:\/\/cedthu.rwpstaging.site\/de\/wp-json\/wp\/v2\/media?parent=18822"}],"curies":[{"name":"wp","href":"https:\/\/api.w.org\/{rel}","templated":true}]}}