{"id":19487,"date":"2025-05-27T16:39:27","date_gmt":"2025-05-27T16:39:27","guid":{"rendered":"https:\/\/cedthu.rwpstaging.site\/?page_id=19487"},"modified":"2025-05-27T16:39:28","modified_gmt":"2025-05-27T16:39:28","slug":"a-danceua-projektrol","status":"publish","type":"page","link":"https:\/\/cedthu.rwpstaging.site\/de\/a-danceua-projektrol\/","title":{"rendered":"\u00dcber das DancEUA-Projekt\u00a0"},"content":{"rendered":"<p>\u00dcber das DancEUA-Projekt&nbsp;<\/p>\n\n\n\n<p>Contemporary Resilience: Dance Recreation in Ukraine (dancEUA) ist ein europ\u00e4isches Projekt der kulturellen Zusammenarbeit, das den ukrainischen zeitgen\u00f6ssischen Tanzsektor st\u00e4rken und eine langfristige professionelle Zusammenarbeit zwischen ukrainischen und europ\u00e4ischen K\u00fcnstlern f\u00f6rdern soll.&nbsp;&nbsp;<\/p>\n\n\n\n<p>Das Projekt ist eine Antwort auf die Herausforderungen, mit denen ukrainische Tanzk\u00fcnstler konfrontiert sind, und bietet eine Plattform f\u00fcr den k\u00fcnstlerischen Austausch, die berufliche Entwicklung und die kulturelle Resilienz durch grenz\u00fcberschreitende Partnerschaften.&nbsp;&nbsp;<\/p>\n\n\n\n<p>Das Projekt wird von der Studio Contemporary Dance Company (Kroatien) geleitet, in Zusammenarbeit mit dem Central Europe Dance Theater (Ungarn), dem M Studio (Rum\u00e4nien), dem Vitlycke Performing Arts Centre (Schweden) und der UA Contemporary Dance Platform (Ukraine). dancEUA bringt wichtige kulturelle Organisationen zusammen, die sich f\u00fcr die Entwicklung des zeitgen\u00f6ssischen Tanzes einsetzen.&nbsp;&nbsp;<\/p>\n\n\n\n<p>Die Website des DancEUA-Projekts: <a href=\"https:\/\/www.danceua.eu\/\">https:\/\/www.danceua.eu\/<\/a><\/p>\n\n\n\n<p>Das Projekt ist in eine Reihe von Aktivit\u00e4ten gegliedert, darunter K\u00fcnstleraufenthalte, Berufsausbildung, internationale Pr\u00e4sentationen, Netzwerkinitiativen und politisches Engagement, die alle Tanzk\u00fcnstler und den breiteren Kultursektor unterst\u00fctzen.&nbsp;&nbsp;<\/p>\n\n\n\n<p>Auf diese Weise bietet das Projekt Choreografen, T\u00e4nzern und Kulturschaffenden die M\u00f6glichkeit, zusammenzuarbeiten, neue k\u00fcnstlerische Werke zu schaffen und mit einem lokalen und internationalen Publikum in Kontakt zu treten. Durch digitale Tools, Plattformen zum Wissensaustausch und \u00f6ffentliche Veranstaltungen sorgt dancEUA daf\u00fcr, dass die Ergebnisse so viele Menschen wie m\u00f6glich erreichen. Dies wird die Sichtbarkeit des ukrainischen zeitgen\u00f6ssischen Tanzes und seine langfristige und nachhaltige Entwicklung in der europ\u00e4ischen Kunstszene erh\u00f6hen.<\/p>","protected":false},"excerpt":{"rendered":"<p>A DancEUA projektr\u0151l&nbsp; Kort\u00e1rs Reziliencia: A T\u00e1nc \u00dajraalkot\u00e1sa Ukrajn\u00e1ban (dancEUA) egy eur\u00f3pai kultur\u00e1lis egy\u00fcttm\u0171k\u00f6d\u00e9si projekt, amelynek c\u00e9lja az ukr\u00e1n kort\u00e1rs t\u00e1nc szektor meger\u0151s\u00edt\u00e9se \u00e9s a hossz\u00fa t\u00e1v\u00fa szakmai egy\u00fcttm\u0171k\u00f6d\u00e9s \u00f6szt\u00f6nz\u00e9se ukr\u00e1n \u00e9s eur\u00f3pai m\u0171v\u00e9szek k\u00f6z\u00f6tt.&nbsp;&nbsp; A projekt a ukr\u00e1n t\u00e1ncm\u0171v\u00e9szek kih\u00edv\u00e1saira reag\u00e1l, platformot biztos\u00edtva a m\u0171v\u00e9szeti eszemecser\u00e9re, szakmai fejl\u0151d\u00e9s \u00e9s kultur\u00e1lis reziliencia t\u00e1mogat\u00e1s\u00e1ra hat\u00e1rokon \u00e1t\u00edvel\u0151 [&hellip;]<\/p>","protected":false},"author":1,"featured_media":0,"parent":0,"menu_order":0,"comment_status":"closed","ping_status":"closed","template":"","meta":{"footnotes":""},"class_list":["post-19487","page","type-page","status-publish","hentry"],"yoast_head":"<!-- This site is optimized with the Yoast SEO plugin v26.0 - https:\/\/yoast.com\/wordpress\/plugins\/seo\/ -->\n<title>A DancEUA projektr\u0151l\u00a0 - KET<\/title>\n<meta name=\"robots\" content=\"index, follow, max-snippet:-1, max-image-preview:large, max-video-preview:-1\" \/>\n<link rel=\"canonical\" href=\"https:\/\/cedthu.rwpstaging.site\/de\/a-danceua-projektrol\/\" \/>\n<meta name=\"twitter:card\" content=\"summary_large_image\" \/>\n<meta name=\"twitter:title\" content=\"A DancEUA projektr\u0151l\u00a0 - KET\" \/>\n<meta name=\"twitter:description\" content=\"A DancEUA projektr\u0151l&nbsp; Kort\u00e1rs Reziliencia: A T\u00e1nc \u00dajraalkot\u00e1sa Ukrajn\u00e1ban (dancEUA) egy eur\u00f3pai kultur\u00e1lis egy\u00fcttm\u0171k\u00f6d\u00e9si projekt, amelynek c\u00e9lja az ukr\u00e1n kort\u00e1rs t\u00e1nc szektor meger\u0151s\u00edt\u00e9se \u00e9s a hossz\u00fa t\u00e1v\u00fa szakmai egy\u00fcttm\u0171k\u00f6d\u00e9s \u00f6szt\u00f6nz\u00e9se ukr\u00e1n \u00e9s eur\u00f3pai m\u0171v\u00e9szek k\u00f6z\u00f6tt.&nbsp;&nbsp; A projekt a ukr\u00e1n t\u00e1ncm\u0171v\u00e9szek kih\u00edv\u00e1saira reag\u00e1l, platformot biztos\u00edtva a m\u0171v\u00e9szeti eszemecser\u00e9re, szakmai fejl\u0151d\u00e9s \u00e9s kultur\u00e1lis reziliencia t\u00e1mogat\u00e1s\u00e1ra hat\u00e1rokon \u00e1t\u00edvel\u0151 [&hellip;]\" \/>\n<meta name=\"twitter:label1\" content=\"Gesch\u00e4tzte Lesezeit\" \/>\n\t<meta name=\"twitter:data1\" content=\"2\u00a0Minuten\" \/>\n<script type=\"application\/ld+json\" class=\"yoast-schema-graph\">{\"@context\":\"https:\/\/schema.org\",\"@graph\":[{\"@type\":\"WebPage\",\"@id\":\"https:\/\/cedthu.rwpstaging.site\/a-danceua-projektrol\/\",\"url\":\"https:\/\/cedthu.rwpstaging.site\/a-danceua-projektrol\/\",\"name\":\"A DancEUA projektr\u0151l\u00a0 - KET\",\"isPartOf\":{\"@id\":\"https:\/\/cedthu.rwpstaging.site\/#website\"},\"datePublished\":\"2025-05-27T16:39:27+00:00\",\"dateModified\":\"2025-05-27T16:39:28+00:00\",\"breadcrumb\":{\"@id\":\"https:\/\/cedthu.rwpstaging.site\/a-danceua-projektrol\/#breadcrumb\"},\"inLanguage\":\"de\",\"potentialAction\":[{\"@type\":\"ReadAction\",\"target\":[\"https:\/\/cedthu.rwpstaging.site\/a-danceua-projektrol\/\"]}]},{\"@type\":\"BreadcrumbList\",\"@id\":\"https:\/\/cedthu.rwpstaging.site\/a-danceua-projektrol\/#breadcrumb\",\"itemListElement\":[{\"@type\":\"ListItem\",\"position\":1,\"name\":\"Home\",\"item\":\"https:\/\/cedthu.rwpstaging.site\/\"},{\"@type\":\"ListItem\",\"position\":2,\"name\":\"A DancEUA projektr\u0151l\u00a0\"}]},{\"@type\":\"WebSite\",\"@id\":\"https:\/\/cedthu.rwpstaging.site\/#website\",\"url\":\"https:\/\/cedthu.rwpstaging.site\/\",\"name\":\"KET\",\"description\":\"K\u00f6z\u00e9p-Eur\u00f3pa T\u00e1ncsz\u00ednh\u00e1z\",\"publisher\":{\"@id\":\"https:\/\/cedthu.rwpstaging.site\/#organization\"},\"potentialAction\":[{\"@type\":\"SearchAction\",\"target\":{\"@type\":\"EntryPoint\",\"urlTemplate\":\"https:\/\/cedthu.rwpstaging.site\/?s={search_term_string}\"},\"query-input\":{\"@type\":\"PropertyValueSpecification\",\"valueRequired\":true,\"valueName\":\"search_term_string\"}}],\"inLanguage\":\"de\"},{\"@type\":\"Organization\",\"@id\":\"https:\/\/cedthu.rwpstaging.site\/#organization\",\"name\":\"KET\",\"url\":\"https:\/\/cedthu.rwpstaging.site\/\",\"logo\":{\"@type\":\"ImageObject\",\"inLanguage\":\"de\",\"@id\":\"https:\/\/cedthu.rwpstaging.site\/#\/schema\/logo\/image\/\",\"url\":\"https:\/\/cedthu.rwpstaging.site\/wp-content\/uploads\/2024\/03\/cropped-KET-NYomda-logo2.png\",\"contentUrl\":\"https:\/\/cedthu.rwpstaging.site\/wp-content\/uploads\/2024\/03\/cropped-KET-NYomda-logo2.png\",\"width\":300,\"height\":326,\"caption\":\"KET\"},\"image\":{\"@id\":\"https:\/\/cedthu.rwpstaging.site\/#\/schema\/logo\/image\/\"}}]}<\/script>\n<!-- \/ Yoast SEO plugin. -->","yoast_head_json":{"title":"A DancEUA projektr\u0151l\u00a0 - KET","robots":{"index":"index","follow":"follow","max-snippet":"max-snippet:-1","max-image-preview":"max-image-preview:large","max-video-preview":"max-video-preview:-1"},"canonical":"https:\/\/cedthu.rwpstaging.site\/de\/a-danceua-projektrol\/","twitter_card":"summary_large_image","twitter_title":"A DancEUA projektr\u0151l\u00a0 - KET","twitter_description":"A DancEUA projektr\u0151l&nbsp; Kort\u00e1rs Reziliencia: A T\u00e1nc \u00dajraalkot\u00e1sa Ukrajn\u00e1ban (dancEUA) egy eur\u00f3pai kultur\u00e1lis egy\u00fcttm\u0171k\u00f6d\u00e9si projekt, amelynek c\u00e9lja az ukr\u00e1n kort\u00e1rs t\u00e1nc szektor meger\u0151s\u00edt\u00e9se \u00e9s a hossz\u00fa t\u00e1v\u00fa szakmai egy\u00fcttm\u0171k\u00f6d\u00e9s \u00f6szt\u00f6nz\u00e9se ukr\u00e1n \u00e9s eur\u00f3pai m\u0171v\u00e9szek k\u00f6z\u00f6tt.&nbsp;&nbsp; A projekt a ukr\u00e1n t\u00e1ncm\u0171v\u00e9szek kih\u00edv\u00e1saira reag\u00e1l, platformot biztos\u00edtva a m\u0171v\u00e9szeti eszemecser\u00e9re, szakmai fejl\u0151d\u00e9s \u00e9s kultur\u00e1lis reziliencia t\u00e1mogat\u00e1s\u00e1ra hat\u00e1rokon \u00e1t\u00edvel\u0151 [&hellip;]","twitter_misc":{"Gesch\u00e4tzte Lesezeit":"2\u00a0Minuten"},"schema":{"@context":"https:\/\/schema.org","@graph":[{"@type":"WebPage","@id":"https:\/\/cedthu.rwpstaging.site\/a-danceua-projektrol\/","url":"https:\/\/cedthu.rwpstaging.site\/a-danceua-projektrol\/","name":"A DancEUA projektr\u0151l\u00a0 - KET","isPartOf":{"@id":"https:\/\/cedthu.rwpstaging.site\/#website"},"datePublished":"2025-05-27T16:39:27+00:00","dateModified":"2025-05-27T16:39:28+00:00","breadcrumb":{"@id":"https:\/\/cedthu.rwpstaging.site\/a-danceua-projektrol\/#breadcrumb"},"inLanguage":"de","potentialAction":[{"@type":"ReadAction","target":["https:\/\/cedthu.rwpstaging.site\/a-danceua-projektrol\/"]}]},{"@type":"BreadcrumbList","@id":"https:\/\/cedthu.rwpstaging.site\/a-danceua-projektrol\/#breadcrumb","itemListElement":[{"@type":"ListItem","position":1,"name":"Home","item":"https:\/\/cedthu.rwpstaging.site\/"},{"@type":"ListItem","position":2,"name":"A DancEUA projektr\u0151l\u00a0"}]},{"@type":"WebSite","@id":"https:\/\/cedthu.rwpstaging.site\/#website","url":"https:\/\/cedthu.rwpstaging.site\/","name":"KET","description":"Tanztheater Mitteleuropa","publisher":{"@id":"https:\/\/cedthu.rwpstaging.site\/#organization"},"potentialAction":[{"@type":"SearchAction","target":{"@type":"EntryPoint","urlTemplate":"https:\/\/cedthu.rwpstaging.site\/?s={search_term_string}"},"query-input":{"@type":"PropertyValueSpecification","valueRequired":true,"valueName":"search_term_string"}}],"inLanguage":"de"},{"@type":"Organization","@id":"https:\/\/cedthu.rwpstaging.site\/#organization","name":"KET","url":"https:\/\/cedthu.rwpstaging.site\/","logo":{"@type":"ImageObject","inLanguage":"de","@id":"https:\/\/cedthu.rwpstaging.site\/#\/schema\/logo\/image\/","url":"https:\/\/cedthu.rwpstaging.site\/wp-content\/uploads\/2024\/03\/cropped-KET-NYomda-logo2.png","contentUrl":"https:\/\/cedthu.rwpstaging.site\/wp-content\/uploads\/2024\/03\/cropped-KET-NYomda-logo2.png","width":300,"height":326,"caption":"KET"},"image":{"@id":"https:\/\/cedthu.rwpstaging.site\/#\/schema\/logo\/image\/"}}]}},"_links":{"self":[{"href":"https:\/\/cedthu.rwpstaging.site\/de\/wp-json\/wp\/v2\/pages\/19487","targetHints":{"allow":["GET"]}}],"collection":[{"href":"https:\/\/cedthu.rwpstaging.site\/de\/wp-json\/wp\/v2\/pages"}],"about":[{"href":"https:\/\/cedthu.rwpstaging.site\/de\/wp-json\/wp\/v2\/types\/page"}],"author":[{"embeddable":true,"href":"https:\/\/cedthu.rwpstaging.site\/de\/wp-json\/wp\/v2\/users\/1"}],"replies":[{"embeddable":true,"href":"https:\/\/cedthu.rwpstaging.site\/de\/wp-json\/wp\/v2\/comments?post=19487"}],"version-history":[{"count":1,"href":"https:\/\/cedthu.rwpstaging.site\/de\/wp-json\/wp\/v2\/pages\/19487\/revisions"}],"predecessor-version":[{"id":19504,"href":"https:\/\/cedthu.rwpstaging.site\/de\/wp-json\/wp\/v2\/pages\/19487\/revisions\/19504"}],"wp:attachment":[{"href":"https:\/\/cedthu.rwpstaging.site\/de\/wp-json\/wp\/v2\/media?parent=19487"}],"curies":[{"name":"wp","href":"https:\/\/api.w.org\/{rel}","templated":true}]}}