{"id":19831,"date":"2025-06-03T08:32:56","date_gmt":"2025-06-03T08:32:56","guid":{"rendered":"https:\/\/cedthu.rwpstaging.site\/?page_id=19831"},"modified":"2025-06-03T08:35:55","modified_gmt":"2025-06-03T08:35:55","slug":"kocbaba","status":"publish","type":"page","link":"https:\/\/cedthu.rwpstaging.site\/de\/kocbaba\/","title":{"rendered":"K\u00f3cbaba"},"content":{"rendered":"<div data-elementor-type=\"wp-page\" data-elementor-id=\"19831\" class=\"elementor elementor-19831\" data-elementor-post-type=\"page\">\n\t\t\t\t\t\t<section class=\"elementor-section elementor-top-section elementor-element elementor-element-71ffcd29 elementor-section-boxed elementor-section-height-default elementor-section-height-default\" data-id=\"71ffcd29\" data-element_type=\"section\" data-settings=\"{&quot;background_background&quot;:&quot;classic&quot;}\">\n\t\t\t\t\t\t<div class=\"elementor-container elementor-column-gap-default\">\n\t\t\t\t\t<div class=\"elementor-column elementor-col-100 elementor-top-column elementor-element elementor-element-5c48ec68\" data-id=\"5c48ec68\" data-element_type=\"column\">\n\t\t\t<div class=\"elementor-widget-wrap elementor-element-populated\">\n\t\t\t\t\t\t<section class=\"elementor-section elementor-inner-section elementor-element elementor-element-7e5c17df elementor-section-boxed elementor-section-height-default elementor-section-height-default\" data-id=\"7e5c17df\" data-element_type=\"section\">\n\t\t\t\t\t\t<div class=\"elementor-container elementor-column-gap-default\">\n\t\t\t\t\t<div class=\"elementor-column elementor-col-50 elementor-inner-column elementor-element elementor-element-50d81b08\" data-id=\"50d81b08\" data-element_type=\"column\">\n\t\t\t<div class=\"elementor-widget-wrap elementor-element-populated\">\n\t\t\t\t\t\t<div class=\"elementor-element elementor-element-34c74234 elementor-widget elementor-widget-image\" data-id=\"34c74234\" data-element_type=\"widget\" data-widget_type=\"image.default\">\n\t\t\t\t<div class=\"elementor-widget-container\">\n\t\t\t\t\t\t\t\t\t\t\t\t\t\t\t<img fetchpriority=\"high\" decoding=\"async\" width=\"547\" height=\"820\" src=\"https:\/\/cedthu.rwpstaging.site\/wp-content\/uploads\/2024\/03\/ff971cfb-860a-45c6-8b85-e2e40c1ad550-_1_.jpg\" class=\"attachment-full size-full wp-image-11747\" alt=\"\" srcset=\"https:\/\/cedthu.rwpstaging.site\/wp-content\/uploads\/2024\/03\/ff971cfb-860a-45c6-8b85-e2e40c1ad550-_1_.jpg 547w, https:\/\/cedthu.rwpstaging.site\/wp-content\/uploads\/2024\/03\/ff971cfb-860a-45c6-8b85-e2e40c1ad550-_1_-200x300.jpg 200w, https:\/\/cedthu.rwpstaging.site\/wp-content\/uploads\/2024\/03\/ff971cfb-860a-45c6-8b85-e2e40c1ad550-_1_-267x400.jpg 267w, https:\/\/cedthu.rwpstaging.site\/wp-content\/uploads\/2024\/03\/ff971cfb-860a-45c6-8b85-e2e40c1ad550-_1_-13x20.jpg 13w\" sizes=\"(max-width: 547px) 100vw, 547px\" \/>\t\t\t\t\t\t\t\t\t\t\t\t\t\t\t<\/div>\n\t\t\t\t<\/div>\n\t\t\t\t\t<\/div>\n\t\t<\/div>\n\t\t\t\t<div class=\"elementor-column elementor-col-50 elementor-inner-column elementor-element elementor-element-1fa511ca\" data-id=\"1fa511ca\" data-element_type=\"column\">\n\t\t\t<div class=\"elementor-widget-wrap elementor-element-populated\">\n\t\t\t\t\t\t<div class=\"elementor-element elementor-element-1b14b633 elementor-widget elementor-widget-text-editor\" data-id=\"1b14b633\" data-element_type=\"widget\" data-widget_type=\"text-editor.default\">\n\t\t\t\t<div class=\"elementor-widget-container\">\n\t\t\t\t\t\t\t\t\t<div class=\"x11i5rnm xat24cr x1mh8g0r x1vvkbs xtlvy1s\"><div class=\"show-description\"><p>Interaktive Tanzgeschichte zu den Liedern von Judit Hal\u00e1sz<\/p><p>Die Kompanie des Central-Europe Dance Theatre wendet sich mit ihrem St\u00fcck, das von den Liedern von Kossuth und der J\u00e1szai-Mari-Preistr\u00e4gerin Judit Hal\u00e1sz inspiriert ist, an Kinder im Kindergarten- und Schulalter. Es erweckt die ber\u00fchmte Puppe zum Leben, die einen Jungen und ein M\u00e4dchen auf spannende Abenteuer mitnimmt. Zwischendurch wird das Titellied von Klassikern wie \"Papa's Dance\", \"Marci verkleidet sich\" und \"Dragonfly! Lustige Lieder, aufregende T\u00e4nzer und Spiele zum Mitmachen f\u00fcr die Kleinen.<\/p><p>\u00a0<\/p><p>Die Altersgrenze betr\u00e4gt +3 Jahre.<\/p><\/div><\/div>\t\t\t\t\t\t\t\t<\/div>\n\t\t\t\t<\/div>\n\t\t\t\t\t<\/div>\n\t\t<\/div>\n\t\t\t\t\t<\/div>\n\t\t<\/section>\n\t\t\t\t<section class=\"elementor-section elementor-inner-section elementor-element elementor-element-3aa39ba1 elementor-section-boxed elementor-section-height-default elementor-section-height-default\" data-id=\"3aa39ba1\" data-element_type=\"section\">\n\t\t\t\t\t\t<div class=\"elementor-container elementor-column-gap-default\">\n\t\t\t\t\t<div class=\"elementor-column elementor-col-50 elementor-inner-column elementor-element elementor-element-41d1205e\" data-id=\"41d1205e\" data-element_type=\"column\">\n\t\t\t<div class=\"elementor-widget-wrap\">\n\t\t\t\t\t\t\t<\/div>\n\t\t<\/div>\n\t\t\t\t<div class=\"elementor-column elementor-col-50 elementor-inner-column elementor-element elementor-element-2a63b924\" data-id=\"2a63b924\" data-element_type=\"column\">\n\t\t\t<div class=\"elementor-widget-wrap elementor-element-populated\">\n\t\t\t\t\t\t<div class=\"elementor-element elementor-element-576bf014 elementor-widget elementor-widget-image\" data-id=\"576bf014\" data-element_type=\"widget\" data-widget_type=\"image.default\">\n\t\t\t\t<div class=\"elementor-widget-container\">\n\t\t\t\t\t\t\t\t\t\t\t\t\t\t\t<img decoding=\"async\" width=\"6000\" height=\"4002\" src=\"https:\/\/cedthu.rwpstaging.site\/wp-content\/uploads\/2024\/03\/RAJZ.jpg\" class=\"attachment-full size-full wp-image-12075\" alt=\"\" srcset=\"https:\/\/cedthu.rwpstaging.site\/wp-content\/uploads\/2024\/03\/RAJZ.jpg 6000w, https:\/\/cedthu.rwpstaging.site\/wp-content\/uploads\/2024\/03\/RAJZ-300x200.jpg 300w, https:\/\/cedthu.rwpstaging.site\/wp-content\/uploads\/2024\/03\/RAJZ-768x512.jpg 768w, https:\/\/cedthu.rwpstaging.site\/wp-content\/uploads\/2024\/03\/RAJZ-1024x683.jpg 1024w, https:\/\/cedthu.rwpstaging.site\/wp-content\/uploads\/2024\/03\/RAJZ-400x267.jpg 400w\" sizes=\"(max-width: 6000px) 100vw, 6000px\" \/>\t\t\t\t\t\t\t\t\t\t\t\t\t\t\t<\/div>\n\t\t\t\t<\/div>\n\t\t\t\t\t<\/div>\n\t\t<\/div>\n\t\t\t\t\t<\/div>\n\t\t<\/section>\n\t\t\t\t<div class=\"elementor-element elementor-element-701b5ef4 elementor-widget elementor-widget-heading\" data-id=\"701b5ef4\" data-element_type=\"widget\" data-widget_type=\"heading.default\">\n\t\t\t\t<div class=\"elementor-widget-container\">\n\t\t\t\t\t<h2 class=\"elementor-heading-title elementor-size-default\">Sch\u00f6pfer<\/h2>\t\t\t\t<\/div>\n\t\t\t\t<\/div>\n\t\t\t\t<div class=\"elementor-element elementor-element-c668986 elementor-widget-divider--view-line elementor-widget elementor-widget-divider\" data-id=\"c668986\" data-element_type=\"widget\" data-widget_type=\"divider.default\">\n\t\t\t\t<div class=\"elementor-widget-container\">\n\t\t\t\t\t\t\t<div class=\"elementor-divider\">\n\t\t\t<span class=\"elementor-divider-separator\">\n\t\t\t\t\t\t<\/span>\n\t\t<\/div>\n\t\t\t\t\t\t<\/div>\n\t\t\t\t<\/div>\n\t\t\t\t<div class=\"elementor-element elementor-element-467a97b6 elementor-widget elementor-widget-text-editor\" data-id=\"467a97b6\" data-element_type=\"widget\" data-widget_type=\"text-editor.default\">\n\t\t\t\t<div class=\"elementor-widget-container\">\n\t\t\t\t\t\t\t\t\t<div class=\"show-actors\"><div id=\"nested-actors\"><div class=\"show-actors\"><div id=\"nested-actors\"><div class=\"show-actors\"><div id=\"nested-actors\"><div><div><h3>Choreograph<\/h3><ul><li>No\u00e9mi Kulcs\u00e1r<\/li><\/ul><\/div><div><h3>Tanzk\u00fcnstler<\/h3><ul><li>Sinka L\u00eddia<\/li><\/ul><ul><li>Edmond Kisbakonyi<\/li><\/ul><ul><li>G\u00e1bor Kindl<\/li><\/ul><ul><li>R\u00e9ka Gyevn\u00e1r<\/li><\/ul><ul><li>Gizella No\u00e9mi Nagy<\/li><li>Berta Pucsek<\/li><li>Marcell Hov\u00e1n<\/li><\/ul><\/div><div><h3>Dramaturg<\/h3><ul><li>Tschechischer David<\/li><\/ul><\/div><div><h3>Kost\u00fcm- und B\u00fchnenbildgestaltung<\/h3><ul><li>Bati Nikoletta<\/li><\/ul><\/div><div><h3>Video-Installation<\/h3><ul><li>Zsombor Czegl\u00e9di<\/li><\/ul><\/div><div><h3>Lichtplan<\/h3><ul><li>Merc\u00e9desz Selmeczi<\/li><\/ul><\/div><div><h3>Musik-Editor<\/h3><ul><li>madla<\/li><\/ul><\/div><div><h3>Kunstmanager<\/h3><ul><li>Vir\u00e1g S\u00f3thy<\/li><\/ul><\/div><div><h3>Generaldirektor<\/h3><ul><li>R\u00e9ka Gerlits<\/li><\/ul><\/div><div><h3>Komponist<\/h3><ul><li>J\u00e1nos Br\u00f3dy<\/li><li>Anti Tam\u00e1s<\/li><li>Zolt\u00e1n Pom\u00e1zi<\/li><li>Andor B\u00e1lint Rot<\/li><li>L\u00e1szl\u00f3 Nagy Tolcsvay Nagy<\/li><li>B\u00e9la Fesztbaum<\/li><li>Zolt\u00e1n Lajos Barna<\/li><li>Levente Sz\u00f6r\u00e9nyi<\/li><li>L\u00e1szl\u00f3 B\u00f3di<\/li><\/ul><\/div><div><h3>Werbetexter<\/h3><ul><li>L\u00e1szl\u00f3 Barak<\/li><li>Krisztina T\u00f3th<\/li><li>S\u00e1ndor Cso\u00f3ri<\/li><li>L\u0151rinc Szab\u00f3<\/li><li>Tibor Simk\u00f3<\/li><li>S\u00e1ndor K\u00e1ny\u00e1di<\/li><li>Istv\u00e1n Csuk\u00e1s<\/li><li>K\u00e1roly Tamk\u00f3 Sirat\u00f3<\/li><\/ul><\/div><\/div><\/div><\/div><\/div><\/div><\/div><\/div>\t\t\t\t\t\t\t\t<\/div>\n\t\t\t\t<\/div>\n\t\t\t\t<div class=\"elementor-element elementor-element-25b71245 elementor-widget elementor-widget-heading\" data-id=\"25b71245\" data-element_type=\"widget\" data-widget_type=\"heading.default\">\n\t\t\t\t<div class=\"elementor-widget-container\">\n\t\t\t\t\t<h2 class=\"elementor-heading-title elementor-size-default\">COCOBAB<\/h2>\t\t\t\t<\/div>\n\t\t\t\t<\/div>\n\t\t\t\t<div class=\"elementor-element elementor-element-1252439c elementor-widget elementor-widget-gallery\" data-id=\"1252439c\" data-element_type=\"widget\" data-settings=\"{&quot;columns&quot;:3,&quot;lazyload&quot;:&quot;yes&quot;,&quot;gallery_layout&quot;:&quot;grid&quot;,&quot;columns_tablet&quot;:2,&quot;columns_mobile&quot;:1,&quot;gap&quot;:{&quot;unit&quot;:&quot;px&quot;,&quot;size&quot;:10,&quot;sizes&quot;:[]},&quot;gap_tablet&quot;:{&quot;unit&quot;:&quot;px&quot;,&quot;size&quot;:10,&quot;sizes&quot;:[]},&quot;gap_mobile&quot;:{&quot;unit&quot;:&quot;px&quot;,&quot;size&quot;:10,&quot;sizes&quot;:[]},&quot;link_to&quot;:&quot;file&quot;,&quot;aspect_ratio&quot;:&quot;3:2&quot;,&quot;overlay_background&quot;:&quot;yes&quot;,&quot;content_hover_animation&quot;:&quot;fade-in&quot;}\" data-widget_type=\"gallery.default\">\n\t\t\t\t<div class=\"elementor-widget-container\">\n\t\t\t\t\t\t\t<div class=\"elementor-gallery__container\">\n\t\t\t\t\t\t\t<a class=\"e-gallery-item elementor-gallery-item elementor-animated-content\" href=\"https:\/\/cedthu.rwpstaging.site\/wp-content\/uploads\/2024\/03\/Kocb_637.jpg\" data-elementor-open-lightbox=\"yes\" data-elementor-lightbox-slideshow=\"1252439c\" data-elementor-lightbox-title=\"Kocb_637\" data-e-action-hash=\"#elementor-action%3Aaction%3Dlightbox%26settings%3DeyJpZCI6MTIwNTgsInVybCI6Imh0dHBzOlwvXC9jZWR0aHUucndwc3RhZ2luZy5zaXRlXC93cC1jb250ZW50XC91cGxvYWRzXC8yMDI0XC8wM1wvS29jYl82MzcuanBnIiwic2xpZGVzaG93IjoiMTI1MjQzOWMifQ%3D%3D\">\n\t\t\t\t\t<div class=\"e-gallery-image elementor-gallery-item__image\" data-thumbnail=\"https:\/\/cedthu.rwpstaging.site\/wp-content\/uploads\/2024\/03\/Kocb_637-300x200.jpg\" data-width=\"300\" data-height=\"200\" aria-label=\"\" role=\"img\" ><\/div>\n\t\t\t\t\t\t\t\t\t\t\t<div class=\"elementor-gallery-item__overlay\"><\/div>\n\t\t\t\t\t\t\t\t\t\t\t\t\t\t<\/a>\n\t\t\t\t\t\t\t<a class=\"e-gallery-item elementor-gallery-item elementor-animated-content\" href=\"https:\/\/cedthu.rwpstaging.site\/wp-content\/uploads\/2024\/03\/Kocb_654.jpg\" data-elementor-open-lightbox=\"yes\" data-elementor-lightbox-slideshow=\"1252439c\" data-elementor-lightbox-title=\"Kocb_654\" data-e-action-hash=\"#elementor-action%3Aaction%3Dlightbox%26settings%3DeyJpZCI6MTIwNjAsInVybCI6Imh0dHBzOlwvXC9jZWR0aHUucndwc3RhZ2luZy5zaXRlXC93cC1jb250ZW50XC91cGxvYWRzXC8yMDI0XC8wM1wvS29jYl82NTQuanBnIiwic2xpZGVzaG93IjoiMTI1MjQzOWMifQ%3D%3D\">\n\t\t\t\t\t<div class=\"e-gallery-image elementor-gallery-item__image\" data-thumbnail=\"https:\/\/cedthu.rwpstaging.site\/wp-content\/uploads\/2024\/03\/Kocb_654-300x200.jpg\" data-width=\"300\" data-height=\"200\" aria-label=\"\" role=\"img\" ><\/div>\n\t\t\t\t\t\t\t\t\t\t\t<div class=\"elementor-gallery-item__overlay\"><\/div>\n\t\t\t\t\t\t\t\t\t\t\t\t\t\t<\/a>\n\t\t\t\t\t\t\t<a class=\"e-gallery-item elementor-gallery-item elementor-animated-content\" href=\"https:\/\/cedthu.rwpstaging.site\/wp-content\/uploads\/2024\/03\/Kocb_716.jpg\" data-elementor-open-lightbox=\"yes\" data-elementor-lightbox-slideshow=\"1252439c\" data-elementor-lightbox-title=\"Kocb_716\" data-e-action-hash=\"#elementor-action%3Aaction%3Dlightbox%26settings%3DeyJpZCI6MTIwNjQsInVybCI6Imh0dHBzOlwvXC9jZWR0aHUucndwc3RhZ2luZy5zaXRlXC93cC1jb250ZW50XC91cGxvYWRzXC8yMDI0XC8wM1wvS29jYl83MTYuanBnIiwic2xpZGVzaG93IjoiMTI1MjQzOWMifQ%3D%3D\">\n\t\t\t\t\t<div class=\"e-gallery-image elementor-gallery-item__image\" data-thumbnail=\"https:\/\/cedthu.rwpstaging.site\/wp-content\/uploads\/2024\/03\/Kocb_716-300x200.jpg\" data-width=\"300\" data-height=\"200\" aria-label=\"\" role=\"img\" ><\/div>\n\t\t\t\t\t\t\t\t\t\t\t<div class=\"elementor-gallery-item__overlay\"><\/div>\n\t\t\t\t\t\t\t\t\t\t\t\t\t\t<\/a>\n\t\t\t\t\t<\/div>\n\t\t\t\t\t<\/div>\n\t\t\t\t<\/div>\n\t\t\t\t\t<\/div>\n\t\t<\/div>\n\t\t\t\t\t<\/div>\n\t\t<\/section>\n\t\t\t\t<\/div>","protected":false},"excerpt":{"rendered":"<p>Interakt\u00edv t\u00e1ncmese Hal\u00e1sz Judit dalaira A K\u00f6z\u00e9p-Eur\u00f3pa T\u00e1ncsz\u00ednh\u00e1z t\u00e1rsulata az \u00f3vod\u00e1s \u00e9s kisiskol\u00e1s koroszt\u00e1lyt c\u00e9lozza meg el\u0151ad\u00e1s\u00e1val, amelyet a Kossuth- \u00e9s J\u00e1szai Mari-d\u00edjas Hal\u00e1sz Judit dalai inspir\u00e1ltak. \u00c9letre kel benne a h\u00edres-neves K\u00f3cbaba, aki egy kisfi\u00fat \u00e9s kisl\u00e1nyt izgalmas kalandokra visz mag\u00e1val. K\u00f6zben pedig a c\u00edmad\u00f3 dal mellett, olyan klasszikusok hangzanak m\u00e9g el, mint a [&hellip;]<\/p>","protected":false},"author":1,"featured_media":0,"parent":0,"menu_order":0,"comment_status":"closed","ping_status":"closed","template":"elementor_header_footer","meta":{"footnotes":""},"class_list":["post-19831","page","type-page","status-publish","hentry"],"yoast_head":"<!-- This site is optimized with the Yoast SEO plugin v26.0 - https:\/\/yoast.com\/wordpress\/plugins\/seo\/ -->\n<title>K\u00f3cbaba - KET<\/title>\n<meta name=\"robots\" content=\"index, follow, max-snippet:-1, max-image-preview:large, max-video-preview:-1\" \/>\n<link rel=\"canonical\" href=\"https:\/\/cedthu.rwpstaging.site\/de\/kocbaba\/\" \/>\n<meta name=\"twitter:card\" content=\"summary_large_image\" \/>\n<meta name=\"twitter:title\" content=\"K\u00f3cbaba - KET\" \/>\n<meta name=\"twitter:description\" content=\"Interakt\u00edv t\u00e1ncmese Hal\u00e1sz Judit dalaira A K\u00f6z\u00e9p-Eur\u00f3pa T\u00e1ncsz\u00ednh\u00e1z t\u00e1rsulata az \u00f3vod\u00e1s \u00e9s kisiskol\u00e1s koroszt\u00e1lyt c\u00e9lozza meg el\u0151ad\u00e1s\u00e1val, amelyet a Kossuth- \u00e9s J\u00e1szai Mari-d\u00edjas Hal\u00e1sz Judit dalai inspir\u00e1ltak. \u00c9letre kel benne a h\u00edres-neves K\u00f3cbaba, aki egy kisfi\u00fat \u00e9s kisl\u00e1nyt izgalmas kalandokra visz mag\u00e1val. K\u00f6zben pedig a c\u00edmad\u00f3 dal mellett, olyan klasszikusok hangzanak m\u00e9g el, mint a [&hellip;]\" \/>\n<meta name=\"twitter:image\" content=\"https:\/\/cedthu.rwpstaging.site\/wp-content\/uploads\/2024\/03\/ff971cfb-860a-45c6-8b85-e2e40c1ad550-_1_.jpg\" \/>\n<meta name=\"twitter:label1\" content=\"Gesch\u00e4tzte Lesezeit\" \/>\n\t<meta name=\"twitter:data1\" content=\"2\u00a0Minuten\" \/>\n<script type=\"application\/ld+json\" class=\"yoast-schema-graph\">{\"@context\":\"https:\/\/schema.org\",\"@graph\":[{\"@type\":\"WebPage\",\"@id\":\"https:\/\/cedthu.rwpstaging.site\/kocbaba\/\",\"url\":\"https:\/\/cedthu.rwpstaging.site\/kocbaba\/\",\"name\":\"K\u00f3cbaba - KET\",\"isPartOf\":{\"@id\":\"https:\/\/cedthu.rwpstaging.site\/#website\"},\"primaryImageOfPage\":{\"@id\":\"https:\/\/cedthu.rwpstaging.site\/kocbaba\/#primaryimage\"},\"image\":{\"@id\":\"https:\/\/cedthu.rwpstaging.site\/kocbaba\/#primaryimage\"},\"thumbnailUrl\":\"https:\/\/cedthu.rwpstaging.site\/wp-content\/uploads\/2024\/03\/ff971cfb-860a-45c6-8b85-e2e40c1ad550-_1_.jpg\",\"datePublished\":\"2025-06-03T08:32:56+00:00\",\"dateModified\":\"2025-06-03T08:35:55+00:00\",\"breadcrumb\":{\"@id\":\"https:\/\/cedthu.rwpstaging.site\/kocbaba\/#breadcrumb\"},\"inLanguage\":\"de\",\"potentialAction\":[{\"@type\":\"ReadAction\",\"target\":[\"https:\/\/cedthu.rwpstaging.site\/kocbaba\/\"]}]},{\"@type\":\"ImageObject\",\"inLanguage\":\"de\",\"@id\":\"https:\/\/cedthu.rwpstaging.site\/kocbaba\/#primaryimage\",\"url\":\"https:\/\/cedthu.rwpstaging.site\/wp-content\/uploads\/2024\/03\/ff971cfb-860a-45c6-8b85-e2e40c1ad550-_1_.jpg\",\"contentUrl\":\"https:\/\/cedthu.rwpstaging.site\/wp-content\/uploads\/2024\/03\/ff971cfb-860a-45c6-8b85-e2e40c1ad550-_1_.jpg\"},{\"@type\":\"BreadcrumbList\",\"@id\":\"https:\/\/cedthu.rwpstaging.site\/kocbaba\/#breadcrumb\",\"itemListElement\":[{\"@type\":\"ListItem\",\"position\":1,\"name\":\"Home\",\"item\":\"https:\/\/cedthu.rwpstaging.site\/\"},{\"@type\":\"ListItem\",\"position\":2,\"name\":\"K\u00f3cbaba\"}]},{\"@type\":\"WebSite\",\"@id\":\"https:\/\/cedthu.rwpstaging.site\/#website\",\"url\":\"https:\/\/cedthu.rwpstaging.site\/\",\"name\":\"KET\",\"description\":\"K\u00f6z\u00e9p-Eur\u00f3pa T\u00e1ncsz\u00ednh\u00e1z\",\"publisher\":{\"@id\":\"https:\/\/cedthu.rwpstaging.site\/#organization\"},\"potentialAction\":[{\"@type\":\"SearchAction\",\"target\":{\"@type\":\"EntryPoint\",\"urlTemplate\":\"https:\/\/cedthu.rwpstaging.site\/?s={search_term_string}\"},\"query-input\":{\"@type\":\"PropertyValueSpecification\",\"valueRequired\":true,\"valueName\":\"search_term_string\"}}],\"inLanguage\":\"de\"},{\"@type\":\"Organization\",\"@id\":\"https:\/\/cedthu.rwpstaging.site\/#organization\",\"name\":\"KET\",\"url\":\"https:\/\/cedthu.rwpstaging.site\/\",\"logo\":{\"@type\":\"ImageObject\",\"inLanguage\":\"de\",\"@id\":\"https:\/\/cedthu.rwpstaging.site\/#\/schema\/logo\/image\/\",\"url\":\"https:\/\/cedthu.rwpstaging.site\/wp-content\/uploads\/2024\/03\/cropped-KET-NYomda-logo2.png\",\"contentUrl\":\"https:\/\/cedthu.rwpstaging.site\/wp-content\/uploads\/2024\/03\/cropped-KET-NYomda-logo2.png\",\"width\":300,\"height\":326,\"caption\":\"KET\"},\"image\":{\"@id\":\"https:\/\/cedthu.rwpstaging.site\/#\/schema\/logo\/image\/\"}}]}<\/script>\n<!-- \/ Yoast SEO plugin. -->","yoast_head_json":{"title":"K\u00f3cbaba - KET","robots":{"index":"index","follow":"follow","max-snippet":"max-snippet:-1","max-image-preview":"max-image-preview:large","max-video-preview":"max-video-preview:-1"},"canonical":"https:\/\/cedthu.rwpstaging.site\/de\/kocbaba\/","twitter_card":"summary_large_image","twitter_title":"K\u00f3cbaba - KET","twitter_description":"Interakt\u00edv t\u00e1ncmese Hal\u00e1sz Judit dalaira A K\u00f6z\u00e9p-Eur\u00f3pa T\u00e1ncsz\u00ednh\u00e1z t\u00e1rsulata az \u00f3vod\u00e1s \u00e9s kisiskol\u00e1s koroszt\u00e1lyt c\u00e9lozza meg el\u0151ad\u00e1s\u00e1val, amelyet a Kossuth- \u00e9s J\u00e1szai Mari-d\u00edjas Hal\u00e1sz Judit dalai inspir\u00e1ltak. \u00c9letre kel benne a h\u00edres-neves K\u00f3cbaba, aki egy kisfi\u00fat \u00e9s kisl\u00e1nyt izgalmas kalandokra visz mag\u00e1val. K\u00f6zben pedig a c\u00edmad\u00f3 dal mellett, olyan klasszikusok hangzanak m\u00e9g el, mint a [&hellip;]","twitter_image":"https:\/\/cedthu.rwpstaging.site\/wp-content\/uploads\/2024\/03\/ff971cfb-860a-45c6-8b85-e2e40c1ad550-_1_.jpg","twitter_misc":{"Gesch\u00e4tzte Lesezeit":"2\u00a0Minuten"},"schema":{"@context":"https:\/\/schema.org","@graph":[{"@type":"WebPage","@id":"https:\/\/cedthu.rwpstaging.site\/kocbaba\/","url":"https:\/\/cedthu.rwpstaging.site\/kocbaba\/","name":"K\u00f3cbaba - KET","isPartOf":{"@id":"https:\/\/cedthu.rwpstaging.site\/#website"},"primaryImageOfPage":{"@id":"https:\/\/cedthu.rwpstaging.site\/kocbaba\/#primaryimage"},"image":{"@id":"https:\/\/cedthu.rwpstaging.site\/kocbaba\/#primaryimage"},"thumbnailUrl":"https:\/\/cedthu.rwpstaging.site\/wp-content\/uploads\/2024\/03\/ff971cfb-860a-45c6-8b85-e2e40c1ad550-_1_.jpg","datePublished":"2025-06-03T08:32:56+00:00","dateModified":"2025-06-03T08:35:55+00:00","breadcrumb":{"@id":"https:\/\/cedthu.rwpstaging.site\/kocbaba\/#breadcrumb"},"inLanguage":"de","potentialAction":[{"@type":"ReadAction","target":["https:\/\/cedthu.rwpstaging.site\/kocbaba\/"]}]},{"@type":"ImageObject","inLanguage":"de","@id":"https:\/\/cedthu.rwpstaging.site\/kocbaba\/#primaryimage","url":"https:\/\/cedthu.rwpstaging.site\/wp-content\/uploads\/2024\/03\/ff971cfb-860a-45c6-8b85-e2e40c1ad550-_1_.jpg","contentUrl":"https:\/\/cedthu.rwpstaging.site\/wp-content\/uploads\/2024\/03\/ff971cfb-860a-45c6-8b85-e2e40c1ad550-_1_.jpg"},{"@type":"BreadcrumbList","@id":"https:\/\/cedthu.rwpstaging.site\/kocbaba\/#breadcrumb","itemListElement":[{"@type":"ListItem","position":1,"name":"Home","item":"https:\/\/cedthu.rwpstaging.site\/"},{"@type":"ListItem","position":2,"name":"K\u00f3cbaba"}]},{"@type":"WebSite","@id":"https:\/\/cedthu.rwpstaging.site\/#website","url":"https:\/\/cedthu.rwpstaging.site\/","name":"KET","description":"Tanztheater Mitteleuropa","publisher":{"@id":"https:\/\/cedthu.rwpstaging.site\/#organization"},"potentialAction":[{"@type":"SearchAction","target":{"@type":"EntryPoint","urlTemplate":"https:\/\/cedthu.rwpstaging.site\/?s={search_term_string}"},"query-input":{"@type":"PropertyValueSpecification","valueRequired":true,"valueName":"search_term_string"}}],"inLanguage":"de"},{"@type":"Organization","@id":"https:\/\/cedthu.rwpstaging.site\/#organization","name":"KET","url":"https:\/\/cedthu.rwpstaging.site\/","logo":{"@type":"ImageObject","inLanguage":"de","@id":"https:\/\/cedthu.rwpstaging.site\/#\/schema\/logo\/image\/","url":"https:\/\/cedthu.rwpstaging.site\/wp-content\/uploads\/2024\/03\/cropped-KET-NYomda-logo2.png","contentUrl":"https:\/\/cedthu.rwpstaging.site\/wp-content\/uploads\/2024\/03\/cropped-KET-NYomda-logo2.png","width":300,"height":326,"caption":"KET"},"image":{"@id":"https:\/\/cedthu.rwpstaging.site\/#\/schema\/logo\/image\/"}}]}},"_links":{"self":[{"href":"https:\/\/cedthu.rwpstaging.site\/de\/wp-json\/wp\/v2\/pages\/19831","targetHints":{"allow":["GET"]}}],"collection":[{"href":"https:\/\/cedthu.rwpstaging.site\/de\/wp-json\/wp\/v2\/pages"}],"about":[{"href":"https:\/\/cedthu.rwpstaging.site\/de\/wp-json\/wp\/v2\/types\/page"}],"author":[{"embeddable":true,"href":"https:\/\/cedthu.rwpstaging.site\/de\/wp-json\/wp\/v2\/users\/1"}],"replies":[{"embeddable":true,"href":"https:\/\/cedthu.rwpstaging.site\/de\/wp-json\/wp\/v2\/comments?post=19831"}],"version-history":[{"count":5,"href":"https:\/\/cedthu.rwpstaging.site\/de\/wp-json\/wp\/v2\/pages\/19831\/revisions"}],"predecessor-version":[{"id":19858,"href":"https:\/\/cedthu.rwpstaging.site\/de\/wp-json\/wp\/v2\/pages\/19831\/revisions\/19858"}],"wp:attachment":[{"href":"https:\/\/cedthu.rwpstaging.site\/de\/wp-json\/wp\/v2\/media?parent=19831"}],"curies":[{"name":"wp","href":"https:\/\/api.w.org\/{rel}","templated":true}]}}