{"id":19862,"date":"2025-06-03T08:38:03","date_gmt":"2025-06-03T08:38:03","guid":{"rendered":"https:\/\/cedthu.rwpstaging.site\/?page_id=19862"},"modified":"2025-06-03T08:42:49","modified_gmt":"2025-06-03T08:42:49","slug":"ageless-generation","status":"publish","type":"page","link":"https:\/\/cedthu.rwpstaging.site\/de\/ageless-generation\/","title":{"rendered":"Alternde Generation"},"content":{"rendered":"<div data-elementor-type=\"wp-page\" data-elementor-id=\"19862\" class=\"elementor elementor-19862\" data-elementor-post-type=\"page\">\n\t\t\t\t\t\t<section class=\"elementor-section elementor-top-section elementor-element elementor-element-3288b2de elementor-section-boxed elementor-section-height-default elementor-section-height-default\" data-id=\"3288b2de\" data-element_type=\"section\" data-settings=\"{&quot;background_background&quot;:&quot;classic&quot;}\">\n\t\t\t\t\t\t<div class=\"elementor-container elementor-column-gap-default\">\n\t\t\t\t\t<div class=\"elementor-column elementor-col-100 elementor-top-column elementor-element elementor-element-226355f5\" data-id=\"226355f5\" data-element_type=\"column\">\n\t\t\t<div class=\"elementor-widget-wrap elementor-element-populated\">\n\t\t\t\t\t\t<section class=\"elementor-section elementor-inner-section elementor-element elementor-element-98d0947 elementor-section-boxed elementor-section-height-default elementor-section-height-default\" data-id=\"98d0947\" data-element_type=\"section\">\n\t\t\t\t\t\t<div class=\"elementor-container elementor-column-gap-default\">\n\t\t\t\t\t<div class=\"elementor-column elementor-col-50 elementor-inner-column elementor-element elementor-element-95536d9\" data-id=\"95536d9\" data-element_type=\"column\">\n\t\t\t<div class=\"elementor-widget-wrap elementor-element-populated\">\n\t\t\t\t\t\t<div class=\"elementor-element elementor-element-51b3d958 elementor-widget elementor-widget-image\" data-id=\"51b3d958\" data-element_type=\"widget\" data-widget_type=\"image.default\">\n\t\t\t\t<div class=\"elementor-widget-container\">\n\t\t\t\t\t\t\t\t\t\t\t\t\t\t\t<img fetchpriority=\"high\" decoding=\"async\" width=\"1710\" height=\"2560\" src=\"https:\/\/cedthu.rwpstaging.site\/wp-content\/uploads\/2018\/10\/Anton-lachy_0008-1-1.jpg\" class=\"attachment-full size-full wp-image-5012\" alt=\"\" \/>\t\t\t\t\t\t\t\t\t\t\t\t\t\t\t<\/div>\n\t\t\t\t<\/div>\n\t\t\t\t\t<\/div>\n\t\t<\/div>\n\t\t\t\t<div class=\"elementor-column elementor-col-50 elementor-inner-column elementor-element elementor-element-65e59b8\" data-id=\"65e59b8\" data-element_type=\"column\">\n\t\t\t<div class=\"elementor-widget-wrap elementor-element-populated\">\n\t\t\t\t\t\t<div class=\"elementor-element elementor-element-023d543 elementor-widget elementor-widget-text-editor\" data-id=\"023d543\" data-element_type=\"widget\" data-widget_type=\"text-editor.default\">\n\t\t\t\t<div class=\"elementor-widget-container\">\n\t\t\t\t\t\t\t\t\t<p>Ageless Generation- Alterslose Generation<\/p><p>Anton Lachkys neueste Choreografie, die er f\u00fcr die K\u00fcnstler des Mitteleurop\u00e4ischen Tanztheaters erdacht hat, f\u00fchrt uns in die Welt der Gegens\u00e4tze. Sie verbindet Generationen und Kulturen und entf\u00fchrt uns in eine Reihe von Geschichten, in denen alles m\u00f6glich scheint. Es wirbelt wie Wasser, das einen mal sanft umarmt und streichelt wie eine liebevolle Ber\u00fchrung, mal w\u00fctend aufst\u00fcrmt und mit seiner Kraft in sich aufsaugt. Eine Welt, in der der Meister des Spiels sichtbar wird und jede seiner Bewegungen kontrolliert, ein Spiel, das Generationen in seinen Bann gezogen hat, ein Tanz zwischen dem Kommandanten und Shiva, der die Sinne kitzelt, dich zum Lachen bringt und dich im n\u00e4chsten Moment in stilles Staunen versetzt.<\/p><p>Ein feuchtes Happy End ist garantiert!<\/p><p>\u00a0<\/p><p>Alternde Generation<\/p><p>Anton Lachkys j\u00fcngste Choreografie f\u00fcr die T\u00e4nzer des Central Europe Dance Theatre entf\u00fchrt uns in eine Welt der Gegens\u00e4tze, die Generationen und Kulturen miteinander verbindet und uns in eine Reihe von Geschichten entf\u00fchrt, in denen alles m\u00f6glich zu sein scheint. Es wirbelt wie Wasser, das dich manchmal sanft umh\u00fcllt und mit einer leichten, liebevollen Ber\u00fchrung streichelt, manchmal w\u00fctend aufwallt und dich mit seiner Kraft einsaugt. Man kann den Spielleiter sehen, der jede Bewegung kontrolliert, das Spiel, das Generationen in seinen Bann gezogen hat. Der Tanz des Kommandanten und Shivas kitzelt die Sinne und l\u00e4sst einen laut lachen und dann in stilles Staunen verfallen.<\/p><p>Ein prickelndes Happy End ist garantiert!<\/p><p>\u00a0<\/p>\t\t\t\t\t\t\t\t<\/div>\n\t\t\t\t<\/div>\n\t\t\t\t\t<\/div>\n\t\t<\/div>\n\t\t\t\t\t<\/div>\n\t\t<\/section>\n\t\t\t\t<div class=\"elementor-element elementor-element-d5a09bf elementor-widget elementor-widget-heading\" data-id=\"d5a09bf\" data-element_type=\"widget\" data-widget_type=\"heading.default\">\n\t\t\t\t<div class=\"elementor-widget-container\">\n\t\t\t\t\t<h2 class=\"elementor-heading-title elementor-size-default\"><a href=\"https:\/\/szinhaz.net\/2024\/04\/15\/torok-akos-generaciok-feletti-osszekacsintas\/\">Rezension von \u00c1kos T\u00f6r\u00f6ks Ein Wirrwarr \u00fcber Generationen hinweg<\/a><\/h2>\t\t\t\t<\/div>\n\t\t\t\t<\/div>\n\t\t\t\t<div class=\"elementor-element elementor-element-589950b2 elementor-widget elementor-widget-heading\" data-id=\"589950b2\" data-element_type=\"widget\" data-widget_type=\"heading.default\">\n\t\t\t\t<div class=\"elementor-widget-container\">\n\t\t\t\t\t<h2 class=\"elementor-heading-title elementor-size-default\">Sch\u00f6pfer<\/h2>\t\t\t\t<\/div>\n\t\t\t\t<\/div>\n\t\t\t\t<div class=\"elementor-element elementor-element-6d37c6e7 elementor-widget-divider--view-line elementor-widget elementor-widget-divider\" data-id=\"6d37c6e7\" data-element_type=\"widget\" data-widget_type=\"divider.default\">\n\t\t\t\t<div class=\"elementor-widget-container\">\n\t\t\t\t\t\t\t<div class=\"elementor-divider\">\n\t\t\t<span class=\"elementor-divider-separator\">\n\t\t\t\t\t\t<\/span>\n\t\t<\/div>\n\t\t\t\t\t\t<\/div>\n\t\t\t\t<\/div>\n\t\t\t\t<div class=\"elementor-element elementor-element-15b002d5 elementor-widget elementor-widget-text-editor\" data-id=\"15b002d5\" data-element_type=\"widget\" data-widget_type=\"text-editor.default\">\n\t\t\t\t<div class=\"elementor-widget-container\">\n\t\t\t\t\t\t\t\t\t<div class=\"show-actors\"><div id=\"nested-actors\"><div class=\"show-actors\"><div id=\"nested-actors\"><div><h3>Tanzk\u00fcnstler<\/h3><ul><li>R\u00e9ka Gyenv\u00e1r<\/li><\/ul><ul><li>G\u00e1bor Kindl<\/li><\/ul><ul><li>Edmond Kisbakonyi<\/li><\/ul><ul><li>Sinka L\u00eddia<\/li><\/ul><ul><li>Gizella No\u00e9mi Nagy<\/li><li>Marcell Hov\u00e1n<\/li><li>Berta Pucsek<\/li><\/ul><\/div><div><h3>Licht<\/h3><ul><li>Merc\u00e9desz Selmeczi<\/li><\/ul><\/div><div><h3>H\u00e4ngen<\/h3><ul><li>L\u00e1szl\u00f3 M\u00e1di<\/li><\/ul><\/div><div><h3>Choreograph<\/h3><ul><li>Anton Lachky<\/li><\/ul><\/div><\/div><\/div><\/div><\/div>\t\t\t\t\t\t\t\t<\/div>\n\t\t\t\t<\/div>\n\t\t\t\t<div class=\"elementor-element elementor-element-372ed925 elementor-widget elementor-widget-gallery\" data-id=\"372ed925\" data-element_type=\"widget\" data-settings=\"{&quot;columns&quot;:3,&quot;lazyload&quot;:&quot;yes&quot;,&quot;gallery_layout&quot;:&quot;grid&quot;,&quot;columns_tablet&quot;:2,&quot;columns_mobile&quot;:1,&quot;gap&quot;:{&quot;unit&quot;:&quot;px&quot;,&quot;size&quot;:10,&quot;sizes&quot;:[]},&quot;gap_tablet&quot;:{&quot;unit&quot;:&quot;px&quot;,&quot;size&quot;:10,&quot;sizes&quot;:[]},&quot;gap_mobile&quot;:{&quot;unit&quot;:&quot;px&quot;,&quot;size&quot;:10,&quot;sizes&quot;:[]},&quot;link_to&quot;:&quot;file&quot;,&quot;aspect_ratio&quot;:&quot;3:2&quot;,&quot;overlay_background&quot;:&quot;yes&quot;,&quot;content_hover_animation&quot;:&quot;fade-in&quot;}\" data-widget_type=\"gallery.default\">\n\t\t\t\t<div class=\"elementor-widget-container\">\n\t\t\t\t\t\t\t<div class=\"elementor-gallery__container\">\n\t\t\t\t\t\t\t<a class=\"e-gallery-item elementor-gallery-item elementor-animated-content\" href=\"https:\/\/cedthu.rwpstaging.site\/wp-content\/uploads\/2024\/01\/AgGe_340.jpg\" data-elementor-open-lightbox=\"yes\" data-elementor-lightbox-slideshow=\"372ed925\" data-elementor-lightbox-title=\"AgGe_340\" data-e-action-hash=\"#elementor-action%3Aaction%3Dlightbox%26settings%3DeyJpZCI6MTE3MTMsInVybCI6Imh0dHBzOlwvXC9jZWR0aHUucndwc3RhZ2luZy5zaXRlXC93cC1jb250ZW50XC91cGxvYWRzXC8yMDI0XC8wMVwvQWdHZV8zNDAuanBnIiwic2xpZGVzaG93IjoiMzcyZWQ5MjUifQ%3D%3D\">\n\t\t\t\t\t<div class=\"e-gallery-image elementor-gallery-item__image\" data-thumbnail=\"https:\/\/cedthu.rwpstaging.site\/wp-content\/uploads\/2024\/01\/AgGe_340-300x200.jpg\" data-width=\"300\" data-height=\"200\" aria-label=\"\" role=\"img\" ><\/div>\n\t\t\t\t\t\t\t\t\t\t\t<div class=\"elementor-gallery-item__overlay\"><\/div>\n\t\t\t\t\t\t\t\t\t\t\t\t\t\t<\/a>\n\t\t\t\t\t\t\t<a class=\"e-gallery-item elementor-gallery-item elementor-animated-content\" href=\"https:\/\/cedthu.rwpstaging.site\/wp-content\/uploads\/2024\/01\/AgGe_552.jpg\" data-elementor-open-lightbox=\"yes\" data-elementor-lightbox-slideshow=\"372ed925\" data-elementor-lightbox-title=\"AgGe_552\" data-e-action-hash=\"#elementor-action%3Aaction%3Dlightbox%26settings%3DeyJpZCI6MTE2OTcsInVybCI6Imh0dHBzOlwvXC9jZWR0aHUucndwc3RhZ2luZy5zaXRlXC93cC1jb250ZW50XC91cGxvYWRzXC8yMDI0XC8wMVwvQWdHZV81NTIuanBnIiwic2xpZGVzaG93IjoiMzcyZWQ5MjUifQ%3D%3D\">\n\t\t\t\t\t<div class=\"e-gallery-image elementor-gallery-item__image\" data-thumbnail=\"https:\/\/cedthu.rwpstaging.site\/wp-content\/uploads\/2024\/01\/AgGe_552-300x103.jpg\" data-width=\"300\" data-height=\"103\" aria-label=\"\" role=\"img\" ><\/div>\n\t\t\t\t\t\t\t\t\t\t\t<div class=\"elementor-gallery-item__overlay\"><\/div>\n\t\t\t\t\t\t\t\t\t\t\t\t\t\t<\/a>\n\t\t\t\t\t\t\t<a class=\"e-gallery-item elementor-gallery-item elementor-animated-content\" href=\"https:\/\/cedthu.rwpstaging.site\/wp-content\/uploads\/2024\/01\/AgGe_031.jpg\" data-elementor-open-lightbox=\"yes\" data-elementor-lightbox-slideshow=\"372ed925\" data-elementor-lightbox-title=\"AgGe_031\" data-e-action-hash=\"#elementor-action%3Aaction%3Dlightbox%26settings%3DeyJpZCI6MTE2OTksInVybCI6Imh0dHBzOlwvXC9jZWR0aHUucndwc3RhZ2luZy5zaXRlXC93cC1jb250ZW50XC91cGxvYWRzXC8yMDI0XC8wMVwvQWdHZV8wMzEuanBnIiwic2xpZGVzaG93IjoiMzcyZWQ5MjUifQ%3D%3D\">\n\t\t\t\t\t<div class=\"e-gallery-image elementor-gallery-item__image\" data-thumbnail=\"https:\/\/cedthu.rwpstaging.site\/wp-content\/uploads\/2024\/01\/AgGe_031-200x300.jpg\" data-width=\"200\" data-height=\"300\" aria-label=\"\" role=\"img\" ><\/div>\n\t\t\t\t\t\t\t\t\t\t\t<div class=\"elementor-gallery-item__overlay\"><\/div>\n\t\t\t\t\t\t\t\t\t\t\t\t\t\t<\/a>\n\t\t\t\t\t<\/div>\n\t\t\t\t\t<\/div>\n\t\t\t\t<\/div>\n\t\t\t\t<div class=\"elementor-element elementor-element-460a201 elementor-widget elementor-widget-heading\" data-id=\"460a201\" data-element_type=\"widget\" data-widget_type=\"heading.default\">\n\t\t\t\t<div class=\"elementor-widget-container\">\n\t\t\t\t\t<h2 class=\"elementor-heading-title elementor-size-default\">KET - Anton Lachky - Alterslose Generation<\/h2>\t\t\t\t<\/div>\n\t\t\t\t<\/div>\n\t\t\t\t<div class=\"elementor-element elementor-element-77f0d37c elementor-widget elementor-widget-video\" data-id=\"77f0d37c\" data-element_type=\"widget\" data-settings=\"{&quot;youtube_url&quot;:&quot;https:\\\/\\\/youtu.be\\\/RxFTXAk4ysk&quot;,&quot;video_type&quot;:&quot;youtube&quot;,&quot;controls&quot;:&quot;yes&quot;}\" data-widget_type=\"video.default\">\n\t\t\t\t<div class=\"elementor-widget-container\">\n\t\t\t\t\t\t\t<div class=\"elementor-wrapper elementor-open-inline\">\n\t\t\t<div class=\"elementor-video\"><\/div>\t\t<\/div>\n\t\t\t\t\t\t<\/div>\n\t\t\t\t<\/div>\n\t\t\t\t<div class=\"elementor-element elementor-element-2eec9e6b elementor-widget-divider--view-line elementor-widget elementor-widget-divider\" data-id=\"2eec9e6b\" data-element_type=\"widget\" data-widget_type=\"divider.default\">\n\t\t\t\t<div class=\"elementor-widget-container\">\n\t\t\t\t\t\t\t<div class=\"elementor-divider\">\n\t\t\t<span class=\"elementor-divider-separator\">\n\t\t\t\t\t\t<\/span>\n\t\t<\/div>\n\t\t\t\t\t\t<\/div>\n\t\t\t\t<\/div>\n\t\t\t\t<div class=\"elementor-element elementor-element-18447626 elementor-widget elementor-widget-heading\" data-id=\"18447626\" data-element_type=\"widget\" data-widget_type=\"heading.default\">\n\t\t\t\t<div class=\"elementor-widget-container\">\n\t\t\t\t\t<h2 class=\"elementor-heading-title elementor-size-default\">Verwandte Pressemitteilungen<\/h2>\t\t\t\t<\/div>\n\t\t\t\t<\/div>\n\t\t\t\t<div class=\"elementor-element elementor-element-c9b9c4a elementor-widget elementor-widget-toggle\" data-id=\"c9b9c4a\" data-element_type=\"widget\" data-widget_type=\"toggle.default\">\n\t\t\t\t<div class=\"elementor-widget-container\">\n\t\t\t\t\t\t\t<div class=\"elementor-toggle\">\n\t\t\t\t\t\t\t<div class=\"elementor-toggle-item\">\n\t\t\t\t\t<div id=\"elementor-tab-title-2111\" class=\"elementor-tab-title\" data-tab=\"1\" role=\"button\" aria-controls=\"elementor-tab-content-2111\" aria-expanded=\"false\">\n\t\t\t\t\t\t\t\t\t\t\t\t<span class=\"elementor-toggle-icon elementor-toggle-icon-left\" aria-hidden=\"true\">\n\t\t\t\t\t\t\t\t\t\t\t\t\t\t\t<i class=\"elementor-toggle-icon-closed fa fa-caret-right\"><\/i>\n\t\t\t\t\t\t\t\t<i class=\"elementor-toggle-icon-opened fa fa-caret-up\"><\/i>\n\t\t\t\t\t\t\t\t\t\t\t\t\t<\/span>\n\t\t\t\t\t\t\t\t\t\t\t\t<a class=\"elementor-toggle-title\" tabindex=\"0\">Ansicht Reiter<\/a>\n\t\t\t\t\t<\/div>\n\n\t\t\t\t\t<div id=\"elementor-tab-content-2111\" class=\"elementor-tab-content elementor-clearfix\" data-tab=\"1\" role=\"region\" aria-labelledby=\"elementor-tab-title-2111\"><p>B\u00fchnengr\u00f6\u00dfe: 12 m breit, 12 m lang, 5 m hoch<br \/>B\u00fchnengr\u00f6\u00dfe: 12 m breit, 12 m lang, 5 m hoch<\/p><p>Dauer: 60 Minuten, ohne Unterbrechung<br \/>Vorlesungsdauer: 60 Minuten, ohne Pause<\/p><p>Installationszeit: 1 Stunde<br \/>Installationszeit: 1 Stunde<\/p><p>Beleuchtungsdauer: min. min. 5 Stunden<br \/>Beleuchtungsdauer: min. 5 Stunde<\/p><p>Wei\u00dfer Ballettteppich: 12\u00d712 m<br \/>Wei\u00dfer Ballettboden: 12\u00d712 m<\/p><p>Schwarze Beine, mit der M\u00f6glichkeit, auf beiden Seiten zu gehen: 5\/ Seite<br \/>Schwarzer Seitendeckel mit Gehmeinung: 5\/Seite<\/p><p>Wei\u00dfer Hintergrund in voller Breite, mit Fu\u00dfweg dahinter<br \/>Wei\u00dfer Hintergrundvorhang (eventuell wei\u00dfe Wand), hinter dem man gehen kann<\/p><p>Umkleider\u00e4ume: 1 weiblich (4 Personen), 1 m\u00e4nnlich (4 Personen)<br \/>Umkleidekabinen: 1 Damen (4 Hauptkabinen), 1 Herren (4 Hauptkabinen)<\/p><p>Hazer: voller Raum<br \/>Hazer: f\u00fcr alle Stufen<\/p><p>Ton: Laptop-Eingang (Stereo-Klinke), 2 Monitore, 2 Frontlautsprecher<br \/>Ton: Eingangsm\u00f6glichkeit f\u00fcr Netbook (Stereo-Klinke), 2 Monitor, 2 Front<\/p><p>Lampen:<br \/>Lampen:<\/p><p>LED-Strahl RGBW: 7 db\/Stk<br \/>Profil min. 575W: 15 St\u00fcck\/St\u00fcck<br \/>Profil min750W: 6db\/Stk<br \/>Altman lang\/lang: 24 St\u00fcck\/St\u00fcck<br \/>Altman kurz\/kurz: 2St\u00fcck<br \/>Altman-Zwiebeln:<br \/>-cp60: 2db\/pc<br \/>-cp61: 10db\/pc<br \/>-cp62: 10db\/pc<br \/>PC mit Scheunentor 1000w: 10db\/Stk<br \/>PC mit Scheunentor 2000w: 13db\/pc<br \/>Stativ: 10St\u00fcck\/St\u00fcck<br \/>Talp\/Floorset: 13db\/pc<\/p><\/div>\n\t\t\t\t<\/div>\n\t\t\t\t\t\t\t\t<\/div>\n\t\t\t\t\t\t<\/div>\n\t\t\t\t<\/div>\n\t\t\t\t\t<\/div>\n\t\t<\/div>\n\t\t\t\t\t<\/div>\n\t\t<\/section>\n\t\t\t\t<\/div>","protected":false},"excerpt":{"rendered":"<p>Ageless Generation- Kortalan nemzed\u00e9k Ellent\u00e9tek vil\u00e1g\u00e1ba kalauzol benn\u00fcnket Anton Lachky leg\u00fajabb, a K\u00f6z\u00e9p-Eur\u00f3pa T\u00e1ncsz\u00ednh\u00e1z m\u0171v\u00e9szeire meg\u00e1lmodott koreogr\u00e1fi\u00e1ja. Gener\u00e1ci\u00f3kat \u00e9s kult\u00far\u00e1kat \u00f6sszekapcsolva rep\u00edt minket olyan t\u00f6rt\u00e9netek sorozat\u00e1ba, ahol b\u00e1rmi lehets\u00e9gesnek t\u0171nik. \u00d6rv\u00e9nylik, mint a v\u00edz, amely hol l\u00e1gyan k\u00f6rbe\u00f6lel \u00e9s simogat, mint egy szerelmes \u00e9rint\u00e9s, hol pedig \u0151r\u00fclten tajt\u00e9kzik, \u00e9s erej\u00e9vel mag\u00e1ba szippant. A vil\u00e1g, ahol [&hellip;]<\/p>","protected":false},"author":1,"featured_media":0,"parent":0,"menu_order":0,"comment_status":"closed","ping_status":"closed","template":"elementor_header_footer","meta":{"footnotes":""},"class_list":["post-19862","page","type-page","status-publish","hentry"],"yoast_head":"<!-- This site is optimized with the Yoast SEO plugin v26.0 - https:\/\/yoast.com\/wordpress\/plugins\/seo\/ -->\n<title>Ageless Generation - KET<\/title>\n<meta name=\"robots\" content=\"index, follow, max-snippet:-1, max-image-preview:large, max-video-preview:-1\" \/>\n<link rel=\"canonical\" href=\"https:\/\/cedthu.rwpstaging.site\/de\/ageless-generation\/\" \/>\n<meta name=\"twitter:card\" content=\"summary_large_image\" \/>\n<meta name=\"twitter:title\" content=\"Ageless Generation - KET\" \/>\n<meta name=\"twitter:description\" content=\"Ageless Generation- Kortalan nemzed\u00e9k Ellent\u00e9tek vil\u00e1g\u00e1ba kalauzol benn\u00fcnket Anton Lachky leg\u00fajabb, a K\u00f6z\u00e9p-Eur\u00f3pa T\u00e1ncsz\u00ednh\u00e1z m\u0171v\u00e9szeire meg\u00e1lmodott koreogr\u00e1fi\u00e1ja. Gener\u00e1ci\u00f3kat \u00e9s kult\u00far\u00e1kat \u00f6sszekapcsolva rep\u00edt minket olyan t\u00f6rt\u00e9netek sorozat\u00e1ba, ahol b\u00e1rmi lehets\u00e9gesnek t\u0171nik. \u00d6rv\u00e9nylik, mint a v\u00edz, amely hol l\u00e1gyan k\u00f6rbe\u00f6lel \u00e9s simogat, mint egy szerelmes \u00e9rint\u00e9s, hol pedig \u0151r\u00fclten tajt\u00e9kzik, \u00e9s erej\u00e9vel mag\u00e1ba szippant. A vil\u00e1g, ahol [&hellip;]\" \/>\n<meta name=\"twitter:image\" content=\"https:\/\/cedthu.rwpstaging.site\/wp-content\/uploads\/2018\/10\/Anton-lachy_0008-1-1.jpg\" \/>\n<meta name=\"twitter:label1\" content=\"Gesch\u00e4tzte Lesezeit\" \/>\n\t<meta name=\"twitter:data1\" content=\"3\u00a0Minuten\" \/>\n<script type=\"application\/ld+json\" class=\"yoast-schema-graph\">{\"@context\":\"https:\/\/schema.org\",\"@graph\":[{\"@type\":\"WebPage\",\"@id\":\"https:\/\/cedthu.rwpstaging.site\/ageless-generation\/\",\"url\":\"https:\/\/cedthu.rwpstaging.site\/ageless-generation\/\",\"name\":\"Ageless Generation - KET\",\"isPartOf\":{\"@id\":\"https:\/\/cedthu.rwpstaging.site\/#website\"},\"primaryImageOfPage\":{\"@id\":\"https:\/\/cedthu.rwpstaging.site\/ageless-generation\/#primaryimage\"},\"image\":{\"@id\":\"https:\/\/cedthu.rwpstaging.site\/ageless-generation\/#primaryimage\"},\"thumbnailUrl\":\"https:\/\/cedthu.rwpstaging.site\/wp-content\/uploads\/2018\/10\/Anton-lachy_0008-1-1.jpg\",\"datePublished\":\"2025-06-03T08:38:03+00:00\",\"dateModified\":\"2025-06-03T08:42:49+00:00\",\"breadcrumb\":{\"@id\":\"https:\/\/cedthu.rwpstaging.site\/ageless-generation\/#breadcrumb\"},\"inLanguage\":\"de\",\"potentialAction\":[{\"@type\":\"ReadAction\",\"target\":[\"https:\/\/cedthu.rwpstaging.site\/ageless-generation\/\"]}]},{\"@type\":\"ImageObject\",\"inLanguage\":\"de\",\"@id\":\"https:\/\/cedthu.rwpstaging.site\/ageless-generation\/#primaryimage\",\"url\":\"https:\/\/cedthu.rwpstaging.site\/wp-content\/uploads\/2018\/10\/Anton-lachy_0008-1-1.jpg\",\"contentUrl\":\"https:\/\/cedthu.rwpstaging.site\/wp-content\/uploads\/2018\/10\/Anton-lachy_0008-1-1.jpg\"},{\"@type\":\"BreadcrumbList\",\"@id\":\"https:\/\/cedthu.rwpstaging.site\/ageless-generation\/#breadcrumb\",\"itemListElement\":[{\"@type\":\"ListItem\",\"position\":1,\"name\":\"Home\",\"item\":\"https:\/\/cedthu.rwpstaging.site\/\"},{\"@type\":\"ListItem\",\"position\":2,\"name\":\"Ageless Generation\"}]},{\"@type\":\"WebSite\",\"@id\":\"https:\/\/cedthu.rwpstaging.site\/#website\",\"url\":\"https:\/\/cedthu.rwpstaging.site\/\",\"name\":\"KET\",\"description\":\"K\u00f6z\u00e9p-Eur\u00f3pa T\u00e1ncsz\u00ednh\u00e1z\",\"publisher\":{\"@id\":\"https:\/\/cedthu.rwpstaging.site\/#organization\"},\"potentialAction\":[{\"@type\":\"SearchAction\",\"target\":{\"@type\":\"EntryPoint\",\"urlTemplate\":\"https:\/\/cedthu.rwpstaging.site\/?s={search_term_string}\"},\"query-input\":{\"@type\":\"PropertyValueSpecification\",\"valueRequired\":true,\"valueName\":\"search_term_string\"}}],\"inLanguage\":\"de\"},{\"@type\":\"Organization\",\"@id\":\"https:\/\/cedthu.rwpstaging.site\/#organization\",\"name\":\"KET\",\"url\":\"https:\/\/cedthu.rwpstaging.site\/\",\"logo\":{\"@type\":\"ImageObject\",\"inLanguage\":\"de\",\"@id\":\"https:\/\/cedthu.rwpstaging.site\/#\/schema\/logo\/image\/\",\"url\":\"https:\/\/cedthu.rwpstaging.site\/wp-content\/uploads\/2024\/03\/cropped-KET-NYomda-logo2.png\",\"contentUrl\":\"https:\/\/cedthu.rwpstaging.site\/wp-content\/uploads\/2024\/03\/cropped-KET-NYomda-logo2.png\",\"width\":300,\"height\":326,\"caption\":\"KET\"},\"image\":{\"@id\":\"https:\/\/cedthu.rwpstaging.site\/#\/schema\/logo\/image\/\"}}]}<\/script>\n<!-- \/ Yoast SEO plugin. -->","yoast_head_json":{"title":"Ageless Generation - KET","robots":{"index":"index","follow":"follow","max-snippet":"max-snippet:-1","max-image-preview":"max-image-preview:large","max-video-preview":"max-video-preview:-1"},"canonical":"https:\/\/cedthu.rwpstaging.site\/de\/ageless-generation\/","twitter_card":"summary_large_image","twitter_title":"Ageless Generation - KET","twitter_description":"Ageless Generation- Kortalan nemzed\u00e9k Ellent\u00e9tek vil\u00e1g\u00e1ba kalauzol benn\u00fcnket Anton Lachky leg\u00fajabb, a K\u00f6z\u00e9p-Eur\u00f3pa T\u00e1ncsz\u00ednh\u00e1z m\u0171v\u00e9szeire meg\u00e1lmodott koreogr\u00e1fi\u00e1ja. Gener\u00e1ci\u00f3kat \u00e9s kult\u00far\u00e1kat \u00f6sszekapcsolva rep\u00edt minket olyan t\u00f6rt\u00e9netek sorozat\u00e1ba, ahol b\u00e1rmi lehets\u00e9gesnek t\u0171nik. \u00d6rv\u00e9nylik, mint a v\u00edz, amely hol l\u00e1gyan k\u00f6rbe\u00f6lel \u00e9s simogat, mint egy szerelmes \u00e9rint\u00e9s, hol pedig \u0151r\u00fclten tajt\u00e9kzik, \u00e9s erej\u00e9vel mag\u00e1ba szippant. A vil\u00e1g, ahol [&hellip;]","twitter_image":"https:\/\/cedthu.rwpstaging.site\/wp-content\/uploads\/2018\/10\/Anton-lachy_0008-1-1.jpg","twitter_misc":{"Gesch\u00e4tzte Lesezeit":"3\u00a0Minuten"},"schema":{"@context":"https:\/\/schema.org","@graph":[{"@type":"WebPage","@id":"https:\/\/cedthu.rwpstaging.site\/ageless-generation\/","url":"https:\/\/cedthu.rwpstaging.site\/ageless-generation\/","name":"Ageless Generation - KET","isPartOf":{"@id":"https:\/\/cedthu.rwpstaging.site\/#website"},"primaryImageOfPage":{"@id":"https:\/\/cedthu.rwpstaging.site\/ageless-generation\/#primaryimage"},"image":{"@id":"https:\/\/cedthu.rwpstaging.site\/ageless-generation\/#primaryimage"},"thumbnailUrl":"https:\/\/cedthu.rwpstaging.site\/wp-content\/uploads\/2018\/10\/Anton-lachy_0008-1-1.jpg","datePublished":"2025-06-03T08:38:03+00:00","dateModified":"2025-06-03T08:42:49+00:00","breadcrumb":{"@id":"https:\/\/cedthu.rwpstaging.site\/ageless-generation\/#breadcrumb"},"inLanguage":"de","potentialAction":[{"@type":"ReadAction","target":["https:\/\/cedthu.rwpstaging.site\/ageless-generation\/"]}]},{"@type":"ImageObject","inLanguage":"de","@id":"https:\/\/cedthu.rwpstaging.site\/ageless-generation\/#primaryimage","url":"https:\/\/cedthu.rwpstaging.site\/wp-content\/uploads\/2018\/10\/Anton-lachy_0008-1-1.jpg","contentUrl":"https:\/\/cedthu.rwpstaging.site\/wp-content\/uploads\/2018\/10\/Anton-lachy_0008-1-1.jpg"},{"@type":"BreadcrumbList","@id":"https:\/\/cedthu.rwpstaging.site\/ageless-generation\/#breadcrumb","itemListElement":[{"@type":"ListItem","position":1,"name":"Home","item":"https:\/\/cedthu.rwpstaging.site\/"},{"@type":"ListItem","position":2,"name":"Ageless Generation"}]},{"@type":"WebSite","@id":"https:\/\/cedthu.rwpstaging.site\/#website","url":"https:\/\/cedthu.rwpstaging.site\/","name":"KET","description":"Tanztheater Mitteleuropa","publisher":{"@id":"https:\/\/cedthu.rwpstaging.site\/#organization"},"potentialAction":[{"@type":"SearchAction","target":{"@type":"EntryPoint","urlTemplate":"https:\/\/cedthu.rwpstaging.site\/?s={search_term_string}"},"query-input":{"@type":"PropertyValueSpecification","valueRequired":true,"valueName":"search_term_string"}}],"inLanguage":"de"},{"@type":"Organization","@id":"https:\/\/cedthu.rwpstaging.site\/#organization","name":"KET","url":"https:\/\/cedthu.rwpstaging.site\/","logo":{"@type":"ImageObject","inLanguage":"de","@id":"https:\/\/cedthu.rwpstaging.site\/#\/schema\/logo\/image\/","url":"https:\/\/cedthu.rwpstaging.site\/wp-content\/uploads\/2024\/03\/cropped-KET-NYomda-logo2.png","contentUrl":"https:\/\/cedthu.rwpstaging.site\/wp-content\/uploads\/2024\/03\/cropped-KET-NYomda-logo2.png","width":300,"height":326,"caption":"KET"},"image":{"@id":"https:\/\/cedthu.rwpstaging.site\/#\/schema\/logo\/image\/"}}]}},"_links":{"self":[{"href":"https:\/\/cedthu.rwpstaging.site\/de\/wp-json\/wp\/v2\/pages\/19862","targetHints":{"allow":["GET"]}}],"collection":[{"href":"https:\/\/cedthu.rwpstaging.site\/de\/wp-json\/wp\/v2\/pages"}],"about":[{"href":"https:\/\/cedthu.rwpstaging.site\/de\/wp-json\/wp\/v2\/types\/page"}],"author":[{"embeddable":true,"href":"https:\/\/cedthu.rwpstaging.site\/de\/wp-json\/wp\/v2\/users\/1"}],"replies":[{"embeddable":true,"href":"https:\/\/cedthu.rwpstaging.site\/de\/wp-json\/wp\/v2\/comments?post=19862"}],"version-history":[{"count":5,"href":"https:\/\/cedthu.rwpstaging.site\/de\/wp-json\/wp\/v2\/pages\/19862\/revisions"}],"predecessor-version":[{"id":19893,"href":"https:\/\/cedthu.rwpstaging.site\/de\/wp-json\/wp\/v2\/pages\/19862\/revisions\/19893"}],"wp:attachment":[{"href":"https:\/\/cedthu.rwpstaging.site\/de\/wp-json\/wp\/v2\/media?parent=19862"}],"curies":[{"name":"wp","href":"https:\/\/api.w.org\/{rel}","templated":true}]}}