{"id":19902,"date":"2025-06-03T08:45:42","date_gmt":"2025-06-03T08:45:42","guid":{"rendered":"https:\/\/cedthu.rwpstaging.site\/?page_id=19902"},"modified":"2025-06-03T08:47:16","modified_gmt":"2025-06-03T08:47:16","slug":"oulu-dance-hack-2021-sharing","status":"publish","type":"page","link":"https:\/\/cedthu.rwpstaging.site\/de\/oulu-dance-hack-2021-sharing\/","title":{"rendered":"Oulu Dance Hack 2021 Teilen"},"content":{"rendered":"<div data-elementor-type=\"wp-page\" data-elementor-id=\"19902\" class=\"elementor elementor-19902\" data-elementor-post-type=\"page\">\n\t\t\t\t\t\t<section class=\"elementor-section elementor-top-section elementor-element elementor-element-7e3ff5c0 elementor-section-boxed elementor-section-height-default elementor-section-height-default\" data-id=\"7e3ff5c0\" data-element_type=\"section\" data-settings=\"{&quot;background_background&quot;:&quot;classic&quot;}\">\n\t\t\t\t\t\t<div class=\"elementor-container elementor-column-gap-default\">\n\t\t\t\t\t<div class=\"elementor-column elementor-col-100 elementor-top-column elementor-element elementor-element-68b700df\" data-id=\"68b700df\" data-element_type=\"column\">\n\t\t\t<div class=\"elementor-widget-wrap elementor-element-populated\">\n\t\t\t\t\t\t<section class=\"elementor-section elementor-inner-section elementor-element elementor-element-2bf4938c elementor-section-boxed elementor-section-height-default elementor-section-height-default\" data-id=\"2bf4938c\" data-element_type=\"section\">\n\t\t\t\t\t\t<div class=\"elementor-container elementor-column-gap-default\">\n\t\t\t\t\t<div class=\"elementor-column elementor-col-50 elementor-inner-column elementor-element elementor-element-26dd313a\" data-id=\"26dd313a\" data-element_type=\"column\">\n\t\t\t<div class=\"elementor-widget-wrap elementor-element-populated\">\n\t\t\t\t\t\t<div class=\"elementor-element elementor-element-5062e520 elementor-widget elementor-widget-image\" data-id=\"5062e520\" data-element_type=\"widget\" data-widget_type=\"image.default\">\n\t\t\t\t<div class=\"elementor-widget-container\">\n\t\t\t\t\t\t\t\t\t\t\t\t\t\t\t<img fetchpriority=\"high\" decoding=\"async\" width=\"296\" height=\"222\" src=\"https:\/\/cedthu.rwpstaging.site\/wp-content\/uploads\/2021\/02\/146492481_5309624469062661_1086556789691481783_o.jpg\" class=\"attachment-full size-full wp-image-7456\" alt=\"\" srcset=\"https:\/\/cedthu.rwpstaging.site\/wp-content\/uploads\/2021\/02\/146492481_5309624469062661_1086556789691481783_o.jpg 296w, https:\/\/cedthu.rwpstaging.site\/wp-content\/uploads\/2021\/02\/146492481_5309624469062661_1086556789691481783_o-20x15.jpg 20w\" sizes=\"(max-width: 296px) 100vw, 296px\" \/>\t\t\t\t\t\t\t\t\t\t\t\t\t\t\t<\/div>\n\t\t\t\t<\/div>\n\t\t\t\t\t<\/div>\n\t\t<\/div>\n\t\t\t\t<div class=\"elementor-column elementor-col-50 elementor-inner-column elementor-element elementor-element-3b8cde60\" data-id=\"3b8cde60\" data-element_type=\"column\">\n\t\t\t<div class=\"elementor-widget-wrap elementor-element-populated\">\n\t\t\t\t\t\t<div class=\"elementor-element elementor-element-47cf2e33 elementor-widget elementor-widget-text-editor\" data-id=\"47cf2e33\" data-element_type=\"widget\" data-widget_type=\"text-editor.default\">\n\t\t\t\t<div class=\"elementor-widget-container\">\n\t\t\t\t\t\t\t\t\t<div class=\"x11i5rnm xat24cr x1mh8g0r x1vvkbs xtlvy1s\"><div class=\"show-description\"><p>Der Oulu Dance Hack 2021 Sharing ist die erste Phase einer finnisch-ungarischen Zusammenarbeit, die irgendwo zwischen Oulu und Budapest stattfindet, aber an einem Ort, dem Online-Raum. Der Veranstaltungsort ist das TaikaBox-Studio in Finnland, das von der ungarischen Seite aus mit der B\u00fchne des Bethlen T\u00e9ri Theaters in Budapest verbunden ist.<br \/>Die KET-T\u00e4nzer Kriszti\u00e1n Barna, D\u00e1vid Dab\u00f3czi und R\u00e9ka Gyevn\u00e1r arbeiteten mit den australischen K\u00fcnstlern Jared Van Earle, Kira Riikonen und Samuli Emery aus Finnland zusammen. Die Auff\u00fchrung wird live auf KET \u00fcbertragen <a href=\"https:\/\/www.facebook.com\/watch\/live\/?ref=watch_permalink&amp;v=176530857596950\">Auf seiner Facebook-Seite<\/a>die ein Projekt vorstellt, das aus Choreographie und Technologie im Online-Offline-Raum entstanden ist, das in nur vier(!) Tagen entstanden ist und das Leben der Kompanie mit Erfahrungen bereichert hat, die im physischen Raum nicht m\u00f6glich gewesen w\u00e4ren, mit der M\u00f6glichkeit der N\u00e4he, oder nur in einem anderen Ausma\u00df.<br \/>Wir sind dankbar, dass wir auch in dieser nach wie vor schwierigen Situation immer wieder von au\u00dfergew\u00f6hnlichen Menschen lernen k\u00f6nnen, wie denen, die wir gerade kennenlernen durften und denen wir so nahe gekommen sind.<\/p><\/div><\/div>\t\t\t\t\t\t\t\t<\/div>\n\t\t\t\t<\/div>\n\t\t\t\t\t<\/div>\n\t\t<\/div>\n\t\t\t\t\t<\/div>\n\t\t<\/section>\n\t\t\t\t<div class=\"elementor-element elementor-element-6920f967 elementor-widget elementor-widget-heading\" data-id=\"6920f967\" data-element_type=\"widget\" data-widget_type=\"heading.default\">\n\t\t\t\t<div class=\"elementor-widget-container\">\n\t\t\t\t\t<h2 class=\"elementor-heading-title elementor-size-default\">Sch\u00f6pfer<\/h2>\t\t\t\t<\/div>\n\t\t\t\t<\/div>\n\t\t\t\t<div class=\"elementor-element elementor-element-361096c8 elementor-widget-divider--view-line elementor-widget elementor-widget-divider\" data-id=\"361096c8\" data-element_type=\"widget\" data-widget_type=\"divider.default\">\n\t\t\t\t<div class=\"elementor-widget-container\">\n\t\t\t\t\t\t\t<div class=\"elementor-divider\">\n\t\t\t<span class=\"elementor-divider-separator\">\n\t\t\t\t\t\t<\/span>\n\t\t<\/div>\n\t\t\t\t\t\t<\/div>\n\t\t\t\t<\/div>\n\t\t\t\t<div class=\"elementor-element elementor-element-7bee9893 elementor-widget elementor-widget-text-editor\" data-id=\"7bee9893\" data-element_type=\"widget\" data-widget_type=\"text-editor.default\">\n\t\t\t\t<div class=\"elementor-widget-container\">\n\t\t\t\t\t\t\t\t\t<div class=\"show-actors\"><div id=\"nested-actors\"><div class=\"show-actors\"><div id=\"nested-actors\"><div class=\"show-actors\"><div id=\"nested-actors\"><div><div class=\"show-actors\"><div id=\"nested-actors\"><div><h3>Sch\u00f6pfer<\/h3><ul><li>Kriszti\u00e1n Barna<\/li><li>D\u00e1vid Dab\u00f3czi<\/li><li>R\u00e9ka Gyevn\u00e1r<\/li><li>Jared Van Earle<\/li><li>Kira Riikonen<\/li><li>Samuli Emery<\/li><\/ul><\/div><div><h3>Mentor und Videotechnik<\/h3><ul><li>John Collingswood<\/li><\/ul><\/div><div><h3>Technik<\/h3><ul><li>Zolt\u00e1n Fogarasi<\/li><li>L\u00e1szl\u00f3 M\u00e1di<\/li><\/ul><\/div><div><h3>Organisation der Produktion<\/h3><ul><li>Krist\u00f3f Farkas<\/li><\/ul><\/div><\/div><\/div><div class=\"show-images\"><div class=\"row no-margin\"><div class=\"col-md-12 no-padding\">\u00a0<\/div><\/div><\/div><\/div><\/div><\/div><\/div><\/div><\/div><\/div>\t\t\t\t\t\t\t\t<\/div>\n\t\t\t\t<\/div>\n\t\t\t\t<div class=\"elementor-element elementor-element-5399d212 elementor-widget elementor-widget-heading\" data-id=\"5399d212\" data-element_type=\"widget\" data-widget_type=\"heading.default\">\n\t\t\t\t<div class=\"elementor-widget-container\">\n\t\t\t\t\t<h2 class=\"elementor-heading-title elementor-size-default\">Oulu Dance Hack 2021 Teilen<\/h2>\t\t\t\t<\/div>\n\t\t\t\t<\/div>\n\t\t\t\t<div class=\"elementor-element elementor-element-51813a84 elementor-widget elementor-widget-gallery\" data-id=\"51813a84\" data-element_type=\"widget\" data-settings=\"{&quot;columns&quot;:3,&quot;lazyload&quot;:&quot;yes&quot;,&quot;gallery_layout&quot;:&quot;grid&quot;,&quot;columns_tablet&quot;:2,&quot;columns_mobile&quot;:1,&quot;gap&quot;:{&quot;unit&quot;:&quot;px&quot;,&quot;size&quot;:10,&quot;sizes&quot;:[]},&quot;gap_tablet&quot;:{&quot;unit&quot;:&quot;px&quot;,&quot;size&quot;:10,&quot;sizes&quot;:[]},&quot;gap_mobile&quot;:{&quot;unit&quot;:&quot;px&quot;,&quot;size&quot;:10,&quot;sizes&quot;:[]},&quot;link_to&quot;:&quot;file&quot;,&quot;aspect_ratio&quot;:&quot;3:2&quot;,&quot;overlay_background&quot;:&quot;yes&quot;,&quot;content_hover_animation&quot;:&quot;fade-in&quot;}\" data-widget_type=\"gallery.default\">\n\t\t\t\t<div class=\"elementor-widget-container\">\n\t\t\t\t\t\t\t<div class=\"elementor-gallery__container\">\n\t\t\t\t\t\t\t<a class=\"e-gallery-item elementor-gallery-item elementor-animated-content\" href=\"https:\/\/cedthu.rwpstaging.site\/wp-content\/uploads\/2021\/02\/finn.jpg\" data-elementor-open-lightbox=\"yes\" data-elementor-lightbox-slideshow=\"51813a84\" data-elementor-lightbox-title=\"finn\" data-e-action-hash=\"#elementor-action%3Aaction%3Dlightbox%26settings%3DeyJpZCI6NzQ1MCwidXJsIjoiaHR0cHM6XC9cL2NlZHRodS5yd3BzdGFnaW5nLnNpdGVcL3dwLWNvbnRlbnRcL3VwbG9hZHNcLzIwMjFcLzAyXC9maW5uLmpwZyIsInNsaWRlc2hvdyI6IjUxODEzYTg0In0%3D\">\n\t\t\t\t\t<div class=\"e-gallery-image elementor-gallery-item__image\" data-thumbnail=\"https:\/\/cedthu.rwpstaging.site\/wp-content\/uploads\/2021\/02\/finn-300x225.jpg\" data-width=\"300\" data-height=\"225\" aria-label=\"\" role=\"img\" ><\/div>\n\t\t\t\t\t\t\t\t\t\t\t<div class=\"elementor-gallery-item__overlay\"><\/div>\n\t\t\t\t\t\t\t\t\t\t\t\t\t\t<\/a>\n\t\t\t\t\t<\/div>\n\t\t\t\t\t<\/div>\n\t\t\t\t<\/div>\n\t\t\t\t\t<\/div>\n\t\t<\/div>\n\t\t\t\t\t<\/div>\n\t\t<\/section>\n\t\t\t\t<\/div>","protected":false},"excerpt":{"rendered":"<p>Az Oulu Dance Hack 2021 Sharing egy finn-magyar kollabor\u00e1ci\u00f3 els\u0151 \u00e1llom\u00e1sa, mely helysz\u00edn\u00e9t tekintve valahol Oulu \u00e9s Budapest k\u00f6z\u00f6tt, de egyszerre egy helyen, az online t\u00e9rben van jelen. A helysz\u00edn a finnorsz\u00e1gi TaikaBox st\u00fadi\u00f3ja, \u00f6sszekapcsolva magyar r\u00e9szr\u0151l a f\u0151v\u00e1rosi Bethlen T\u00e9ri Sz\u00ednh\u00e1z sz\u00ednpadterm\u00e9vel.A KET t\u00e1ncm\u0171v\u00e9szei k\u00f6z\u00fcl Barna Kriszti\u00e1n, Dab\u00f3czi D\u00e1vid \u00e9s Gyevn\u00e1r R\u00e9ka dolgozott egy\u00fctt [&hellip;]<\/p>","protected":false},"author":1,"featured_media":0,"parent":0,"menu_order":0,"comment_status":"closed","ping_status":"closed","template":"elementor_header_footer","meta":{"footnotes":""},"class_list":["post-19902","page","type-page","status-publish","hentry"],"yoast_head":"<!-- This site is optimized with the Yoast SEO plugin v26.0 - https:\/\/yoast.com\/wordpress\/plugins\/seo\/ -->\n<title>Oulu Dance Hack 2021 Sharing - KET<\/title>\n<meta name=\"robots\" content=\"index, follow, max-snippet:-1, max-image-preview:large, max-video-preview:-1\" \/>\n<link rel=\"canonical\" href=\"https:\/\/cedthu.rwpstaging.site\/de\/oulu-dance-hack-2021-sharing\/\" \/>\n<meta name=\"twitter:card\" content=\"summary_large_image\" \/>\n<meta name=\"twitter:title\" content=\"Oulu Dance Hack 2021 Sharing - KET\" \/>\n<meta name=\"twitter:description\" content=\"Az Oulu Dance Hack 2021 Sharing egy finn-magyar kollabor\u00e1ci\u00f3 els\u0151 \u00e1llom\u00e1sa, mely helysz\u00edn\u00e9t tekintve valahol Oulu \u00e9s Budapest k\u00f6z\u00f6tt, de egyszerre egy helyen, az online t\u00e9rben van jelen. A helysz\u00edn a finnorsz\u00e1gi TaikaBox st\u00fadi\u00f3ja, \u00f6sszekapcsolva magyar r\u00e9szr\u0151l a f\u0151v\u00e1rosi Bethlen T\u00e9ri Sz\u00ednh\u00e1z sz\u00ednpadterm\u00e9vel.A KET t\u00e1ncm\u0171v\u00e9szei k\u00f6z\u00fcl Barna Kriszti\u00e1n, Dab\u00f3czi D\u00e1vid \u00e9s Gyevn\u00e1r R\u00e9ka dolgozott egy\u00fctt [&hellip;]\" \/>\n<meta name=\"twitter:image\" content=\"https:\/\/cedthu.rwpstaging.site\/wp-content\/uploads\/2021\/02\/146492481_5309624469062661_1086556789691481783_o.jpg\" \/>\n<meta name=\"twitter:label1\" content=\"Gesch\u00e4tzte Lesezeit\" \/>\n\t<meta name=\"twitter:data1\" content=\"2\u00a0Minuten\" \/>\n<script type=\"application\/ld+json\" class=\"yoast-schema-graph\">{\"@context\":\"https:\/\/schema.org\",\"@graph\":[{\"@type\":\"WebPage\",\"@id\":\"https:\/\/cedthu.rwpstaging.site\/oulu-dance-hack-2021-sharing\/\",\"url\":\"https:\/\/cedthu.rwpstaging.site\/oulu-dance-hack-2021-sharing\/\",\"name\":\"Oulu Dance Hack 2021 Sharing - KET\",\"isPartOf\":{\"@id\":\"https:\/\/cedthu.rwpstaging.site\/#website\"},\"primaryImageOfPage\":{\"@id\":\"https:\/\/cedthu.rwpstaging.site\/oulu-dance-hack-2021-sharing\/#primaryimage\"},\"image\":{\"@id\":\"https:\/\/cedthu.rwpstaging.site\/oulu-dance-hack-2021-sharing\/#primaryimage\"},\"thumbnailUrl\":\"https:\/\/cedthu.rwpstaging.site\/wp-content\/uploads\/2021\/02\/146492481_5309624469062661_1086556789691481783_o.jpg\",\"datePublished\":\"2025-06-03T08:45:42+00:00\",\"dateModified\":\"2025-06-03T08:47:16+00:00\",\"breadcrumb\":{\"@id\":\"https:\/\/cedthu.rwpstaging.site\/oulu-dance-hack-2021-sharing\/#breadcrumb\"},\"inLanguage\":\"de\",\"potentialAction\":[{\"@type\":\"ReadAction\",\"target\":[\"https:\/\/cedthu.rwpstaging.site\/oulu-dance-hack-2021-sharing\/\"]}]},{\"@type\":\"ImageObject\",\"inLanguage\":\"de\",\"@id\":\"https:\/\/cedthu.rwpstaging.site\/oulu-dance-hack-2021-sharing\/#primaryimage\",\"url\":\"https:\/\/cedthu.rwpstaging.site\/wp-content\/uploads\/2021\/02\/146492481_5309624469062661_1086556789691481783_o.jpg\",\"contentUrl\":\"https:\/\/cedthu.rwpstaging.site\/wp-content\/uploads\/2021\/02\/146492481_5309624469062661_1086556789691481783_o.jpg\"},{\"@type\":\"BreadcrumbList\",\"@id\":\"https:\/\/cedthu.rwpstaging.site\/oulu-dance-hack-2021-sharing\/#breadcrumb\",\"itemListElement\":[{\"@type\":\"ListItem\",\"position\":1,\"name\":\"Home\",\"item\":\"https:\/\/cedthu.rwpstaging.site\/\"},{\"@type\":\"ListItem\",\"position\":2,\"name\":\"Oulu Dance Hack 2021 Sharing\"}]},{\"@type\":\"WebSite\",\"@id\":\"https:\/\/cedthu.rwpstaging.site\/#website\",\"url\":\"https:\/\/cedthu.rwpstaging.site\/\",\"name\":\"KET\",\"description\":\"K\u00f6z\u00e9p-Eur\u00f3pa T\u00e1ncsz\u00ednh\u00e1z\",\"publisher\":{\"@id\":\"https:\/\/cedthu.rwpstaging.site\/#organization\"},\"potentialAction\":[{\"@type\":\"SearchAction\",\"target\":{\"@type\":\"EntryPoint\",\"urlTemplate\":\"https:\/\/cedthu.rwpstaging.site\/?s={search_term_string}\"},\"query-input\":{\"@type\":\"PropertyValueSpecification\",\"valueRequired\":true,\"valueName\":\"search_term_string\"}}],\"inLanguage\":\"de\"},{\"@type\":\"Organization\",\"@id\":\"https:\/\/cedthu.rwpstaging.site\/#organization\",\"name\":\"KET\",\"url\":\"https:\/\/cedthu.rwpstaging.site\/\",\"logo\":{\"@type\":\"ImageObject\",\"inLanguage\":\"de\",\"@id\":\"https:\/\/cedthu.rwpstaging.site\/#\/schema\/logo\/image\/\",\"url\":\"https:\/\/cedthu.rwpstaging.site\/wp-content\/uploads\/2024\/03\/cropped-KET-NYomda-logo2.png\",\"contentUrl\":\"https:\/\/cedthu.rwpstaging.site\/wp-content\/uploads\/2024\/03\/cropped-KET-NYomda-logo2.png\",\"width\":300,\"height\":326,\"caption\":\"KET\"},\"image\":{\"@id\":\"https:\/\/cedthu.rwpstaging.site\/#\/schema\/logo\/image\/\"}}]}<\/script>\n<!-- \/ Yoast SEO plugin. -->","yoast_head_json":{"title":"Oulu Dance Hack 2021 Sharing - KET","robots":{"index":"index","follow":"follow","max-snippet":"max-snippet:-1","max-image-preview":"max-image-preview:large","max-video-preview":"max-video-preview:-1"},"canonical":"https:\/\/cedthu.rwpstaging.site\/de\/oulu-dance-hack-2021-sharing\/","twitter_card":"summary_large_image","twitter_title":"Oulu Dance Hack 2021 Sharing - KET","twitter_description":"Az Oulu Dance Hack 2021 Sharing egy finn-magyar kollabor\u00e1ci\u00f3 els\u0151 \u00e1llom\u00e1sa, mely helysz\u00edn\u00e9t tekintve valahol Oulu \u00e9s Budapest k\u00f6z\u00f6tt, de egyszerre egy helyen, az online t\u00e9rben van jelen. A helysz\u00edn a finnorsz\u00e1gi TaikaBox st\u00fadi\u00f3ja, \u00f6sszekapcsolva magyar r\u00e9szr\u0151l a f\u0151v\u00e1rosi Bethlen T\u00e9ri Sz\u00ednh\u00e1z sz\u00ednpadterm\u00e9vel.A KET t\u00e1ncm\u0171v\u00e9szei k\u00f6z\u00fcl Barna Kriszti\u00e1n, Dab\u00f3czi D\u00e1vid \u00e9s Gyevn\u00e1r R\u00e9ka dolgozott egy\u00fctt [&hellip;]","twitter_image":"https:\/\/cedthu.rwpstaging.site\/wp-content\/uploads\/2021\/02\/146492481_5309624469062661_1086556789691481783_o.jpg","twitter_misc":{"Gesch\u00e4tzte Lesezeit":"2\u00a0Minuten"},"schema":{"@context":"https:\/\/schema.org","@graph":[{"@type":"WebPage","@id":"https:\/\/cedthu.rwpstaging.site\/oulu-dance-hack-2021-sharing\/","url":"https:\/\/cedthu.rwpstaging.site\/oulu-dance-hack-2021-sharing\/","name":"Oulu Dance Hack 2021 Sharing - KET","isPartOf":{"@id":"https:\/\/cedthu.rwpstaging.site\/#website"},"primaryImageOfPage":{"@id":"https:\/\/cedthu.rwpstaging.site\/oulu-dance-hack-2021-sharing\/#primaryimage"},"image":{"@id":"https:\/\/cedthu.rwpstaging.site\/oulu-dance-hack-2021-sharing\/#primaryimage"},"thumbnailUrl":"https:\/\/cedthu.rwpstaging.site\/wp-content\/uploads\/2021\/02\/146492481_5309624469062661_1086556789691481783_o.jpg","datePublished":"2025-06-03T08:45:42+00:00","dateModified":"2025-06-03T08:47:16+00:00","breadcrumb":{"@id":"https:\/\/cedthu.rwpstaging.site\/oulu-dance-hack-2021-sharing\/#breadcrumb"},"inLanguage":"de","potentialAction":[{"@type":"ReadAction","target":["https:\/\/cedthu.rwpstaging.site\/oulu-dance-hack-2021-sharing\/"]}]},{"@type":"ImageObject","inLanguage":"de","@id":"https:\/\/cedthu.rwpstaging.site\/oulu-dance-hack-2021-sharing\/#primaryimage","url":"https:\/\/cedthu.rwpstaging.site\/wp-content\/uploads\/2021\/02\/146492481_5309624469062661_1086556789691481783_o.jpg","contentUrl":"https:\/\/cedthu.rwpstaging.site\/wp-content\/uploads\/2021\/02\/146492481_5309624469062661_1086556789691481783_o.jpg"},{"@type":"BreadcrumbList","@id":"https:\/\/cedthu.rwpstaging.site\/oulu-dance-hack-2021-sharing\/#breadcrumb","itemListElement":[{"@type":"ListItem","position":1,"name":"Home","item":"https:\/\/cedthu.rwpstaging.site\/"},{"@type":"ListItem","position":2,"name":"Oulu Dance Hack 2021 Sharing"}]},{"@type":"WebSite","@id":"https:\/\/cedthu.rwpstaging.site\/#website","url":"https:\/\/cedthu.rwpstaging.site\/","name":"KET","description":"Tanztheater Mitteleuropa","publisher":{"@id":"https:\/\/cedthu.rwpstaging.site\/#organization"},"potentialAction":[{"@type":"SearchAction","target":{"@type":"EntryPoint","urlTemplate":"https:\/\/cedthu.rwpstaging.site\/?s={search_term_string}"},"query-input":{"@type":"PropertyValueSpecification","valueRequired":true,"valueName":"search_term_string"}}],"inLanguage":"de"},{"@type":"Organization","@id":"https:\/\/cedthu.rwpstaging.site\/#organization","name":"KET","url":"https:\/\/cedthu.rwpstaging.site\/","logo":{"@type":"ImageObject","inLanguage":"de","@id":"https:\/\/cedthu.rwpstaging.site\/#\/schema\/logo\/image\/","url":"https:\/\/cedthu.rwpstaging.site\/wp-content\/uploads\/2024\/03\/cropped-KET-NYomda-logo2.png","contentUrl":"https:\/\/cedthu.rwpstaging.site\/wp-content\/uploads\/2024\/03\/cropped-KET-NYomda-logo2.png","width":300,"height":326,"caption":"KET"},"image":{"@id":"https:\/\/cedthu.rwpstaging.site\/#\/schema\/logo\/image\/"}}]}},"_links":{"self":[{"href":"https:\/\/cedthu.rwpstaging.site\/de\/wp-json\/wp\/v2\/pages\/19902","targetHints":{"allow":["GET"]}}],"collection":[{"href":"https:\/\/cedthu.rwpstaging.site\/de\/wp-json\/wp\/v2\/pages"}],"about":[{"href":"https:\/\/cedthu.rwpstaging.site\/de\/wp-json\/wp\/v2\/types\/page"}],"author":[{"embeddable":true,"href":"https:\/\/cedthu.rwpstaging.site\/de\/wp-json\/wp\/v2\/users\/1"}],"replies":[{"embeddable":true,"href":"https:\/\/cedthu.rwpstaging.site\/de\/wp-json\/wp\/v2\/comments?post=19902"}],"version-history":[{"count":5,"href":"https:\/\/cedthu.rwpstaging.site\/de\/wp-json\/wp\/v2\/pages\/19902\/revisions"}],"predecessor-version":[{"id":19930,"href":"https:\/\/cedthu.rwpstaging.site\/de\/wp-json\/wp\/v2\/pages\/19902\/revisions\/19930"}],"wp:attachment":[{"href":"https:\/\/cedthu.rwpstaging.site\/de\/wp-json\/wp\/v2\/media?parent=19902"}],"curies":[{"name":"wp","href":"https:\/\/api.w.org\/{rel}","templated":true}]}}