{"id":20104,"date":"2025-06-03T09:26:54","date_gmt":"2025-06-03T09:26:54","guid":{"rendered":"https:\/\/cedthu.rwpstaging.site\/?page_id=20104"},"modified":"2025-06-03T09:28:54","modified_gmt":"2025-06-03T09:28:54","slug":"poly","status":"publish","type":"page","link":"https:\/\/cedthu.rwpstaging.site\/de\/poly\/","title":{"rendered":"Poly"},"content":{"rendered":"<div data-elementor-type=\"wp-page\" data-elementor-id=\"20104\" class=\"elementor elementor-20104\" data-elementor-post-type=\"page\">\n\t\t\t\t\t\t<section class=\"elementor-section elementor-top-section elementor-element elementor-element-5ad7a434 elementor-section-boxed elementor-section-height-default elementor-section-height-default\" data-id=\"5ad7a434\" data-element_type=\"section\" data-settings=\"{&quot;background_background&quot;:&quot;classic&quot;}\">\n\t\t\t\t\t\t<div class=\"elementor-container elementor-column-gap-default\">\n\t\t\t\t\t<div class=\"elementor-column elementor-col-100 elementor-top-column elementor-element elementor-element-5ae6654b\" data-id=\"5ae6654b\" data-element_type=\"column\">\n\t\t\t<div class=\"elementor-widget-wrap elementor-element-populated\">\n\t\t\t\t\t\t<section class=\"elementor-section elementor-inner-section elementor-element elementor-element-1d7c71fd elementor-section-boxed elementor-section-height-default elementor-section-height-default\" data-id=\"1d7c71fd\" data-element_type=\"section\">\n\t\t\t\t\t\t<div class=\"elementor-container elementor-column-gap-default\">\n\t\t\t\t\t<div class=\"elementor-column elementor-col-50 elementor-inner-column elementor-element elementor-element-460c52a8\" data-id=\"460c52a8\" data-element_type=\"column\">\n\t\t\t<div class=\"elementor-widget-wrap elementor-element-populated\">\n\t\t\t\t\t\t<div class=\"elementor-element elementor-element-47706ea5 elementor-widget elementor-widget-image\" data-id=\"47706ea5\" data-element_type=\"widget\" data-widget_type=\"image.default\">\n\t\t\t\t<div class=\"elementor-widget-container\">\n\t\t\t\t\t\t\t\t\t\t\t\t\t\t\t<img fetchpriority=\"high\" decoding=\"async\" width=\"200\" height=\"300\" src=\"https:\/\/cedthu.rwpstaging.site\/wp-content\/uploads\/2018\/10\/kepatmeretezes_hu_ErykMakohon.jpg\" class=\"attachment-full size-full wp-image-5015\" alt=\"\" srcset=\"https:\/\/cedthu.rwpstaging.site\/wp-content\/uploads\/2018\/10\/kepatmeretezes_hu_ErykMakohon.jpg 200w, https:\/\/cedthu.rwpstaging.site\/wp-content\/uploads\/2018\/10\/kepatmeretezes_hu_ErykMakohon-13x20.jpg 13w\" sizes=\"(max-width: 200px) 100vw, 200px\" \/>\t\t\t\t\t\t\t\t\t\t\t\t\t\t\t<\/div>\n\t\t\t\t<\/div>\n\t\t\t\t\t<\/div>\n\t\t<\/div>\n\t\t\t\t<div class=\"elementor-column elementor-col-50 elementor-inner-column elementor-element elementor-element-229b0c65\" data-id=\"229b0c65\" data-element_type=\"column\">\n\t\t\t<div class=\"elementor-widget-wrap elementor-element-populated\">\n\t\t\t\t\t\t<div class=\"elementor-element elementor-element-6af1118a elementor-widget elementor-widget-text-editor\" data-id=\"6af1118a\" data-element_type=\"widget\" data-widget_type=\"text-editor.default\">\n\t\t\t\t<div class=\"elementor-widget-container\">\n\t\t\t\t\t\t\t\t\t<div class=\"x11i5rnm xat24cr x1mh8g0r x1vvkbs xtlvy1s\"><div class=\"show-description\"><p>A Poly c\u00edm\u0171 darabot azok a v\u00e1ltoz\u00e1sok inspir\u00e1lt\u00e1k, amelyek a kapcsolataink \u00e9p\u00edt\u00e9se \u00e9s m\u0171k\u00f6dtet\u00e9s\u00e9nek sor\u00e1n keletkeztek. Emberk\u00e9nt individumok vagyunk, azonban a kapcsolataink r\u00e9v\u00e9n egy nagyobb h\u00e1l\u00f3zat r\u00e9szei is, s rel\u00e1ci\u00f3ink meghat\u00e1roz\u00f3 szereppel b\u00edrnak a t\u00e1rsadalmi poz\u00edci\u00f3nk kialakuls\u00e1ban.<\/p><p>Az alkot\u00f3k ezt a poz\u00edci\u00f3t pr\u00f3b\u00e1lj\u00e1k vizsg\u00e1lni egy t\u00e1gabb kontextusb\u00f3l, s mindek\u00f6zben a modern szerelmi kapcsolatok form\u00e1it kutatj\u00e1k.<\/p><p>A darab a V\u00e1rkert Baz\u00e1rban deb\u00fct\u00e1lt a Nemzeti T\u00e1ncsz\u00ednh\u00e1z szervez\u00e9s\u00e9ben.<\/p><\/div><\/div>\t\t\t\t\t\t\t\t<\/div>\n\t\t\t\t<\/div>\n\t\t\t\t\t<\/div>\n\t\t<\/div>\n\t\t\t\t\t<\/div>\n\t\t<\/section>\n\t\t\t\t<div class=\"elementor-element elementor-element-68314949 elementor-widget elementor-widget-heading\" data-id=\"68314949\" data-element_type=\"widget\" data-widget_type=\"heading.default\">\n\t\t\t\t<div class=\"elementor-widget-container\">\n\t\t\t\t\t<h2 class=\"elementor-heading-title elementor-size-default\">Sch\u00f6pfer<\/h2>\t\t\t\t<\/div>\n\t\t\t\t<\/div>\n\t\t\t\t<div class=\"elementor-element elementor-element-667cedb4 elementor-widget-divider--view-line elementor-widget elementor-widget-divider\" data-id=\"667cedb4\" data-element_type=\"widget\" data-widget_type=\"divider.default\">\n\t\t\t\t<div class=\"elementor-widget-container\">\n\t\t\t\t\t\t\t<div class=\"elementor-divider\">\n\t\t\t<span class=\"elementor-divider-separator\">\n\t\t\t\t\t\t<\/span>\n\t\t<\/div>\n\t\t\t\t\t\t<\/div>\n\t\t\t\t<\/div>\n\t\t\t\t<div class=\"elementor-element elementor-element-22f23edb elementor-widget elementor-widget-text-editor\" data-id=\"22f23edb\" data-element_type=\"widget\" data-widget_type=\"text-editor.default\">\n\t\t\t\t<div class=\"elementor-widget-container\">\n\t\t\t\t\t\t\t\t\t<div class=\"show-actors\"><div id=\"nested-actors\"><div class=\"show-actors\"><div id=\"nested-actors\"><div class=\"show-actors\"><div id=\"nested-actors\"><div><div class=\"show-actors\"><div id=\"nested-actors\"><div><h3>Choreograph<\/h3><ul><li>Eryk Makohon<\/li><\/ul><\/div><div><h3>Vortragende<\/h3><ul><li>Bettina Dunai<\/li><li>Csongor F\u00fczesi<\/li><li>Mariann Hargitai<\/li><li>Adrienn Horv\u00e1th<\/li><li>L\u00e1szl\u00f3 M\u00e1di<\/li><li>Csaba M\u00e1ty\u00e1s Nagy<\/li><li>Adrienn Nyeste<\/li><li>M\u00e1ty\u00e1s Ruzsom<\/li><li>Anna Szilv\u00e1si<\/li><\/ul><\/div><div><h3>Licht<\/h3><ul><li>Zolt\u00e1n Fogarasi<\/li><\/ul><\/div><div><h3>Asszisztens<\/h3><ul><li>Katalin Fodor<\/li><li>Pawel Lyskawa<\/li><\/ul><\/div><div><h3>Partnereink<\/h3><ul><li>Krakauer Ta\u0144ca-Theater<\/li><li>Nationales Tanztheater<\/li><li>Magyar T\u00e1ncm\u0171v\u00e9szeti Egyetem<\/li><li>NKA<\/li><\/ul><\/div><\/div><\/div><div class=\"show-images\"><div class=\"row no-margin\"><div class=\"col-md-12 no-padding\">\u00a0<\/div><\/div><\/div><\/div><\/div><\/div><\/div><\/div><\/div><\/div>\t\t\t\t\t\t\t\t<\/div>\n\t\t\t\t<\/div>\n\t\t\t\t<div class=\"elementor-element elementor-element-6bd3649f elementor-widget elementor-widget-heading\" data-id=\"6bd3649f\" data-element_type=\"widget\" data-widget_type=\"heading.default\">\n\t\t\t\t<div class=\"elementor-widget-container\">\n\t\t\t\t\t<h2 class=\"elementor-heading-title elementor-size-default\">Poly<\/h2>\t\t\t\t<\/div>\n\t\t\t\t<\/div>\n\t\t\t\t<div class=\"elementor-element elementor-element-49e40cd0 elementor-widget elementor-widget-gallery\" data-id=\"49e40cd0\" data-element_type=\"widget\" data-settings=\"{&quot;columns&quot;:3,&quot;lazyload&quot;:&quot;yes&quot;,&quot;gallery_layout&quot;:&quot;grid&quot;,&quot;columns_tablet&quot;:2,&quot;columns_mobile&quot;:1,&quot;gap&quot;:{&quot;unit&quot;:&quot;px&quot;,&quot;size&quot;:10,&quot;sizes&quot;:[]},&quot;gap_tablet&quot;:{&quot;unit&quot;:&quot;px&quot;,&quot;size&quot;:10,&quot;sizes&quot;:[]},&quot;gap_mobile&quot;:{&quot;unit&quot;:&quot;px&quot;,&quot;size&quot;:10,&quot;sizes&quot;:[]},&quot;link_to&quot;:&quot;file&quot;,&quot;aspect_ratio&quot;:&quot;3:2&quot;,&quot;overlay_background&quot;:&quot;yes&quot;,&quot;content_hover_animation&quot;:&quot;fade-in&quot;}\" data-widget_type=\"gallery.default\">\n\t\t\t\t<div class=\"elementor-widget-container\">\n\t\t\t\t\t\t\t<div class=\"elementor-gallery__container\">\n\t\t\t\t\t\t\t<a class=\"e-gallery-item elementor-gallery-item elementor-animated-content\" href=\"https:\/\/cedthu.rwpstaging.site\/wp-content\/uploads\/2019\/01\/Poly_val-1.jpg\" data-elementor-open-lightbox=\"yes\" data-elementor-lightbox-slideshow=\"49e40cd0\" data-elementor-lightbox-title=\"Poly_val (1)\" data-e-action-hash=\"#elementor-action%3Aaction%3Dlightbox%26settings%3DeyJpZCI6NTY0NiwidXJsIjoiaHR0cHM6XC9cL2NlZHRodS5yd3BzdGFnaW5nLnNpdGVcL3dwLWNvbnRlbnRcL3VwbG9hZHNcLzIwMTlcLzAxXC9Qb2x5X3ZhbC0xLmpwZyIsInNsaWRlc2hvdyI6IjQ5ZTQwY2QwIn0%3D\">\n\t\t\t\t\t<div class=\"e-gallery-image elementor-gallery-item__image\" data-thumbnail=\"https:\/\/cedthu.rwpstaging.site\/wp-content\/uploads\/2019\/01\/Poly_val-1-300x200.jpg\" data-width=\"300\" data-height=\"200\" aria-label=\"\" role=\"img\" ><\/div>\n\t\t\t\t\t\t\t\t\t\t\t<div class=\"elementor-gallery-item__overlay\"><\/div>\n\t\t\t\t\t\t\t\t\t\t\t\t\t\t<\/a>\n\t\t\t\t\t\t\t<a class=\"e-gallery-item elementor-gallery-item elementor-animated-content\" href=\"https:\/\/cedthu.rwpstaging.site\/wp-content\/uploads\/2019\/01\/Poly_val-3.jpg\" data-elementor-open-lightbox=\"yes\" data-elementor-lightbox-slideshow=\"49e40cd0\" data-elementor-lightbox-title=\"Poly_val (3)\" data-e-action-hash=\"#elementor-action%3Aaction%3Dlightbox%26settings%3DeyJpZCI6NTY0OCwidXJsIjoiaHR0cHM6XC9cL2NlZHRodS5yd3BzdGFnaW5nLnNpdGVcL3dwLWNvbnRlbnRcL3VwbG9hZHNcLzIwMTlcLzAxXC9Qb2x5X3ZhbC0zLmpwZyIsInNsaWRlc2hvdyI6IjQ5ZTQwY2QwIn0%3D\">\n\t\t\t\t\t<div class=\"e-gallery-image elementor-gallery-item__image\" data-thumbnail=\"https:\/\/cedthu.rwpstaging.site\/wp-content\/uploads\/2019\/01\/Poly_val-3-200x300.jpg\" data-width=\"200\" data-height=\"300\" aria-label=\"\" role=\"img\" ><\/div>\n\t\t\t\t\t\t\t\t\t\t\t<div class=\"elementor-gallery-item__overlay\"><\/div>\n\t\t\t\t\t\t\t\t\t\t\t\t\t\t<\/a>\n\t\t\t\t\t\t\t<a class=\"e-gallery-item elementor-gallery-item elementor-animated-content\" href=\"https:\/\/cedthu.rwpstaging.site\/wp-content\/uploads\/2019\/01\/Poly_val-4.jpg\" data-elementor-open-lightbox=\"yes\" data-elementor-lightbox-slideshow=\"49e40cd0\" data-elementor-lightbox-title=\"Poly_val (4)\" data-e-action-hash=\"#elementor-action%3Aaction%3Dlightbox%26settings%3DeyJpZCI6NTY1MCwidXJsIjoiaHR0cHM6XC9cL2NlZHRodS5yd3BzdGFnaW5nLnNpdGVcL3dwLWNvbnRlbnRcL3VwbG9hZHNcLzIwMTlcLzAxXC9Qb2x5X3ZhbC00LmpwZyIsInNsaWRlc2hvdyI6IjQ5ZTQwY2QwIn0%3D\">\n\t\t\t\t\t<div class=\"e-gallery-image elementor-gallery-item__image\" data-thumbnail=\"https:\/\/cedthu.rwpstaging.site\/wp-content\/uploads\/2019\/01\/Poly_val-4-300x127.jpg\" data-width=\"300\" data-height=\"127\" aria-label=\"\" role=\"img\" ><\/div>\n\t\t\t\t\t\t\t\t\t\t\t<div class=\"elementor-gallery-item__overlay\"><\/div>\n\t\t\t\t\t\t\t\t\t\t\t\t\t\t<\/a>\n\t\t\t\t\t<\/div>\n\t\t\t\t\t<\/div>\n\t\t\t\t<\/div>\n\t\t\t\t<div class=\"elementor-element elementor-element-57567b06 elementor-widget elementor-widget-heading\" data-id=\"57567b06\" data-element_type=\"widget\" data-widget_type=\"heading.default\">\n\t\t\t\t<div class=\"elementor-widget-container\">\n\t\t\t\t\t<h2 class=\"elementor-heading-title elementor-size-default\">Eryk Makohon: POLY \u2013 trailer<\/h2>\t\t\t\t<\/div>\n\t\t\t\t<\/div>\n\t\t\t\t<div class=\"elementor-element elementor-element-7b7b2638 elementor-widget elementor-widget-video\" data-id=\"7b7b2638\" data-element_type=\"widget\" data-settings=\"{&quot;youtube_url&quot;:&quot;https:\\\/\\\/youtu.be\\\/qUiAboayL90&quot;,&quot;video_type&quot;:&quot;youtube&quot;,&quot;controls&quot;:&quot;yes&quot;}\" data-widget_type=\"video.default\">\n\t\t\t\t<div class=\"elementor-widget-container\">\n\t\t\t\t\t\t\t<div class=\"elementor-wrapper elementor-open-inline\">\n\t\t\t<div class=\"elementor-video\"><\/div>\t\t<\/div>\n\t\t\t\t\t\t<\/div>\n\t\t\t\t<\/div>\n\t\t\t\t<div class=\"elementor-element elementor-element-71ab4aa6 elementor-widget elementor-widget-heading\" data-id=\"71ab4aa6\" data-element_type=\"widget\" data-widget_type=\"heading.default\">\n\t\t\t\t<div class=\"elementor-widget-container\">\n\t\t\t\t\t<h2 class=\"elementor-heading-title elementor-size-default\">Verwandte Pressemitteilungen<\/h2>\t\t\t\t<\/div>\n\t\t\t\t<\/div>\n\t\t\t\t<div class=\"elementor-element elementor-element-7d99f507 elementor-widget-divider--view-line elementor-widget elementor-widget-divider\" data-id=\"7d99f507\" data-element_type=\"widget\" data-widget_type=\"divider.default\">\n\t\t\t\t<div class=\"elementor-widget-container\">\n\t\t\t\t\t\t\t<div class=\"elementor-divider\">\n\t\t\t<span class=\"elementor-divider-separator\">\n\t\t\t\t\t\t<\/span>\n\t\t<\/div>\n\t\t\t\t\t\t<\/div>\n\t\t\t\t<\/div>\n\t\t\t\t<div class=\"elementor-element elementor-element-78b0467a elementor-widget elementor-widget-text-editor\" data-id=\"78b0467a\" data-element_type=\"widget\" data-widget_type=\"text-editor.default\">\n\t\t\t\t<div class=\"elementor-widget-container\">\n\t\t\t\t\t\t\t\t\t<div class=\"pressauthor\"><div class=\"pressauthor\"><div class=\"pressauthor\"><div class=\"pressauthor\"><strong>Tam\u00e1s J\u00e1szay:<\/strong>\u00a0 <a href=\"https:\/\/revizoronline.com\/hu\/cikk\/9244\/kortars-tanc-lengyelorszagban-a-2010-es-evtizedben\/?fbclid=IwAR00YY_b13lNKVyMPHHCrw2fb2AKP-hQ-wni5gdHw4XBhnSGpY7oc2C-crI\">Fantasie und Realit\u00e4t - Zeitgen\u00f6ssischer Tanz in Polen im Jahrzehnt 2010\u00a0 <\/a><strong>(Revizor) <span style=\"font-family: -apple-system, BlinkMacSystemFont, 'Segoe UI', Roboto, 'Helvetica Neue', Arial, 'Noto Sans', sans-serif, 'Apple Color Emoji', 'Segoe UI Emoji', 'Segoe UI Symbol', 'Noto Color Emoji';\">&#8211; 14\/10\/2021<\/span><\/strong><\/div><div class=\"presslead\"><p>Eryk Makohon [\u2026] az \u201eel\u0151ad\u00e1st kifejezetten a KET t\u00e1ncosaira koreograf\u00e1lta, ennek bemutat\u00f3ja Budapesten, a rangos, t\u00e1ncel\u0151ad\u00e1sokat is m\u0171sorra t\u0171z\u0151 V\u00e1rkert Baz\u00e1rban volt, az el\u0151ad\u00e1s ezt k\u00f6vet\u0151en egy id\u0151re a t\u00e1rsulat reperto\u00e1rj\u00e1ba is beker\u00fclt.\u201d<\/p><\/div><\/div><\/div><\/div>\t\t\t\t\t\t\t\t<\/div>\n\t\t\t\t<\/div>\n\t\t\t\t\t<\/div>\n\t\t<\/div>\n\t\t\t\t\t<\/div>\n\t\t<\/section>\n\t\t\t\t<\/div>","protected":false},"excerpt":{"rendered":"<p>A Poly c\u00edm\u0171 darabot azok a v\u00e1ltoz\u00e1sok inspir\u00e1lt\u00e1k, amelyek a kapcsolataink \u00e9p\u00edt\u00e9se \u00e9s m\u0171k\u00f6dtet\u00e9s\u00e9nek sor\u00e1n keletkeztek. Emberk\u00e9nt individumok vagyunk, azonban a kapcsolataink r\u00e9v\u00e9n egy nagyobb h\u00e1l\u00f3zat r\u00e9szei is, s rel\u00e1ci\u00f3ink meghat\u00e1roz\u00f3 szereppel b\u00edrnak a t\u00e1rsadalmi poz\u00edci\u00f3nk kialakuls\u00e1ban. Az alkot\u00f3k ezt a poz\u00edci\u00f3t pr\u00f3b\u00e1lj\u00e1k vizsg\u00e1lni egy t\u00e1gabb kontextusb\u00f3l, s mindek\u00f6zben a modern szerelmi kapcsolatok form\u00e1it kutatj\u00e1k. [&hellip;]<\/p>","protected":false},"author":1,"featured_media":0,"parent":0,"menu_order":0,"comment_status":"closed","ping_status":"closed","template":"elementor_header_footer","meta":{"footnotes":""},"class_list":["post-20104","page","type-page","status-publish","hentry"],"yoast_head":"<!-- This site is optimized with the Yoast SEO plugin v26.0 - https:\/\/yoast.com\/wordpress\/plugins\/seo\/ -->\n<title>Poly - KET<\/title>\n<meta name=\"robots\" content=\"index, follow, max-snippet:-1, max-image-preview:large, max-video-preview:-1\" \/>\n<link rel=\"canonical\" href=\"https:\/\/cedthu.rwpstaging.site\/de\/poly\/\" \/>\n<meta name=\"twitter:card\" content=\"summary_large_image\" \/>\n<meta name=\"twitter:title\" content=\"Poly - KET\" \/>\n<meta name=\"twitter:description\" content=\"A Poly c\u00edm\u0171 darabot azok a v\u00e1ltoz\u00e1sok inspir\u00e1lt\u00e1k, amelyek a kapcsolataink \u00e9p\u00edt\u00e9se \u00e9s m\u0171k\u00f6dtet\u00e9s\u00e9nek sor\u00e1n keletkeztek. Emberk\u00e9nt individumok vagyunk, azonban a kapcsolataink r\u00e9v\u00e9n egy nagyobb h\u00e1l\u00f3zat r\u00e9szei is, s rel\u00e1ci\u00f3ink meghat\u00e1roz\u00f3 szereppel b\u00edrnak a t\u00e1rsadalmi poz\u00edci\u00f3nk kialakuls\u00e1ban. Az alkot\u00f3k ezt a poz\u00edci\u00f3t pr\u00f3b\u00e1lj\u00e1k vizsg\u00e1lni egy t\u00e1gabb kontextusb\u00f3l, s mindek\u00f6zben a modern szerelmi kapcsolatok form\u00e1it kutatj\u00e1k. [&hellip;]\" \/>\n<meta name=\"twitter:image\" content=\"https:\/\/cedthu.rwpstaging.site\/wp-content\/uploads\/2018\/10\/kepatmeretezes_hu_ErykMakohon.jpg\" \/>\n<meta name=\"twitter:label1\" content=\"Gesch\u00e4tzte Lesezeit\" \/>\n\t<meta name=\"twitter:data1\" content=\"2\u00a0Minuten\" \/>\n<script type=\"application\/ld+json\" class=\"yoast-schema-graph\">{\"@context\":\"https:\/\/schema.org\",\"@graph\":[{\"@type\":\"WebPage\",\"@id\":\"https:\/\/cedthu.rwpstaging.site\/poly\/\",\"url\":\"https:\/\/cedthu.rwpstaging.site\/poly\/\",\"name\":\"Poly - KET\",\"isPartOf\":{\"@id\":\"https:\/\/cedthu.rwpstaging.site\/#website\"},\"primaryImageOfPage\":{\"@id\":\"https:\/\/cedthu.rwpstaging.site\/poly\/#primaryimage\"},\"image\":{\"@id\":\"https:\/\/cedthu.rwpstaging.site\/poly\/#primaryimage\"},\"thumbnailUrl\":\"https:\/\/cedthu.rwpstaging.site\/wp-content\/uploads\/2018\/10\/kepatmeretezes_hu_ErykMakohon.jpg\",\"datePublished\":\"2025-06-03T09:26:54+00:00\",\"dateModified\":\"2025-06-03T09:28:54+00:00\",\"breadcrumb\":{\"@id\":\"https:\/\/cedthu.rwpstaging.site\/poly\/#breadcrumb\"},\"inLanguage\":\"de\",\"potentialAction\":[{\"@type\":\"ReadAction\",\"target\":[\"https:\/\/cedthu.rwpstaging.site\/poly\/\"]}]},{\"@type\":\"ImageObject\",\"inLanguage\":\"de\",\"@id\":\"https:\/\/cedthu.rwpstaging.site\/poly\/#primaryimage\",\"url\":\"https:\/\/cedthu.rwpstaging.site\/wp-content\/uploads\/2018\/10\/kepatmeretezes_hu_ErykMakohon.jpg\",\"contentUrl\":\"https:\/\/cedthu.rwpstaging.site\/wp-content\/uploads\/2018\/10\/kepatmeretezes_hu_ErykMakohon.jpg\"},{\"@type\":\"BreadcrumbList\",\"@id\":\"https:\/\/cedthu.rwpstaging.site\/poly\/#breadcrumb\",\"itemListElement\":[{\"@type\":\"ListItem\",\"position\":1,\"name\":\"Home\",\"item\":\"https:\/\/cedthu.rwpstaging.site\/\"},{\"@type\":\"ListItem\",\"position\":2,\"name\":\"Poly\"}]},{\"@type\":\"WebSite\",\"@id\":\"https:\/\/cedthu.rwpstaging.site\/#website\",\"url\":\"https:\/\/cedthu.rwpstaging.site\/\",\"name\":\"KET\",\"description\":\"K\u00f6z\u00e9p-Eur\u00f3pa T\u00e1ncsz\u00ednh\u00e1z\",\"publisher\":{\"@id\":\"https:\/\/cedthu.rwpstaging.site\/#organization\"},\"potentialAction\":[{\"@type\":\"SearchAction\",\"target\":{\"@type\":\"EntryPoint\",\"urlTemplate\":\"https:\/\/cedthu.rwpstaging.site\/?s={search_term_string}\"},\"query-input\":{\"@type\":\"PropertyValueSpecification\",\"valueRequired\":true,\"valueName\":\"search_term_string\"}}],\"inLanguage\":\"de\"},{\"@type\":\"Organization\",\"@id\":\"https:\/\/cedthu.rwpstaging.site\/#organization\",\"name\":\"KET\",\"url\":\"https:\/\/cedthu.rwpstaging.site\/\",\"logo\":{\"@type\":\"ImageObject\",\"inLanguage\":\"de\",\"@id\":\"https:\/\/cedthu.rwpstaging.site\/#\/schema\/logo\/image\/\",\"url\":\"https:\/\/cedthu.rwpstaging.site\/wp-content\/uploads\/2024\/03\/cropped-KET-NYomda-logo2.png\",\"contentUrl\":\"https:\/\/cedthu.rwpstaging.site\/wp-content\/uploads\/2024\/03\/cropped-KET-NYomda-logo2.png\",\"width\":300,\"height\":326,\"caption\":\"KET\"},\"image\":{\"@id\":\"https:\/\/cedthu.rwpstaging.site\/#\/schema\/logo\/image\/\"}}]}<\/script>\n<!-- \/ Yoast SEO plugin. -->","yoast_head_json":{"title":"Poly - KET","robots":{"index":"index","follow":"follow","max-snippet":"max-snippet:-1","max-image-preview":"max-image-preview:large","max-video-preview":"max-video-preview:-1"},"canonical":"https:\/\/cedthu.rwpstaging.site\/de\/poly\/","twitter_card":"summary_large_image","twitter_title":"Poly - KET","twitter_description":"A Poly c\u00edm\u0171 darabot azok a v\u00e1ltoz\u00e1sok inspir\u00e1lt\u00e1k, amelyek a kapcsolataink \u00e9p\u00edt\u00e9se \u00e9s m\u0171k\u00f6dtet\u00e9s\u00e9nek sor\u00e1n keletkeztek. Emberk\u00e9nt individumok vagyunk, azonban a kapcsolataink r\u00e9v\u00e9n egy nagyobb h\u00e1l\u00f3zat r\u00e9szei is, s rel\u00e1ci\u00f3ink meghat\u00e1roz\u00f3 szereppel b\u00edrnak a t\u00e1rsadalmi poz\u00edci\u00f3nk kialakuls\u00e1ban. Az alkot\u00f3k ezt a poz\u00edci\u00f3t pr\u00f3b\u00e1lj\u00e1k vizsg\u00e1lni egy t\u00e1gabb kontextusb\u00f3l, s mindek\u00f6zben a modern szerelmi kapcsolatok form\u00e1it kutatj\u00e1k. [&hellip;]","twitter_image":"https:\/\/cedthu.rwpstaging.site\/wp-content\/uploads\/2018\/10\/kepatmeretezes_hu_ErykMakohon.jpg","twitter_misc":{"Gesch\u00e4tzte Lesezeit":"2\u00a0Minuten"},"schema":{"@context":"https:\/\/schema.org","@graph":[{"@type":"WebPage","@id":"https:\/\/cedthu.rwpstaging.site\/poly\/","url":"https:\/\/cedthu.rwpstaging.site\/poly\/","name":"Poly - KET","isPartOf":{"@id":"https:\/\/cedthu.rwpstaging.site\/#website"},"primaryImageOfPage":{"@id":"https:\/\/cedthu.rwpstaging.site\/poly\/#primaryimage"},"image":{"@id":"https:\/\/cedthu.rwpstaging.site\/poly\/#primaryimage"},"thumbnailUrl":"https:\/\/cedthu.rwpstaging.site\/wp-content\/uploads\/2018\/10\/kepatmeretezes_hu_ErykMakohon.jpg","datePublished":"2025-06-03T09:26:54+00:00","dateModified":"2025-06-03T09:28:54+00:00","breadcrumb":{"@id":"https:\/\/cedthu.rwpstaging.site\/poly\/#breadcrumb"},"inLanguage":"de","potentialAction":[{"@type":"ReadAction","target":["https:\/\/cedthu.rwpstaging.site\/poly\/"]}]},{"@type":"ImageObject","inLanguage":"de","@id":"https:\/\/cedthu.rwpstaging.site\/poly\/#primaryimage","url":"https:\/\/cedthu.rwpstaging.site\/wp-content\/uploads\/2018\/10\/kepatmeretezes_hu_ErykMakohon.jpg","contentUrl":"https:\/\/cedthu.rwpstaging.site\/wp-content\/uploads\/2018\/10\/kepatmeretezes_hu_ErykMakohon.jpg"},{"@type":"BreadcrumbList","@id":"https:\/\/cedthu.rwpstaging.site\/poly\/#breadcrumb","itemListElement":[{"@type":"ListItem","position":1,"name":"Home","item":"https:\/\/cedthu.rwpstaging.site\/"},{"@type":"ListItem","position":2,"name":"Poly"}]},{"@type":"WebSite","@id":"https:\/\/cedthu.rwpstaging.site\/#website","url":"https:\/\/cedthu.rwpstaging.site\/","name":"KET","description":"Tanztheater Mitteleuropa","publisher":{"@id":"https:\/\/cedthu.rwpstaging.site\/#organization"},"potentialAction":[{"@type":"SearchAction","target":{"@type":"EntryPoint","urlTemplate":"https:\/\/cedthu.rwpstaging.site\/?s={search_term_string}"},"query-input":{"@type":"PropertyValueSpecification","valueRequired":true,"valueName":"search_term_string"}}],"inLanguage":"de"},{"@type":"Organization","@id":"https:\/\/cedthu.rwpstaging.site\/#organization","name":"KET","url":"https:\/\/cedthu.rwpstaging.site\/","logo":{"@type":"ImageObject","inLanguage":"de","@id":"https:\/\/cedthu.rwpstaging.site\/#\/schema\/logo\/image\/","url":"https:\/\/cedthu.rwpstaging.site\/wp-content\/uploads\/2024\/03\/cropped-KET-NYomda-logo2.png","contentUrl":"https:\/\/cedthu.rwpstaging.site\/wp-content\/uploads\/2024\/03\/cropped-KET-NYomda-logo2.png","width":300,"height":326,"caption":"KET"},"image":{"@id":"https:\/\/cedthu.rwpstaging.site\/#\/schema\/logo\/image\/"}}]}},"_links":{"self":[{"href":"https:\/\/cedthu.rwpstaging.site\/de\/wp-json\/wp\/v2\/pages\/20104","targetHints":{"allow":["GET"]}}],"collection":[{"href":"https:\/\/cedthu.rwpstaging.site\/de\/wp-json\/wp\/v2\/pages"}],"about":[{"href":"https:\/\/cedthu.rwpstaging.site\/de\/wp-json\/wp\/v2\/types\/page"}],"author":[{"embeddable":true,"href":"https:\/\/cedthu.rwpstaging.site\/de\/wp-json\/wp\/v2\/users\/1"}],"replies":[{"embeddable":true,"href":"https:\/\/cedthu.rwpstaging.site\/de\/wp-json\/wp\/v2\/comments?post=20104"}],"version-history":[{"count":5,"href":"https:\/\/cedthu.rwpstaging.site\/de\/wp-json\/wp\/v2\/pages\/20104\/revisions"}],"predecessor-version":[{"id":20132,"href":"https:\/\/cedthu.rwpstaging.site\/de\/wp-json\/wp\/v2\/pages\/20104\/revisions\/20132"}],"wp:attachment":[{"href":"https:\/\/cedthu.rwpstaging.site\/de\/wp-json\/wp\/v2\/media?parent=20104"}],"curies":[{"name":"wp","href":"https:\/\/api.w.org\/{rel}","templated":true}]}}