{"id":12987,"date":"2024-08-26T12:03:34","date_gmt":"2024-08-26T12:03:34","guid":{"rendered":"https:\/\/cedt.hu\/?page_id=12987\/"},"modified":"2024-08-26T12:38:33","modified_gmt":"2024-08-26T12:38:33","slug":"input-feszt-2024","status":"publish","type":"page","link":"https:\/\/cedthu.rwpstaging.site\/en\/input-feszt-2024\/","title":{"rendered":"INPUT FEST 2024"},"content":{"rendered":"<p class=\"has-text-align-center\"><strong>T\u00f6bb mint 10 helysz\u00ednen k\u00f6zel 10 nap alatt 40 programmal indul a 2024\/2025-\u00f6s \u00e9vad!<\/strong>&nbsp;<br>&nbsp;<br><strong>Szeptember 13-a \u00e9s 22-e k\u00f6z\u00f6tt el\u0151sz\u00f6r ker\u00fcl megrendez\u00e9sre az INPUT FESZT, amely sor\u00e1n \u00f6t f\u0151v\u00e1rosi ker\u00fcletben mutatkoznak be a lassan egy \u00e9ve szakmai t\u00e1rsas\u00e1got alap\u00edtott innovat\u00edv befogad\u00f3 terek.<\/strong>&nbsp;<br>&nbsp;<br>Az elm\u00falt \u00e9vadban az&nbsp;<a href=\"https:\/\/juranyihaz.hu\/hu\/hir\/input\" target=\"_blank\" rel=\"noreferrer noopener\"><strong>INPUT<\/strong><\/a>&nbsp;t\u00e1rsas\u00e1g a h\u00e1tt\u00e9rben jelent\u0151s szakmai munk\u00e1t folytatott. A szeptemberi fesztiv\u00e1lt az INPUT bemutatkoz\u00e1sa a nagyk\u00f6z\u00f6ns\u00e9g el\u0151tt \u00e9s a 2000-es \u00e9vek elej\u00e9n az Andr\u00e1ssy \u00faton rendszeresen megtartott \u00e9vadnyit\u00f3 fesztiv\u00e1l hi\u00e1nya h\u00edvta \u00e9letre. A helysz\u00ednek a m\u0171k\u00f6d\u00e9s\u00fckre, profiljukra jellemz\u0151 m\u0171sorral k\u00e9sz\u00fclnek. Ahogy a programok \u00f6ssze\u00e1lltak, l\u00e1that\u00f3v\u00e1 v\u00e1ltak olyan h\u00edv\u00f3szavak, amelyek minden int\u00e9zm\u00e9nynek egyar\u00e1nt fontosak, ez\u00e9rt azokb\u00f3l a t\u00e9m\u00e1kb\u00f3l besz\u00e9lget\u00e9sekre is sor ker\u00fcl majd. Ilyen az oktat\u00e1s, a technol\u00f3gia jelenl\u00e9te az el\u0151ad\u00f3-m\u0171v\u00e9szetben, a fenntarthat\u00f3, z\u00f6ld m\u0171k\u00f6d\u00e9s, a n\u0151i sorsok \u00e9s energi\u00e1k bemutat\u00e1sa, a k\u00f6z\u00f6ss\u00e9gi\/r\u00e9sztvev\u0151i sz\u00ednh\u00e1z. M\u0171faj\u00e1ban \u00e9s r\u00e9sztvev\u0151iben is soksz\u00edn\u0171 fesztiv\u00e1lra sz\u00e1m\u00edthatunk, ugyanis a pr\u00f3zai darabokt\u00f3l kezdve a kort\u00e1rs t\u00e1ncon \u00e9s a mozg\u00e1sm\u0171v\u00e9szeten \u00e1t az \u00fajcirkuszig terjed a paletta, valamint az artist\u00e1kt\u00f3l \u00e9s a m\u0171v\u00e9szeti iskol\u00e1k n\u00f6vend\u00e9kein \u00e1t a k\u00f6z\u00f6ss\u00e9gi sz\u00ednh\u00e1zig.&nbsp;<br>&nbsp;<br>A fesztiv\u00e1l c\u00e9lja a helyeken kereszt\u00fcl egy-egy ker\u00fclet kultur\u00e1lis pezsg\u00e9s\u00e9nek megjelen\u00edt\u00e9se is, hiszen ezek a b\u00e1zisint\u00e9zm\u00e9nyek, helyek adhatj\u00e1k egy adott v\u00e1ros kultur\u00e1lis arculat\u00e1t, ez\u00e9rt fontos szempont volt az is a szervez\u00e9sn\u00e9l, hogy egy-egy napon egy-egy meghat\u00e1roz\u00f3 ker\u00fclet ker\u00fclj\u00f6n f\u00f3kuszba.&nbsp;<\/p>\n\n\n\n<p>A fesztiv\u00e1l teljes m\u0171sora a Jur\u00e1nyi H\u00e1z oldal\u00e1n \u00e9rhet\u0151 el:&nbsp;<br><a href=\"https:\/\/juranyihaz.hu\/hu\/hir\/inputfeszt2024\">https:\/\/juranyihaz.hu\/hu\/hir\/inputfeszt2024<\/a><\/p>","protected":false},"excerpt":{"rendered":"<p>T\u00f6bb mint 10 helysz\u00ednen k\u00f6zel 10 nap alatt 40 programmal indul a 2024\/2025-\u00f6s \u00e9vad!&nbsp;&nbsp;Szeptember 13-a \u00e9s 22-e k\u00f6z\u00f6tt el\u0151sz\u00f6r ker\u00fcl megrendez\u00e9sre az INPUT FESZT, amely sor\u00e1n \u00f6t f\u0151v\u00e1rosi ker\u00fcletben mutatkoznak be a lassan egy \u00e9ve szakmai t\u00e1rsas\u00e1got alap\u00edtott innovat\u00edv befogad\u00f3 terek.&nbsp;&nbsp;Az elm\u00falt \u00e9vadban az&nbsp;INPUT&nbsp;t\u00e1rsas\u00e1g a h\u00e1tt\u00e9rben jelent\u0151s szakmai munk\u00e1t folytatott. A szeptemberi fesztiv\u00e1lt az INPUT [&hellip;]<\/p>","protected":false},"author":12,"featured_media":0,"parent":0,"menu_order":0,"comment_status":"closed","ping_status":"closed","template":"","meta":{"footnotes":""},"class_list":["post-12987","page","type-page","status-publish","hentry"],"yoast_head":"<!-- This site is optimized with the Yoast SEO plugin v26.0 - https:\/\/yoast.com\/wordpress\/plugins\/seo\/ -->\n<title>INPUT FESZT 2024 - KET<\/title>\n<meta name=\"robots\" content=\"index, follow, max-snippet:-1, max-image-preview:large, max-video-preview:-1\" \/>\n<link rel=\"canonical\" href=\"https:\/\/cedthu.rwpstaging.site\/en\/input-feszt-2024\/\" \/>\n<meta name=\"twitter:card\" content=\"summary_large_image\" \/>\n<meta name=\"twitter:title\" content=\"INPUT FESZT 2024 - KET\" \/>\n<meta name=\"twitter:description\" content=\"T\u00f6bb mint 10 helysz\u00ednen k\u00f6zel 10 nap alatt 40 programmal indul a 2024\/2025-\u00f6s \u00e9vad!&nbsp;&nbsp;Szeptember 13-a \u00e9s 22-e k\u00f6z\u00f6tt el\u0151sz\u00f6r ker\u00fcl megrendez\u00e9sre az INPUT FESZT, amely sor\u00e1n \u00f6t f\u0151v\u00e1rosi ker\u00fcletben mutatkoznak be a lassan egy \u00e9ve szakmai t\u00e1rsas\u00e1got alap\u00edtott innovat\u00edv befogad\u00f3 terek.&nbsp;&nbsp;Az elm\u00falt \u00e9vadban az&nbsp;INPUT&nbsp;t\u00e1rsas\u00e1g a h\u00e1tt\u00e9rben jelent\u0151s szakmai munk\u00e1t folytatott. A szeptemberi fesztiv\u00e1lt az INPUT [&hellip;]\" \/>\n<meta name=\"twitter:label1\" content=\"Est. reading time\" \/>\n\t<meta name=\"twitter:data1\" content=\"2 minutes\" \/>\n<script type=\"application\/ld+json\" class=\"yoast-schema-graph\">{\"@context\":\"https:\/\/schema.org\",\"@graph\":[{\"@type\":\"WebPage\",\"@id\":\"https:\/\/cedthu.rwpstaging.site\/input-feszt-2024\/\",\"url\":\"https:\/\/cedthu.rwpstaging.site\/input-feszt-2024\/\",\"name\":\"INPUT FESZT 2024 - KET\",\"isPartOf\":{\"@id\":\"https:\/\/cedthu.rwpstaging.site\/#website\"},\"datePublished\":\"2024-08-26T12:03:34+00:00\",\"dateModified\":\"2024-08-26T12:38:33+00:00\",\"breadcrumb\":{\"@id\":\"https:\/\/cedthu.rwpstaging.site\/input-feszt-2024\/#breadcrumb\"},\"inLanguage\":\"en-US\",\"potentialAction\":[{\"@type\":\"ReadAction\",\"target\":[\"https:\/\/cedthu.rwpstaging.site\/input-feszt-2024\/\"]}]},{\"@type\":\"BreadcrumbList\",\"@id\":\"https:\/\/cedthu.rwpstaging.site\/input-feszt-2024\/#breadcrumb\",\"itemListElement\":[{\"@type\":\"ListItem\",\"position\":1,\"name\":\"Home\",\"item\":\"https:\/\/cedthu.rwpstaging.site\/\"},{\"@type\":\"ListItem\",\"position\":2,\"name\":\"INPUT FESZT 2024\"}]},{\"@type\":\"WebSite\",\"@id\":\"https:\/\/cedthu.rwpstaging.site\/#website\",\"url\":\"https:\/\/cedthu.rwpstaging.site\/\",\"name\":\"KET\",\"description\":\"K\u00f6z\u00e9p-Eur\u00f3pa T\u00e1ncsz\u00ednh\u00e1z\",\"publisher\":{\"@id\":\"https:\/\/cedthu.rwpstaging.site\/#organization\"},\"potentialAction\":[{\"@type\":\"SearchAction\",\"target\":{\"@type\":\"EntryPoint\",\"urlTemplate\":\"https:\/\/cedthu.rwpstaging.site\/?s={search_term_string}\"},\"query-input\":{\"@type\":\"PropertyValueSpecification\",\"valueRequired\":true,\"valueName\":\"search_term_string\"}}],\"inLanguage\":\"en-US\"},{\"@type\":\"Organization\",\"@id\":\"https:\/\/cedthu.rwpstaging.site\/#organization\",\"name\":\"KET\",\"url\":\"https:\/\/cedthu.rwpstaging.site\/\",\"logo\":{\"@type\":\"ImageObject\",\"inLanguage\":\"en-US\",\"@id\":\"https:\/\/cedthu.rwpstaging.site\/#\/schema\/logo\/image\/\",\"url\":\"https:\/\/cedthu.rwpstaging.site\/wp-content\/uploads\/2024\/03\/cropped-KET-NYomda-logo2.png\",\"contentUrl\":\"https:\/\/cedthu.rwpstaging.site\/wp-content\/uploads\/2024\/03\/cropped-KET-NYomda-logo2.png\",\"width\":300,\"height\":326,\"caption\":\"KET\"},\"image\":{\"@id\":\"https:\/\/cedthu.rwpstaging.site\/#\/schema\/logo\/image\/\"}}]}<\/script>\n<!-- \/ Yoast SEO plugin. -->","yoast_head_json":{"title":"INPUT FESZT 2024 - KET","robots":{"index":"index","follow":"follow","max-snippet":"max-snippet:-1","max-image-preview":"max-image-preview:large","max-video-preview":"max-video-preview:-1"},"canonical":"https:\/\/cedthu.rwpstaging.site\/en\/input-feszt-2024\/","twitter_card":"summary_large_image","twitter_title":"INPUT FESZT 2024 - KET","twitter_description":"T\u00f6bb mint 10 helysz\u00ednen k\u00f6zel 10 nap alatt 40 programmal indul a 2024\/2025-\u00f6s \u00e9vad!&nbsp;&nbsp;Szeptember 13-a \u00e9s 22-e k\u00f6z\u00f6tt el\u0151sz\u00f6r ker\u00fcl megrendez\u00e9sre az INPUT FESZT, amely sor\u00e1n \u00f6t f\u0151v\u00e1rosi ker\u00fcletben mutatkoznak be a lassan egy \u00e9ve szakmai t\u00e1rsas\u00e1got alap\u00edtott innovat\u00edv befogad\u00f3 terek.&nbsp;&nbsp;Az elm\u00falt \u00e9vadban az&nbsp;INPUT&nbsp;t\u00e1rsas\u00e1g a h\u00e1tt\u00e9rben jelent\u0151s szakmai munk\u00e1t folytatott. A szeptemberi fesztiv\u00e1lt az INPUT [&hellip;]","twitter_misc":{"Est. reading time":"2 minutes"},"schema":{"@context":"https:\/\/schema.org","@graph":[{"@type":"WebPage","@id":"https:\/\/cedthu.rwpstaging.site\/input-feszt-2024\/","url":"https:\/\/cedthu.rwpstaging.site\/input-feszt-2024\/","name":"INPUT FESZT 2024 - KET","isPartOf":{"@id":"https:\/\/cedthu.rwpstaging.site\/#website"},"datePublished":"2024-08-26T12:03:34+00:00","dateModified":"2024-08-26T12:38:33+00:00","breadcrumb":{"@id":"https:\/\/cedthu.rwpstaging.site\/input-feszt-2024\/#breadcrumb"},"inLanguage":"en-US","potentialAction":[{"@type":"ReadAction","target":["https:\/\/cedthu.rwpstaging.site\/input-feszt-2024\/"]}]},{"@type":"BreadcrumbList","@id":"https:\/\/cedthu.rwpstaging.site\/input-feszt-2024\/#breadcrumb","itemListElement":[{"@type":"ListItem","position":1,"name":"Home","item":"https:\/\/cedthu.rwpstaging.site\/"},{"@type":"ListItem","position":2,"name":"INPUT FESZT 2024"}]},{"@type":"WebSite","@id":"https:\/\/cedthu.rwpstaging.site\/#website","url":"https:\/\/cedthu.rwpstaging.site\/","name":"KET","description":"Central Europe Dance Theatre","publisher":{"@id":"https:\/\/cedthu.rwpstaging.site\/#organization"},"potentialAction":[{"@type":"SearchAction","target":{"@type":"EntryPoint","urlTemplate":"https:\/\/cedthu.rwpstaging.site\/?s={search_term_string}"},"query-input":{"@type":"PropertyValueSpecification","valueRequired":true,"valueName":"search_term_string"}}],"inLanguage":"en-US"},{"@type":"Organization","@id":"https:\/\/cedthu.rwpstaging.site\/#organization","name":"KET","url":"https:\/\/cedthu.rwpstaging.site\/","logo":{"@type":"ImageObject","inLanguage":"en-US","@id":"https:\/\/cedthu.rwpstaging.site\/#\/schema\/logo\/image\/","url":"https:\/\/cedthu.rwpstaging.site\/wp-content\/uploads\/2024\/03\/cropped-KET-NYomda-logo2.png","contentUrl":"https:\/\/cedthu.rwpstaging.site\/wp-content\/uploads\/2024\/03\/cropped-KET-NYomda-logo2.png","width":300,"height":326,"caption":"KET"},"image":{"@id":"https:\/\/cedthu.rwpstaging.site\/#\/schema\/logo\/image\/"}}]}},"_links":{"self":[{"href":"https:\/\/cedthu.rwpstaging.site\/en\/wp-json\/wp\/v2\/pages\/12987","targetHints":{"allow":["GET"]}}],"collection":[{"href":"https:\/\/cedthu.rwpstaging.site\/en\/wp-json\/wp\/v2\/pages"}],"about":[{"href":"https:\/\/cedthu.rwpstaging.site\/en\/wp-json\/wp\/v2\/types\/page"}],"author":[{"embeddable":true,"href":"https:\/\/cedthu.rwpstaging.site\/en\/wp-json\/wp\/v2\/users\/12"}],"replies":[{"embeddable":true,"href":"https:\/\/cedthu.rwpstaging.site\/en\/wp-json\/wp\/v2\/comments?post=12987"}],"version-history":[{"count":3,"href":"https:\/\/cedthu.rwpstaging.site\/en\/wp-json\/wp\/v2\/pages\/12987\/revisions"}],"predecessor-version":[{"id":13027,"href":"https:\/\/cedthu.rwpstaging.site\/en\/wp-json\/wp\/v2\/pages\/12987\/revisions\/13027"}],"wp:attachment":[{"href":"https:\/\/cedthu.rwpstaging.site\/en\/wp-json\/wp\/v2\/media?parent=12987"}],"curies":[{"name":"wp","href":"https:\/\/api.w.org\/{rel}","templated":true}]}}