{"id":16556,"date":"2025-04-16T08:50:17","date_gmt":"2025-04-16T08:50:17","guid":{"rendered":"https:\/\/cedthu.rwpstaging.site\/?page_id=16556"},"modified":"2025-04-16T08:59:18","modified_gmt":"2025-04-16T08:59:18","slug":"monotanc","status":"publish","type":"page","link":"https:\/\/cedthu.rwpstaging.site\/en\/monotanc\/","title":{"rendered":"Monodance"},"content":{"rendered":"<div data-elementor-type=\"wp-page\" data-elementor-id=\"16556\" class=\"elementor elementor-16556\" data-elementor-post-type=\"page\">\n\t\t\t\t\t\t<section class=\"elementor-section elementor-top-section elementor-element elementor-element-d6db397 elementor-section-height-min-height elementor-section-items-stretch elementor-section-boxed elementor-section-height-default\" data-id=\"d6db397\" data-element_type=\"section\" data-settings=\"{&quot;background_background&quot;:&quot;classic&quot;}\">\n\t\t\t\t\t\t\t<div class=\"elementor-background-overlay\"><\/div>\n\t\t\t\t\t\t\t<div class=\"elementor-container elementor-column-gap-default\">\n\t\t\t\t\t<div class=\"elementor-column elementor-col-100 elementor-top-column elementor-element elementor-element-190e1a2\" data-id=\"190e1a2\" data-element_type=\"column\">\n\t\t\t<div class=\"elementor-widget-wrap elementor-element-populated\">\n\t\t\t\t\t\t<div class=\"elementor-element elementor-element-2c9c810 elementor-widget elementor-widget-spacer\" data-id=\"2c9c810\" data-element_type=\"widget\" data-widget_type=\"spacer.default\">\n\t\t\t\t<div class=\"elementor-widget-container\">\n\t\t\t\t\t\t\t<div class=\"elementor-spacer\">\n\t\t\t<div class=\"elementor-spacer-inner\"><\/div>\n\t\t<\/div>\n\t\t\t\t\t\t<\/div>\n\t\t\t\t<\/div>\n\t\t\t\t\t<\/div>\n\t\t<\/div>\n\t\t\t\t\t<\/div>\n\t\t<\/section>\n\t\t\t\t<section class=\"elementor-section elementor-top-section elementor-element elementor-element-257b1a1 elementor-section-height-min-height elementor-section-items-stretch elementor-reverse-tablet elementor-reverse-mobile elementor-section-boxed elementor-section-height-default\" data-id=\"257b1a1\" data-element_type=\"section\">\n\t\t\t\t\t\t<div class=\"elementor-container elementor-column-gap-default\">\n\t\t\t\t\t<div class=\"elementor-column elementor-col-50 elementor-top-column elementor-element elementor-element-419da6c\" data-id=\"419da6c\" data-element_type=\"column\" data-settings=\"{&quot;background_background&quot;:&quot;classic&quot;}\">\n\t\t\t<div class=\"elementor-widget-wrap elementor-element-populated\">\n\t\t\t\t\t\t<div class=\"elementor-element elementor-element-ee1d771 animated-slow elementor-invisible elementor-widget elementor-widget-image\" data-id=\"ee1d771\" data-element_type=\"widget\" data-settings=\"{&quot;_animation&quot;:&quot;rollIn&quot;}\" data-widget_type=\"image.default\">\n\t\t\t\t<div class=\"elementor-widget-container\">\n\t\t\t\t\t\t\t\t\t\t\t\t\t\t\t<img fetchpriority=\"high\" decoding=\"async\" width=\"1334\" height=\"2000\" src=\"https:\/\/cedthu.rwpstaging.site\/wp-content\/uploads\/2024\/09\/Alma_413.jpg\" class=\"attachment-full size-full wp-image-13563\" alt=\"\" srcset=\"https:\/\/cedthu.rwpstaging.site\/wp-content\/uploads\/2024\/09\/Alma_413.jpg 1334w, https:\/\/cedthu.rwpstaging.site\/wp-content\/uploads\/2024\/09\/Alma_413-200x300.jpg 200w, https:\/\/cedthu.rwpstaging.site\/wp-content\/uploads\/2024\/09\/Alma_413-683x1024.jpg 683w, https:\/\/cedthu.rwpstaging.site\/wp-content\/uploads\/2024\/09\/Alma_413-768x1151.jpg 768w, https:\/\/cedthu.rwpstaging.site\/wp-content\/uploads\/2024\/09\/Alma_413-1025x1536.jpg 1025w, https:\/\/cedthu.rwpstaging.site\/wp-content\/uploads\/2024\/09\/Alma_413-267x400.jpg 267w, https:\/\/cedthu.rwpstaging.site\/wp-content\/uploads\/2024\/09\/Alma_413-13x20.jpg 13w\" sizes=\"(max-width: 1334px) 100vw, 1334px\" \/>\t\t\t\t\t\t\t\t\t\t\t\t\t\t\t<\/div>\n\t\t\t\t<\/div>\n\t\t\t\t\t<\/div>\n\t\t<\/div>\n\t\t\t\t<div class=\"elementor-column elementor-col-50 elementor-top-column elementor-element elementor-element-4cb9b9c\" data-id=\"4cb9b9c\" data-element_type=\"column\">\n\t\t\t<div class=\"elementor-widget-wrap elementor-element-populated\">\n\t\t\t\t\t\t<div class=\"elementor-element elementor-element-8cc38a5 elementor-widget elementor-widget-heading\" data-id=\"8cc38a5\" data-element_type=\"widget\" data-widget_type=\"heading.default\">\n\t\t\t\t<div class=\"elementor-widget-container\">\n\t\t\t\t\t<h5 class=\"elementor-heading-title elementor-size-default\">MONODANCE FESTIVAL<\/h5>\t\t\t\t<\/div>\n\t\t\t\t<\/div>\n\t\t\t\t<div class=\"elementor-element elementor-element-25c229c elementor-widget elementor-widget-text-editor\" data-id=\"25c229c\" data-element_type=\"widget\" data-widget_type=\"text-editor.default\">\n\t\t\t\t<div class=\"elementor-widget-container\">\n\t\t\t\t\t\t\t\t\t<p><b>The festival<\/b><span style=\"font-weight: 400;\"><br \/><\/span><span style=\"font-weight: 400;\">The International Monodance Festival, launched in 2005, is a unique cultural event in our country. The programme of the biennial festival always includes a selection of dance performances from recent years, providing an essence of monodance created by the most outstanding artists and performers of the Hungarian and international dance scene.<\/span><\/p><p><b>The mono dance<\/b><span style=\"font-weight: 400;\"><br \/><\/span><span style=\"font-weight: 400;\">The genre of monodance was inspired by and modelled on monodramas. Performances that are based on the personal testimonies of their creators are included in this category. However, monodance is not - necessarily - the same as solo dance, so the invited performances are not exclusively solo performances.<\/span><\/p><p><span style=\"font-weight: 400;\">In 2005, the Harangoz\u00f3 Prize winner Istv\u00e1n \u00c9nekes, one of the festival's initiators - along with Csaba Sz\u00f6gi - launched the programme with these lines:<\/span><\/p><p><span style=\"font-weight: 400;\">\"At the beginning of the 21st century, we know that technology can do almost anything. If not today, then tomorrow. A naive man who is surprised by anything. But the sensation of technology will be gone tomorrow. In the confusion of values, one of the surest points of reference for millennia has been the One-Sensitive Man himself. With his mental and physical achievements, his voluntary exposure. The Monodance Festival will showcase some of these indisputable intellectual and physical achievements. From solo - or almost solo - performances by the finest contemporary dance artists. Year after year, we want the Festival to be a gathering of brave people, of those who always want to do something new, who don't want to hide, but on the contrary, want to break out.\"<\/span><\/p>\t\t\t\t\t\t\t\t<\/div>\n\t\t\t\t<\/div>\n\t\t\t\t<div class=\"elementor-element elementor-element-bce89a2 elementor-mobile-align-center elementor-align-center elementor-widget__width-initial elementor-widget elementor-widget-button\" data-id=\"bce89a2\" data-element_type=\"widget\" data-widget_type=\"button.default\">\n\t\t\t\t<div class=\"elementor-widget-container\">\n\t\t\t\t\t\t\t\t\t<div class=\"elementor-button-wrapper\">\n\t\t\t\t\t<a class=\"elementor-button elementor-button-link elementor-size-sm elementor-animation-shrink\" href=\"https:\/\/www.bethlenszinhaz.hu\/monotanc\/\" target=\"_blank\">\n\t\t\t\t\t\t<span class=\"elementor-button-content-wrapper\">\n\t\t\t\t\t\t\t\t\t<span class=\"elementor-button-text\">Hungary<\/span>\n\t\t\t\t\t<\/span>\n\t\t\t\t\t<\/a>\n\t\t\t\t<\/div>\n\t\t\t\t\t\t\t\t<\/div>\n\t\t\t\t<\/div>\n\t\t\t\t<div class=\"elementor-element elementor-element-359aaca elementor-mobile-align-center elementor-align-center elementor-widget__width-initial elementor-widget elementor-widget-button\" data-id=\"359aaca\" data-element_type=\"widget\" data-widget_type=\"button.default\">\n\t\t\t\t<div class=\"elementor-widget-container\">\n\t\t\t\t\t\t\t\t\t<div class=\"elementor-button-wrapper\">\n\t\t\t\t\t<a class=\"elementor-button elementor-button-link elementor-size-sm elementor-animation-shrink\" href=\"https:\/\/www.kdanceabroad.com\/monotanz-seoul\" target=\"_blank\">\n\t\t\t\t\t\t<span class=\"elementor-button-content-wrapper\">\n\t\t\t\t\t\t\t\t\t<span class=\"elementor-button-text\">Korea<\/span>\n\t\t\t\t\t<\/span>\n\t\t\t\t\t<\/a>\n\t\t\t\t<\/div>\n\t\t\t\t\t\t\t\t<\/div>\n\t\t\t\t<\/div>\n\t\t\t\t<div class=\"elementor-element elementor-element-7709edd elementor-widget elementor-widget-text-editor\" data-id=\"7709edd\" data-element_type=\"widget\" data-widget_type=\"text-editor.default\">\n\t\t\t\t<div class=\"elementor-widget-container\">\n\t\t\t\t\t\t\t\t\t<p><b>Internationalisation<\/b><span style=\"font-weight: 400;\"><br \/><\/span><span style=\"font-weight: 400;\">In addition to renowned local artist-performers, the event has also hosted several world-renowned artists over the years. In 2019, the first Monotanz Festival was held in Seoul, South Korea, as a further step towards internationalisation.<\/span><\/p><p><span style=\"font-weight: 400;\">Since then - in Budapest and Seoul - the festivals have alternated every year. Central European Dance Theatre has been represented at each of these events, which have been a niche market abroad, and South Korean audiences have already seen several solo performances by K-Arcok's resident company at Bethlen T\u00e9ri Theatre.<\/span><\/p>\t\t\t\t\t\t\t\t<\/div>\n\t\t\t\t<\/div>\n\t\t\t\t\t<\/div>\n\t\t<\/div>\n\t\t\t\t\t<\/div>\n\t\t<\/section>\n\t\t\t\t<\/div>","protected":false},"excerpt":{"rendered":"<p>MONOT\u00c1NC FESZTIV\u00c1L A fesztiv\u00e1lA 2005-ben indult Nemzetk\u00f6zi Monot\u00e1nc Fesztiv\u00e1l haz\u00e1nk egyed\u00fcl\u00e1ll\u00f3 kultur\u00e1lis esem\u00e9nye. A bienn\u00e1l\u00e9 jelleg\u0171 fesztiv\u00e1l programja mindig az elm\u00falt \u00e9vekben sz\u00fcletett t\u00e1ncm\u0171v\u00e9szeti el\u0151ad\u00e1sokb\u00f3l v\u00e1logat, mintegy esszenci\u00e1j\u00e1t ny\u00fajtva a hazai \u00e9s nemzetk\u00f6zi t\u00e1nc\u00e9let legkiemelked\u0151bb alkot\u00f3i \u00e9s el\u0151ad\u00f3i \u00e1ltal megalkotott monot\u00e1ncoknak. A monot\u00e1ncA monot\u00e1nc m\u0171faji fogalma a monodr\u00e1m\u00e1k ihlet\u00e9s\u00e9re \u00e9s mint\u00e1j\u00e1ra lett megalkotva. Azokat az [&hellip;]<\/p>","protected":false},"author":1,"featured_media":0,"parent":0,"menu_order":0,"comment_status":"closed","ping_status":"closed","template":"elementor_header_footer","meta":{"footnotes":""},"class_list":["post-16556","page","type-page","status-publish","hentry"],"yoast_head":"<!-- This site is optimized with the Yoast SEO plugin v26.0 - https:\/\/yoast.com\/wordpress\/plugins\/seo\/ -->\n<title>Monot\u00e1nc - KET<\/title>\n<meta name=\"robots\" content=\"index, follow, max-snippet:-1, max-image-preview:large, max-video-preview:-1\" \/>\n<link rel=\"canonical\" href=\"https:\/\/cedthu.rwpstaging.site\/en\/monotanc\/\" \/>\n<meta name=\"twitter:card\" content=\"summary_large_image\" \/>\n<meta name=\"twitter:title\" content=\"Monot\u00e1nc - KET\" \/>\n<meta name=\"twitter:description\" content=\"MONOT\u00c1NC FESZTIV\u00c1L A fesztiv\u00e1lA 2005-ben indult Nemzetk\u00f6zi Monot\u00e1nc Fesztiv\u00e1l haz\u00e1nk egyed\u00fcl\u00e1ll\u00f3 kultur\u00e1lis esem\u00e9nye. A bienn\u00e1l\u00e9 jelleg\u0171 fesztiv\u00e1l programja mindig az elm\u00falt \u00e9vekben sz\u00fcletett t\u00e1ncm\u0171v\u00e9szeti el\u0151ad\u00e1sokb\u00f3l v\u00e1logat, mintegy esszenci\u00e1j\u00e1t ny\u00fajtva a hazai \u00e9s nemzetk\u00f6zi t\u00e1nc\u00e9let legkiemelked\u0151bb alkot\u00f3i \u00e9s el\u0151ad\u00f3i \u00e1ltal megalkotott monot\u00e1ncoknak. A monot\u00e1ncA monot\u00e1nc m\u0171faji fogalma a monodr\u00e1m\u00e1k ihlet\u00e9s\u00e9re \u00e9s mint\u00e1j\u00e1ra lett megalkotva. Azokat az [&hellip;]\" \/>\n<meta name=\"twitter:image\" content=\"https:\/\/cedthu.rwpstaging.site\/wp-content\/uploads\/2024\/09\/Alma_413.jpg\" \/>\n<meta name=\"twitter:label1\" content=\"Est. reading time\" \/>\n\t<meta name=\"twitter:data1\" content=\"2 minutes\" \/>\n<script type=\"application\/ld+json\" class=\"yoast-schema-graph\">{\"@context\":\"https:\/\/schema.org\",\"@graph\":[{\"@type\":\"WebPage\",\"@id\":\"https:\/\/cedthu.rwpstaging.site\/monotanc\/\",\"url\":\"https:\/\/cedthu.rwpstaging.site\/monotanc\/\",\"name\":\"Monot\u00e1nc - KET\",\"isPartOf\":{\"@id\":\"https:\/\/cedthu.rwpstaging.site\/#website\"},\"primaryImageOfPage\":{\"@id\":\"https:\/\/cedthu.rwpstaging.site\/monotanc\/#primaryimage\"},\"image\":{\"@id\":\"https:\/\/cedthu.rwpstaging.site\/monotanc\/#primaryimage\"},\"thumbnailUrl\":\"https:\/\/cedthu.rwpstaging.site\/wp-content\/uploads\/2024\/09\/Alma_413.jpg\",\"datePublished\":\"2025-04-16T08:50:17+00:00\",\"dateModified\":\"2025-04-16T08:59:18+00:00\",\"breadcrumb\":{\"@id\":\"https:\/\/cedthu.rwpstaging.site\/monotanc\/#breadcrumb\"},\"inLanguage\":\"en-US\",\"potentialAction\":[{\"@type\":\"ReadAction\",\"target\":[\"https:\/\/cedthu.rwpstaging.site\/monotanc\/\"]}]},{\"@type\":\"ImageObject\",\"inLanguage\":\"en-US\",\"@id\":\"https:\/\/cedthu.rwpstaging.site\/monotanc\/#primaryimage\",\"url\":\"https:\/\/cedthu.rwpstaging.site\/wp-content\/uploads\/2024\/09\/Alma_413.jpg\",\"contentUrl\":\"https:\/\/cedthu.rwpstaging.site\/wp-content\/uploads\/2024\/09\/Alma_413.jpg\"},{\"@type\":\"BreadcrumbList\",\"@id\":\"https:\/\/cedthu.rwpstaging.site\/monotanc\/#breadcrumb\",\"itemListElement\":[{\"@type\":\"ListItem\",\"position\":1,\"name\":\"Home\",\"item\":\"https:\/\/cedthu.rwpstaging.site\/\"},{\"@type\":\"ListItem\",\"position\":2,\"name\":\"Monot\u00e1nc\"}]},{\"@type\":\"WebSite\",\"@id\":\"https:\/\/cedthu.rwpstaging.site\/#website\",\"url\":\"https:\/\/cedthu.rwpstaging.site\/\",\"name\":\"KET\",\"description\":\"K\u00f6z\u00e9p-Eur\u00f3pa T\u00e1ncsz\u00ednh\u00e1z\",\"publisher\":{\"@id\":\"https:\/\/cedthu.rwpstaging.site\/#organization\"},\"potentialAction\":[{\"@type\":\"SearchAction\",\"target\":{\"@type\":\"EntryPoint\",\"urlTemplate\":\"https:\/\/cedthu.rwpstaging.site\/?s={search_term_string}\"},\"query-input\":{\"@type\":\"PropertyValueSpecification\",\"valueRequired\":true,\"valueName\":\"search_term_string\"}}],\"inLanguage\":\"en-US\"},{\"@type\":\"Organization\",\"@id\":\"https:\/\/cedthu.rwpstaging.site\/#organization\",\"name\":\"KET\",\"url\":\"https:\/\/cedthu.rwpstaging.site\/\",\"logo\":{\"@type\":\"ImageObject\",\"inLanguage\":\"en-US\",\"@id\":\"https:\/\/cedthu.rwpstaging.site\/#\/schema\/logo\/image\/\",\"url\":\"https:\/\/cedthu.rwpstaging.site\/wp-content\/uploads\/2024\/03\/cropped-KET-NYomda-logo2.png\",\"contentUrl\":\"https:\/\/cedthu.rwpstaging.site\/wp-content\/uploads\/2024\/03\/cropped-KET-NYomda-logo2.png\",\"width\":300,\"height\":326,\"caption\":\"KET\"},\"image\":{\"@id\":\"https:\/\/cedthu.rwpstaging.site\/#\/schema\/logo\/image\/\"}}]}<\/script>\n<!-- \/ Yoast SEO plugin. -->","yoast_head_json":{"title":"Monot\u00e1nc - KET","robots":{"index":"index","follow":"follow","max-snippet":"max-snippet:-1","max-image-preview":"max-image-preview:large","max-video-preview":"max-video-preview:-1"},"canonical":"https:\/\/cedthu.rwpstaging.site\/en\/monotanc\/","twitter_card":"summary_large_image","twitter_title":"Monot\u00e1nc - KET","twitter_description":"MONOT\u00c1NC FESZTIV\u00c1L A fesztiv\u00e1lA 2005-ben indult Nemzetk\u00f6zi Monot\u00e1nc Fesztiv\u00e1l haz\u00e1nk egyed\u00fcl\u00e1ll\u00f3 kultur\u00e1lis esem\u00e9nye. A bienn\u00e1l\u00e9 jelleg\u0171 fesztiv\u00e1l programja mindig az elm\u00falt \u00e9vekben sz\u00fcletett t\u00e1ncm\u0171v\u00e9szeti el\u0151ad\u00e1sokb\u00f3l v\u00e1logat, mintegy esszenci\u00e1j\u00e1t ny\u00fajtva a hazai \u00e9s nemzetk\u00f6zi t\u00e1nc\u00e9let legkiemelked\u0151bb alkot\u00f3i \u00e9s el\u0151ad\u00f3i \u00e1ltal megalkotott monot\u00e1ncoknak. A monot\u00e1ncA monot\u00e1nc m\u0171faji fogalma a monodr\u00e1m\u00e1k ihlet\u00e9s\u00e9re \u00e9s mint\u00e1j\u00e1ra lett megalkotva. Azokat az [&hellip;]","twitter_image":"https:\/\/cedthu.rwpstaging.site\/wp-content\/uploads\/2024\/09\/Alma_413.jpg","twitter_misc":{"Est. reading time":"2 minutes"},"schema":{"@context":"https:\/\/schema.org","@graph":[{"@type":"WebPage","@id":"https:\/\/cedthu.rwpstaging.site\/monotanc\/","url":"https:\/\/cedthu.rwpstaging.site\/monotanc\/","name":"Monot\u00e1nc - KET","isPartOf":{"@id":"https:\/\/cedthu.rwpstaging.site\/#website"},"primaryImageOfPage":{"@id":"https:\/\/cedthu.rwpstaging.site\/monotanc\/#primaryimage"},"image":{"@id":"https:\/\/cedthu.rwpstaging.site\/monotanc\/#primaryimage"},"thumbnailUrl":"https:\/\/cedthu.rwpstaging.site\/wp-content\/uploads\/2024\/09\/Alma_413.jpg","datePublished":"2025-04-16T08:50:17+00:00","dateModified":"2025-04-16T08:59:18+00:00","breadcrumb":{"@id":"https:\/\/cedthu.rwpstaging.site\/monotanc\/#breadcrumb"},"inLanguage":"en-US","potentialAction":[{"@type":"ReadAction","target":["https:\/\/cedthu.rwpstaging.site\/monotanc\/"]}]},{"@type":"ImageObject","inLanguage":"en-US","@id":"https:\/\/cedthu.rwpstaging.site\/monotanc\/#primaryimage","url":"https:\/\/cedthu.rwpstaging.site\/wp-content\/uploads\/2024\/09\/Alma_413.jpg","contentUrl":"https:\/\/cedthu.rwpstaging.site\/wp-content\/uploads\/2024\/09\/Alma_413.jpg"},{"@type":"BreadcrumbList","@id":"https:\/\/cedthu.rwpstaging.site\/monotanc\/#breadcrumb","itemListElement":[{"@type":"ListItem","position":1,"name":"Home","item":"https:\/\/cedthu.rwpstaging.site\/"},{"@type":"ListItem","position":2,"name":"Monot\u00e1nc"}]},{"@type":"WebSite","@id":"https:\/\/cedthu.rwpstaging.site\/#website","url":"https:\/\/cedthu.rwpstaging.site\/","name":"KET","description":"Central Europe Dance Theatre","publisher":{"@id":"https:\/\/cedthu.rwpstaging.site\/#organization"},"potentialAction":[{"@type":"SearchAction","target":{"@type":"EntryPoint","urlTemplate":"https:\/\/cedthu.rwpstaging.site\/?s={search_term_string}"},"query-input":{"@type":"PropertyValueSpecification","valueRequired":true,"valueName":"search_term_string"}}],"inLanguage":"en-US"},{"@type":"Organization","@id":"https:\/\/cedthu.rwpstaging.site\/#organization","name":"KET","url":"https:\/\/cedthu.rwpstaging.site\/","logo":{"@type":"ImageObject","inLanguage":"en-US","@id":"https:\/\/cedthu.rwpstaging.site\/#\/schema\/logo\/image\/","url":"https:\/\/cedthu.rwpstaging.site\/wp-content\/uploads\/2024\/03\/cropped-KET-NYomda-logo2.png","contentUrl":"https:\/\/cedthu.rwpstaging.site\/wp-content\/uploads\/2024\/03\/cropped-KET-NYomda-logo2.png","width":300,"height":326,"caption":"KET"},"image":{"@id":"https:\/\/cedthu.rwpstaging.site\/#\/schema\/logo\/image\/"}}]}},"_links":{"self":[{"href":"https:\/\/cedthu.rwpstaging.site\/en\/wp-json\/wp\/v2\/pages\/16556","targetHints":{"allow":["GET"]}}],"collection":[{"href":"https:\/\/cedthu.rwpstaging.site\/en\/wp-json\/wp\/v2\/pages"}],"about":[{"href":"https:\/\/cedthu.rwpstaging.site\/en\/wp-json\/wp\/v2\/types\/page"}],"author":[{"embeddable":true,"href":"https:\/\/cedthu.rwpstaging.site\/en\/wp-json\/wp\/v2\/users\/1"}],"replies":[{"embeddable":true,"href":"https:\/\/cedthu.rwpstaging.site\/en\/wp-json\/wp\/v2\/comments?post=16556"}],"version-history":[{"count":5,"href":"https:\/\/cedthu.rwpstaging.site\/en\/wp-json\/wp\/v2\/pages\/16556\/revisions"}],"predecessor-version":[{"id":16595,"href":"https:\/\/cedthu.rwpstaging.site\/en\/wp-json\/wp\/v2\/pages\/16556\/revisions\/16595"}],"wp:attachment":[{"href":"https:\/\/cedthu.rwpstaging.site\/en\/wp-json\/wp\/v2\/media?parent=16556"}],"curies":[{"name":"wp","href":"https:\/\/api.w.org\/{rel}","templated":true}]}}