{"id":16956,"date":"2025-05-06T16:29:01","date_gmt":"2025-05-06T16:29:01","guid":{"rendered":"https:\/\/cedthu.rwpstaging.site\/?page_id=16956"},"modified":"2025-05-06T16:43:45","modified_gmt":"2025-05-06T16:43:45","slug":"hirek","status":"publish","type":"page","link":"https:\/\/cedthu.rwpstaging.site\/en\/hirek\/","title":{"rendered":"Hirek"},"content":{"rendered":"<div data-elementor-type=\"wp-page\" data-elementor-id=\"16956\" class=\"elementor elementor-16956\" data-elementor-post-type=\"page\">\n\t\t\t\t\t\t<section class=\"elementor-section elementor-top-section elementor-element elementor-element-702a69c elementor-section-height-min-height elementor-section-items-stretch elementor-section-boxed elementor-section-height-default\" data-id=\"702a69c\" data-element_type=\"section\" data-settings=\"{&quot;background_background&quot;:&quot;classic&quot;}\">\n\t\t\t\t\t\t\t<div class=\"elementor-background-overlay\"><\/div>\n\t\t\t\t\t\t\t<div class=\"elementor-container elementor-column-gap-default\">\n\t\t\t\t\t<div class=\"elementor-column elementor-col-100 elementor-top-column elementor-element elementor-element-eda36eb\" data-id=\"eda36eb\" data-element_type=\"column\">\n\t\t\t<div class=\"elementor-widget-wrap elementor-element-populated\">\n\t\t\t\t\t\t<div class=\"elementor-element elementor-element-ec1b0ae elementor-widget elementor-widget-heading\" data-id=\"ec1b0ae\" data-element_type=\"widget\" data-widget_type=\"heading.default\">\n\t\t\t\t<div class=\"elementor-widget-container\">\n\t\t\t\t\t<h2 class=\"elementor-heading-title elementor-size-default\">News<\/h2>\t\t\t\t<\/div>\n\t\t\t\t<\/div>\n\t\t\t\t<div class=\"elementor-element elementor-element-a5ef394 elementor-widget elementor-widget-spacer\" data-id=\"a5ef394\" data-element_type=\"widget\" data-widget_type=\"spacer.default\">\n\t\t\t\t<div class=\"elementor-widget-container\">\n\t\t\t\t\t\t\t<div class=\"elementor-spacer\">\n\t\t\t<div class=\"elementor-spacer-inner\"><\/div>\n\t\t<\/div>\n\t\t\t\t\t\t<\/div>\n\t\t\t\t<\/div>\n\t\t\t\t\t<\/div>\n\t\t<\/div>\n\t\t\t\t\t<\/div>\n\t\t<\/section>\n\t\t\t\t<section class=\"elementor-section elementor-top-section elementor-element elementor-element-a7db818 elementor-section-boxed elementor-section-height-default elementor-section-height-default\" data-id=\"a7db818\" data-element_type=\"section\">\n\t\t\t\t\t\t<div class=\"elementor-container elementor-column-gap-default\">\n\t\t\t\t\t<div class=\"elementor-column elementor-col-100 elementor-top-column elementor-element elementor-element-d9ab5f0\" data-id=\"d9ab5f0\" data-element_type=\"column\">\n\t\t\t<div class=\"elementor-widget-wrap elementor-element-populated\">\n\t\t\t\t\t\t<div class=\"elementor-element elementor-element-548d52d elementor-grid-3 elementor-grid-tablet-2 elementor-grid-mobile-1 elementor-posts--thumbnail-top elementor-widget elementor-widget-posts\" data-id=\"548d52d\" data-element_type=\"widget\" data-settings=\"{&quot;pagination_type&quot;:&quot;prev_next&quot;,&quot;classic_columns&quot;:&quot;3&quot;,&quot;classic_columns_tablet&quot;:&quot;2&quot;,&quot;classic_columns_mobile&quot;:&quot;1&quot;,&quot;classic_row_gap&quot;:{&quot;unit&quot;:&quot;px&quot;,&quot;size&quot;:35,&quot;sizes&quot;:[]},&quot;classic_row_gap_tablet&quot;:{&quot;unit&quot;:&quot;px&quot;,&quot;size&quot;:&quot;&quot;,&quot;sizes&quot;:[]},&quot;classic_row_gap_mobile&quot;:{&quot;unit&quot;:&quot;px&quot;,&quot;size&quot;:&quot;&quot;,&quot;sizes&quot;:[]}}\" data-widget_type=\"posts.classic\">\n\t\t\t\t<div class=\"elementor-widget-container\">\n\t\t\t\t\t\t\t<div class=\"elementor-posts-container elementor-posts elementor-posts--skin-classic elementor-grid\" role=\"list\">\n\t\t\t\t<article class=\"elementor-post elementor-grid-item post-14314 post type-post status-publish format-standard hentry category-hirek\" role=\"listitem\">\n\t\t\t\t<div class=\"elementor-post__text\">\n\t\t\t\t<h5 class=\"elementor-post__title\">\n\t\t\t<a href=\"https:\/\/cedthu.rwpstaging.site\/en\/open-call-bucharest-dance-hack-2025-29th-of-november-31st-of-december-3\/\" >\n\t\t\t\tOpen call! &gt; Bucharest Dance Hack 2025 &gt; 29th of November - 31st of December\t\t\t<\/a>\n\t\t<\/h5>\n\t\t\t\t<div class=\"elementor-post__meta-data\">\n\t\t\t\t\t<span class=\"elementor-post-date\">\n\t\t\t2024-12-03\t\t<\/span>\n\t\t\t\t<\/div>\n\t\t\t\t<div class=\"elementor-post__excerpt\">\n\t\t\t<p>Artists, coders, designers, musicians, dancers, new circus performers, choreographers, people working at the cutting edge of art and technology, a fabulous opportunity for transdisciplinary collaborative<\/p>\n\t\t<\/div>\n\t\t\n\t\t<a class=\"elementor-post__read-more\" href=\"https:\/\/cedthu.rwpstaging.site\/en\/open-call-bucharest-dance-hack-2025-29th-of-november-31st-of-december-3\/\" aria-label=\"Read more about Open call! &gt; Bucharest Dance Hack 2025 &gt; 29th of November &#8211; 31st of December\" tabindex=\"-1\" >\n\t\t\tRead more +\t\t<\/a>\n\n\t\t\t\t<\/div>\n\t\t\t\t<\/article>\n\t\t\t\t<article class=\"elementor-post elementor-grid-item post-14137 post type-post status-publish format-standard hentry category-hirek\" role=\"listitem\">\n\t\t\t\t<div class=\"elementor-post__text\">\n\t\t\t\t<h5 class=\"elementor-post__title\">\n\t\t\t<a href=\"https:\/\/cedthu.rwpstaging.site\/en\/a-jovo-tanca-es-a-hagyomany-ereje-beszelgetes-vaczi-laszloval\/\" >\n\t\t\t\t\"The dance of the future and the power of tradition\" - discussion with L\u00e1szl\u00f3 V\u00e1czi\u00a0\t\t\t<\/a>\n\t\t<\/h5>\n\t\t\t\t<div class=\"elementor-post__meta-data\">\n\t\t\t\t\t<span class=\"elementor-post-date\">\n\t\t\t2024-11-16\t\t<\/span>\n\t\t\t\t<\/div>\n\t\t\t\t<div class=\"elementor-post__excerpt\">\n\t\t\t<p>The Bethlen T\u00e9ri Theatre will again host special dance programmes for visitors to the S\u0150T7 festival. L\u00e1szl\u00f3 V\u00e1czi, Managing Director of the theatre, told us how the<\/p>\n\t\t<\/div>\n\t\t\n\t\t<a class=\"elementor-post__read-more\" href=\"https:\/\/cedthu.rwpstaging.site\/en\/a-jovo-tanca-es-a-hagyomany-ereje-beszelgetes-vaczi-laszloval\/\" aria-label=\"Read more about \u201eA j\u00f6v\u0151 t\u00e1nca \u00e9s a hagyom\u00e1ny ereje\u201d \u2013 besz\u00e9lget\u00e9s V\u00e1czi L\u00e1szl\u00f3val\u00a0\" tabindex=\"-1\" >\n\t\t\tRead more +\t\t<\/a>\n\n\t\t\t\t<\/div>\n\t\t\t\t<\/article>\n\t\t\t\t<article class=\"elementor-post elementor-grid-item post-14044 post type-post status-publish format-standard hentry category-hirek\" role=\"listitem\">\n\t\t\t\t<div class=\"elementor-post__text\">\n\t\t\t\t<h5 class=\"elementor-post__title\">\n\t\t\t<a href=\"https:\/\/cedthu.rwpstaging.site\/en\/elmelazunk-vagy-megremulunk\/\" >\n\t\t\t\tDo we reflect or are we frightened?\t\t\t<\/a>\n\t\t<\/h5>\n\t\t\t\t<div class=\"elementor-post__meta-data\">\n\t\t\t\t\t<span class=\"elementor-post-date\">\n\t\t\t2024-11-12\t\t<\/span>\n\t\t\t\t<\/div>\n\t\t\t\t<div class=\"elementor-post__excerpt\">\n\t\t\t<p>WIEDERKEHR, or Return, is the title of a performance by the German-based Totalitarian Body Kollektiv at S\u0150T7. Choreographer Anton Rudakov and lighting technician Insa Griesing talk about the collective experience,<\/p>\n\t\t<\/div>\n\t\t\n\t\t<a class=\"elementor-post__read-more\" href=\"https:\/\/cedthu.rwpstaging.site\/en\/elmelazunk-vagy-megremulunk\/\" aria-label=\"Read more about Elm\u00e9l\u00e1zunk vagy megr\u00e9m\u00fcl\u00fcnk?\" tabindex=\"-1\" >\n\t\t\tRead more +\t\t<\/a>\n\n\t\t\t\t<\/div>\n\t\t\t\t<\/article>\n\t\t\t\t<article class=\"elementor-post elementor-grid-item post-13813 post type-post status-publish format-standard hentry category-hirek\" role=\"listitem\">\n\t\t\t\t<div class=\"elementor-post__text\">\n\t\t\t\t<h5 class=\"elementor-post__title\">\n\t\t\t<a href=\"https:\/\/cedthu.rwpstaging.site\/en\/open-callaudition-for-beyond-front-common-creation-performance\/\" >\n\t\t\t\tOPEN CALLAudition for Beyond Front@ Common Creation Performance\t\t\t<\/a>\n\t\t<\/h5>\n\t\t\t\t<div class=\"elementor-post__meta-data\">\n\t\t\t\t\t<span class=\"elementor-post-date\">\n\t\t\t2024-11-01\t\t<\/span>\n\t\t\t\t<\/div>\n\t\t\t\t<div class=\"elementor-post__excerpt\">\n\t\t\t<p>Vitlycke - Centre for Performing Arts and Beyond Front@: Bridging Periphery are inviting dancers from Hungary, Slovenia, Croatia, Poland and Romania, to join a newcontemporary dance<\/p>\n\t\t<\/div>\n\t\t\n\t\t<a class=\"elementor-post__read-more\" href=\"https:\/\/cedthu.rwpstaging.site\/en\/open-callaudition-for-beyond-front-common-creation-performance\/\" aria-label=\"Read more about OPEN CALLAudition for Beyond Front@ Common Creation Performance\" tabindex=\"-1\" >\n\t\t\tRead more +\t\t<\/a>\n\n\t\t\t\t<\/div>\n\t\t\t\t<\/article>\n\t\t\t\t<article class=\"elementor-post elementor-grid-item post-13667 post type-post status-publish format-standard hentry category-hirek\" role=\"listitem\">\n\t\t\t\t<div class=\"elementor-post__text\">\n\t\t\t\t<h5 class=\"elementor-post__title\">\n\t\t\t<a href=\"https:\/\/cedthu.rwpstaging.site\/en\/novemberben-erkezik-a-13-sissi-oszi-tanchet\/\" >\n\t\t\t\tThe XIIIth S\u0150T7 is coming in November!\u00a0\t\t\t<\/a>\n\t\t<\/h5>\n\t\t\t\t<div class=\"elementor-post__meta-data\">\n\t\t\t\t\t<span class=\"elementor-post-date\">\n\t\t\t2024-10-31\t\t<\/span>\n\t\t\t\t<\/div>\n\t\t\t\t<div class=\"elementor-post__excerpt\">\n\t\t\t<p>The Sissi Autumn Dance Festival, or S\u0150T7, which starts on day zero this year, promises to be a real dance treat in November. The dance festival will present performances from five countries, as well as painting and<\/p>\n\t\t<\/div>\n\t\t\n\t\t<a class=\"elementor-post__read-more\" href=\"https:\/\/cedthu.rwpstaging.site\/en\/novemberben-erkezik-a-13-sissi-oszi-tanchet\/\" aria-label=\"Read more about Novemberben \u00e9rkezik a XIII. S\u0150T7!\u00a0\" tabindex=\"-1\" >\n\t\t\tRead more +\t\t<\/a>\n\n\t\t\t\t<\/div>\n\t\t\t\t<\/article>\n\t\t\t\t<article class=\"elementor-post elementor-grid-item post-13638 post type-post status-publish format-standard hentry category-hirek\" role=\"listitem\">\n\t\t\t\t<div class=\"elementor-post__text\">\n\t\t\t\t<h5 class=\"elementor-post__title\">\n\t\t\t<a href=\"https:\/\/cedthu.rwpstaging.site\/en\/milan-tomasik-ez-a-tarsulat-csodalatos-emberekbol-all-ezert-nem-kivanhatok-nekik-mast-mint-a-legjobbakat\/\" >\n\t\t\t\tMilan Tomasik: This company is made up of wonderful people ... so I cannot wish them anything but the best!\t\t\t<\/a>\n\t\t<\/h5>\n\t\t\t\t<div class=\"elementor-post__meta-data\">\n\t\t\t\t\t<span class=\"elementor-post-date\">\n\t\t\t2024-10-31\t\t<\/span>\n\t\t\t\t<\/div>\n\t\t\t\t<div class=\"elementor-post__excerpt\">\n\t\t\t<p>Milan Tomasik, choreographer of the Krakow Dance Theatre, will bring his production Treatise to S\u0150T7 in November. The special feature of the performance is that the starting point of the creative process is a<\/p>\n\t\t<\/div>\n\t\t\n\t\t<a class=\"elementor-post__read-more\" href=\"https:\/\/cedthu.rwpstaging.site\/en\/milan-tomasik-ez-a-tarsulat-csodalatos-emberekbol-all-ezert-nem-kivanhatok-nekik-mast-mint-a-legjobbakat\/\" aria-label=\"Read more about Milan Tomasik: Ez a t\u00e1rsulat csod\u00e1latos emberekb\u0151l \u00e1ll .. ez\u00e9rt nem k\u00edv\u00e1nhatok nekik m\u00e1st, mint a legjobbakat!\" tabindex=\"-1\" >\n\t\t\tRead more +\t\t<\/a>\n\n\t\t\t\t<\/div>\n\t\t\t\t<\/article>\n\t\t\t\t<article class=\"elementor-post elementor-grid-item post-13611 post type-post status-publish format-standard hentry category-hirek\" role=\"listitem\">\n\t\t\t\t<div class=\"elementor-post__text\">\n\t\t\t\t<h5 class=\"elementor-post__title\">\n\t\t\t<a href=\"https:\/\/cedthu.rwpstaging.site\/en\/intuicio-es-technologia-eu-dance-hack-a-sissi-oszi-tancheten\/\" >\n\t\t\t\tIntuition and Technology - EU Dance Hack at Sissi Autumn Dance Fair\u00a0\t\t\t<\/a>\n\t\t<\/h5>\n\t\t\t\t<div class=\"elementor-post__meta-data\">\n\t\t\t\t\t<span class=\"elementor-post-date\">\n\t\t\t2024-10-31\t\t<\/span>\n\t\t\t\t<\/div>\n\t\t\t\t<div class=\"elementor-post__excerpt\">\n\t\t\t<p>We asked Csilla Gesztelyi Nagy, the mentor of the EU Dance Hack Budapest, about the significance of the international project in Hungary, the intertwining of dance and technology and the<\/p>\n\t\t<\/div>\n\t\t\n\t\t<a class=\"elementor-post__read-more\" href=\"https:\/\/cedthu.rwpstaging.site\/en\/intuicio-es-technologia-eu-dance-hack-a-sissi-oszi-tancheten\/\" aria-label=\"Read more about Intu\u00edci\u00f3 \u00e9s technol\u00f3gia \u2013 EU Dance Hack a Sissi \u0150szi T\u00e1nch\u00e9ten\u00a0\" tabindex=\"-1\" >\n\t\t\tRead more +\t\t<\/a>\n\n\t\t\t\t<\/div>\n\t\t\t\t<\/article>\n\t\t\t\t<article class=\"elementor-post elementor-grid-item post-13405 post type-post status-publish format-standard hentry category-hirek\" role=\"listitem\">\n\t\t\t\t<div class=\"elementor-post__text\">\n\t\t\t\t<h5 class=\"elementor-post__title\">\n\t\t\t<a href=\"https:\/\/cedthu.rwpstaging.site\/en\/a-technologia-es-a-tanc-osszekapcsolodasa\/\" >\n\t\t\t\tLinking technology and dance\t\t\t<\/a>\n\t\t<\/h5>\n\t\t\t\t<div class=\"elementor-post__meta-data\">\n\t\t\t\t\t<span class=\"elementor-post-date\">\n\t\t\t2024-10-04\t\t<\/span>\n\t\t\t\t<\/div>\n\t\t\t\t<div class=\"elementor-post__excerpt\">\n\t\t\t<p>The meeting of dance and technology For Art is Business, one of the most exciting stories is when the ever-evolving technology meets art. A<\/p>\n\t\t<\/div>\n\t\t\n\t\t<a class=\"elementor-post__read-more\" href=\"https:\/\/cedthu.rwpstaging.site\/en\/a-technologia-es-a-tanc-osszekapcsolodasa\/\" aria-label=\"Read more about A technol\u00f3gia \u00e9s a t\u00e1nc \u00f6sszekapcsol\u00f3d\u00e1sa\" tabindex=\"-1\" >\n\t\t\tRead more +\t\t<\/a>\n\n\t\t\t\t<\/div>\n\t\t\t\t<\/article>\n\t\t\t\t<article class=\"elementor-post elementor-grid-item post-13304 post type-post status-publish format-standard hentry category-hirek\" role=\"listitem\">\n\t\t\t\t<div class=\"elementor-post__text\">\n\t\t\t\t<h5 class=\"elementor-post__title\">\n\t\t\t<a href=\"https:\/\/cedthu.rwpstaging.site\/en\/sajtokozlemeny-13-sissi-oszi-tanchet-2024\/\" >\n\t\t\t\tPress Release - 13th Sissi Autumn Dance Festival - 2024\t\t\t<\/a>\n\t\t<\/h5>\n\t\t\t\t<div class=\"elementor-post__meta-data\">\n\t\t\t\t\t<span class=\"elementor-post-date\">\n\t\t\t2024-10-01\t\t<\/span>\n\t\t\t\t<\/div>\n\t\t\t\t<div class=\"elementor-post__excerpt\">\n\t\t\t<p>International contemporary dance festival at the Bethlen T\u00e9ri Theatre 2024 15-22 November 2024 The Sissi Autumn Dance Festival, or S\u0150T7, which will start on day zero this year, promises a real dance treat in November.<\/p>\n\t\t<\/div>\n\t\t\n\t\t<a class=\"elementor-post__read-more\" href=\"https:\/\/cedthu.rwpstaging.site\/en\/sajtokozlemeny-13-sissi-oszi-tanchet-2024\/\" aria-label=\"Read more about Sajt\u00f3k\u00f6zlem\u00e9ny &#8211; 13. Sissi \u0150szi T\u00e1nch\u00e9t &#8211; 2024\" tabindex=\"-1\" >\n\t\t\tRead more +\t\t<\/a>\n\n\t\t\t\t<\/div>\n\t\t\t\t<\/article>\n\t\t\t\t<\/div>\n\t\t\n\t\t\t\t<div class=\"e-load-more-anchor\" data-page=\"1\" data-max-page=\"5\" data-next-page=\"https:\/\/cedthu.rwpstaging.site\/en\/wp-json\/wp\/v2\/pages\/16956\/page\/2\/\"><\/div>\n\t\t\t\t<nav class=\"elementor-pagination\" aria-label=\"Pagination\">\n\t\t\t<span class=\"page-numbers prev\">\" previous<\/span>\n<a class=\"page-numbers next\" href=\"https:\/\/cedthu.rwpstaging.site\/en\/wp-json\/wp\/v2\/pages\/16956\/page\/2\/\">Next \"<\/a>\t\t<\/nav>\n\t\t\t\t\t\t<\/div>\n\t\t\t\t<\/div>\n\t\t\t\t\t<\/div>\n\t\t<\/div>\n\t\t\t\t\t<\/div>\n\t\t<\/section>\n\t\t\t\t<\/div>","protected":false},"excerpt":{"rendered":"<p>News<\/p>","protected":false},"author":1,"featured_media":0,"parent":0,"menu_order":0,"comment_status":"closed","ping_status":"closed","template":"elementor_header_footer","meta":{"footnotes":""},"class_list":["post-16956","page","type-page","status-publish","hentry"],"yoast_head":"<!-- This site is optimized with the Yoast SEO plugin v26.0 - https:\/\/yoast.com\/wordpress\/plugins\/seo\/ -->\n<title>Hirek - KET<\/title>\n<meta name=\"robots\" content=\"index, follow, max-snippet:-1, max-image-preview:large, max-video-preview:-1\" \/>\n<link rel=\"canonical\" href=\"https:\/\/cedthu.rwpstaging.site\/en\/hirek\/\" \/>\n<meta name=\"twitter:card\" content=\"summary_large_image\" \/>\n<meta name=\"twitter:title\" content=\"Hirek - KET\" \/>\n<meta name=\"twitter:description\" content=\"H\u00edrek\" \/>\n<meta name=\"twitter:label1\" content=\"Est. reading time\" \/>\n\t<meta name=\"twitter:data1\" content=\"6 minutes\" \/>\n<script type=\"application\/ld+json\" class=\"yoast-schema-graph\">{\"@context\":\"https:\/\/schema.org\",\"@graph\":[{\"@type\":\"WebPage\",\"@id\":\"https:\/\/cedthu.rwpstaging.site\/hirek\/\",\"url\":\"https:\/\/cedthu.rwpstaging.site\/hirek\/\",\"name\":\"Hirek - KET\",\"isPartOf\":{\"@id\":\"https:\/\/cedthu.rwpstaging.site\/#website\"},\"datePublished\":\"2025-05-06T16:29:01+00:00\",\"dateModified\":\"2025-05-06T16:43:45+00:00\",\"breadcrumb\":{\"@id\":\"https:\/\/cedthu.rwpstaging.site\/hirek\/#breadcrumb\"},\"inLanguage\":\"en-US\",\"potentialAction\":[{\"@type\":\"ReadAction\",\"target\":[\"https:\/\/cedthu.rwpstaging.site\/hirek\/\"]}]},{\"@type\":\"BreadcrumbList\",\"@id\":\"https:\/\/cedthu.rwpstaging.site\/hirek\/#breadcrumb\",\"itemListElement\":[{\"@type\":\"ListItem\",\"position\":1,\"name\":\"Home\",\"item\":\"https:\/\/cedthu.rwpstaging.site\/\"},{\"@type\":\"ListItem\",\"position\":2,\"name\":\"Hirek\"}]},{\"@type\":\"WebSite\",\"@id\":\"https:\/\/cedthu.rwpstaging.site\/#website\",\"url\":\"https:\/\/cedthu.rwpstaging.site\/\",\"name\":\"KET\",\"description\":\"K\u00f6z\u00e9p-Eur\u00f3pa T\u00e1ncsz\u00ednh\u00e1z\",\"publisher\":{\"@id\":\"https:\/\/cedthu.rwpstaging.site\/#organization\"},\"potentialAction\":[{\"@type\":\"SearchAction\",\"target\":{\"@type\":\"EntryPoint\",\"urlTemplate\":\"https:\/\/cedthu.rwpstaging.site\/?s={search_term_string}\"},\"query-input\":{\"@type\":\"PropertyValueSpecification\",\"valueRequired\":true,\"valueName\":\"search_term_string\"}}],\"inLanguage\":\"en-US\"},{\"@type\":\"Organization\",\"@id\":\"https:\/\/cedthu.rwpstaging.site\/#organization\",\"name\":\"KET\",\"url\":\"https:\/\/cedthu.rwpstaging.site\/\",\"logo\":{\"@type\":\"ImageObject\",\"inLanguage\":\"en-US\",\"@id\":\"https:\/\/cedthu.rwpstaging.site\/#\/schema\/logo\/image\/\",\"url\":\"https:\/\/cedthu.rwpstaging.site\/wp-content\/uploads\/2024\/03\/cropped-KET-NYomda-logo2.png\",\"contentUrl\":\"https:\/\/cedthu.rwpstaging.site\/wp-content\/uploads\/2024\/03\/cropped-KET-NYomda-logo2.png\",\"width\":300,\"height\":326,\"caption\":\"KET\"},\"image\":{\"@id\":\"https:\/\/cedthu.rwpstaging.site\/#\/schema\/logo\/image\/\"}}]}<\/script>\n<!-- \/ Yoast SEO plugin. -->","yoast_head_json":{"title":"Hirek - KET","robots":{"index":"index","follow":"follow","max-snippet":"max-snippet:-1","max-image-preview":"max-image-preview:large","max-video-preview":"max-video-preview:-1"},"canonical":"https:\/\/cedthu.rwpstaging.site\/en\/hirek\/","twitter_card":"summary_large_image","twitter_title":"Hirek - KET","twitter_description":"H\u00edrek","twitter_misc":{"Est. reading time":"6 minutes"},"schema":{"@context":"https:\/\/schema.org","@graph":[{"@type":"WebPage","@id":"https:\/\/cedthu.rwpstaging.site\/hirek\/","url":"https:\/\/cedthu.rwpstaging.site\/hirek\/","name":"Hirek - KET","isPartOf":{"@id":"https:\/\/cedthu.rwpstaging.site\/#website"},"datePublished":"2025-05-06T16:29:01+00:00","dateModified":"2025-05-06T16:43:45+00:00","breadcrumb":{"@id":"https:\/\/cedthu.rwpstaging.site\/hirek\/#breadcrumb"},"inLanguage":"en-US","potentialAction":[{"@type":"ReadAction","target":["https:\/\/cedthu.rwpstaging.site\/hirek\/"]}]},{"@type":"BreadcrumbList","@id":"https:\/\/cedthu.rwpstaging.site\/hirek\/#breadcrumb","itemListElement":[{"@type":"ListItem","position":1,"name":"Home","item":"https:\/\/cedthu.rwpstaging.site\/"},{"@type":"ListItem","position":2,"name":"Hirek"}]},{"@type":"WebSite","@id":"https:\/\/cedthu.rwpstaging.site\/#website","url":"https:\/\/cedthu.rwpstaging.site\/","name":"KET","description":"Central Europe Dance Theatre","publisher":{"@id":"https:\/\/cedthu.rwpstaging.site\/#organization"},"potentialAction":[{"@type":"SearchAction","target":{"@type":"EntryPoint","urlTemplate":"https:\/\/cedthu.rwpstaging.site\/?s={search_term_string}"},"query-input":{"@type":"PropertyValueSpecification","valueRequired":true,"valueName":"search_term_string"}}],"inLanguage":"en-US"},{"@type":"Organization","@id":"https:\/\/cedthu.rwpstaging.site\/#organization","name":"KET","url":"https:\/\/cedthu.rwpstaging.site\/","logo":{"@type":"ImageObject","inLanguage":"en-US","@id":"https:\/\/cedthu.rwpstaging.site\/#\/schema\/logo\/image\/","url":"https:\/\/cedthu.rwpstaging.site\/wp-content\/uploads\/2024\/03\/cropped-KET-NYomda-logo2.png","contentUrl":"https:\/\/cedthu.rwpstaging.site\/wp-content\/uploads\/2024\/03\/cropped-KET-NYomda-logo2.png","width":300,"height":326,"caption":"KET"},"image":{"@id":"https:\/\/cedthu.rwpstaging.site\/#\/schema\/logo\/image\/"}}]}},"_links":{"self":[{"href":"https:\/\/cedthu.rwpstaging.site\/en\/wp-json\/wp\/v2\/pages\/16956","targetHints":{"allow":["GET"]}}],"collection":[{"href":"https:\/\/cedthu.rwpstaging.site\/en\/wp-json\/wp\/v2\/pages"}],"about":[{"href":"https:\/\/cedthu.rwpstaging.site\/en\/wp-json\/wp\/v2\/types\/page"}],"author":[{"embeddable":true,"href":"https:\/\/cedthu.rwpstaging.site\/en\/wp-json\/wp\/v2\/users\/1"}],"replies":[{"embeddable":true,"href":"https:\/\/cedthu.rwpstaging.site\/en\/wp-json\/wp\/v2\/comments?post=16956"}],"version-history":[{"count":5,"href":"https:\/\/cedthu.rwpstaging.site\/en\/wp-json\/wp\/v2\/pages\/16956\/revisions"}],"predecessor-version":[{"id":17038,"href":"https:\/\/cedthu.rwpstaging.site\/en\/wp-json\/wp\/v2\/pages\/16956\/revisions\/17038"}],"wp:attachment":[{"href":"https:\/\/cedthu.rwpstaging.site\/en\/wp-json\/wp\/v2\/media?parent=16956"}],"curies":[{"name":"wp","href":"https:\/\/api.w.org\/{rel}","templated":true}]}}