{"id":17603,"date":"2025-05-15T12:48:15","date_gmt":"2025-05-15T12:48:15","guid":{"rendered":"https:\/\/cedthu.rwpstaging.site\/?page_id=17603"},"modified":"2025-05-15T13:45:34","modified_gmt":"2025-05-15T13:45:34","slug":"teli-enek","status":"publish","type":"page","link":"https:\/\/cedthu.rwpstaging.site\/en\/teli-enek\/","title":{"rendered":"T\u00e9li \u00e9nek"},"content":{"rendered":"<div data-elementor-type=\"wp-page\" data-elementor-id=\"17603\" class=\"elementor elementor-17603\" data-elementor-post-type=\"page\">\n\t\t\t\t\t\t<section class=\"elementor-section elementor-top-section elementor-element elementor-element-90232d4 elementor-section-boxed elementor-section-height-default elementor-section-height-default\" data-id=\"90232d4\" data-element_type=\"section\" data-settings=\"{&quot;background_background&quot;:&quot;classic&quot;}\">\n\t\t\t\t\t\t<div class=\"elementor-container elementor-column-gap-default\">\n\t\t\t\t\t<div class=\"elementor-column elementor-col-100 elementor-top-column elementor-element elementor-element-2f4ebb7d\" data-id=\"2f4ebb7d\" data-element_type=\"column\">\n\t\t\t<div class=\"elementor-widget-wrap elementor-element-populated\">\n\t\t\t\t\t\t<div class=\"elementor-element elementor-element-2c70b42 elementor-widget elementor-widget-image\" data-id=\"2c70b42\" data-element_type=\"widget\" data-widget_type=\"image.default\">\n\t\t\t\t<div class=\"elementor-widget-container\">\n\t\t\t\t\t\t\t\t\t\t\t\t\t\t\t<img fetchpriority=\"high\" decoding=\"async\" width=\"1611\" height=\"2048\" src=\"https:\/\/cedthu.rwpstaging.site\/wp-content\/uploads\/2022\/11\/klari.jpg\" class=\"attachment-full size-full wp-image-10366\" alt=\"\" srcset=\"https:\/\/cedthu.rwpstaging.site\/wp-content\/uploads\/2022\/11\/klari.jpg 1611w, https:\/\/cedthu.rwpstaging.site\/wp-content\/uploads\/2022\/11\/klari-236x300.jpg 236w, https:\/\/cedthu.rwpstaging.site\/wp-content\/uploads\/2022\/11\/klari-806x1024.jpg 806w, https:\/\/cedthu.rwpstaging.site\/wp-content\/uploads\/2022\/11\/klari-768x976.jpg 768w, https:\/\/cedthu.rwpstaging.site\/wp-content\/uploads\/2022\/11\/klari-1208x1536.jpg 1208w, https:\/\/cedthu.rwpstaging.site\/wp-content\/uploads\/2022\/11\/klari-315x400.jpg 315w, https:\/\/cedthu.rwpstaging.site\/wp-content\/uploads\/2022\/11\/klari-16x20.jpg 16w\" sizes=\"(max-width: 1611px) 100vw, 1611px\" \/>\t\t\t\t\t\t\t\t\t\t\t\t\t\t\t<\/div>\n\t\t\t\t<\/div>\n\t\t\t\t<div class=\"elementor-element elementor-element-5269b75e elementor-widget elementor-widget-text-editor\" data-id=\"5269b75e\" data-element_type=\"widget\" data-widget_type=\"text-editor.default\">\n\t\t\t\t<div class=\"elementor-widget-container\">\n\t\t\t\t\t\t\t\t\t<div class=\"x11i5rnm xat24cr x1mh8g0r x1vvkbs xtlvy1s\"><p>Winter: quiet, calm, peace.<br \/>Winter: sleep, ageing, passing away, death.<br \/>Winter: letting go of the old, the unnecessary, saying goodbye.<br \/>Winter: renewal, new beginning, revival.<br \/>Carnival.<br \/>Winter: change.<\/p><p>Lonely singing, somewhere in a room, in varying tones.<br \/>A winter journey from the snowfield outside to a room of your own.<br \/>Movement in time, history of change in the language of dance.<\/p><p>\"A Winter Song is an inner journey, composed of moods rather than a specific story. Winter has a darker tone most of the time, while there are many other 'colours' to this season. Winter is also a season of passing, ageing, death, letting go, waiting, change, rebirth-revival, rest, dream, carnival and celebration. During the rehearsal process, we were inspired by Schubert's song cycle Winter Journey, but we also talked about fairy tales, which have been a strong preoccupation of mine lately, including the classic Rapunzel and Russian fairy tales.\" \/Pataky Kl\u00e1ri\/<\/p><\/div>\t\t\t\t\t\t\t\t<\/div>\n\t\t\t\t<\/div>\n\t\t\t\t<div class=\"elementor-element elementor-element-2706fed0 elementor-widget elementor-widget-heading\" data-id=\"2706fed0\" data-element_type=\"widget\" data-widget_type=\"heading.default\">\n\t\t\t\t<div class=\"elementor-widget-container\">\n\t\t\t\t\t<h2 class=\"elementor-heading-title elementor-size-default\">creators<\/h2>\t\t\t\t<\/div>\n\t\t\t\t<\/div>\n\t\t\t\t<div class=\"elementor-element elementor-element-56987c4d elementor-widget-divider--view-line elementor-widget elementor-widget-divider\" data-id=\"56987c4d\" data-element_type=\"widget\" data-widget_type=\"divider.default\">\n\t\t\t\t<div class=\"elementor-widget-container\">\n\t\t\t\t\t\t\t<div class=\"elementor-divider\">\n\t\t\t<span class=\"elementor-divider-separator\">\n\t\t\t\t\t\t<\/span>\n\t\t<\/div>\n\t\t\t\t\t\t<\/div>\n\t\t\t\t<\/div>\n\t\t\t\t<div class=\"elementor-element elementor-element-d25276b elementor-widget elementor-widget-text-editor\" data-id=\"d25276b\" data-element_type=\"widget\" data-widget_type=\"text-editor.default\">\n\t\t\t\t<div class=\"elementor-widget-container\">\n\t\t\t\t\t\t\t\t\t<div class=\"show-actors\"><div id=\"nested-actors\"><div><h3>Dancer, performer<\/h3><ul><li>R\u00e9ka Gyevn\u00e1r<\/li><\/ul><\/div><div><h3>Musical contributor<\/h3><ul><li>Attila Gergely<\/li><\/ul><\/div><div><h3>Dramaturg<\/h3><ul><li>Szab\u00f3-Sz\u00e9kely \u00c1rmin<\/li><\/ul><\/div><div><h3>Light plan<\/h3><ul><li>M\u00e1t\u00e9 Vajda<\/li><\/ul><\/div><div><h3>Choreographer<\/h3><ul><li>Kl\u00e1ri Pataky<\/li><\/ul><\/div><\/div><\/div><div class=\"show-images\"><div class=\"row no-margin\"><div class=\"col-md-12 no-padding\">\u00a0<\/div><\/div><\/div>\t\t\t\t\t\t\t\t<\/div>\n\t\t\t\t<\/div>\n\t\t\t\t<div class=\"elementor-element elementor-element-5a8ba2a5 elementor-widget elementor-widget-gallery\" data-id=\"5a8ba2a5\" data-element_type=\"widget\" data-settings=\"{&quot;columns&quot;:3,&quot;lazyload&quot;:&quot;yes&quot;,&quot;gallery_layout&quot;:&quot;grid&quot;,&quot;columns_tablet&quot;:2,&quot;columns_mobile&quot;:1,&quot;gap&quot;:{&quot;unit&quot;:&quot;px&quot;,&quot;size&quot;:10,&quot;sizes&quot;:[]},&quot;gap_tablet&quot;:{&quot;unit&quot;:&quot;px&quot;,&quot;size&quot;:10,&quot;sizes&quot;:[]},&quot;gap_mobile&quot;:{&quot;unit&quot;:&quot;px&quot;,&quot;size&quot;:10,&quot;sizes&quot;:[]},&quot;link_to&quot;:&quot;file&quot;,&quot;aspect_ratio&quot;:&quot;3:2&quot;,&quot;overlay_background&quot;:&quot;yes&quot;,&quot;content_hover_animation&quot;:&quot;fade-in&quot;}\" data-widget_type=\"gallery.default\">\n\t\t\t\t<div class=\"elementor-widget-container\">\n\t\t\t\t\t\t\t<div class=\"elementor-gallery__container\">\n\t\t\t\t\t\t\t<a class=\"e-gallery-item elementor-gallery-item elementor-animated-content\" href=\"https:\/\/cedthu.rwpstaging.site\/wp-content\/uploads\/2022\/11\/Tenek295.jpg\" data-elementor-open-lightbox=\"yes\" data-elementor-lightbox-slideshow=\"5a8ba2a5\" data-elementor-lightbox-title=\"Tenek295\" data-e-action-hash=\"#elementor-action%3Aaction%3Dlightbox%26settings%3DeyJpZCI6MTA0NDEsInVybCI6Imh0dHBzOlwvXC9jZWR0aHUucndwc3RhZ2luZy5zaXRlXC93cC1jb250ZW50XC91cGxvYWRzXC8yMDIyXC8xMVwvVGVuZWsyOTUuanBnIiwic2xpZGVzaG93IjoiNWE4YmEyYTUifQ%3D%3D\">\n\t\t\t\t\t<div class=\"e-gallery-image elementor-gallery-item__image\" data-thumbnail=\"https:\/\/cedthu.rwpstaging.site\/wp-content\/uploads\/2022\/11\/Tenek295-300x200.jpg\" data-width=\"300\" data-height=\"200\" aria-label=\"\" role=\"img\" ><\/div>\n\t\t\t\t\t\t\t\t\t\t\t<div class=\"elementor-gallery-item__overlay\"><\/div>\n\t\t\t\t\t\t\t\t\t\t\t\t\t\t<\/a>\n\t\t\t\t\t\t\t<a class=\"e-gallery-item elementor-gallery-item elementor-animated-content\" href=\"https:\/\/cedthu.rwpstaging.site\/wp-content\/uploads\/2022\/11\/Tenek034.jpg\" data-elementor-open-lightbox=\"yes\" data-elementor-lightbox-slideshow=\"5a8ba2a5\" data-elementor-lightbox-title=\"Tenek034\" data-e-action-hash=\"#elementor-action%3Aaction%3Dlightbox%26settings%3DeyJpZCI6MTA0MzIsInVybCI6Imh0dHBzOlwvXC9jZWR0aHUucndwc3RhZ2luZy5zaXRlXC93cC1jb250ZW50XC91cGxvYWRzXC8yMDIyXC8xMVwvVGVuZWswMzQuanBnIiwic2xpZGVzaG93IjoiNWE4YmEyYTUifQ%3D%3D\">\n\t\t\t\t\t<div class=\"e-gallery-image elementor-gallery-item__image\" data-thumbnail=\"https:\/\/cedthu.rwpstaging.site\/wp-content\/uploads\/2022\/11\/Tenek034-300x200.jpg\" data-width=\"300\" data-height=\"200\" aria-label=\"\" role=\"img\" ><\/div>\n\t\t\t\t\t\t\t\t\t\t\t<div class=\"elementor-gallery-item__overlay\"><\/div>\n\t\t\t\t\t\t\t\t\t\t\t\t\t\t<\/a>\n\t\t\t\t\t\t\t<a class=\"e-gallery-item elementor-gallery-item elementor-animated-content\" href=\"https:\/\/cedthu.rwpstaging.site\/wp-content\/uploads\/2022\/11\/Tenek276.jpg\" data-elementor-open-lightbox=\"yes\" data-elementor-lightbox-slideshow=\"5a8ba2a5\" data-elementor-lightbox-title=\"Tenek276\" data-e-action-hash=\"#elementor-action%3Aaction%3Dlightbox%26settings%3DeyJpZCI6MTA0MzksInVybCI6Imh0dHBzOlwvXC9jZWR0aHUucndwc3RhZ2luZy5zaXRlXC93cC1jb250ZW50XC91cGxvYWRzXC8yMDIyXC8xMVwvVGVuZWsyNzYuanBnIiwic2xpZGVzaG93IjoiNWE4YmEyYTUifQ%3D%3D\">\n\t\t\t\t\t<div class=\"e-gallery-image elementor-gallery-item__image\" data-thumbnail=\"https:\/\/cedthu.rwpstaging.site\/wp-content\/uploads\/2022\/11\/Tenek276-300x200.jpg\" data-width=\"300\" data-height=\"200\" aria-label=\"\" role=\"img\" ><\/div>\n\t\t\t\t\t\t\t\t\t\t\t<div class=\"elementor-gallery-item__overlay\"><\/div>\n\t\t\t\t\t\t\t\t\t\t\t\t\t\t<\/a>\n\t\t\t\t\t<\/div>\n\t\t\t\t\t<\/div>\n\t\t\t\t<\/div>\n\t\t\t\t<div class=\"elementor-element elementor-element-caff85e elementor-widget elementor-widget-heading\" data-id=\"caff85e\" data-element_type=\"widget\" data-widget_type=\"heading.default\">\n\t\t\t\t<div class=\"elementor-widget-container\">\n\t\t\t\t\t<h2 class=\"elementor-heading-title elementor-size-default\">Pataky Kl\u00e1ri: Winter Song (K-Arcok)<\/h2>\t\t\t\t<\/div>\n\t\t\t\t<\/div>\n\t\t\t\t<div class=\"elementor-element elementor-element-53e4f0e0 elementor-widget elementor-widget-video\" data-id=\"53e4f0e0\" data-element_type=\"widget\" data-settings=\"{&quot;youtube_url&quot;:&quot;https:\\\/\\\/youtu.be\\\/MPT9RCgNnrY&quot;,&quot;video_type&quot;:&quot;youtube&quot;,&quot;controls&quot;:&quot;yes&quot;}\" data-widget_type=\"video.default\">\n\t\t\t\t<div class=\"elementor-widget-container\">\n\t\t\t\t\t\t\t<div class=\"elementor-wrapper elementor-open-inline\">\n\t\t\t<div class=\"elementor-video\"><\/div>\t\t<\/div>\n\t\t\t\t\t\t<\/div>\n\t\t\t\t<\/div>\n\t\t\t\t\t<\/div>\n\t\t<\/div>\n\t\t\t\t\t<\/div>\n\t\t<\/section>\n\t\t\t\t<\/div>","protected":false},"excerpt":{"rendered":"<p>T\u00e9l: elcsendesed\u00e9s, nyugalom, b\u00e9ke.T\u00e9l: \u00e1lom, \u00f6reged\u00e9s, elm\u00fal\u00e1s, hal\u00e1l.T\u00e9l: a r\u00e9gi, a felesleges elenged\u00e9se, b\u00facs\u00fa.T\u00e9l: meg\u00fajul\u00e1s, \u00fajrakezd\u00e9s, \u00fajj\u00e1\u00e9led\u00e9s.Karnev\u00e1l.T\u00e9l: v\u00e1ltoz\u00e1s. Mag\u00e1nyos \u00e9nek, valahol egy szob\u00e1ban, v\u00e1ltoz\u00f3 hangnemekben.T\u00e9li utaz\u00e1s a kinti h\u00f3mez\u0151b\u0151l egy saj\u00e1t szob\u00e1ba.Mozg\u00e1s az id\u0151ben, v\u00e1ltoz\u00e1sok t\u00f6rt\u00e9nete a t\u00e1nc nyelv\u00e9n. \u201eA T\u00e9li \u00e9nek egy bels\u0151 utaz\u00e1s, amely konkr\u00e9t t\u00f6rt\u00e9net helyett ink\u00e1bb hangulatokb\u00f3l \u00e1ll. A t\u00e9l a [&hellip;]<\/p>","protected":false},"author":1,"featured_media":0,"parent":0,"menu_order":0,"comment_status":"closed","ping_status":"closed","template":"elementor_header_footer","meta":{"footnotes":""},"class_list":["post-17603","page","type-page","status-publish","hentry"],"yoast_head":"<!-- This site is optimized with the Yoast SEO plugin v26.0 - https:\/\/yoast.com\/wordpress\/plugins\/seo\/ -->\n<title>T\u00e9li \u00e9nek - KET<\/title>\n<meta name=\"robots\" content=\"index, follow, max-snippet:-1, max-image-preview:large, max-video-preview:-1\" \/>\n<link rel=\"canonical\" href=\"https:\/\/cedthu.rwpstaging.site\/en\/teli-enek\/\" \/>\n<meta name=\"twitter:card\" content=\"summary_large_image\" \/>\n<meta name=\"twitter:title\" content=\"T\u00e9li \u00e9nek - KET\" \/>\n<meta name=\"twitter:description\" content=\"T\u00e9l: elcsendesed\u00e9s, nyugalom, b\u00e9ke.T\u00e9l: \u00e1lom, \u00f6reged\u00e9s, elm\u00fal\u00e1s, hal\u00e1l.T\u00e9l: a r\u00e9gi, a felesleges elenged\u00e9se, b\u00facs\u00fa.T\u00e9l: meg\u00fajul\u00e1s, \u00fajrakezd\u00e9s, \u00fajj\u00e1\u00e9led\u00e9s.Karnev\u00e1l.T\u00e9l: v\u00e1ltoz\u00e1s. Mag\u00e1nyos \u00e9nek, valahol egy szob\u00e1ban, v\u00e1ltoz\u00f3 hangnemekben.T\u00e9li utaz\u00e1s a kinti h\u00f3mez\u0151b\u0151l egy saj\u00e1t szob\u00e1ba.Mozg\u00e1s az id\u0151ben, v\u00e1ltoz\u00e1sok t\u00f6rt\u00e9nete a t\u00e1nc nyelv\u00e9n. \u201eA T\u00e9li \u00e9nek egy bels\u0151 utaz\u00e1s, amely konkr\u00e9t t\u00f6rt\u00e9net helyett ink\u00e1bb hangulatokb\u00f3l \u00e1ll. A t\u00e9l a [&hellip;]\" \/>\n<meta name=\"twitter:image\" content=\"https:\/\/cedthu.rwpstaging.site\/wp-content\/uploads\/2022\/11\/klari.jpg\" \/>\n<meta name=\"twitter:label1\" content=\"Est. reading time\" \/>\n\t<meta name=\"twitter:data1\" content=\"2 minutes\" \/>\n<script type=\"application\/ld+json\" class=\"yoast-schema-graph\">{\"@context\":\"https:\/\/schema.org\",\"@graph\":[{\"@type\":\"WebPage\",\"@id\":\"https:\/\/cedthu.rwpstaging.site\/teli-enek\/\",\"url\":\"https:\/\/cedthu.rwpstaging.site\/teli-enek\/\",\"name\":\"T\u00e9li \u00e9nek - KET\",\"isPartOf\":{\"@id\":\"https:\/\/cedthu.rwpstaging.site\/#website\"},\"primaryImageOfPage\":{\"@id\":\"https:\/\/cedthu.rwpstaging.site\/teli-enek\/#primaryimage\"},\"image\":{\"@id\":\"https:\/\/cedthu.rwpstaging.site\/teli-enek\/#primaryimage\"},\"thumbnailUrl\":\"https:\/\/cedthu.rwpstaging.site\/wp-content\/uploads\/2022\/11\/klari.jpg\",\"datePublished\":\"2025-05-15T12:48:15+00:00\",\"dateModified\":\"2025-05-15T13:45:34+00:00\",\"breadcrumb\":{\"@id\":\"https:\/\/cedthu.rwpstaging.site\/teli-enek\/#breadcrumb\"},\"inLanguage\":\"en-US\",\"potentialAction\":[{\"@type\":\"ReadAction\",\"target\":[\"https:\/\/cedthu.rwpstaging.site\/teli-enek\/\"]}]},{\"@type\":\"ImageObject\",\"inLanguage\":\"en-US\",\"@id\":\"https:\/\/cedthu.rwpstaging.site\/teli-enek\/#primaryimage\",\"url\":\"https:\/\/cedthu.rwpstaging.site\/wp-content\/uploads\/2022\/11\/klari.jpg\",\"contentUrl\":\"https:\/\/cedthu.rwpstaging.site\/wp-content\/uploads\/2022\/11\/klari.jpg\"},{\"@type\":\"BreadcrumbList\",\"@id\":\"https:\/\/cedthu.rwpstaging.site\/teli-enek\/#breadcrumb\",\"itemListElement\":[{\"@type\":\"ListItem\",\"position\":1,\"name\":\"Home\",\"item\":\"https:\/\/cedthu.rwpstaging.site\/\"},{\"@type\":\"ListItem\",\"position\":2,\"name\":\"T\u00e9li \u00e9nek\"}]},{\"@type\":\"WebSite\",\"@id\":\"https:\/\/cedthu.rwpstaging.site\/#website\",\"url\":\"https:\/\/cedthu.rwpstaging.site\/\",\"name\":\"KET\",\"description\":\"K\u00f6z\u00e9p-Eur\u00f3pa T\u00e1ncsz\u00ednh\u00e1z\",\"publisher\":{\"@id\":\"https:\/\/cedthu.rwpstaging.site\/#organization\"},\"potentialAction\":[{\"@type\":\"SearchAction\",\"target\":{\"@type\":\"EntryPoint\",\"urlTemplate\":\"https:\/\/cedthu.rwpstaging.site\/?s={search_term_string}\"},\"query-input\":{\"@type\":\"PropertyValueSpecification\",\"valueRequired\":true,\"valueName\":\"search_term_string\"}}],\"inLanguage\":\"en-US\"},{\"@type\":\"Organization\",\"@id\":\"https:\/\/cedthu.rwpstaging.site\/#organization\",\"name\":\"KET\",\"url\":\"https:\/\/cedthu.rwpstaging.site\/\",\"logo\":{\"@type\":\"ImageObject\",\"inLanguage\":\"en-US\",\"@id\":\"https:\/\/cedthu.rwpstaging.site\/#\/schema\/logo\/image\/\",\"url\":\"https:\/\/cedthu.rwpstaging.site\/wp-content\/uploads\/2024\/03\/cropped-KET-NYomda-logo2.png\",\"contentUrl\":\"https:\/\/cedthu.rwpstaging.site\/wp-content\/uploads\/2024\/03\/cropped-KET-NYomda-logo2.png\",\"width\":300,\"height\":326,\"caption\":\"KET\"},\"image\":{\"@id\":\"https:\/\/cedthu.rwpstaging.site\/#\/schema\/logo\/image\/\"}}]}<\/script>\n<!-- \/ Yoast SEO plugin. -->","yoast_head_json":{"title":"T\u00e9li \u00e9nek - KET","robots":{"index":"index","follow":"follow","max-snippet":"max-snippet:-1","max-image-preview":"max-image-preview:large","max-video-preview":"max-video-preview:-1"},"canonical":"https:\/\/cedthu.rwpstaging.site\/en\/teli-enek\/","twitter_card":"summary_large_image","twitter_title":"T\u00e9li \u00e9nek - KET","twitter_description":"T\u00e9l: elcsendesed\u00e9s, nyugalom, b\u00e9ke.T\u00e9l: \u00e1lom, \u00f6reged\u00e9s, elm\u00fal\u00e1s, hal\u00e1l.T\u00e9l: a r\u00e9gi, a felesleges elenged\u00e9se, b\u00facs\u00fa.T\u00e9l: meg\u00fajul\u00e1s, \u00fajrakezd\u00e9s, \u00fajj\u00e1\u00e9led\u00e9s.Karnev\u00e1l.T\u00e9l: v\u00e1ltoz\u00e1s. Mag\u00e1nyos \u00e9nek, valahol egy szob\u00e1ban, v\u00e1ltoz\u00f3 hangnemekben.T\u00e9li utaz\u00e1s a kinti h\u00f3mez\u0151b\u0151l egy saj\u00e1t szob\u00e1ba.Mozg\u00e1s az id\u0151ben, v\u00e1ltoz\u00e1sok t\u00f6rt\u00e9nete a t\u00e1nc nyelv\u00e9n. \u201eA T\u00e9li \u00e9nek egy bels\u0151 utaz\u00e1s, amely konkr\u00e9t t\u00f6rt\u00e9net helyett ink\u00e1bb hangulatokb\u00f3l \u00e1ll. A t\u00e9l a [&hellip;]","twitter_image":"https:\/\/cedthu.rwpstaging.site\/wp-content\/uploads\/2022\/11\/klari.jpg","twitter_misc":{"Est. reading time":"2 minutes"},"schema":{"@context":"https:\/\/schema.org","@graph":[{"@type":"WebPage","@id":"https:\/\/cedthu.rwpstaging.site\/teli-enek\/","url":"https:\/\/cedthu.rwpstaging.site\/teli-enek\/","name":"T\u00e9li \u00e9nek - KET","isPartOf":{"@id":"https:\/\/cedthu.rwpstaging.site\/#website"},"primaryImageOfPage":{"@id":"https:\/\/cedthu.rwpstaging.site\/teli-enek\/#primaryimage"},"image":{"@id":"https:\/\/cedthu.rwpstaging.site\/teli-enek\/#primaryimage"},"thumbnailUrl":"https:\/\/cedthu.rwpstaging.site\/wp-content\/uploads\/2022\/11\/klari.jpg","datePublished":"2025-05-15T12:48:15+00:00","dateModified":"2025-05-15T13:45:34+00:00","breadcrumb":{"@id":"https:\/\/cedthu.rwpstaging.site\/teli-enek\/#breadcrumb"},"inLanguage":"en-US","potentialAction":[{"@type":"ReadAction","target":["https:\/\/cedthu.rwpstaging.site\/teli-enek\/"]}]},{"@type":"ImageObject","inLanguage":"en-US","@id":"https:\/\/cedthu.rwpstaging.site\/teli-enek\/#primaryimage","url":"https:\/\/cedthu.rwpstaging.site\/wp-content\/uploads\/2022\/11\/klari.jpg","contentUrl":"https:\/\/cedthu.rwpstaging.site\/wp-content\/uploads\/2022\/11\/klari.jpg"},{"@type":"BreadcrumbList","@id":"https:\/\/cedthu.rwpstaging.site\/teli-enek\/#breadcrumb","itemListElement":[{"@type":"ListItem","position":1,"name":"Home","item":"https:\/\/cedthu.rwpstaging.site\/"},{"@type":"ListItem","position":2,"name":"T\u00e9li \u00e9nek"}]},{"@type":"WebSite","@id":"https:\/\/cedthu.rwpstaging.site\/#website","url":"https:\/\/cedthu.rwpstaging.site\/","name":"KET","description":"Central Europe Dance Theatre","publisher":{"@id":"https:\/\/cedthu.rwpstaging.site\/#organization"},"potentialAction":[{"@type":"SearchAction","target":{"@type":"EntryPoint","urlTemplate":"https:\/\/cedthu.rwpstaging.site\/?s={search_term_string}"},"query-input":{"@type":"PropertyValueSpecification","valueRequired":true,"valueName":"search_term_string"}}],"inLanguage":"en-US"},{"@type":"Organization","@id":"https:\/\/cedthu.rwpstaging.site\/#organization","name":"KET","url":"https:\/\/cedthu.rwpstaging.site\/","logo":{"@type":"ImageObject","inLanguage":"en-US","@id":"https:\/\/cedthu.rwpstaging.site\/#\/schema\/logo\/image\/","url":"https:\/\/cedthu.rwpstaging.site\/wp-content\/uploads\/2024\/03\/cropped-KET-NYomda-logo2.png","contentUrl":"https:\/\/cedthu.rwpstaging.site\/wp-content\/uploads\/2024\/03\/cropped-KET-NYomda-logo2.png","width":300,"height":326,"caption":"KET"},"image":{"@id":"https:\/\/cedthu.rwpstaging.site\/#\/schema\/logo\/image\/"}}]}},"_links":{"self":[{"href":"https:\/\/cedthu.rwpstaging.site\/en\/wp-json\/wp\/v2\/pages\/17603","targetHints":{"allow":["GET"]}}],"collection":[{"href":"https:\/\/cedthu.rwpstaging.site\/en\/wp-json\/wp\/v2\/pages"}],"about":[{"href":"https:\/\/cedthu.rwpstaging.site\/en\/wp-json\/wp\/v2\/types\/page"}],"author":[{"embeddable":true,"href":"https:\/\/cedthu.rwpstaging.site\/en\/wp-json\/wp\/v2\/users\/1"}],"replies":[{"embeddable":true,"href":"https:\/\/cedthu.rwpstaging.site\/en\/wp-json\/wp\/v2\/comments?post=17603"}],"version-history":[{"count":5,"href":"https:\/\/cedthu.rwpstaging.site\/en\/wp-json\/wp\/v2\/pages\/17603\/revisions"}],"predecessor-version":[{"id":17953,"href":"https:\/\/cedthu.rwpstaging.site\/en\/wp-json\/wp\/v2\/pages\/17603\/revisions\/17953"}],"wp:attachment":[{"href":"https:\/\/cedthu.rwpstaging.site\/en\/wp-json\/wp\/v2\/media?parent=17603"}],"curies":[{"name":"wp","href":"https:\/\/api.w.org\/{rel}","templated":true}]}}