{"id":17761,"date":"2025-05-15T13:17:22","date_gmt":"2025-05-15T13:17:22","guid":{"rendered":"https:\/\/cedthu.rwpstaging.site\/?page_id=17761"},"modified":"2025-05-15T13:45:50","modified_gmt":"2025-05-15T13:45:50","slug":"effigy-kepmas","status":"publish","type":"page","link":"https:\/\/cedthu.rwpstaging.site\/en\/effigy-kepmas\/","title":{"rendered":"Effigy \/\/ K\u00e9pm\u00e1s"},"content":{"rendered":"<div data-elementor-type=\"wp-page\" data-elementor-id=\"17761\" class=\"elementor elementor-17761\" data-elementor-post-type=\"page\">\n\t\t\t\t\t\t<section class=\"elementor-section elementor-top-section elementor-element elementor-element-33d32722 elementor-section-boxed elementor-section-height-default elementor-section-height-default\" data-id=\"33d32722\" data-element_type=\"section\" data-settings=\"{&quot;background_background&quot;:&quot;classic&quot;}\">\n\t\t\t\t\t\t<div class=\"elementor-container elementor-column-gap-default\">\n\t\t\t\t\t<div class=\"elementor-column elementor-col-100 elementor-top-column elementor-element elementor-element-78df2741\" data-id=\"78df2741\" data-element_type=\"column\">\n\t\t\t<div class=\"elementor-widget-wrap elementor-element-populated\">\n\t\t\t\t\t\t<div class=\"elementor-element elementor-element-1fa68412 elementor-widget elementor-widget-image\" data-id=\"1fa68412\" data-element_type=\"widget\" data-widget_type=\"image.default\">\n\t\t\t\t<div class=\"elementor-widget-container\">\n\t\t\t\t\t\t\t\t\t\t\t\t\t\t\t<img fetchpriority=\"high\" decoding=\"async\" width=\"787\" height=\"525\" src=\"https:\/\/cedthu.rwpstaging.site\/wp-content\/uploads\/2021\/02\/LadjanszkiMarta_Portre_foto_RolandSzabo_5601k_ff_k.jpg\" class=\"attachment-full size-full wp-image-7496\" alt=\"\" srcset=\"https:\/\/cedthu.rwpstaging.site\/wp-content\/uploads\/2021\/02\/LadjanszkiMarta_Portre_foto_RolandSzabo_5601k_ff_k.jpg 787w, https:\/\/cedthu.rwpstaging.site\/wp-content\/uploads\/2021\/02\/LadjanszkiMarta_Portre_foto_RolandSzabo_5601k_ff_k-300x200.jpg 300w, https:\/\/cedthu.rwpstaging.site\/wp-content\/uploads\/2021\/02\/LadjanszkiMarta_Portre_foto_RolandSzabo_5601k_ff_k-768x512.jpg 768w, https:\/\/cedthu.rwpstaging.site\/wp-content\/uploads\/2021\/02\/LadjanszkiMarta_Portre_foto_RolandSzabo_5601k_ff_k-400x267.jpg 400w, https:\/\/cedthu.rwpstaging.site\/wp-content\/uploads\/2021\/02\/LadjanszkiMarta_Portre_foto_RolandSzabo_5601k_ff_k-20x13.jpg 20w\" sizes=\"(max-width: 787px) 100vw, 787px\" \/>\t\t\t\t\t\t\t\t\t\t\t\t\t\t\t<\/div>\n\t\t\t\t<\/div>\n\t\t\t\t<div class=\"elementor-element elementor-element-7f18a9b9 elementor-widget elementor-widget-text-editor\" data-id=\"7f18a9b9\" data-element_type=\"widget\" data-widget_type=\"text-editor.default\">\n\t\t\t\t<div class=\"elementor-widget-container\">\n\t\t\t\t\t\t\t\t\t<div class=\"x11i5rnm xat24cr x1mh8g0r x1vvkbs xtlvy1s\"><p>Effigy, seen up close: a portrait. Another image: different. The etymological explanation resonates with me, because I too think of the solo that is being made in this way as a simile, since the person on stage is a quasi-fictional person. He feeds off of Kriszti\u00e1n and me and appears on Kriszti\u00e1n's body, so he is similar to him, but he is not one in the same. The appearance of the word effigy was first documented in English in 1539, probably through French transmission, from the singular of the Latin effigies, meaning copy, image, likeness, portrait, and statue.<\/p><p>I like the fact that there is a biblical association with this analogy, since the Bible says that God created man in his own image. The painter, in turn, takes the image of the model and his own imagination and paints the result. Like us, in this solo. This is also supported by Kriszti\u00e1n's hobby, painting, which is to say that a painter paints images. His portraits show not only faces, but also destinies.<br \/>As in our performance, the character will have an individual destiny that will be played out - or not - that will be read by the audience - or not.<\/p><p>The burning of effigies is part of many rituals marking the changing seasons, which are performed according to local traditions across Europe. The figures usually represent the 'undesirable' forces of life (winter, the previous year, witches, Judas) and their burning marks and celebrates the annual cycle of life - death and rebirth - the overcoming of winter and the return of spring. Most traditions take place around New Year, at the end of Carnival or the week before Easter.<\/p><p>Portrait of Roland Szab\u00f3<\/p><\/div>\t\t\t\t\t\t\t\t<\/div>\n\t\t\t\t<\/div>\n\t\t\t\t<div class=\"elementor-element elementor-element-5a6a3517 elementor-widget elementor-widget-heading\" data-id=\"5a6a3517\" data-element_type=\"widget\" data-widget_type=\"heading.default\">\n\t\t\t\t<div class=\"elementor-widget-container\">\n\t\t\t\t\t<h2 class=\"elementor-heading-title elementor-size-default\">creators<\/h2>\t\t\t\t<\/div>\n\t\t\t\t<\/div>\n\t\t\t\t<div class=\"elementor-element elementor-element-53e4c329 elementor-widget-divider--view-line elementor-widget elementor-widget-divider\" data-id=\"53e4c329\" data-element_type=\"widget\" data-widget_type=\"divider.default\">\n\t\t\t\t<div class=\"elementor-widget-container\">\n\t\t\t\t\t\t\t<div class=\"elementor-divider\">\n\t\t\t<span class=\"elementor-divider-separator\">\n\t\t\t\t\t\t<\/span>\n\t\t<\/div>\n\t\t\t\t\t\t<\/div>\n\t\t\t\t<\/div>\n\t\t\t\t<div class=\"elementor-element elementor-element-4539ae40 elementor-widget elementor-widget-text-editor\" data-id=\"4539ae40\" data-element_type=\"widget\" data-widget_type=\"text-editor.default\">\n\t\t\t\t<div class=\"elementor-widget-container\">\n\t\t\t\t\t\t\t\t\t<div class=\"show-actors\"><div id=\"nested-actors\"><div><div class=\"show-actors\"><div id=\"nested-actors\"><div><h3>Concept\/Design<\/h3><ul><li>Marta Ladj\u00e1nszki<\/li><\/ul><\/div><div><h3>Choreography<\/h3><ul><li>M\u00e1rta Ladj\u00e1nszki and fellow artists\/performers<\/li><\/ul><\/div><div><h3>Dancer<\/h3><ul><li>Kriszti\u00e1n Barna<\/li><\/ul><\/div><div><h3>Composer\/performer<\/h3><ul><li>Zsolt Varga<\/li><\/ul><\/div><div><h3>Light<\/h3><ul><li>Zolt\u00e1n Fogarasi<\/li><\/ul><\/div><div><h3>Costume<\/h3><ul><li>Butterfly<\/li><\/ul><\/div><div><h3>Assistant<\/h3><ul><li>Ren\u00e1ta Jo\u00f3<\/li><\/ul><\/div><div><h3>Visual aid<\/h3><ul><li>Istv\u00e1n Kov\u00e1cs<\/li><\/ul><\/div><div><h3>Special thanks to the dancers who participated in the workshop for their thoughts, movements and inspiring presence:<\/h3><ul><li>Attila D\u00e1niel, T\u00edmea Gy\u00f6rke, Eszter M\u00f3rocz, Zs\u00f3fia Sz\u00e1sz, Fl\u00f3ra Veres<\/li><\/ul><\/div><\/div><\/div><div class=\"show-images\"><div class=\"row no-margin\"><div class=\"col-md-12 no-padding\">\u00a0<\/div><\/div><\/div><\/div><\/div><\/div>\t\t\t\t\t\t\t\t<\/div>\n\t\t\t\t<\/div>\n\t\t\t\t<div class=\"elementor-element elementor-element-60486e7f elementor-widget elementor-widget-gallery\" data-id=\"60486e7f\" data-element_type=\"widget\" data-settings=\"{&quot;columns&quot;:3,&quot;lazyload&quot;:&quot;yes&quot;,&quot;gallery_layout&quot;:&quot;grid&quot;,&quot;columns_tablet&quot;:2,&quot;columns_mobile&quot;:1,&quot;gap&quot;:{&quot;unit&quot;:&quot;px&quot;,&quot;size&quot;:10,&quot;sizes&quot;:[]},&quot;gap_tablet&quot;:{&quot;unit&quot;:&quot;px&quot;,&quot;size&quot;:10,&quot;sizes&quot;:[]},&quot;gap_mobile&quot;:{&quot;unit&quot;:&quot;px&quot;,&quot;size&quot;:10,&quot;sizes&quot;:[]},&quot;link_to&quot;:&quot;file&quot;,&quot;aspect_ratio&quot;:&quot;3:2&quot;,&quot;overlay_background&quot;:&quot;yes&quot;,&quot;content_hover_animation&quot;:&quot;fade-in&quot;}\" data-widget_type=\"gallery.default\">\n\t\t\t\t<div class=\"elementor-widget-container\">\n\t\t\t\t\t\t\t<div class=\"elementor-gallery__container\">\n\t\t\t\t\t\t\t<a class=\"e-gallery-item elementor-gallery-item elementor-animated-content\" href=\"https:\/\/cedthu.rwpstaging.site\/wp-content\/uploads\/2021\/11\/effigy04.jpg\" data-elementor-open-lightbox=\"yes\" data-elementor-lightbox-slideshow=\"60486e7f\" data-elementor-lightbox-title=\"effigy04\" data-e-action-hash=\"#elementor-action%3Aaction%3Dlightbox%26settings%3DeyJpZCI6ODI1OCwidXJsIjoiaHR0cHM6XC9cL2NlZHRodS5yd3BzdGFnaW5nLnNpdGVcL3dwLWNvbnRlbnRcL3VwbG9hZHNcLzIwMjFcLzExXC9lZmZpZ3kwNC5qcGciLCJzbGlkZXNob3ciOiI2MDQ4NmU3ZiJ9\">\n\t\t\t\t\t<div class=\"e-gallery-image elementor-gallery-item__image\" data-thumbnail=\"https:\/\/cedthu.rwpstaging.site\/wp-content\/uploads\/2021\/11\/effigy04-300x200.jpg\" data-width=\"300\" data-height=\"200\" aria-label=\"\" role=\"img\" ><\/div>\n\t\t\t\t\t\t\t\t\t\t\t<div class=\"elementor-gallery-item__overlay\"><\/div>\n\t\t\t\t\t\t\t\t\t\t\t\t\t\t<\/a>\n\t\t\t\t\t\t\t<a class=\"e-gallery-item elementor-gallery-item elementor-animated-content\" href=\"https:\/\/cedthu.rwpstaging.site\/wp-content\/uploads\/2021\/11\/effigy33.jpg\" data-elementor-open-lightbox=\"yes\" data-elementor-lightbox-slideshow=\"60486e7f\" data-elementor-lightbox-title=\"effigy33\" data-e-action-hash=\"#elementor-action%3Aaction%3Dlightbox%26settings%3DeyJpZCI6ODI2MywidXJsIjoiaHR0cHM6XC9cL2NlZHRodS5yd3BzdGFnaW5nLnNpdGVcL3dwLWNvbnRlbnRcL3VwbG9hZHNcLzIwMjFcLzExXC9lZmZpZ3kzMy5qcGciLCJzbGlkZXNob3ciOiI2MDQ4NmU3ZiJ9\">\n\t\t\t\t\t<div class=\"e-gallery-image elementor-gallery-item__image\" data-thumbnail=\"https:\/\/cedthu.rwpstaging.site\/wp-content\/uploads\/2021\/11\/effigy33-300x200.jpg\" data-width=\"300\" data-height=\"200\" aria-label=\"\" role=\"img\" ><\/div>\n\t\t\t\t\t\t\t\t\t\t\t<div class=\"elementor-gallery-item__overlay\"><\/div>\n\t\t\t\t\t\t\t\t\t\t\t\t\t\t<\/a>\n\t\t\t\t\t\t\t<a class=\"e-gallery-item elementor-gallery-item elementor-animated-content\" href=\"https:\/\/cedthu.rwpstaging.site\/wp-content\/uploads\/2021\/11\/effigy09.jpg\" data-elementor-open-lightbox=\"yes\" data-elementor-lightbox-slideshow=\"60486e7f\" data-elementor-lightbox-title=\"effigy09\" data-e-action-hash=\"#elementor-action%3Aaction%3Dlightbox%26settings%3DeyJpZCI6ODI2MCwidXJsIjoiaHR0cHM6XC9cL2NlZHRodS5yd3BzdGFnaW5nLnNpdGVcL3dwLWNvbnRlbnRcL3VwbG9hZHNcLzIwMjFcLzExXC9lZmZpZ3kwOS5qcGciLCJzbGlkZXNob3ciOiI2MDQ4NmU3ZiJ9\">\n\t\t\t\t\t<div class=\"e-gallery-image elementor-gallery-item__image\" data-thumbnail=\"https:\/\/cedthu.rwpstaging.site\/wp-content\/uploads\/2021\/11\/effigy09-300x200.jpg\" data-width=\"300\" data-height=\"200\" aria-label=\"\" role=\"img\" ><\/div>\n\t\t\t\t\t\t\t\t\t\t\t<div class=\"elementor-gallery-item__overlay\"><\/div>\n\t\t\t\t\t\t\t\t\t\t\t\t\t\t<\/a>\n\t\t\t\t\t<\/div>\n\t\t\t\t\t<\/div>\n\t\t\t\t<\/div>\n\t\t\t\t<div class=\"elementor-element elementor-element-37ab0fa1 elementor-widget elementor-widget-heading\" data-id=\"37ab0fa1\" data-element_type=\"widget\" data-widget_type=\"heading.default\">\n\t\t\t\t<div class=\"elementor-widget-container\">\n\t\t\t\t\t<h2 class=\"elementor-heading-title elementor-size-default\">K-Arcok: M\u00e1rta Ladj\u00e1nszki - Effigy \/\/ Screenshot - trailer<\/h2>\t\t\t\t<\/div>\n\t\t\t\t<\/div>\n\t\t\t\t<div class=\"elementor-element elementor-element-65da21d5 elementor-widget elementor-widget-video\" data-id=\"65da21d5\" data-element_type=\"widget\" data-settings=\"{&quot;video_type&quot;:&quot;vimeo&quot;}\" data-widget_type=\"video.default\">\n\t\t\t\t<div class=\"elementor-widget-container\">\n\t\t\t\t\t\t\t<div class=\"elementor-wrapper elementor-open-inline\">\n\t\t\t<iframe class=\"elementor-video-iframe\" allowfullscreen allow=\"clipboard-write\" title=\"vimeo Video Player\" src=\"https:\/\/player.vimeo.com\/video\/755950021?color&amp;autopause=0&amp;loop=0&amp;muted=0&amp;title=1&amp;portrait=1&amp;byline=1#t=\" data-no-translation-title=\"\"><\/iframe>\t\t<\/div>\n\t\t\t\t\t\t<\/div>\n\t\t\t\t<\/div>\n\t\t\t\t<div class=\"elementor-element elementor-element-63735c7 elementor-widget elementor-widget-text-editor\" data-id=\"63735c7\" data-element_type=\"widget\" data-widget_type=\"text-editor.default\">\n\t\t\t\t<div class=\"elementor-widget-container\">\n\t\t\t\t\t\t\t\t\t<p><a href=\"https:\/\/vimeo.com\/755950021\">Effigy \/\/ QUESTION trailer<\/a>\u00a0from\u00a0<a href=\"https:\/\/vimeo.com\/user10931535\">MartaLadjanszki<\/a>\u00a0on\u00a0<a href=\"https:\/\/vimeo.com\/\">Vimeo<\/a>.<\/p>\t\t\t\t\t\t\t\t<\/div>\n\t\t\t\t<\/div>\n\t\t\t\t<div class=\"elementor-element elementor-element-2921bb4 elementor-widget elementor-widget-text-editor\" data-id=\"2921bb4\" data-element_type=\"widget\" data-widget_type=\"text-editor.default\">\n\t\t\t\t<div class=\"elementor-widget-container\">\n\t\t\t\t\t\t\t\t\t<div class=\"pressauthor\">Turbuly Lilla:\u00a0 <a href=\"https:\/\/tanckritika.hu\/kategoriak\/jegyzet\/1686-turbuly-lilla-keringok-a-monotanc-korul\">Circles around Mono Dance - X INTERNATIONAL MONO DANCE FESTIVAL - Part 2\u00a0 <\/a>(T\u00e1nckritika.hu) - 05\/05\/2022 <span style=\"font-family: -apple-system, BlinkMacSystemFont, 'Segoe UI', Roboto, 'Helvetica Neue', Arial, 'Noto Sans', sans-serif, 'Apple Color Emoji', 'Segoe UI Emoji', 'Segoe UI Symbol', 'Noto Color Emoji';\">...the now nine-part K-Arcok is a remarkable achievement in recent years of domestic contemporary dance, with a consistent, high-quality realisation of a good idea.<\/span><\/div>\t\t\t\t\t\t\t\t<\/div>\n\t\t\t\t<\/div>\n\t\t\t\t\t<\/div>\n\t\t<\/div>\n\t\t\t\t\t<\/div>\n\t\t<\/section>\n\t\t\t\t<\/div>","protected":false},"excerpt":{"rendered":"<p>Effigy, eg\u00e9sz k\u00f6zelr\u0151l n\u00e9zve: k\u00e9pm\u00e1s. Egy m\u00e1sik k\u00e9p: m\u00e1sk\u00e9pp. Visszhangra tal\u00e1l bennem az etimol\u00f3giai sz\u00f3magyar\u00e1zat, mert \u00e9n is \u00fagy gondolok az \u00edgy k\u00e9sz\u00fcl\u0151 sz\u00f3l\u00f3ra, mint egy hasonl\u00f3s\u00e1g, hiszen az, aki a sz\u00ednpadon van egy kv\u00e1zi fikt\u00edv szem\u00e9ly. Kriszti\u00e1nb\u00f3l \u00e9s bel\u0151lem t\u00e1pl\u00e1lkozik \u00e9s Kriszti\u00e1n test\u00e9n jelenik meg, teh\u00e1t hasonl\u00f3 hozz\u00e1, de nem \u0151 egy az egyben. [&hellip;]<\/p>","protected":false},"author":1,"featured_media":0,"parent":0,"menu_order":0,"comment_status":"closed","ping_status":"closed","template":"elementor_header_footer","meta":{"footnotes":""},"class_list":["post-17761","page","type-page","status-publish","hentry"],"yoast_head":"<!-- This site is optimized with the Yoast SEO plugin v26.0 - https:\/\/yoast.com\/wordpress\/plugins\/seo\/ -->\n<title>Effigy \/\/ K\u00e9pm\u00e1s - KET<\/title>\n<meta name=\"robots\" content=\"index, follow, max-snippet:-1, max-image-preview:large, max-video-preview:-1\" \/>\n<link rel=\"canonical\" href=\"https:\/\/cedthu.rwpstaging.site\/en\/effigy-kepmas\/\" \/>\n<meta name=\"twitter:card\" content=\"summary_large_image\" \/>\n<meta name=\"twitter:title\" content=\"Effigy \/\/ K\u00e9pm\u00e1s - KET\" \/>\n<meta name=\"twitter:description\" content=\"Effigy, eg\u00e9sz k\u00f6zelr\u0151l n\u00e9zve: k\u00e9pm\u00e1s. Egy m\u00e1sik k\u00e9p: m\u00e1sk\u00e9pp. Visszhangra tal\u00e1l bennem az etimol\u00f3giai sz\u00f3magyar\u00e1zat, mert \u00e9n is \u00fagy gondolok az \u00edgy k\u00e9sz\u00fcl\u0151 sz\u00f3l\u00f3ra, mint egy hasonl\u00f3s\u00e1g, hiszen az, aki a sz\u00ednpadon van egy kv\u00e1zi fikt\u00edv szem\u00e9ly. Kriszti\u00e1nb\u00f3l \u00e9s bel\u0151lem t\u00e1pl\u00e1lkozik \u00e9s Kriszti\u00e1n test\u00e9n jelenik meg, teh\u00e1t hasonl\u00f3 hozz\u00e1, de nem \u0151 egy az egyben. [&hellip;]\" \/>\n<meta name=\"twitter:image\" content=\"https:\/\/cedthu.rwpstaging.site\/wp-content\/uploads\/2021\/02\/LadjanszkiMarta_Portre_foto_RolandSzabo_5601k_ff_k.jpg\" \/>\n<script type=\"application\/ld+json\" class=\"yoast-schema-graph\">{\"@context\":\"https:\/\/schema.org\",\"@graph\":[{\"@type\":\"WebPage\",\"@id\":\"https:\/\/cedthu.rwpstaging.site\/effigy-kepmas\/\",\"url\":\"https:\/\/cedthu.rwpstaging.site\/effigy-kepmas\/\",\"name\":\"Effigy \/\/ K\u00e9pm\u00e1s - KET\",\"isPartOf\":{\"@id\":\"https:\/\/cedthu.rwpstaging.site\/#website\"},\"primaryImageOfPage\":{\"@id\":\"https:\/\/cedthu.rwpstaging.site\/effigy-kepmas\/#primaryimage\"},\"image\":{\"@id\":\"https:\/\/cedthu.rwpstaging.site\/effigy-kepmas\/#primaryimage\"},\"thumbnailUrl\":\"https:\/\/cedthu.rwpstaging.site\/wp-content\/uploads\/2021\/02\/LadjanszkiMarta_Portre_foto_RolandSzabo_5601k_ff_k.jpg\",\"datePublished\":\"2025-05-15T13:17:22+00:00\",\"dateModified\":\"2025-05-15T13:45:50+00:00\",\"breadcrumb\":{\"@id\":\"https:\/\/cedthu.rwpstaging.site\/effigy-kepmas\/#breadcrumb\"},\"inLanguage\":\"en-US\",\"potentialAction\":[{\"@type\":\"ReadAction\",\"target\":[\"https:\/\/cedthu.rwpstaging.site\/effigy-kepmas\/\"]}]},{\"@type\":\"ImageObject\",\"inLanguage\":\"en-US\",\"@id\":\"https:\/\/cedthu.rwpstaging.site\/effigy-kepmas\/#primaryimage\",\"url\":\"https:\/\/cedthu.rwpstaging.site\/wp-content\/uploads\/2021\/02\/LadjanszkiMarta_Portre_foto_RolandSzabo_5601k_ff_k.jpg\",\"contentUrl\":\"https:\/\/cedthu.rwpstaging.site\/wp-content\/uploads\/2021\/02\/LadjanszkiMarta_Portre_foto_RolandSzabo_5601k_ff_k.jpg\"},{\"@type\":\"BreadcrumbList\",\"@id\":\"https:\/\/cedthu.rwpstaging.site\/effigy-kepmas\/#breadcrumb\",\"itemListElement\":[{\"@type\":\"ListItem\",\"position\":1,\"name\":\"Home\",\"item\":\"https:\/\/cedthu.rwpstaging.site\/\"},{\"@type\":\"ListItem\",\"position\":2,\"name\":\"Effigy \/\/ K\u00e9pm\u00e1s\"}]},{\"@type\":\"WebSite\",\"@id\":\"https:\/\/cedthu.rwpstaging.site\/#website\",\"url\":\"https:\/\/cedthu.rwpstaging.site\/\",\"name\":\"KET\",\"description\":\"K\u00f6z\u00e9p-Eur\u00f3pa T\u00e1ncsz\u00ednh\u00e1z\",\"publisher\":{\"@id\":\"https:\/\/cedthu.rwpstaging.site\/#organization\"},\"potentialAction\":[{\"@type\":\"SearchAction\",\"target\":{\"@type\":\"EntryPoint\",\"urlTemplate\":\"https:\/\/cedthu.rwpstaging.site\/?s={search_term_string}\"},\"query-input\":{\"@type\":\"PropertyValueSpecification\",\"valueRequired\":true,\"valueName\":\"search_term_string\"}}],\"inLanguage\":\"en-US\"},{\"@type\":\"Organization\",\"@id\":\"https:\/\/cedthu.rwpstaging.site\/#organization\",\"name\":\"KET\",\"url\":\"https:\/\/cedthu.rwpstaging.site\/\",\"logo\":{\"@type\":\"ImageObject\",\"inLanguage\":\"en-US\",\"@id\":\"https:\/\/cedthu.rwpstaging.site\/#\/schema\/logo\/image\/\",\"url\":\"https:\/\/cedthu.rwpstaging.site\/wp-content\/uploads\/2024\/03\/cropped-KET-NYomda-logo2.png\",\"contentUrl\":\"https:\/\/cedthu.rwpstaging.site\/wp-content\/uploads\/2024\/03\/cropped-KET-NYomda-logo2.png\",\"width\":300,\"height\":326,\"caption\":\"KET\"},\"image\":{\"@id\":\"https:\/\/cedthu.rwpstaging.site\/#\/schema\/logo\/image\/\"}}]}<\/script>\n<!-- \/ Yoast SEO plugin. -->","yoast_head_json":{"title":"Effigy \/\/ K\u00e9pm\u00e1s - KET","robots":{"index":"index","follow":"follow","max-snippet":"max-snippet:-1","max-image-preview":"max-image-preview:large","max-video-preview":"max-video-preview:-1"},"canonical":"https:\/\/cedthu.rwpstaging.site\/en\/effigy-kepmas\/","twitter_card":"summary_large_image","twitter_title":"Effigy \/\/ K\u00e9pm\u00e1s - KET","twitter_description":"Effigy, eg\u00e9sz k\u00f6zelr\u0151l n\u00e9zve: k\u00e9pm\u00e1s. Egy m\u00e1sik k\u00e9p: m\u00e1sk\u00e9pp. Visszhangra tal\u00e1l bennem az etimol\u00f3giai sz\u00f3magyar\u00e1zat, mert \u00e9n is \u00fagy gondolok az \u00edgy k\u00e9sz\u00fcl\u0151 sz\u00f3l\u00f3ra, mint egy hasonl\u00f3s\u00e1g, hiszen az, aki a sz\u00ednpadon van egy kv\u00e1zi fikt\u00edv szem\u00e9ly. Kriszti\u00e1nb\u00f3l \u00e9s bel\u0151lem t\u00e1pl\u00e1lkozik \u00e9s Kriszti\u00e1n test\u00e9n jelenik meg, teh\u00e1t hasonl\u00f3 hozz\u00e1, de nem \u0151 egy az egyben. [&hellip;]","twitter_image":"https:\/\/cedthu.rwpstaging.site\/wp-content\/uploads\/2021\/02\/LadjanszkiMarta_Portre_foto_RolandSzabo_5601k_ff_k.jpg","schema":{"@context":"https:\/\/schema.org","@graph":[{"@type":"WebPage","@id":"https:\/\/cedthu.rwpstaging.site\/effigy-kepmas\/","url":"https:\/\/cedthu.rwpstaging.site\/effigy-kepmas\/","name":"Effigy \/\/ K\u00e9pm\u00e1s - KET","isPartOf":{"@id":"https:\/\/cedthu.rwpstaging.site\/#website"},"primaryImageOfPage":{"@id":"https:\/\/cedthu.rwpstaging.site\/effigy-kepmas\/#primaryimage"},"image":{"@id":"https:\/\/cedthu.rwpstaging.site\/effigy-kepmas\/#primaryimage"},"thumbnailUrl":"https:\/\/cedthu.rwpstaging.site\/wp-content\/uploads\/2021\/02\/LadjanszkiMarta_Portre_foto_RolandSzabo_5601k_ff_k.jpg","datePublished":"2025-05-15T13:17:22+00:00","dateModified":"2025-05-15T13:45:50+00:00","breadcrumb":{"@id":"https:\/\/cedthu.rwpstaging.site\/effigy-kepmas\/#breadcrumb"},"inLanguage":"en-US","potentialAction":[{"@type":"ReadAction","target":["https:\/\/cedthu.rwpstaging.site\/effigy-kepmas\/"]}]},{"@type":"ImageObject","inLanguage":"en-US","@id":"https:\/\/cedthu.rwpstaging.site\/effigy-kepmas\/#primaryimage","url":"https:\/\/cedthu.rwpstaging.site\/wp-content\/uploads\/2021\/02\/LadjanszkiMarta_Portre_foto_RolandSzabo_5601k_ff_k.jpg","contentUrl":"https:\/\/cedthu.rwpstaging.site\/wp-content\/uploads\/2021\/02\/LadjanszkiMarta_Portre_foto_RolandSzabo_5601k_ff_k.jpg"},{"@type":"BreadcrumbList","@id":"https:\/\/cedthu.rwpstaging.site\/effigy-kepmas\/#breadcrumb","itemListElement":[{"@type":"ListItem","position":1,"name":"Home","item":"https:\/\/cedthu.rwpstaging.site\/"},{"@type":"ListItem","position":2,"name":"Effigy \/\/ K\u00e9pm\u00e1s"}]},{"@type":"WebSite","@id":"https:\/\/cedthu.rwpstaging.site\/#website","url":"https:\/\/cedthu.rwpstaging.site\/","name":"KET","description":"Central Europe Dance Theatre","publisher":{"@id":"https:\/\/cedthu.rwpstaging.site\/#organization"},"potentialAction":[{"@type":"SearchAction","target":{"@type":"EntryPoint","urlTemplate":"https:\/\/cedthu.rwpstaging.site\/?s={search_term_string}"},"query-input":{"@type":"PropertyValueSpecification","valueRequired":true,"valueName":"search_term_string"}}],"inLanguage":"en-US"},{"@type":"Organization","@id":"https:\/\/cedthu.rwpstaging.site\/#organization","name":"KET","url":"https:\/\/cedthu.rwpstaging.site\/","logo":{"@type":"ImageObject","inLanguage":"en-US","@id":"https:\/\/cedthu.rwpstaging.site\/#\/schema\/logo\/image\/","url":"https:\/\/cedthu.rwpstaging.site\/wp-content\/uploads\/2024\/03\/cropped-KET-NYomda-logo2.png","contentUrl":"https:\/\/cedthu.rwpstaging.site\/wp-content\/uploads\/2024\/03\/cropped-KET-NYomda-logo2.png","width":300,"height":326,"caption":"KET"},"image":{"@id":"https:\/\/cedthu.rwpstaging.site\/#\/schema\/logo\/image\/"}}]}},"_links":{"self":[{"href":"https:\/\/cedthu.rwpstaging.site\/en\/wp-json\/wp\/v2\/pages\/17761","targetHints":{"allow":["GET"]}}],"collection":[{"href":"https:\/\/cedthu.rwpstaging.site\/en\/wp-json\/wp\/v2\/pages"}],"about":[{"href":"https:\/\/cedthu.rwpstaging.site\/en\/wp-json\/wp\/v2\/types\/page"}],"author":[{"embeddable":true,"href":"https:\/\/cedthu.rwpstaging.site\/en\/wp-json\/wp\/v2\/users\/1"}],"replies":[{"embeddable":true,"href":"https:\/\/cedthu.rwpstaging.site\/en\/wp-json\/wp\/v2\/comments?post=17761"}],"version-history":[{"count":5,"href":"https:\/\/cedthu.rwpstaging.site\/en\/wp-json\/wp\/v2\/pages\/17761\/revisions"}],"predecessor-version":[{"id":17956,"href":"https:\/\/cedthu.rwpstaging.site\/en\/wp-json\/wp\/v2\/pages\/17761\/revisions\/17956"}],"wp:attachment":[{"href":"https:\/\/cedthu.rwpstaging.site\/en\/wp-json\/wp\/v2\/media?parent=17761"}],"curies":[{"name":"wp","href":"https:\/\/api.w.org\/{rel}","templated":true}]}}