{"id":17860,"date":"2025-05-15T13:36:50","date_gmt":"2025-05-15T13:36:50","guid":{"rendered":"https:\/\/cedthu.rwpstaging.site\/?page_id=17860"},"modified":"2025-05-15T13:47:07","modified_gmt":"2025-05-15T13:47:07","slug":"dark-matter","status":"publish","type":"page","link":"https:\/\/cedthu.rwpstaging.site\/en\/dark-matter\/","title":{"rendered":"Dark Matter"},"content":{"rendered":"<div data-elementor-type=\"wp-page\" data-elementor-id=\"17860\" class=\"elementor elementor-17860\" data-elementor-post-type=\"page\">\n\t\t\t\t\t\t<section class=\"elementor-section elementor-top-section elementor-element elementor-element-62cf7edb elementor-section-boxed elementor-section-height-default elementor-section-height-default\" data-id=\"62cf7edb\" data-element_type=\"section\" data-settings=\"{&quot;background_background&quot;:&quot;classic&quot;}\">\n\t\t\t\t\t\t<div class=\"elementor-container elementor-column-gap-default\">\n\t\t\t\t\t<div class=\"elementor-column elementor-col-100 elementor-top-column elementor-element elementor-element-11ad91c1\" data-id=\"11ad91c1\" data-element_type=\"column\">\n\t\t\t<div class=\"elementor-widget-wrap elementor-element-populated\">\n\t\t\t\t\t\t<div class=\"elementor-element elementor-element-1f6a9b1b elementor-widget elementor-widget-image\" data-id=\"1f6a9b1b\" data-element_type=\"widget\" data-widget_type=\"image.default\">\n\t\t\t\t<div class=\"elementor-widget-container\">\n\t\t\t\t\t\t\t\t\t\t\t\t\t\t\t<img fetchpriority=\"high\" decoding=\"async\" width=\"697\" height=\"930\" src=\"https:\/\/cedthu.rwpstaging.site\/wp-content\/uploads\/2020\/11\/Egyed-Bea-portr\u00e9-Kleb-Attila.jpg\" class=\"attachment-full size-full wp-image-7249\" alt=\"\" srcset=\"https:\/\/cedthu.rwpstaging.site\/wp-content\/uploads\/2020\/11\/Egyed-Bea-portr\u00e9-Kleb-Attila.jpg 697w, https:\/\/cedthu.rwpstaging.site\/wp-content\/uploads\/2020\/11\/Egyed-Bea-portr\u00e9-Kleb-Attila-225x300.jpg 225w, https:\/\/cedthu.rwpstaging.site\/wp-content\/uploads\/2020\/11\/Egyed-Bea-portr\u00e9-Kleb-Attila-300x400.jpg 300w, https:\/\/cedthu.rwpstaging.site\/wp-content\/uploads\/2020\/11\/Egyed-Bea-portr\u00e9-Kleb-Attila-15x20.jpg 15w\" sizes=\"(max-width: 697px) 100vw, 697px\" \/>\t\t\t\t\t\t\t\t\t\t\t\t\t\t\t<\/div>\n\t\t\t\t<\/div>\n\t\t\t\t<div class=\"elementor-element elementor-element-5c15a3fd elementor-widget elementor-widget-text-editor\" data-id=\"5c15a3fd\" data-element_type=\"widget\" data-widget_type=\"text-editor.default\">\n\t\t\t\t<div class=\"elementor-widget-container\">\n\t\t\t\t\t\t\t\t\t<div class=\"x11i5rnm xat24cr x1mh8g0r x1vvkbs xtlvy1s\"><p>\"There is no light, no gloom, because objects burn at night, with a dense, dull, deep glow, colour becomes at once a quality of the world, not its surface, form emanates from within, the extension of the sensual body is not a cooled ornament. Life is not flowing, but flowing, pulsating within itself, with a slow, calm pulsation, like a sweet, dark, intoxicating liquid.\" (B\u00e9la Hamvas: Trees, excerpt from The Laurel Grove Book of Essays)<\/p><p><strong>The performance is part of the Imre Zolt\u00e1n Programme.<\/strong><\/p><\/div>\t\t\t\t\t\t\t\t<\/div>\n\t\t\t\t<\/div>\n\t\t\t\t<div class=\"elementor-element elementor-element-55144656 elementor-widget elementor-widget-heading\" data-id=\"55144656\" data-element_type=\"widget\" data-widget_type=\"heading.default\">\n\t\t\t\t<div class=\"elementor-widget-container\">\n\t\t\t\t\t<h2 class=\"elementor-heading-title elementor-size-default\">creators<\/h2>\t\t\t\t<\/div>\n\t\t\t\t<\/div>\n\t\t\t\t<div class=\"elementor-element elementor-element-b34e4d1 elementor-widget-divider--view-line elementor-widget elementor-widget-divider\" data-id=\"b34e4d1\" data-element_type=\"widget\" data-widget_type=\"divider.default\">\n\t\t\t\t<div class=\"elementor-widget-container\">\n\t\t\t\t\t\t\t<div class=\"elementor-divider\">\n\t\t\t<span class=\"elementor-divider-separator\">\n\t\t\t\t\t\t<\/span>\n\t\t<\/div>\n\t\t\t\t\t\t<\/div>\n\t\t\t\t<\/div>\n\t\t\t\t<div class=\"elementor-element elementor-element-3301cbaa elementor-widget elementor-widget-text-editor\" data-id=\"3301cbaa\" data-element_type=\"widget\" data-widget_type=\"text-editor.default\">\n\t\t\t\t<div class=\"elementor-widget-container\">\n\t\t\t\t\t\t\t\t\t<div class=\"show-actors\"><div id=\"nested-actors\"><div><div class=\"show-actors\"><div id=\"nested-actors\"><div><div><h3>Rapporteur<\/h3><ul><li>Lili\u00e1na Bozs\u00e1nyi<\/li><\/ul><\/div><div><h3>Set and costume designer<\/h3><ul><li>Little Judith<\/li><\/ul><\/div><div><h3>Music<\/h3><ul><li>G\u00e1bor Keresztes<\/li><\/ul><\/div><div><h3>Light<\/h3><ul><li>Zolt\u00e1n Fogarasi<\/li><\/ul><\/div><div><h3>Choreographer<\/h3><ul><li>Bea Egyed<\/li><\/ul><\/div><div><h3>Portrait<\/h3><ul><li>Attila Kleb<\/li><\/ul><\/div><\/div><\/div><\/div><\/div><\/div><\/div>\t\t\t\t\t\t\t\t<\/div>\n\t\t\t\t<\/div>\n\t\t\t\t<div class=\"elementor-element elementor-element-49dec987 elementor-widget elementor-widget-gallery\" data-id=\"49dec987\" data-element_type=\"widget\" data-settings=\"{&quot;columns&quot;:3,&quot;lazyload&quot;:&quot;yes&quot;,&quot;gallery_layout&quot;:&quot;grid&quot;,&quot;columns_tablet&quot;:2,&quot;columns_mobile&quot;:1,&quot;gap&quot;:{&quot;unit&quot;:&quot;px&quot;,&quot;size&quot;:10,&quot;sizes&quot;:[]},&quot;gap_tablet&quot;:{&quot;unit&quot;:&quot;px&quot;,&quot;size&quot;:10,&quot;sizes&quot;:[]},&quot;gap_mobile&quot;:{&quot;unit&quot;:&quot;px&quot;,&quot;size&quot;:10,&quot;sizes&quot;:[]},&quot;link_to&quot;:&quot;file&quot;,&quot;aspect_ratio&quot;:&quot;3:2&quot;,&quot;overlay_background&quot;:&quot;yes&quot;,&quot;content_hover_animation&quot;:&quot;fade-in&quot;}\" data-widget_type=\"gallery.default\">\n\t\t\t\t<div class=\"elementor-widget-container\">\n\t\t\t\t\t\t\t<div class=\"elementor-gallery__container\">\n\t\t\t\t\t\t\t<a class=\"e-gallery-item elementor-gallery-item elementor-animated-content\" href=\"https:\/\/cedthu.rwpstaging.site\/wp-content\/uploads\/2020\/11\/DarkM021.jpg\" data-elementor-open-lightbox=\"yes\" data-elementor-lightbox-slideshow=\"49dec987\" data-elementor-lightbox-title=\"DarkM021\" data-e-action-hash=\"#elementor-action%3Aaction%3Dlightbox%26settings%3DeyJpZCI6NzM2NywidXJsIjoiaHR0cHM6XC9cL2NlZHRodS5yd3BzdGFnaW5nLnNpdGVcL3dwLWNvbnRlbnRcL3VwbG9hZHNcLzIwMjBcLzExXC9EYXJrTTAyMS5qcGciLCJzbGlkZXNob3ciOiI0OWRlYzk4NyJ9\">\n\t\t\t\t\t<div class=\"e-gallery-image elementor-gallery-item__image\" data-thumbnail=\"https:\/\/cedthu.rwpstaging.site\/wp-content\/uploads\/2020\/11\/DarkM021-300x200.jpg\" data-width=\"300\" data-height=\"200\" aria-label=\"\" role=\"img\" ><\/div>\n\t\t\t\t\t\t\t\t\t\t\t<div class=\"elementor-gallery-item__overlay\"><\/div>\n\t\t\t\t\t\t\t\t\t\t\t\t\t\t<\/a>\n\t\t\t\t\t\t\t<a class=\"e-gallery-item elementor-gallery-item elementor-animated-content\" href=\"https:\/\/cedthu.rwpstaging.site\/wp-content\/uploads\/2020\/11\/DarkM036.jpg\" data-elementor-open-lightbox=\"yes\" data-elementor-lightbox-slideshow=\"49dec987\" data-elementor-lightbox-title=\"DarkM036\" data-e-action-hash=\"#elementor-action%3Aaction%3Dlightbox%26settings%3DeyJpZCI6NzM3MCwidXJsIjoiaHR0cHM6XC9cL2NlZHRodS5yd3BzdGFnaW5nLnNpdGVcL3dwLWNvbnRlbnRcL3VwbG9hZHNcLzIwMjBcLzExXC9EYXJrTTAzNi5qcGciLCJzbGlkZXNob3ciOiI0OWRlYzk4NyJ9\">\n\t\t\t\t\t<div class=\"e-gallery-image elementor-gallery-item__image\" data-thumbnail=\"https:\/\/cedthu.rwpstaging.site\/wp-content\/uploads\/2020\/11\/DarkM036-300x200.jpg\" data-width=\"300\" data-height=\"200\" aria-label=\"\" role=\"img\" ><\/div>\n\t\t\t\t\t\t\t\t\t\t\t<div class=\"elementor-gallery-item__overlay\"><\/div>\n\t\t\t\t\t\t\t\t\t\t\t\t\t\t<\/a>\n\t\t\t\t\t\t\t<a class=\"e-gallery-item elementor-gallery-item elementor-animated-content\" href=\"https:\/\/cedthu.rwpstaging.site\/wp-content\/uploads\/2020\/11\/DarkM068.jpg\" data-elementor-open-lightbox=\"yes\" data-elementor-lightbox-slideshow=\"49dec987\" data-elementor-lightbox-title=\"DarkM068\" data-e-action-hash=\"#elementor-action%3Aaction%3Dlightbox%26settings%3DeyJpZCI6NzM3MiwidXJsIjoiaHR0cHM6XC9cL2NlZHRodS5yd3BzdGFnaW5nLnNpdGVcL3dwLWNvbnRlbnRcL3VwbG9hZHNcLzIwMjBcLzExXC9EYXJrTTA2OC5qcGciLCJzbGlkZXNob3ciOiI0OWRlYzk4NyJ9\">\n\t\t\t\t\t<div class=\"e-gallery-image elementor-gallery-item__image\" data-thumbnail=\"https:\/\/cedthu.rwpstaging.site\/wp-content\/uploads\/2020\/11\/DarkM068-300x200.jpg\" data-width=\"300\" data-height=\"200\" aria-label=\"\" role=\"img\" ><\/div>\n\t\t\t\t\t\t\t\t\t\t\t<div class=\"elementor-gallery-item__overlay\"><\/div>\n\t\t\t\t\t\t\t\t\t\t\t\t\t\t<\/a>\n\t\t\t\t\t<\/div>\n\t\t\t\t\t<\/div>\n\t\t\t\t<\/div>\n\t\t\t\t<div class=\"elementor-element elementor-element-776e413c elementor-widget elementor-widget-heading\" data-id=\"776e413c\" data-element_type=\"widget\" data-widget_type=\"heading.default\">\n\t\t\t\t<div class=\"elementor-widget-container\">\n\t\t\t\t\t<h2 class=\"elementor-heading-title elementor-size-default\">K-Arcok - Egyed Bea: Dark Matter #1\n<\/h2>\t\t\t\t<\/div>\n\t\t\t\t<\/div>\n\t\t\t\t<div class=\"elementor-element elementor-element-5fc38386 elementor-widget elementor-widget-video\" data-id=\"5fc38386\" data-element_type=\"widget\" data-settings=\"{&quot;youtube_url&quot;:&quot;https:\\\/\\\/youtu.be\\\/51mHxsxNDOA&quot;,&quot;video_type&quot;:&quot;youtube&quot;,&quot;controls&quot;:&quot;yes&quot;}\" data-widget_type=\"video.default\">\n\t\t\t\t<div class=\"elementor-widget-container\">\n\t\t\t\t\t\t\t<div class=\"elementor-wrapper elementor-open-inline\">\n\t\t\t<div class=\"elementor-video\"><\/div>\t\t<\/div>\n\t\t\t\t\t\t<\/div>\n\t\t\t\t<\/div>\n\t\t\t\t<div class=\"elementor-element elementor-element-3167715 elementor-widget elementor-widget-heading\" data-id=\"3167715\" data-element_type=\"widget\" data-widget_type=\"heading.default\">\n\t\t\t\t<div class=\"elementor-widget-container\">\n\t\t\t\t\t<h2 class=\"elementor-heading-title elementor-size-default\">K-Arcok - Egyed Bea: Dark Matter #2<\/h2>\t\t\t\t<\/div>\n\t\t\t\t<\/div>\n\t\t\t\t<div class=\"elementor-element elementor-element-ad04b84 elementor-widget elementor-widget-video\" data-id=\"ad04b84\" data-element_type=\"widget\" data-settings=\"{&quot;youtube_url&quot;:&quot;https:\\\/\\\/youtu.be\\\/bJyp1f-cgJA&quot;,&quot;video_type&quot;:&quot;youtube&quot;,&quot;controls&quot;:&quot;yes&quot;}\" data-widget_type=\"video.default\">\n\t\t\t\t<div class=\"elementor-widget-container\">\n\t\t\t\t\t\t\t<div class=\"elementor-wrapper elementor-open-inline\">\n\t\t\t<div class=\"elementor-video\"><\/div>\t\t<\/div>\n\t\t\t\t\t\t<\/div>\n\t\t\t\t<\/div>\n\t\t\t\t<div class=\"elementor-element elementor-element-4eaf178 elementor-widget elementor-widget-heading\" data-id=\"4eaf178\" data-element_type=\"widget\" data-widget_type=\"heading.default\">\n\t\t\t\t<div class=\"elementor-widget-container\">\n\t\t\t\t\t<h2 class=\"elementor-heading-title elementor-size-default\">Related Press Releases<\/h2>\t\t\t\t<\/div>\n\t\t\t\t<\/div>\n\t\t\t\t<div class=\"elementor-element elementor-element-671a2ea8 elementor-widget-divider--view-line elementor-widget elementor-widget-divider\" data-id=\"671a2ea8\" data-element_type=\"widget\" data-widget_type=\"divider.default\">\n\t\t\t\t<div class=\"elementor-widget-container\">\n\t\t\t\t\t\t\t<div class=\"elementor-divider\">\n\t\t\t<span class=\"elementor-divider-separator\">\n\t\t\t\t\t\t<\/span>\n\t\t<\/div>\n\t\t\t\t\t\t<\/div>\n\t\t\t\t<\/div>\n\t\t\t\t<div class=\"elementor-element elementor-element-4042114b elementor-widget elementor-widget-text-editor\" data-id=\"4042114b\" data-element_type=\"widget\" data-widget_type=\"text-editor.default\">\n\t\t\t\t<div class=\"elementor-widget-container\">\n\t\t\t\t\t\t\t\t\t<div class=\"pressauthor\">Turbuly Lilla:\u00a0 <a href=\"https:\/\/tanckritika.hu\/kategoriak\/jegyzet\/1686-turbuly-lilla-keringok-a-monotanc-korul\">Circles around Mono Dance - X INTERNATIONAL MONO DANCE FESTIVAL - Part 2\u00a0 <\/a>(T\u00e1nckritika.hu) - 05\/05\/2022 <span style=\"font-family: -apple-system, BlinkMacSystemFont, 'Segoe UI', Roboto, 'Helvetica Neue', Arial, 'Noto Sans', sans-serif, 'Apple Color Emoji', 'Segoe UI Emoji', 'Segoe UI Symbol', 'Noto Color Emoji';\">...the now nine-part K-Arcok is a remarkable achievement in recent years of domestic contemporary dance, with a consistent, high-quality realisation of a good idea.<\/span><\/div>\t\t\t\t\t\t\t\t<\/div>\n\t\t\t\t<\/div>\n\t\t\t\t<div class=\"elementor-element elementor-element-312a8475 elementor-widget elementor-widget-text-editor\" data-id=\"312a8475\" data-element_type=\"widget\" data-widget_type=\"text-editor.default\">\n\t\t\t\t<div class=\"elementor-widget-container\">\n\t\t\t\t\t\t\t\t\t<div class=\"pressauthor\"><div class=\"pressauthor\">Zsolt Stermeczky:\u00a0 <a href=\"https:\/\/tanckritika.hu\/kategoriak\/kritika\/1650-stermeczky-zsolt-belso-es-kulso-erok-szolokban\">Internal and external forces in solos\u00a0 <\/a>(T\u00e1nckritika.hu) <span style=\"font-family: -apple-system, BlinkMacSystemFont, 'Segoe UI', Roboto, 'Helvetica Neue', Arial, 'Noto Sans', sans-serif, 'Apple Color Emoji', 'Segoe UI Emoji', 'Segoe UI Symbol', 'Noto Color Emoji';\">&#8211; 06\/12\/202 <\/span><span style=\"font-family: -apple-system, BlinkMacSystemFont, 'Segoe UI', Roboto, 'Helvetica Neue', Arial, 'Noto Sans', sans-serif, 'Apple Color Emoji', 'Segoe UI Emoji', 'Segoe UI Symbol', 'Noto Color Emoji';\">\"The direction of the two productions seen at the December 4 double bill is a stark contrast...\"<\/span><\/div><\/div>\t\t\t\t\t\t\t\t<\/div>\n\t\t\t\t<\/div>\n\t\t\t\t\t<\/div>\n\t\t<\/div>\n\t\t\t\t\t<\/div>\n\t\t<\/section>\n\t\t\t\t<\/div>","protected":false},"excerpt":{"rendered":"<p>\u201eNincs benne f\u00e9ny, nincs hom\u00e1ly, mert a t\u00e1rgyak \u00e9jszaka is \u00e9gnek, s\u0171r\u0171, tompa, m\u00e9lyr\u0151l j\u00f6v\u0151 ragyog\u00e1ssal, a sz\u00edn egyszerre a vil\u00e1g tulajdons\u00e1ga lesz, nem felsz\u00edne, bel\u00fclr\u0151l \u00e1rad a forma, az \u00e9rz\u00e9ki test kiterjed\u00e9se nem kih\u0171lt d\u00edsz. Az \u00e9let nem folyik, hanem \u00e1rad, \u00f6nmag\u00e1ban l\u00fcktet, lass\u00fa, nyugodt l\u00fcktet\u00e9ssel, mint egy \u00e9des, s\u00f6t\u00e9t, k\u00e1b\u00edt\u00f3 folyad\u00e9kba mer\u00fclve.\u201d (Hamvas [&hellip;]<\/p>","protected":false},"author":1,"featured_media":0,"parent":0,"menu_order":0,"comment_status":"closed","ping_status":"closed","template":"elementor_header_footer","meta":{"footnotes":""},"class_list":["post-17860","page","type-page","status-publish","hentry"],"yoast_head":"<!-- This site is optimized with the Yoast SEO plugin v26.0 - https:\/\/yoast.com\/wordpress\/plugins\/seo\/ -->\n<title>Dark Matter - KET<\/title>\n<meta name=\"robots\" content=\"index, follow, max-snippet:-1, max-image-preview:large, max-video-preview:-1\" \/>\n<link rel=\"canonical\" href=\"https:\/\/cedthu.rwpstaging.site\/en\/dark-matter\/\" \/>\n<meta name=\"twitter:card\" content=\"summary_large_image\" \/>\n<meta name=\"twitter:title\" content=\"Dark Matter - KET\" \/>\n<meta name=\"twitter:description\" content=\"\u201eNincs benne f\u00e9ny, nincs hom\u00e1ly, mert a t\u00e1rgyak \u00e9jszaka is \u00e9gnek, s\u0171r\u0171, tompa, m\u00e9lyr\u0151l j\u00f6v\u0151 ragyog\u00e1ssal, a sz\u00edn egyszerre a vil\u00e1g tulajdons\u00e1ga lesz, nem felsz\u00edne, bel\u00fclr\u0151l \u00e1rad a forma, az \u00e9rz\u00e9ki test kiterjed\u00e9se nem kih\u0171lt d\u00edsz. Az \u00e9let nem folyik, hanem \u00e1rad, \u00f6nmag\u00e1ban l\u00fcktet, lass\u00fa, nyugodt l\u00fcktet\u00e9ssel, mint egy \u00e9des, s\u00f6t\u00e9t, k\u00e1b\u00edt\u00f3 folyad\u00e9kba mer\u00fclve.\u201d (Hamvas [&hellip;]\" \/>\n<meta name=\"twitter:label1\" content=\"Est. reading time\" \/>\n\t<meta name=\"twitter:data1\" content=\"2 minutes\" \/>\n<script type=\"application\/ld+json\" class=\"yoast-schema-graph\">{\"@context\":\"https:\/\/schema.org\",\"@graph\":[{\"@type\":\"WebPage\",\"@id\":\"https:\/\/cedthu.rwpstaging.site\/dark-matter\/\",\"url\":\"https:\/\/cedthu.rwpstaging.site\/dark-matter\/\",\"name\":\"Dark Matter - KET\",\"isPartOf\":{\"@id\":\"https:\/\/cedthu.rwpstaging.site\/#website\"},\"datePublished\":\"2025-05-15T13:36:50+00:00\",\"dateModified\":\"2025-05-15T13:47:07+00:00\",\"breadcrumb\":{\"@id\":\"https:\/\/cedthu.rwpstaging.site\/dark-matter\/#breadcrumb\"},\"inLanguage\":\"en-US\",\"potentialAction\":[{\"@type\":\"ReadAction\",\"target\":[\"https:\/\/cedthu.rwpstaging.site\/dark-matter\/\"]}]},{\"@type\":\"BreadcrumbList\",\"@id\":\"https:\/\/cedthu.rwpstaging.site\/dark-matter\/#breadcrumb\",\"itemListElement\":[{\"@type\":\"ListItem\",\"position\":1,\"name\":\"Home\",\"item\":\"https:\/\/cedthu.rwpstaging.site\/\"},{\"@type\":\"ListItem\",\"position\":2,\"name\":\"Dark Matter\"}]},{\"@type\":\"WebSite\",\"@id\":\"https:\/\/cedthu.rwpstaging.site\/#website\",\"url\":\"https:\/\/cedthu.rwpstaging.site\/\",\"name\":\"KET\",\"description\":\"K\u00f6z\u00e9p-Eur\u00f3pa T\u00e1ncsz\u00ednh\u00e1z\",\"publisher\":{\"@id\":\"https:\/\/cedthu.rwpstaging.site\/#organization\"},\"potentialAction\":[{\"@type\":\"SearchAction\",\"target\":{\"@type\":\"EntryPoint\",\"urlTemplate\":\"https:\/\/cedthu.rwpstaging.site\/?s={search_term_string}\"},\"query-input\":{\"@type\":\"PropertyValueSpecification\",\"valueRequired\":true,\"valueName\":\"search_term_string\"}}],\"inLanguage\":\"en-US\"},{\"@type\":\"Organization\",\"@id\":\"https:\/\/cedthu.rwpstaging.site\/#organization\",\"name\":\"KET\",\"url\":\"https:\/\/cedthu.rwpstaging.site\/\",\"logo\":{\"@type\":\"ImageObject\",\"inLanguage\":\"en-US\",\"@id\":\"https:\/\/cedthu.rwpstaging.site\/#\/schema\/logo\/image\/\",\"url\":\"https:\/\/cedthu.rwpstaging.site\/wp-content\/uploads\/2024\/03\/cropped-KET-NYomda-logo2.png\",\"contentUrl\":\"https:\/\/cedthu.rwpstaging.site\/wp-content\/uploads\/2024\/03\/cropped-KET-NYomda-logo2.png\",\"width\":300,\"height\":326,\"caption\":\"KET\"},\"image\":{\"@id\":\"https:\/\/cedthu.rwpstaging.site\/#\/schema\/logo\/image\/\"}}]}<\/script>\n<!-- \/ Yoast SEO plugin. -->","yoast_head_json":{"title":"Dark Matter - KET","robots":{"index":"index","follow":"follow","max-snippet":"max-snippet:-1","max-image-preview":"max-image-preview:large","max-video-preview":"max-video-preview:-1"},"canonical":"https:\/\/cedthu.rwpstaging.site\/en\/dark-matter\/","twitter_card":"summary_large_image","twitter_title":"Dark Matter - KET","twitter_description":"\u201eNincs benne f\u00e9ny, nincs hom\u00e1ly, mert a t\u00e1rgyak \u00e9jszaka is \u00e9gnek, s\u0171r\u0171, tompa, m\u00e9lyr\u0151l j\u00f6v\u0151 ragyog\u00e1ssal, a sz\u00edn egyszerre a vil\u00e1g tulajdons\u00e1ga lesz, nem felsz\u00edne, bel\u00fclr\u0151l \u00e1rad a forma, az \u00e9rz\u00e9ki test kiterjed\u00e9se nem kih\u0171lt d\u00edsz. Az \u00e9let nem folyik, hanem \u00e1rad, \u00f6nmag\u00e1ban l\u00fcktet, lass\u00fa, nyugodt l\u00fcktet\u00e9ssel, mint egy \u00e9des, s\u00f6t\u00e9t, k\u00e1b\u00edt\u00f3 folyad\u00e9kba mer\u00fclve.\u201d (Hamvas [&hellip;]","twitter_misc":{"Est. reading time":"2 minutes"},"schema":{"@context":"https:\/\/schema.org","@graph":[{"@type":"WebPage","@id":"https:\/\/cedthu.rwpstaging.site\/dark-matter\/","url":"https:\/\/cedthu.rwpstaging.site\/dark-matter\/","name":"Dark Matter - KET","isPartOf":{"@id":"https:\/\/cedthu.rwpstaging.site\/#website"},"datePublished":"2025-05-15T13:36:50+00:00","dateModified":"2025-05-15T13:47:07+00:00","breadcrumb":{"@id":"https:\/\/cedthu.rwpstaging.site\/dark-matter\/#breadcrumb"},"inLanguage":"en-US","potentialAction":[{"@type":"ReadAction","target":["https:\/\/cedthu.rwpstaging.site\/dark-matter\/"]}]},{"@type":"BreadcrumbList","@id":"https:\/\/cedthu.rwpstaging.site\/dark-matter\/#breadcrumb","itemListElement":[{"@type":"ListItem","position":1,"name":"Home","item":"https:\/\/cedthu.rwpstaging.site\/"},{"@type":"ListItem","position":2,"name":"Dark Matter"}]},{"@type":"WebSite","@id":"https:\/\/cedthu.rwpstaging.site\/#website","url":"https:\/\/cedthu.rwpstaging.site\/","name":"KET","description":"Central Europe Dance Theatre","publisher":{"@id":"https:\/\/cedthu.rwpstaging.site\/#organization"},"potentialAction":[{"@type":"SearchAction","target":{"@type":"EntryPoint","urlTemplate":"https:\/\/cedthu.rwpstaging.site\/?s={search_term_string}"},"query-input":{"@type":"PropertyValueSpecification","valueRequired":true,"valueName":"search_term_string"}}],"inLanguage":"en-US"},{"@type":"Organization","@id":"https:\/\/cedthu.rwpstaging.site\/#organization","name":"KET","url":"https:\/\/cedthu.rwpstaging.site\/","logo":{"@type":"ImageObject","inLanguage":"en-US","@id":"https:\/\/cedthu.rwpstaging.site\/#\/schema\/logo\/image\/","url":"https:\/\/cedthu.rwpstaging.site\/wp-content\/uploads\/2024\/03\/cropped-KET-NYomda-logo2.png","contentUrl":"https:\/\/cedthu.rwpstaging.site\/wp-content\/uploads\/2024\/03\/cropped-KET-NYomda-logo2.png","width":300,"height":326,"caption":"KET"},"image":{"@id":"https:\/\/cedthu.rwpstaging.site\/#\/schema\/logo\/image\/"}}]}},"_links":{"self":[{"href":"https:\/\/cedthu.rwpstaging.site\/en\/wp-json\/wp\/v2\/pages\/17860","targetHints":{"allow":["GET"]}}],"collection":[{"href":"https:\/\/cedthu.rwpstaging.site\/en\/wp-json\/wp\/v2\/pages"}],"about":[{"href":"https:\/\/cedthu.rwpstaging.site\/en\/wp-json\/wp\/v2\/types\/page"}],"author":[{"embeddable":true,"href":"https:\/\/cedthu.rwpstaging.site\/en\/wp-json\/wp\/v2\/users\/1"}],"replies":[{"embeddable":true,"href":"https:\/\/cedthu.rwpstaging.site\/en\/wp-json\/wp\/v2\/comments?post=17860"}],"version-history":[{"count":5,"href":"https:\/\/cedthu.rwpstaging.site\/en\/wp-json\/wp\/v2\/pages\/17860\/revisions"}],"predecessor-version":[{"id":17962,"href":"https:\/\/cedthu.rwpstaging.site\/en\/wp-json\/wp\/v2\/pages\/17860\/revisions\/17962"}],"wp:attachment":[{"href":"https:\/\/cedthu.rwpstaging.site\/en\/wp-json\/wp\/v2\/media?parent=17860"}],"curies":[{"name":"wp","href":"https:\/\/api.w.org\/{rel}","templated":true}]}}