{"id":18027,"date":"2025-05-15T14:03:22","date_gmt":"2025-05-15T14:03:22","guid":{"rendered":"https:\/\/cedthu.rwpstaging.site\/?page_id=18027"},"modified":"2025-05-15T14:06:20","modified_gmt":"2025-05-15T14:06:20","slug":"lepcso","status":"publish","type":"page","link":"https:\/\/cedthu.rwpstaging.site\/en\/lepcso\/","title":{"rendered":"Stairs"},"content":{"rendered":"<div data-elementor-type=\"wp-page\" data-elementor-id=\"18027\" class=\"elementor elementor-18027\" data-elementor-post-type=\"page\">\n\t\t\t\t\t\t<section class=\"elementor-section elementor-top-section elementor-element elementor-element-7510b397 elementor-section-boxed elementor-section-height-default elementor-section-height-default\" data-id=\"7510b397\" data-element_type=\"section\" data-settings=\"{&quot;background_background&quot;:&quot;classic&quot;}\">\n\t\t\t\t\t\t<div class=\"elementor-container elementor-column-gap-default\">\n\t\t\t\t\t<div class=\"elementor-column elementor-col-100 elementor-top-column elementor-element elementor-element-4efd4e1f\" data-id=\"4efd4e1f\" data-element_type=\"column\">\n\t\t\t<div class=\"elementor-widget-wrap elementor-element-populated\">\n\t\t\t\t\t\t<div class=\"elementor-element elementor-element-678da103 elementor-widget elementor-widget-image\" data-id=\"678da103\" data-element_type=\"widget\" data-widget_type=\"image.default\">\n\t\t\t\t<div class=\"elementor-widget-container\">\n\t\t\t\t\t\t\t\t\t\t\t\t\t\t\t<img fetchpriority=\"high\" decoding=\"async\" width=\"639\" height=\"480\" src=\"https:\/\/cedthu.rwpstaging.site\/wp-content\/uploads\/2017\/02\/foto_1143.jpg\" class=\"attachment-full size-full wp-image-1828\" alt=\"\" srcset=\"https:\/\/cedthu.rwpstaging.site\/wp-content\/uploads\/2017\/02\/foto_1143.jpg 639w, https:\/\/cedthu.rwpstaging.site\/wp-content\/uploads\/2017\/02\/foto_1143-300x225.jpg 300w, https:\/\/cedthu.rwpstaging.site\/wp-content\/uploads\/2017\/02\/foto_1143-400x300.jpg 400w, https:\/\/cedthu.rwpstaging.site\/wp-content\/uploads\/2017\/02\/foto_1143-20x15.jpg 20w\" sizes=\"(max-width: 639px) 100vw, 639px\" \/>\t\t\t\t\t\t\t\t\t\t\t\t\t\t\t<\/div>\n\t\t\t\t<\/div>\n\t\t\t\t<div class=\"elementor-element elementor-element-3db83398 elementor-widget elementor-widget-text-editor\" data-id=\"3db83398\" data-element_type=\"widget\" data-widget_type=\"text-editor.default\">\n\t\t\t\t<div class=\"elementor-widget-container\">\n\t\t\t\t\t\t\t\t\t<div class=\"x11i5rnm xat24cr x1mh8g0r x1vvkbs xtlvy1s\"><div class=\"show-description\"><p>The stairs are the stage of life. It presents you with unexpected and much anticipated turns. The moving man is uncertain, the stairs are certain. Man's thoughts and desires are also staircases. The wings are long gone. Sometimes they go up to the attic, sometimes down to the basement.<\/p><p>Many of these unaligned desires leave the home, only to suddenly turn into their opposite outside, becoming an unwanted companion. Who wants no one, who wants no one. Lack of courage? Lack of ability? Everyone seems to be what they're not. Some people struggle against it and fall into it. Some don't, and others fall for it. The stairs, it seems, are a way in, not a way out.<\/p><p>The text of the monologue was written by the poet Zolt\u00e1n Halasi, with whom Anna R\u00e9ti has already worked together in the past, in connection with the performance \"House of Cards\".<\/p><p>After her studies in Rotterdam, Anna R\u00e9ti worked in the Netherlands with Itzik Galili, Conny Janssen and Jens Van Daele. Back in Hungary, she has worked as a freelancer in performances by R\u00e9ka Szab\u00f3, L\u00e1szl\u00f3 Hudi, Viktor Bod\u00f3, Kl\u00e1ri Pataky, Eszter G\u00e1l and G\u00e1bor Goda, among others. In 2012-13 she participated in projects with J\u00f3zsef Nagy, Karine Ponties and Paulo Riberio.<br \/>Since 2005, she has been creating her own choreographies, which have received several national and international awards and recognitions. Her independent works include Soul without a Sweater, House of Cards, Night Shift, Fregoli Syndrome, Back-to-Back Encounters with A, Snapshot Commentaries, Ego Trip, Eyes on the Spot.<br \/>His 2015 performance Point of You, co-produced with Portuguese Ricardo Machado, was selected as one of the 20 most exciting works of the year by the international network Aerowaves.<\/p><p><a href=\"http:\/\/www.retianna.hu\/\" target=\"_blank\" rel=\"noopener noreferrer\">www.retianna.hu<\/a><\/p><p>Third presentation of the K-Arcok series<\/p><\/div><\/div>\t\t\t\t\t\t\t\t<\/div>\n\t\t\t\t<\/div>\n\t\t\t\t<div class=\"elementor-element elementor-element-6a964a4a elementor-widget elementor-widget-heading\" data-id=\"6a964a4a\" data-element_type=\"widget\" data-widget_type=\"heading.default\">\n\t\t\t\t<div class=\"elementor-widget-container\">\n\t\t\t\t\t<h2 class=\"elementor-heading-title elementor-size-default\">creators<\/h2>\t\t\t\t<\/div>\n\t\t\t\t<\/div>\n\t\t\t\t<div class=\"elementor-element elementor-element-1991d96 elementor-widget-divider--view-line elementor-widget elementor-widget-divider\" data-id=\"1991d96\" data-element_type=\"widget\" data-widget_type=\"divider.default\">\n\t\t\t\t<div class=\"elementor-widget-container\">\n\t\t\t\t\t\t\t<div class=\"elementor-divider\">\n\t\t\t<span class=\"elementor-divider-separator\">\n\t\t\t\t\t\t<\/span>\n\t\t<\/div>\n\t\t\t\t\t\t<\/div>\n\t\t\t\t<\/div>\n\t\t\t\t<div class=\"elementor-element elementor-element-92d5088 elementor-widget elementor-widget-text-editor\" data-id=\"92d5088\" data-element_type=\"widget\" data-widget_type=\"text-editor.default\">\n\t\t\t\t<div class=\"elementor-widget-container\">\n\t\t\t\t\t\t\t\t\t<div class=\"show-actors\"><div id=\"nested-actors\"><div><div class=\"show-actors\"><div id=\"nested-actors\"><div><div><h3>Special thanks to<\/h3><ul><li>Katalin Fodor<\/li><\/ul><ul><li>Tam\u00e1s Kapit\u00e1ny<\/li><li>P\u00e1l K\u00f6rmendy<\/li><li>M\u00e1rton Debreczeni<\/li><li>Ren\u00e1ta Teket<\/li><li>L\u00e1szl\u00f3 Hudi<\/li><\/ul><\/div><div><h3>Hangkulisa<\/h3><ul><li>M\u00e1rton Debreczeni<\/li><\/ul><\/div><div><h3>Dance artist<\/h3><ul><li>Mariann Hargitai<\/li><\/ul><\/div><div><h3>Space<\/h3><ul><li>Anna R\u00e9ti<\/li><\/ul><\/div><div><h3>Production partner<\/h3><ul><li>Katlan Group<\/li><\/ul><\/div><\/div><\/div><\/div><\/div><\/div><\/div>\t\t\t\t\t\t\t\t<\/div>\n\t\t\t\t<\/div>\n\t\t\t\t<div class=\"elementor-element elementor-element-6f655883 elementor-widget elementor-widget-gallery\" data-id=\"6f655883\" data-element_type=\"widget\" data-settings=\"{&quot;columns&quot;:3,&quot;lazyload&quot;:&quot;yes&quot;,&quot;gallery_layout&quot;:&quot;grid&quot;,&quot;columns_tablet&quot;:2,&quot;columns_mobile&quot;:1,&quot;gap&quot;:{&quot;unit&quot;:&quot;px&quot;,&quot;size&quot;:10,&quot;sizes&quot;:[]},&quot;gap_tablet&quot;:{&quot;unit&quot;:&quot;px&quot;,&quot;size&quot;:10,&quot;sizes&quot;:[]},&quot;gap_mobile&quot;:{&quot;unit&quot;:&quot;px&quot;,&quot;size&quot;:10,&quot;sizes&quot;:[]},&quot;link_to&quot;:&quot;file&quot;,&quot;aspect_ratio&quot;:&quot;3:2&quot;,&quot;overlay_background&quot;:&quot;yes&quot;,&quot;content_hover_animation&quot;:&quot;fade-in&quot;}\" data-widget_type=\"gallery.default\">\n\t\t\t\t<div class=\"elementor-widget-container\">\n\t\t\t\t\t\t\t<div class=\"elementor-gallery__container\">\n\t\t\t\t\t\t\t<a class=\"e-gallery-item elementor-gallery-item elementor-animated-content\" href=\"https:\/\/cedthu.rwpstaging.site\/wp-content\/uploads\/2017\/02\/foto_1146.jpg\" data-elementor-open-lightbox=\"yes\" data-elementor-lightbox-slideshow=\"6f655883\" data-elementor-lightbox-title=\"foto_1146\" data-elementor-lightbox-description=\"Moln\u00e1r J\u00e1nos \/ J\u00e1nos Moln\u00e1r\" data-e-action-hash=\"#elementor-action%3Aaction%3Dlightbox%26settings%3DeyJpZCI6MTgyNywidXJsIjoiaHR0cHM6XC9cL2NlZHRodS5yd3BzdGFnaW5nLnNpdGVcL3dwLWNvbnRlbnRcL3VwbG9hZHNcLzIwMTdcLzAyXC9mb3RvXzExNDYuanBnIiwic2xpZGVzaG93IjoiNmY2NTU4ODMifQ%3D%3D\">\n\t\t\t\t\t<div class=\"e-gallery-image elementor-gallery-item__image\" data-thumbnail=\"https:\/\/cedthu.rwpstaging.site\/wp-content\/uploads\/2017\/02\/foto_1146-300x201.jpg\" data-width=\"300\" data-height=\"201\" aria-label=\"\" role=\"img\" ><\/div>\n\t\t\t\t\t\t\t\t\t\t\t<div class=\"elementor-gallery-item__overlay\"><\/div>\n\t\t\t\t\t\t\t\t\t\t\t\t\t\t<\/a>\n\t\t\t\t\t\t\t<a class=\"e-gallery-item elementor-gallery-item elementor-animated-content\" href=\"https:\/\/cedthu.rwpstaging.site\/wp-content\/uploads\/2017\/02\/foto_1143.jpg\" data-elementor-open-lightbox=\"yes\" data-elementor-lightbox-slideshow=\"6f655883\" data-elementor-lightbox-title=\"foto_1143\" data-e-action-hash=\"#elementor-action%3Aaction%3Dlightbox%26settings%3DeyJpZCI6MTgyOCwidXJsIjoiaHR0cHM6XC9cL2NlZHRodS5yd3BzdGFnaW5nLnNpdGVcL3dwLWNvbnRlbnRcL3VwbG9hZHNcLzIwMTdcLzAyXC9mb3RvXzExNDMuanBnIiwic2xpZGVzaG93IjoiNmY2NTU4ODMifQ%3D%3D\">\n\t\t\t\t\t<div class=\"e-gallery-image elementor-gallery-item__image\" data-thumbnail=\"https:\/\/cedthu.rwpstaging.site\/wp-content\/uploads\/2017\/02\/foto_1143-300x225.jpg\" data-width=\"300\" data-height=\"225\" aria-label=\"\" role=\"img\" ><\/div>\n\t\t\t\t\t\t\t\t\t\t\t<div class=\"elementor-gallery-item__overlay\"><\/div>\n\t\t\t\t\t\t\t\t\t\t\t\t\t\t<\/a>\n\t\t\t\t\t\t\t<a class=\"e-gallery-item elementor-gallery-item elementor-animated-content\" href=\"https:\/\/cedthu.rwpstaging.site\/wp-content\/uploads\/2017\/02\/foto_1142.jpg\" data-elementor-open-lightbox=\"yes\" data-elementor-lightbox-slideshow=\"6f655883\" data-elementor-lightbox-title=\"foto_1142\" data-elementor-lightbox-description=\"Kenyeres Csilla \/ Csilla Kenyeres \" data-e-action-hash=\"#elementor-action%3Aaction%3Dlightbox%26settings%3DeyJpZCI6MTgyOSwidXJsIjoiaHR0cHM6XC9cL2NlZHRodS5yd3BzdGFnaW5nLnNpdGVcL3dwLWNvbnRlbnRcL3VwbG9hZHNcLzIwMTdcLzAyXC9mb3RvXzExNDIuanBnIiwic2xpZGVzaG93IjoiNmY2NTU4ODMifQ%3D%3D\">\n\t\t\t\t\t<div class=\"e-gallery-image elementor-gallery-item__image\" data-thumbnail=\"https:\/\/cedthu.rwpstaging.site\/wp-content\/uploads\/2017\/02\/foto_1142-300x209.jpg\" data-width=\"300\" data-height=\"209\" aria-label=\"\" role=\"img\" ><\/div>\n\t\t\t\t\t\t\t\t\t\t\t<div class=\"elementor-gallery-item__overlay\"><\/div>\n\t\t\t\t\t\t\t\t\t\t\t\t\t\t<\/a>\n\t\t\t\t\t<\/div>\n\t\t\t\t\t<\/div>\n\t\t\t\t<\/div>\n\t\t\t\t<div class=\"elementor-element elementor-element-48546c17 elementor-widget elementor-widget-heading\" data-id=\"48546c17\" data-element_type=\"widget\" data-widget_type=\"heading.default\">\n\t\t\t\t<div class=\"elementor-widget-container\">\n\t\t\t\t\t<h2 class=\"elementor-heading-title elementor-size-default\">L\u00c9PCS\u0150 - Central Europe Dance Theatre\n<\/h2>\t\t\t\t<\/div>\n\t\t\t\t<\/div>\n\t\t\t\t<div class=\"elementor-element elementor-element-552f8fcd elementor-widget elementor-widget-video\" data-id=\"552f8fcd\" data-element_type=\"widget\" data-settings=\"{&quot;youtube_url&quot;:&quot;https:\\\/\\\/youtu.be\\\/ogFtxs8UbNc&quot;,&quot;video_type&quot;:&quot;youtube&quot;,&quot;controls&quot;:&quot;yes&quot;}\" data-widget_type=\"video.default\">\n\t\t\t\t<div class=\"elementor-widget-container\">\n\t\t\t\t\t\t\t<div class=\"elementor-wrapper elementor-open-inline\">\n\t\t\t<div class=\"elementor-video\"><\/div>\t\t<\/div>\n\t\t\t\t\t\t<\/div>\n\t\t\t\t<\/div>\n\t\t\t\t<div class=\"elementor-element elementor-element-548505d elementor-widget elementor-widget-heading\" data-id=\"548505d\" data-element_type=\"widget\" data-widget_type=\"heading.default\">\n\t\t\t\t<div class=\"elementor-widget-container\">\n\t\t\t\t\t<h2 class=\"elementor-heading-title elementor-size-default\">Related Press Releases<\/h2>\t\t\t\t<\/div>\n\t\t\t\t<\/div>\n\t\t\t\t<div class=\"elementor-element elementor-element-748ccdde elementor-widget-divider--view-line elementor-widget elementor-widget-divider\" data-id=\"748ccdde\" data-element_type=\"widget\" data-widget_type=\"divider.default\">\n\t\t\t\t<div class=\"elementor-widget-container\">\n\t\t\t\t\t\t\t<div class=\"elementor-divider\">\n\t\t\t<span class=\"elementor-divider-separator\">\n\t\t\t\t\t\t<\/span>\n\t\t<\/div>\n\t\t\t\t\t\t<\/div>\n\t\t\t\t<\/div>\n\t\t\t\t<div class=\"elementor-element elementor-element-8c49d4e elementor-widget elementor-widget-text-editor\" data-id=\"8c49d4e\" data-element_type=\"widget\" data-widget_type=\"text-editor.default\">\n\t\t\t\t<div class=\"elementor-widget-container\">\n\t\t\t\t\t\t\t\t\t<div class=\"pressauthor\"><div class=\"pressauthor\">Varga Anik\u00f3:\u00a0<a href=\"http:\/\/szinhaz.net\/2016\/03\/07\/varga-aniko-ket-arc\/\">Two faces\u00a0 <\/a>(Theatre) <span style=\"font-family: -apple-system, BlinkMacSystemFont, 'Segoe UI', Roboto, 'Helvetica Neue', Arial, 'Noto Sans', sans-serif, 'Apple Color Emoji', 'Segoe UI Emoji', 'Segoe UI Symbol', 'Noto Color Emoji';\">&#8211; 07\/03\/2016 <\/span><span style=\"font-family: -apple-system, BlinkMacSystemFont, 'Segoe UI', Roboto, 'Helvetica Neue', Arial, 'Noto Sans', sans-serif, 'Apple Color Emoji', 'Segoe UI Emoji', 'Segoe UI Symbol', 'Noto Color Emoji';\">There is something exotic, \"other worldly\" about this poetic image of stark visual contrast, something Japanese in the way Mariann Hargitai brushes her hair on the edge of the stage in her cherry blossom dress, braids her hair and then enters the world of the solo following the timeless sun.<\/span><\/div><\/div>\t\t\t\t\t\t\t\t<\/div>\n\t\t\t\t<\/div>\n\t\t\t\t\t<\/div>\n\t\t<\/div>\n\t\t\t\t\t<\/div>\n\t\t<\/section>\n\t\t\t\t<\/div>","protected":false},"excerpt":{"rendered":"<p>A l\u00e9pcs\u0151 az \u00e9let sz\u00edntere. V\u00e1ratlan \u00e9s nagyon is v\u00e1rt fordul\u00f3kkal aj\u00e1nd\u00e9kozza meg az embert. A mozg\u00f3 ember bizonytalan, a l\u00e9pcs\u0151 biztos. Az ember gondolatai, v\u00e1gyai is ilyen l\u00e9pcs\u0151j\u00e1r\u00f3k. A sz\u00e1rnyakt\u00f3l r\u00e9g megv\u00e1ltak. Hol a padl\u00e1st\u00e9rbe kaptatnak, hol le az alagsorba. Sok ilyen t\u00e1rstalan v\u00e1gy hagyja el a lak\u00e1st, hogy odakint hirtelen \u00f6nn\u00f6n ellent\u00e9t\u00e9be forduljon, [&hellip;]<\/p>","protected":false},"author":1,"featured_media":0,"parent":0,"menu_order":0,"comment_status":"closed","ping_status":"closed","template":"elementor_header_footer","meta":{"footnotes":""},"class_list":["post-18027","page","type-page","status-publish","hentry"],"yoast_head":"<!-- This site is optimized with the Yoast SEO plugin v26.0 - https:\/\/yoast.com\/wordpress\/plugins\/seo\/ -->\n<title>L\u00e9pcs\u0151 - KET<\/title>\n<meta name=\"robots\" content=\"index, follow, max-snippet:-1, max-image-preview:large, max-video-preview:-1\" \/>\n<link rel=\"canonical\" href=\"https:\/\/cedthu.rwpstaging.site\/en\/lepcso\/\" \/>\n<meta name=\"twitter:card\" content=\"summary_large_image\" \/>\n<meta name=\"twitter:title\" content=\"L\u00e9pcs\u0151 - KET\" \/>\n<meta name=\"twitter:description\" content=\"A l\u00e9pcs\u0151 az \u00e9let sz\u00edntere. V\u00e1ratlan \u00e9s nagyon is v\u00e1rt fordul\u00f3kkal aj\u00e1nd\u00e9kozza meg az embert. A mozg\u00f3 ember bizonytalan, a l\u00e9pcs\u0151 biztos. Az ember gondolatai, v\u00e1gyai is ilyen l\u00e9pcs\u0151j\u00e1r\u00f3k. A sz\u00e1rnyakt\u00f3l r\u00e9g megv\u00e1ltak. Hol a padl\u00e1st\u00e9rbe kaptatnak, hol le az alagsorba. Sok ilyen t\u00e1rstalan v\u00e1gy hagyja el a lak\u00e1st, hogy odakint hirtelen \u00f6nn\u00f6n ellent\u00e9t\u00e9be forduljon, [&hellip;]\" \/>\n<meta name=\"twitter:image\" content=\"https:\/\/cedthu.rwpstaging.site\/wp-content\/uploads\/2017\/02\/foto_1143.jpg\" \/>\n<meta name=\"twitter:label1\" content=\"Est. reading time\" \/>\n\t<meta name=\"twitter:data1\" content=\"2 minutes\" \/>\n<script type=\"application\/ld+json\" class=\"yoast-schema-graph\">{\"@context\":\"https:\/\/schema.org\",\"@graph\":[{\"@type\":\"WebPage\",\"@id\":\"https:\/\/cedthu.rwpstaging.site\/lepcso\/\",\"url\":\"https:\/\/cedthu.rwpstaging.site\/lepcso\/\",\"name\":\"L\u00e9pcs\u0151 - KET\",\"isPartOf\":{\"@id\":\"https:\/\/cedthu.rwpstaging.site\/#website\"},\"primaryImageOfPage\":{\"@id\":\"https:\/\/cedthu.rwpstaging.site\/lepcso\/#primaryimage\"},\"image\":{\"@id\":\"https:\/\/cedthu.rwpstaging.site\/lepcso\/#primaryimage\"},\"thumbnailUrl\":\"https:\/\/cedthu.rwpstaging.site\/wp-content\/uploads\/2017\/02\/foto_1143.jpg\",\"datePublished\":\"2025-05-15T14:03:22+00:00\",\"dateModified\":\"2025-05-15T14:06:20+00:00\",\"breadcrumb\":{\"@id\":\"https:\/\/cedthu.rwpstaging.site\/lepcso\/#breadcrumb\"},\"inLanguage\":\"en-US\",\"potentialAction\":[{\"@type\":\"ReadAction\",\"target\":[\"https:\/\/cedthu.rwpstaging.site\/lepcso\/\"]}]},{\"@type\":\"ImageObject\",\"inLanguage\":\"en-US\",\"@id\":\"https:\/\/cedthu.rwpstaging.site\/lepcso\/#primaryimage\",\"url\":\"https:\/\/cedthu.rwpstaging.site\/wp-content\/uploads\/2017\/02\/foto_1143.jpg\",\"contentUrl\":\"https:\/\/cedthu.rwpstaging.site\/wp-content\/uploads\/2017\/02\/foto_1143.jpg\"},{\"@type\":\"BreadcrumbList\",\"@id\":\"https:\/\/cedthu.rwpstaging.site\/lepcso\/#breadcrumb\",\"itemListElement\":[{\"@type\":\"ListItem\",\"position\":1,\"name\":\"Home\",\"item\":\"https:\/\/cedthu.rwpstaging.site\/\"},{\"@type\":\"ListItem\",\"position\":2,\"name\":\"L\u00e9pcs\u0151\"}]},{\"@type\":\"WebSite\",\"@id\":\"https:\/\/cedthu.rwpstaging.site\/#website\",\"url\":\"https:\/\/cedthu.rwpstaging.site\/\",\"name\":\"KET\",\"description\":\"K\u00f6z\u00e9p-Eur\u00f3pa T\u00e1ncsz\u00ednh\u00e1z\",\"publisher\":{\"@id\":\"https:\/\/cedthu.rwpstaging.site\/#organization\"},\"potentialAction\":[{\"@type\":\"SearchAction\",\"target\":{\"@type\":\"EntryPoint\",\"urlTemplate\":\"https:\/\/cedthu.rwpstaging.site\/?s={search_term_string}\"},\"query-input\":{\"@type\":\"PropertyValueSpecification\",\"valueRequired\":true,\"valueName\":\"search_term_string\"}}],\"inLanguage\":\"en-US\"},{\"@type\":\"Organization\",\"@id\":\"https:\/\/cedthu.rwpstaging.site\/#organization\",\"name\":\"KET\",\"url\":\"https:\/\/cedthu.rwpstaging.site\/\",\"logo\":{\"@type\":\"ImageObject\",\"inLanguage\":\"en-US\",\"@id\":\"https:\/\/cedthu.rwpstaging.site\/#\/schema\/logo\/image\/\",\"url\":\"https:\/\/cedthu.rwpstaging.site\/wp-content\/uploads\/2024\/03\/cropped-KET-NYomda-logo2.png\",\"contentUrl\":\"https:\/\/cedthu.rwpstaging.site\/wp-content\/uploads\/2024\/03\/cropped-KET-NYomda-logo2.png\",\"width\":300,\"height\":326,\"caption\":\"KET\"},\"image\":{\"@id\":\"https:\/\/cedthu.rwpstaging.site\/#\/schema\/logo\/image\/\"}}]}<\/script>\n<!-- \/ Yoast SEO plugin. -->","yoast_head_json":{"title":"L\u00e9pcs\u0151 - KET","robots":{"index":"index","follow":"follow","max-snippet":"max-snippet:-1","max-image-preview":"max-image-preview:large","max-video-preview":"max-video-preview:-1"},"canonical":"https:\/\/cedthu.rwpstaging.site\/en\/lepcso\/","twitter_card":"summary_large_image","twitter_title":"L\u00e9pcs\u0151 - KET","twitter_description":"A l\u00e9pcs\u0151 az \u00e9let sz\u00edntere. V\u00e1ratlan \u00e9s nagyon is v\u00e1rt fordul\u00f3kkal aj\u00e1nd\u00e9kozza meg az embert. A mozg\u00f3 ember bizonytalan, a l\u00e9pcs\u0151 biztos. Az ember gondolatai, v\u00e1gyai is ilyen l\u00e9pcs\u0151j\u00e1r\u00f3k. A sz\u00e1rnyakt\u00f3l r\u00e9g megv\u00e1ltak. Hol a padl\u00e1st\u00e9rbe kaptatnak, hol le az alagsorba. Sok ilyen t\u00e1rstalan v\u00e1gy hagyja el a lak\u00e1st, hogy odakint hirtelen \u00f6nn\u00f6n ellent\u00e9t\u00e9be forduljon, [&hellip;]","twitter_image":"https:\/\/cedthu.rwpstaging.site\/wp-content\/uploads\/2017\/02\/foto_1143.jpg","twitter_misc":{"Est. reading time":"2 minutes"},"schema":{"@context":"https:\/\/schema.org","@graph":[{"@type":"WebPage","@id":"https:\/\/cedthu.rwpstaging.site\/lepcso\/","url":"https:\/\/cedthu.rwpstaging.site\/lepcso\/","name":"L\u00e9pcs\u0151 - KET","isPartOf":{"@id":"https:\/\/cedthu.rwpstaging.site\/#website"},"primaryImageOfPage":{"@id":"https:\/\/cedthu.rwpstaging.site\/lepcso\/#primaryimage"},"image":{"@id":"https:\/\/cedthu.rwpstaging.site\/lepcso\/#primaryimage"},"thumbnailUrl":"https:\/\/cedthu.rwpstaging.site\/wp-content\/uploads\/2017\/02\/foto_1143.jpg","datePublished":"2025-05-15T14:03:22+00:00","dateModified":"2025-05-15T14:06:20+00:00","breadcrumb":{"@id":"https:\/\/cedthu.rwpstaging.site\/lepcso\/#breadcrumb"},"inLanguage":"en-US","potentialAction":[{"@type":"ReadAction","target":["https:\/\/cedthu.rwpstaging.site\/lepcso\/"]}]},{"@type":"ImageObject","inLanguage":"en-US","@id":"https:\/\/cedthu.rwpstaging.site\/lepcso\/#primaryimage","url":"https:\/\/cedthu.rwpstaging.site\/wp-content\/uploads\/2017\/02\/foto_1143.jpg","contentUrl":"https:\/\/cedthu.rwpstaging.site\/wp-content\/uploads\/2017\/02\/foto_1143.jpg"},{"@type":"BreadcrumbList","@id":"https:\/\/cedthu.rwpstaging.site\/lepcso\/#breadcrumb","itemListElement":[{"@type":"ListItem","position":1,"name":"Home","item":"https:\/\/cedthu.rwpstaging.site\/"},{"@type":"ListItem","position":2,"name":"L\u00e9pcs\u0151"}]},{"@type":"WebSite","@id":"https:\/\/cedthu.rwpstaging.site\/#website","url":"https:\/\/cedthu.rwpstaging.site\/","name":"KET","description":"Central Europe Dance Theatre","publisher":{"@id":"https:\/\/cedthu.rwpstaging.site\/#organization"},"potentialAction":[{"@type":"SearchAction","target":{"@type":"EntryPoint","urlTemplate":"https:\/\/cedthu.rwpstaging.site\/?s={search_term_string}"},"query-input":{"@type":"PropertyValueSpecification","valueRequired":true,"valueName":"search_term_string"}}],"inLanguage":"en-US"},{"@type":"Organization","@id":"https:\/\/cedthu.rwpstaging.site\/#organization","name":"KET","url":"https:\/\/cedthu.rwpstaging.site\/","logo":{"@type":"ImageObject","inLanguage":"en-US","@id":"https:\/\/cedthu.rwpstaging.site\/#\/schema\/logo\/image\/","url":"https:\/\/cedthu.rwpstaging.site\/wp-content\/uploads\/2024\/03\/cropped-KET-NYomda-logo2.png","contentUrl":"https:\/\/cedthu.rwpstaging.site\/wp-content\/uploads\/2024\/03\/cropped-KET-NYomda-logo2.png","width":300,"height":326,"caption":"KET"},"image":{"@id":"https:\/\/cedthu.rwpstaging.site\/#\/schema\/logo\/image\/"}}]}},"_links":{"self":[{"href":"https:\/\/cedthu.rwpstaging.site\/en\/wp-json\/wp\/v2\/pages\/18027","targetHints":{"allow":["GET"]}}],"collection":[{"href":"https:\/\/cedthu.rwpstaging.site\/en\/wp-json\/wp\/v2\/pages"}],"about":[{"href":"https:\/\/cedthu.rwpstaging.site\/en\/wp-json\/wp\/v2\/types\/page"}],"author":[{"embeddable":true,"href":"https:\/\/cedthu.rwpstaging.site\/en\/wp-json\/wp\/v2\/users\/1"}],"replies":[{"embeddable":true,"href":"https:\/\/cedthu.rwpstaging.site\/en\/wp-json\/wp\/v2\/comments?post=18027"}],"version-history":[{"count":5,"href":"https:\/\/cedthu.rwpstaging.site\/en\/wp-json\/wp\/v2\/pages\/18027\/revisions"}],"predecessor-version":[{"id":18055,"href":"https:\/\/cedthu.rwpstaging.site\/en\/wp-json\/wp\/v2\/pages\/18027\/revisions\/18055"}],"wp:attachment":[{"href":"https:\/\/cedthu.rwpstaging.site\/en\/wp-json\/wp\/v2\/media?parent=18027"}],"curies":[{"name":"wp","href":"https:\/\/api.w.org\/{rel}","templated":true}]}}