{"id":18065,"date":"2025-05-15T14:07:30","date_gmt":"2025-05-15T14:07:30","guid":{"rendered":"https:\/\/cedthu.rwpstaging.site\/?page_id=18065"},"modified":"2025-05-15T14:10:00","modified_gmt":"2025-05-15T14:10:00","slug":"uraim","status":"publish","type":"page","link":"https:\/\/cedthu.rwpstaging.site\/en\/uraim\/","title":{"rendered":"Uraim"},"content":{"rendered":"<div data-elementor-type=\"wp-page\" data-elementor-id=\"18065\" class=\"elementor elementor-18065\" data-elementor-post-type=\"page\">\n\t\t\t\t\t\t<section class=\"elementor-section elementor-top-section elementor-element elementor-element-13071b71 elementor-section-boxed elementor-section-height-default elementor-section-height-default\" data-id=\"13071b71\" data-element_type=\"section\" data-settings=\"{&quot;background_background&quot;:&quot;classic&quot;}\">\n\t\t\t\t\t\t<div class=\"elementor-container elementor-column-gap-default\">\n\t\t\t\t\t<div class=\"elementor-column elementor-col-100 elementor-top-column elementor-element elementor-element-6691708f\" data-id=\"6691708f\" data-element_type=\"column\">\n\t\t\t<div class=\"elementor-widget-wrap elementor-element-populated\">\n\t\t\t\t\t\t<div class=\"elementor-element elementor-element-59f10508 elementor-widget elementor-widget-image\" data-id=\"59f10508\" data-element_type=\"widget\" data-widget_type=\"image.default\">\n\t\t\t\t<div class=\"elementor-widget-container\">\n\t\t\t\t\t\t\t\t\t\t\t\t\t\t\t<img fetchpriority=\"high\" decoding=\"async\" width=\"480\" height=\"480\" src=\"https:\/\/cedthu.rwpstaging.site\/wp-content\/uploads\/2017\/02\/foto_1115.jpg\" class=\"attachment-full size-full wp-image-1825\" alt=\"\" srcset=\"https:\/\/cedthu.rwpstaging.site\/wp-content\/uploads\/2017\/02\/foto_1115.jpg 480w, https:\/\/cedthu.rwpstaging.site\/wp-content\/uploads\/2017\/02\/foto_1115-150x150.jpg 150w, https:\/\/cedthu.rwpstaging.site\/wp-content\/uploads\/2017\/02\/foto_1115-300x300.jpg 300w, https:\/\/cedthu.rwpstaging.site\/wp-content\/uploads\/2017\/02\/foto_1115-400x400.jpg 400w, https:\/\/cedthu.rwpstaging.site\/wp-content\/uploads\/2017\/02\/foto_1115-20x20.jpg 20w\" sizes=\"(max-width: 480px) 100vw, 480px\" \/>\t\t\t\t\t\t\t\t\t\t\t\t\t\t\t<\/div>\n\t\t\t\t<\/div>\n\t\t\t\t<div class=\"elementor-element elementor-element-4be13ba0 elementor-widget elementor-widget-text-editor\" data-id=\"4be13ba0\" data-element_type=\"widget\" data-widget_type=\"text-editor.default\">\n\t\t\t\t<div class=\"elementor-widget-container\">\n\t\t\t\t\t\t\t\t\t<div class=\"x11i5rnm xat24cr x1mh8g0r x1vvkbs xtlvy1s\"><div class=\"show-description\"><div class=\"show-description\"><p>Art is a niche to show, to discuss, to confront the illegal. It has the ability to separate it from reality. Thus, under the name of art, the taboo becomes legal. How does contextualisation work? How does the human brain work? How do we use it?<\/p><p>On the altar of art, we are free to do what we cannot always do in life. Therefore, the alibi of art is freedom. At the same time, the fact that the boundaries are so relative also means that one cannot find one's limits. You might as well kill yourself on stage, they're watching. It's all a matter of context, the brain extracts essential elements of reality from the context.<\/p><p>\"We started working with G\u00e1bor on several levels. I'm interested in his own personal past history and his feelings in the present, his relationship to dance. I am interested in the expectations and stereotypical characteristics of the male gender, the male role and character in different life situations and dance styles. Or the use of verbally interpretable content related to the theme - film excerpts, stories, poems, songs.\"<\/p><p>The solo series is a platform for close collaboration between creator and performer. Thanks to the genre of the solo, the portrait of the artist is drawn in the dancer's stage presence and performance, thus the joint work of two creative entities can become a portrait of a particular dancer of the KET.<\/p><p>Adrienn H\u00f3d's main profile is experimental movement, contemporary dance. She has worked as a choreographer in theatre performances, feature films (Son of Saul, Twin Hunters), commercials and fashion shows. Besides her creative work, she regularly teaches improvisation at the Budapest School of Contemporary Dance.<br \/>His work is concerned with the moving human body, highlighted from its cultural context, usually placed in an empty space. In the rehearsal space, she generates sensitive situations that give the dancers the space and confidence to create physicality. Her working method is based on improvisation, which is presented on stage in a rigorously structured form. She is not afraid to work with the unknown.<br \/>Adrienn Beaver was born in 1975. She graduated from the Budapest Dance School (founded by Iv\u00e1n Angelus in 1997) and was an active dancer until 2010. In 1995 she founded the OFF Company, which was followed by HODWORKS in 2007. In the same year, she was awarded a grant by the M\u0171hely Alap\u00edtv\u00e1ny for the \"Research of the Unknown\" programme, and in 2008 she participated in the Hungarian-American art programme Meeting Points. In 2010 she was awarded a grant by the Trust for Mutual Understanding, and in 2011 she was awarded a residency at the Tanzfabrik in Berlin with the support of the Tempus Public Foundation. In 2012, he is a fellow of the Jardin d'Europe project, in 2013 he is a fellow of the Traf\u00f3 House of Contemporary Arts, in autumn 2013 he is a fellow of the Headlands Centre for the Arts in San Francisco, in 2014 he is spending two weeks in Philadelphia with danceUSA\/Philadelphia, with the exchange program of the M\u0171hely Foundation. Basse danse was selected as one of the 20 most outstanding contemporary dance performances of the year in 2012, Pirkad in 2014, and Conditions of Mortality in 2015 by the international network Aerowaves. His work has been nominated for the L\u00e1b\u00e1n Prize seven times, winning it twice, with Basse danse in 2012 and Pirkad in 2014.<\/p><p><a href=\"http:\/\/www.hodworks.hu\/\">www.hodworks.hu<\/a><\/p><p>Supporters: the National Cultural Foundation, Bethlen T\u00e9ri Theatre, S\u00cdN Cultural Centre, New Performing Arts Foundation<\/p><\/div><\/div><\/div>\t\t\t\t\t\t\t\t<\/div>\n\t\t\t\t<\/div>\n\t\t\t\t<div class=\"elementor-element elementor-element-58aee2bf elementor-widget elementor-widget-heading\" data-id=\"58aee2bf\" data-element_type=\"widget\" data-widget_type=\"heading.default\">\n\t\t\t\t<div class=\"elementor-widget-container\">\n\t\t\t\t\t<h2 class=\"elementor-heading-title elementor-size-default\">creators<\/h2>\t\t\t\t<\/div>\n\t\t\t\t<\/div>\n\t\t\t\t<div class=\"elementor-element elementor-element-4c988c3 elementor-widget-divider--view-line elementor-widget elementor-widget-divider\" data-id=\"4c988c3\" data-element_type=\"widget\" data-widget_type=\"divider.default\">\n\t\t\t\t<div class=\"elementor-widget-container\">\n\t\t\t\t\t\t\t<div class=\"elementor-divider\">\n\t\t\t<span class=\"elementor-divider-separator\">\n\t\t\t\t\t\t<\/span>\n\t\t<\/div>\n\t\t\t\t\t\t<\/div>\n\t\t\t\t<\/div>\n\t\t\t\t<div class=\"elementor-element elementor-element-6e20f3c9 elementor-widget elementor-widget-text-editor\" data-id=\"6e20f3c9\" data-element_type=\"widget\" data-widget_type=\"text-editor.default\">\n\t\t\t\t<div class=\"elementor-widget-container\">\n\t\t\t\t\t\t\t\t\t<div class=\"show-actors\"><div id=\"nested-actors\"><div class=\"show-actors\"><div id=\"nested-actors\"><div><h3>Co-creator and performer<\/h3><ul><li>G\u00e1bor Ivanov<\/li><\/ul><\/div><div><h3>Music editor<\/h3><ul><li>L\u00e1szl\u00f3 M\u00e1di<\/li><\/ul><\/div><div><h3>Special thanks to<\/h3><ul><li>Mariann Hargitai<\/li><li>Csaba Moln\u00e1r<\/li><\/ul><\/div><div><h3>Choreographer<\/h3><ul><li>Adrienn Beaver<\/li><\/ul><\/div><\/div><\/div><\/div><\/div>\t\t\t\t\t\t\t\t<\/div>\n\t\t\t\t<\/div>\n\t\t\t\t<div class=\"elementor-element elementor-element-1fb820ae elementor-widget elementor-widget-gallery\" data-id=\"1fb820ae\" data-element_type=\"widget\" data-settings=\"{&quot;columns&quot;:3,&quot;lazyload&quot;:&quot;yes&quot;,&quot;gallery_layout&quot;:&quot;grid&quot;,&quot;columns_tablet&quot;:2,&quot;columns_mobile&quot;:1,&quot;gap&quot;:{&quot;unit&quot;:&quot;px&quot;,&quot;size&quot;:10,&quot;sizes&quot;:[]},&quot;gap_tablet&quot;:{&quot;unit&quot;:&quot;px&quot;,&quot;size&quot;:10,&quot;sizes&quot;:[]},&quot;gap_mobile&quot;:{&quot;unit&quot;:&quot;px&quot;,&quot;size&quot;:10,&quot;sizes&quot;:[]},&quot;link_to&quot;:&quot;file&quot;,&quot;aspect_ratio&quot;:&quot;3:2&quot;,&quot;overlay_background&quot;:&quot;yes&quot;,&quot;content_hover_animation&quot;:&quot;fade-in&quot;}\" data-widget_type=\"gallery.default\">\n\t\t\t\t<div class=\"elementor-widget-container\">\n\t\t\t\t\t\t\t<div class=\"elementor-gallery__container\">\n\t\t\t\t\t\t\t<a class=\"e-gallery-item elementor-gallery-item elementor-animated-content\" href=\"https:\/\/cedthu.rwpstaging.site\/wp-content\/uploads\/2017\/02\/foto_1100.jpg\" data-elementor-open-lightbox=\"yes\" data-elementor-lightbox-slideshow=\"1fb820ae\" data-elementor-lightbox-title=\"foto_1100\" data-elementor-lightbox-description=\"Kenyeres Csilla \/ Csilla Kenyeres \" data-e-action-hash=\"#elementor-action%3Aaction%3Dlightbox%26settings%3DeyJpZCI6MTgxNSwidXJsIjoiaHR0cHM6XC9cL2NlZHRodS5yd3BzdGFnaW5nLnNpdGVcL3dwLWNvbnRlbnRcL3VwbG9hZHNcLzIwMTdcLzAyXC9mb3RvXzExMDAuanBnIiwic2xpZGVzaG93IjoiMWZiODIwYWUifQ%3D%3D\">\n\t\t\t\t\t<div class=\"e-gallery-image elementor-gallery-item__image\" data-thumbnail=\"https:\/\/cedthu.rwpstaging.site\/wp-content\/uploads\/2017\/02\/foto_1100-212x300.jpg\" data-width=\"212\" data-height=\"300\" aria-label=\"\" role=\"img\" ><\/div>\n\t\t\t\t\t\t\t\t\t\t\t<div class=\"elementor-gallery-item__overlay\"><\/div>\n\t\t\t\t\t\t\t\t\t\t\t\t\t\t<\/a>\n\t\t\t\t\t\t\t<a class=\"e-gallery-item elementor-gallery-item elementor-animated-content\" href=\"https:\/\/cedthu.rwpstaging.site\/wp-content\/uploads\/2017\/02\/foto_1101.jpg\" data-elementor-open-lightbox=\"yes\" data-elementor-lightbox-slideshow=\"1fb820ae\" data-elementor-lightbox-title=\"foto_1101\" data-elementor-lightbox-description=\"Kenyeres Csilla \/ Csilla Kenyeres \" data-e-action-hash=\"#elementor-action%3Aaction%3Dlightbox%26settings%3DeyJpZCI6MTgxNiwidXJsIjoiaHR0cHM6XC9cL2NlZHRodS5yd3BzdGFnaW5nLnNpdGVcL3dwLWNvbnRlbnRcL3VwbG9hZHNcLzIwMTdcLzAyXC9mb3RvXzExMDEuanBnIiwic2xpZGVzaG93IjoiMWZiODIwYWUifQ%3D%3D\">\n\t\t\t\t\t<div class=\"e-gallery-image elementor-gallery-item__image\" data-thumbnail=\"https:\/\/cedthu.rwpstaging.site\/wp-content\/uploads\/2017\/02\/foto_1101-300x300.jpg\" data-width=\"300\" data-height=\"300\" aria-label=\"\" role=\"img\" ><\/div>\n\t\t\t\t\t\t\t\t\t\t\t<div class=\"elementor-gallery-item__overlay\"><\/div>\n\t\t\t\t\t\t\t\t\t\t\t\t\t\t<\/a>\n\t\t\t\t\t\t\t<a class=\"e-gallery-item elementor-gallery-item elementor-animated-content\" href=\"https:\/\/cedthu.rwpstaging.site\/wp-content\/uploads\/2017\/02\/foto_1105.jpg\" data-elementor-open-lightbox=\"yes\" data-elementor-lightbox-slideshow=\"1fb820ae\" data-elementor-lightbox-title=\"foto_1105\" data-elementor-lightbox-description=\"Kenyeres Csilla \/ Csilla Kenyeres \" data-e-action-hash=\"#elementor-action%3Aaction%3Dlightbox%26settings%3DeyJpZCI6MTgxNywidXJsIjoiaHR0cHM6XC9cL2NlZHRodS5yd3BzdGFnaW5nLnNpdGVcL3dwLWNvbnRlbnRcL3VwbG9hZHNcLzIwMTdcLzAyXC9mb3RvXzExMDUuanBnIiwic2xpZGVzaG93IjoiMWZiODIwYWUifQ%3D%3D\">\n\t\t\t\t\t<div class=\"e-gallery-image elementor-gallery-item__image\" data-thumbnail=\"https:\/\/cedthu.rwpstaging.site\/wp-content\/uploads\/2017\/02\/foto_1105-208x300.jpg\" data-width=\"208\" data-height=\"300\" aria-label=\"\" role=\"img\" ><\/div>\n\t\t\t\t\t\t\t\t\t\t\t<div class=\"elementor-gallery-item__overlay\"><\/div>\n\t\t\t\t\t\t\t\t\t\t\t\t\t\t<\/a>\n\t\t\t\t\t<\/div>\n\t\t\t\t\t<\/div>\n\t\t\t\t<\/div>\n\t\t\t\t<div class=\"elementor-element elementor-element-62b1e368 elementor-widget elementor-widget-heading\" data-id=\"62b1e368\" data-element_type=\"widget\" data-widget_type=\"heading.default\">\n\t\t\t\t<div class=\"elementor-widget-container\">\n\t\t\t\t\t<h2 class=\"elementor-heading-title elementor-size-default\">Series K-Arcs: Gentlemen<\/h2>\t\t\t\t<\/div>\n\t\t\t\t<\/div>\n\t\t\t\t<div class=\"elementor-element elementor-element-7ef81b3c elementor-widget elementor-widget-video\" data-id=\"7ef81b3c\" data-element_type=\"widget\" data-settings=\"{&quot;youtube_url&quot;:&quot;https:\\\/\\\/youtu.be\\\/58uI-FqT3Hg&quot;,&quot;video_type&quot;:&quot;youtube&quot;,&quot;controls&quot;:&quot;yes&quot;}\" data-widget_type=\"video.default\">\n\t\t\t\t<div class=\"elementor-widget-container\">\n\t\t\t\t\t\t\t<div class=\"elementor-wrapper elementor-open-inline\">\n\t\t\t<div class=\"elementor-video\"><\/div>\t\t<\/div>\n\t\t\t\t\t\t<\/div>\n\t\t\t\t<\/div>\n\t\t\t\t<div class=\"elementor-element elementor-element-2504cb78 elementor-widget elementor-widget-heading\" data-id=\"2504cb78\" data-element_type=\"widget\" data-widget_type=\"heading.default\">\n\t\t\t\t<div class=\"elementor-widget-container\">\n\t\t\t\t\t<h2 class=\"elementor-heading-title elementor-size-default\">Related Press Releases<\/h2>\t\t\t\t<\/div>\n\t\t\t\t<\/div>\n\t\t\t\t<div class=\"elementor-element elementor-element-11d7edf8 elementor-widget-divider--view-line elementor-widget elementor-widget-divider\" data-id=\"11d7edf8\" data-element_type=\"widget\" data-widget_type=\"divider.default\">\n\t\t\t\t<div class=\"elementor-widget-container\">\n\t\t\t\t\t\t\t<div class=\"elementor-divider\">\n\t\t\t<span class=\"elementor-divider-separator\">\n\t\t\t\t\t\t<\/span>\n\t\t<\/div>\n\t\t\t\t\t\t<\/div>\n\t\t\t\t<\/div>\n\t\t\t\t<div class=\"elementor-element elementor-element-4f28be5 elementor-widget elementor-widget-toggle\" data-id=\"4f28be5\" data-element_type=\"widget\" data-widget_type=\"toggle.default\">\n\t\t\t\t<div class=\"elementor-widget-container\">\n\t\t\t\t\t\t\t<div class=\"elementor-toggle\">\n\t\t\t\t\t\t\t<div class=\"elementor-toggle-item\">\n\t\t\t\t\t<div id=\"elementor-tab-title-8301\" class=\"elementor-tab-title\" data-tab=\"1\" role=\"button\" aria-controls=\"elementor-tab-content-8301\" aria-expanded=\"false\">\n\t\t\t\t\t\t\t\t\t\t\t\t<span class=\"elementor-toggle-icon elementor-toggle-icon-left\" aria-hidden=\"true\">\n\t\t\t\t\t\t\t\t\t\t\t\t\t\t\t<i class=\"elementor-toggle-icon-closed fa fa-caret-right\"><\/i>\n\t\t\t\t\t\t\t\t<i class=\"elementor-toggle-icon-opened fa fa-caret-up\"><\/i>\n\t\t\t\t\t\t\t\t\t\t\t\t\t<\/span>\n\t\t\t\t\t\t\t\t\t\t\t\t<a class=\"elementor-toggle-title\" tabindex=\"0\">View Rider<\/a>\n\t\t\t\t\t<\/div>\n\n\t\t\t\t\t<div id=\"elementor-tab-content-8301\" class=\"elementor-tab-content elementor-clearfix\" data-tab=\"1\" role=\"region\" aria-labelledby=\"elementor-tab-title-8301\"><p><strong>Stage:\u00a0\u00a0\u00a0\u00a0\u00a0\u00a0\u00a0\u00a0\u00a0\u00a0\u00a0\u00a0\u00a0\u00a0\u00a0\u00a0\u00a0\u00a0\u00a0\u00a0 \u00a0\u00a0\u00a0\u00a0\u00a0\u00a0\u00a0\u00a0\u00a0\u00a0\u00a0\u00a0<\/strong>10m x 10m (w x h)<\/p><p>black ballet carpet, black background<\/p><p>black coverts<\/p><p><strong>Light:\u00a0\u00a0\u00a0\u00a0\u00a0\u00a0\u00a0\u00a0\u00a0\u00a0\u00a0\u00a0\u00a0\u00a0\u00a0\u00a0\u00a0\u00a0\u00a0\u00a0\u00a0\u00a0\u00a0\u00a0\u00a0 \u00a0\u00a0\u00a0\u00a0\u00a0\u00a0\u00a0\u00a0\u00a0\u00a0\u00a0\u00a0<\/strong>8 profile lamps (ETC 25-50\u00b0 750W),<\/p><p>16 pcs 1 KW Pc + baffle<\/p><p>4 Fresner + baffle<\/p><p>1 PAR64 CP62<\/p><p>1 small foot<\/p><p>fog machine<\/p><p>Compulite Spark lightbox<\/p><p><strong>Hang: \u00a0\u00a0\u00a0\u00a0\u00a0\u00a0\u00a0\u00a0\u00a0\u00a0\u00a0\u00a0\u00a0\u00a0\u00a0\u00a0\u00a0\u00a0\u00a0\u00a0\u00a0\u00a0\u00a0 \u00a0\u00a0\u00a0\u00a0\u00a0\u00a0\u00a0\u00a0\u00a0\u00a0\u00a0\u00a0<\/strong>1 CD player<\/p><p>1 mixing console<\/p><p>Front, monitor speakers<\/p><p><strong>Number of passengers:\u00a0\u00a0\u00a0\u00a0\u00a0\u00a0\u00a0\u00a0\u00a0\u00a0\u00a0 \u00a0\u00a0\u00a0\u00a0\u00a0\u00a0\u00a0\u00a0\u00a0\u00a0\u00a0\u00a0<\/strong>1 male dancer<\/p><p>2 technicians<\/p><p>1 assistant<\/p><p>1 choreographer<\/p><p><strong>Local demand:\u00a0\u00a0\u00a0<\/strong>\u00a0\u00a0\u00a0\u00a0\u00a0\u00a0\u00a0\u00a0\u00a0\u00a0\u00a0 \u00a0\u00a0\u00a0\u00a0\u00a0\u00a0\u00a0\u00a0\u00a0\u00a0\u00a0 2 illuminators<\/p><p>1 set of speakers<\/p><p><strong>Other: the performance includes live animals, small dogs and fake blood<\/strong><\/p><p><strong>Stage construction:\u00a0\u00a0\u00a0\u00a0\u00a0\u00a0\u00a0\u00a0\u00a0\u00a0\u00a0<\/strong>\u00a0\u00a0\u00a0\u00a0\u00a0\u00a0\u00a0\u00a0\u00a0\u00a0\u00a0 5 hours<\/p><p><strong>Stage resolution:\u00a0\u00a0\u00a0\u00a0\u00a0\u00a0\u00a0\u00a0\u00a0\u00a0\u00a0\u00a0\u00a0\u00a0\u00a0\u00a0\u00a0\u00a0\u00a0\u00a0\u00a0<\/strong>1 hour<\/p><p><strong>Duration of the presentation:\u00a0\u00a0\u00a0\u00a0\u00a0\u00a0\u00a0\u00a0<\/strong>45 min<\/p><\/div>\n\t\t\t\t<\/div>\n\t\t\t\t\t\t\t\t<\/div>\n\t\t\t\t\t\t<\/div>\n\t\t\t\t<\/div>\n\t\t\t\t\t<\/div>\n\t\t<\/div>\n\t\t\t\t\t<\/div>\n\t\t<\/section>\n\t\t\t\t<\/div>","protected":false},"excerpt":{"rendered":"<p>A m\u0171v\u00e9szet r\u00e9s arra, hogy illeg\u00e1lis dolgokat megmutassunk, megt\u00e1rgyaljunk, hogy szemben\u00e9zz\u00fcnk vele. K\u00e9pes elemelni a val\u00f3s\u00e1gt\u00f3l. \u00cdgy a m\u0171v\u00e9szet neve alatt leg\u00e1liss\u00e1 v\u00e1lik a tabu. Hogyan m\u0171k\u00f6dik a kontextus-teremt\u00e9s? Hogyan m\u0171k\u00f6dik az emberi agy? Hogyan haszn\u00e1ljuk ezt a lehet\u0151s\u00e9get? A m\u0171v\u00e9szet olt\u00e1r\u00e1n szabad, amit az \u00e9letben nem minden esetben tehet\u00fcnk meg. Ez\u00e9rt a m\u0171v\u00e9szet alibij\u00e9ben [&hellip;]<\/p>","protected":false},"author":1,"featured_media":0,"parent":0,"menu_order":0,"comment_status":"closed","ping_status":"closed","template":"elementor_header_footer","meta":{"footnotes":""},"class_list":["post-18065","page","type-page","status-publish","hentry"],"yoast_head":"<!-- This site is optimized with the Yoast SEO plugin v26.0 - https:\/\/yoast.com\/wordpress\/plugins\/seo\/ -->\n<title>Uraim - KET<\/title>\n<meta name=\"robots\" content=\"index, follow, max-snippet:-1, max-image-preview:large, max-video-preview:-1\" \/>\n<link rel=\"canonical\" href=\"https:\/\/cedthu.rwpstaging.site\/en\/uraim\/\" \/>\n<meta name=\"twitter:card\" content=\"summary_large_image\" \/>\n<meta name=\"twitter:title\" content=\"Uraim - KET\" \/>\n<meta name=\"twitter:description\" content=\"A m\u0171v\u00e9szet r\u00e9s arra, hogy illeg\u00e1lis dolgokat megmutassunk, megt\u00e1rgyaljunk, hogy szemben\u00e9zz\u00fcnk vele. K\u00e9pes elemelni a val\u00f3s\u00e1gt\u00f3l. \u00cdgy a m\u0171v\u00e9szet neve alatt leg\u00e1liss\u00e1 v\u00e1lik a tabu. Hogyan m\u0171k\u00f6dik a kontextus-teremt\u00e9s? Hogyan m\u0171k\u00f6dik az emberi agy? Hogyan haszn\u00e1ljuk ezt a lehet\u0151s\u00e9get? A m\u0171v\u00e9szet olt\u00e1r\u00e1n szabad, amit az \u00e9letben nem minden esetben tehet\u00fcnk meg. Ez\u00e9rt a m\u0171v\u00e9szet alibij\u00e9ben [&hellip;]\" \/>\n<meta name=\"twitter:image\" content=\"https:\/\/cedthu.rwpstaging.site\/wp-content\/uploads\/2017\/02\/foto_1115.jpg\" \/>\n<meta name=\"twitter:label1\" content=\"Est. reading time\" \/>\n\t<meta name=\"twitter:data1\" content=\"4 minutes\" \/>\n<script type=\"application\/ld+json\" class=\"yoast-schema-graph\">{\"@context\":\"https:\/\/schema.org\",\"@graph\":[{\"@type\":\"WebPage\",\"@id\":\"https:\/\/cedthu.rwpstaging.site\/uraim\/\",\"url\":\"https:\/\/cedthu.rwpstaging.site\/uraim\/\",\"name\":\"Uraim - KET\",\"isPartOf\":{\"@id\":\"https:\/\/cedthu.rwpstaging.site\/#website\"},\"primaryImageOfPage\":{\"@id\":\"https:\/\/cedthu.rwpstaging.site\/uraim\/#primaryimage\"},\"image\":{\"@id\":\"https:\/\/cedthu.rwpstaging.site\/uraim\/#primaryimage\"},\"thumbnailUrl\":\"https:\/\/cedthu.rwpstaging.site\/wp-content\/uploads\/2017\/02\/foto_1115.jpg\",\"datePublished\":\"2025-05-15T14:07:30+00:00\",\"dateModified\":\"2025-05-15T14:10:00+00:00\",\"breadcrumb\":{\"@id\":\"https:\/\/cedthu.rwpstaging.site\/uraim\/#breadcrumb\"},\"inLanguage\":\"en-US\",\"potentialAction\":[{\"@type\":\"ReadAction\",\"target\":[\"https:\/\/cedthu.rwpstaging.site\/uraim\/\"]}]},{\"@type\":\"ImageObject\",\"inLanguage\":\"en-US\",\"@id\":\"https:\/\/cedthu.rwpstaging.site\/uraim\/#primaryimage\",\"url\":\"https:\/\/cedthu.rwpstaging.site\/wp-content\/uploads\/2017\/02\/foto_1115.jpg\",\"contentUrl\":\"https:\/\/cedthu.rwpstaging.site\/wp-content\/uploads\/2017\/02\/foto_1115.jpg\"},{\"@type\":\"BreadcrumbList\",\"@id\":\"https:\/\/cedthu.rwpstaging.site\/uraim\/#breadcrumb\",\"itemListElement\":[{\"@type\":\"ListItem\",\"position\":1,\"name\":\"Home\",\"item\":\"https:\/\/cedthu.rwpstaging.site\/\"},{\"@type\":\"ListItem\",\"position\":2,\"name\":\"Uraim\"}]},{\"@type\":\"WebSite\",\"@id\":\"https:\/\/cedthu.rwpstaging.site\/#website\",\"url\":\"https:\/\/cedthu.rwpstaging.site\/\",\"name\":\"KET\",\"description\":\"K\u00f6z\u00e9p-Eur\u00f3pa T\u00e1ncsz\u00ednh\u00e1z\",\"publisher\":{\"@id\":\"https:\/\/cedthu.rwpstaging.site\/#organization\"},\"potentialAction\":[{\"@type\":\"SearchAction\",\"target\":{\"@type\":\"EntryPoint\",\"urlTemplate\":\"https:\/\/cedthu.rwpstaging.site\/?s={search_term_string}\"},\"query-input\":{\"@type\":\"PropertyValueSpecification\",\"valueRequired\":true,\"valueName\":\"search_term_string\"}}],\"inLanguage\":\"en-US\"},{\"@type\":\"Organization\",\"@id\":\"https:\/\/cedthu.rwpstaging.site\/#organization\",\"name\":\"KET\",\"url\":\"https:\/\/cedthu.rwpstaging.site\/\",\"logo\":{\"@type\":\"ImageObject\",\"inLanguage\":\"en-US\",\"@id\":\"https:\/\/cedthu.rwpstaging.site\/#\/schema\/logo\/image\/\",\"url\":\"https:\/\/cedthu.rwpstaging.site\/wp-content\/uploads\/2024\/03\/cropped-KET-NYomda-logo2.png\",\"contentUrl\":\"https:\/\/cedthu.rwpstaging.site\/wp-content\/uploads\/2024\/03\/cropped-KET-NYomda-logo2.png\",\"width\":300,\"height\":326,\"caption\":\"KET\"},\"image\":{\"@id\":\"https:\/\/cedthu.rwpstaging.site\/#\/schema\/logo\/image\/\"}}]}<\/script>\n<!-- \/ Yoast SEO plugin. -->","yoast_head_json":{"title":"Uraim - KET","robots":{"index":"index","follow":"follow","max-snippet":"max-snippet:-1","max-image-preview":"max-image-preview:large","max-video-preview":"max-video-preview:-1"},"canonical":"https:\/\/cedthu.rwpstaging.site\/en\/uraim\/","twitter_card":"summary_large_image","twitter_title":"Uraim - KET","twitter_description":"A m\u0171v\u00e9szet r\u00e9s arra, hogy illeg\u00e1lis dolgokat megmutassunk, megt\u00e1rgyaljunk, hogy szemben\u00e9zz\u00fcnk vele. K\u00e9pes elemelni a val\u00f3s\u00e1gt\u00f3l. \u00cdgy a m\u0171v\u00e9szet neve alatt leg\u00e1liss\u00e1 v\u00e1lik a tabu. Hogyan m\u0171k\u00f6dik a kontextus-teremt\u00e9s? Hogyan m\u0171k\u00f6dik az emberi agy? Hogyan haszn\u00e1ljuk ezt a lehet\u0151s\u00e9get? A m\u0171v\u00e9szet olt\u00e1r\u00e1n szabad, amit az \u00e9letben nem minden esetben tehet\u00fcnk meg. Ez\u00e9rt a m\u0171v\u00e9szet alibij\u00e9ben [&hellip;]","twitter_image":"https:\/\/cedthu.rwpstaging.site\/wp-content\/uploads\/2017\/02\/foto_1115.jpg","twitter_misc":{"Est. reading time":"4 minutes"},"schema":{"@context":"https:\/\/schema.org","@graph":[{"@type":"WebPage","@id":"https:\/\/cedthu.rwpstaging.site\/uraim\/","url":"https:\/\/cedthu.rwpstaging.site\/uraim\/","name":"Uraim - KET","isPartOf":{"@id":"https:\/\/cedthu.rwpstaging.site\/#website"},"primaryImageOfPage":{"@id":"https:\/\/cedthu.rwpstaging.site\/uraim\/#primaryimage"},"image":{"@id":"https:\/\/cedthu.rwpstaging.site\/uraim\/#primaryimage"},"thumbnailUrl":"https:\/\/cedthu.rwpstaging.site\/wp-content\/uploads\/2017\/02\/foto_1115.jpg","datePublished":"2025-05-15T14:07:30+00:00","dateModified":"2025-05-15T14:10:00+00:00","breadcrumb":{"@id":"https:\/\/cedthu.rwpstaging.site\/uraim\/#breadcrumb"},"inLanguage":"en-US","potentialAction":[{"@type":"ReadAction","target":["https:\/\/cedthu.rwpstaging.site\/uraim\/"]}]},{"@type":"ImageObject","inLanguage":"en-US","@id":"https:\/\/cedthu.rwpstaging.site\/uraim\/#primaryimage","url":"https:\/\/cedthu.rwpstaging.site\/wp-content\/uploads\/2017\/02\/foto_1115.jpg","contentUrl":"https:\/\/cedthu.rwpstaging.site\/wp-content\/uploads\/2017\/02\/foto_1115.jpg"},{"@type":"BreadcrumbList","@id":"https:\/\/cedthu.rwpstaging.site\/uraim\/#breadcrumb","itemListElement":[{"@type":"ListItem","position":1,"name":"Home","item":"https:\/\/cedthu.rwpstaging.site\/"},{"@type":"ListItem","position":2,"name":"Uraim"}]},{"@type":"WebSite","@id":"https:\/\/cedthu.rwpstaging.site\/#website","url":"https:\/\/cedthu.rwpstaging.site\/","name":"KET","description":"Central Europe Dance Theatre","publisher":{"@id":"https:\/\/cedthu.rwpstaging.site\/#organization"},"potentialAction":[{"@type":"SearchAction","target":{"@type":"EntryPoint","urlTemplate":"https:\/\/cedthu.rwpstaging.site\/?s={search_term_string}"},"query-input":{"@type":"PropertyValueSpecification","valueRequired":true,"valueName":"search_term_string"}}],"inLanguage":"en-US"},{"@type":"Organization","@id":"https:\/\/cedthu.rwpstaging.site\/#organization","name":"KET","url":"https:\/\/cedthu.rwpstaging.site\/","logo":{"@type":"ImageObject","inLanguage":"en-US","@id":"https:\/\/cedthu.rwpstaging.site\/#\/schema\/logo\/image\/","url":"https:\/\/cedthu.rwpstaging.site\/wp-content\/uploads\/2024\/03\/cropped-KET-NYomda-logo2.png","contentUrl":"https:\/\/cedthu.rwpstaging.site\/wp-content\/uploads\/2024\/03\/cropped-KET-NYomda-logo2.png","width":300,"height":326,"caption":"KET"},"image":{"@id":"https:\/\/cedthu.rwpstaging.site\/#\/schema\/logo\/image\/"}}]}},"_links":{"self":[{"href":"https:\/\/cedthu.rwpstaging.site\/en\/wp-json\/wp\/v2\/pages\/18065","targetHints":{"allow":["GET"]}}],"collection":[{"href":"https:\/\/cedthu.rwpstaging.site\/en\/wp-json\/wp\/v2\/pages"}],"about":[{"href":"https:\/\/cedthu.rwpstaging.site\/en\/wp-json\/wp\/v2\/types\/page"}],"author":[{"embeddable":true,"href":"https:\/\/cedthu.rwpstaging.site\/en\/wp-json\/wp\/v2\/users\/1"}],"replies":[{"embeddable":true,"href":"https:\/\/cedthu.rwpstaging.site\/en\/wp-json\/wp\/v2\/comments?post=18065"}],"version-history":[{"count":5,"href":"https:\/\/cedthu.rwpstaging.site\/en\/wp-json\/wp\/v2\/pages\/18065\/revisions"}],"predecessor-version":[{"id":18091,"href":"https:\/\/cedthu.rwpstaging.site\/en\/wp-json\/wp\/v2\/pages\/18065\/revisions\/18091"}],"wp:attachment":[{"href":"https:\/\/cedthu.rwpstaging.site\/en\/wp-json\/wp\/v2\/media?parent=18065"}],"curies":[{"name":"wp","href":"https:\/\/api.w.org\/{rel}","templated":true}]}}