{"id":18368,"date":"2025-05-15T16:53:03","date_gmt":"2025-05-15T16:53:03","guid":{"rendered":"https:\/\/cedthu.rwpstaging.site\/?page_id=18368"},"modified":"2025-05-15T16:54:51","modified_gmt":"2025-05-15T16:54:51","slug":"xx-ikf-tehetsegprogram-nagy-csilla","status":"publish","type":"page","link":"https:\/\/cedthu.rwpstaging.site\/en\/xx-ikf-tehetsegprogram-nagy-csilla\/","title":{"rendered":"XX IKF+ Talent Programme - Csilla Nagy"},"content":{"rendered":"<div data-elementor-type=\"wp-page\" data-elementor-id=\"18368\" class=\"elementor elementor-18368\" data-elementor-post-type=\"page\">\n\t\t\t\t\t\t<section class=\"elementor-section elementor-top-section elementor-element elementor-element-468ad826 elementor-section-boxed elementor-section-height-default elementor-section-height-default\" data-id=\"468ad826\" data-element_type=\"section\" data-settings=\"{&quot;background_background&quot;:&quot;classic&quot;}\">\n\t\t\t\t\t\t<div class=\"elementor-container elementor-column-gap-default\">\n\t\t\t\t\t<div class=\"elementor-column elementor-col-100 elementor-top-column elementor-element elementor-element-c5c8fbc\" data-id=\"c5c8fbc\" data-element_type=\"column\">\n\t\t\t<div class=\"elementor-widget-wrap elementor-element-populated\">\n\t\t\t\t\t\t<div class=\"elementor-element elementor-element-1e346796 elementor-widget elementor-widget-image\" data-id=\"1e346796\" data-element_type=\"widget\" data-widget_type=\"image.default\">\n\t\t\t\t<div class=\"elementor-widget-container\">\n\t\t\t\t\t\t\t\t\t\t\t\t\t\t\t<img fetchpriority=\"high\" decoding=\"async\" width=\"1414\" height=\"1414\" src=\"https:\/\/cedthu.rwpstaging.site\/wp-content\/uploads\/2021\/01\/t\u00f3th-m\u00e1ty\u00e1s-NCSff.jpg\" class=\"attachment-full size-full wp-image-7416\" alt=\"\" srcset=\"https:\/\/cedthu.rwpstaging.site\/wp-content\/uploads\/2021\/01\/t\u00f3th-m\u00e1ty\u00e1s-NCSff.jpg 1414w, https:\/\/cedthu.rwpstaging.site\/wp-content\/uploads\/2021\/01\/t\u00f3th-m\u00e1ty\u00e1s-NCSff-300x300.jpg 300w, https:\/\/cedthu.rwpstaging.site\/wp-content\/uploads\/2021\/01\/t\u00f3th-m\u00e1ty\u00e1s-NCSff-1024x1024.jpg 1024w, https:\/\/cedthu.rwpstaging.site\/wp-content\/uploads\/2021\/01\/t\u00f3th-m\u00e1ty\u00e1s-NCSff-150x150.jpg 150w, https:\/\/cedthu.rwpstaging.site\/wp-content\/uploads\/2021\/01\/t\u00f3th-m\u00e1ty\u00e1s-NCSff-768x768.jpg 768w, https:\/\/cedthu.rwpstaging.site\/wp-content\/uploads\/2021\/01\/t\u00f3th-m\u00e1ty\u00e1s-NCSff-400x400.jpg 400w, https:\/\/cedthu.rwpstaging.site\/wp-content\/uploads\/2021\/01\/t\u00f3th-m\u00e1ty\u00e1s-NCSff-20x20.jpg 20w\" sizes=\"(max-width: 1414px) 100vw, 1414px\" \/>\t\t\t\t\t\t\t\t\t\t\t\t\t\t\t<\/div>\n\t\t\t\t<\/div>\n\t\t\t\t<div class=\"elementor-element elementor-element-49b1e0d6 elementor-widget elementor-widget-text-editor\" data-id=\"49b1e0d6\" data-element_type=\"widget\" data-widget_type=\"text-editor.default\">\n\t\t\t\t<div class=\"elementor-widget-container\">\n\t\t\t\t\t\t\t\t\t<div class=\"x11i5rnm xat24cr x1mh8g0r x1vvkbs xtlvy1s\"><div class=\"show-description\"><p>Amoeba 02 - the ever-changing Unity<\/p><p>\u00a0<\/p><p>I am constantly shaping the space around me with my movements, and in the process, the inner spaces within me are also evolving. Change is constant. But how does a group of people invited into a shared space form a community? How does a common movement develop, how does a common space develop? Is it enough to have many people in one space at the same time or is something more needed? Can there be a flow that is collectively called into being by all, where decisions are clear, alive, honest and serve the needs of both the individual and the community? And if there is such a flow, in which only certainty and agreement exist, how can it be reproduced again and again? What is the recipe?<\/p><p>The performance attempts to harmonise communal and individual choices by mapping natural phenomena through the interaction of dancing bodies, all accompanied by live music by Csan\u00e1d Szesztay.<\/p><p>\u00a0<\/p><p>Csilla Nagy is a dance artist, choreographer and dance teacher, who studied at the Hungarian Dance Academy and CODARTS Academy in Rotterdam.She has been working with the Artus-Goda G\u00e1bor Company since 2008 and has been realizing her own artistic projects with Cipolla Collective since 2012.<\/p><p>\"As an artist, from the beginning I was interested in abstracting and universalising the personal stories of the individual; and in incorporating the personal experiences of the partners involved into the collective production. In the layers of our personality, like the skin of an onion, there are parts that are more likeable and parts that are harder to accept, but it is the combination of these that makes up our being. The aim is to reconcile these disparate parts, to embrace vulnerability, to accept frailty and to explore how to transcend it. Irony is important to me, and more importantly, humour: taking ourselves only as seriously as is absolutely necessary.\" - Csilla Nagy<\/p><p>\u00a0<\/p><\/div><\/div>\t\t\t\t\t\t\t\t<\/div>\n\t\t\t\t<\/div>\n\t\t\t\t<div class=\"elementor-element elementor-element-4f091fb1 elementor-widget elementor-widget-heading\" data-id=\"4f091fb1\" data-element_type=\"widget\" data-widget_type=\"heading.default\">\n\t\t\t\t<div class=\"elementor-widget-container\">\n\t\t\t\t\t<h2 class=\"elementor-heading-title elementor-size-default\">creators<\/h2>\t\t\t\t<\/div>\n\t\t\t\t<\/div>\n\t\t\t\t<div class=\"elementor-element elementor-element-3772346 elementor-widget-divider--view-line elementor-widget elementor-widget-divider\" data-id=\"3772346\" data-element_type=\"widget\" data-widget_type=\"divider.default\">\n\t\t\t\t<div class=\"elementor-widget-container\">\n\t\t\t\t\t\t\t<div class=\"elementor-divider\">\n\t\t\t<span class=\"elementor-divider-separator\">\n\t\t\t\t\t\t<\/span>\n\t\t<\/div>\n\t\t\t\t\t\t<\/div>\n\t\t\t\t<\/div>\n\t\t\t\t<div class=\"elementor-element elementor-element-47b8341f elementor-widget elementor-widget-text-editor\" data-id=\"47b8341f\" data-element_type=\"widget\" data-widget_type=\"text-editor.default\">\n\t\t\t\t<div class=\"elementor-widget-container\">\n\t\t\t\t\t\t\t\t\t<div class=\"show-actors\"><div id=\"nested-actors\"><div class=\"show-actors\"><div id=\"nested-actors\"><div><h3>Presenters<\/h3><ul><li>Kriszti\u00e1n Barna<\/li><li>Lili\u00e1na Bozs\u00e1nyi<\/li><li>D\u00e1vid Dab\u00f3czi<\/li><li>R\u00e9ka Gyevn\u00e1r<\/li><li>Adrienn Horv\u00e1th<\/li><li>Ren\u00e1ta Jo\u00f3<\/li><li>L\u00e1szl\u00f3 M\u00e1di<\/li><li>Kriszti\u00e1n Ungi<\/li><\/ul><\/div><div><h3>Light<\/h3><ul><li>Zolt\u00e1n Fogarasi<\/li><\/ul><\/div><div><h3>Music<\/h3><ul><li>Csan\u00e1d Szesztay<\/li><\/ul><\/div><div><h3>Dramaturg<\/h3><ul><li>Annam\u00e1ria S\u00e1ndor<\/li><\/ul><\/div><div><h3>Choreographer<\/h3><ul><li>Csilla Nagy<\/li><\/ul><\/div><div><h3>Portrait<\/h3><ul><li>M\u00e1ty\u00e1s T\u00f3th<\/li><\/ul><\/div><\/div><\/div><\/div><\/div>\t\t\t\t\t\t\t\t<\/div>\n\t\t\t\t<\/div>\n\t\t\t\t<div class=\"elementor-element elementor-element-553c9ebc elementor-widget elementor-widget-gallery\" data-id=\"553c9ebc\" data-element_type=\"widget\" data-settings=\"{&quot;columns&quot;:3,&quot;lazyload&quot;:&quot;yes&quot;,&quot;gallery_layout&quot;:&quot;grid&quot;,&quot;columns_tablet&quot;:2,&quot;columns_mobile&quot;:1,&quot;gap&quot;:{&quot;unit&quot;:&quot;px&quot;,&quot;size&quot;:10,&quot;sizes&quot;:[]},&quot;gap_tablet&quot;:{&quot;unit&quot;:&quot;px&quot;,&quot;size&quot;:10,&quot;sizes&quot;:[]},&quot;gap_mobile&quot;:{&quot;unit&quot;:&quot;px&quot;,&quot;size&quot;:10,&quot;sizes&quot;:[]},&quot;link_to&quot;:&quot;file&quot;,&quot;aspect_ratio&quot;:&quot;3:2&quot;,&quot;overlay_background&quot;:&quot;yes&quot;,&quot;content_hover_animation&quot;:&quot;fade-in&quot;}\" data-widget_type=\"gallery.default\">\n\t\t\t\t<div class=\"elementor-widget-container\">\n\t\t\t\t\t\t\t<div class=\"elementor-gallery__container\">\n\t\t\t\t\t\t\t<a class=\"e-gallery-item elementor-gallery-item elementor-animated-content\" href=\"https:\/\/cedthu.rwpstaging.site\/wp-content\/uploads\/2021\/01\/N_CS_020.jpg\" data-elementor-open-lightbox=\"yes\" data-elementor-lightbox-slideshow=\"553c9ebc\" data-elementor-lightbox-title=\"N_CS_020\" data-e-action-hash=\"#elementor-action%3Aaction%3Dlightbox%26settings%3DeyJpZCI6NzM5NSwidXJsIjoiaHR0cHM6XC9cL2NlZHRodS5yd3BzdGFnaW5nLnNpdGVcL3dwLWNvbnRlbnRcL3VwbG9hZHNcLzIwMjFcLzAxXC9OX0NTXzAyMC5qcGciLCJzbGlkZXNob3ciOiI1NTNjOWViYyJ9\">\n\t\t\t\t\t<div class=\"e-gallery-image elementor-gallery-item__image\" data-thumbnail=\"https:\/\/cedthu.rwpstaging.site\/wp-content\/uploads\/2021\/01\/N_CS_020-300x200.jpg\" data-width=\"300\" data-height=\"200\" aria-label=\"\" role=\"img\" ><\/div>\n\t\t\t\t\t\t\t\t\t\t\t<div class=\"elementor-gallery-item__overlay\"><\/div>\n\t\t\t\t\t\t\t\t\t\t\t\t\t\t<\/a>\n\t\t\t\t\t\t\t<a class=\"e-gallery-item elementor-gallery-item elementor-animated-content\" href=\"https:\/\/cedthu.rwpstaging.site\/wp-content\/uploads\/2021\/01\/N_CS_059.jpg\" data-elementor-open-lightbox=\"yes\" data-elementor-lightbox-slideshow=\"553c9ebc\" data-elementor-lightbox-title=\"N_CS_059\" data-e-action-hash=\"#elementor-action%3Aaction%3Dlightbox%26settings%3DeyJpZCI6NzM5NywidXJsIjoiaHR0cHM6XC9cL2NlZHRodS5yd3BzdGFnaW5nLnNpdGVcL3dwLWNvbnRlbnRcL3VwbG9hZHNcLzIwMjFcLzAxXC9OX0NTXzA1OS5qcGciLCJzbGlkZXNob3ciOiI1NTNjOWViYyJ9\">\n\t\t\t\t\t<div class=\"e-gallery-image elementor-gallery-item__image\" data-thumbnail=\"https:\/\/cedthu.rwpstaging.site\/wp-content\/uploads\/2021\/01\/N_CS_059-300x200.jpg\" data-width=\"300\" data-height=\"200\" aria-label=\"\" role=\"img\" ><\/div>\n\t\t\t\t\t\t\t\t\t\t\t<div class=\"elementor-gallery-item__overlay\"><\/div>\n\t\t\t\t\t\t\t\t\t\t\t\t\t\t<\/a>\n\t\t\t\t\t\t\t<a class=\"e-gallery-item elementor-gallery-item elementor-animated-content\" href=\"https:\/\/cedthu.rwpstaging.site\/wp-content\/uploads\/2021\/01\/N_CS_064.jpg\" data-elementor-open-lightbox=\"yes\" data-elementor-lightbox-slideshow=\"553c9ebc\" data-elementor-lightbox-title=\"N_CS_064\" data-e-action-hash=\"#elementor-action%3Aaction%3Dlightbox%26settings%3DeyJpZCI6NzM5OSwidXJsIjoiaHR0cHM6XC9cL2NlZHRodS5yd3BzdGFnaW5nLnNpdGVcL3dwLWNvbnRlbnRcL3VwbG9hZHNcLzIwMjFcLzAxXC9OX0NTXzA2NC5qcGciLCJzbGlkZXNob3ciOiI1NTNjOWViYyJ9\">\n\t\t\t\t\t<div class=\"e-gallery-image elementor-gallery-item__image\" data-thumbnail=\"https:\/\/cedthu.rwpstaging.site\/wp-content\/uploads\/2021\/01\/N_CS_064-300x200.jpg\" data-width=\"300\" data-height=\"200\" aria-label=\"\" role=\"img\" ><\/div>\n\t\t\t\t\t\t\t\t\t\t\t<div class=\"elementor-gallery-item__overlay\"><\/div>\n\t\t\t\t\t\t\t\t\t\t\t\t\t\t<\/a>\n\t\t\t\t\t<\/div>\n\t\t\t\t\t<\/div>\n\t\t\t\t<\/div>\n\t\t\t\t\t<\/div>\n\t\t<\/div>\n\t\t\t\t\t<\/div>\n\t\t<\/section>\n\t\t\t\t<\/div>","protected":false},"excerpt":{"rendered":"<p>Am\u0151ba 02. \u2013 az \u00f6r\u00f6kk\u00e9 v\u00e1ltoz\u00f3 Egys\u00e9g \u00a0 Mozg\u00e1sommal folyamatosan alak\u00edtom a k\u00f6r\u00fcl\u00f6ttem l\u00e9v\u0151 teret, s mindek\u00f6zben a bennem l\u00e9v\u0151 bels\u0151 terek is alakulnak. Folyamatos a v\u00e1ltoz\u00e1s. Egy k\u00f6z\u00f6s t\u00e9rbe megh\u00edvott emberek csoportj\u00e1b\u00f3l azonban hogyan form\u00e1l\u00f3dik k\u00f6z\u00f6ss\u00e9g? Hogyan alakul ki a k\u00f6z\u00f6s mozg\u00e1s, hogyan alakul ki a k\u00f6z\u00f6s t\u00e9r? El\u00e9g, hogy egyszerre egy t\u00e9rben vannak [&hellip;]<\/p>","protected":false},"author":1,"featured_media":0,"parent":0,"menu_order":0,"comment_status":"closed","ping_status":"closed","template":"elementor_header_footer","meta":{"footnotes":""},"class_list":["post-18368","page","type-page","status-publish","hentry"],"yoast_head":"<!-- This site is optimized with the Yoast SEO plugin v26.0 - https:\/\/yoast.com\/wordpress\/plugins\/seo\/ -->\n<title>XX. IKF+ Tehets\u00e9gprogram \u2013 Nagy Csilla - KET<\/title>\n<meta name=\"robots\" content=\"index, follow, max-snippet:-1, max-image-preview:large, max-video-preview:-1\" \/>\n<link rel=\"canonical\" href=\"https:\/\/cedthu.rwpstaging.site\/en\/xx-ikf-tehetsegprogram-nagy-csilla\/\" \/>\n<meta name=\"twitter:card\" content=\"summary_large_image\" \/>\n<meta name=\"twitter:title\" content=\"XX. IKF+ Tehets\u00e9gprogram \u2013 Nagy Csilla - KET\" \/>\n<meta name=\"twitter:description\" content=\"Am\u0151ba 02. \u2013 az \u00f6r\u00f6kk\u00e9 v\u00e1ltoz\u00f3 Egys\u00e9g \u00a0 Mozg\u00e1sommal folyamatosan alak\u00edtom a k\u00f6r\u00fcl\u00f6ttem l\u00e9v\u0151 teret, s mindek\u00f6zben a bennem l\u00e9v\u0151 bels\u0151 terek is alakulnak. Folyamatos a v\u00e1ltoz\u00e1s. Egy k\u00f6z\u00f6s t\u00e9rbe megh\u00edvott emberek csoportj\u00e1b\u00f3l azonban hogyan form\u00e1l\u00f3dik k\u00f6z\u00f6ss\u00e9g? Hogyan alakul ki a k\u00f6z\u00f6s mozg\u00e1s, hogyan alakul ki a k\u00f6z\u00f6s t\u00e9r? El\u00e9g, hogy egyszerre egy t\u00e9rben vannak [&hellip;]\" \/>\n<meta name=\"twitter:label1\" content=\"Est. reading time\" \/>\n\t<meta name=\"twitter:data1\" content=\"2 minutes\" \/>\n<script type=\"application\/ld+json\" class=\"yoast-schema-graph\">{\"@context\":\"https:\/\/schema.org\",\"@graph\":[{\"@type\":\"WebPage\",\"@id\":\"https:\/\/cedthu.rwpstaging.site\/xx-ikf-tehetsegprogram-nagy-csilla\/\",\"url\":\"https:\/\/cedthu.rwpstaging.site\/xx-ikf-tehetsegprogram-nagy-csilla\/\",\"name\":\"XX. IKF+ Tehets\u00e9gprogram \u2013 Nagy Csilla - KET\",\"isPartOf\":{\"@id\":\"https:\/\/cedthu.rwpstaging.site\/#website\"},\"datePublished\":\"2025-05-15T16:53:03+00:00\",\"dateModified\":\"2025-05-15T16:54:51+00:00\",\"breadcrumb\":{\"@id\":\"https:\/\/cedthu.rwpstaging.site\/xx-ikf-tehetsegprogram-nagy-csilla\/#breadcrumb\"},\"inLanguage\":\"en-US\",\"potentialAction\":[{\"@type\":\"ReadAction\",\"target\":[\"https:\/\/cedthu.rwpstaging.site\/xx-ikf-tehetsegprogram-nagy-csilla\/\"]}]},{\"@type\":\"BreadcrumbList\",\"@id\":\"https:\/\/cedthu.rwpstaging.site\/xx-ikf-tehetsegprogram-nagy-csilla\/#breadcrumb\",\"itemListElement\":[{\"@type\":\"ListItem\",\"position\":1,\"name\":\"Home\",\"item\":\"https:\/\/cedthu.rwpstaging.site\/\"},{\"@type\":\"ListItem\",\"position\":2,\"name\":\"XX. IKF+ Tehets\u00e9gprogram \u2013 Nagy Csilla\"}]},{\"@type\":\"WebSite\",\"@id\":\"https:\/\/cedthu.rwpstaging.site\/#website\",\"url\":\"https:\/\/cedthu.rwpstaging.site\/\",\"name\":\"KET\",\"description\":\"K\u00f6z\u00e9p-Eur\u00f3pa T\u00e1ncsz\u00ednh\u00e1z\",\"publisher\":{\"@id\":\"https:\/\/cedthu.rwpstaging.site\/#organization\"},\"potentialAction\":[{\"@type\":\"SearchAction\",\"target\":{\"@type\":\"EntryPoint\",\"urlTemplate\":\"https:\/\/cedthu.rwpstaging.site\/?s={search_term_string}\"},\"query-input\":{\"@type\":\"PropertyValueSpecification\",\"valueRequired\":true,\"valueName\":\"search_term_string\"}}],\"inLanguage\":\"en-US\"},{\"@type\":\"Organization\",\"@id\":\"https:\/\/cedthu.rwpstaging.site\/#organization\",\"name\":\"KET\",\"url\":\"https:\/\/cedthu.rwpstaging.site\/\",\"logo\":{\"@type\":\"ImageObject\",\"inLanguage\":\"en-US\",\"@id\":\"https:\/\/cedthu.rwpstaging.site\/#\/schema\/logo\/image\/\",\"url\":\"https:\/\/cedthu.rwpstaging.site\/wp-content\/uploads\/2024\/03\/cropped-KET-NYomda-logo2.png\",\"contentUrl\":\"https:\/\/cedthu.rwpstaging.site\/wp-content\/uploads\/2024\/03\/cropped-KET-NYomda-logo2.png\",\"width\":300,\"height\":326,\"caption\":\"KET\"},\"image\":{\"@id\":\"https:\/\/cedthu.rwpstaging.site\/#\/schema\/logo\/image\/\"}}]}<\/script>\n<!-- \/ Yoast SEO plugin. -->","yoast_head_json":{"title":"XX. IKF+ Tehets\u00e9gprogram \u2013 Nagy Csilla - KET","robots":{"index":"index","follow":"follow","max-snippet":"max-snippet:-1","max-image-preview":"max-image-preview:large","max-video-preview":"max-video-preview:-1"},"canonical":"https:\/\/cedthu.rwpstaging.site\/en\/xx-ikf-tehetsegprogram-nagy-csilla\/","twitter_card":"summary_large_image","twitter_title":"XX. IKF+ Tehets\u00e9gprogram \u2013 Nagy Csilla - KET","twitter_description":"Am\u0151ba 02. \u2013 az \u00f6r\u00f6kk\u00e9 v\u00e1ltoz\u00f3 Egys\u00e9g \u00a0 Mozg\u00e1sommal folyamatosan alak\u00edtom a k\u00f6r\u00fcl\u00f6ttem l\u00e9v\u0151 teret, s mindek\u00f6zben a bennem l\u00e9v\u0151 bels\u0151 terek is alakulnak. Folyamatos a v\u00e1ltoz\u00e1s. Egy k\u00f6z\u00f6s t\u00e9rbe megh\u00edvott emberek csoportj\u00e1b\u00f3l azonban hogyan form\u00e1l\u00f3dik k\u00f6z\u00f6ss\u00e9g? Hogyan alakul ki a k\u00f6z\u00f6s mozg\u00e1s, hogyan alakul ki a k\u00f6z\u00f6s t\u00e9r? El\u00e9g, hogy egyszerre egy t\u00e9rben vannak [&hellip;]","twitter_misc":{"Est. reading time":"2 minutes"},"schema":{"@context":"https:\/\/schema.org","@graph":[{"@type":"WebPage","@id":"https:\/\/cedthu.rwpstaging.site\/xx-ikf-tehetsegprogram-nagy-csilla\/","url":"https:\/\/cedthu.rwpstaging.site\/xx-ikf-tehetsegprogram-nagy-csilla\/","name":"XX. IKF+ Tehets\u00e9gprogram \u2013 Nagy Csilla - KET","isPartOf":{"@id":"https:\/\/cedthu.rwpstaging.site\/#website"},"datePublished":"2025-05-15T16:53:03+00:00","dateModified":"2025-05-15T16:54:51+00:00","breadcrumb":{"@id":"https:\/\/cedthu.rwpstaging.site\/xx-ikf-tehetsegprogram-nagy-csilla\/#breadcrumb"},"inLanguage":"en-US","potentialAction":[{"@type":"ReadAction","target":["https:\/\/cedthu.rwpstaging.site\/xx-ikf-tehetsegprogram-nagy-csilla\/"]}]},{"@type":"BreadcrumbList","@id":"https:\/\/cedthu.rwpstaging.site\/xx-ikf-tehetsegprogram-nagy-csilla\/#breadcrumb","itemListElement":[{"@type":"ListItem","position":1,"name":"Home","item":"https:\/\/cedthu.rwpstaging.site\/"},{"@type":"ListItem","position":2,"name":"XX. IKF+ Tehets\u00e9gprogram \u2013 Nagy Csilla"}]},{"@type":"WebSite","@id":"https:\/\/cedthu.rwpstaging.site\/#website","url":"https:\/\/cedthu.rwpstaging.site\/","name":"KET","description":"Central Europe Dance Theatre","publisher":{"@id":"https:\/\/cedthu.rwpstaging.site\/#organization"},"potentialAction":[{"@type":"SearchAction","target":{"@type":"EntryPoint","urlTemplate":"https:\/\/cedthu.rwpstaging.site\/?s={search_term_string}"},"query-input":{"@type":"PropertyValueSpecification","valueRequired":true,"valueName":"search_term_string"}}],"inLanguage":"en-US"},{"@type":"Organization","@id":"https:\/\/cedthu.rwpstaging.site\/#organization","name":"KET","url":"https:\/\/cedthu.rwpstaging.site\/","logo":{"@type":"ImageObject","inLanguage":"en-US","@id":"https:\/\/cedthu.rwpstaging.site\/#\/schema\/logo\/image\/","url":"https:\/\/cedthu.rwpstaging.site\/wp-content\/uploads\/2024\/03\/cropped-KET-NYomda-logo2.png","contentUrl":"https:\/\/cedthu.rwpstaging.site\/wp-content\/uploads\/2024\/03\/cropped-KET-NYomda-logo2.png","width":300,"height":326,"caption":"KET"},"image":{"@id":"https:\/\/cedthu.rwpstaging.site\/#\/schema\/logo\/image\/"}}]}},"_links":{"self":[{"href":"https:\/\/cedthu.rwpstaging.site\/en\/wp-json\/wp\/v2\/pages\/18368","targetHints":{"allow":["GET"]}}],"collection":[{"href":"https:\/\/cedthu.rwpstaging.site\/en\/wp-json\/wp\/v2\/pages"}],"about":[{"href":"https:\/\/cedthu.rwpstaging.site\/en\/wp-json\/wp\/v2\/types\/page"}],"author":[{"embeddable":true,"href":"https:\/\/cedthu.rwpstaging.site\/en\/wp-json\/wp\/v2\/users\/1"}],"replies":[{"embeddable":true,"href":"https:\/\/cedthu.rwpstaging.site\/en\/wp-json\/wp\/v2\/comments?post=18368"}],"version-history":[{"count":5,"href":"https:\/\/cedthu.rwpstaging.site\/en\/wp-json\/wp\/v2\/pages\/18368\/revisions"}],"predecessor-version":[{"id":18394,"href":"https:\/\/cedthu.rwpstaging.site\/en\/wp-json\/wp\/v2\/pages\/18368\/revisions\/18394"}],"wp:attachment":[{"href":"https:\/\/cedthu.rwpstaging.site\/en\/wp-json\/wp\/v2\/media?parent=18368"}],"curies":[{"name":"wp","href":"https:\/\/api.w.org\/{rel}","templated":true}]}}