{"id":18398,"date":"2025-05-15T16:55:41","date_gmt":"2025-05-15T16:55:41","guid":{"rendered":"https:\/\/cedthu.rwpstaging.site\/?page_id=18398"},"modified":"2025-05-15T16:57:55","modified_gmt":"2025-05-15T16:57:55","slug":"xix-ikf-tehetsegprogram-magda-skowron","status":"publish","type":"page","link":"https:\/\/cedthu.rwpstaging.site\/en\/xix-ikf-tehetsegprogram-magda-skowron\/","title":{"rendered":"XIX IKF EVENTS PROGRAMME - Magda Skowron"},"content":{"rendered":"<div data-elementor-type=\"wp-page\" data-elementor-id=\"18398\" class=\"elementor elementor-18398\" data-elementor-post-type=\"page\">\n\t\t\t\t\t\t<section class=\"elementor-section elementor-top-section elementor-element elementor-element-43cbe9d3 elementor-section-boxed elementor-section-height-default elementor-section-height-default\" data-id=\"43cbe9d3\" data-element_type=\"section\" data-settings=\"{&quot;background_background&quot;:&quot;classic&quot;}\">\n\t\t\t\t\t\t<div class=\"elementor-container elementor-column-gap-default\">\n\t\t\t\t\t<div class=\"elementor-column elementor-col-100 elementor-top-column elementor-element elementor-element-729a9548\" data-id=\"729a9548\" data-element_type=\"column\">\n\t\t\t<div class=\"elementor-widget-wrap elementor-element-populated\">\n\t\t\t\t\t\t<div class=\"elementor-element elementor-element-260af2f0 elementor-widget elementor-widget-image\" data-id=\"260af2f0\" data-element_type=\"widget\" data-widget_type=\"image.default\">\n\t\t\t\t<div class=\"elementor-widget-container\">\n\t\t\t\t\t\t\t\t\t\t\t\t\t\t\t<img fetchpriority=\"high\" decoding=\"async\" width=\"2082\" height=\"1029\" src=\"https:\/\/cedthu.rwpstaging.site\/wp-content\/uploads\/2021\/01\/YCP-TLOFE.jpg\" class=\"attachment-full size-full wp-image-7385\" alt=\"\" srcset=\"https:\/\/cedthu.rwpstaging.site\/wp-content\/uploads\/2021\/01\/YCP-TLOFE.jpg 2082w, https:\/\/cedthu.rwpstaging.site\/wp-content\/uploads\/2021\/01\/YCP-TLOFE-300x148.jpg 300w, https:\/\/cedthu.rwpstaging.site\/wp-content\/uploads\/2021\/01\/YCP-TLOFE-1024x506.jpg 1024w, https:\/\/cedthu.rwpstaging.site\/wp-content\/uploads\/2021\/01\/YCP-TLOFE-768x380.jpg 768w, https:\/\/cedthu.rwpstaging.site\/wp-content\/uploads\/2021\/01\/YCP-TLOFE-1536x759.jpg 1536w, https:\/\/cedthu.rwpstaging.site\/wp-content\/uploads\/2021\/01\/YCP-TLOFE-2048x1012.jpg 2048w, https:\/\/cedthu.rwpstaging.site\/wp-content\/uploads\/2021\/01\/YCP-TLOFE-400x198.jpg 400w, https:\/\/cedthu.rwpstaging.site\/wp-content\/uploads\/2021\/01\/YCP-TLOFE-20x10.jpg 20w\" sizes=\"(max-width: 2082px) 100vw, 2082px\" \/>\t\t\t\t\t\t\t\t\t\t\t\t\t\t\t<\/div>\n\t\t\t\t<\/div>\n\t\t\t\t<div class=\"elementor-element elementor-element-71bcb100 elementor-widget elementor-widget-text-editor\" data-id=\"71bcb100\" data-element_type=\"widget\" data-widget_type=\"text-editor.default\">\n\t\t\t\t<div class=\"elementor-widget-container\">\n\t\t\t\t\t\t\t\t\t<div class=\"x11i5rnm xat24cr x1mh8g0r x1vvkbs xtlvy1s\"><div class=\"show-description\"><p>The Lungs of The Earth explores the movement, presence and respiration of plants, especially trees. It draws on a world that cannot be described in words at all. Through their bodies and senses, the dancers try to experience the processes that take place in plants: movement combined with air, deepening the breath, sighing, the relationships between trees, oxygen and cellular respiration or motherhood in the human-plant relationship. Through movement, the performance tries to express the presence of trees in the world, their impact on the environment or even the phenomenon of the \"fearlessness\" of trees. The research was inspired by the texts of Eduardo Coccia's book The Life of Plants.<br \/>\"Breath is not just air in motion, but a flash, a discovery, a means of revelation. Logos, language, causation. The breath of every living thing is the plant itself, the world: breath. It is a rhythmic movement, a regular and indefatigable silent wave without noise, which goes to the edge of the horizon and then returns to us to hit our bodies, to fill our lungs with a great boom. All repetition, deepening and change, happens in the breath itself.\" \/ Eduardo Coccia \/<\/p><\/div><\/div>\t\t\t\t\t\t\t\t<\/div>\n\t\t\t\t<\/div>\n\t\t\t\t<div class=\"elementor-element elementor-element-4de7dbf3 elementor-widget elementor-widget-heading\" data-id=\"4de7dbf3\" data-element_type=\"widget\" data-widget_type=\"heading.default\">\n\t\t\t\t<div class=\"elementor-widget-container\">\n\t\t\t\t\t<h2 class=\"elementor-heading-title elementor-size-default\">creators<\/h2>\t\t\t\t<\/div>\n\t\t\t\t<\/div>\n\t\t\t\t<div class=\"elementor-element elementor-element-3e36730b elementor-widget-divider--view-line elementor-widget elementor-widget-divider\" data-id=\"3e36730b\" data-element_type=\"widget\" data-widget_type=\"divider.default\">\n\t\t\t\t<div class=\"elementor-widget-container\">\n\t\t\t\t\t\t\t<div class=\"elementor-divider\">\n\t\t\t<span class=\"elementor-divider-separator\">\n\t\t\t\t\t\t<\/span>\n\t\t<\/div>\n\t\t\t\t\t\t<\/div>\n\t\t\t\t<\/div>\n\t\t\t\t<div class=\"elementor-element elementor-element-40d2b4ad elementor-widget elementor-widget-text-editor\" data-id=\"40d2b4ad\" data-element_type=\"widget\" data-widget_type=\"text-editor.default\">\n\t\t\t\t<div class=\"elementor-widget-container\">\n\t\t\t\t\t\t\t\t\t<div class=\"show-actors\"><div id=\"nested-actors\"><div class=\"show-actors\"><div id=\"nested-actors\"><div class=\"show-actors\"><div id=\"nested-actors\"><div><h3>Presenters<\/h3><ul><li>Kriszti\u00e1n Barna<\/li><li>D\u00e1vid Dab\u00f3czi<\/li><li>R\u00e9ka Gyevn\u00e1r<\/li><li>Adrienn Horv\u00e1th<\/li><li>Ren\u00e1ta Jo\u00f3<\/li><li>R\u00e9ka Gyevn\u00e1r<\/li><li>Kriszti\u00e1n Ungi<\/li><\/ul><\/div><div><h3>Light<\/h3><ul><li>Zolt\u00e1n Fogarasi<\/li><li>L\u00e1szl\u00f3 M\u00e1di<\/li><\/ul><\/div><div><h3>Choreographer<\/h3><ul><li>Magdalena Skowron (PL)<\/li><\/ul><\/div><\/div><\/div><div class=\"show-images\"><div class=\"row no-margin\"><div class=\"col-md-12 no-padding\">\u00a0<\/div><\/div><\/div><\/div><\/div><\/div><\/div>\t\t\t\t\t\t\t\t<\/div>\n\t\t\t\t<\/div>\n\t\t\t\t<div class=\"elementor-element elementor-element-6582e6d elementor-widget elementor-widget-heading\" data-id=\"6582e6d\" data-element_type=\"widget\" data-widget_type=\"heading.default\">\n\t\t\t\t<div class=\"elementor-widget-container\">\n\t\t\t\t\t<h2 class=\"elementor-heading-title elementor-size-default\">XIX IKF EVENTS PROGRAMME - Magda Skowron<\/h2>\t\t\t\t<\/div>\n\t\t\t\t<\/div>\n\t\t\t\t<div class=\"elementor-element elementor-element-64f96668 elementor-widget elementor-widget-gallery\" data-id=\"64f96668\" data-element_type=\"widget\" data-settings=\"{&quot;columns&quot;:3,&quot;lazyload&quot;:&quot;yes&quot;,&quot;gallery_layout&quot;:&quot;grid&quot;,&quot;columns_tablet&quot;:2,&quot;columns_mobile&quot;:1,&quot;gap&quot;:{&quot;unit&quot;:&quot;px&quot;,&quot;size&quot;:10,&quot;sizes&quot;:[]},&quot;gap_tablet&quot;:{&quot;unit&quot;:&quot;px&quot;,&quot;size&quot;:10,&quot;sizes&quot;:[]},&quot;gap_mobile&quot;:{&quot;unit&quot;:&quot;px&quot;,&quot;size&quot;:10,&quot;sizes&quot;:[]},&quot;link_to&quot;:&quot;file&quot;,&quot;aspect_ratio&quot;:&quot;3:2&quot;,&quot;overlay_background&quot;:&quot;yes&quot;,&quot;content_hover_animation&quot;:&quot;fade-in&quot;}\" data-widget_type=\"gallery.default\">\n\t\t\t\t<div class=\"elementor-widget-container\">\n\t\t\t\t\t\t\t<div class=\"elementor-gallery__container\">\n\t\t\t\t\t\t\t<a class=\"e-gallery-item elementor-gallery-item elementor-animated-content\" href=\"https:\/\/cedthu.rwpstaging.site\/wp-content\/uploads\/2020\/11\/20IKF018.jpg\" data-elementor-open-lightbox=\"yes\" data-elementor-lightbox-slideshow=\"64f96668\" data-elementor-lightbox-title=\"20IKF018\" data-e-action-hash=\"#elementor-action%3Aaction%3Dlightbox%26settings%3DeyJpZCI6NzMxNiwidXJsIjoiaHR0cHM6XC9cL2NlZHRodS5yd3BzdGFnaW5nLnNpdGVcL3dwLWNvbnRlbnRcL3VwbG9hZHNcLzIwMjBcLzExXC8yMElLRjAxOC5qcGciLCJzbGlkZXNob3ciOiI2NGY5NjY2OCJ9\">\n\t\t\t\t\t<div class=\"e-gallery-image elementor-gallery-item__image\" data-thumbnail=\"https:\/\/cedthu.rwpstaging.site\/wp-content\/uploads\/2020\/11\/20IKF018-300x200.jpg\" data-width=\"300\" data-height=\"200\" aria-label=\"\" role=\"img\" ><\/div>\n\t\t\t\t\t\t\t\t\t\t\t<div class=\"elementor-gallery-item__overlay\"><\/div>\n\t\t\t\t\t\t\t\t\t\t\t\t\t\t<\/a>\n\t\t\t\t\t\t\t<a class=\"e-gallery-item elementor-gallery-item elementor-animated-content\" href=\"https:\/\/cedthu.rwpstaging.site\/wp-content\/uploads\/2020\/11\/20IKF026.jpg\" data-elementor-open-lightbox=\"yes\" data-elementor-lightbox-slideshow=\"64f96668\" data-elementor-lightbox-title=\"20IKF026\" data-e-action-hash=\"#elementor-action%3Aaction%3Dlightbox%26settings%3DeyJpZCI6NzMxOCwidXJsIjoiaHR0cHM6XC9cL2NlZHRodS5yd3BzdGFnaW5nLnNpdGVcL3dwLWNvbnRlbnRcL3VwbG9hZHNcLzIwMjBcLzExXC8yMElLRjAyNi5qcGciLCJzbGlkZXNob3ciOiI2NGY5NjY2OCJ9\">\n\t\t\t\t\t<div class=\"e-gallery-image elementor-gallery-item__image\" data-thumbnail=\"https:\/\/cedthu.rwpstaging.site\/wp-content\/uploads\/2020\/11\/20IKF026-300x200.jpg\" data-width=\"300\" data-height=\"200\" aria-label=\"\" role=\"img\" ><\/div>\n\t\t\t\t\t\t\t\t\t\t\t<div class=\"elementor-gallery-item__overlay\"><\/div>\n\t\t\t\t\t\t\t\t\t\t\t\t\t\t<\/a>\n\t\t\t\t\t\t\t<a class=\"e-gallery-item elementor-gallery-item elementor-animated-content\" href=\"https:\/\/cedthu.rwpstaging.site\/wp-content\/uploads\/2020\/11\/20IKF027.jpg\" data-elementor-open-lightbox=\"yes\" data-elementor-lightbox-slideshow=\"64f96668\" data-elementor-lightbox-title=\"20IKF027\" data-e-action-hash=\"#elementor-action%3Aaction%3Dlightbox%26settings%3DeyJpZCI6NzMyMCwidXJsIjoiaHR0cHM6XC9cL2NlZHRodS5yd3BzdGFnaW5nLnNpdGVcL3dwLWNvbnRlbnRcL3VwbG9hZHNcLzIwMjBcLzExXC8yMElLRjAyNy5qcGciLCJzbGlkZXNob3ciOiI2NGY5NjY2OCJ9\">\n\t\t\t\t\t<div class=\"e-gallery-image elementor-gallery-item__image\" data-thumbnail=\"https:\/\/cedthu.rwpstaging.site\/wp-content\/uploads\/2020\/11\/20IKF027-200x300.jpg\" data-width=\"200\" data-height=\"300\" aria-label=\"\" role=\"img\" ><\/div>\n\t\t\t\t\t\t\t\t\t\t\t<div class=\"elementor-gallery-item__overlay\"><\/div>\n\t\t\t\t\t\t\t\t\t\t\t\t\t\t<\/a>\n\t\t\t\t\t<\/div>\n\t\t\t\t\t<\/div>\n\t\t\t\t<\/div>\n\t\t\t\t<div class=\"elementor-element elementor-element-20753d36 elementor-widget elementor-widget-heading\" data-id=\"20753d36\" data-element_type=\"widget\" data-widget_type=\"heading.default\">\n\t\t\t\t<div class=\"elementor-widget-container\">\n\t\t\t\t\t<h2 class=\"elementor-heading-title elementor-size-default\">Related Press Releases<\/h2>\t\t\t\t<\/div>\n\t\t\t\t<\/div>\n\t\t\t\t<div class=\"elementor-element elementor-element-1deeb59b elementor-widget-divider--view-line elementor-widget elementor-widget-divider\" data-id=\"1deeb59b\" data-element_type=\"widget\" data-widget_type=\"divider.default\">\n\t\t\t\t<div class=\"elementor-widget-container\">\n\t\t\t\t\t\t\t<div class=\"elementor-divider\">\n\t\t\t<span class=\"elementor-divider-separator\">\n\t\t\t\t\t\t<\/span>\n\t\t<\/div>\n\t\t\t\t\t\t<\/div>\n\t\t\t\t<\/div>\n\t\t\t\t<div class=\"elementor-element elementor-element-7f918998 elementor-widget elementor-widget-text-editor\" data-id=\"7f918998\" data-element_type=\"widget\" data-widget_type=\"text-editor.default\">\n\t\t\t\t<div class=\"elementor-widget-container\">\n\t\t\t\t\t\t\t\t\t<div class=\"pressauthor\"><div class=\"pressauthor\"><div class=\"pressauthor\">Tam\u00e1s J\u00e1szay: <a href=\"https:\/\/revizoronline.com\/hu\/cikk\/9244\/kortars-tanc-lengyelorszagban-a-2010-es-evtizedben\/?fbclid=IwAR00YY_b13lNKVyMPHHCrw2fb2AKP-hQ-wni5gdHw4XBhnSGpY7oc2C-crI\">Fantasy and reality - Contemporary dance in Poland in the decade 2010\u00a0 <\/a>(Revizor) <span style=\"font-family: -apple-system, BlinkMacSystemFont, 'Segoe UI', Roboto, 'Helvetica Neue', Arial, 'Noto Sans', sans-serif, 'Apple Color Emoji', 'Segoe UI Emoji', 'Segoe UI Symbol', 'Noto Color Emoji';\">&#8211; 14\/10\/2021 <\/span><span style=\"font-family: -apple-system, BlinkMacSystemFont, 'Segoe UI', Roboto, 'Helvetica Neue', Arial, 'Noto Sans', sans-serif, 'Apple Color Emoji', 'Segoe UI Emoji', 'Segoe UI Symbol', 'Noto Color Emoji';\">In autumn 2020, Magda Skowron, choreographer and dancer at the Krakow Dance Theatre, created her own piece choreographed for the KET's permanent company as the winner of the KET Young Choreographers Competition.<\/span><\/div><\/div><\/div>\t\t\t\t\t\t\t\t<\/div>\n\t\t\t\t<\/div>\n\t\t\t\t<div class=\"elementor-element elementor-element-e841273 elementor-widget elementor-widget-text-editor\" data-id=\"e841273\" data-element_type=\"widget\" data-widget_type=\"text-editor.default\">\n\t\t\t\t<div class=\"elementor-widget-container\">\n\t\t\t\t\t\t\t\t\t<div class=\"pressauthor\"><div class=\"pressauthor\"><div class=\"pressauthor\">Annam\u00e1ria Szoboszlai:\u00a0 <a href=\"https:\/\/tanckritika.hu\/kategoriak\/kritika\/1555-szoboszlai-annamaria-online-tanulsagok\">Lessons learned online\u00a0 <\/a>(T\u00e1nckritika.hu) <span style=\"font-family: -apple-system, BlinkMacSystemFont, 'Segoe UI', Roboto, 'Helvetica Neue', Arial, 'Noto Sans', sans-serif, 'Apple Color Emoji', 'Segoe UI Emoji', 'Segoe UI Symbol', 'Noto Color Emoji';\">&#8211; 04\/12\/2020 <\/span><span style=\"font-family: -apple-system, BlinkMacSystemFont, 'Segoe UI', Roboto, 'Helvetica Neue', Arial, 'Noto Sans', sans-serif, 'Apple Color Emoji', 'Segoe UI Emoji', 'Segoe UI Symbol', 'Noto Color Emoji';\">No technique can replace a performance on stage for a live audience.<\/span><\/div><\/div><\/div>\t\t\t\t\t\t\t\t<\/div>\n\t\t\t\t<\/div>\n\t\t\t\t\t<\/div>\n\t\t<\/div>\n\t\t\t\t\t<\/div>\n\t\t<\/section>\n\t\t\t\t<\/div>","protected":false},"excerpt":{"rendered":"<p>A The Lungs of The Earth c\u00edm\u0171 el\u0151ad\u00e1s a n\u00f6v\u00e9nyek, k\u00fcl\u00f6n\u00f6sen a f\u00e1k mozg\u00e1s\u00e1val, jelenl\u00e9t\u00e9vel \u00e9s l\u00e9gz\u00e9s\u00e9vel kapcsolatos t\u00e9m\u00e1kat j\u00e1r k\u00f6rbe. Egy olyan vil\u00e1gb\u00f3l \u00e9p\u00edtkezik, mely szavakkal nem \u00edrhat\u00f3 le egy\u00e1ltal\u00e1n. A t\u00e1ncosok a test\u00fck\u00f6n \u00e9s \u00e9rz\u00e9keiken kereszt\u00fcl pr\u00f3b\u00e1lj\u00e1k megtapasztalni a n\u00f6v\u00e9nyekben zajl\u00f3 folyamatokat: a leveg\u0151vel kombin\u00e1lt mozg\u00e1s, a l\u00e9legzet elm\u00e9ly\u00edt\u00e9se, a s\u00f3hajt\u00e1s, a f\u00e1k [&hellip;]<\/p>","protected":false},"author":1,"featured_media":0,"parent":0,"menu_order":0,"comment_status":"closed","ping_status":"closed","template":"elementor_header_footer","meta":{"footnotes":""},"class_list":["post-18398","page","type-page","status-publish","hentry"],"yoast_head":"<!-- This site is optimized with the Yoast SEO plugin v26.0 - https:\/\/yoast.com\/wordpress\/plugins\/seo\/ -->\n<title>XIX. IKF TEHETS\u00c9GPROGRAM \u2014 Magda Skowron - KET<\/title>\n<meta name=\"robots\" content=\"index, follow, max-snippet:-1, max-image-preview:large, max-video-preview:-1\" \/>\n<link rel=\"canonical\" href=\"https:\/\/cedthu.rwpstaging.site\/en\/xix-ikf-tehetsegprogram-magda-skowron\/\" \/>\n<meta name=\"twitter:card\" content=\"summary_large_image\" \/>\n<meta name=\"twitter:title\" content=\"XIX. IKF TEHETS\u00c9GPROGRAM \u2014 Magda Skowron - KET\" \/>\n<meta name=\"twitter:description\" content=\"A The Lungs of The Earth c\u00edm\u0171 el\u0151ad\u00e1s a n\u00f6v\u00e9nyek, k\u00fcl\u00f6n\u00f6sen a f\u00e1k mozg\u00e1s\u00e1val, jelenl\u00e9t\u00e9vel \u00e9s l\u00e9gz\u00e9s\u00e9vel kapcsolatos t\u00e9m\u00e1kat j\u00e1r k\u00f6rbe. Egy olyan vil\u00e1gb\u00f3l \u00e9p\u00edtkezik, mely szavakkal nem \u00edrhat\u00f3 le egy\u00e1ltal\u00e1n. A t\u00e1ncosok a test\u00fck\u00f6n \u00e9s \u00e9rz\u00e9keiken kereszt\u00fcl pr\u00f3b\u00e1lj\u00e1k megtapasztalni a n\u00f6v\u00e9nyekben zajl\u00f3 folyamatokat: a leveg\u0151vel kombin\u00e1lt mozg\u00e1s, a l\u00e9legzet elm\u00e9ly\u00edt\u00e9se, a s\u00f3hajt\u00e1s, a f\u00e1k [&hellip;]\" \/>\n<meta name=\"twitter:image\" content=\"https:\/\/cedthu.rwpstaging.site\/wp-content\/uploads\/2021\/01\/YCP-TLOFE.jpg\" \/>\n<meta name=\"twitter:label1\" content=\"Est. reading time\" \/>\n\t<meta name=\"twitter:data1\" content=\"2 minutes\" \/>\n<script type=\"application\/ld+json\" class=\"yoast-schema-graph\">{\"@context\":\"https:\/\/schema.org\",\"@graph\":[{\"@type\":\"WebPage\",\"@id\":\"https:\/\/cedthu.rwpstaging.site\/xix-ikf-tehetsegprogram-magda-skowron\/\",\"url\":\"https:\/\/cedthu.rwpstaging.site\/xix-ikf-tehetsegprogram-magda-skowron\/\",\"name\":\"XIX. IKF TEHETS\u00c9GPROGRAM \u2014 Magda Skowron - KET\",\"isPartOf\":{\"@id\":\"https:\/\/cedthu.rwpstaging.site\/#website\"},\"primaryImageOfPage\":{\"@id\":\"https:\/\/cedthu.rwpstaging.site\/xix-ikf-tehetsegprogram-magda-skowron\/#primaryimage\"},\"image\":{\"@id\":\"https:\/\/cedthu.rwpstaging.site\/xix-ikf-tehetsegprogram-magda-skowron\/#primaryimage\"},\"thumbnailUrl\":\"https:\/\/cedthu.rwpstaging.site\/wp-content\/uploads\/2021\/01\/YCP-TLOFE.jpg\",\"datePublished\":\"2025-05-15T16:55:41+00:00\",\"dateModified\":\"2025-05-15T16:57:55+00:00\",\"breadcrumb\":{\"@id\":\"https:\/\/cedthu.rwpstaging.site\/xix-ikf-tehetsegprogram-magda-skowron\/#breadcrumb\"},\"inLanguage\":\"en-US\",\"potentialAction\":[{\"@type\":\"ReadAction\",\"target\":[\"https:\/\/cedthu.rwpstaging.site\/xix-ikf-tehetsegprogram-magda-skowron\/\"]}]},{\"@type\":\"ImageObject\",\"inLanguage\":\"en-US\",\"@id\":\"https:\/\/cedthu.rwpstaging.site\/xix-ikf-tehetsegprogram-magda-skowron\/#primaryimage\",\"url\":\"https:\/\/cedthu.rwpstaging.site\/wp-content\/uploads\/2021\/01\/YCP-TLOFE.jpg\",\"contentUrl\":\"https:\/\/cedthu.rwpstaging.site\/wp-content\/uploads\/2021\/01\/YCP-TLOFE.jpg\"},{\"@type\":\"BreadcrumbList\",\"@id\":\"https:\/\/cedthu.rwpstaging.site\/xix-ikf-tehetsegprogram-magda-skowron\/#breadcrumb\",\"itemListElement\":[{\"@type\":\"ListItem\",\"position\":1,\"name\":\"Home\",\"item\":\"https:\/\/cedthu.rwpstaging.site\/\"},{\"@type\":\"ListItem\",\"position\":2,\"name\":\"XIX. IKF TEHETS\u00c9GPROGRAM \u2014 Magda Skowron\"}]},{\"@type\":\"WebSite\",\"@id\":\"https:\/\/cedthu.rwpstaging.site\/#website\",\"url\":\"https:\/\/cedthu.rwpstaging.site\/\",\"name\":\"KET\",\"description\":\"K\u00f6z\u00e9p-Eur\u00f3pa T\u00e1ncsz\u00ednh\u00e1z\",\"publisher\":{\"@id\":\"https:\/\/cedthu.rwpstaging.site\/#organization\"},\"potentialAction\":[{\"@type\":\"SearchAction\",\"target\":{\"@type\":\"EntryPoint\",\"urlTemplate\":\"https:\/\/cedthu.rwpstaging.site\/?s={search_term_string}\"},\"query-input\":{\"@type\":\"PropertyValueSpecification\",\"valueRequired\":true,\"valueName\":\"search_term_string\"}}],\"inLanguage\":\"en-US\"},{\"@type\":\"Organization\",\"@id\":\"https:\/\/cedthu.rwpstaging.site\/#organization\",\"name\":\"KET\",\"url\":\"https:\/\/cedthu.rwpstaging.site\/\",\"logo\":{\"@type\":\"ImageObject\",\"inLanguage\":\"en-US\",\"@id\":\"https:\/\/cedthu.rwpstaging.site\/#\/schema\/logo\/image\/\",\"url\":\"https:\/\/cedthu.rwpstaging.site\/wp-content\/uploads\/2024\/03\/cropped-KET-NYomda-logo2.png\",\"contentUrl\":\"https:\/\/cedthu.rwpstaging.site\/wp-content\/uploads\/2024\/03\/cropped-KET-NYomda-logo2.png\",\"width\":300,\"height\":326,\"caption\":\"KET\"},\"image\":{\"@id\":\"https:\/\/cedthu.rwpstaging.site\/#\/schema\/logo\/image\/\"}}]}<\/script>\n<!-- \/ Yoast SEO plugin. -->","yoast_head_json":{"title":"XIX. IKF TEHETS\u00c9GPROGRAM \u2014 Magda Skowron - KET","robots":{"index":"index","follow":"follow","max-snippet":"max-snippet:-1","max-image-preview":"max-image-preview:large","max-video-preview":"max-video-preview:-1"},"canonical":"https:\/\/cedthu.rwpstaging.site\/en\/xix-ikf-tehetsegprogram-magda-skowron\/","twitter_card":"summary_large_image","twitter_title":"XIX. IKF TEHETS\u00c9GPROGRAM \u2014 Magda Skowron - KET","twitter_description":"A The Lungs of The Earth c\u00edm\u0171 el\u0151ad\u00e1s a n\u00f6v\u00e9nyek, k\u00fcl\u00f6n\u00f6sen a f\u00e1k mozg\u00e1s\u00e1val, jelenl\u00e9t\u00e9vel \u00e9s l\u00e9gz\u00e9s\u00e9vel kapcsolatos t\u00e9m\u00e1kat j\u00e1r k\u00f6rbe. Egy olyan vil\u00e1gb\u00f3l \u00e9p\u00edtkezik, mely szavakkal nem \u00edrhat\u00f3 le egy\u00e1ltal\u00e1n. A t\u00e1ncosok a test\u00fck\u00f6n \u00e9s \u00e9rz\u00e9keiken kereszt\u00fcl pr\u00f3b\u00e1lj\u00e1k megtapasztalni a n\u00f6v\u00e9nyekben zajl\u00f3 folyamatokat: a leveg\u0151vel kombin\u00e1lt mozg\u00e1s, a l\u00e9legzet elm\u00e9ly\u00edt\u00e9se, a s\u00f3hajt\u00e1s, a f\u00e1k [&hellip;]","twitter_image":"https:\/\/cedthu.rwpstaging.site\/wp-content\/uploads\/2021\/01\/YCP-TLOFE.jpg","twitter_misc":{"Est. reading time":"2 minutes"},"schema":{"@context":"https:\/\/schema.org","@graph":[{"@type":"WebPage","@id":"https:\/\/cedthu.rwpstaging.site\/xix-ikf-tehetsegprogram-magda-skowron\/","url":"https:\/\/cedthu.rwpstaging.site\/xix-ikf-tehetsegprogram-magda-skowron\/","name":"XIX. IKF TEHETS\u00c9GPROGRAM \u2014 Magda Skowron - KET","isPartOf":{"@id":"https:\/\/cedthu.rwpstaging.site\/#website"},"primaryImageOfPage":{"@id":"https:\/\/cedthu.rwpstaging.site\/xix-ikf-tehetsegprogram-magda-skowron\/#primaryimage"},"image":{"@id":"https:\/\/cedthu.rwpstaging.site\/xix-ikf-tehetsegprogram-magda-skowron\/#primaryimage"},"thumbnailUrl":"https:\/\/cedthu.rwpstaging.site\/wp-content\/uploads\/2021\/01\/YCP-TLOFE.jpg","datePublished":"2025-05-15T16:55:41+00:00","dateModified":"2025-05-15T16:57:55+00:00","breadcrumb":{"@id":"https:\/\/cedthu.rwpstaging.site\/xix-ikf-tehetsegprogram-magda-skowron\/#breadcrumb"},"inLanguage":"en-US","potentialAction":[{"@type":"ReadAction","target":["https:\/\/cedthu.rwpstaging.site\/xix-ikf-tehetsegprogram-magda-skowron\/"]}]},{"@type":"ImageObject","inLanguage":"en-US","@id":"https:\/\/cedthu.rwpstaging.site\/xix-ikf-tehetsegprogram-magda-skowron\/#primaryimage","url":"https:\/\/cedthu.rwpstaging.site\/wp-content\/uploads\/2021\/01\/YCP-TLOFE.jpg","contentUrl":"https:\/\/cedthu.rwpstaging.site\/wp-content\/uploads\/2021\/01\/YCP-TLOFE.jpg"},{"@type":"BreadcrumbList","@id":"https:\/\/cedthu.rwpstaging.site\/xix-ikf-tehetsegprogram-magda-skowron\/#breadcrumb","itemListElement":[{"@type":"ListItem","position":1,"name":"Home","item":"https:\/\/cedthu.rwpstaging.site\/"},{"@type":"ListItem","position":2,"name":"XIX. IKF TEHETS\u00c9GPROGRAM \u2014 Magda Skowron"}]},{"@type":"WebSite","@id":"https:\/\/cedthu.rwpstaging.site\/#website","url":"https:\/\/cedthu.rwpstaging.site\/","name":"KET","description":"Central Europe Dance Theatre","publisher":{"@id":"https:\/\/cedthu.rwpstaging.site\/#organization"},"potentialAction":[{"@type":"SearchAction","target":{"@type":"EntryPoint","urlTemplate":"https:\/\/cedthu.rwpstaging.site\/?s={search_term_string}"},"query-input":{"@type":"PropertyValueSpecification","valueRequired":true,"valueName":"search_term_string"}}],"inLanguage":"en-US"},{"@type":"Organization","@id":"https:\/\/cedthu.rwpstaging.site\/#organization","name":"KET","url":"https:\/\/cedthu.rwpstaging.site\/","logo":{"@type":"ImageObject","inLanguage":"en-US","@id":"https:\/\/cedthu.rwpstaging.site\/#\/schema\/logo\/image\/","url":"https:\/\/cedthu.rwpstaging.site\/wp-content\/uploads\/2024\/03\/cropped-KET-NYomda-logo2.png","contentUrl":"https:\/\/cedthu.rwpstaging.site\/wp-content\/uploads\/2024\/03\/cropped-KET-NYomda-logo2.png","width":300,"height":326,"caption":"KET"},"image":{"@id":"https:\/\/cedthu.rwpstaging.site\/#\/schema\/logo\/image\/"}}]}},"_links":{"self":[{"href":"https:\/\/cedthu.rwpstaging.site\/en\/wp-json\/wp\/v2\/pages\/18398","targetHints":{"allow":["GET"]}}],"collection":[{"href":"https:\/\/cedthu.rwpstaging.site\/en\/wp-json\/wp\/v2\/pages"}],"about":[{"href":"https:\/\/cedthu.rwpstaging.site\/en\/wp-json\/wp\/v2\/types\/page"}],"author":[{"embeddable":true,"href":"https:\/\/cedthu.rwpstaging.site\/en\/wp-json\/wp\/v2\/users\/1"}],"replies":[{"embeddable":true,"href":"https:\/\/cedthu.rwpstaging.site\/en\/wp-json\/wp\/v2\/comments?post=18398"}],"version-history":[{"count":5,"href":"https:\/\/cedthu.rwpstaging.site\/en\/wp-json\/wp\/v2\/pages\/18398\/revisions"}],"predecessor-version":[{"id":18424,"href":"https:\/\/cedthu.rwpstaging.site\/en\/wp-json\/wp\/v2\/pages\/18398\/revisions\/18424"}],"wp:attachment":[{"href":"https:\/\/cedthu.rwpstaging.site\/en\/wp-json\/wp\/v2\/media?parent=18398"}],"curies":[{"name":"wp","href":"https:\/\/api.w.org\/{rel}","templated":true}]}}