{"id":18455,"date":"2025-05-15T17:01:07","date_gmt":"2025-05-15T17:01:07","guid":{"rendered":"https:\/\/cedthu.rwpstaging.site\/?page_id=18455"},"modified":"2025-05-15T17:03:39","modified_gmt":"2025-05-15T17:03:39","slug":"xvii-ikf-tehetsegprogram-cserepes-gyula","status":"publish","type":"page","link":"https:\/\/cedthu.rwpstaging.site\/en\/xvii-ikf-tehetsegprogram-cserepes-gyula\/","title":{"rendered":"XVII IKF Talent Programme - Cserepes Gyula"},"content":{"rendered":"<div data-elementor-type=\"wp-page\" data-elementor-id=\"18455\" class=\"elementor elementor-18455\" data-elementor-post-type=\"page\">\n\t\t\t\t\t\t<section class=\"elementor-section elementor-top-section elementor-element elementor-element-4fcaea38 elementor-section-boxed elementor-section-height-default elementor-section-height-default\" data-id=\"4fcaea38\" data-element_type=\"section\" data-settings=\"{&quot;background_background&quot;:&quot;classic&quot;}\">\n\t\t\t\t\t\t<div class=\"elementor-container elementor-column-gap-default\">\n\t\t\t\t\t<div class=\"elementor-column elementor-col-100 elementor-top-column elementor-element elementor-element-20aa56c\" data-id=\"20aa56c\" data-element_type=\"column\">\n\t\t\t<div class=\"elementor-widget-wrap elementor-element-populated\">\n\t\t\t\t\t\t<div class=\"elementor-element elementor-element-32971d1d elementor-widget elementor-widget-image\" data-id=\"32971d1d\" data-element_type=\"widget\" data-widget_type=\"image.default\">\n\t\t\t\t<div class=\"elementor-widget-container\">\n\t\t\t\t\t\t\t\t\t\t\t\t\t\t\t<img fetchpriority=\"high\" decoding=\"async\" width=\"2560\" height=\"1440\" src=\"https:\/\/cedthu.rwpstaging.site\/wp-content\/uploads\/2019\/10\/Cserepes-Gyula-FF-portr\u00e9-fot\u00f3s-D\u00f6m\u00f6lky-D\u00e1niel.jpg\" class=\"attachment-full size-full wp-image-6259\" alt=\"\" \/>\t\t\t\t\t\t\t\t\t\t\t\t\t\t\t<\/div>\n\t\t\t\t<\/div>\n\t\t\t\t<div class=\"elementor-element elementor-element-52a0a199 elementor-widget elementor-widget-text-editor\" data-id=\"52a0a199\" data-element_type=\"widget\" data-widget_type=\"text-editor.default\">\n\t\t\t\t<div class=\"elementor-widget-container\">\n\t\t\t\t\t\t\t\t\t<div class=\"x11i5rnm xat24cr x1mh8g0r x1vvkbs xtlvy1s\"><div class=\"show-description\"><p>Yarrow<\/p><p>\"As long as I can remember, I have lived in the vicinity of the Tisza. To this day, whenever I return to my homeland, Vojvodina, I \"stop at the banks of the winding...\" I often sit and study the water, observing the currents, ripples, eddies and waves. The fish glancing up and down, or the wanderer's clouds galloping gloomily. We have a dialogue, the river and I. If there's one thing I miss in the world around me, it's this: the quiet, all-pervading flow of the Tisza's foams. The peace and tranquillity that can only come over me sitting on the bank. These timeless moments can fill you up for years. As I sit and silently watch the waves, I am captivated by the current. The light glistening on the back of the waves carries me far away in my thoughts, my memories, my imagination. We tell each other stories, we listen to each other. In this deep silence, I feel the eternal current of existence. The attraction of matter in constant flux captivates one. The eddies pull me into the primordial depths of my own being. The eternal ripple permeates the viscera. The river and its beholder gradually tune into the same wavelength, where they ripple together.\" \/Cserepes Gyula\/<\/p><p>Gyula Cserepes is a contemporary dance choreographer and performer from \u00d3becs in Vojvodina. Tisza is an important part of his life. The intimate relationship with the river, the resulting experience of flow and rhythm, is a defining element of Gyula's art. For five days, four students of modern dance from the Hungarian Dance Academy and three dancers from the Central Europe Dance Theatre will explore the rhythm of the timelessness of the passing moment. In this etude, titled Tiszavir\u00e1g, they will share images and scenes with the audience that are inspired by their shared experiences and lessons learned during the choreographic workshop.<\/p><p>Portrait of D\u00e1niel D\u00f6m\u00f6lky<\/p><\/div><\/div>\t\t\t\t\t\t\t\t<\/div>\n\t\t\t\t<\/div>\n\t\t\t\t<div class=\"elementor-element elementor-element-59ce8c3f elementor-widget elementor-widget-heading\" data-id=\"59ce8c3f\" data-element_type=\"widget\" data-widget_type=\"heading.default\">\n\t\t\t\t<div class=\"elementor-widget-container\">\n\t\t\t\t\t<h2 class=\"elementor-heading-title elementor-size-default\">creators<\/h2>\t\t\t\t<\/div>\n\t\t\t\t<\/div>\n\t\t\t\t<div class=\"elementor-element elementor-element-71ad847a elementor-widget-divider--view-line elementor-widget elementor-widget-divider\" data-id=\"71ad847a\" data-element_type=\"widget\" data-widget_type=\"divider.default\">\n\t\t\t\t<div class=\"elementor-widget-container\">\n\t\t\t\t\t\t\t<div class=\"elementor-divider\">\n\t\t\t<span class=\"elementor-divider-separator\">\n\t\t\t\t\t\t<\/span>\n\t\t<\/div>\n\t\t\t\t\t\t<\/div>\n\t\t\t\t<\/div>\n\t\t\t\t<div class=\"elementor-element elementor-element-62fd2ba0 elementor-widget elementor-widget-text-editor\" data-id=\"62fd2ba0\" data-element_type=\"widget\" data-widget_type=\"text-editor.default\">\n\t\t\t\t<div class=\"elementor-widget-container\">\n\t\t\t\t\t\t\t\t\t<div class=\"show-actors\"><div id=\"nested-actors\"><div class=\"show-actors\"><div id=\"nested-actors\"><div class=\"show-actors\"><div id=\"nested-actors\"><div><h3>Presenters<\/h3><ul><li>D\u00e1vid Dab\u00f3czi<\/li><li>Patrik Keresztes m.v.<\/li><li>Adrienn Nyeste<\/li><li>Anna Szilv\u00e1si<\/li><li>and students of the Modern Dance Department of the Hungarian Dance University:<\/li><li>Liza Cs\u00f3ka<\/li><li>Marcell Hov\u00e1n<\/li><li>Mayer Dorina<\/li><\/ul><\/div><div><h3>Choreographer<\/h3><ul><li>Gyula Potted Gyula<\/li><\/ul><\/div><\/div><\/div><div class=\"show-images\"><div class=\"row no-margin\"><div class=\"col-md-12 no-padding\">\u00a0<\/div><\/div><\/div><\/div><\/div><\/div><\/div>\t\t\t\t\t\t\t\t<\/div>\n\t\t\t\t<\/div>\n\t\t\t\t<div class=\"elementor-element elementor-element-393d99d6 elementor-widget elementor-widget-heading\" data-id=\"393d99d6\" data-element_type=\"widget\" data-widget_type=\"heading.default\">\n\t\t\t\t<div class=\"elementor-widget-container\">\n\t\t\t\t\t<h2 class=\"elementor-heading-title elementor-size-default\">XVII IKF Talent Programme - Cserepes Gyula<\/h2>\t\t\t\t<\/div>\n\t\t\t\t<\/div>\n\t\t\t\t<div class=\"elementor-element elementor-element-1f77b3a3 elementor-widget elementor-widget-gallery\" data-id=\"1f77b3a3\" data-element_type=\"widget\" data-settings=\"{&quot;columns&quot;:3,&quot;lazyload&quot;:&quot;yes&quot;,&quot;gallery_layout&quot;:&quot;grid&quot;,&quot;columns_tablet&quot;:2,&quot;columns_mobile&quot;:1,&quot;gap&quot;:{&quot;unit&quot;:&quot;px&quot;,&quot;size&quot;:10,&quot;sizes&quot;:[]},&quot;gap_tablet&quot;:{&quot;unit&quot;:&quot;px&quot;,&quot;size&quot;:10,&quot;sizes&quot;:[]},&quot;gap_mobile&quot;:{&quot;unit&quot;:&quot;px&quot;,&quot;size&quot;:10,&quot;sizes&quot;:[]},&quot;link_to&quot;:&quot;file&quot;,&quot;aspect_ratio&quot;:&quot;3:2&quot;,&quot;overlay_background&quot;:&quot;yes&quot;,&quot;content_hover_animation&quot;:&quot;fade-in&quot;}\" data-widget_type=\"gallery.default\">\n\t\t\t\t<div class=\"elementor-widget-container\">\n\t\t\t\t\t\t\t<div class=\"elementor-gallery__container\">\n\t\t\t\t\t\t\t<a class=\"e-gallery-item elementor-gallery-item elementor-animated-content\" href=\"https:\/\/cedthu.rwpstaging.site\/wp-content\/uploads\/2019\/10\/Ti_vi002.jpg\" data-elementor-open-lightbox=\"yes\" data-elementor-lightbox-slideshow=\"1f77b3a3\" data-elementor-lightbox-title=\"Ti_vi002\" data-e-action-hash=\"#elementor-action%3Aaction%3Dlightbox%26settings%3DeyJpZCI6NjM1MiwidXJsIjoiaHR0cHM6XC9cL2NlZHRodS5yd3BzdGFnaW5nLnNpdGVcL3dwLWNvbnRlbnRcL3VwbG9hZHNcLzIwMTlcLzEwXC9UaV92aTAwMi5qcGciLCJzbGlkZXNob3ciOiIxZjc3YjNhMyJ9\">\n\t\t\t\t\t<div class=\"e-gallery-image elementor-gallery-item__image\" data-thumbnail=\"https:\/\/cedthu.rwpstaging.site\/wp-content\/uploads\/2019\/10\/Ti_vi002-300x200.jpg\" data-width=\"300\" data-height=\"200\" aria-label=\"\" role=\"img\" ><\/div>\n\t\t\t\t\t\t\t\t\t\t\t<div class=\"elementor-gallery-item__overlay\"><\/div>\n\t\t\t\t\t\t\t\t\t\t\t\t\t\t<\/a>\n\t\t\t\t\t\t\t<a class=\"e-gallery-item elementor-gallery-item elementor-animated-content\" href=\"https:\/\/cedthu.rwpstaging.site\/wp-content\/uploads\/2019\/10\/Ti_vi004.jpg\" data-elementor-open-lightbox=\"yes\" data-elementor-lightbox-slideshow=\"1f77b3a3\" data-elementor-lightbox-title=\"Ti_vi004\" data-e-action-hash=\"#elementor-action%3Aaction%3Dlightbox%26settings%3DeyJpZCI6NjM1NCwidXJsIjoiaHR0cHM6XC9cL2NlZHRodS5yd3BzdGFnaW5nLnNpdGVcL3dwLWNvbnRlbnRcL3VwbG9hZHNcLzIwMTlcLzEwXC9UaV92aTAwNC5qcGciLCJzbGlkZXNob3ciOiIxZjc3YjNhMyJ9\">\n\t\t\t\t\t<div class=\"e-gallery-image elementor-gallery-item__image\" data-thumbnail=\"https:\/\/cedthu.rwpstaging.site\/wp-content\/uploads\/2019\/10\/Ti_vi004-300x200.jpg\" data-width=\"300\" data-height=\"200\" aria-label=\"\" role=\"img\" ><\/div>\n\t\t\t\t\t\t\t\t\t\t\t<div class=\"elementor-gallery-item__overlay\"><\/div>\n\t\t\t\t\t\t\t\t\t\t\t\t\t\t<\/a>\n\t\t\t\t\t\t\t<a class=\"e-gallery-item elementor-gallery-item elementor-animated-content\" href=\"https:\/\/cedthu.rwpstaging.site\/wp-content\/uploads\/2019\/10\/Ti_vi005.jpg\" data-elementor-open-lightbox=\"yes\" data-elementor-lightbox-slideshow=\"1f77b3a3\" data-elementor-lightbox-title=\"Ti_vi005\" data-e-action-hash=\"#elementor-action%3Aaction%3Dlightbox%26settings%3DeyJpZCI6NjM1NiwidXJsIjoiaHR0cHM6XC9cL2NlZHRodS5yd3BzdGFnaW5nLnNpdGVcL3dwLWNvbnRlbnRcL3VwbG9hZHNcLzIwMTlcLzEwXC9UaV92aTAwNS5qcGciLCJzbGlkZXNob3ciOiIxZjc3YjNhMyJ9\">\n\t\t\t\t\t<div class=\"e-gallery-image elementor-gallery-item__image\" data-thumbnail=\"https:\/\/cedthu.rwpstaging.site\/wp-content\/uploads\/2019\/10\/Ti_vi005-300x200.jpg\" data-width=\"300\" data-height=\"200\" aria-label=\"\" role=\"img\" ><\/div>\n\t\t\t\t\t\t\t\t\t\t\t<div class=\"elementor-gallery-item__overlay\"><\/div>\n\t\t\t\t\t\t\t\t\t\t\t\t\t\t<\/a>\n\t\t\t\t\t<\/div>\n\t\t\t\t\t<\/div>\n\t\t\t\t<\/div>\n\t\t\t\t<div class=\"elementor-element elementor-element-69bcf012 elementor-widget elementor-widget-heading\" data-id=\"69bcf012\" data-element_type=\"widget\" data-widget_type=\"heading.default\">\n\t\t\t\t<div class=\"elementor-widget-container\">\n\t\t\t\t\t<h2 class=\"elementor-heading-title elementor-size-default\">Related Press Releases<\/h2>\t\t\t\t<\/div>\n\t\t\t\t<\/div>\n\t\t\t\t<div class=\"elementor-element elementor-element-370e8360 elementor-widget-divider--view-line elementor-widget elementor-widget-divider\" data-id=\"370e8360\" data-element_type=\"widget\" data-widget_type=\"divider.default\">\n\t\t\t\t<div class=\"elementor-widget-container\">\n\t\t\t\t\t\t\t<div class=\"elementor-divider\">\n\t\t\t<span class=\"elementor-divider-separator\">\n\t\t\t\t\t\t<\/span>\n\t\t<\/div>\n\t\t\t\t\t\t<\/div>\n\t\t\t\t<\/div>\n\t\t\t\t<div class=\"elementor-element elementor-element-c8b7f9c elementor-widget elementor-widget-text-editor\" data-id=\"c8b7f9c\" data-element_type=\"widget\" data-widget_type=\"text-editor.default\">\n\t\t\t\t<div class=\"elementor-widget-container\">\n\t\t\t\t\t\t\t\t\t<h3>Cserepes Gyula: Tiszavir\u00e1g (IKF 2019)<\/h3><p><a href=\"https:\/\/www.facebook.com\/kozepeuropa\/videos\/738857859953072\/\">https:\/\/www.facebook.com\/kozepeuropa\/videos\/738857859953072\/<\/a><\/p>\t\t\t\t\t\t\t\t<\/div>\n\t\t\t\t<\/div>\n\t\t\t\t<div class=\"elementor-element elementor-element-e625fcd elementor-widget elementor-widget-text-editor\" data-id=\"e625fcd\" data-element_type=\"widget\" data-widget_type=\"text-editor.default\">\n\t\t\t\t<div class=\"elementor-widget-container\">\n\t\t\t\t\t\t\t\t\t<div class=\"pressauthor\"><div class=\"pressauthor\"><div class=\"pressauthor\">Turbuly Lilla: <a href=\"http:\/\/tanckritika.hu\/kategoriak\/kritika\/1479-turbuly-lilla-billy-elliottol-a-laokoon-csoportig?fbclid=IwAR39vTpdbkrVET6goSVxDDCEhlnTtaLYSZwzSnYlD1-7wtsoRYhZUI39MFU\">From Billy Elliot to the Laoco\u00f3n Group - Sissi Autumn Dance 2.\u00a0 <\/a>(T\u00e1nckritika.hu) <span style=\"font-family: -apple-system, BlinkMacSystemFont, 'Segoe UI', Roboto, 'Helvetica Neue', Arial, 'Noto Sans', sans-serif, 'Apple Color Emoji', 'Segoe UI Emoji', 'Segoe UI Symbol', 'Noto Color Emoji';\">&#8211; 26\/11\/2019 <\/span><span style=\"font-family: -apple-system, BlinkMacSystemFont, 'Segoe UI', Roboto, 'Helvetica Neue', Arial, 'Noto Sans', sans-serif, 'Apple Color Emoji', 'Segoe UI Emoji', 'Segoe UI Symbol', 'Noto Color Emoji';\">...in just five days, choreographies were not at all bare-bones, but rich in ideas, and the dancers of the Central Europe Dance Theatre and the University of Dance Arts proved with heart, soul and technique that contemporary dance is not dead.<\/span><\/div><\/div><\/div>\t\t\t\t\t\t\t\t<\/div>\n\t\t\t\t<\/div>\n\t\t\t\t\t<\/div>\n\t\t<\/div>\n\t\t\t\t\t<\/div>\n\t\t<\/section>\n\t\t\t\t<\/div>","protected":false},"excerpt":{"rendered":"<p>Tiszavir\u00e1g \u201eMi\u00f3ta az eszemet tudom, a Tisza vonz\u00e1s\u00e1ban \u00e9ltem. A mai napig, ha visszat\u00e9rek a sz\u00fcl\u0151f\u00f6ldre, a Vajdas\u00e1gba, \u201emeg-meg\u00e1llok a kanyarg\u00f3\u2026\u201d v\u00edz partj\u00e1n. Gyakran \u00fcl\u00f6k a vizet vizsg\u00e1lva, figyelem a sodrokat, fodrokat, \u00f6rv\u00e9nyeket \u00e9s hull\u00e1mokat. A fel-felcsillan\u00f3 halakat vagy a bor\u00fasan v\u00e1gtat\u00f3 v\u00e1ndor fellegeket. P\u00e1rbesz\u00e9det folytatunk, a foly\u00f3 \u00e9s \u00e9n. Ha valami hi\u00e1nyzik j\u00e1rtamban-keltemben a [&hellip;]<\/p>","protected":false},"author":1,"featured_media":0,"parent":0,"menu_order":0,"comment_status":"closed","ping_status":"closed","template":"elementor_header_footer","meta":{"footnotes":""},"class_list":["post-18455","page","type-page","status-publish","hentry"],"yoast_head":"<!-- This site is optimized with the Yoast SEO plugin v26.0 - https:\/\/yoast.com\/wordpress\/plugins\/seo\/ -->\n<title>XVII. IKF Tehets\u00e9gprogram \u2014 Cserepes Gyula - KET<\/title>\n<meta name=\"robots\" content=\"index, follow, max-snippet:-1, max-image-preview:large, max-video-preview:-1\" \/>\n<link rel=\"canonical\" href=\"https:\/\/cedthu.rwpstaging.site\/en\/xvii-ikf-tehetsegprogram-cserepes-gyula\/\" \/>\n<meta name=\"twitter:card\" content=\"summary_large_image\" \/>\n<meta name=\"twitter:title\" content=\"XVII. IKF Tehets\u00e9gprogram \u2014 Cserepes Gyula - KET\" \/>\n<meta name=\"twitter:description\" content=\"Tiszavir\u00e1g \u201eMi\u00f3ta az eszemet tudom, a Tisza vonz\u00e1s\u00e1ban \u00e9ltem. A mai napig, ha visszat\u00e9rek a sz\u00fcl\u0151f\u00f6ldre, a Vajdas\u00e1gba, \u201emeg-meg\u00e1llok a kanyarg\u00f3\u2026\u201d v\u00edz partj\u00e1n. Gyakran \u00fcl\u00f6k a vizet vizsg\u00e1lva, figyelem a sodrokat, fodrokat, \u00f6rv\u00e9nyeket \u00e9s hull\u00e1mokat. A fel-felcsillan\u00f3 halakat vagy a bor\u00fasan v\u00e1gtat\u00f3 v\u00e1ndor fellegeket. P\u00e1rbesz\u00e9det folytatunk, a foly\u00f3 \u00e9s \u00e9n. Ha valami hi\u00e1nyzik j\u00e1rtamban-keltemben a [&hellip;]\" \/>\n<meta name=\"twitter:label1\" content=\"Est. reading time\" \/>\n\t<meta name=\"twitter:data1\" content=\"2 minutes\" \/>\n<script type=\"application\/ld+json\" class=\"yoast-schema-graph\">{\"@context\":\"https:\/\/schema.org\",\"@graph\":[{\"@type\":\"WebPage\",\"@id\":\"https:\/\/cedthu.rwpstaging.site\/xvii-ikf-tehetsegprogram-cserepes-gyula\/\",\"url\":\"https:\/\/cedthu.rwpstaging.site\/xvii-ikf-tehetsegprogram-cserepes-gyula\/\",\"name\":\"XVII. IKF Tehets\u00e9gprogram \u2014 Cserepes Gyula - KET\",\"isPartOf\":{\"@id\":\"https:\/\/cedthu.rwpstaging.site\/#website\"},\"datePublished\":\"2025-05-15T17:01:07+00:00\",\"dateModified\":\"2025-05-15T17:03:39+00:00\",\"breadcrumb\":{\"@id\":\"https:\/\/cedthu.rwpstaging.site\/xvii-ikf-tehetsegprogram-cserepes-gyula\/#breadcrumb\"},\"inLanguage\":\"en-US\",\"potentialAction\":[{\"@type\":\"ReadAction\",\"target\":[\"https:\/\/cedthu.rwpstaging.site\/xvii-ikf-tehetsegprogram-cserepes-gyula\/\"]}]},{\"@type\":\"BreadcrumbList\",\"@id\":\"https:\/\/cedthu.rwpstaging.site\/xvii-ikf-tehetsegprogram-cserepes-gyula\/#breadcrumb\",\"itemListElement\":[{\"@type\":\"ListItem\",\"position\":1,\"name\":\"Home\",\"item\":\"https:\/\/cedthu.rwpstaging.site\/\"},{\"@type\":\"ListItem\",\"position\":2,\"name\":\"XVII. IKF Tehets\u00e9gprogram \u2014 Cserepes Gyula\"}]},{\"@type\":\"WebSite\",\"@id\":\"https:\/\/cedthu.rwpstaging.site\/#website\",\"url\":\"https:\/\/cedthu.rwpstaging.site\/\",\"name\":\"KET\",\"description\":\"K\u00f6z\u00e9p-Eur\u00f3pa T\u00e1ncsz\u00ednh\u00e1z\",\"publisher\":{\"@id\":\"https:\/\/cedthu.rwpstaging.site\/#organization\"},\"potentialAction\":[{\"@type\":\"SearchAction\",\"target\":{\"@type\":\"EntryPoint\",\"urlTemplate\":\"https:\/\/cedthu.rwpstaging.site\/?s={search_term_string}\"},\"query-input\":{\"@type\":\"PropertyValueSpecification\",\"valueRequired\":true,\"valueName\":\"search_term_string\"}}],\"inLanguage\":\"en-US\"},{\"@type\":\"Organization\",\"@id\":\"https:\/\/cedthu.rwpstaging.site\/#organization\",\"name\":\"KET\",\"url\":\"https:\/\/cedthu.rwpstaging.site\/\",\"logo\":{\"@type\":\"ImageObject\",\"inLanguage\":\"en-US\",\"@id\":\"https:\/\/cedthu.rwpstaging.site\/#\/schema\/logo\/image\/\",\"url\":\"https:\/\/cedthu.rwpstaging.site\/wp-content\/uploads\/2024\/03\/cropped-KET-NYomda-logo2.png\",\"contentUrl\":\"https:\/\/cedthu.rwpstaging.site\/wp-content\/uploads\/2024\/03\/cropped-KET-NYomda-logo2.png\",\"width\":300,\"height\":326,\"caption\":\"KET\"},\"image\":{\"@id\":\"https:\/\/cedthu.rwpstaging.site\/#\/schema\/logo\/image\/\"}}]}<\/script>\n<!-- \/ Yoast SEO plugin. -->","yoast_head_json":{"title":"XVII. IKF Tehets\u00e9gprogram \u2014 Cserepes Gyula - KET","robots":{"index":"index","follow":"follow","max-snippet":"max-snippet:-1","max-image-preview":"max-image-preview:large","max-video-preview":"max-video-preview:-1"},"canonical":"https:\/\/cedthu.rwpstaging.site\/en\/xvii-ikf-tehetsegprogram-cserepes-gyula\/","twitter_card":"summary_large_image","twitter_title":"XVII. IKF Tehets\u00e9gprogram \u2014 Cserepes Gyula - KET","twitter_description":"Tiszavir\u00e1g \u201eMi\u00f3ta az eszemet tudom, a Tisza vonz\u00e1s\u00e1ban \u00e9ltem. A mai napig, ha visszat\u00e9rek a sz\u00fcl\u0151f\u00f6ldre, a Vajdas\u00e1gba, \u201emeg-meg\u00e1llok a kanyarg\u00f3\u2026\u201d v\u00edz partj\u00e1n. Gyakran \u00fcl\u00f6k a vizet vizsg\u00e1lva, figyelem a sodrokat, fodrokat, \u00f6rv\u00e9nyeket \u00e9s hull\u00e1mokat. A fel-felcsillan\u00f3 halakat vagy a bor\u00fasan v\u00e1gtat\u00f3 v\u00e1ndor fellegeket. P\u00e1rbesz\u00e9det folytatunk, a foly\u00f3 \u00e9s \u00e9n. Ha valami hi\u00e1nyzik j\u00e1rtamban-keltemben a [&hellip;]","twitter_misc":{"Est. reading time":"2 minutes"},"schema":{"@context":"https:\/\/schema.org","@graph":[{"@type":"WebPage","@id":"https:\/\/cedthu.rwpstaging.site\/xvii-ikf-tehetsegprogram-cserepes-gyula\/","url":"https:\/\/cedthu.rwpstaging.site\/xvii-ikf-tehetsegprogram-cserepes-gyula\/","name":"XVII. IKF Tehets\u00e9gprogram \u2014 Cserepes Gyula - KET","isPartOf":{"@id":"https:\/\/cedthu.rwpstaging.site\/#website"},"datePublished":"2025-05-15T17:01:07+00:00","dateModified":"2025-05-15T17:03:39+00:00","breadcrumb":{"@id":"https:\/\/cedthu.rwpstaging.site\/xvii-ikf-tehetsegprogram-cserepes-gyula\/#breadcrumb"},"inLanguage":"en-US","potentialAction":[{"@type":"ReadAction","target":["https:\/\/cedthu.rwpstaging.site\/xvii-ikf-tehetsegprogram-cserepes-gyula\/"]}]},{"@type":"BreadcrumbList","@id":"https:\/\/cedthu.rwpstaging.site\/xvii-ikf-tehetsegprogram-cserepes-gyula\/#breadcrumb","itemListElement":[{"@type":"ListItem","position":1,"name":"Home","item":"https:\/\/cedthu.rwpstaging.site\/"},{"@type":"ListItem","position":2,"name":"XVII. IKF Tehets\u00e9gprogram \u2014 Cserepes Gyula"}]},{"@type":"WebSite","@id":"https:\/\/cedthu.rwpstaging.site\/#website","url":"https:\/\/cedthu.rwpstaging.site\/","name":"KET","description":"Central Europe Dance Theatre","publisher":{"@id":"https:\/\/cedthu.rwpstaging.site\/#organization"},"potentialAction":[{"@type":"SearchAction","target":{"@type":"EntryPoint","urlTemplate":"https:\/\/cedthu.rwpstaging.site\/?s={search_term_string}"},"query-input":{"@type":"PropertyValueSpecification","valueRequired":true,"valueName":"search_term_string"}}],"inLanguage":"en-US"},{"@type":"Organization","@id":"https:\/\/cedthu.rwpstaging.site\/#organization","name":"KET","url":"https:\/\/cedthu.rwpstaging.site\/","logo":{"@type":"ImageObject","inLanguage":"en-US","@id":"https:\/\/cedthu.rwpstaging.site\/#\/schema\/logo\/image\/","url":"https:\/\/cedthu.rwpstaging.site\/wp-content\/uploads\/2024\/03\/cropped-KET-NYomda-logo2.png","contentUrl":"https:\/\/cedthu.rwpstaging.site\/wp-content\/uploads\/2024\/03\/cropped-KET-NYomda-logo2.png","width":300,"height":326,"caption":"KET"},"image":{"@id":"https:\/\/cedthu.rwpstaging.site\/#\/schema\/logo\/image\/"}}]}},"_links":{"self":[{"href":"https:\/\/cedthu.rwpstaging.site\/en\/wp-json\/wp\/v2\/pages\/18455","targetHints":{"allow":["GET"]}}],"collection":[{"href":"https:\/\/cedthu.rwpstaging.site\/en\/wp-json\/wp\/v2\/pages"}],"about":[{"href":"https:\/\/cedthu.rwpstaging.site\/en\/wp-json\/wp\/v2\/types\/page"}],"author":[{"embeddable":true,"href":"https:\/\/cedthu.rwpstaging.site\/en\/wp-json\/wp\/v2\/users\/1"}],"replies":[{"embeddable":true,"href":"https:\/\/cedthu.rwpstaging.site\/en\/wp-json\/wp\/v2\/comments?post=18455"}],"version-history":[{"count":5,"href":"https:\/\/cedthu.rwpstaging.site\/en\/wp-json\/wp\/v2\/pages\/18455\/revisions"}],"predecessor-version":[{"id":18481,"href":"https:\/\/cedthu.rwpstaging.site\/en\/wp-json\/wp\/v2\/pages\/18455\/revisions\/18481"}],"wp:attachment":[{"href":"https:\/\/cedthu.rwpstaging.site\/en\/wp-json\/wp\/v2\/media?parent=18455"}],"curies":[{"name":"wp","href":"https:\/\/api.w.org\/{rel}","templated":true}]}}