{"id":18482,"date":"2025-05-15T17:04:29","date_gmt":"2025-05-15T17:04:29","guid":{"rendered":"https:\/\/cedthu.rwpstaging.site\/?page_id=18482"},"modified":"2025-05-15T17:06:53","modified_gmt":"2025-05-15T17:06:53","slug":"xvi-ikf-tehetsegprogram-eva-urbanova","status":"publish","type":"page","link":"https:\/\/cedthu.rwpstaging.site\/en\/xvi-ikf-tehetsegprogram-eva-urbanova\/","title":{"rendered":"XVI IKF Talent Programme - Eva Urbanova"},"content":{"rendered":"<div data-elementor-type=\"wp-page\" data-elementor-id=\"18482\" class=\"elementor elementor-18482\" data-elementor-post-type=\"page\">\n\t\t\t\t\t\t<section class=\"elementor-section elementor-top-section elementor-element elementor-element-48f88c22 elementor-section-boxed elementor-section-height-default elementor-section-height-default\" data-id=\"48f88c22\" data-element_type=\"section\" data-settings=\"{&quot;background_background&quot;:&quot;classic&quot;}\">\n\t\t\t\t\t\t<div class=\"elementor-container elementor-column-gap-default\">\n\t\t\t\t\t<div class=\"elementor-column elementor-col-100 elementor-top-column elementor-element elementor-element-2084dab5\" data-id=\"2084dab5\" data-element_type=\"column\">\n\t\t\t<div class=\"elementor-widget-wrap elementor-element-populated\">\n\t\t\t\t\t\t<div class=\"elementor-element elementor-element-61ef15cf elementor-widget elementor-widget-image\" data-id=\"61ef15cf\" data-element_type=\"widget\" data-widget_type=\"image.default\">\n\t\t\t\t<div class=\"elementor-widget-container\">\n\t\t\t\t\t\t\t\t\t\t\t\t\t\t\t<img fetchpriority=\"high\" decoding=\"async\" width=\"806\" height=\"504\" src=\"https:\/\/cedthu.rwpstaging.site\/wp-content\/uploads\/2019\/10\/IMG_3583-FF.jpg\" class=\"attachment-full size-full wp-image-6265\" alt=\"\" \/>\t\t\t\t\t\t\t\t\t\t\t\t\t\t\t<\/div>\n\t\t\t\t<\/div>\n\t\t\t\t<div class=\"elementor-element elementor-element-601424d5 elementor-widget elementor-widget-text-editor\" data-id=\"601424d5\" data-element_type=\"widget\" data-widget_type=\"text-editor.default\">\n\t\t\t\t<div class=\"elementor-widget-container\">\n\t\t\t\t\t\t\t\t\t<div class=\"x11i5rnm xat24cr x1mh8g0r x1vvkbs xtlvy1s\"><div class=\"show-description\"><p>DANCE is not DEAD!<\/p><p>What is it that we hide, that is hidden behind every layer of our personality? And why do we get these layers? Are they there for us to follow or to decide if we follow them? Our passions? Our demons? Or some other story entirely?<\/p><p>Portrait of Roland Szab\u00f3 (L1danceFest)<\/p><\/div><\/div>\t\t\t\t\t\t\t\t<\/div>\n\t\t\t\t<\/div>\n\t\t\t\t<div class=\"elementor-element elementor-element-7479d816 elementor-widget elementor-widget-heading\" data-id=\"7479d816\" data-element_type=\"widget\" data-widget_type=\"heading.default\">\n\t\t\t\t<div class=\"elementor-widget-container\">\n\t\t\t\t\t<h2 class=\"elementor-heading-title elementor-size-default\">creators<\/h2>\t\t\t\t<\/div>\n\t\t\t\t<\/div>\n\t\t\t\t<div class=\"elementor-element elementor-element-208d3765 elementor-widget-divider--view-line elementor-widget elementor-widget-divider\" data-id=\"208d3765\" data-element_type=\"widget\" data-widget_type=\"divider.default\">\n\t\t\t\t<div class=\"elementor-widget-container\">\n\t\t\t\t\t\t\t<div class=\"elementor-divider\">\n\t\t\t<span class=\"elementor-divider-separator\">\n\t\t\t\t\t\t<\/span>\n\t\t<\/div>\n\t\t\t\t\t\t<\/div>\n\t\t\t\t<\/div>\n\t\t\t\t<div class=\"elementor-element elementor-element-32d518e7 elementor-widget elementor-widget-text-editor\" data-id=\"32d518e7\" data-element_type=\"widget\" data-widget_type=\"text-editor.default\">\n\t\t\t\t<div class=\"elementor-widget-container\">\n\t\t\t\t\t\t\t\t\t<div class=\"show-actors\"><div id=\"nested-actors\"><div class=\"show-actors\"><div id=\"nested-actors\"><div><h3>Presenters<\/h3><ul><li>Adrienn Horv\u00e1th<\/li><li>Laura T\u00f3th<\/li><li>Kriszti\u00e1n Ungi<\/li><li>and students of the Modern Dance Department of the Hungarian Dance University:<\/li><li>Haanp\u00e4\u00e4 Phet Samurai<\/li><li>G\u00e1bor Kindl<\/li><li>Kov\u00e1cs M\u00e1ty\u00e1s<\/li><li>No\u00e9mi Pataki<\/li><\/ul><\/div><div><h3>Choreographer<\/h3><ul><li>Eva Urbanova<\/li><\/ul><\/div><\/div><\/div><\/div><\/div>\t\t\t\t\t\t\t\t<\/div>\n\t\t\t\t<\/div>\n\t\t\t\t<div class=\"elementor-element elementor-element-72f8f9e9 elementor-widget elementor-widget-gallery\" data-id=\"72f8f9e9\" data-element_type=\"widget\" data-settings=\"{&quot;columns&quot;:3,&quot;lazyload&quot;:&quot;yes&quot;,&quot;gallery_layout&quot;:&quot;grid&quot;,&quot;columns_tablet&quot;:2,&quot;columns_mobile&quot;:1,&quot;gap&quot;:{&quot;unit&quot;:&quot;px&quot;,&quot;size&quot;:10,&quot;sizes&quot;:[]},&quot;gap_tablet&quot;:{&quot;unit&quot;:&quot;px&quot;,&quot;size&quot;:10,&quot;sizes&quot;:[]},&quot;gap_mobile&quot;:{&quot;unit&quot;:&quot;px&quot;,&quot;size&quot;:10,&quot;sizes&quot;:[]},&quot;link_to&quot;:&quot;file&quot;,&quot;aspect_ratio&quot;:&quot;3:2&quot;,&quot;overlay_background&quot;:&quot;yes&quot;,&quot;content_hover_animation&quot;:&quot;fade-in&quot;}\" data-widget_type=\"gallery.default\">\n\t\t\t\t<div class=\"elementor-widget-container\">\n\t\t\t\t\t\t\t<div class=\"elementor-gallery__container\">\n\t\t\t\t\t\t\t<a class=\"e-gallery-item elementor-gallery-item elementor-animated-content\" href=\"https:\/\/cedthu.rwpstaging.site\/wp-content\/uploads\/2019\/10\/DinD_001_logo.jpg\" data-elementor-open-lightbox=\"yes\" data-elementor-lightbox-slideshow=\"72f8f9e9\" data-elementor-lightbox-title=\"DinD_001_logo\" data-e-action-hash=\"#elementor-action%3Aaction%3Dlightbox%26settings%3DeyJpZCI6NjQyMCwidXJsIjoiaHR0cHM6XC9cL2NlZHRodS5yd3BzdGFnaW5nLnNpdGVcL3dwLWNvbnRlbnRcL3VwbG9hZHNcLzIwMTlcLzEwXC9EaW5EXzAwMV9sb2dvLmpwZyIsInNsaWRlc2hvdyI6IjcyZjhmOWU5In0%3D\">\n\t\t\t\t\t<div class=\"e-gallery-image elementor-gallery-item__image\" data-thumbnail=\"https:\/\/cedthu.rwpstaging.site\/wp-content\/uploads\/2019\/10\/DinD_001_logo-300x200.jpg\" data-width=\"300\" data-height=\"200\" aria-label=\"\" role=\"img\" ><\/div>\n\t\t\t\t\t\t\t\t\t\t\t<div class=\"elementor-gallery-item__overlay\"><\/div>\n\t\t\t\t\t\t\t\t\t\t\t\t\t\t<\/a>\n\t\t\t\t\t\t\t<a class=\"e-gallery-item elementor-gallery-item elementor-animated-content\" href=\"https:\/\/cedthu.rwpstaging.site\/wp-content\/uploads\/2019\/10\/DinD_005_logo.jpg\" data-elementor-open-lightbox=\"yes\" data-elementor-lightbox-slideshow=\"72f8f9e9\" data-elementor-lightbox-title=\"DinD_005_logo\" data-e-action-hash=\"#elementor-action%3Aaction%3Dlightbox%26settings%3DeyJpZCI6NjQyMiwidXJsIjoiaHR0cHM6XC9cL2NlZHRodS5yd3BzdGFnaW5nLnNpdGVcL3dwLWNvbnRlbnRcL3VwbG9hZHNcLzIwMTlcLzEwXC9EaW5EXzAwNV9sb2dvLmpwZyIsInNsaWRlc2hvdyI6IjcyZjhmOWU5In0%3D\">\n\t\t\t\t\t<div class=\"e-gallery-image elementor-gallery-item__image\" data-thumbnail=\"https:\/\/cedthu.rwpstaging.site\/wp-content\/uploads\/2019\/10\/DinD_005_logo-300x200.jpg\" data-width=\"300\" data-height=\"200\" aria-label=\"\" role=\"img\" ><\/div>\n\t\t\t\t\t\t\t\t\t\t\t<div class=\"elementor-gallery-item__overlay\"><\/div>\n\t\t\t\t\t\t\t\t\t\t\t\t\t\t<\/a>\n\t\t\t\t\t\t\t<a class=\"e-gallery-item elementor-gallery-item elementor-animated-content\" href=\"https:\/\/cedthu.rwpstaging.site\/wp-content\/uploads\/2019\/10\/DinD_016_logo.jpg\" data-elementor-open-lightbox=\"yes\" data-elementor-lightbox-slideshow=\"72f8f9e9\" data-elementor-lightbox-title=\"DinD_016_logo\" data-e-action-hash=\"#elementor-action%3Aaction%3Dlightbox%26settings%3DeyJpZCI6NjQyNCwidXJsIjoiaHR0cHM6XC9cL2NlZHRodS5yd3BzdGFnaW5nLnNpdGVcL3dwLWNvbnRlbnRcL3VwbG9hZHNcLzIwMTlcLzEwXC9EaW5EXzAxNl9sb2dvLmpwZyIsInNsaWRlc2hvdyI6IjcyZjhmOWU5In0%3D\">\n\t\t\t\t\t<div class=\"e-gallery-image elementor-gallery-item__image\" data-thumbnail=\"https:\/\/cedthu.rwpstaging.site\/wp-content\/uploads\/2019\/10\/DinD_016_logo-300x199.jpg\" data-width=\"300\" data-height=\"199\" aria-label=\"\" role=\"img\" ><\/div>\n\t\t\t\t\t\t\t\t\t\t\t<div class=\"elementor-gallery-item__overlay\"><\/div>\n\t\t\t\t\t\t\t\t\t\t\t\t\t\t<\/a>\n\t\t\t\t\t<\/div>\n\t\t\t\t\t<\/div>\n\t\t\t\t<\/div>\n\t\t\t\t<div class=\"elementor-element elementor-element-6c50ef4c elementor-widget elementor-widget-heading\" data-id=\"6c50ef4c\" data-element_type=\"widget\" data-widget_type=\"heading.default\">\n\t\t\t\t<div class=\"elementor-widget-container\">\n\t\t\t\t\t<h2 class=\"elementor-heading-title elementor-size-default\">DANCE is not DEAD! (2019 IKF) - trailer<\/h2>\t\t\t\t<\/div>\n\t\t\t\t<\/div>\n\t\t\t\t<div class=\"elementor-element elementor-element-52cae472 elementor-widget elementor-widget-video\" data-id=\"52cae472\" data-element_type=\"widget\" data-settings=\"{&quot;youtube_url&quot;:&quot;https:\\\/\\\/youtu.be\\\/M9bnC_8RTeo&quot;,&quot;video_type&quot;:&quot;youtube&quot;,&quot;controls&quot;:&quot;yes&quot;}\" data-widget_type=\"video.default\">\n\t\t\t\t<div class=\"elementor-widget-container\">\n\t\t\t\t\t\t\t<div class=\"elementor-wrapper elementor-open-inline\">\n\t\t\t<div class=\"elementor-video\"><\/div>\t\t<\/div>\n\t\t\t\t\t\t<\/div>\n\t\t\t\t<\/div>\n\t\t\t\t<div class=\"elementor-element elementor-element-22f7e4bc elementor-widget elementor-widget-heading\" data-id=\"22f7e4bc\" data-element_type=\"widget\" data-widget_type=\"heading.default\">\n\t\t\t\t<div class=\"elementor-widget-container\">\n\t\t\t\t\t<h2 class=\"elementor-heading-title elementor-size-default\">Related Press Releases<\/h2>\t\t\t\t<\/div>\n\t\t\t\t<\/div>\n\t\t\t\t<div class=\"elementor-element elementor-element-7a372a8a elementor-widget-divider--view-line elementor-widget elementor-widget-divider\" data-id=\"7a372a8a\" data-element_type=\"widget\" data-widget_type=\"divider.default\">\n\t\t\t\t<div class=\"elementor-widget-container\">\n\t\t\t\t\t\t\t<div class=\"elementor-divider\">\n\t\t\t<span class=\"elementor-divider-separator\">\n\t\t\t\t\t\t<\/span>\n\t\t<\/div>\n\t\t\t\t\t\t<\/div>\n\t\t\t\t<\/div>\n\t\t\t\t<div class=\"elementor-element elementor-element-4f6dd27b elementor-widget elementor-widget-text-editor\" data-id=\"4f6dd27b\" data-element_type=\"widget\" data-widget_type=\"text-editor.default\">\n\t\t\t\t<div class=\"elementor-widget-container\">\n\t\t\t\t\t\t\t\t\t<div class=\"pressauthor\"><div class=\"pressauthor\"><div class=\"pressauthor\">Turbuly Lilla: <a href=\"http:\/\/tanckritika.hu\/kategoriak\/kritika\/1479-turbuly-lilla-billy-elliottol-a-laokoon-csoportig?fbclid=IwAR39vTpdbkrVET6goSVxDDCEhlnTtaLYSZwzSnYlD1-7wtsoRYhZUI39MFU\">From Billy Elliot to the Laoco\u00f3n Group - Sissi Autumn Dance 2.\u00a0 <\/a>(T\u00e1nckritika.hu) <span style=\"font-family: -apple-system, BlinkMacSystemFont, 'Segoe UI', Roboto, 'Helvetica Neue', Arial, 'Noto Sans', sans-serif, 'Apple Color Emoji', 'Segoe UI Emoji', 'Segoe UI Symbol', 'Noto Color Emoji';\">&#8211; 26\/11\/2019 <\/span><span style=\"font-family: -apple-system, BlinkMacSystemFont, 'Segoe UI', Roboto, 'Helvetica Neue', Arial, 'Noto Sans', sans-serif, 'Apple Color Emoji', 'Segoe UI Emoji', 'Segoe UI Symbol', 'Noto Color Emoji';\">...in just five days, choreographies were not at all bare-bones, but rich in ideas, and the dancers of the Central Europe Dance Theatre and the University of Dance Arts proved with heart, soul and technique that contemporary dance is not dead.<\/span><\/div><\/div><\/div>\t\t\t\t\t\t\t\t<\/div>\n\t\t\t\t<\/div>\n\t\t\t\t\t<\/div>\n\t\t<\/div>\n\t\t\t\t\t<\/div>\n\t\t<\/section>\n\t\t\t\t<\/div>","protected":false},"excerpt":{"rendered":"<p>DANCE is not DEAD! Mi az, amit elrejt\u00fcnk, ami el van rejtve szem\u00e9lyis\u00e9g\u00fcnk minden egyes r\u00e9tege m\u00f6g\u00f6tt? \u00c9s mi\u00e9rt pont ezeket a r\u00e9tegeket kapjuk? Az\u00e9rt vannak, hogy k\u00f6vess\u00fck vagy, hogy eld\u00f6nts\u00fck, k\u00f6vetj\u00fck-e \u0151ket? A szenved\u00e9lyeink? A d\u00e9monaink? Vagy valami teljesen m\u00e1s t\u00f6rt\u00e9net? Portr\u00e9: Szab\u00f3 Roland (L1danceFest) alkot\u00f3k El\u0151ad\u00f3k Horv\u00e1th Adrienn T\u00f3th Laura Ungi Kriszti\u00e1n \u00e9s [&hellip;]<\/p>","protected":false},"author":1,"featured_media":0,"parent":0,"menu_order":0,"comment_status":"closed","ping_status":"closed","template":"elementor_header_footer","meta":{"footnotes":""},"class_list":["post-18482","page","type-page","status-publish","hentry"],"yoast_head":"<!-- This site is optimized with the Yoast SEO plugin v26.0 - https:\/\/yoast.com\/wordpress\/plugins\/seo\/ -->\n<title>XVI. IKF Tehets\u00e9gprogram \u2014 Eva Urbanova - KET<\/title>\n<meta name=\"robots\" content=\"index, follow, max-snippet:-1, max-image-preview:large, max-video-preview:-1\" \/>\n<link rel=\"canonical\" href=\"https:\/\/cedthu.rwpstaging.site\/en\/xvi-ikf-tehetsegprogram-eva-urbanova\/\" \/>\n<meta name=\"twitter:card\" content=\"summary_large_image\" \/>\n<meta name=\"twitter:title\" content=\"XVI. IKF Tehets\u00e9gprogram \u2014 Eva Urbanova - KET\" \/>\n<meta name=\"twitter:description\" content=\"DANCE is not DEAD! Mi az, amit elrejt\u00fcnk, ami el van rejtve szem\u00e9lyis\u00e9g\u00fcnk minden egyes r\u00e9tege m\u00f6g\u00f6tt? \u00c9s mi\u00e9rt pont ezeket a r\u00e9tegeket kapjuk? Az\u00e9rt vannak, hogy k\u00f6vess\u00fck vagy, hogy eld\u00f6nts\u00fck, k\u00f6vetj\u00fck-e \u0151ket? A szenved\u00e9lyeink? A d\u00e9monaink? Vagy valami teljesen m\u00e1s t\u00f6rt\u00e9net? Portr\u00e9: Szab\u00f3 Roland (L1danceFest) alkot\u00f3k El\u0151ad\u00f3k Horv\u00e1th Adrienn T\u00f3th Laura Ungi Kriszti\u00e1n \u00e9s [&hellip;]\" \/>\n<meta name=\"twitter:image\" content=\"https:\/\/cedthu.rwpstaging.site\/wp-content\/uploads\/2019\/10\/IMG_3583-FF.jpg\" \/>\n<meta name=\"twitter:label1\" content=\"Est. reading time\" \/>\n\t<meta name=\"twitter:data1\" content=\"1 minute\" \/>\n<script type=\"application\/ld+json\" class=\"yoast-schema-graph\">{\"@context\":\"https:\/\/schema.org\",\"@graph\":[{\"@type\":\"WebPage\",\"@id\":\"https:\/\/cedthu.rwpstaging.site\/xvi-ikf-tehetsegprogram-eva-urbanova\/\",\"url\":\"https:\/\/cedthu.rwpstaging.site\/xvi-ikf-tehetsegprogram-eva-urbanova\/\",\"name\":\"XVI. IKF Tehets\u00e9gprogram \u2014 Eva Urbanova - KET\",\"isPartOf\":{\"@id\":\"https:\/\/cedthu.rwpstaging.site\/#website\"},\"primaryImageOfPage\":{\"@id\":\"https:\/\/cedthu.rwpstaging.site\/xvi-ikf-tehetsegprogram-eva-urbanova\/#primaryimage\"},\"image\":{\"@id\":\"https:\/\/cedthu.rwpstaging.site\/xvi-ikf-tehetsegprogram-eva-urbanova\/#primaryimage\"},\"thumbnailUrl\":\"https:\/\/cedthu.rwpstaging.site\/wp-content\/uploads\/2019\/10\/IMG_3583-FF.jpg\",\"datePublished\":\"2025-05-15T17:04:29+00:00\",\"dateModified\":\"2025-05-15T17:06:53+00:00\",\"breadcrumb\":{\"@id\":\"https:\/\/cedthu.rwpstaging.site\/xvi-ikf-tehetsegprogram-eva-urbanova\/#breadcrumb\"},\"inLanguage\":\"en-US\",\"potentialAction\":[{\"@type\":\"ReadAction\",\"target\":[\"https:\/\/cedthu.rwpstaging.site\/xvi-ikf-tehetsegprogram-eva-urbanova\/\"]}]},{\"@type\":\"ImageObject\",\"inLanguage\":\"en-US\",\"@id\":\"https:\/\/cedthu.rwpstaging.site\/xvi-ikf-tehetsegprogram-eva-urbanova\/#primaryimage\",\"url\":\"https:\/\/cedthu.rwpstaging.site\/wp-content\/uploads\/2019\/10\/IMG_3583-FF.jpg\",\"contentUrl\":\"https:\/\/cedthu.rwpstaging.site\/wp-content\/uploads\/2019\/10\/IMG_3583-FF.jpg\"},{\"@type\":\"BreadcrumbList\",\"@id\":\"https:\/\/cedthu.rwpstaging.site\/xvi-ikf-tehetsegprogram-eva-urbanova\/#breadcrumb\",\"itemListElement\":[{\"@type\":\"ListItem\",\"position\":1,\"name\":\"Home\",\"item\":\"https:\/\/cedthu.rwpstaging.site\/\"},{\"@type\":\"ListItem\",\"position\":2,\"name\":\"XVI. IKF Tehets\u00e9gprogram \u2014 Eva Urbanova\"}]},{\"@type\":\"WebSite\",\"@id\":\"https:\/\/cedthu.rwpstaging.site\/#website\",\"url\":\"https:\/\/cedthu.rwpstaging.site\/\",\"name\":\"KET\",\"description\":\"K\u00f6z\u00e9p-Eur\u00f3pa T\u00e1ncsz\u00ednh\u00e1z\",\"publisher\":{\"@id\":\"https:\/\/cedthu.rwpstaging.site\/#organization\"},\"potentialAction\":[{\"@type\":\"SearchAction\",\"target\":{\"@type\":\"EntryPoint\",\"urlTemplate\":\"https:\/\/cedthu.rwpstaging.site\/?s={search_term_string}\"},\"query-input\":{\"@type\":\"PropertyValueSpecification\",\"valueRequired\":true,\"valueName\":\"search_term_string\"}}],\"inLanguage\":\"en-US\"},{\"@type\":\"Organization\",\"@id\":\"https:\/\/cedthu.rwpstaging.site\/#organization\",\"name\":\"KET\",\"url\":\"https:\/\/cedthu.rwpstaging.site\/\",\"logo\":{\"@type\":\"ImageObject\",\"inLanguage\":\"en-US\",\"@id\":\"https:\/\/cedthu.rwpstaging.site\/#\/schema\/logo\/image\/\",\"url\":\"https:\/\/cedthu.rwpstaging.site\/wp-content\/uploads\/2024\/03\/cropped-KET-NYomda-logo2.png\",\"contentUrl\":\"https:\/\/cedthu.rwpstaging.site\/wp-content\/uploads\/2024\/03\/cropped-KET-NYomda-logo2.png\",\"width\":300,\"height\":326,\"caption\":\"KET\"},\"image\":{\"@id\":\"https:\/\/cedthu.rwpstaging.site\/#\/schema\/logo\/image\/\"}}]}<\/script>\n<!-- \/ Yoast SEO plugin. -->","yoast_head_json":{"title":"XVI. IKF Tehets\u00e9gprogram \u2014 Eva Urbanova - KET","robots":{"index":"index","follow":"follow","max-snippet":"max-snippet:-1","max-image-preview":"max-image-preview:large","max-video-preview":"max-video-preview:-1"},"canonical":"https:\/\/cedthu.rwpstaging.site\/en\/xvi-ikf-tehetsegprogram-eva-urbanova\/","twitter_card":"summary_large_image","twitter_title":"XVI. IKF Tehets\u00e9gprogram \u2014 Eva Urbanova - KET","twitter_description":"DANCE is not DEAD! Mi az, amit elrejt\u00fcnk, ami el van rejtve szem\u00e9lyis\u00e9g\u00fcnk minden egyes r\u00e9tege m\u00f6g\u00f6tt? \u00c9s mi\u00e9rt pont ezeket a r\u00e9tegeket kapjuk? Az\u00e9rt vannak, hogy k\u00f6vess\u00fck vagy, hogy eld\u00f6nts\u00fck, k\u00f6vetj\u00fck-e \u0151ket? A szenved\u00e9lyeink? A d\u00e9monaink? Vagy valami teljesen m\u00e1s t\u00f6rt\u00e9net? Portr\u00e9: Szab\u00f3 Roland (L1danceFest) alkot\u00f3k El\u0151ad\u00f3k Horv\u00e1th Adrienn T\u00f3th Laura Ungi Kriszti\u00e1n \u00e9s [&hellip;]","twitter_image":"https:\/\/cedthu.rwpstaging.site\/wp-content\/uploads\/2019\/10\/IMG_3583-FF.jpg","twitter_misc":{"Est. reading time":"1 minute"},"schema":{"@context":"https:\/\/schema.org","@graph":[{"@type":"WebPage","@id":"https:\/\/cedthu.rwpstaging.site\/xvi-ikf-tehetsegprogram-eva-urbanova\/","url":"https:\/\/cedthu.rwpstaging.site\/xvi-ikf-tehetsegprogram-eva-urbanova\/","name":"XVI. IKF Tehets\u00e9gprogram \u2014 Eva Urbanova - KET","isPartOf":{"@id":"https:\/\/cedthu.rwpstaging.site\/#website"},"primaryImageOfPage":{"@id":"https:\/\/cedthu.rwpstaging.site\/xvi-ikf-tehetsegprogram-eva-urbanova\/#primaryimage"},"image":{"@id":"https:\/\/cedthu.rwpstaging.site\/xvi-ikf-tehetsegprogram-eva-urbanova\/#primaryimage"},"thumbnailUrl":"https:\/\/cedthu.rwpstaging.site\/wp-content\/uploads\/2019\/10\/IMG_3583-FF.jpg","datePublished":"2025-05-15T17:04:29+00:00","dateModified":"2025-05-15T17:06:53+00:00","breadcrumb":{"@id":"https:\/\/cedthu.rwpstaging.site\/xvi-ikf-tehetsegprogram-eva-urbanova\/#breadcrumb"},"inLanguage":"en-US","potentialAction":[{"@type":"ReadAction","target":["https:\/\/cedthu.rwpstaging.site\/xvi-ikf-tehetsegprogram-eva-urbanova\/"]}]},{"@type":"ImageObject","inLanguage":"en-US","@id":"https:\/\/cedthu.rwpstaging.site\/xvi-ikf-tehetsegprogram-eva-urbanova\/#primaryimage","url":"https:\/\/cedthu.rwpstaging.site\/wp-content\/uploads\/2019\/10\/IMG_3583-FF.jpg","contentUrl":"https:\/\/cedthu.rwpstaging.site\/wp-content\/uploads\/2019\/10\/IMG_3583-FF.jpg"},{"@type":"BreadcrumbList","@id":"https:\/\/cedthu.rwpstaging.site\/xvi-ikf-tehetsegprogram-eva-urbanova\/#breadcrumb","itemListElement":[{"@type":"ListItem","position":1,"name":"Home","item":"https:\/\/cedthu.rwpstaging.site\/"},{"@type":"ListItem","position":2,"name":"XVI. IKF Tehets\u00e9gprogram \u2014 Eva Urbanova"}]},{"@type":"WebSite","@id":"https:\/\/cedthu.rwpstaging.site\/#website","url":"https:\/\/cedthu.rwpstaging.site\/","name":"KET","description":"Central Europe Dance Theatre","publisher":{"@id":"https:\/\/cedthu.rwpstaging.site\/#organization"},"potentialAction":[{"@type":"SearchAction","target":{"@type":"EntryPoint","urlTemplate":"https:\/\/cedthu.rwpstaging.site\/?s={search_term_string}"},"query-input":{"@type":"PropertyValueSpecification","valueRequired":true,"valueName":"search_term_string"}}],"inLanguage":"en-US"},{"@type":"Organization","@id":"https:\/\/cedthu.rwpstaging.site\/#organization","name":"KET","url":"https:\/\/cedthu.rwpstaging.site\/","logo":{"@type":"ImageObject","inLanguage":"en-US","@id":"https:\/\/cedthu.rwpstaging.site\/#\/schema\/logo\/image\/","url":"https:\/\/cedthu.rwpstaging.site\/wp-content\/uploads\/2024\/03\/cropped-KET-NYomda-logo2.png","contentUrl":"https:\/\/cedthu.rwpstaging.site\/wp-content\/uploads\/2024\/03\/cropped-KET-NYomda-logo2.png","width":300,"height":326,"caption":"KET"},"image":{"@id":"https:\/\/cedthu.rwpstaging.site\/#\/schema\/logo\/image\/"}}]}},"_links":{"self":[{"href":"https:\/\/cedthu.rwpstaging.site\/en\/wp-json\/wp\/v2\/pages\/18482","targetHints":{"allow":["GET"]}}],"collection":[{"href":"https:\/\/cedthu.rwpstaging.site\/en\/wp-json\/wp\/v2\/pages"}],"about":[{"href":"https:\/\/cedthu.rwpstaging.site\/en\/wp-json\/wp\/v2\/types\/page"}],"author":[{"embeddable":true,"href":"https:\/\/cedthu.rwpstaging.site\/en\/wp-json\/wp\/v2\/users\/1"}],"replies":[{"embeddable":true,"href":"https:\/\/cedthu.rwpstaging.site\/en\/wp-json\/wp\/v2\/comments?post=18482"}],"version-history":[{"count":5,"href":"https:\/\/cedthu.rwpstaging.site\/en\/wp-json\/wp\/v2\/pages\/18482\/revisions"}],"predecessor-version":[{"id":18509,"href":"https:\/\/cedthu.rwpstaging.site\/en\/wp-json\/wp\/v2\/pages\/18482\/revisions\/18509"}],"wp:attachment":[{"href":"https:\/\/cedthu.rwpstaging.site\/en\/wp-json\/wp\/v2\/media?parent=18482"}],"curies":[{"name":"wp","href":"https:\/\/api.w.org\/{rel}","templated":true}]}}