{"id":18543,"date":"2025-05-15T17:12:59","date_gmt":"2025-05-15T17:12:59","guid":{"rendered":"https:\/\/cedthu.rwpstaging.site\/?page_id=18543"},"modified":"2025-05-15T17:14:40","modified_gmt":"2025-05-15T17:14:40","slug":"xiv-ikf-tehetsegprogram-samu-kristof","status":"publish","type":"page","link":"https:\/\/cedthu.rwpstaging.site\/en\/xiv-ikf-tehetsegprogram-samu-kristof\/","title":{"rendered":"XIV IKF Talent Programme - Krist\u00f3f Samu"},"content":{"rendered":"<div data-elementor-type=\"wp-page\" data-elementor-id=\"18543\" class=\"elementor elementor-18543\" data-elementor-post-type=\"page\">\n\t\t\t\t\t\t<section class=\"elementor-section elementor-top-section elementor-element elementor-element-69535684 elementor-section-boxed elementor-section-height-default elementor-section-height-default\" data-id=\"69535684\" data-element_type=\"section\" data-settings=\"{&quot;background_background&quot;:&quot;classic&quot;}\">\n\t\t\t\t\t\t<div class=\"elementor-container elementor-column-gap-default\">\n\t\t\t\t\t<div class=\"elementor-column elementor-col-100 elementor-top-column elementor-element elementor-element-dd80cb9\" data-id=\"dd80cb9\" data-element_type=\"column\">\n\t\t\t<div class=\"elementor-widget-wrap elementor-element-populated\">\n\t\t\t\t\t\t<div class=\"elementor-element elementor-element-72b17838 elementor-widget elementor-widget-image\" data-id=\"72b17838\" data-element_type=\"widget\" data-widget_type=\"image.default\">\n\t\t\t\t<div class=\"elementor-widget-container\">\n\t\t\t\t\t\t\t\t\t\t\t\t\t\t\t<img fetchpriority=\"high\" decoding=\"async\" width=\"541\" height=\"507\" src=\"https:\/\/cedthu.rwpstaging.site\/wp-content\/uploads\/2018\/03\/samu-kristof.jpg\" class=\"attachment-full size-full wp-image-4311\" alt=\"\" srcset=\"https:\/\/cedthu.rwpstaging.site\/wp-content\/uploads\/2018\/03\/samu-kristof.jpg 541w, https:\/\/cedthu.rwpstaging.site\/wp-content\/uploads\/2018\/03\/samu-kristof-300x281.jpg 300w, https:\/\/cedthu.rwpstaging.site\/wp-content\/uploads\/2018\/03\/samu-kristof-400x375.jpg 400w, https:\/\/cedthu.rwpstaging.site\/wp-content\/uploads\/2018\/03\/samu-kristof-20x20.jpg 20w\" sizes=\"(max-width: 541px) 100vw, 541px\" \/>\t\t\t\t\t\t\t\t\t\t\t\t\t\t\t<\/div>\n\t\t\t\t<\/div>\n\t\t\t\t<div class=\"elementor-element elementor-element-21615e83 elementor-widget elementor-widget-text-editor\" data-id=\"21615e83\" data-element_type=\"widget\" data-widget_type=\"text-editor.default\">\n\t\t\t\t<div class=\"elementor-widget-container\">\n\t\t\t\t\t\t\t\t\t<div class=\"x11i5rnm xat24cr x1mh8g0r x1vvkbs xtlvy1s\"><div class=\"show-description\"><p>Outbreak<\/p><p>What would happen if the world became so dramatic that your own company, your own environment became iZombie ? Would it be enough to make you realise that you would have to create a golden mean somewhere and walk on it, or would you go with the flow? Can you beat this epidemic? If so, how? Tell me! We are doing the same.<\/p><p>Supported by the Imre Zolt\u00e1n Programme of the National Cultural Fund.<\/p><p>\u00a0<\/p><\/div><\/div>\t\t\t\t\t\t\t\t<\/div>\n\t\t\t\t<\/div>\n\t\t\t\t<div class=\"elementor-element elementor-element-db76fab elementor-widget elementor-widget-heading\" data-id=\"db76fab\" data-element_type=\"widget\" data-widget_type=\"heading.default\">\n\t\t\t\t<div class=\"elementor-widget-container\">\n\t\t\t\t\t<h2 class=\"elementor-heading-title elementor-size-default\">creators<\/h2>\t\t\t\t<\/div>\n\t\t\t\t<\/div>\n\t\t\t\t<div class=\"elementor-element elementor-element-5febc7bd elementor-widget-divider--view-line elementor-widget elementor-widget-divider\" data-id=\"5febc7bd\" data-element_type=\"widget\" data-widget_type=\"divider.default\">\n\t\t\t\t<div class=\"elementor-widget-container\">\n\t\t\t\t\t\t\t<div class=\"elementor-divider\">\n\t\t\t<span class=\"elementor-divider-separator\">\n\t\t\t\t\t\t<\/span>\n\t\t<\/div>\n\t\t\t\t\t\t<\/div>\n\t\t\t\t<\/div>\n\t\t\t\t<div class=\"elementor-element elementor-element-47f8bdcf elementor-widget elementor-widget-text-editor\" data-id=\"47f8bdcf\" data-element_type=\"widget\" data-widget_type=\"text-editor.default\">\n\t\t\t\t<div class=\"elementor-widget-container\">\n\t\t\t\t\t\t\t\t\t<div class=\"show-actors\"><div id=\"nested-actors\"><div class=\"show-actors\"><div id=\"nested-actors\"><div class=\"show-actors\"><div id=\"nested-actors\"><div><h3>Choreographer<\/h3><ul><li>Krist\u00f3f Samu<\/li><\/ul><\/div><div><h3>Light<\/h3><ul><li>Zolt\u00e1n Fogarasi<\/li><\/ul><\/div><div><h3>Consultant<\/h3><ul><li>When Attila<\/li><\/ul><\/div><div><h3>Presenters<\/h3><ul><li>Csongor F\u00fczesi<\/li><li>Adrienn Horv\u00e1th<\/li><li>Csaba M\u00e1ty\u00e1s Nagy<\/li><li>Adrienn Nyeste<\/li><li>Attila Horv\u00e0th MTE<\/li><li>Hoffmann Luca MTE<\/li><li>Rebeka Kiss MTE<\/li><\/ul><\/div><\/div><\/div><div class=\"show-images\"><div class=\"row no-margin\"><div class=\"col-md-12 no-padding\">\u00a0<\/div><\/div><\/div><\/div><\/div><\/div><\/div>\t\t\t\t\t\t\t\t<\/div>\n\t\t\t\t<\/div>\n\t\t\t\t<div class=\"elementor-element elementor-element-cc0f2ad elementor-widget elementor-widget-heading\" data-id=\"cc0f2ad\" data-element_type=\"widget\" data-widget_type=\"heading.default\">\n\t\t\t\t<div class=\"elementor-widget-container\">\n\t\t\t\t\t<h2 class=\"elementor-heading-title elementor-size-default\">XIV IKF Talent Programme - Krist\u00f3f Samu<\/h2>\t\t\t\t<\/div>\n\t\t\t\t<\/div>\n\t\t\t\t<div class=\"elementor-element elementor-element-57431be6 elementor-widget elementor-widget-gallery\" data-id=\"57431be6\" data-element_type=\"widget\" data-settings=\"{&quot;columns&quot;:3,&quot;lazyload&quot;:&quot;yes&quot;,&quot;gallery_layout&quot;:&quot;grid&quot;,&quot;columns_tablet&quot;:2,&quot;columns_mobile&quot;:1,&quot;gap&quot;:{&quot;unit&quot;:&quot;px&quot;,&quot;size&quot;:10,&quot;sizes&quot;:[]},&quot;gap_tablet&quot;:{&quot;unit&quot;:&quot;px&quot;,&quot;size&quot;:10,&quot;sizes&quot;:[]},&quot;gap_mobile&quot;:{&quot;unit&quot;:&quot;px&quot;,&quot;size&quot;:10,&quot;sizes&quot;:[]},&quot;link_to&quot;:&quot;file&quot;,&quot;aspect_ratio&quot;:&quot;3:2&quot;,&quot;overlay_background&quot;:&quot;yes&quot;,&quot;content_hover_animation&quot;:&quot;fade-in&quot;}\" data-widget_type=\"gallery.default\">\n\t\t\t\t<div class=\"elementor-widget-container\">\n\t\t\t\t\t\t\t<div class=\"elementor-gallery__container\">\n\t\t\t\t\t\t\t<a class=\"e-gallery-item elementor-gallery-item elementor-animated-content\" href=\"https:\/\/cedthu.rwpstaging.site\/wp-content\/uploads\/2018\/03\/jarv_010.jpg\" data-elementor-open-lightbox=\"yes\" data-elementor-lightbox-slideshow=\"57431be6\" data-elementor-lightbox-title=\"jarv_010\" data-e-action-hash=\"#elementor-action%3Aaction%3Dlightbox%26settings%3DeyJpZCI6NTE3NSwidXJsIjoiaHR0cHM6XC9cL2NlZHRodS5yd3BzdGFnaW5nLnNpdGVcL3dwLWNvbnRlbnRcL3VwbG9hZHNcLzIwMThcLzAzXC9qYXJ2XzAxMC5qcGciLCJzbGlkZXNob3ciOiI1NzQzMWJlNiJ9\">\n\t\t\t\t\t<div class=\"e-gallery-image elementor-gallery-item__image\" data-thumbnail=\"https:\/\/cedthu.rwpstaging.site\/wp-content\/uploads\/2018\/03\/jarv_010-300x200.jpg\" data-width=\"300\" data-height=\"200\" aria-label=\"\" role=\"img\" ><\/div>\n\t\t\t\t\t\t\t\t\t\t\t<div class=\"elementor-gallery-item__overlay\"><\/div>\n\t\t\t\t\t\t\t\t\t\t\t\t\t\t<\/a>\n\t\t\t\t\t\t\t<a class=\"e-gallery-item elementor-gallery-item elementor-animated-content\" href=\"https:\/\/cedthu.rwpstaging.site\/wp-content\/uploads\/2018\/03\/jarv_012.jpg\" data-elementor-open-lightbox=\"yes\" data-elementor-lightbox-slideshow=\"57431be6\" data-elementor-lightbox-title=\"jarv_012\" data-e-action-hash=\"#elementor-action%3Aaction%3Dlightbox%26settings%3DeyJpZCI6NTE3NywidXJsIjoiaHR0cHM6XC9cL2NlZHRodS5yd3BzdGFnaW5nLnNpdGVcL3dwLWNvbnRlbnRcL3VwbG9hZHNcLzIwMThcLzAzXC9qYXJ2XzAxMi5qcGciLCJzbGlkZXNob3ciOiI1NzQzMWJlNiJ9\">\n\t\t\t\t\t<div class=\"e-gallery-image elementor-gallery-item__image\" data-thumbnail=\"https:\/\/cedthu.rwpstaging.site\/wp-content\/uploads\/2018\/03\/jarv_012-200x300.jpg\" data-width=\"200\" data-height=\"300\" aria-label=\"\" role=\"img\" ><\/div>\n\t\t\t\t\t\t\t\t\t\t\t<div class=\"elementor-gallery-item__overlay\"><\/div>\n\t\t\t\t\t\t\t\t\t\t\t\t\t\t<\/a>\n\t\t\t\t\t\t\t<a class=\"e-gallery-item elementor-gallery-item elementor-animated-content\" href=\"https:\/\/cedthu.rwpstaging.site\/wp-content\/uploads\/2018\/03\/jarv_014_DusaG\u00e1bor.jpg\" data-elementor-open-lightbox=\"yes\" data-elementor-lightbox-slideshow=\"57431be6\" data-elementor-lightbox-title=\"jarv_014_DusaG\u00e1bor\" data-e-action-hash=\"#elementor-action%3Aaction%3Dlightbox%26settings%3DeyJpZCI6NTE3OSwidXJsIjoiaHR0cHM6XC9cL2NlZHRodS5yd3BzdGFnaW5nLnNpdGVcL3dwLWNvbnRlbnRcL3VwbG9hZHNcLzIwMThcLzAzXC9qYXJ2XzAxNF9EdXNhR1x1MDBlMWJvci5qcGciLCJzbGlkZXNob3ciOiI1NzQzMWJlNiJ9\">\n\t\t\t\t\t<div class=\"e-gallery-image elementor-gallery-item__image\" data-thumbnail=\"https:\/\/cedthu.rwpstaging.site\/wp-content\/uploads\/2018\/03\/jarv_014_DusaG\u00e1bor-300x200.jpg\" data-width=\"300\" data-height=\"200\" aria-label=\"\" role=\"img\" ><\/div>\n\t\t\t\t\t\t\t\t\t\t\t<div class=\"elementor-gallery-item__overlay\"><\/div>\n\t\t\t\t\t\t\t\t\t\t\t\t\t\t<\/a>\n\t\t\t\t\t<\/div>\n\t\t\t\t\t<\/div>\n\t\t\t\t<\/div>\n\t\t\t\t<div class=\"elementor-element elementor-element-3b9b080 elementor-widget elementor-widget-heading\" data-id=\"3b9b080\" data-element_type=\"widget\" data-widget_type=\"heading.default\">\n\t\t\t\t<div class=\"elementor-widget-container\">\n\t\t\t\t\t<h2 class=\"elementor-heading-title elementor-size-default\">Related Press Releases<\/h2>\t\t\t\t<\/div>\n\t\t\t\t<\/div>\n\t\t\t\t<div class=\"elementor-element elementor-element-1ed84a99 elementor-widget-divider--view-line elementor-widget elementor-widget-divider\" data-id=\"1ed84a99\" data-element_type=\"widget\" data-widget_type=\"divider.default\">\n\t\t\t\t<div class=\"elementor-widget-container\">\n\t\t\t\t\t\t\t<div class=\"elementor-divider\">\n\t\t\t<span class=\"elementor-divider-separator\">\n\t\t\t\t\t\t<\/span>\n\t\t<\/div>\n\t\t\t\t\t\t<\/div>\n\t\t\t\t<\/div>\n\t\t\t\t<div class=\"elementor-element elementor-element-597613aa elementor-widget elementor-widget-text-editor\" data-id=\"597613aa\" data-element_type=\"widget\" data-widget_type=\"text-editor.default\">\n\t\t\t\t<div class=\"elementor-widget-container\">\n\t\t\t\t\t\t\t\t\t<div class=\"pressauthor\"><div class=\"pressauthor\"><div class=\"pressauthor\">MOM S\u00c1ROSI:\u00a0<a href=\"http:\/\/tanckritika.hu\/kategoriak\/kritika\/1277-sarosi-emoke-droidok-es-farkasok\">DROIDS AND WOLVES\u00a0<\/a>(t\u00e1nckritika.hu) <span style=\"font-family: -apple-system, BlinkMacSystemFont, 'Segoe UI', Roboto, 'Helvetica Neue', Arial, 'Noto Sans', sans-serif, 'Apple Color Emoji', 'Segoe UI Emoji', 'Segoe UI Symbol', 'Noto Color Emoji';\">&#8211; 28\/04\/2018 <\/span><span style=\"font-family: -apple-system, BlinkMacSystemFont, 'Segoe UI', Roboto, 'Helvetica Neue', Arial, 'Noto Sans', sans-serif, 'Apple Color Emoji', 'Segoe UI Emoji', 'Segoe UI Symbol', 'Noto Color Emoji';\">The KETs are fun to watch. They are beautiful, talented, reflective. Their strength is the artistic freedom of synchronicity of mind and eye.<\/span><\/div><\/div><\/div>\t\t\t\t\t\t\t\t<\/div>\n\t\t\t\t<\/div>\n\t\t\t\t\t<\/div>\n\t\t<\/div>\n\t\t\t\t\t<\/div>\n\t\t<\/section>\n\t\t\t\t<\/div>","protected":false},"excerpt":{"rendered":"<p>J\u00e1rv\u00e1ny Mi t\u00f6rt\u00e9nne ha annyira drasztikuss\u00e1 v\u00e1lna a vil\u00e1g, hogy a saj\u00e1t t\u00e1rsas\u00e1god, k\u00f6rnyezeted iZombiev\u00e1 v\u00e1lna ? Elegend\u0151 lenne ahhoz hogy r\u00e1j\u00f6jj valahol az arany metszetet k\u00e9ne megteremteni \u00e9s azon j\u00e1rni, vagy Te is sodrodn\u00e1l az \u00e1rral? Le tudod-e gy\u0151zni ezt a j\u00e1rv\u00e1nyt? Ha igen, hogy? Mes\u00e9ld el! Mi is azt tessz\u00fck. A Nemzeti Kultur\u00e1lis [&hellip;]<\/p>","protected":false},"author":1,"featured_media":0,"parent":0,"menu_order":0,"comment_status":"closed","ping_status":"closed","template":"elementor_header_footer","meta":{"footnotes":""},"class_list":["post-18543","page","type-page","status-publish","hentry"],"yoast_head":"<!-- This site is optimized with the Yoast SEO plugin v26.0 - https:\/\/yoast.com\/wordpress\/plugins\/seo\/ -->\n<title>XIV. IKF Tehets\u00e9gprogram \u2014 Samu Krist\u00f3f - KET<\/title>\n<meta name=\"robots\" content=\"index, follow, max-snippet:-1, max-image-preview:large, max-video-preview:-1\" \/>\n<link rel=\"canonical\" href=\"https:\/\/cedthu.rwpstaging.site\/en\/xiv-ikf-tehetsegprogram-samu-kristof\/\" \/>\n<meta name=\"twitter:card\" content=\"summary_large_image\" \/>\n<meta name=\"twitter:title\" content=\"XIV. IKF Tehets\u00e9gprogram \u2014 Samu Krist\u00f3f - KET\" \/>\n<meta name=\"twitter:description\" content=\"J\u00e1rv\u00e1ny Mi t\u00f6rt\u00e9nne ha annyira drasztikuss\u00e1 v\u00e1lna a vil\u00e1g, hogy a saj\u00e1t t\u00e1rsas\u00e1god, k\u00f6rnyezeted iZombiev\u00e1 v\u00e1lna ? Elegend\u0151 lenne ahhoz hogy r\u00e1j\u00f6jj valahol az arany metszetet k\u00e9ne megteremteni \u00e9s azon j\u00e1rni, vagy Te is sodrodn\u00e1l az \u00e1rral? Le tudod-e gy\u0151zni ezt a j\u00e1rv\u00e1nyt? Ha igen, hogy? Mes\u00e9ld el! Mi is azt tessz\u00fck. A Nemzeti Kultur\u00e1lis [&hellip;]\" \/>\n<meta name=\"twitter:image\" content=\"https:\/\/cedthu.rwpstaging.site\/wp-content\/uploads\/2018\/03\/samu-kristof.jpg\" \/>\n<meta name=\"twitter:label1\" content=\"Est. reading time\" \/>\n\t<meta name=\"twitter:data1\" content=\"1 minute\" \/>\n<script type=\"application\/ld+json\" class=\"yoast-schema-graph\">{\"@context\":\"https:\/\/schema.org\",\"@graph\":[{\"@type\":\"WebPage\",\"@id\":\"https:\/\/cedthu.rwpstaging.site\/xiv-ikf-tehetsegprogram-samu-kristof\/\",\"url\":\"https:\/\/cedthu.rwpstaging.site\/xiv-ikf-tehetsegprogram-samu-kristof\/\",\"name\":\"XIV. IKF Tehets\u00e9gprogram \u2014 Samu Krist\u00f3f - KET\",\"isPartOf\":{\"@id\":\"https:\/\/cedthu.rwpstaging.site\/#website\"},\"primaryImageOfPage\":{\"@id\":\"https:\/\/cedthu.rwpstaging.site\/xiv-ikf-tehetsegprogram-samu-kristof\/#primaryimage\"},\"image\":{\"@id\":\"https:\/\/cedthu.rwpstaging.site\/xiv-ikf-tehetsegprogram-samu-kristof\/#primaryimage\"},\"thumbnailUrl\":\"https:\/\/cedthu.rwpstaging.site\/wp-content\/uploads\/2018\/03\/samu-kristof.jpg\",\"datePublished\":\"2025-05-15T17:12:59+00:00\",\"dateModified\":\"2025-05-15T17:14:40+00:00\",\"breadcrumb\":{\"@id\":\"https:\/\/cedthu.rwpstaging.site\/xiv-ikf-tehetsegprogram-samu-kristof\/#breadcrumb\"},\"inLanguage\":\"en-US\",\"potentialAction\":[{\"@type\":\"ReadAction\",\"target\":[\"https:\/\/cedthu.rwpstaging.site\/xiv-ikf-tehetsegprogram-samu-kristof\/\"]}]},{\"@type\":\"ImageObject\",\"inLanguage\":\"en-US\",\"@id\":\"https:\/\/cedthu.rwpstaging.site\/xiv-ikf-tehetsegprogram-samu-kristof\/#primaryimage\",\"url\":\"https:\/\/cedthu.rwpstaging.site\/wp-content\/uploads\/2018\/03\/samu-kristof.jpg\",\"contentUrl\":\"https:\/\/cedthu.rwpstaging.site\/wp-content\/uploads\/2018\/03\/samu-kristof.jpg\"},{\"@type\":\"BreadcrumbList\",\"@id\":\"https:\/\/cedthu.rwpstaging.site\/xiv-ikf-tehetsegprogram-samu-kristof\/#breadcrumb\",\"itemListElement\":[{\"@type\":\"ListItem\",\"position\":1,\"name\":\"Home\",\"item\":\"https:\/\/cedthu.rwpstaging.site\/\"},{\"@type\":\"ListItem\",\"position\":2,\"name\":\"XIV. IKF Tehets\u00e9gprogram \u2014 Samu Krist\u00f3f\"}]},{\"@type\":\"WebSite\",\"@id\":\"https:\/\/cedthu.rwpstaging.site\/#website\",\"url\":\"https:\/\/cedthu.rwpstaging.site\/\",\"name\":\"KET\",\"description\":\"K\u00f6z\u00e9p-Eur\u00f3pa T\u00e1ncsz\u00ednh\u00e1z\",\"publisher\":{\"@id\":\"https:\/\/cedthu.rwpstaging.site\/#organization\"},\"potentialAction\":[{\"@type\":\"SearchAction\",\"target\":{\"@type\":\"EntryPoint\",\"urlTemplate\":\"https:\/\/cedthu.rwpstaging.site\/?s={search_term_string}\"},\"query-input\":{\"@type\":\"PropertyValueSpecification\",\"valueRequired\":true,\"valueName\":\"search_term_string\"}}],\"inLanguage\":\"en-US\"},{\"@type\":\"Organization\",\"@id\":\"https:\/\/cedthu.rwpstaging.site\/#organization\",\"name\":\"KET\",\"url\":\"https:\/\/cedthu.rwpstaging.site\/\",\"logo\":{\"@type\":\"ImageObject\",\"inLanguage\":\"en-US\",\"@id\":\"https:\/\/cedthu.rwpstaging.site\/#\/schema\/logo\/image\/\",\"url\":\"https:\/\/cedthu.rwpstaging.site\/wp-content\/uploads\/2024\/03\/cropped-KET-NYomda-logo2.png\",\"contentUrl\":\"https:\/\/cedthu.rwpstaging.site\/wp-content\/uploads\/2024\/03\/cropped-KET-NYomda-logo2.png\",\"width\":300,\"height\":326,\"caption\":\"KET\"},\"image\":{\"@id\":\"https:\/\/cedthu.rwpstaging.site\/#\/schema\/logo\/image\/\"}}]}<\/script>\n<!-- \/ Yoast SEO plugin. -->","yoast_head_json":{"title":"XIV. IKF Tehets\u00e9gprogram \u2014 Samu Krist\u00f3f - KET","robots":{"index":"index","follow":"follow","max-snippet":"max-snippet:-1","max-image-preview":"max-image-preview:large","max-video-preview":"max-video-preview:-1"},"canonical":"https:\/\/cedthu.rwpstaging.site\/en\/xiv-ikf-tehetsegprogram-samu-kristof\/","twitter_card":"summary_large_image","twitter_title":"XIV. IKF Tehets\u00e9gprogram \u2014 Samu Krist\u00f3f - KET","twitter_description":"J\u00e1rv\u00e1ny Mi t\u00f6rt\u00e9nne ha annyira drasztikuss\u00e1 v\u00e1lna a vil\u00e1g, hogy a saj\u00e1t t\u00e1rsas\u00e1god, k\u00f6rnyezeted iZombiev\u00e1 v\u00e1lna ? Elegend\u0151 lenne ahhoz hogy r\u00e1j\u00f6jj valahol az arany metszetet k\u00e9ne megteremteni \u00e9s azon j\u00e1rni, vagy Te is sodrodn\u00e1l az \u00e1rral? Le tudod-e gy\u0151zni ezt a j\u00e1rv\u00e1nyt? Ha igen, hogy? Mes\u00e9ld el! Mi is azt tessz\u00fck. A Nemzeti Kultur\u00e1lis [&hellip;]","twitter_image":"https:\/\/cedthu.rwpstaging.site\/wp-content\/uploads\/2018\/03\/samu-kristof.jpg","twitter_misc":{"Est. reading time":"1 minute"},"schema":{"@context":"https:\/\/schema.org","@graph":[{"@type":"WebPage","@id":"https:\/\/cedthu.rwpstaging.site\/xiv-ikf-tehetsegprogram-samu-kristof\/","url":"https:\/\/cedthu.rwpstaging.site\/xiv-ikf-tehetsegprogram-samu-kristof\/","name":"XIV. IKF Tehets\u00e9gprogram \u2014 Samu Krist\u00f3f - KET","isPartOf":{"@id":"https:\/\/cedthu.rwpstaging.site\/#website"},"primaryImageOfPage":{"@id":"https:\/\/cedthu.rwpstaging.site\/xiv-ikf-tehetsegprogram-samu-kristof\/#primaryimage"},"image":{"@id":"https:\/\/cedthu.rwpstaging.site\/xiv-ikf-tehetsegprogram-samu-kristof\/#primaryimage"},"thumbnailUrl":"https:\/\/cedthu.rwpstaging.site\/wp-content\/uploads\/2018\/03\/samu-kristof.jpg","datePublished":"2025-05-15T17:12:59+00:00","dateModified":"2025-05-15T17:14:40+00:00","breadcrumb":{"@id":"https:\/\/cedthu.rwpstaging.site\/xiv-ikf-tehetsegprogram-samu-kristof\/#breadcrumb"},"inLanguage":"en-US","potentialAction":[{"@type":"ReadAction","target":["https:\/\/cedthu.rwpstaging.site\/xiv-ikf-tehetsegprogram-samu-kristof\/"]}]},{"@type":"ImageObject","inLanguage":"en-US","@id":"https:\/\/cedthu.rwpstaging.site\/xiv-ikf-tehetsegprogram-samu-kristof\/#primaryimage","url":"https:\/\/cedthu.rwpstaging.site\/wp-content\/uploads\/2018\/03\/samu-kristof.jpg","contentUrl":"https:\/\/cedthu.rwpstaging.site\/wp-content\/uploads\/2018\/03\/samu-kristof.jpg"},{"@type":"BreadcrumbList","@id":"https:\/\/cedthu.rwpstaging.site\/xiv-ikf-tehetsegprogram-samu-kristof\/#breadcrumb","itemListElement":[{"@type":"ListItem","position":1,"name":"Home","item":"https:\/\/cedthu.rwpstaging.site\/"},{"@type":"ListItem","position":2,"name":"XIV. IKF Tehets\u00e9gprogram \u2014 Samu Krist\u00f3f"}]},{"@type":"WebSite","@id":"https:\/\/cedthu.rwpstaging.site\/#website","url":"https:\/\/cedthu.rwpstaging.site\/","name":"KET","description":"Central Europe Dance Theatre","publisher":{"@id":"https:\/\/cedthu.rwpstaging.site\/#organization"},"potentialAction":[{"@type":"SearchAction","target":{"@type":"EntryPoint","urlTemplate":"https:\/\/cedthu.rwpstaging.site\/?s={search_term_string}"},"query-input":{"@type":"PropertyValueSpecification","valueRequired":true,"valueName":"search_term_string"}}],"inLanguage":"en-US"},{"@type":"Organization","@id":"https:\/\/cedthu.rwpstaging.site\/#organization","name":"KET","url":"https:\/\/cedthu.rwpstaging.site\/","logo":{"@type":"ImageObject","inLanguage":"en-US","@id":"https:\/\/cedthu.rwpstaging.site\/#\/schema\/logo\/image\/","url":"https:\/\/cedthu.rwpstaging.site\/wp-content\/uploads\/2024\/03\/cropped-KET-NYomda-logo2.png","contentUrl":"https:\/\/cedthu.rwpstaging.site\/wp-content\/uploads\/2024\/03\/cropped-KET-NYomda-logo2.png","width":300,"height":326,"caption":"KET"},"image":{"@id":"https:\/\/cedthu.rwpstaging.site\/#\/schema\/logo\/image\/"}}]}},"_links":{"self":[{"href":"https:\/\/cedthu.rwpstaging.site\/en\/wp-json\/wp\/v2\/pages\/18543","targetHints":{"allow":["GET"]}}],"collection":[{"href":"https:\/\/cedthu.rwpstaging.site\/en\/wp-json\/wp\/v2\/pages"}],"about":[{"href":"https:\/\/cedthu.rwpstaging.site\/en\/wp-json\/wp\/v2\/types\/page"}],"author":[{"embeddable":true,"href":"https:\/\/cedthu.rwpstaging.site\/en\/wp-json\/wp\/v2\/users\/1"}],"replies":[{"embeddable":true,"href":"https:\/\/cedthu.rwpstaging.site\/en\/wp-json\/wp\/v2\/comments?post=18543"}],"version-history":[{"count":5,"href":"https:\/\/cedthu.rwpstaging.site\/en\/wp-json\/wp\/v2\/pages\/18543\/revisions"}],"predecessor-version":[{"id":18570,"href":"https:\/\/cedthu.rwpstaging.site\/en\/wp-json\/wp\/v2\/pages\/18543\/revisions\/18570"}],"wp:attachment":[{"href":"https:\/\/cedthu.rwpstaging.site\/en\/wp-json\/wp\/v2\/media?parent=18543"}],"curies":[{"name":"wp","href":"https:\/\/api.w.org\/{rel}","templated":true}]}}