{"id":18600,"date":"2025-05-15T17:20:44","date_gmt":"2025-05-15T17:20:44","guid":{"rendered":"https:\/\/cedthu.rwpstaging.site\/?page_id=18600"},"modified":"2025-05-15T17:22:50","modified_gmt":"2025-05-15T17:22:50","slug":"xii-ikf-tehetsegprogram-turi-lajos-peter","status":"publish","type":"page","link":"https:\/\/cedthu.rwpstaging.site\/en\/xii-ikf-tehetsegprogram-turi-lajos-peter\/","title":{"rendered":"XII IKF Talent Programme - Lajos P\u00e9ter T\u00fari"},"content":{"rendered":"<div data-elementor-type=\"wp-page\" data-elementor-id=\"18600\" class=\"elementor elementor-18600\" data-elementor-post-type=\"page\">\n\t\t\t\t\t\t<section class=\"elementor-section elementor-top-section elementor-element elementor-element-6d8996f5 elementor-section-boxed elementor-section-height-default elementor-section-height-default\" data-id=\"6d8996f5\" data-element_type=\"section\" data-settings=\"{&quot;background_background&quot;:&quot;classic&quot;}\">\n\t\t\t\t\t\t<div class=\"elementor-container elementor-column-gap-default\">\n\t\t\t\t\t<div class=\"elementor-column elementor-col-100 elementor-top-column elementor-element elementor-element-1aeb61b\" data-id=\"1aeb61b\" data-element_type=\"column\">\n\t\t\t<div class=\"elementor-widget-wrap elementor-element-populated\">\n\t\t\t\t\t\t<div class=\"elementor-element elementor-element-5d5326ec elementor-widget elementor-widget-image\" data-id=\"5d5326ec\" data-element_type=\"widget\" data-widget_type=\"image.default\">\n\t\t\t\t<div class=\"elementor-widget-container\">\n\t\t\t\t\t\t\t\t\t\t\t\t\t\t\t<img fetchpriority=\"high\" decoding=\"async\" width=\"571\" height=\"638\" src=\"https:\/\/cedthu.rwpstaging.site\/wp-content\/uploads\/2017\/02\/turi-lajos.jpg\" class=\"attachment-full size-full wp-image-4313\" alt=\"\" srcset=\"https:\/\/cedthu.rwpstaging.site\/wp-content\/uploads\/2017\/02\/turi-lajos.jpg 571w, https:\/\/cedthu.rwpstaging.site\/wp-content\/uploads\/2017\/02\/turi-lajos-268x300.jpg 268w, https:\/\/cedthu.rwpstaging.site\/wp-content\/uploads\/2017\/02\/turi-lajos-358x400.jpg 358w, https:\/\/cedthu.rwpstaging.site\/wp-content\/uploads\/2017\/02\/turi-lajos-18x20.jpg 18w\" sizes=\"(max-width: 571px) 100vw, 571px\" \/>\t\t\t\t\t\t\t\t\t\t\t\t\t\t\t<\/div>\n\t\t\t\t<\/div>\n\t\t\t\t<div class=\"elementor-element elementor-element-2c6bca1a elementor-widget elementor-widget-text-editor\" data-id=\"2c6bca1a\" data-element_type=\"widget\" data-widget_type=\"text-editor.default\">\n\t\t\t\t<div class=\"elementor-widget-container\">\n\t\t\t\t\t\t\t\t\t<div class=\"x11i5rnm xat24cr x1mh8g0r x1vvkbs xtlvy1s\"><div class=\"show-description\"><p>777<\/p><p>The play reveals and shows how simple man is and how easily he can deceive himself. It explores the dilemma of how human values seem to be lost in our technocratic world, how we become dependent and impersonal. Externalities, positions of power, role models, all of which we learn, and stripping them all away, we realise in our loneliness that we can only rely on ourselves. This is what the \"perfect\" 777 highlights.<\/p><p>\u00a0<\/p><p>Supported by the Imre Zolt\u00e1n Programme of the National Cultural Fund.<\/p><p>\u00a0<\/p><\/div><\/div>\t\t\t\t\t\t\t\t<\/div>\n\t\t\t\t<\/div>\n\t\t\t\t<div class=\"elementor-element elementor-element-51d4f6cd elementor-widget elementor-widget-heading\" data-id=\"51d4f6cd\" data-element_type=\"widget\" data-widget_type=\"heading.default\">\n\t\t\t\t<div class=\"elementor-widget-container\">\n\t\t\t\t\t<h2 class=\"elementor-heading-title elementor-size-default\">creators<\/h2>\t\t\t\t<\/div>\n\t\t\t\t<\/div>\n\t\t\t\t<div class=\"elementor-element elementor-element-3b0b19d5 elementor-widget-divider--view-line elementor-widget elementor-widget-divider\" data-id=\"3b0b19d5\" data-element_type=\"widget\" data-widget_type=\"divider.default\">\n\t\t\t\t<div class=\"elementor-widget-container\">\n\t\t\t\t\t\t\t<div class=\"elementor-divider\">\n\t\t\t<span class=\"elementor-divider-separator\">\n\t\t\t\t\t\t<\/span>\n\t\t<\/div>\n\t\t\t\t\t\t<\/div>\n\t\t\t\t<\/div>\n\t\t\t\t<div class=\"elementor-element elementor-element-6a553ecb elementor-widget elementor-widget-text-editor\" data-id=\"6a553ecb\" data-element_type=\"widget\" data-widget_type=\"text-editor.default\">\n\t\t\t\t<div class=\"elementor-widget-container\">\n\t\t\t\t\t\t\t\t\t<div class=\"show-actors\"><div id=\"nested-actors\"><div class=\"show-actors\"><div id=\"nested-actors\"><div class=\"show-actors\"><div id=\"nested-actors\"><div><h3>Choreographer<\/h3><ul><li>Lajos P\u00e9ter T\u00fari<\/li><\/ul><\/div><div><h3>Assistant choreographer<\/h3><ul><li>Kitti Hajsz\u00e1n<\/li><\/ul><\/div><div><h3>Dramaturg<\/h3><ul><li>Kriszti\u00e1n Kelemen<\/li><\/ul><\/div><div><h3>Costume, set design<\/h3><ul><li>Lajos P\u00e9ter T\u00fari<\/li><\/ul><\/div><div><h3>Light<\/h3><ul><li>Zolt\u00e1n Fogarasi<\/li><\/ul><\/div><div><h3>Consultant<\/h3><ul><li>When Attila<\/li><\/ul><\/div><div><h3>Presenters<\/h3><ul><li>Zsanett Jakab<\/li><li>Mariann Hargitai<\/li><li>Adrienn Horv\u00e1th<\/li><li>G\u00e1bor Ivanov<\/li><li>P\u00e9ter Kov\u00e1cs<\/li><li>Csaba M\u00e1ty\u00e1s Nagy<\/li><li>Adrienn Nyeste<\/li><\/ul><\/div><\/div><\/div><div class=\"show-images\"><div class=\"row no-margin\"><div class=\"col-md-12 no-padding\">\u00a0<\/div><\/div><\/div><\/div><\/div><\/div><\/div>\t\t\t\t\t\t\t\t<\/div>\n\t\t\t\t<\/div>\n\t\t\t\t<div class=\"elementor-element elementor-element-25389611 elementor-widget elementor-widget-heading\" data-id=\"25389611\" data-element_type=\"widget\" data-widget_type=\"heading.default\">\n\t\t\t\t<div class=\"elementor-widget-container\">\n\t\t\t\t\t<h2 class=\"elementor-heading-title elementor-size-default\">XII IKF Talent Programme - Lajos P\u00e9ter T\u00fari<\/h2>\t\t\t\t<\/div>\n\t\t\t\t<\/div>\n\t\t\t\t<div class=\"elementor-element elementor-element-2e38cacd elementor-widget elementor-widget-gallery\" data-id=\"2e38cacd\" data-element_type=\"widget\" data-settings=\"{&quot;columns&quot;:3,&quot;lazyload&quot;:&quot;yes&quot;,&quot;gallery_layout&quot;:&quot;grid&quot;,&quot;columns_tablet&quot;:2,&quot;columns_mobile&quot;:1,&quot;gap&quot;:{&quot;unit&quot;:&quot;px&quot;,&quot;size&quot;:10,&quot;sizes&quot;:[]},&quot;gap_tablet&quot;:{&quot;unit&quot;:&quot;px&quot;,&quot;size&quot;:10,&quot;sizes&quot;:[]},&quot;gap_mobile&quot;:{&quot;unit&quot;:&quot;px&quot;,&quot;size&quot;:10,&quot;sizes&quot;:[]},&quot;link_to&quot;:&quot;file&quot;,&quot;aspect_ratio&quot;:&quot;3:2&quot;,&quot;overlay_background&quot;:&quot;yes&quot;,&quot;content_hover_animation&quot;:&quot;fade-in&quot;}\" data-widget_type=\"gallery.default\">\n\t\t\t\t<div class=\"elementor-widget-container\">\n\t\t\t\t\t\t\t<div class=\"elementor-gallery__container\">\n\t\t\t\t\t\t\t<a class=\"e-gallery-item elementor-gallery-item elementor-animated-content\" href=\"https:\/\/cedthu.rwpstaging.site\/wp-content\/uploads\/2017\/02\/777_002.jpg\" data-elementor-open-lightbox=\"yes\" data-elementor-lightbox-slideshow=\"2e38cacd\" data-elementor-lightbox-title=\"777_002\" data-e-action-hash=\"#elementor-action%3Aaction%3Dlightbox%26settings%3DeyJpZCI6NTIwNSwidXJsIjoiaHR0cHM6XC9cL2NlZHRodS5yd3BzdGFnaW5nLnNpdGVcL3dwLWNvbnRlbnRcL3VwbG9hZHNcLzIwMTdcLzAyXC83NzdfMDAyLmpwZyIsInNsaWRlc2hvdyI6IjJlMzhjYWNkIn0%3D\">\n\t\t\t\t\t<div class=\"e-gallery-image elementor-gallery-item__image\" data-thumbnail=\"https:\/\/cedthu.rwpstaging.site\/wp-content\/uploads\/2017\/02\/777_002-216x300.jpg\" data-width=\"216\" data-height=\"300\" aria-label=\"\" role=\"img\" ><\/div>\n\t\t\t\t\t\t\t\t\t\t\t<div class=\"elementor-gallery-item__overlay\"><\/div>\n\t\t\t\t\t\t\t\t\t\t\t\t\t\t<\/a>\n\t\t\t\t\t\t\t<a class=\"e-gallery-item elementor-gallery-item elementor-animated-content\" href=\"https:\/\/cedthu.rwpstaging.site\/wp-content\/uploads\/2017\/02\/777_020.jpg\" data-elementor-open-lightbox=\"yes\" data-elementor-lightbox-slideshow=\"2e38cacd\" data-elementor-lightbox-title=\"777_020\" data-e-action-hash=\"#elementor-action%3Aaction%3Dlightbox%26settings%3DeyJpZCI6NTIwNiwidXJsIjoiaHR0cHM6XC9cL2NlZHRodS5yd3BzdGFnaW5nLnNpdGVcL3dwLWNvbnRlbnRcL3VwbG9hZHNcLzIwMTdcLzAyXC83NzdfMDIwLmpwZyIsInNsaWRlc2hvdyI6IjJlMzhjYWNkIn0%3D\">\n\t\t\t\t\t<div class=\"e-gallery-image elementor-gallery-item__image\" data-thumbnail=\"https:\/\/cedthu.rwpstaging.site\/wp-content\/uploads\/2017\/02\/777_020-300x200.jpg\" data-width=\"300\" data-height=\"200\" aria-label=\"\" role=\"img\" ><\/div>\n\t\t\t\t\t\t\t\t\t\t\t<div class=\"elementor-gallery-item__overlay\"><\/div>\n\t\t\t\t\t\t\t\t\t\t\t\t\t\t<\/a>\n\t\t\t\t\t\t\t<a class=\"e-gallery-item elementor-gallery-item elementor-animated-content\" href=\"https:\/\/cedthu.rwpstaging.site\/wp-content\/uploads\/2017\/02\/777_024.jpg\" data-elementor-open-lightbox=\"yes\" data-elementor-lightbox-slideshow=\"2e38cacd\" data-elementor-lightbox-title=\"777_024\" data-e-action-hash=\"#elementor-action%3Aaction%3Dlightbox%26settings%3DeyJpZCI6NTIwOSwidXJsIjoiaHR0cHM6XC9cL2NlZHRodS5yd3BzdGFnaW5nLnNpdGVcL3dwLWNvbnRlbnRcL3VwbG9hZHNcLzIwMTdcLzAyXC83NzdfMDI0LmpwZyIsInNsaWRlc2hvdyI6IjJlMzhjYWNkIn0%3D\">\n\t\t\t\t\t<div class=\"e-gallery-image elementor-gallery-item__image\" data-thumbnail=\"https:\/\/cedthu.rwpstaging.site\/wp-content\/uploads\/2017\/02\/777_024-300x200.jpg\" data-width=\"300\" data-height=\"200\" aria-label=\"\" role=\"img\" ><\/div>\n\t\t\t\t\t\t\t\t\t\t\t<div class=\"elementor-gallery-item__overlay\"><\/div>\n\t\t\t\t\t\t\t\t\t\t\t\t\t\t<\/a>\n\t\t\t\t\t<\/div>\n\t\t\t\t\t<\/div>\n\t\t\t\t<\/div>\n\t\t\t\t<div class=\"elementor-element elementor-element-562fe796 elementor-widget elementor-widget-heading\" data-id=\"562fe796\" data-element_type=\"widget\" data-widget_type=\"heading.default\">\n\t\t\t\t<div class=\"elementor-widget-container\">\n\t\t\t\t\t<h2 class=\"elementor-heading-title elementor-size-default\">Related Press Releases<\/h2>\t\t\t\t<\/div>\n\t\t\t\t<\/div>\n\t\t\t\t<div class=\"elementor-element elementor-element-6a388f6 elementor-widget-divider--view-line elementor-widget elementor-widget-divider\" data-id=\"6a388f6\" data-element_type=\"widget\" data-widget_type=\"divider.default\">\n\t\t\t\t<div class=\"elementor-widget-container\">\n\t\t\t\t\t\t\t<div class=\"elementor-divider\">\n\t\t\t<span class=\"elementor-divider-separator\">\n\t\t\t\t\t\t<\/span>\n\t\t<\/div>\n\t\t\t\t\t\t<\/div>\n\t\t\t\t<\/div>\n\t\t\t\t<div class=\"elementor-element elementor-element-58b8c02b elementor-widget elementor-widget-text-editor\" data-id=\"58b8c02b\" data-element_type=\"widget\" data-widget_type=\"text-editor.default\">\n\t\t\t\t<div class=\"elementor-widget-container\">\n\t\t\t\t\t\t\t\t\t<div class=\"pressauthor\"><div class=\"pressauthor\"><div class=\"pressauthor\">P\u00e9ter M\u00e1rta:\u00a0<a href=\"http:\/\/tanckritika.hu\/kategoriak\/kritika\/1088-peter-marta-a-hetedik-te-magad-legy\">BE THE SEVENTH YOURSELF <\/a>(Dance review) <span style=\"font-family: -apple-system, BlinkMacSystemFont, 'Segoe UI', Roboto, 'Helvetica Neue', Arial, 'Noto Sans', sans-serif, 'Apple Color Emoji', 'Segoe UI Emoji', 'Segoe UI Symbol', 'Noto Color Emoji';\">&#8211; 11\/03\/2017 <\/span><span style=\"font-family: -apple-system, BlinkMacSystemFont, 'Segoe UI', Roboto, 'Helvetica Neue', Arial, 'Noto Sans', sans-serif, 'Apple Color Emoji', 'Segoe UI Emoji', 'Segoe UI Symbol', 'Noto Color Emoji';\">It was also clear from the conversation after the roughly 35-minute piece that T\u00fari is an experienced dance director, which means that as a regular choreographer of television series and musicals, he has no problem with the transparency of the piece-part, the invention of characters and the staging\/scenographic emphasis of the characters - and he probably pulls the solutions out of his pocket even in his sleep.<\/span><\/div><\/div><\/div>\t\t\t\t\t\t\t\t<\/div>\n\t\t\t\t<\/div>\n\t\t\t\t\t<\/div>\n\t\t<\/div>\n\t\t\t\t\t<\/div>\n\t\t<\/section>\n\t\t\t\t<\/div>","protected":false},"excerpt":{"rendered":"<p>777 A darab felfedi \u00e9s megmutatja, milyen egyszer\u0171 is az ember \u00e9s milyen k\u00f6nnyen becsaphatja \u00f6nmag\u00e1t. Fejtegeti azt a dilemm\u00e1t, hogy technokrata vil\u00e1gunkban az emberi \u00e9rt\u00e9kek elveszni l\u00e1tszanak, hogyan v\u00e1lunk f\u00fcgg\u0151v\u00e9 \u00e9s szem\u00e9lytelenn\u00e9. K\u00fcls\u0151s\u00e9gek, hatalmi poz\u00edci\u00f3k, szereph\u00e1l\u00f3k, melyeket mind megtanulunk, \u00e9s mindezeket levetk\u0151zve, mag\u00e1nyunkban j\u00f6v\u00fcnk r\u00e1, hogy csak magunkra sz\u00e1m\u00edthatunk. Erre vil\u00e1g\u00edt r\u00e1 a \u201et\u00f6k\u00e9letes\u201d [&hellip;]<\/p>","protected":false},"author":1,"featured_media":0,"parent":0,"menu_order":0,"comment_status":"closed","ping_status":"closed","template":"elementor_header_footer","meta":{"footnotes":""},"class_list":["post-18600","page","type-page","status-publish","hentry"],"yoast_head":"<!-- This site is optimized with the Yoast SEO plugin v26.0 - https:\/\/yoast.com\/wordpress\/plugins\/seo\/ -->\n<title>XII. IKF Tehets\u00e9gprogram \u2013 T\u00fari Lajos P\u00e9ter - KET<\/title>\n<meta name=\"robots\" content=\"index, follow, max-snippet:-1, max-image-preview:large, max-video-preview:-1\" \/>\n<link rel=\"canonical\" href=\"https:\/\/cedthu.rwpstaging.site\/en\/xii-ikf-tehetsegprogram-turi-lajos-peter\/\" \/>\n<meta name=\"twitter:card\" content=\"summary_large_image\" \/>\n<meta name=\"twitter:title\" content=\"XII. IKF Tehets\u00e9gprogram \u2013 T\u00fari Lajos P\u00e9ter - KET\" \/>\n<meta name=\"twitter:description\" content=\"777 A darab felfedi \u00e9s megmutatja, milyen egyszer\u0171 is az ember \u00e9s milyen k\u00f6nnyen becsaphatja \u00f6nmag\u00e1t. Fejtegeti azt a dilemm\u00e1t, hogy technokrata vil\u00e1gunkban az emberi \u00e9rt\u00e9kek elveszni l\u00e1tszanak, hogyan v\u00e1lunk f\u00fcgg\u0151v\u00e9 \u00e9s szem\u00e9lytelenn\u00e9. K\u00fcls\u0151s\u00e9gek, hatalmi poz\u00edci\u00f3k, szereph\u00e1l\u00f3k, melyeket mind megtanulunk, \u00e9s mindezeket levetk\u0151zve, mag\u00e1nyunkban j\u00f6v\u00fcnk r\u00e1, hogy csak magunkra sz\u00e1m\u00edthatunk. Erre vil\u00e1g\u00edt r\u00e1 a \u201et\u00f6k\u00e9letes\u201d [&hellip;]\" \/>\n<meta name=\"twitter:image\" content=\"https:\/\/cedthu.rwpstaging.site\/wp-content\/uploads\/2017\/02\/turi-lajos.jpg\" \/>\n<meta name=\"twitter:label1\" content=\"Est. reading time\" \/>\n\t<meta name=\"twitter:data1\" content=\"2 minutes\" \/>\n<script type=\"application\/ld+json\" class=\"yoast-schema-graph\">{\"@context\":\"https:\/\/schema.org\",\"@graph\":[{\"@type\":\"WebPage\",\"@id\":\"https:\/\/cedthu.rwpstaging.site\/xii-ikf-tehetsegprogram-turi-lajos-peter\/\",\"url\":\"https:\/\/cedthu.rwpstaging.site\/xii-ikf-tehetsegprogram-turi-lajos-peter\/\",\"name\":\"XII. IKF Tehets\u00e9gprogram \u2013 T\u00fari Lajos P\u00e9ter - KET\",\"isPartOf\":{\"@id\":\"https:\/\/cedthu.rwpstaging.site\/#website\"},\"primaryImageOfPage\":{\"@id\":\"https:\/\/cedthu.rwpstaging.site\/xii-ikf-tehetsegprogram-turi-lajos-peter\/#primaryimage\"},\"image\":{\"@id\":\"https:\/\/cedthu.rwpstaging.site\/xii-ikf-tehetsegprogram-turi-lajos-peter\/#primaryimage\"},\"thumbnailUrl\":\"https:\/\/cedthu.rwpstaging.site\/wp-content\/uploads\/2017\/02\/turi-lajos.jpg\",\"datePublished\":\"2025-05-15T17:20:44+00:00\",\"dateModified\":\"2025-05-15T17:22:50+00:00\",\"breadcrumb\":{\"@id\":\"https:\/\/cedthu.rwpstaging.site\/xii-ikf-tehetsegprogram-turi-lajos-peter\/#breadcrumb\"},\"inLanguage\":\"en-US\",\"potentialAction\":[{\"@type\":\"ReadAction\",\"target\":[\"https:\/\/cedthu.rwpstaging.site\/xii-ikf-tehetsegprogram-turi-lajos-peter\/\"]}]},{\"@type\":\"ImageObject\",\"inLanguage\":\"en-US\",\"@id\":\"https:\/\/cedthu.rwpstaging.site\/xii-ikf-tehetsegprogram-turi-lajos-peter\/#primaryimage\",\"url\":\"https:\/\/cedthu.rwpstaging.site\/wp-content\/uploads\/2017\/02\/turi-lajos.jpg\",\"contentUrl\":\"https:\/\/cedthu.rwpstaging.site\/wp-content\/uploads\/2017\/02\/turi-lajos.jpg\"},{\"@type\":\"BreadcrumbList\",\"@id\":\"https:\/\/cedthu.rwpstaging.site\/xii-ikf-tehetsegprogram-turi-lajos-peter\/#breadcrumb\",\"itemListElement\":[{\"@type\":\"ListItem\",\"position\":1,\"name\":\"Home\",\"item\":\"https:\/\/cedthu.rwpstaging.site\/\"},{\"@type\":\"ListItem\",\"position\":2,\"name\":\"XII. IKF Tehets\u00e9gprogram \u2013 T\u00fari Lajos P\u00e9ter\"}]},{\"@type\":\"WebSite\",\"@id\":\"https:\/\/cedthu.rwpstaging.site\/#website\",\"url\":\"https:\/\/cedthu.rwpstaging.site\/\",\"name\":\"KET\",\"description\":\"K\u00f6z\u00e9p-Eur\u00f3pa T\u00e1ncsz\u00ednh\u00e1z\",\"publisher\":{\"@id\":\"https:\/\/cedthu.rwpstaging.site\/#organization\"},\"potentialAction\":[{\"@type\":\"SearchAction\",\"target\":{\"@type\":\"EntryPoint\",\"urlTemplate\":\"https:\/\/cedthu.rwpstaging.site\/?s={search_term_string}\"},\"query-input\":{\"@type\":\"PropertyValueSpecification\",\"valueRequired\":true,\"valueName\":\"search_term_string\"}}],\"inLanguage\":\"en-US\"},{\"@type\":\"Organization\",\"@id\":\"https:\/\/cedthu.rwpstaging.site\/#organization\",\"name\":\"KET\",\"url\":\"https:\/\/cedthu.rwpstaging.site\/\",\"logo\":{\"@type\":\"ImageObject\",\"inLanguage\":\"en-US\",\"@id\":\"https:\/\/cedthu.rwpstaging.site\/#\/schema\/logo\/image\/\",\"url\":\"https:\/\/cedthu.rwpstaging.site\/wp-content\/uploads\/2024\/03\/cropped-KET-NYomda-logo2.png\",\"contentUrl\":\"https:\/\/cedthu.rwpstaging.site\/wp-content\/uploads\/2024\/03\/cropped-KET-NYomda-logo2.png\",\"width\":300,\"height\":326,\"caption\":\"KET\"},\"image\":{\"@id\":\"https:\/\/cedthu.rwpstaging.site\/#\/schema\/logo\/image\/\"}}]}<\/script>\n<!-- \/ Yoast SEO plugin. -->","yoast_head_json":{"title":"XII. IKF Tehets\u00e9gprogram \u2013 T\u00fari Lajos P\u00e9ter - KET","robots":{"index":"index","follow":"follow","max-snippet":"max-snippet:-1","max-image-preview":"max-image-preview:large","max-video-preview":"max-video-preview:-1"},"canonical":"https:\/\/cedthu.rwpstaging.site\/en\/xii-ikf-tehetsegprogram-turi-lajos-peter\/","twitter_card":"summary_large_image","twitter_title":"XII. IKF Tehets\u00e9gprogram \u2013 T\u00fari Lajos P\u00e9ter - KET","twitter_description":"777 A darab felfedi \u00e9s megmutatja, milyen egyszer\u0171 is az ember \u00e9s milyen k\u00f6nnyen becsaphatja \u00f6nmag\u00e1t. Fejtegeti azt a dilemm\u00e1t, hogy technokrata vil\u00e1gunkban az emberi \u00e9rt\u00e9kek elveszni l\u00e1tszanak, hogyan v\u00e1lunk f\u00fcgg\u0151v\u00e9 \u00e9s szem\u00e9lytelenn\u00e9. K\u00fcls\u0151s\u00e9gek, hatalmi poz\u00edci\u00f3k, szereph\u00e1l\u00f3k, melyeket mind megtanulunk, \u00e9s mindezeket levetk\u0151zve, mag\u00e1nyunkban j\u00f6v\u00fcnk r\u00e1, hogy csak magunkra sz\u00e1m\u00edthatunk. Erre vil\u00e1g\u00edt r\u00e1 a \u201et\u00f6k\u00e9letes\u201d [&hellip;]","twitter_image":"https:\/\/cedthu.rwpstaging.site\/wp-content\/uploads\/2017\/02\/turi-lajos.jpg","twitter_misc":{"Est. reading time":"2 minutes"},"schema":{"@context":"https:\/\/schema.org","@graph":[{"@type":"WebPage","@id":"https:\/\/cedthu.rwpstaging.site\/xii-ikf-tehetsegprogram-turi-lajos-peter\/","url":"https:\/\/cedthu.rwpstaging.site\/xii-ikf-tehetsegprogram-turi-lajos-peter\/","name":"XII. IKF Tehets\u00e9gprogram \u2013 T\u00fari Lajos P\u00e9ter - KET","isPartOf":{"@id":"https:\/\/cedthu.rwpstaging.site\/#website"},"primaryImageOfPage":{"@id":"https:\/\/cedthu.rwpstaging.site\/xii-ikf-tehetsegprogram-turi-lajos-peter\/#primaryimage"},"image":{"@id":"https:\/\/cedthu.rwpstaging.site\/xii-ikf-tehetsegprogram-turi-lajos-peter\/#primaryimage"},"thumbnailUrl":"https:\/\/cedthu.rwpstaging.site\/wp-content\/uploads\/2017\/02\/turi-lajos.jpg","datePublished":"2025-05-15T17:20:44+00:00","dateModified":"2025-05-15T17:22:50+00:00","breadcrumb":{"@id":"https:\/\/cedthu.rwpstaging.site\/xii-ikf-tehetsegprogram-turi-lajos-peter\/#breadcrumb"},"inLanguage":"en-US","potentialAction":[{"@type":"ReadAction","target":["https:\/\/cedthu.rwpstaging.site\/xii-ikf-tehetsegprogram-turi-lajos-peter\/"]}]},{"@type":"ImageObject","inLanguage":"en-US","@id":"https:\/\/cedthu.rwpstaging.site\/xii-ikf-tehetsegprogram-turi-lajos-peter\/#primaryimage","url":"https:\/\/cedthu.rwpstaging.site\/wp-content\/uploads\/2017\/02\/turi-lajos.jpg","contentUrl":"https:\/\/cedthu.rwpstaging.site\/wp-content\/uploads\/2017\/02\/turi-lajos.jpg"},{"@type":"BreadcrumbList","@id":"https:\/\/cedthu.rwpstaging.site\/xii-ikf-tehetsegprogram-turi-lajos-peter\/#breadcrumb","itemListElement":[{"@type":"ListItem","position":1,"name":"Home","item":"https:\/\/cedthu.rwpstaging.site\/"},{"@type":"ListItem","position":2,"name":"XII. IKF Tehets\u00e9gprogram \u2013 T\u00fari Lajos P\u00e9ter"}]},{"@type":"WebSite","@id":"https:\/\/cedthu.rwpstaging.site\/#website","url":"https:\/\/cedthu.rwpstaging.site\/","name":"KET","description":"Central Europe Dance Theatre","publisher":{"@id":"https:\/\/cedthu.rwpstaging.site\/#organization"},"potentialAction":[{"@type":"SearchAction","target":{"@type":"EntryPoint","urlTemplate":"https:\/\/cedthu.rwpstaging.site\/?s={search_term_string}"},"query-input":{"@type":"PropertyValueSpecification","valueRequired":true,"valueName":"search_term_string"}}],"inLanguage":"en-US"},{"@type":"Organization","@id":"https:\/\/cedthu.rwpstaging.site\/#organization","name":"KET","url":"https:\/\/cedthu.rwpstaging.site\/","logo":{"@type":"ImageObject","inLanguage":"en-US","@id":"https:\/\/cedthu.rwpstaging.site\/#\/schema\/logo\/image\/","url":"https:\/\/cedthu.rwpstaging.site\/wp-content\/uploads\/2024\/03\/cropped-KET-NYomda-logo2.png","contentUrl":"https:\/\/cedthu.rwpstaging.site\/wp-content\/uploads\/2024\/03\/cropped-KET-NYomda-logo2.png","width":300,"height":326,"caption":"KET"},"image":{"@id":"https:\/\/cedthu.rwpstaging.site\/#\/schema\/logo\/image\/"}}]}},"_links":{"self":[{"href":"https:\/\/cedthu.rwpstaging.site\/en\/wp-json\/wp\/v2\/pages\/18600","targetHints":{"allow":["GET"]}}],"collection":[{"href":"https:\/\/cedthu.rwpstaging.site\/en\/wp-json\/wp\/v2\/pages"}],"about":[{"href":"https:\/\/cedthu.rwpstaging.site\/en\/wp-json\/wp\/v2\/types\/page"}],"author":[{"embeddable":true,"href":"https:\/\/cedthu.rwpstaging.site\/en\/wp-json\/wp\/v2\/users\/1"}],"replies":[{"embeddable":true,"href":"https:\/\/cedthu.rwpstaging.site\/en\/wp-json\/wp\/v2\/comments?post=18600"}],"version-history":[{"count":5,"href":"https:\/\/cedthu.rwpstaging.site\/en\/wp-json\/wp\/v2\/pages\/18600\/revisions"}],"predecessor-version":[{"id":18640,"href":"https:\/\/cedthu.rwpstaging.site\/en\/wp-json\/wp\/v2\/pages\/18600\/revisions\/18640"}],"wp:attachment":[{"href":"https:\/\/cedthu.rwpstaging.site\/en\/wp-json\/wp\/v2\/media?parent=18600"}],"curies":[{"name":"wp","href":"https:\/\/api.w.org\/{rel}","templated":true}]}}