{"id":18644,"date":"2025-05-15T17:23:31","date_gmt":"2025-05-15T17:23:31","guid":{"rendered":"https:\/\/cedthu.rwpstaging.site\/?page_id=18644"},"modified":"2025-05-15T17:25:14","modified_gmt":"2025-05-15T17:25:14","slug":"xi-ikf-tehetsegprogram-simko-beatrix","status":"publish","type":"page","link":"https:\/\/cedthu.rwpstaging.site\/en\/xi-ikf-tehetsegprogram-simko-beatrix\/","title":{"rendered":"XI IKF Talent Programme - Simk\u00f3 Beatrix"},"content":{"rendered":"<div data-elementor-type=\"wp-page\" data-elementor-id=\"18644\" class=\"elementor elementor-18644\" data-elementor-post-type=\"page\">\n\t\t\t\t\t\t<section class=\"elementor-section elementor-top-section elementor-element elementor-element-3b97ce45 elementor-section-boxed elementor-section-height-default elementor-section-height-default\" data-id=\"3b97ce45\" data-element_type=\"section\" data-settings=\"{&quot;background_background&quot;:&quot;classic&quot;}\">\n\t\t\t\t\t\t<div class=\"elementor-container elementor-column-gap-default\">\n\t\t\t\t\t<div class=\"elementor-column elementor-col-100 elementor-top-column elementor-element elementor-element-4aaea3d6\" data-id=\"4aaea3d6\" data-element_type=\"column\">\n\t\t\t<div class=\"elementor-widget-wrap elementor-element-populated\">\n\t\t\t\t\t\t<div class=\"elementor-element elementor-element-661380e7 elementor-widget elementor-widget-image\" data-id=\"661380e7\" data-element_type=\"widget\" data-widget_type=\"image.default\">\n\t\t\t\t<div class=\"elementor-widget-container\">\n\t\t\t\t\t\t\t\t\t\t\t\t\t\t\t<img fetchpriority=\"high\" decoding=\"async\" width=\"872\" height=\"768\" src=\"https:\/\/cedthu.rwpstaging.site\/wp-content\/uploads\/2017\/02\/Simk\u00f3-Beatrix-fot\u00f3_D\u00f6m\u00f6lky-D\u00e1niel.jpg\" class=\"attachment-full size-full wp-image-4315\" alt=\"\" srcset=\"https:\/\/cedthu.rwpstaging.site\/wp-content\/uploads\/2017\/02\/Simk\u00f3-Beatrix-fot\u00f3_D\u00f6m\u00f6lky-D\u00e1niel.jpg 872w, https:\/\/cedthu.rwpstaging.site\/wp-content\/uploads\/2017\/02\/Simk\u00f3-Beatrix-fot\u00f3_D\u00f6m\u00f6lky-D\u00e1niel-300x264.jpg 300w, https:\/\/cedthu.rwpstaging.site\/wp-content\/uploads\/2017\/02\/Simk\u00f3-Beatrix-fot\u00f3_D\u00f6m\u00f6lky-D\u00e1niel-768x676.jpg 768w, https:\/\/cedthu.rwpstaging.site\/wp-content\/uploads\/2017\/02\/Simk\u00f3-Beatrix-fot\u00f3_D\u00f6m\u00f6lky-D\u00e1niel-400x352.jpg 400w, https:\/\/cedthu.rwpstaging.site\/wp-content\/uploads\/2017\/02\/Simk\u00f3-Beatrix-fot\u00f3_D\u00f6m\u00f6lky-D\u00e1niel-20x18.jpg 20w\" sizes=\"(max-width: 872px) 100vw, 872px\" \/>\t\t\t\t\t\t\t\t\t\t\t\t\t\t\t<\/div>\n\t\t\t\t<\/div>\n\t\t\t\t<div class=\"elementor-element elementor-element-1eeedcf7 elementor-widget elementor-widget-text-editor\" data-id=\"1eeedcf7\" data-element_type=\"widget\" data-widget_type=\"text-editor.default\">\n\t\t\t\t<div class=\"elementor-widget-container\">\n\t\t\t\t\t\t\t\t\t<div class=\"x11i5rnm xat24cr x1mh8g0r x1vvkbs xtlvy1s\"><div class=\"show-description\"><p>This year, three young people will have the opportunity to present their work in the framework of the KET IKF competition, including Beatrix Simk\u00f3, who is working on her concept Kereng\u0151 with the company's dancers.<\/p><p>Cloisters<\/p><p>\"The concept of The Cloister was inspired by Samuel Beckett's plays without text.<\/p><p>Through specific movement patterns and designs, how to apply minimal variations of them to specific individuals. Repetition, structure and movement of the mass are presented as a task, and the aim is to put them into practice and create new structures.<\/p><p>I've used repetitive processes in my previous work and I'm very interested in how relationships can be developed with multiple actors. Keeping the movement patterns systematic, I am looking for different movement languages with the dancers, which in the final presentation will take the completely clean, everyday movements to the genre of dance.\" Beatrix Simk\u00f3<\/p><p>Beatrix Simk\u00f3 dance artist, choreographer, media artist.<\/p><p>He continued his studies at the Moholy-Nagy University of Art and Design, graduating in media design. In addition to her individual works, she has been working with the \u00c9va Duda Company for seven years. In 2014 she was awarded a Viktor F\u00fcl\u00f6p State Scholarship, and in 2015 she was a recipient of a scholarship from Hungary for the international programme of the Theatertreffen theatre festival in Berlin. In addition to her work in Budapest, she often works in international co-productions, in recent years in Berlin, Vienna, Graz and Bern.<\/p><p>PengPalast! is touring with the Swiss collective Bye Bye Babel and recently performed Get to Know Kassandra at the Munich Rodeo Festival.<\/p><p>Currently, she is performing her own contemporary dance performance with Zolt\u00e1n Grecs\u00f3 at the House Stage of the V\u00edgsz\u00ednh\u00e1z, under the title #Orfeusz #Eur\u00fcdik\u00e9c\u00ed.<\/p><p><br \/>Supported by the Imre Zolt\u00e1n Programme of the National Cultural Fund.<\/p><\/div><\/div>\t\t\t\t\t\t\t\t<\/div>\n\t\t\t\t<\/div>\n\t\t\t\t<div class=\"elementor-element elementor-element-4aeebf4 elementor-widget elementor-widget-heading\" data-id=\"4aeebf4\" data-element_type=\"widget\" data-widget_type=\"heading.default\">\n\t\t\t\t<div class=\"elementor-widget-container\">\n\t\t\t\t\t<h2 class=\"elementor-heading-title elementor-size-default\">creators<\/h2>\t\t\t\t<\/div>\n\t\t\t\t<\/div>\n\t\t\t\t<div class=\"elementor-element elementor-element-12e13b15 elementor-widget-divider--view-line elementor-widget elementor-widget-divider\" data-id=\"12e13b15\" data-element_type=\"widget\" data-widget_type=\"divider.default\">\n\t\t\t\t<div class=\"elementor-widget-container\">\n\t\t\t\t\t\t\t<div class=\"elementor-divider\">\n\t\t\t<span class=\"elementor-divider-separator\">\n\t\t\t\t\t\t<\/span>\n\t\t<\/div>\n\t\t\t\t\t\t<\/div>\n\t\t\t\t<\/div>\n\t\t\t\t<div class=\"elementor-element elementor-element-2f317933 elementor-widget elementor-widget-text-editor\" data-id=\"2f317933\" data-element_type=\"widget\" data-widget_type=\"text-editor.default\">\n\t\t\t\t<div class=\"elementor-widget-container\">\n\t\t\t\t\t\t\t\t\t<div class=\"show-actors\"><div id=\"nested-actors\"><div class=\"show-actors\"><div id=\"nested-actors\"><div class=\"show-actors\"><div id=\"nested-actors\"><div><h3>Choreographer<\/h3><ul><li>Beatrix Simk\u00f3<\/li><\/ul><\/div><div><h3>Sight<\/h3><ul><li>D\u00e1niel D\u00f6m\u00f6lky<\/li><\/ul><\/div><div><h3>Music<\/h3><ul><li>Levente Boros<\/li><\/ul><\/div><div><h3>Light<\/h3><ul><li>Zolt\u00e1n Fogarasi<\/li><\/ul><\/div><div><h3>Presenters<\/h3><ul><li>Zsanett Jakab<\/li><li>Mariann Hargitai<\/li><li>Adrienn Horv\u00e1th<\/li><li>G\u00e1bor Ivanov<\/li><li>P\u00e9ter Kov\u00e1cs<\/li><li>L\u00e1szl\u00f3 M\u00e1di<\/li><li>Csaba M\u00e1ty\u00e1s Nagy<\/li><li>Adrienn Nyeste<\/li><\/ul><\/div><\/div><\/div><div class=\"show-images\"><div class=\"row no-margin\"><div class=\"col-md-12 no-padding\">\u00a0<\/div><\/div><\/div><\/div><\/div><\/div><\/div>\t\t\t\t\t\t\t\t<\/div>\n\t\t\t\t<\/div>\n\t\t\t\t<div class=\"elementor-element elementor-element-61401d61 elementor-widget elementor-widget-heading\" data-id=\"61401d61\" data-element_type=\"widget\" data-widget_type=\"heading.default\">\n\t\t\t\t<div class=\"elementor-widget-container\">\n\t\t\t\t\t<h2 class=\"elementor-heading-title elementor-size-default\">XI IKF Talent Programme - Simk\u00f3 Beatrix<\/h2>\t\t\t\t<\/div>\n\t\t\t\t<\/div>\n\t\t\t\t<div class=\"elementor-element elementor-element-50fd5d63 elementor-widget elementor-widget-gallery\" data-id=\"50fd5d63\" data-element_type=\"widget\" data-settings=\"{&quot;columns&quot;:3,&quot;lazyload&quot;:&quot;yes&quot;,&quot;gallery_layout&quot;:&quot;grid&quot;,&quot;columns_tablet&quot;:2,&quot;columns_mobile&quot;:1,&quot;gap&quot;:{&quot;unit&quot;:&quot;px&quot;,&quot;size&quot;:10,&quot;sizes&quot;:[]},&quot;gap_tablet&quot;:{&quot;unit&quot;:&quot;px&quot;,&quot;size&quot;:10,&quot;sizes&quot;:[]},&quot;gap_mobile&quot;:{&quot;unit&quot;:&quot;px&quot;,&quot;size&quot;:10,&quot;sizes&quot;:[]},&quot;link_to&quot;:&quot;file&quot;,&quot;aspect_ratio&quot;:&quot;3:2&quot;,&quot;overlay_background&quot;:&quot;yes&quot;,&quot;content_hover_animation&quot;:&quot;fade-in&quot;}\" data-widget_type=\"gallery.default\">\n\t\t\t\t<div class=\"elementor-widget-container\">\n\t\t\t\t\t\t\t<div class=\"elementor-gallery__container\">\n\t\t\t\t\t\t\t<a class=\"e-gallery-item elementor-gallery-item elementor-animated-content\" href=\"https:\/\/cedthu.rwpstaging.site\/wp-content\/uploads\/2017\/02\/pic_86.jpg\" data-elementor-open-lightbox=\"yes\" data-elementor-lightbox-slideshow=\"50fd5d63\" data-elementor-lightbox-title=\"pic_86\" data-e-action-hash=\"#elementor-action%3Aaction%3Dlightbox%26settings%3DeyJpZCI6MTg0OCwidXJsIjoiaHR0cHM6XC9cL2NlZHRodS5yd3BzdGFnaW5nLnNpdGVcL3dwLWNvbnRlbnRcL3VwbG9hZHNcLzIwMTdcLzAyXC9waWNfODYuanBnIiwic2xpZGVzaG93IjoiNTBmZDVkNjMifQ%3D%3D\">\n\t\t\t\t\t<div class=\"e-gallery-image elementor-gallery-item__image\" data-thumbnail=\"https:\/\/cedthu.rwpstaging.site\/wp-content\/uploads\/2017\/02\/pic_86-212x300.jpg\" data-width=\"212\" data-height=\"300\" aria-label=\"\" role=\"img\" ><\/div>\n\t\t\t\t\t\t\t\t\t\t\t<div class=\"elementor-gallery-item__overlay\"><\/div>\n\t\t\t\t\t\t\t\t\t\t\t\t\t\t<\/a>\n\t\t\t\t\t\t\t<a class=\"e-gallery-item elementor-gallery-item elementor-animated-content\" href=\"https:\/\/cedthu.rwpstaging.site\/wp-content\/uploads\/2017\/02\/kereng\u0151-Dusa_G\u00e1bor.jpg\" data-elementor-open-lightbox=\"yes\" data-elementor-lightbox-slideshow=\"50fd5d63\" data-elementor-lightbox-title=\"Dusa G\u00e1bor - IKF Simk\u00f3 Beatrix: Kereng\u0151\" data-elementor-lightbox-description=\"Dusa G\u00e1bor - IKF Simk\u00f3 Beatrix: Kereng\u0151\" data-e-action-hash=\"#elementor-action%3Aaction%3Dlightbox%26settings%3DeyJpZCI6Mzg3MSwidXJsIjoiaHR0cHM6XC9cL2NlZHRodS5yd3BzdGFnaW5nLnNpdGVcL3dwLWNvbnRlbnRcL3VwbG9hZHNcLzIwMTdcLzAyXC9rZXJlbmdcdTAxNTEtRHVzYV9HXHUwMGUxYm9yLmpwZyIsInNsaWRlc2hvdyI6IjUwZmQ1ZDYzIn0%3D\">\n\t\t\t\t\t<div class=\"e-gallery-image elementor-gallery-item__image\" data-thumbnail=\"https:\/\/cedthu.rwpstaging.site\/wp-content\/uploads\/2017\/02\/kereng\u0151-Dusa_G\u00e1bor-300x178.jpg\" data-width=\"300\" data-height=\"178\" aria-label=\"Dusa G\u00e1bor - IKF Simk\u00f3 Beatrix: Cloister\" role=\"img\" ><\/div>\n\t\t\t\t\t\t\t\t\t\t\t<div class=\"elementor-gallery-item__overlay\"><\/div>\n\t\t\t\t\t\t\t\t\t\t\t\t\t\t<\/a>\n\t\t\t\t\t\t\t<a class=\"e-gallery-item elementor-gallery-item elementor-animated-content\" href=\"https:\/\/cedthu.rwpstaging.site\/wp-content\/uploads\/2017\/02\/kereng\u0151_Dusa-G\u00e1bor.jpg\" data-elementor-open-lightbox=\"yes\" data-elementor-lightbox-slideshow=\"50fd5d63\" data-elementor-lightbox-title=\"kereng\u0151_Dusa G\u00e1bor\" data-e-action-hash=\"#elementor-action%3Aaction%3Dlightbox%26settings%3DeyJpZCI6Mzg3NCwidXJsIjoiaHR0cHM6XC9cL2NlZHRodS5yd3BzdGFnaW5nLnNpdGVcL3dwLWNvbnRlbnRcL3VwbG9hZHNcLzIwMTdcLzAyXC9rZXJlbmdcdTAxNTFfRHVzYS1HXHUwMGUxYm9yLmpwZyIsInNsaWRlc2hvdyI6IjUwZmQ1ZDYzIn0%3D\">\n\t\t\t\t\t<div class=\"e-gallery-image elementor-gallery-item__image\" data-thumbnail=\"https:\/\/cedthu.rwpstaging.site\/wp-content\/uploads\/2017\/02\/kereng\u0151_Dusa-G\u00e1bor-300x162.jpg\" data-width=\"300\" data-height=\"162\" aria-label=\"\" role=\"img\" ><\/div>\n\t\t\t\t\t\t\t\t\t\t\t<div class=\"elementor-gallery-item__overlay\"><\/div>\n\t\t\t\t\t\t\t\t\t\t\t\t\t\t<\/a>\n\t\t\t\t\t<\/div>\n\t\t\t\t\t<\/div>\n\t\t\t\t<\/div>\n\t\t\t\t<div class=\"elementor-element elementor-element-46b291c8 elementor-widget elementor-widget-heading\" data-id=\"46b291c8\" data-element_type=\"widget\" data-widget_type=\"heading.default\">\n\t\t\t\t<div class=\"elementor-widget-container\">\n\t\t\t\t\t<h2 class=\"elementor-heading-title elementor-size-default\">Related Press Releases<\/h2>\t\t\t\t<\/div>\n\t\t\t\t<\/div>\n\t\t\t\t<div class=\"elementor-element elementor-element-637b7228 elementor-widget-divider--view-line elementor-widget elementor-widget-divider\" data-id=\"637b7228\" data-element_type=\"widget\" data-widget_type=\"divider.default\">\n\t\t\t\t<div class=\"elementor-widget-container\">\n\t\t\t\t\t\t\t<div class=\"elementor-divider\">\n\t\t\t<span class=\"elementor-divider-separator\">\n\t\t\t\t\t\t<\/span>\n\t\t<\/div>\n\t\t\t\t\t\t<\/div>\n\t\t\t\t<\/div>\n\t\t\t\t<div class=\"elementor-element elementor-element-70c81868 elementor-widget elementor-widget-text-editor\" data-id=\"70c81868\" data-element_type=\"widget\" data-widget_type=\"text-editor.default\">\n\t\t\t\t<div class=\"elementor-widget-container\">\n\t\t\t\t\t\t\t\t\t<div class=\"pressauthor\"><div class=\"pressauthor\"><div class=\"pressauthor\">Vikt\u00f3ria Pint\u00e9r:\u00a0<a href=\"http:\/\/www.tanckritika.hu\/kategoriak\/kritika\/1053-pinter-viktoria-a-kijelolt-gyulekezesi-pont\">THE DESIGNATED ASSEMBLY POINT\u00a0<\/a>(Dance review) <span style=\"font-family: -apple-system, BlinkMacSystemFont, 'Segoe UI', Roboto, 'Helvetica Neue', Arial, 'Noto Sans', sans-serif, 'Apple Color Emoji', 'Segoe UI Emoji', 'Segoe UI Symbol', 'Noto Color Emoji';\">&#8211; 14\/01\/2017 <\/span><span style=\"font-family: -apple-system, BlinkMacSystemFont, 'Segoe UI', Roboto, 'Helvetica Neue', Arial, 'Noto Sans', sans-serif, 'Apple Color Emoji', 'Segoe UI Emoji', 'Segoe UI Symbol', 'Noto Color Emoji';\">Beatrix Simk\u00f3 presented a cruel choreography at the Forum of Young Choreographers.* I use cruel here in the Artaudian sense, as a staged language experiment of inorganicness. And the dehumanized vision immediately activates the flesh of the spectator. There is no introduction, we are just dropped into a black, light-filled post-apocalyptic space, familiar from Beckettian drama, into some end-of-the-world or beginning-of-the-world (?) corner.<\/span><\/div><\/div><\/div>\t\t\t\t\t\t\t\t<\/div>\n\t\t\t\t<\/div>\n\t\t\t\t\t<\/div>\n\t\t<\/div>\n\t\t\t\t\t<\/div>\n\t\t<\/section>\n\t\t\t\t<\/div>","protected":false},"excerpt":{"rendered":"<p>A KET IKF p\u00e1ly\u00e1zat\u00e1nak keret\u00e9ben id\u00e9n is lehet\u0151s\u00e9get kap h\u00e1rom fiatal a bemutatkoz\u00e1sra, k\u00f6zt\u00fck Simk\u00f3 Beatrix, aki Kereng\u0151 c. koncepci\u00f3j\u00e1t k\u00e9sz\u00edti el a t\u00e1rsulat t\u00e1ncm\u0171v\u00e9szeivel. Kereng\u0151 \u201eA Kereng\u0151 koncepci\u00f3j\u00e1t Samuel Beckett sz\u00f6vegn\u00e9lk\u00fcli darabjai inspir\u00e1lt\u00e1k. Bizonyos mozg\u00e1sk\u00e9pleteken \u00e9s mint\u00e1kon kereszt\u00fcl, hogyan lehet azok minimaliza\u0301lt varia\u0301cio\u0301it adott szem\u00e9lyekre alkalmazni. Az ism\u00e9tl\u00e9s, a szerkesztettse\u0301g e\u0301s a to\u0308meg mozgata\u0301sa [&hellip;]<\/p>","protected":false},"author":1,"featured_media":0,"parent":0,"menu_order":0,"comment_status":"closed","ping_status":"closed","template":"elementor_header_footer","meta":{"footnotes":""},"class_list":["post-18644","page","type-page","status-publish","hentry"],"yoast_head":"<!-- This site is optimized with the Yoast SEO plugin v26.0 - https:\/\/yoast.com\/wordpress\/plugins\/seo\/ -->\n<title>XI. IKF Tehets\u00e9gprogram \u2013 Simk\u00f3 Beatrix - KET<\/title>\n<meta name=\"robots\" content=\"index, follow, max-snippet:-1, max-image-preview:large, max-video-preview:-1\" \/>\n<link rel=\"canonical\" href=\"https:\/\/cedthu.rwpstaging.site\/en\/xi-ikf-tehetsegprogram-simko-beatrix\/\" \/>\n<meta name=\"twitter:card\" content=\"summary_large_image\" \/>\n<meta name=\"twitter:title\" content=\"XI. IKF Tehets\u00e9gprogram \u2013 Simk\u00f3 Beatrix - KET\" \/>\n<meta name=\"twitter:description\" content=\"A KET IKF p\u00e1ly\u00e1zat\u00e1nak keret\u00e9ben id\u00e9n is lehet\u0151s\u00e9get kap h\u00e1rom fiatal a bemutatkoz\u00e1sra, k\u00f6zt\u00fck Simk\u00f3 Beatrix, aki Kereng\u0151 c. koncepci\u00f3j\u00e1t k\u00e9sz\u00edti el a t\u00e1rsulat t\u00e1ncm\u0171v\u00e9szeivel. Kereng\u0151 \u201eA Kereng\u0151 koncepci\u00f3j\u00e1t Samuel Beckett sz\u00f6vegn\u00e9lk\u00fcli darabjai inspir\u00e1lt\u00e1k. Bizonyos mozg\u00e1sk\u00e9pleteken \u00e9s mint\u00e1kon kereszt\u00fcl, hogyan lehet azok minimaliza\u0301lt varia\u0301cio\u0301it adott szem\u00e9lyekre alkalmazni. Az ism\u00e9tl\u00e9s, a szerkesztettse\u0301g e\u0301s a to\u0308meg mozgata\u0301sa [&hellip;]\" \/>\n<meta name=\"twitter:label1\" content=\"Est. reading time\" \/>\n\t<meta name=\"twitter:data1\" content=\"2 minutes\" \/>\n<script type=\"application\/ld+json\" class=\"yoast-schema-graph\">{\"@context\":\"https:\/\/schema.org\",\"@graph\":[{\"@type\":\"WebPage\",\"@id\":\"https:\/\/cedthu.rwpstaging.site\/xi-ikf-tehetsegprogram-simko-beatrix\/\",\"url\":\"https:\/\/cedthu.rwpstaging.site\/xi-ikf-tehetsegprogram-simko-beatrix\/\",\"name\":\"XI. IKF Tehets\u00e9gprogram \u2013 Simk\u00f3 Beatrix - KET\",\"isPartOf\":{\"@id\":\"https:\/\/cedthu.rwpstaging.site\/#website\"},\"datePublished\":\"2025-05-15T17:23:31+00:00\",\"dateModified\":\"2025-05-15T17:25:14+00:00\",\"breadcrumb\":{\"@id\":\"https:\/\/cedthu.rwpstaging.site\/xi-ikf-tehetsegprogram-simko-beatrix\/#breadcrumb\"},\"inLanguage\":\"en-US\",\"potentialAction\":[{\"@type\":\"ReadAction\",\"target\":[\"https:\/\/cedthu.rwpstaging.site\/xi-ikf-tehetsegprogram-simko-beatrix\/\"]}]},{\"@type\":\"BreadcrumbList\",\"@id\":\"https:\/\/cedthu.rwpstaging.site\/xi-ikf-tehetsegprogram-simko-beatrix\/#breadcrumb\",\"itemListElement\":[{\"@type\":\"ListItem\",\"position\":1,\"name\":\"Home\",\"item\":\"https:\/\/cedthu.rwpstaging.site\/\"},{\"@type\":\"ListItem\",\"position\":2,\"name\":\"XI. IKF Tehets\u00e9gprogram \u2013 Simk\u00f3 Beatrix\"}]},{\"@type\":\"WebSite\",\"@id\":\"https:\/\/cedthu.rwpstaging.site\/#website\",\"url\":\"https:\/\/cedthu.rwpstaging.site\/\",\"name\":\"KET\",\"description\":\"K\u00f6z\u00e9p-Eur\u00f3pa T\u00e1ncsz\u00ednh\u00e1z\",\"publisher\":{\"@id\":\"https:\/\/cedthu.rwpstaging.site\/#organization\"},\"potentialAction\":[{\"@type\":\"SearchAction\",\"target\":{\"@type\":\"EntryPoint\",\"urlTemplate\":\"https:\/\/cedthu.rwpstaging.site\/?s={search_term_string}\"},\"query-input\":{\"@type\":\"PropertyValueSpecification\",\"valueRequired\":true,\"valueName\":\"search_term_string\"}}],\"inLanguage\":\"en-US\"},{\"@type\":\"Organization\",\"@id\":\"https:\/\/cedthu.rwpstaging.site\/#organization\",\"name\":\"KET\",\"url\":\"https:\/\/cedthu.rwpstaging.site\/\",\"logo\":{\"@type\":\"ImageObject\",\"inLanguage\":\"en-US\",\"@id\":\"https:\/\/cedthu.rwpstaging.site\/#\/schema\/logo\/image\/\",\"url\":\"https:\/\/cedthu.rwpstaging.site\/wp-content\/uploads\/2024\/03\/cropped-KET-NYomda-logo2.png\",\"contentUrl\":\"https:\/\/cedthu.rwpstaging.site\/wp-content\/uploads\/2024\/03\/cropped-KET-NYomda-logo2.png\",\"width\":300,\"height\":326,\"caption\":\"KET\"},\"image\":{\"@id\":\"https:\/\/cedthu.rwpstaging.site\/#\/schema\/logo\/image\/\"}}]}<\/script>\n<!-- \/ Yoast SEO plugin. -->","yoast_head_json":{"title":"XI. IKF Tehets\u00e9gprogram \u2013 Simk\u00f3 Beatrix - KET","robots":{"index":"index","follow":"follow","max-snippet":"max-snippet:-1","max-image-preview":"max-image-preview:large","max-video-preview":"max-video-preview:-1"},"canonical":"https:\/\/cedthu.rwpstaging.site\/en\/xi-ikf-tehetsegprogram-simko-beatrix\/","twitter_card":"summary_large_image","twitter_title":"XI. IKF Tehets\u00e9gprogram \u2013 Simk\u00f3 Beatrix - KET","twitter_description":"A KET IKF p\u00e1ly\u00e1zat\u00e1nak keret\u00e9ben id\u00e9n is lehet\u0151s\u00e9get kap h\u00e1rom fiatal a bemutatkoz\u00e1sra, k\u00f6zt\u00fck Simk\u00f3 Beatrix, aki Kereng\u0151 c. koncepci\u00f3j\u00e1t k\u00e9sz\u00edti el a t\u00e1rsulat t\u00e1ncm\u0171v\u00e9szeivel. Kereng\u0151 \u201eA Kereng\u0151 koncepci\u00f3j\u00e1t Samuel Beckett sz\u00f6vegn\u00e9lk\u00fcli darabjai inspir\u00e1lt\u00e1k. Bizonyos mozg\u00e1sk\u00e9pleteken \u00e9s mint\u00e1kon kereszt\u00fcl, hogyan lehet azok minimaliza\u0301lt varia\u0301cio\u0301it adott szem\u00e9lyekre alkalmazni. Az ism\u00e9tl\u00e9s, a szerkesztettse\u0301g e\u0301s a to\u0308meg mozgata\u0301sa [&hellip;]","twitter_misc":{"Est. reading time":"2 minutes"},"schema":{"@context":"https:\/\/schema.org","@graph":[{"@type":"WebPage","@id":"https:\/\/cedthu.rwpstaging.site\/xi-ikf-tehetsegprogram-simko-beatrix\/","url":"https:\/\/cedthu.rwpstaging.site\/xi-ikf-tehetsegprogram-simko-beatrix\/","name":"XI. IKF Tehets\u00e9gprogram \u2013 Simk\u00f3 Beatrix - KET","isPartOf":{"@id":"https:\/\/cedthu.rwpstaging.site\/#website"},"datePublished":"2025-05-15T17:23:31+00:00","dateModified":"2025-05-15T17:25:14+00:00","breadcrumb":{"@id":"https:\/\/cedthu.rwpstaging.site\/xi-ikf-tehetsegprogram-simko-beatrix\/#breadcrumb"},"inLanguage":"en-US","potentialAction":[{"@type":"ReadAction","target":["https:\/\/cedthu.rwpstaging.site\/xi-ikf-tehetsegprogram-simko-beatrix\/"]}]},{"@type":"BreadcrumbList","@id":"https:\/\/cedthu.rwpstaging.site\/xi-ikf-tehetsegprogram-simko-beatrix\/#breadcrumb","itemListElement":[{"@type":"ListItem","position":1,"name":"Home","item":"https:\/\/cedthu.rwpstaging.site\/"},{"@type":"ListItem","position":2,"name":"XI. IKF Tehets\u00e9gprogram \u2013 Simk\u00f3 Beatrix"}]},{"@type":"WebSite","@id":"https:\/\/cedthu.rwpstaging.site\/#website","url":"https:\/\/cedthu.rwpstaging.site\/","name":"KET","description":"Central Europe Dance Theatre","publisher":{"@id":"https:\/\/cedthu.rwpstaging.site\/#organization"},"potentialAction":[{"@type":"SearchAction","target":{"@type":"EntryPoint","urlTemplate":"https:\/\/cedthu.rwpstaging.site\/?s={search_term_string}"},"query-input":{"@type":"PropertyValueSpecification","valueRequired":true,"valueName":"search_term_string"}}],"inLanguage":"en-US"},{"@type":"Organization","@id":"https:\/\/cedthu.rwpstaging.site\/#organization","name":"KET","url":"https:\/\/cedthu.rwpstaging.site\/","logo":{"@type":"ImageObject","inLanguage":"en-US","@id":"https:\/\/cedthu.rwpstaging.site\/#\/schema\/logo\/image\/","url":"https:\/\/cedthu.rwpstaging.site\/wp-content\/uploads\/2024\/03\/cropped-KET-NYomda-logo2.png","contentUrl":"https:\/\/cedthu.rwpstaging.site\/wp-content\/uploads\/2024\/03\/cropped-KET-NYomda-logo2.png","width":300,"height":326,"caption":"KET"},"image":{"@id":"https:\/\/cedthu.rwpstaging.site\/#\/schema\/logo\/image\/"}}]}},"_links":{"self":[{"href":"https:\/\/cedthu.rwpstaging.site\/en\/wp-json\/wp\/v2\/pages\/18644","targetHints":{"allow":["GET"]}}],"collection":[{"href":"https:\/\/cedthu.rwpstaging.site\/en\/wp-json\/wp\/v2\/pages"}],"about":[{"href":"https:\/\/cedthu.rwpstaging.site\/en\/wp-json\/wp\/v2\/types\/page"}],"author":[{"embeddable":true,"href":"https:\/\/cedthu.rwpstaging.site\/en\/wp-json\/wp\/v2\/users\/1"}],"replies":[{"embeddable":true,"href":"https:\/\/cedthu.rwpstaging.site\/en\/wp-json\/wp\/v2\/comments?post=18644"}],"version-history":[{"count":4,"href":"https:\/\/cedthu.rwpstaging.site\/en\/wp-json\/wp\/v2\/pages\/18644\/revisions"}],"predecessor-version":[{"id":18669,"href":"https:\/\/cedthu.rwpstaging.site\/en\/wp-json\/wp\/v2\/pages\/18644\/revisions\/18669"}],"wp:attachment":[{"href":"https:\/\/cedthu.rwpstaging.site\/en\/wp-json\/wp\/v2\/media?parent=18644"}],"curies":[{"name":"wp","href":"https:\/\/api.w.org\/{rel}","templated":true}]}}