{"id":19487,"date":"2025-05-27T16:39:27","date_gmt":"2025-05-27T16:39:27","guid":{"rendered":"https:\/\/cedthu.rwpstaging.site\/?page_id=19487"},"modified":"2025-05-27T16:39:28","modified_gmt":"2025-05-27T16:39:28","slug":"a-danceua-projektrol","status":"publish","type":"page","link":"https:\/\/cedthu.rwpstaging.site\/en\/a-danceua-projektrol\/","title":{"rendered":"About the DancEUA project\u00a0"},"content":{"rendered":"<p>About the DancEUA project&nbsp;<\/p>\n\n\n\n<p>Contemporary Resilience: Dance Recreation in Ukraine (dancEUA) is a European cultural cooperation project aimed at strengthening the Ukrainian contemporary dance sector and encouraging long-term professional cooperation between Ukrainian and European artists.&nbsp;&nbsp;<\/p>\n\n\n\n<p>The project responds to the challenges faced by Ukrainian dance artists, providing a platform for artistic exchange, professional development and cultural resilience through cross-border partnerships.&nbsp;&nbsp;<\/p>\n\n\n\n<p>The project is led by Studio Contemporary Dance Company (Croatia), in collaboration with Central Europe Dance Theater (Hungary), M Studio (Romania), Vitlycke Performing Arts Centre (Sweden) and UA Contemporary Dance Platform (Ukraine). dancEUA brings together major cultural organisations committed to the development of contemporary dance.&nbsp;&nbsp;<\/p>\n\n\n\n<p>The DancEUA project website: <a href=\"https:\/\/www.danceua.eu\/\">https:\/\/www.danceua.eu\/<\/a><\/p>\n\n\n\n<p>The project is structured around a range of activities, including artist residencies, professional training, international presentations, networking initiatives and political engagement, all of which support dance artists and the wider cultural sector.&nbsp;&nbsp;<\/p>\n\n\n\n<p>Through this, the project will provide opportunities for choreographers, dancers and cultural professionals to collaborate, create new artistic works and engage with local and international audiences. Through digital tools, knowledge-sharing platforms and public events, dancEUA ensures that the results reach as many people as possible. This will increase the visibility of Ukrainian contemporary dance and its long-term sustainable development on the European art scene.<\/p>","protected":false},"excerpt":{"rendered":"<p>A DancEUA projektr\u0151l&nbsp; Kort\u00e1rs Reziliencia: A T\u00e1nc \u00dajraalkot\u00e1sa Ukrajn\u00e1ban (dancEUA) egy eur\u00f3pai kultur\u00e1lis egy\u00fcttm\u0171k\u00f6d\u00e9si projekt, amelynek c\u00e9lja az ukr\u00e1n kort\u00e1rs t\u00e1nc szektor meger\u0151s\u00edt\u00e9se \u00e9s a hossz\u00fa t\u00e1v\u00fa szakmai egy\u00fcttm\u0171k\u00f6d\u00e9s \u00f6szt\u00f6nz\u00e9se ukr\u00e1n \u00e9s eur\u00f3pai m\u0171v\u00e9szek k\u00f6z\u00f6tt.&nbsp;&nbsp; A projekt a ukr\u00e1n t\u00e1ncm\u0171v\u00e9szek kih\u00edv\u00e1saira reag\u00e1l, platformot biztos\u00edtva a m\u0171v\u00e9szeti eszemecser\u00e9re, szakmai fejl\u0151d\u00e9s \u00e9s kultur\u00e1lis reziliencia t\u00e1mogat\u00e1s\u00e1ra hat\u00e1rokon \u00e1t\u00edvel\u0151 [&hellip;]<\/p>","protected":false},"author":1,"featured_media":0,"parent":0,"menu_order":0,"comment_status":"closed","ping_status":"closed","template":"","meta":{"footnotes":""},"class_list":["post-19487","page","type-page","status-publish","hentry"],"yoast_head":"<!-- This site is optimized with the Yoast SEO plugin v26.0 - https:\/\/yoast.com\/wordpress\/plugins\/seo\/ -->\n<title>A DancEUA projektr\u0151l\u00a0 - KET<\/title>\n<meta name=\"robots\" content=\"index, follow, max-snippet:-1, max-image-preview:large, max-video-preview:-1\" \/>\n<link rel=\"canonical\" href=\"https:\/\/cedthu.rwpstaging.site\/en\/a-danceua-projektrol\/\" \/>\n<meta name=\"twitter:card\" content=\"summary_large_image\" \/>\n<meta name=\"twitter:title\" content=\"A DancEUA projektr\u0151l\u00a0 - KET\" \/>\n<meta name=\"twitter:description\" content=\"A DancEUA projektr\u0151l&nbsp; Kort\u00e1rs Reziliencia: A T\u00e1nc \u00dajraalkot\u00e1sa Ukrajn\u00e1ban (dancEUA) egy eur\u00f3pai kultur\u00e1lis egy\u00fcttm\u0171k\u00f6d\u00e9si projekt, amelynek c\u00e9lja az ukr\u00e1n kort\u00e1rs t\u00e1nc szektor meger\u0151s\u00edt\u00e9se \u00e9s a hossz\u00fa t\u00e1v\u00fa szakmai egy\u00fcttm\u0171k\u00f6d\u00e9s \u00f6szt\u00f6nz\u00e9se ukr\u00e1n \u00e9s eur\u00f3pai m\u0171v\u00e9szek k\u00f6z\u00f6tt.&nbsp;&nbsp; A projekt a ukr\u00e1n t\u00e1ncm\u0171v\u00e9szek kih\u00edv\u00e1saira reag\u00e1l, platformot biztos\u00edtva a m\u0171v\u00e9szeti eszemecser\u00e9re, szakmai fejl\u0151d\u00e9s \u00e9s kultur\u00e1lis reziliencia t\u00e1mogat\u00e1s\u00e1ra hat\u00e1rokon \u00e1t\u00edvel\u0151 [&hellip;]\" \/>\n<meta name=\"twitter:label1\" content=\"Est. reading time\" \/>\n\t<meta name=\"twitter:data1\" content=\"2 minutes\" \/>\n<script type=\"application\/ld+json\" class=\"yoast-schema-graph\">{\"@context\":\"https:\/\/schema.org\",\"@graph\":[{\"@type\":\"WebPage\",\"@id\":\"https:\/\/cedthu.rwpstaging.site\/a-danceua-projektrol\/\",\"url\":\"https:\/\/cedthu.rwpstaging.site\/a-danceua-projektrol\/\",\"name\":\"A DancEUA projektr\u0151l\u00a0 - KET\",\"isPartOf\":{\"@id\":\"https:\/\/cedthu.rwpstaging.site\/#website\"},\"datePublished\":\"2025-05-27T16:39:27+00:00\",\"dateModified\":\"2025-05-27T16:39:28+00:00\",\"breadcrumb\":{\"@id\":\"https:\/\/cedthu.rwpstaging.site\/a-danceua-projektrol\/#breadcrumb\"},\"inLanguage\":\"en-US\",\"potentialAction\":[{\"@type\":\"ReadAction\",\"target\":[\"https:\/\/cedthu.rwpstaging.site\/a-danceua-projektrol\/\"]}]},{\"@type\":\"BreadcrumbList\",\"@id\":\"https:\/\/cedthu.rwpstaging.site\/a-danceua-projektrol\/#breadcrumb\",\"itemListElement\":[{\"@type\":\"ListItem\",\"position\":1,\"name\":\"Home\",\"item\":\"https:\/\/cedthu.rwpstaging.site\/\"},{\"@type\":\"ListItem\",\"position\":2,\"name\":\"A DancEUA projektr\u0151l\u00a0\"}]},{\"@type\":\"WebSite\",\"@id\":\"https:\/\/cedthu.rwpstaging.site\/#website\",\"url\":\"https:\/\/cedthu.rwpstaging.site\/\",\"name\":\"KET\",\"description\":\"K\u00f6z\u00e9p-Eur\u00f3pa T\u00e1ncsz\u00ednh\u00e1z\",\"publisher\":{\"@id\":\"https:\/\/cedthu.rwpstaging.site\/#organization\"},\"potentialAction\":[{\"@type\":\"SearchAction\",\"target\":{\"@type\":\"EntryPoint\",\"urlTemplate\":\"https:\/\/cedthu.rwpstaging.site\/?s={search_term_string}\"},\"query-input\":{\"@type\":\"PropertyValueSpecification\",\"valueRequired\":true,\"valueName\":\"search_term_string\"}}],\"inLanguage\":\"en-US\"},{\"@type\":\"Organization\",\"@id\":\"https:\/\/cedthu.rwpstaging.site\/#organization\",\"name\":\"KET\",\"url\":\"https:\/\/cedthu.rwpstaging.site\/\",\"logo\":{\"@type\":\"ImageObject\",\"inLanguage\":\"en-US\",\"@id\":\"https:\/\/cedthu.rwpstaging.site\/#\/schema\/logo\/image\/\",\"url\":\"https:\/\/cedthu.rwpstaging.site\/wp-content\/uploads\/2024\/03\/cropped-KET-NYomda-logo2.png\",\"contentUrl\":\"https:\/\/cedthu.rwpstaging.site\/wp-content\/uploads\/2024\/03\/cropped-KET-NYomda-logo2.png\",\"width\":300,\"height\":326,\"caption\":\"KET\"},\"image\":{\"@id\":\"https:\/\/cedthu.rwpstaging.site\/#\/schema\/logo\/image\/\"}}]}<\/script>\n<!-- \/ Yoast SEO plugin. -->","yoast_head_json":{"title":"A DancEUA projektr\u0151l\u00a0 - KET","robots":{"index":"index","follow":"follow","max-snippet":"max-snippet:-1","max-image-preview":"max-image-preview:large","max-video-preview":"max-video-preview:-1"},"canonical":"https:\/\/cedthu.rwpstaging.site\/en\/a-danceua-projektrol\/","twitter_card":"summary_large_image","twitter_title":"A DancEUA projektr\u0151l\u00a0 - KET","twitter_description":"A DancEUA projektr\u0151l&nbsp; Kort\u00e1rs Reziliencia: A T\u00e1nc \u00dajraalkot\u00e1sa Ukrajn\u00e1ban (dancEUA) egy eur\u00f3pai kultur\u00e1lis egy\u00fcttm\u0171k\u00f6d\u00e9si projekt, amelynek c\u00e9lja az ukr\u00e1n kort\u00e1rs t\u00e1nc szektor meger\u0151s\u00edt\u00e9se \u00e9s a hossz\u00fa t\u00e1v\u00fa szakmai egy\u00fcttm\u0171k\u00f6d\u00e9s \u00f6szt\u00f6nz\u00e9se ukr\u00e1n \u00e9s eur\u00f3pai m\u0171v\u00e9szek k\u00f6z\u00f6tt.&nbsp;&nbsp; A projekt a ukr\u00e1n t\u00e1ncm\u0171v\u00e9szek kih\u00edv\u00e1saira reag\u00e1l, platformot biztos\u00edtva a m\u0171v\u00e9szeti eszemecser\u00e9re, szakmai fejl\u0151d\u00e9s \u00e9s kultur\u00e1lis reziliencia t\u00e1mogat\u00e1s\u00e1ra hat\u00e1rokon \u00e1t\u00edvel\u0151 [&hellip;]","twitter_misc":{"Est. reading time":"2 minutes"},"schema":{"@context":"https:\/\/schema.org","@graph":[{"@type":"WebPage","@id":"https:\/\/cedthu.rwpstaging.site\/a-danceua-projektrol\/","url":"https:\/\/cedthu.rwpstaging.site\/a-danceua-projektrol\/","name":"A DancEUA projektr\u0151l\u00a0 - KET","isPartOf":{"@id":"https:\/\/cedthu.rwpstaging.site\/#website"},"datePublished":"2025-05-27T16:39:27+00:00","dateModified":"2025-05-27T16:39:28+00:00","breadcrumb":{"@id":"https:\/\/cedthu.rwpstaging.site\/a-danceua-projektrol\/#breadcrumb"},"inLanguage":"en-US","potentialAction":[{"@type":"ReadAction","target":["https:\/\/cedthu.rwpstaging.site\/a-danceua-projektrol\/"]}]},{"@type":"BreadcrumbList","@id":"https:\/\/cedthu.rwpstaging.site\/a-danceua-projektrol\/#breadcrumb","itemListElement":[{"@type":"ListItem","position":1,"name":"Home","item":"https:\/\/cedthu.rwpstaging.site\/"},{"@type":"ListItem","position":2,"name":"A DancEUA projektr\u0151l\u00a0"}]},{"@type":"WebSite","@id":"https:\/\/cedthu.rwpstaging.site\/#website","url":"https:\/\/cedthu.rwpstaging.site\/","name":"KET","description":"Central Europe Dance Theatre","publisher":{"@id":"https:\/\/cedthu.rwpstaging.site\/#organization"},"potentialAction":[{"@type":"SearchAction","target":{"@type":"EntryPoint","urlTemplate":"https:\/\/cedthu.rwpstaging.site\/?s={search_term_string}"},"query-input":{"@type":"PropertyValueSpecification","valueRequired":true,"valueName":"search_term_string"}}],"inLanguage":"en-US"},{"@type":"Organization","@id":"https:\/\/cedthu.rwpstaging.site\/#organization","name":"KET","url":"https:\/\/cedthu.rwpstaging.site\/","logo":{"@type":"ImageObject","inLanguage":"en-US","@id":"https:\/\/cedthu.rwpstaging.site\/#\/schema\/logo\/image\/","url":"https:\/\/cedthu.rwpstaging.site\/wp-content\/uploads\/2024\/03\/cropped-KET-NYomda-logo2.png","contentUrl":"https:\/\/cedthu.rwpstaging.site\/wp-content\/uploads\/2024\/03\/cropped-KET-NYomda-logo2.png","width":300,"height":326,"caption":"KET"},"image":{"@id":"https:\/\/cedthu.rwpstaging.site\/#\/schema\/logo\/image\/"}}]}},"_links":{"self":[{"href":"https:\/\/cedthu.rwpstaging.site\/en\/wp-json\/wp\/v2\/pages\/19487","targetHints":{"allow":["GET"]}}],"collection":[{"href":"https:\/\/cedthu.rwpstaging.site\/en\/wp-json\/wp\/v2\/pages"}],"about":[{"href":"https:\/\/cedthu.rwpstaging.site\/en\/wp-json\/wp\/v2\/types\/page"}],"author":[{"embeddable":true,"href":"https:\/\/cedthu.rwpstaging.site\/en\/wp-json\/wp\/v2\/users\/1"}],"replies":[{"embeddable":true,"href":"https:\/\/cedthu.rwpstaging.site\/en\/wp-json\/wp\/v2\/comments?post=19487"}],"version-history":[{"count":1,"href":"https:\/\/cedthu.rwpstaging.site\/en\/wp-json\/wp\/v2\/pages\/19487\/revisions"}],"predecessor-version":[{"id":19504,"href":"https:\/\/cedthu.rwpstaging.site\/en\/wp-json\/wp\/v2\/pages\/19487\/revisions\/19504"}],"wp:attachment":[{"href":"https:\/\/cedthu.rwpstaging.site\/en\/wp-json\/wp\/v2\/media?parent=19487"}],"curies":[{"name":"wp","href":"https:\/\/api.w.org\/{rel}","templated":true}]}}