{"id":19987,"date":"2025-06-03T09:04:35","date_gmt":"2025-06-03T09:04:35","guid":{"rendered":"https:\/\/cedthu.rwpstaging.site\/?page_id=19987"},"modified":"2025-06-03T09:09:11","modified_gmt":"2025-06-03T09:09:11","slug":"sinni","status":"publish","type":"page","link":"https:\/\/cedthu.rwpstaging.site\/en\/sinni\/","title":{"rendered":"Sinni"},"content":{"rendered":"<div data-elementor-type=\"wp-page\" data-elementor-id=\"19987\" class=\"elementor elementor-19987\" data-elementor-post-type=\"page\">\n\t\t\t\t\t\t<section class=\"elementor-section elementor-top-section elementor-element elementor-element-5b15e4c elementor-section-boxed elementor-section-height-default elementor-section-height-default\" data-id=\"5b15e4c\" data-element_type=\"section\" data-settings=\"{&quot;background_background&quot;:&quot;classic&quot;}\">\n\t\t\t\t\t\t<div class=\"elementor-container elementor-column-gap-default\">\n\t\t\t\t\t<div class=\"elementor-column elementor-col-100 elementor-top-column elementor-element elementor-element-2c0ab45\" data-id=\"2c0ab45\" data-element_type=\"column\">\n\t\t\t<div class=\"elementor-widget-wrap elementor-element-populated\">\n\t\t\t\t\t\t<section class=\"elementor-section elementor-inner-section elementor-element elementor-element-4869e6f elementor-section-boxed elementor-section-height-default elementor-section-height-default\" data-id=\"4869e6f\" data-element_type=\"section\">\n\t\t\t\t\t\t<div class=\"elementor-container elementor-column-gap-default\">\n\t\t\t\t\t<div class=\"elementor-column elementor-col-50 elementor-inner-column elementor-element elementor-element-cde9fda\" data-id=\"cde9fda\" data-element_type=\"column\">\n\t\t\t<div class=\"elementor-widget-wrap elementor-element-populated\">\n\t\t\t\t\t\t<div class=\"elementor-element elementor-element-4b3b6392 elementor-widget elementor-widget-image\" data-id=\"4b3b6392\" data-element_type=\"widget\" data-widget_type=\"image.default\">\n\t\t\t\t<div class=\"elementor-widget-container\">\n\t\t\t\t\t\t\t\t\t\t\t\t\t\t\t<img fetchpriority=\"high\" decoding=\"async\" width=\"1920\" height=\"2473\" src=\"https:\/\/cedthu.rwpstaging.site\/wp-content\/uploads\/2019\/09\/PEPP_0002.jpg\" class=\"attachment-full size-full wp-image-6047\" alt=\"\" srcset=\"https:\/\/cedthu.rwpstaging.site\/wp-content\/uploads\/2019\/09\/PEPP_0002.jpg 1920w, https:\/\/cedthu.rwpstaging.site\/wp-content\/uploads\/2019\/09\/PEPP_0002-233x300.jpg 233w, https:\/\/cedthu.rwpstaging.site\/wp-content\/uploads\/2019\/09\/PEPP_0002-795x1024.jpg 795w, https:\/\/cedthu.rwpstaging.site\/wp-content\/uploads\/2019\/09\/PEPP_0002-768x989.jpg 768w, https:\/\/cedthu.rwpstaging.site\/wp-content\/uploads\/2019\/09\/PEPP_0002-1193x1536.jpg 1193w, https:\/\/cedthu.rwpstaging.site\/wp-content\/uploads\/2019\/09\/PEPP_0002-1590x2048.jpg 1590w, https:\/\/cedthu.rwpstaging.site\/wp-content\/uploads\/2019\/09\/PEPP_0002-311x400.jpg 311w, https:\/\/cedthu.rwpstaging.site\/wp-content\/uploads\/2019\/09\/PEPP_0002-16x20.jpg 16w\" sizes=\"(max-width: 1920px) 100vw, 1920px\" \/>\t\t\t\t\t\t\t\t\t\t\t\t\t\t\t<\/div>\n\t\t\t\t<\/div>\n\t\t\t\t\t<\/div>\n\t\t<\/div>\n\t\t\t\t<div class=\"elementor-column elementor-col-50 elementor-inner-column elementor-element elementor-element-b973cb9\" data-id=\"b973cb9\" data-element_type=\"column\">\n\t\t\t<div class=\"elementor-widget-wrap elementor-element-populated\">\n\t\t\t\t\t\t<div class=\"elementor-element elementor-element-389648cf elementor-widget elementor-widget-text-editor\" data-id=\"389648cf\" data-element_type=\"widget\" data-widget_type=\"text-editor.default\">\n\t\t\t\t<div class=\"elementor-widget-container\">\n\t\t\t\t\t\t\t\t\t<div class=\"x11i5rnm xat24cr x1mh8g0r x1vvkbs xtlvy1s\"><div class=\"show-description\"><p>What happens when you lock people you don't know into a space?<br \/>How are relationships formed?<br \/>How do the relationships that are formed affect those present?<br \/>What are the dynamics and rhythms within the group?<br \/>How does the location in space itself influence what happens?<br \/>Do you need sound, movement?<br \/>Our team is grappling with the obstacles of their social network as they search for answers.<\/p><p>After the Budapest School of Contemporary Dance, P\u00e9ter Juh\u00e1sz was accepted at the SEAD institute in Salzburg, then worked at Les Ballets C de la B, with the Danses in Charleroi, with El\u00e9onore Val\u00e8re-Lachky. She has now been working in France for several years with Emanuel Gat's company.<\/p><p>\u00a0<\/p><\/div><\/div>\t\t\t\t\t\t\t\t<\/div>\n\t\t\t\t<\/div>\n\t\t\t\t\t<\/div>\n\t\t<\/div>\n\t\t\t\t\t<\/div>\n\t\t<\/section>\n\t\t\t\t<div class=\"elementor-element elementor-element-149c9ded elementor-widget elementor-widget-heading\" data-id=\"149c9ded\" data-element_type=\"widget\" data-widget_type=\"heading.default\">\n\t\t\t\t<div class=\"elementor-widget-container\">\n\t\t\t\t\t<h2 class=\"elementor-heading-title elementor-size-default\">creators<\/h2>\t\t\t\t<\/div>\n\t\t\t\t<\/div>\n\t\t\t\t<div class=\"elementor-element elementor-element-4cbae elementor-widget-divider--view-line elementor-widget elementor-widget-divider\" data-id=\"4cbae\" data-element_type=\"widget\" data-widget_type=\"divider.default\">\n\t\t\t\t<div class=\"elementor-widget-container\">\n\t\t\t\t\t\t\t<div class=\"elementor-divider\">\n\t\t\t<span class=\"elementor-divider-separator\">\n\t\t\t\t\t\t<\/span>\n\t\t<\/div>\n\t\t\t\t\t\t<\/div>\n\t\t\t\t<\/div>\n\t\t\t\t<div class=\"elementor-element elementor-element-2524c403 elementor-widget elementor-widget-text-editor\" data-id=\"2524c403\" data-element_type=\"widget\" data-widget_type=\"text-editor.default\">\n\t\t\t\t<div class=\"elementor-widget-container\">\n\t\t\t\t\t\t\t\t\t<div class=\"show-actors\"><div id=\"nested-actors\"><div class=\"show-actors\"><div id=\"nested-actors\"><div class=\"show-actors\"><div id=\"nested-actors\"><div><h3>Presenters<\/h3><ul><li>D\u00e1vid Dab\u00f3czi<\/li><li>Adrienn Horv\u00e1th<\/li><li>Adrienn Nyeste<\/li><li>Anna Szilv\u00e1si<\/li><li>L\u00e1szl\u00f3 Tak\u00e1cs<\/li><li>Laura T\u00f3th<\/li><\/ul><\/div><div><h3>Music Editor<\/h3><ul><li>L\u00e1szl\u00f3 M\u00e1di<\/li><\/ul><\/div><div><h3>Light<\/h3><ul><li>Zolt\u00e1n Fogarasi<\/li><\/ul><\/div><div><h3>Choreographer<\/h3><ul><li>P\u00e9ter Juh\u00e1sz<\/li><\/ul><\/div><\/div><\/div><div class=\"show-images\"><div class=\"row no-margin\"><div class=\"col-md-12 no-padding\">\u00a0<\/div><\/div><\/div><\/div><\/div><\/div><\/div>\t\t\t\t\t\t\t\t<\/div>\n\t\t\t\t<\/div>\n\t\t\t\t<div class=\"elementor-element elementor-element-a020e06 elementor-widget elementor-widget-heading\" data-id=\"a020e06\" data-element_type=\"widget\" data-widget_type=\"heading.default\">\n\t\t\t\t<div class=\"elementor-widget-container\">\n\t\t\t\t\t<h2 class=\"elementor-heading-title elementor-size-default\">Sinni<\/h2>\t\t\t\t<\/div>\n\t\t\t\t<\/div>\n\t\t\t\t<div class=\"elementor-element elementor-element-5d9ff80c elementor-widget elementor-widget-gallery\" data-id=\"5d9ff80c\" data-element_type=\"widget\" data-settings=\"{&quot;columns&quot;:3,&quot;lazyload&quot;:&quot;yes&quot;,&quot;gallery_layout&quot;:&quot;grid&quot;,&quot;columns_tablet&quot;:2,&quot;columns_mobile&quot;:1,&quot;gap&quot;:{&quot;unit&quot;:&quot;px&quot;,&quot;size&quot;:10,&quot;sizes&quot;:[]},&quot;gap_tablet&quot;:{&quot;unit&quot;:&quot;px&quot;,&quot;size&quot;:10,&quot;sizes&quot;:[]},&quot;gap_mobile&quot;:{&quot;unit&quot;:&quot;px&quot;,&quot;size&quot;:10,&quot;sizes&quot;:[]},&quot;link_to&quot;:&quot;file&quot;,&quot;aspect_ratio&quot;:&quot;3:2&quot;,&quot;overlay_background&quot;:&quot;yes&quot;,&quot;content_hover_animation&quot;:&quot;fade-in&quot;}\" data-widget_type=\"gallery.default\">\n\t\t\t\t<div class=\"elementor-widget-container\">\n\t\t\t\t\t\t\t<div class=\"elementor-gallery__container\">\n\t\t\t\t\t\t\t<a class=\"e-gallery-item elementor-gallery-item elementor-animated-content\" href=\"https:\/\/cedthu.rwpstaging.site\/wp-content\/uploads\/2019\/09\/KET_Dusa-11.jpg\" data-elementor-open-lightbox=\"yes\" data-elementor-lightbox-slideshow=\"5d9ff80c\" data-elementor-lightbox-title=\"KET_Dusa (11)\" data-e-action-hash=\"#elementor-action%3Aaction%3Dlightbox%26settings%3DeyJpZCI6NjIxOCwidXJsIjoiaHR0cHM6XC9cL2NlZHRodS5yd3BzdGFnaW5nLnNpdGVcL3dwLWNvbnRlbnRcL3VwbG9hZHNcLzIwMTlcLzA5XC9LRVRfRHVzYS0xMS5qcGciLCJzbGlkZXNob3ciOiI1ZDlmZjgwYyJ9\">\n\t\t\t\t\t<div class=\"e-gallery-image elementor-gallery-item__image\" data-thumbnail=\"https:\/\/cedthu.rwpstaging.site\/wp-content\/uploads\/2019\/09\/KET_Dusa-11-300x201.jpg\" data-width=\"300\" data-height=\"201\" aria-label=\"\" role=\"img\" ><\/div>\n\t\t\t\t\t\t\t\t\t\t\t<div class=\"elementor-gallery-item__overlay\"><\/div>\n\t\t\t\t\t\t\t\t\t\t\t\t\t\t<\/a>\n\t\t\t\t\t\t\t<a class=\"e-gallery-item elementor-gallery-item elementor-animated-content\" href=\"https:\/\/cedthu.rwpstaging.site\/wp-content\/uploads\/2019\/09\/KET_Dusa-12.jpg\" data-elementor-open-lightbox=\"yes\" data-elementor-lightbox-slideshow=\"5d9ff80c\" data-elementor-lightbox-title=\"KET_Dusa (12)\" data-e-action-hash=\"#elementor-action%3Aaction%3Dlightbox%26settings%3DeyJpZCI6NjIyMCwidXJsIjoiaHR0cHM6XC9cL2NlZHRodS5yd3BzdGFnaW5nLnNpdGVcL3dwLWNvbnRlbnRcL3VwbG9hZHNcLzIwMTlcLzA5XC9LRVRfRHVzYS0xMi5qcGciLCJzbGlkZXNob3ciOiI1ZDlmZjgwYyJ9\">\n\t\t\t\t\t<div class=\"e-gallery-image elementor-gallery-item__image\" data-thumbnail=\"https:\/\/cedthu.rwpstaging.site\/wp-content\/uploads\/2019\/09\/KET_Dusa-12-300x200.jpg\" data-width=\"300\" data-height=\"200\" aria-label=\"\" role=\"img\" ><\/div>\n\t\t\t\t\t\t\t\t\t\t\t<div class=\"elementor-gallery-item__overlay\"><\/div>\n\t\t\t\t\t\t\t\t\t\t\t\t\t\t<\/a>\n\t\t\t\t\t\t\t<a class=\"e-gallery-item elementor-gallery-item elementor-animated-content\" href=\"https:\/\/cedthu.rwpstaging.site\/wp-content\/uploads\/2019\/09\/KET_Dusa-13.jpg\" data-elementor-open-lightbox=\"yes\" data-elementor-lightbox-slideshow=\"5d9ff80c\" data-elementor-lightbox-title=\"KET_Dusa (13)\" data-e-action-hash=\"#elementor-action%3Aaction%3Dlightbox%26settings%3DeyJpZCI6NjIyMiwidXJsIjoiaHR0cHM6XC9cL2NlZHRodS5yd3BzdGFnaW5nLnNpdGVcL3dwLWNvbnRlbnRcL3VwbG9hZHNcLzIwMTlcLzA5XC9LRVRfRHVzYS0xMy5qcGciLCJzbGlkZXNob3ciOiI1ZDlmZjgwYyJ9\">\n\t\t\t\t\t<div class=\"e-gallery-image elementor-gallery-item__image\" data-thumbnail=\"https:\/\/cedthu.rwpstaging.site\/wp-content\/uploads\/2019\/09\/KET_Dusa-13-300x200.jpg\" data-width=\"300\" data-height=\"200\" aria-label=\"\" role=\"img\" ><\/div>\n\t\t\t\t\t\t\t\t\t\t\t<div class=\"elementor-gallery-item__overlay\"><\/div>\n\t\t\t\t\t\t\t\t\t\t\t\t\t\t<\/a>\n\t\t\t\t\t<\/div>\n\t\t\t\t\t<\/div>\n\t\t\t\t<\/div>\n\t\t\t\t<div class=\"elementor-element elementor-element-6492cefa elementor-widget elementor-widget-heading\" data-id=\"6492cefa\" data-element_type=\"widget\" data-widget_type=\"heading.default\">\n\t\t\t\t<div class=\"elementor-widget-container\">\n\t\t\t\t\t<h2 class=\"elementor-heading-title elementor-size-default\">L\u00c9PCS\u0150 - Central Europe Dance Theatre\n<\/h2>\t\t\t\t<\/div>\n\t\t\t\t<\/div>\n\t\t\t\t<div class=\"elementor-element elementor-element-71781a99 elementor-widget elementor-widget-video\" data-id=\"71781a99\" data-element_type=\"widget\" data-settings=\"{&quot;youtube_url&quot;:&quot;https:\\\/\\\/youtu.be\\\/GWuz23sBHjs&quot;,&quot;video_type&quot;:&quot;youtube&quot;,&quot;controls&quot;:&quot;yes&quot;}\" data-widget_type=\"video.default\">\n\t\t\t\t<div class=\"elementor-widget-container\">\n\t\t\t\t\t\t\t<div class=\"elementor-wrapper elementor-open-inline\">\n\t\t\t<div class=\"elementor-video\"><\/div>\t\t<\/div>\n\t\t\t\t\t\t<\/div>\n\t\t\t\t<\/div>\n\t\t\t\t<div class=\"elementor-element elementor-element-4b09de43 elementor-widget elementor-widget-heading\" data-id=\"4b09de43\" data-element_type=\"widget\" data-widget_type=\"heading.default\">\n\t\t\t\t<div class=\"elementor-widget-container\">\n\t\t\t\t\t<h2 class=\"elementor-heading-title elementor-size-default\">Related Press Releases<\/h2>\t\t\t\t<\/div>\n\t\t\t\t<\/div>\n\t\t\t\t<div class=\"elementor-element elementor-element-63f02fb6 elementor-widget-divider--view-line elementor-widget elementor-widget-divider\" data-id=\"63f02fb6\" data-element_type=\"widget\" data-widget_type=\"divider.default\">\n\t\t\t\t<div class=\"elementor-widget-container\">\n\t\t\t\t\t\t\t<div class=\"elementor-divider\">\n\t\t\t<span class=\"elementor-divider-separator\">\n\t\t\t\t\t\t<\/span>\n\t\t<\/div>\n\t\t\t\t\t\t<\/div>\n\t\t\t\t<\/div>\n\t\t\t\t<div class=\"elementor-element elementor-element-e7da613 elementor-widget elementor-widget-text-editor\" data-id=\"e7da613\" data-element_type=\"widget\" data-widget_type=\"text-editor.default\">\n\t\t\t\t<div class=\"elementor-widget-container\">\n\t\t\t\t\t\t\t\t\t<div class=\"pressauthor\"><div class=\"pressauthor\"><div class=\"pressauthor\"><div class=\"pressauthor\"><strong>Artner Sisso:<\/strong>\u00a0<a href=\"https:\/\/magyarnarancs.hu\/szinhaz2\/ketten-sinni-124184\">Chains \/ Sinni\u00a0 <\/a><strong>(Magyar Narancs) <span style=\"font-family: -apple-system, BlinkMacSystemFont, 'Segoe UI', Roboto, 'Helvetica Neue', Arial, 'Noto Sans', sans-serif, 'Apple Color Emoji', 'Segoe UI Emoji', 'Segoe UI Symbol', 'Noto Color Emoji';\">&#8211; 30\/11\/2019<\/span><\/strong><\/div><div class=\"presslead\"><p>The Central European Dance Theatre (KET) held a double presentation at CAFe Budapest. M\u00e1t\u00e9 M\u00e9sz\u00e1ros\u00a0<em>Chains<\/em>\u00a0and P\u00e9ter Juh\u00e1sz\u00a0<em>Sinni<\/em>\u00a0was edited into an evening to showcase what the KET dancers can do under the direction of guest choreographers.<\/p><\/div><\/div><\/div><\/div>\t\t\t\t\t\t\t\t<\/div>\n\t\t\t\t<\/div>\n\t\t\t\t<div class=\"elementor-element elementor-element-983325f elementor-widget elementor-widget-text-editor\" data-id=\"983325f\" data-element_type=\"widget\" data-widget_type=\"text-editor.default\">\n\t\t\t\t<div class=\"elementor-widget-container\">\n\t\t\t\t\t\t\t\t\t<div class=\"pressauthor\"><div class=\"pressauthor\"><div class=\"pressauthor\"><strong>\u00c1gnes Maul:<\/strong>\u00a0 <a href=\"http:\/\/szinhaz.net\/2019\/11\/14\/maul-agnes-kettos-latas\/?fbclid=IwAR0SfixL3TPprXwXtqIBO1uO_iYkD7PeXTjmqlrQ2B1kFagzpI7SzRE36tE\">Double vision\u00a0 <\/a><strong>(Theatre.net) <span style=\"font-family: -apple-system, BlinkMacSystemFont, 'Segoe UI', Roboto, 'Helvetica Neue', Arial, 'Noto Sans', sans-serif, 'Apple Color Emoji', 'Segoe UI Emoji', 'Segoe UI Symbol', 'Noto Color Emoji';\">&#8211; 14\/11\/2019<\/span><\/strong><\/div><div class=\"presslead\"><p>The performance is driven by these little witty touches, ingenious connections and images that evoke childlike wonder. Who would have guessed that the twelve feet of the six dancers moving and swaying in synchronicity, stuck together, would be like the skeleton of a fantasy creature! (<em>Chains<\/em>)\u00a0<strong>\/\/<\/strong>\u00a0While in M\u00e9sz\u00e1ros' performance the individual and often even the human features disappeared, the dancers often performed with their backs to the audience, covering each other or lying down, only seeing certain parts of their bodies from strange perspectives, here the spotlight is literally on the human - the individual and the dance that is meant to express individuality.<em>Sinni<\/em>)<\/p><\/div><\/div><\/div>\t\t\t\t\t\t\t\t<\/div>\n\t\t\t\t<\/div>\n\t\t\t\t<div class=\"elementor-element elementor-element-6c1f69b elementor-widget elementor-widget-text-editor\" data-id=\"6c1f69b\" data-element_type=\"widget\" data-widget_type=\"text-editor.default\">\n\t\t\t\t<div class=\"elementor-widget-container\">\n\t\t\t\t\t\t\t\t\t<div class=\"pressauthor\"><div class=\"pressauthor\"><div class=\"pressauthor\"><strong>L\u00edvia Fuchs<\/strong>:\u00a0 <a href=\"https:\/\/www.es.hu\/cikk\/2019-11-08\/fuchs-livia\/1-in-2.html?fbclid=IwAR0WO-mkifz87CjL6qEmv0usXk44LDhFM6NIm3ra_4hF__9G3b3JUnUAJmc\">1 in 2\u00a0 <\/a><strong>(Life and Literature) <span style=\"font-family: -apple-system, BlinkMacSystemFont, 'Segoe UI', Roboto, 'Helvetica Neue', Arial, 'Noto Sans', sans-serif, 'Apple Color Emoji', 'Segoe UI Emoji', 'Segoe UI Symbol', 'Noto Color Emoji';\">&#8211; 08\/11\/2019<\/span><\/strong><\/div><div class=\"presslead\"><p>\"...a\u00a0<em>Chains<\/em>there is little movement that could be traditionally considered dance, but the performers explore a wide range of simple but emphatically simple movement possibilities and their varied interpretations.\"\u00a0<strong>\/\/<\/strong>\u00a0A\u00a0<em>Sinni<\/em>in \"(t)he very different characters, who stand hesitantly at first, texting, singing, and then splashing around in space, each get a few minutes of dancing \"fame\" in this<span class=\"text_exposed_show\">\u00a0in a loosely linked solo series, so they can all show what a small company can do when it throws itself into the creative process.\"\u00a0<\/span><\/p><\/div><\/div><\/div>\t\t\t\t\t\t\t\t<\/div>\n\t\t\t\t<\/div>\n\t\t\t\t<div class=\"elementor-element elementor-element-fa06c69 elementor-widget elementor-widget-text-editor\" data-id=\"fa06c69\" data-element_type=\"widget\" data-widget_type=\"text-editor.default\">\n\t\t\t\t<div class=\"elementor-widget-container\">\n\t\t\t\t\t\t\t\t\t<div class=\"pressauthor\"><div class=\"pressauthor\"><div class=\"pressauthor\"><strong>\u00c1kos T\u00f6r\u00f6k:<\/strong>\u00a0<a href=\"http:\/\/tanckritika.hu\/kategoriak\/kritika\/1465-torok-akos-messzirol-jott-emberek\">People from far away <\/a><strong>(T\u00e1nckritika.hu) <span style=\"font-family: -apple-system, BlinkMacSystemFont, 'Segoe UI', Roboto, 'Helvetica Neue', Arial, 'Noto Sans', sans-serif, 'Apple Color Emoji', 'Segoe UI Emoji', 'Segoe UI Symbol', 'Noto Color Emoji';\">&#8211; 26\/10\/2019<\/span><\/strong><\/div><div class=\"presslead\"><p>What do we do with each other when we are in a space as strangers, what regulators govern us, and what regulators do we create?<\/p><\/div><\/div><\/div>\t\t\t\t\t\t\t\t<\/div>\n\t\t\t\t<\/div>\n\t\t\t\t\t<\/div>\n\t\t<\/div>\n\t\t\t\t\t<\/div>\n\t\t<\/section>\n\t\t\t\t<\/div>","protected":false},"excerpt":{"rendered":"<p>Mi t\u00f6rt\u00e9nik, ha egym\u00e1s sz\u00e1m\u00e1ra ismeretlen embereket z\u00e1runk be egy t\u00e9rbe?Hogyan alakulnak ki kapcsolatok?A kialakult kapcsolatok mik\u00e9nt hatnak a jelenl\u00e9v\u0151kre?Milyen csoporton bel\u00fcli dinamik\u00e1k, ritmusok j\u00f6nnek l\u00e9tre?Maga a t\u00e9rben val\u00f3 elhelyezked\u00e9s hogyan befoly\u00e1solja a t\u00f6rt\u00e9n\u00e9seket?Sz\u00fcks\u00e9g van hangra, mozg\u00e1sra?Csapatunk a v\u00e1laszok keres\u00e9se k\u00f6zben birk\u00f3zik meg az \u0151ket k\u00f6r\u00fclvev\u0151 szoci\u00e1lis h\u00e1l\u00f3 akad\u00e1lyaival. Juh\u00e1sz P\u00e9ter a Budapest Kort\u00e1rst\u00e1nc F\u0151iskola [&hellip;]<\/p>","protected":false},"author":1,"featured_media":0,"parent":0,"menu_order":0,"comment_status":"closed","ping_status":"closed","template":"elementor_header_footer","meta":{"footnotes":""},"class_list":["post-19987","page","type-page","status-publish","hentry"],"yoast_head":"<!-- This site is optimized with the Yoast SEO plugin v26.0 - https:\/\/yoast.com\/wordpress\/plugins\/seo\/ -->\n<title>Sinni - KET<\/title>\n<meta name=\"robots\" content=\"index, follow, max-snippet:-1, max-image-preview:large, max-video-preview:-1\" \/>\n<link rel=\"canonical\" href=\"https:\/\/cedthu.rwpstaging.site\/en\/sinni\/\" \/>\n<meta name=\"twitter:card\" content=\"summary_large_image\" \/>\n<meta name=\"twitter:title\" content=\"Sinni - KET\" \/>\n<meta name=\"twitter:description\" content=\"Mi t\u00f6rt\u00e9nik, ha egym\u00e1s sz\u00e1m\u00e1ra ismeretlen embereket z\u00e1runk be egy t\u00e9rbe?Hogyan alakulnak ki kapcsolatok?A kialakult kapcsolatok mik\u00e9nt hatnak a jelenl\u00e9v\u0151kre?Milyen csoporton bel\u00fcli dinamik\u00e1k, ritmusok j\u00f6nnek l\u00e9tre?Maga a t\u00e9rben val\u00f3 elhelyezked\u00e9s hogyan befoly\u00e1solja a t\u00f6rt\u00e9n\u00e9seket?Sz\u00fcks\u00e9g van hangra, mozg\u00e1sra?Csapatunk a v\u00e1laszok keres\u00e9se k\u00f6zben birk\u00f3zik meg az \u0151ket k\u00f6r\u00fclvev\u0151 szoci\u00e1lis h\u00e1l\u00f3 akad\u00e1lyaival. Juh\u00e1sz P\u00e9ter a Budapest Kort\u00e1rst\u00e1nc F\u0151iskola [&hellip;]\" \/>\n<meta name=\"twitter:image\" content=\"https:\/\/cedthu.rwpstaging.site\/wp-content\/uploads\/2019\/09\/PEPP_0002.jpg\" \/>\n<meta name=\"twitter:label1\" content=\"Est. reading time\" \/>\n\t<meta name=\"twitter:data1\" content=\"3 minutes\" \/>\n<script type=\"application\/ld+json\" class=\"yoast-schema-graph\">{\"@context\":\"https:\/\/schema.org\",\"@graph\":[{\"@type\":\"WebPage\",\"@id\":\"https:\/\/cedthu.rwpstaging.site\/sinni\/\",\"url\":\"https:\/\/cedthu.rwpstaging.site\/sinni\/\",\"name\":\"Sinni - KET\",\"isPartOf\":{\"@id\":\"https:\/\/cedthu.rwpstaging.site\/#website\"},\"primaryImageOfPage\":{\"@id\":\"https:\/\/cedthu.rwpstaging.site\/sinni\/#primaryimage\"},\"image\":{\"@id\":\"https:\/\/cedthu.rwpstaging.site\/sinni\/#primaryimage\"},\"thumbnailUrl\":\"https:\/\/cedthu.rwpstaging.site\/wp-content\/uploads\/2019\/09\/PEPP_0002.jpg\",\"datePublished\":\"2025-06-03T09:04:35+00:00\",\"dateModified\":\"2025-06-03T09:09:11+00:00\",\"breadcrumb\":{\"@id\":\"https:\/\/cedthu.rwpstaging.site\/sinni\/#breadcrumb\"},\"inLanguage\":\"en-US\",\"potentialAction\":[{\"@type\":\"ReadAction\",\"target\":[\"https:\/\/cedthu.rwpstaging.site\/sinni\/\"]}]},{\"@type\":\"ImageObject\",\"inLanguage\":\"en-US\",\"@id\":\"https:\/\/cedthu.rwpstaging.site\/sinni\/#primaryimage\",\"url\":\"https:\/\/cedthu.rwpstaging.site\/wp-content\/uploads\/2019\/09\/PEPP_0002.jpg\",\"contentUrl\":\"https:\/\/cedthu.rwpstaging.site\/wp-content\/uploads\/2019\/09\/PEPP_0002.jpg\"},{\"@type\":\"BreadcrumbList\",\"@id\":\"https:\/\/cedthu.rwpstaging.site\/sinni\/#breadcrumb\",\"itemListElement\":[{\"@type\":\"ListItem\",\"position\":1,\"name\":\"Home\",\"item\":\"https:\/\/cedthu.rwpstaging.site\/\"},{\"@type\":\"ListItem\",\"position\":2,\"name\":\"Sinni\"}]},{\"@type\":\"WebSite\",\"@id\":\"https:\/\/cedthu.rwpstaging.site\/#website\",\"url\":\"https:\/\/cedthu.rwpstaging.site\/\",\"name\":\"KET\",\"description\":\"K\u00f6z\u00e9p-Eur\u00f3pa T\u00e1ncsz\u00ednh\u00e1z\",\"publisher\":{\"@id\":\"https:\/\/cedthu.rwpstaging.site\/#organization\"},\"potentialAction\":[{\"@type\":\"SearchAction\",\"target\":{\"@type\":\"EntryPoint\",\"urlTemplate\":\"https:\/\/cedthu.rwpstaging.site\/?s={search_term_string}\"},\"query-input\":{\"@type\":\"PropertyValueSpecification\",\"valueRequired\":true,\"valueName\":\"search_term_string\"}}],\"inLanguage\":\"en-US\"},{\"@type\":\"Organization\",\"@id\":\"https:\/\/cedthu.rwpstaging.site\/#organization\",\"name\":\"KET\",\"url\":\"https:\/\/cedthu.rwpstaging.site\/\",\"logo\":{\"@type\":\"ImageObject\",\"inLanguage\":\"en-US\",\"@id\":\"https:\/\/cedthu.rwpstaging.site\/#\/schema\/logo\/image\/\",\"url\":\"https:\/\/cedthu.rwpstaging.site\/wp-content\/uploads\/2024\/03\/cropped-KET-NYomda-logo2.png\",\"contentUrl\":\"https:\/\/cedthu.rwpstaging.site\/wp-content\/uploads\/2024\/03\/cropped-KET-NYomda-logo2.png\",\"width\":300,\"height\":326,\"caption\":\"KET\"},\"image\":{\"@id\":\"https:\/\/cedthu.rwpstaging.site\/#\/schema\/logo\/image\/\"}}]}<\/script>\n<!-- \/ Yoast SEO plugin. -->","yoast_head_json":{"title":"Sinni - KET","robots":{"index":"index","follow":"follow","max-snippet":"max-snippet:-1","max-image-preview":"max-image-preview:large","max-video-preview":"max-video-preview:-1"},"canonical":"https:\/\/cedthu.rwpstaging.site\/en\/sinni\/","twitter_card":"summary_large_image","twitter_title":"Sinni - KET","twitter_description":"Mi t\u00f6rt\u00e9nik, ha egym\u00e1s sz\u00e1m\u00e1ra ismeretlen embereket z\u00e1runk be egy t\u00e9rbe?Hogyan alakulnak ki kapcsolatok?A kialakult kapcsolatok mik\u00e9nt hatnak a jelenl\u00e9v\u0151kre?Milyen csoporton bel\u00fcli dinamik\u00e1k, ritmusok j\u00f6nnek l\u00e9tre?Maga a t\u00e9rben val\u00f3 elhelyezked\u00e9s hogyan befoly\u00e1solja a t\u00f6rt\u00e9n\u00e9seket?Sz\u00fcks\u00e9g van hangra, mozg\u00e1sra?Csapatunk a v\u00e1laszok keres\u00e9se k\u00f6zben birk\u00f3zik meg az \u0151ket k\u00f6r\u00fclvev\u0151 szoci\u00e1lis h\u00e1l\u00f3 akad\u00e1lyaival. Juh\u00e1sz P\u00e9ter a Budapest Kort\u00e1rst\u00e1nc F\u0151iskola [&hellip;]","twitter_image":"https:\/\/cedthu.rwpstaging.site\/wp-content\/uploads\/2019\/09\/PEPP_0002.jpg","twitter_misc":{"Est. reading time":"3 minutes"},"schema":{"@context":"https:\/\/schema.org","@graph":[{"@type":"WebPage","@id":"https:\/\/cedthu.rwpstaging.site\/sinni\/","url":"https:\/\/cedthu.rwpstaging.site\/sinni\/","name":"Sinni - KET","isPartOf":{"@id":"https:\/\/cedthu.rwpstaging.site\/#website"},"primaryImageOfPage":{"@id":"https:\/\/cedthu.rwpstaging.site\/sinni\/#primaryimage"},"image":{"@id":"https:\/\/cedthu.rwpstaging.site\/sinni\/#primaryimage"},"thumbnailUrl":"https:\/\/cedthu.rwpstaging.site\/wp-content\/uploads\/2019\/09\/PEPP_0002.jpg","datePublished":"2025-06-03T09:04:35+00:00","dateModified":"2025-06-03T09:09:11+00:00","breadcrumb":{"@id":"https:\/\/cedthu.rwpstaging.site\/sinni\/#breadcrumb"},"inLanguage":"en-US","potentialAction":[{"@type":"ReadAction","target":["https:\/\/cedthu.rwpstaging.site\/sinni\/"]}]},{"@type":"ImageObject","inLanguage":"en-US","@id":"https:\/\/cedthu.rwpstaging.site\/sinni\/#primaryimage","url":"https:\/\/cedthu.rwpstaging.site\/wp-content\/uploads\/2019\/09\/PEPP_0002.jpg","contentUrl":"https:\/\/cedthu.rwpstaging.site\/wp-content\/uploads\/2019\/09\/PEPP_0002.jpg"},{"@type":"BreadcrumbList","@id":"https:\/\/cedthu.rwpstaging.site\/sinni\/#breadcrumb","itemListElement":[{"@type":"ListItem","position":1,"name":"Home","item":"https:\/\/cedthu.rwpstaging.site\/"},{"@type":"ListItem","position":2,"name":"Sinni"}]},{"@type":"WebSite","@id":"https:\/\/cedthu.rwpstaging.site\/#website","url":"https:\/\/cedthu.rwpstaging.site\/","name":"KET","description":"Central Europe Dance Theatre","publisher":{"@id":"https:\/\/cedthu.rwpstaging.site\/#organization"},"potentialAction":[{"@type":"SearchAction","target":{"@type":"EntryPoint","urlTemplate":"https:\/\/cedthu.rwpstaging.site\/?s={search_term_string}"},"query-input":{"@type":"PropertyValueSpecification","valueRequired":true,"valueName":"search_term_string"}}],"inLanguage":"en-US"},{"@type":"Organization","@id":"https:\/\/cedthu.rwpstaging.site\/#organization","name":"KET","url":"https:\/\/cedthu.rwpstaging.site\/","logo":{"@type":"ImageObject","inLanguage":"en-US","@id":"https:\/\/cedthu.rwpstaging.site\/#\/schema\/logo\/image\/","url":"https:\/\/cedthu.rwpstaging.site\/wp-content\/uploads\/2024\/03\/cropped-KET-NYomda-logo2.png","contentUrl":"https:\/\/cedthu.rwpstaging.site\/wp-content\/uploads\/2024\/03\/cropped-KET-NYomda-logo2.png","width":300,"height":326,"caption":"KET"},"image":{"@id":"https:\/\/cedthu.rwpstaging.site\/#\/schema\/logo\/image\/"}}]}},"_links":{"self":[{"href":"https:\/\/cedthu.rwpstaging.site\/en\/wp-json\/wp\/v2\/pages\/19987","targetHints":{"allow":["GET"]}}],"collection":[{"href":"https:\/\/cedthu.rwpstaging.site\/en\/wp-json\/wp\/v2\/pages"}],"about":[{"href":"https:\/\/cedthu.rwpstaging.site\/en\/wp-json\/wp\/v2\/types\/page"}],"author":[{"embeddable":true,"href":"https:\/\/cedthu.rwpstaging.site\/en\/wp-json\/wp\/v2\/users\/1"}],"replies":[{"embeddable":true,"href":"https:\/\/cedthu.rwpstaging.site\/en\/wp-json\/wp\/v2\/comments?post=19987"}],"version-history":[{"count":4,"href":"https:\/\/cedthu.rwpstaging.site\/en\/wp-json\/wp\/v2\/pages\/19987\/revisions"}],"predecessor-version":[{"id":20026,"href":"https:\/\/cedthu.rwpstaging.site\/en\/wp-json\/wp\/v2\/pages\/19987\/revisions\/20026"}],"wp:attachment":[{"href":"https:\/\/cedthu.rwpstaging.site\/en\/wp-json\/wp\/v2\/media?parent=19987"}],"curies":[{"name":"wp","href":"https:\/\/api.w.org\/{rel}","templated":true}]}}