{"id":20039,"date":"2025-06-03T09:11:56","date_gmt":"2025-06-03T09:11:56","guid":{"rendered":"https:\/\/cedthu.rwpstaging.site\/?page_id=20039"},"modified":"2025-06-03T09:16:34","modified_gmt":"2025-06-03T09:16:34","slug":"terfalok-3","status":"publish","type":"page","link":"https:\/\/cedthu.rwpstaging.site\/en\/terfalok-3\/","title":{"rendered":"Square wall"},"content":{"rendered":"<div data-elementor-type=\"wp-page\" data-elementor-id=\"20039\" class=\"elementor elementor-20039\" data-elementor-post-type=\"page\">\n\t\t\t\t\t\t<section class=\"elementor-section elementor-top-section elementor-element elementor-element-4ef98c6 elementor-section-boxed elementor-section-height-default elementor-section-height-default\" data-id=\"4ef98c6\" data-element_type=\"section\" data-settings=\"{&quot;background_background&quot;:&quot;classic&quot;}\">\n\t\t\t\t\t\t<div class=\"elementor-container elementor-column-gap-default\">\n\t\t\t\t\t<div class=\"elementor-column elementor-col-100 elementor-top-column elementor-element elementor-element-6780dc9f\" data-id=\"6780dc9f\" data-element_type=\"column\">\n\t\t\t<div class=\"elementor-widget-wrap elementor-element-populated\">\n\t\t\t\t\t\t<section class=\"elementor-section elementor-inner-section elementor-element elementor-element-5efcb299 elementor-section-boxed elementor-section-height-default elementor-section-height-default\" data-id=\"5efcb299\" data-element_type=\"section\">\n\t\t\t\t\t\t<div class=\"elementor-container elementor-column-gap-default\">\n\t\t\t\t\t<div class=\"elementor-column elementor-col-50 elementor-inner-column elementor-element elementor-element-4b1c65c5\" data-id=\"4b1c65c5\" data-element_type=\"column\">\n\t\t\t<div class=\"elementor-widget-wrap elementor-element-populated\">\n\t\t\t\t\t\t<div class=\"elementor-element elementor-element-311d1c6c elementor-widget elementor-widget-image\" data-id=\"311d1c6c\" data-element_type=\"widget\" data-widget_type=\"image.default\">\n\t\t\t\t<div class=\"elementor-widget-container\">\n\t\t\t\t\t\t\t\t\t\t\t\t\t\t\t<img fetchpriority=\"high\" decoding=\"async\" width=\"2560\" height=\"1920\" src=\"https:\/\/cedthu.rwpstaging.site\/wp-content\/uploads\/2020\/01\/M\u00e1di-Laci.jpg\" class=\"attachment-full size-full wp-image-6595\" alt=\"\" \/>\t\t\t\t\t\t\t\t\t\t\t\t\t\t\t<\/div>\n\t\t\t\t<\/div>\n\t\t\t\t\t<\/div>\n\t\t<\/div>\n\t\t\t\t<div class=\"elementor-column elementor-col-50 elementor-inner-column elementor-element elementor-element-702b5db9\" data-id=\"702b5db9\" data-element_type=\"column\">\n\t\t\t<div class=\"elementor-widget-wrap elementor-element-populated\">\n\t\t\t\t\t\t<div class=\"elementor-element elementor-element-7eaea4a2 elementor-widget elementor-widget-text-editor\" data-id=\"7eaea4a2\" data-element_type=\"widget\" data-widget_type=\"text-editor.default\">\n\t\t\t\t<div class=\"elementor-widget-container\">\n\t\t\t\t\t\t\t\t\t<div class=\"x11i5rnm xat24cr x1mh8g0r x1vvkbs xtlvy1s\"><div class=\"show-description\"><p>Human life, like all life forms on the planet, is driven by the yoke of growth-growth-development. The clear sufferer of this process is the space around him, which he subordinates to his own domination and needs at the cost of constant conquest. We desire more, better, bigger, more lovable, and in doing so we devour our space, our time, our life.<\/p><p>Production support:<\/p><p>Central Europe Dance Theatre Association, Central Europe Dance Theatre Foundation, Bethlen T\u00e9ri Theatre, Ministry of Human Resources, Budapest City Government, 7th district, Erzs\u00e9betv\u00e1ros Municipality.<\/p><p><strong>The performance is part of the Imre Zolt\u00e1n Programme.<\/strong><\/p><\/div><\/div>\t\t\t\t\t\t\t\t<\/div>\n\t\t\t\t<\/div>\n\t\t\t\t\t<\/div>\n\t\t<\/div>\n\t\t\t\t\t<\/div>\n\t\t<\/section>\n\t\t\t\t<div class=\"elementor-element elementor-element-54614e7e elementor-widget elementor-widget-heading\" data-id=\"54614e7e\" data-element_type=\"widget\" data-widget_type=\"heading.default\">\n\t\t\t\t<div class=\"elementor-widget-container\">\n\t\t\t\t\t<h2 class=\"elementor-heading-title elementor-size-default\">creators<\/h2>\t\t\t\t<\/div>\n\t\t\t\t<\/div>\n\t\t\t\t<div class=\"elementor-element elementor-element-41e5cb5f elementor-widget-divider--view-line elementor-widget elementor-widget-divider\" data-id=\"41e5cb5f\" data-element_type=\"widget\" data-widget_type=\"divider.default\">\n\t\t\t\t<div class=\"elementor-widget-container\">\n\t\t\t\t\t\t\t<div class=\"elementor-divider\">\n\t\t\t<span class=\"elementor-divider-separator\">\n\t\t\t\t\t\t<\/span>\n\t\t<\/div>\n\t\t\t\t\t\t<\/div>\n\t\t\t\t<\/div>\n\t\t\t\t<div class=\"elementor-element elementor-element-49529114 elementor-widget elementor-widget-text-editor\" data-id=\"49529114\" data-element_type=\"widget\" data-widget_type=\"text-editor.default\">\n\t\t\t\t<div class=\"elementor-widget-container\">\n\t\t\t\t\t\t\t\t\t<div class=\"show-actors\"><div id=\"nested-actors\"><div class=\"show-actors\"><div id=\"nested-actors\"><div class=\"show-actors\"><div id=\"nested-actors\"><div><div><h3>Dance artists<\/h3><ul><li>Kriszti\u00e1n Barna<\/li><li>D\u00e1vid Dab\u00f3czi<\/li><li>R\u00e9ka Gyevn\u00e1r<\/li><li>L\u00e9na Horv\u00e1th<\/li><li>G\u00e1bor Kindl<\/li><li>Edmon of Kisbakonyi<\/li><li>Mohai Cintia<\/li><li>Sinka L\u00eddia<\/li><\/ul><\/div><div><h3>Choreographer<\/h3><ul><li>L\u00e1szl\u00f3 M\u00e1di<\/li><\/ul><\/div><div><h3>Mentor<\/h3><ul><li>Csaba Sz\u00f6gi<\/li><\/ul><\/div><div><h3>Light<\/h3><ul><li>Zolt\u00e1n Fogarasi<\/li><\/ul><\/div><div><h3>Music<\/h3><ul><li>madla<\/li><\/ul><\/div><div><h3>Set, costume<\/h3><ul><li>M\u00f3ni B\u00e9res<\/li><\/ul><\/div><div><h3>Video from<\/h3><ul><li>Zs\u00f3fia Sz\u00e9ki<\/li><\/ul><\/div><\/div><\/div><\/div><\/div><\/div><\/div><\/div>\t\t\t\t\t\t\t\t<\/div>\n\t\t\t\t<\/div>\n\t\t\t\t<div class=\"elementor-element elementor-element-62d2efd1 elementor-widget elementor-widget-heading\" data-id=\"62d2efd1\" data-element_type=\"widget\" data-widget_type=\"heading.default\">\n\t\t\t\t<div class=\"elementor-widget-container\">\n\t\t\t\t\t<h2 class=\"elementor-heading-title elementor-size-default\">Square wall<\/h2>\t\t\t\t<\/div>\n\t\t\t\t<\/div>\n\t\t\t\t<div class=\"elementor-element elementor-element-ef39950 elementor-widget elementor-widget-gallery\" data-id=\"ef39950\" data-element_type=\"widget\" data-settings=\"{&quot;columns&quot;:3,&quot;lazyload&quot;:&quot;yes&quot;,&quot;gallery_layout&quot;:&quot;grid&quot;,&quot;columns_tablet&quot;:2,&quot;columns_mobile&quot;:1,&quot;gap&quot;:{&quot;unit&quot;:&quot;px&quot;,&quot;size&quot;:10,&quot;sizes&quot;:[]},&quot;gap_tablet&quot;:{&quot;unit&quot;:&quot;px&quot;,&quot;size&quot;:10,&quot;sizes&quot;:[]},&quot;gap_mobile&quot;:{&quot;unit&quot;:&quot;px&quot;,&quot;size&quot;:10,&quot;sizes&quot;:[]},&quot;link_to&quot;:&quot;file&quot;,&quot;aspect_ratio&quot;:&quot;3:2&quot;,&quot;overlay_background&quot;:&quot;yes&quot;,&quot;content_hover_animation&quot;:&quot;fade-in&quot;}\" data-widget_type=\"gallery.default\">\n\t\t\t\t<div class=\"elementor-widget-container\">\n\t\t\t\t\t\t\t<div class=\"elementor-gallery__container\">\n\t\t\t\t\t\t\t<a class=\"e-gallery-item elementor-gallery-item elementor-animated-content\" href=\"https:\/\/cedthu.rwpstaging.site\/wp-content\/uploads\/2019\/01\/terf_595.jpg\" data-elementor-open-lightbox=\"yes\" data-elementor-lightbox-slideshow=\"ef39950\" data-elementor-lightbox-title=\"terf_595\" data-e-action-hash=\"#elementor-action%3Aaction%3Dlightbox%26settings%3DeyJpZCI6MTAyMTksInVybCI6Imh0dHBzOlwvXC9jZWR0aHUucndwc3RhZ2luZy5zaXRlXC93cC1jb250ZW50XC91cGxvYWRzXC8yMDE5XC8wMVwvdGVyZl81OTUuanBnIiwic2xpZGVzaG93IjoiZWYzOTk1MCJ9\">\n\t\t\t\t\t<div class=\"e-gallery-image elementor-gallery-item__image\" data-thumbnail=\"https:\/\/cedthu.rwpstaging.site\/wp-content\/uploads\/2019\/01\/terf_595-300x200.jpg\" data-width=\"300\" data-height=\"200\" aria-label=\"\" role=\"img\" ><\/div>\n\t\t\t\t\t\t\t\t\t\t\t<div class=\"elementor-gallery-item__overlay\"><\/div>\n\t\t\t\t\t\t\t\t\t\t\t\t\t\t<\/a>\n\t\t\t\t\t\t\t<a class=\"e-gallery-item elementor-gallery-item elementor-animated-content\" href=\"https:\/\/cedthu.rwpstaging.site\/wp-content\/uploads\/2019\/01\/terf_615.jpg\" data-elementor-open-lightbox=\"yes\" data-elementor-lightbox-slideshow=\"ef39950\" data-elementor-lightbox-title=\"terf_615\" data-e-action-hash=\"#elementor-action%3Aaction%3Dlightbox%26settings%3DeyJpZCI6MTAyMjEsInVybCI6Imh0dHBzOlwvXC9jZWR0aHUucndwc3RhZ2luZy5zaXRlXC93cC1jb250ZW50XC91cGxvYWRzXC8yMDE5XC8wMVwvdGVyZl82MTUuanBnIiwic2xpZGVzaG93IjoiZWYzOTk1MCJ9\">\n\t\t\t\t\t<div class=\"e-gallery-image elementor-gallery-item__image\" data-thumbnail=\"https:\/\/cedthu.rwpstaging.site\/wp-content\/uploads\/2019\/01\/terf_615-300x200.jpg\" data-width=\"300\" data-height=\"200\" aria-label=\"\" role=\"img\" ><\/div>\n\t\t\t\t\t\t\t\t\t\t\t<div class=\"elementor-gallery-item__overlay\"><\/div>\n\t\t\t\t\t\t\t\t\t\t\t\t\t\t<\/a>\n\t\t\t\t\t\t\t<a class=\"e-gallery-item elementor-gallery-item elementor-animated-content\" href=\"https:\/\/cedthu.rwpstaging.site\/wp-content\/uploads\/2019\/01\/terf_674.jpg\" data-elementor-open-lightbox=\"yes\" data-elementor-lightbox-slideshow=\"ef39950\" data-elementor-lightbox-title=\"terf_674\" data-e-action-hash=\"#elementor-action%3Aaction%3Dlightbox%26settings%3DeyJpZCI6MTAyMjMsInVybCI6Imh0dHBzOlwvXC9jZWR0aHUucndwc3RhZ2luZy5zaXRlXC93cC1jb250ZW50XC91cGxvYWRzXC8yMDE5XC8wMVwvdGVyZl82NzQuanBnIiwic2xpZGVzaG93IjoiZWYzOTk1MCJ9\">\n\t\t\t\t\t<div class=\"e-gallery-image elementor-gallery-item__image\" data-thumbnail=\"https:\/\/cedthu.rwpstaging.site\/wp-content\/uploads\/2019\/01\/terf_674-300x200.jpg\" data-width=\"300\" data-height=\"200\" aria-label=\"\" role=\"img\" ><\/div>\n\t\t\t\t\t\t\t\t\t\t\t<div class=\"elementor-gallery-item__overlay\"><\/div>\n\t\t\t\t\t\t\t\t\t\t\t\t\t\t<\/a>\n\t\t\t\t\t<\/div>\n\t\t\t\t\t<\/div>\n\t\t\t\t<\/div>\n\t\t\t\t<div class=\"elementor-element elementor-element-8a57dec elementor-widget elementor-widget-heading\" data-id=\"8a57dec\" data-element_type=\"widget\" data-widget_type=\"heading.default\">\n\t\t\t\t<div class=\"elementor-widget-container\">\n\t\t\t\t\t<h2 class=\"elementor-heading-title elementor-size-default\">L\u00c9PCS\u0150 - Central Europe Dance Theatre\n<\/h2>\t\t\t\t<\/div>\n\t\t\t\t<\/div>\n\t\t\t\t<div class=\"elementor-element elementor-element-4e9f7bab elementor-widget elementor-widget-video\" data-id=\"4e9f7bab\" data-element_type=\"widget\" data-settings=\"{&quot;video_type&quot;:&quot;vimeo&quot;}\" data-widget_type=\"video.default\">\n\t\t\t\t<div class=\"elementor-widget-container\">\n\t\t\t\t\t\t\t<div class=\"elementor-wrapper elementor-open-inline\">\n\t\t\t<iframe class=\"elementor-video-iframe\" allowfullscreen allow=\"clipboard-write\" title=\"vimeo vide\u00f3 lej\u00e1tsz\u00f3\" src=\"https:\/\/player.vimeo.com\/video\/359985502?color&amp;autopause=0&amp;loop=0&amp;muted=0&amp;title=1&amp;portrait=1&amp;byline=1#t=\"><\/iframe>\t\t<\/div>\n\t\t\t\t\t\t<\/div>\n\t\t\t\t<\/div>\n\t\t\t\t<div class=\"elementor-element elementor-element-869f79e elementor-widget elementor-widget-text-editor\" data-id=\"869f79e\" data-element_type=\"widget\" data-widget_type=\"text-editor.default\">\n\t\t\t\t<div class=\"elementor-widget-container\">\n\t\t\t\t\t\t\t\t\t<p><a href=\"https:\/\/vimeo.com\/359985502\">Space Eaters<\/a> from <a href=\"https:\/\/vimeo.com\/user100378903\">mad la<\/a> on <a href=\"https:\/\/vimeo.com\/\">Vimeo<\/a>.<\/p>\t\t\t\t\t\t\t\t<\/div>\n\t\t\t\t<\/div>\n\t\t\t\t<div class=\"elementor-element elementor-element-167f821e elementor-widget elementor-widget-heading\" data-id=\"167f821e\" data-element_type=\"widget\" data-widget_type=\"heading.default\">\n\t\t\t\t<div class=\"elementor-widget-container\">\n\t\t\t\t\t<h2 class=\"elementor-heading-title elementor-size-default\">Related Press Releases<\/h2>\t\t\t\t<\/div>\n\t\t\t\t<\/div>\n\t\t\t\t<div class=\"elementor-element elementor-element-9edfee7 elementor-widget-divider--view-line elementor-widget elementor-widget-divider\" data-id=\"9edfee7\" data-element_type=\"widget\" data-widget_type=\"divider.default\">\n\t\t\t\t<div class=\"elementor-widget-container\">\n\t\t\t\t\t\t\t<div class=\"elementor-divider\">\n\t\t\t<span class=\"elementor-divider-separator\">\n\t\t\t\t\t\t<\/span>\n\t\t<\/div>\n\t\t\t\t\t\t<\/div>\n\t\t\t\t<\/div>\n\t\t\t\t<div class=\"elementor-element elementor-element-7508bfd2 elementor-widget elementor-widget-text-editor\" data-id=\"7508bfd2\" data-element_type=\"widget\" data-widget_type=\"text-editor.default\">\n\t\t\t\t<div class=\"elementor-widget-container\">\n\t\t\t\t\t\t\t\t\t<div class=\"pressauthor\"><div class=\"pressauthor\"><div class=\"pressauthor\"><div class=\"pressauthor\"><div class=\"pressauthor\">Em\u0151ke S\u00e1rosi: <a href=\"http:\/\/www.tanckritika.hu\/kategoriak\/kritika\/1388-sarosi-emoke-tancutopiak\">Dance Utopias\u00a0<\/a>(T\u00e1nckritika.hu) <span style=\"font-family: -apple-system, BlinkMacSystemFont, 'Segoe UI', Roboto, 'Helvetica Neue', Arial, 'Noto Sans', sans-serif, 'Apple Color Emoji', 'Segoe UI Emoji', 'Segoe UI Symbol', 'Noto Color Emoji';\">&#8211; 02\/03\/2019<\/span><\/div><div class=\"presslead\"><p>The world of Madi is a small planet with a unique atmosphere, where the introspective contemplation of Buddhism and the professionalism of dynamic warriors are symbiotic. He works with a distinctive mood-setting, high-tech music that can be received at different levels. Yet the effect is powerful and expressive.<\/p><\/div><\/div><\/div><\/div><\/div>\t\t\t\t\t\t\t\t<\/div>\n\t\t\t\t<\/div>\n\t\t\t\t<div class=\"elementor-element elementor-element-4c420b32 elementor-widget elementor-widget-text-editor\" data-id=\"4c420b32\" data-element_type=\"widget\" data-widget_type=\"text-editor.default\">\n\t\t\t\t<div class=\"elementor-widget-container\">\n\t\t\t\t\t\t\t\t\t<div class=\"pressauthor\"><div class=\"pressauthor\"><div class=\"pressauthor\"><div class=\"pressauthor\">Zsuzsanna Komj\u00e1thy:\u00a0<a href=\"http:\/\/szinhaz.net\/2019\/04\/05\/komjathy-zsuzsanna-megis-milyen-az-ember\/\">What is a human being like?\u00a0 <\/a>(Theatre) <span style=\"font-family: -apple-system, BlinkMacSystemFont, 'Segoe UI', Roboto, 'Helvetica Neue', Arial, 'Noto Sans', sans-serif, 'Apple Color Emoji', 'Segoe UI Emoji', 'Segoe UI Symbol', 'Noto Color Emoji';\">&#8211; 05\/04\/2019<\/span><\/div><div class=\"presslead\"><p>The performers devour the space around them, while the space almost chokes them, and this two-way movement creates a dynamic of its own, but also transcends the stage and engulfs the audience.<\/p><\/div><\/div><\/div><\/div>\t\t\t\t\t\t\t\t<\/div>\n\t\t\t\t<\/div>\n\t\t\t\t<div class=\"elementor-element elementor-element-6c9cdcc elementor-widget elementor-widget-toggle\" data-id=\"6c9cdcc\" data-element_type=\"widget\" data-widget_type=\"toggle.default\">\n\t\t\t\t<div class=\"elementor-widget-container\">\n\t\t\t\t\t\t\t<div class=\"elementor-toggle\">\n\t\t\t\t\t\t\t<div class=\"elementor-toggle-item\">\n\t\t\t\t\t<div id=\"elementor-tab-title-1131\" class=\"elementor-tab-title\" data-tab=\"1\" role=\"button\" aria-controls=\"elementor-tab-content-1131\" aria-expanded=\"false\">\n\t\t\t\t\t\t\t\t\t\t\t\t<span class=\"elementor-toggle-icon elementor-toggle-icon-left\" aria-hidden=\"true\">\n\t\t\t\t\t\t\t\t\t\t\t\t\t\t\t<i class=\"elementor-toggle-icon-closed fa fa-caret-right\"><\/i>\n\t\t\t\t\t\t\t\t<i class=\"elementor-toggle-icon-opened fa fa-caret-up\"><\/i>\n\t\t\t\t\t\t\t\t\t\t\t\t\t<\/span>\n\t\t\t\t\t\t\t\t\t\t\t\t<a class=\"elementor-toggle-title\" tabindex=\"0\">View Rider<\/a>\n\t\t\t\t\t<\/div>\n\n\t\t\t\t\t<div id=\"elementor-tab-content-1131\" class=\"elementor-tab-content elementor-clearfix\" data-tab=\"1\" role=\"region\" aria-labelledby=\"elementor-tab-title-1131\"><p><strong>L\u00e1szl\u00f3 M\u00e1di - Square Wallers\u00a0<\/strong><\/p><p><em>Technical sheet\u00a0<\/em><br \/><strong>Stage<\/strong>:<\/p><p>Optimum 12m x 12m, of which 10m x 10m white ballet mat, white backing.<br \/>Minimum 8m x 8m white ballet carpet, white background.<\/p><p><strong>Decoration<\/strong>:<\/p><p>10m x 10m black shroud (back) - \"Playing on stage\"<\/p><p><strong>Light<\/strong>:<\/p><p>10 PAR64long CP61<br \/>20 pcs 1 KW PC with baffle<br \/>8 pcs 2 KW PC with baffles<br \/>4 horizon derailleurs<br \/>2 pcs profile ETC 25-50 750W<br \/>6 tripods<br \/>8 pcs. small foot<br \/>filters: LEE 106, 132, 139<br \/>Compulite Spark light controller.<\/p><p><strong>Hang<\/strong>:<\/p><p>Playback from laptop, front, monitor speakers, mixing console.<\/p><p>Technically adapted to the conditions of the site, after technical agreement.<\/p><p><strong>Number of passengers<\/strong>:<\/p><p>4 female dancers<br \/>2 male dancers<br \/>1 technician (light)<br \/>1 choreographer<\/p><p><strong>Local demand:<\/strong><\/p><p>2 lighting units (for construction)<br \/>1 sound system (also for performance)<\/p><p>Stage set-up and set-down: 4-6 hours<br \/>Stage length: 30 minutes<\/p><p>Duration: 40-45 minutes without intermission<\/p><p>Technical contact:<\/p><p>Zolt\u00e1n Fogarasi -\u00a0<a href=\"https:\/\/cedt.hu\/eloadasok\/terfalok\/fogarasi.zoltan@cedt.hu\">fogarasi.zoltan@cedt.hu<\/a>, +36 20 9782510<br \/>L\u00e1szl\u00f3 M\u00e1di -\u00a0<a href=\"https:\/\/cedt.hu\/eloadasok\/terfalok\/madi.laszlo@cedt.com\">madi.laszlo@cedt.com<\/a>, +36 70 395 4061<\/p><p>Central Europe Dance Theatre<br \/>Budapest, H-1071. Bethlen G\u00e1bor t\u00e9r 3.<br \/>Tel\/Fax: 36\/1\/342-7163 E-mail: cedt@cedt.hu.hu<br \/>www.cedt.hu<\/p><\/div>\n\t\t\t\t<\/div>\n\t\t\t\t\t\t\t\t<\/div>\n\t\t\t\t\t\t<\/div>\n\t\t\t\t<\/div>\n\t\t\t\t\t<\/div>\n\t\t<\/div>\n\t\t\t\t\t<\/div>\n\t\t<\/section>\n\t\t\t\t<\/div>","protected":false},"excerpt":{"rendered":"<p>Az ember \u00e9let\u00e9t, mint a bolyg\u00f3n \u00e9l\u0151 minden \u00e9letform\u00e1\u00e9t, a n\u00f6veked\u00e9s-gyarapod\u00e1s-fejl\u0151d\u00e9s ig\u00e9je hajtja. Ennek a folyamatnak egy\u00e9rtelm\u0171 elszenved\u0151je az \u0151t k\u00f6rbefog\u00f3 t\u00e9r, amelyet folyamatos h\u00f3d\u00edt\u00e1s \u00e1r\u00e1n saj\u00e1t uralma, sz\u00fcks\u00e9gei al\u00e1 rendel. T\u00f6bbet jobbat, nagyobbat, szerethet\u0151bbet v\u00e1gyunk, ezzel pedig ter\u00fcnket, id\u0151nket, \u00e9let\u00fcnket faljuk. Produkci\u00f3s t\u00e1mogat\u00f3: K\u00f6z\u00e9p-Eur\u00f3pa T\u00e1ncsz\u00ednh\u00e1z Egyes\u00fclet, K\u00f6z\u00e9p-Eur\u00f3pa T\u00e1ncsz\u00ednh\u00e1z Alap\u00edtv\u00e1ny, Bethlen T\u00e9ri Sz\u00ednh\u00e1z, Emberi Er\u0151forr\u00e1sok [&hellip;]<\/p>","protected":false},"author":1,"featured_media":0,"parent":0,"menu_order":0,"comment_status":"closed","ping_status":"closed","template":"elementor_header_footer","meta":{"footnotes":""},"class_list":["post-20039","page","type-page","status-publish","hentry"],"yoast_head":"<!-- This site is optimized with the Yoast SEO plugin v26.0 - https:\/\/yoast.com\/wordpress\/plugins\/seo\/ -->\n<title>T\u00e9rfal\u00f3k - KET<\/title>\n<meta name=\"robots\" content=\"index, follow, max-snippet:-1, max-image-preview:large, max-video-preview:-1\" \/>\n<link rel=\"canonical\" href=\"https:\/\/cedthu.rwpstaging.site\/en\/terfalok-3\/\" \/>\n<meta name=\"twitter:card\" content=\"summary_large_image\" \/>\n<meta name=\"twitter:title\" content=\"T\u00e9rfal\u00f3k - KET\" \/>\n<meta name=\"twitter:description\" content=\"Az ember \u00e9let\u00e9t, mint a bolyg\u00f3n \u00e9l\u0151 minden \u00e9letform\u00e1\u00e9t, a n\u00f6veked\u00e9s-gyarapod\u00e1s-fejl\u0151d\u00e9s ig\u00e9je hajtja. Ennek a folyamatnak egy\u00e9rtelm\u0171 elszenved\u0151je az \u0151t k\u00f6rbefog\u00f3 t\u00e9r, amelyet folyamatos h\u00f3d\u00edt\u00e1s \u00e1r\u00e1n saj\u00e1t uralma, sz\u00fcks\u00e9gei al\u00e1 rendel. T\u00f6bbet jobbat, nagyobbat, szerethet\u0151bbet v\u00e1gyunk, ezzel pedig ter\u00fcnket, id\u0151nket, \u00e9let\u00fcnket faljuk. Produkci\u00f3s t\u00e1mogat\u00f3: K\u00f6z\u00e9p-Eur\u00f3pa T\u00e1ncsz\u00ednh\u00e1z Egyes\u00fclet, K\u00f6z\u00e9p-Eur\u00f3pa T\u00e1ncsz\u00ednh\u00e1z Alap\u00edtv\u00e1ny, Bethlen T\u00e9ri Sz\u00ednh\u00e1z, Emberi Er\u0151forr\u00e1sok [&hellip;]\" \/>\n<meta name=\"twitter:label1\" content=\"Est. reading time\" \/>\n\t<meta name=\"twitter:data1\" content=\"3 minutes\" \/>\n<script type=\"application\/ld+json\" class=\"yoast-schema-graph\">{\"@context\":\"https:\/\/schema.org\",\"@graph\":[{\"@type\":\"WebPage\",\"@id\":\"https:\/\/cedthu.rwpstaging.site\/terfalok-3\/\",\"url\":\"https:\/\/cedthu.rwpstaging.site\/terfalok-3\/\",\"name\":\"T\u00e9rfal\u00f3k - KET\",\"isPartOf\":{\"@id\":\"https:\/\/cedthu.rwpstaging.site\/#website\"},\"datePublished\":\"2025-06-03T09:11:56+00:00\",\"dateModified\":\"2025-06-03T09:16:34+00:00\",\"breadcrumb\":{\"@id\":\"https:\/\/cedthu.rwpstaging.site\/terfalok-3\/#breadcrumb\"},\"inLanguage\":\"en-US\",\"potentialAction\":[{\"@type\":\"ReadAction\",\"target\":[\"https:\/\/cedthu.rwpstaging.site\/terfalok-3\/\"]}]},{\"@type\":\"BreadcrumbList\",\"@id\":\"https:\/\/cedthu.rwpstaging.site\/terfalok-3\/#breadcrumb\",\"itemListElement\":[{\"@type\":\"ListItem\",\"position\":1,\"name\":\"Home\",\"item\":\"https:\/\/cedthu.rwpstaging.site\/\"},{\"@type\":\"ListItem\",\"position\":2,\"name\":\"T\u00e9rfal\u00f3k\"}]},{\"@type\":\"WebSite\",\"@id\":\"https:\/\/cedthu.rwpstaging.site\/#website\",\"url\":\"https:\/\/cedthu.rwpstaging.site\/\",\"name\":\"KET\",\"description\":\"K\u00f6z\u00e9p-Eur\u00f3pa T\u00e1ncsz\u00ednh\u00e1z\",\"publisher\":{\"@id\":\"https:\/\/cedthu.rwpstaging.site\/#organization\"},\"potentialAction\":[{\"@type\":\"SearchAction\",\"target\":{\"@type\":\"EntryPoint\",\"urlTemplate\":\"https:\/\/cedthu.rwpstaging.site\/?s={search_term_string}\"},\"query-input\":{\"@type\":\"PropertyValueSpecification\",\"valueRequired\":true,\"valueName\":\"search_term_string\"}}],\"inLanguage\":\"en-US\"},{\"@type\":\"Organization\",\"@id\":\"https:\/\/cedthu.rwpstaging.site\/#organization\",\"name\":\"KET\",\"url\":\"https:\/\/cedthu.rwpstaging.site\/\",\"logo\":{\"@type\":\"ImageObject\",\"inLanguage\":\"en-US\",\"@id\":\"https:\/\/cedthu.rwpstaging.site\/#\/schema\/logo\/image\/\",\"url\":\"https:\/\/cedthu.rwpstaging.site\/wp-content\/uploads\/2024\/03\/cropped-KET-NYomda-logo2.png\",\"contentUrl\":\"https:\/\/cedthu.rwpstaging.site\/wp-content\/uploads\/2024\/03\/cropped-KET-NYomda-logo2.png\",\"width\":300,\"height\":326,\"caption\":\"KET\"},\"image\":{\"@id\":\"https:\/\/cedthu.rwpstaging.site\/#\/schema\/logo\/image\/\"}}]}<\/script>\n<!-- \/ Yoast SEO plugin. -->","yoast_head_json":{"title":"T\u00e9rfal\u00f3k - KET","robots":{"index":"index","follow":"follow","max-snippet":"max-snippet:-1","max-image-preview":"max-image-preview:large","max-video-preview":"max-video-preview:-1"},"canonical":"https:\/\/cedthu.rwpstaging.site\/en\/terfalok-3\/","twitter_card":"summary_large_image","twitter_title":"T\u00e9rfal\u00f3k - KET","twitter_description":"Az ember \u00e9let\u00e9t, mint a bolyg\u00f3n \u00e9l\u0151 minden \u00e9letform\u00e1\u00e9t, a n\u00f6veked\u00e9s-gyarapod\u00e1s-fejl\u0151d\u00e9s ig\u00e9je hajtja. Ennek a folyamatnak egy\u00e9rtelm\u0171 elszenved\u0151je az \u0151t k\u00f6rbefog\u00f3 t\u00e9r, amelyet folyamatos h\u00f3d\u00edt\u00e1s \u00e1r\u00e1n saj\u00e1t uralma, sz\u00fcks\u00e9gei al\u00e1 rendel. T\u00f6bbet jobbat, nagyobbat, szerethet\u0151bbet v\u00e1gyunk, ezzel pedig ter\u00fcnket, id\u0151nket, \u00e9let\u00fcnket faljuk. Produkci\u00f3s t\u00e1mogat\u00f3: K\u00f6z\u00e9p-Eur\u00f3pa T\u00e1ncsz\u00ednh\u00e1z Egyes\u00fclet, K\u00f6z\u00e9p-Eur\u00f3pa T\u00e1ncsz\u00ednh\u00e1z Alap\u00edtv\u00e1ny, Bethlen T\u00e9ri Sz\u00ednh\u00e1z, Emberi Er\u0151forr\u00e1sok [&hellip;]","twitter_misc":{"Est. reading time":"3 minutes"},"schema":{"@context":"https:\/\/schema.org","@graph":[{"@type":"WebPage","@id":"https:\/\/cedthu.rwpstaging.site\/terfalok-3\/","url":"https:\/\/cedthu.rwpstaging.site\/terfalok-3\/","name":"T\u00e9rfal\u00f3k - KET","isPartOf":{"@id":"https:\/\/cedthu.rwpstaging.site\/#website"},"datePublished":"2025-06-03T09:11:56+00:00","dateModified":"2025-06-03T09:16:34+00:00","breadcrumb":{"@id":"https:\/\/cedthu.rwpstaging.site\/terfalok-3\/#breadcrumb"},"inLanguage":"en-US","potentialAction":[{"@type":"ReadAction","target":["https:\/\/cedthu.rwpstaging.site\/terfalok-3\/"]}]},{"@type":"BreadcrumbList","@id":"https:\/\/cedthu.rwpstaging.site\/terfalok-3\/#breadcrumb","itemListElement":[{"@type":"ListItem","position":1,"name":"Home","item":"https:\/\/cedthu.rwpstaging.site\/"},{"@type":"ListItem","position":2,"name":"T\u00e9rfal\u00f3k"}]},{"@type":"WebSite","@id":"https:\/\/cedthu.rwpstaging.site\/#website","url":"https:\/\/cedthu.rwpstaging.site\/","name":"KET","description":"Central Europe Dance Theatre","publisher":{"@id":"https:\/\/cedthu.rwpstaging.site\/#organization"},"potentialAction":[{"@type":"SearchAction","target":{"@type":"EntryPoint","urlTemplate":"https:\/\/cedthu.rwpstaging.site\/?s={search_term_string}"},"query-input":{"@type":"PropertyValueSpecification","valueRequired":true,"valueName":"search_term_string"}}],"inLanguage":"en-US"},{"@type":"Organization","@id":"https:\/\/cedthu.rwpstaging.site\/#organization","name":"KET","url":"https:\/\/cedthu.rwpstaging.site\/","logo":{"@type":"ImageObject","inLanguage":"en-US","@id":"https:\/\/cedthu.rwpstaging.site\/#\/schema\/logo\/image\/","url":"https:\/\/cedthu.rwpstaging.site\/wp-content\/uploads\/2024\/03\/cropped-KET-NYomda-logo2.png","contentUrl":"https:\/\/cedthu.rwpstaging.site\/wp-content\/uploads\/2024\/03\/cropped-KET-NYomda-logo2.png","width":300,"height":326,"caption":"KET"},"image":{"@id":"https:\/\/cedthu.rwpstaging.site\/#\/schema\/logo\/image\/"}}]}},"_links":{"self":[{"href":"https:\/\/cedthu.rwpstaging.site\/en\/wp-json\/wp\/v2\/pages\/20039","targetHints":{"allow":["GET"]}}],"collection":[{"href":"https:\/\/cedthu.rwpstaging.site\/en\/wp-json\/wp\/v2\/pages"}],"about":[{"href":"https:\/\/cedthu.rwpstaging.site\/en\/wp-json\/wp\/v2\/types\/page"}],"author":[{"embeddable":true,"href":"https:\/\/cedthu.rwpstaging.site\/en\/wp-json\/wp\/v2\/users\/1"}],"replies":[{"embeddable":true,"href":"https:\/\/cedthu.rwpstaging.site\/en\/wp-json\/wp\/v2\/comments?post=20039"}],"version-history":[{"count":5,"href":"https:\/\/cedthu.rwpstaging.site\/en\/wp-json\/wp\/v2\/pages\/20039\/revisions"}],"predecessor-version":[{"id":20067,"href":"https:\/\/cedthu.rwpstaging.site\/en\/wp-json\/wp\/v2\/pages\/20039\/revisions\/20067"}],"wp:attachment":[{"href":"https:\/\/cedthu.rwpstaging.site\/en\/wp-json\/wp\/v2\/media?parent=20039"}],"curies":[{"name":"wp","href":"https:\/\/api.w.org\/{rel}","templated":true}]}}